{"id":36,"date":"2015-10-29T12:50:45","date_gmt":"2015-10-29T12:50:45","guid":{"rendered":"https:\/\/ueflibraryfor.wordpress.com\/?page_id=36"},"modified":"2024-05-17T15:04:53","modified_gmt":"2024-05-17T12:04:53","slug":"julkaisutyypit","status":"publish","type":"page","link":"https:\/\/blogs.uef.fi\/tiedonhaku-metsatiede\/tieteelliset-julkaisut\/julkaisutyypit\/","title":{"rendered":"Julkaisutyypit"},"content":{"rendered":"\n<p>Yleisin tapa julkaista tutkimustietoja on <strong>artikkeli tieteellisess\u00e4 lehdess\u00e4<\/strong>. My\u00f6s <strong>kirjat, sarjat ja konferenssijulkaisut<\/strong> ovat keskeisi\u00e4 julkaisukanavia.<\/p>\n\n\n\n<figure class=\"wp-block-image size-large\"><img loading=\"lazy\" decoding=\"async\" width=\"1024\" height=\"438\" src=\"https:\/\/blogs.uef.fi\/tiedonhaku-metsatiede\/wp-content\/uploads\/sites\/47\/2021\/06\/julkaisutyypit-1024x438.png\" alt=\"Kaaviokuva, jossa esitetty julkaisutyyppej\u00e4 ja niiden sis\u00e4lt\u00f6j\u00e4. Journal-julkaisun alla lueteltu Alkuper\u00e4is-\/tutkimusartikkeli, katsausartikkeli, muut artikkelit. Kirjan alla lueteltu kirja, artikkelikokoelma. Sarjajulkaisun alla lueteltu kirja, artikkelikokoelma. Konferenssijulkaisun alla lueteltu esitelm\u00e4, posteri.\" class=\"wp-image-1938\" srcset=\"https:\/\/blogs.uef.fi\/tiedonhaku-metsatiede\/wp-content\/uploads\/sites\/47\/2021\/06\/julkaisutyypit-1024x438.png 1024w, https:\/\/blogs.uef.fi\/tiedonhaku-metsatiede\/wp-content\/uploads\/sites\/47\/2021\/06\/julkaisutyypit-300x128.png 300w, https:\/\/blogs.uef.fi\/tiedonhaku-metsatiede\/wp-content\/uploads\/sites\/47\/2021\/06\/julkaisutyypit-768x328.png 768w, https:\/\/blogs.uef.fi\/tiedonhaku-metsatiede\/wp-content\/uploads\/sites\/47\/2021\/06\/julkaisutyypit.png 1149w\" sizes=\"auto, (max-width: 1024px) 100vw, 1024px\" \/><\/figure>\n\n\n\n<p><\/p>\n\n\n\n<h2 class=\"wp-block-heading\">Artikkelit raportoivat uusia tutkimustuloksia<\/h2>\n\n\n\n<p><strong>Tieteellisen lehden (journal)<\/strong> sis\u00e4lt\u00f6 jakautuu yksitt\u00e4isiin artikkeleihin. Artikkeleita on kahta p\u00e4\u00e4tyyppi\u00e4: alkuper\u00e4isartikkeleita ja katsaus- eli review-artikkeleita.<br><br>Varsinaisten<strong> tutkimusartikkelien<\/strong> lis\u00e4ksi tieteelliset lehdet voivat sis\u00e4lt\u00e4\u00e4 my\u00f6s erilaisia <strong>katsauksia, uutisia, kirjeit\u00e4 ja keskustelua.<\/strong><br><br>Arkikieless\u00e4 tieteellisi\u00e4 lehti\u00e4 kutsutaan usein sarjoiksi, mik\u00e4 voi aiheuttaa sekaannuksia (ks. alla sarjajulkaisuista). Jotkut tutkijat puhuvat my\u00f6s \u2019journaaleista\u2019.<\/p>\n\n\n\n<figure class=\"wp-block-image size-full is-resized\"><img loading=\"lazy\" decoding=\"async\" width=\"448\" height=\"592\" src=\"https:\/\/blogs.uef.fi\/tiedonhaku-metsatiede\/wp-content\/uploads\/sites\/47\/2015\/10\/lehti-cjfr.jpg\" alt=\"Lehden kansi. Kuvassa mets\u00e4\u00e4, jossa kaatuneita puita. Lehden nimi Canadian journla of forest research ja osan numero kuvan p\u00e4\u00e4ll\u00e4.\" class=\"wp-image-37\" style=\"width:auto;height:300px\" srcset=\"https:\/\/blogs.uef.fi\/tiedonhaku-metsatiede\/wp-content\/uploads\/sites\/47\/2015\/10\/lehti-cjfr.jpg 448w, https:\/\/blogs.uef.fi\/tiedonhaku-metsatiede\/wp-content\/uploads\/sites\/47\/2015\/10\/lehti-cjfr-227x300.jpg 227w\" sizes=\"auto, (max-width: 448px) 100vw, 448px\" \/><figcaption class=\"wp-element-caption\"><em>Tieteellinen mets\u00e4alan lehti<\/em><\/figcaption><\/figure>\n\n\n\n<h3 class=\"wp-block-heading\">Alkuper\u00e4isartikkeli<\/h3>\n\n\n\n<p>Alkuper\u00e4isartikkeli (original\/research article\/paper) sis\u00e4lt\u00e4\u00e4 joko t\u00e4ysin uusia tutkimustuloksia tai vanhojen tulosten uutta tulkintaa.<\/p>\n\n\n\n<p>Alkuper\u00e4isartikkeli on lyhyehk\u00f6, keskim\u00e4\u00e4rin 7-10 sivun mittainen esitys jostain kyseisen lehden tieteenalaan liittyv\u00e4st\u00e4 selke\u00e4sti rajatusta ongelmasta. Pelk\u00e4st\u00e4\u00e4n alkuper\u00e4isartikkeleita lukemalla on hankalaa saada yleisk\u00e4sityst\u00e4 laajemmista aiheista ja tiet\u00e4myksen tasosta tieteenalalla.<\/p>\n\n\n\n<h3 class=\"wp-block-heading\">Katsausartikkeli<\/h3>\n\n\n\n<p>Katsausartikkelit (review article) kokoavat yhteen aikaisempien tutkimusten tuloksia.<\/p>\n\n\n\n<p>Katsausartikkeleita laativat tieteenalojen kokeneet asiantuntijat. Katsausartikkelia varten k\u00e4yd\u00e4\u00e4n l\u00e4pi kaikki t\u00e4rkeimm\u00e4t kyseiseen aiheeseen liittyv\u00e4t alkuper\u00e4isartikkelit.  Katsaukset ovat yleens\u00e4 pitki\u00e4, kymmenien sivujen mittaisia, ja niiss\u00e4 on kattavat l\u00e4hdeluettelot.<\/p>\n\n\n\n<p>Katsausartikkeleita julkaistaan sek\u00e4 tavanomaisissa tieteellisiss\u00e4 lehdiss\u00e4 ett\u00e4 erityisiss\u00e4 katsaussarjoissa. <a href=\"https:\/\/primo.uef.fi\/permalink\/358FIN_UOEF\/10iob6c\/alma9911697903705966\" target=\"_blank\" rel=\"noopener noreferrer\">Annual Reviews<\/a> on yksi tunnetuimmista katsaussarjoista (linkki aukeaa uuteen ikkunaan).<\/p>\n\n\n\n<p><strong>Mets\u00e4ntutkija<\/strong> voi hakea my\u00f6s mets\u00e4alan ulkopuolisia lehti\u00e4 julkaisukanavikseen. Koska tieteenala on luonteeltaan soveltava tiede, esiintyy mets\u00e4aiheisia tutkimuksia vaikkapa ekologian, aluesuunnittelun tai geoinformatiikan lehdiss\u00e4.<\/p>\n\n\n\n<h2 class=\"wp-block-heading\">Kirjat kertovat aiheestaan laajasti<\/h2>\n\n\n\n<p>Kirja eli monografia kirjoitetaan yleens\u00e4 siin\u00e4 vaiheessa, kun tiet\u00e4mys aiheesta on yleisesti hyv\u00e4ksytty\u00e4 ja vakiintunutta. Kirjan julkaiseminen vie aikaa, ja kirjatiedoilta yleens\u00e4 my\u00f6s odotetaan tietty\u00e4 pysyvyytt\u00e4.<\/p>\n\n\n\n<p>Kirja esittelee ilmi\u00f6n taustat ja antaa kokonaiskuvan aiheesta.<\/p>\n\n\n\n<figure class=\"wp-block-image size-full is-resized\"><img loading=\"lazy\" decoding=\"async\" width=\"515\" height=\"790\" src=\"https:\/\/blogs.uef.fi\/tiedonhaku-metsatiede\/wp-content\/uploads\/sites\/47\/2015\/10\/kirjat.jpg\" alt=\"Continuous cover forestry -kirjan kansikuva. Vihre\u00e4s\u00e4vyinen kuva mets\u00e4st\u00e4, etualalla loikoilee kaksi hirve\u00e4. Kirjan nimi, tekij\u00e4 ja julkaisija.\" class=\"wp-image-40\" style=\"width:auto;height:300px\" srcset=\"https:\/\/blogs.uef.fi\/tiedonhaku-metsatiede\/wp-content\/uploads\/sites\/47\/2015\/10\/kirjat.jpg 515w, https:\/\/blogs.uef.fi\/tiedonhaku-metsatiede\/wp-content\/uploads\/sites\/47\/2015\/10\/kirjat-196x300.jpg 196w\" sizes=\"auto, (max-width: 515px) 100vw, 515px\" \/><figcaption class=\"wp-element-caption\"><em>T\u00e4m\u00e4 kirja on saatavilla sek\u00e4 verkossa ett\u00e4 painettuna kirjastosta.<\/em><\/figcaption><\/figure>\n\n\n\n<h3 class=\"wp-block-heading\">Kokoomateos<\/h3>\n\n\n\n<p>Kokoomateoksella tarkoitetaan kirjaa, joka on <strong>toimitettu (edited)<\/strong> useamman kirjoittajan erillisist\u00e4 artikkeleista. Toimittaja (editor) voi olla my\u00f6s jonkin artikkelin kirjoittaja (author), mutta v\u00e4ltt\u00e4m\u00e4t\u00f6nt\u00e4 t\u00e4m\u00e4 ei ole.<\/p>\n\n\n\n<h2 class=\"wp-block-heading\">Sarjat kertovat tietyss\u00e4 organisaatiossa tehdyst\u00e4 tutkimuksesta<\/h2>\n\n\n\n<p>Julkaisusarjat ovat erityisesti tutkimuslaitosten ja muiden julkisorganisaatioiden tavallinen v\u00e4yl\u00e4 ty\u00f6n tulosten julkistamiseen ja siten t\u00e4rkeit\u00e4 tiedonl\u00e4hteit\u00e4.<br><br>Esimerkiksi v\u00e4it\u00f6skirjat julkaistaan Suomessa yliopistojen sarjoissa l\u00e4hes poikkeuksetta.<\/p>\n\n\n\n<figure class=\"wp-block-image size-full is-resized\"><img loading=\"lazy\" decoding=\"async\" width=\"472\" height=\"717\" src=\"https:\/\/blogs.uef.fi\/tiedonhaku-metsatiede\/wp-content\/uploads\/sites\/47\/2015\/10\/disfor.jpg\" alt=\"Dissertationes forestales -sarjaan kuuluvan julkaisun kansikuva. Turkoosilla pohjalla kuva syksyisest\u00e4 mets\u00e4st\u00e4. Sarjan nimi Dissertationes forestales, kirjan nimi ja tekij\u00e4.\" class=\"wp-image-38\" style=\"width:auto;height:300px\" srcset=\"https:\/\/blogs.uef.fi\/tiedonhaku-metsatiede\/wp-content\/uploads\/sites\/47\/2015\/10\/disfor.jpg 472w, https:\/\/blogs.uef.fi\/tiedonhaku-metsatiede\/wp-content\/uploads\/sites\/47\/2015\/10\/disfor-197x300.jpg 197w\" sizes=\"auto, (max-width: 472px) 100vw, 472px\" \/><figcaption class=\"wp-element-caption\"><em>Kotimaiset mets\u00e4tieteen v\u00e4it\u00f6skirjat ilmestyv\u00e4t yleens\u00e4 Dissrtationes Forestales -sarjassa.<\/em><\/figcaption><\/figure>\n\n\n\n<p>Sarjajulkaisu voi olla <strong>yksitt\u00e4inen kirja tai kokoomateos<\/strong>. Yleens\u00e4 sarjan eri osilla on omat teemansa tai aiheensa kirjan tapaan.<\/p>\n\n\n\n<p>Sarja ilmestyy tietyll\u00e4 nimell\u00e4 ja toistuvina osina kuten lehtikin. Sarjat ja lehdet ovatkin yhteiselt\u00e4 nimelt\u00e4\u00e4n kausijulkaisut. Sarjan osat eiv\u00e4t kuitenkaan v\u00e4ltt\u00e4m\u00e4tt\u00e4 ilmesty yht\u00e4 s\u00e4\u00e4nn\u00f6llisin v\u00e4lein kuin lehtien numerot. Sarjan osa ilmestyy, kun julkaisu on valmis. Osien m\u00e4\u00e4r\u00e4 per vuosi voi sekin vaihdella. Yleens\u00e4 eri osilla on omat teemansa tai aiheensa kirja.<\/p>\n\n\n\n<p>Kaikkein \u201dtieteellisimm\u00e4t\u201d uudet tulokset julkaistaan nykyisin mieluiten artikkelina vertaisarvioiduissa lehdiss\u00e4, mutta sarjajulkaisujen kautta v\u00e4litet\u00e4\u00e4n edelleenkin runsaasti <strong>raportti-, selvitys- ja casetyyppist\u00e4 tutkimustietoa.<\/strong> Sarjajulkaisu ei useinkaan ole vertaisarvioitu, mutta silti k\u00e4ytt\u00f6kelpoinen l\u00e4hde.<\/p>\n\n\n\n<p>Viime vuosina paljon sarjajulkaisuja on siirtynyt vain <strong>verkossa julkaistaviksi<\/strong>, mik\u00e4 on heikent\u00e4nyt niiden l\u00f6ytyvyytt\u00e4 esim. kirjastotietokannoista. Sarjoja l\u00f6yt\u00e4\u00e4 paremmin eri organisaatioiden omista verkkojulkaisuj\u00e4rjestelmist\u00e4. Hakukoneiden tuloksiin voi my\u00f6s tarttua sarjajulkaisuja.<\/p>\n\n\n\n<h2 class=\"wp-block-heading\">Konferenssijulkaisut ovat nopea tapa julkaista uusia asioita<\/h2>\n\n\n\n<p><strong>Uusia tutkimustuloksia<\/strong> esitell\u00e4\u00e4n aluksi tieteellisiss\u00e4 kokouksissa. Kokouksessa pidetyt <strong>esitelm\u00e4t<\/strong> tai niiden lyhennelm\u00e4t sek\u00e4 mahdollisesti <strong>posterit<\/strong> kootaan yleens\u00e4 kokousjulkaisun muotoon. T\u00e4m\u00e4 pyrit\u00e4\u00e4n tekem\u00e4\u00e4n mahdollisimman lyhyell\u00e4 viiveell\u00e4, usein jopa ennen kokouksen alkua.<\/p>\n\n\n\n<p>Kansainv\u00e4listen kokousten julkaisut tunnistaa usein siit\u00e4, ett\u00e4 niiden nimess\u00e4 esiintyy sana <strong>\u201c<em>proceedings&#8221;<\/em><\/strong>.<\/p>\n\n\n\n<figure class=\"wp-block-image size-full is-resized\"><img loading=\"lazy\" decoding=\"async\" width=\"289\" height=\"418\" src=\"https:\/\/blogs.uef.fi\/tiedonhaku-metsatiede\/wp-content\/uploads\/sites\/47\/2021\/05\/igarss2019.gif\" alt=\"International Geoscience and Remote Sensing Symposium -konferenssijulkaisun kansikuva. Punainen pohja, valkoinen teksti. Yl\u00e4osassa kuva kaupunkisiluetista ja organisaation logo.\" class=\"wp-image-1533\" style=\"width:auto;height:300px\" \/><figcaption class=\"wp-element-caption\"><em>IGARSS-konferenssijulkaisuissa ilmestyy usein metsien kaukokartoitusta k\u00e4sittelevi\u00e4 artikkeleita.<\/em><\/figcaption><\/figure>\n\n\n\n<h2 class=\"wp-block-heading\">Muita aineistotyyppej\u00e4<\/h2>\n\n\n\n<p>Muita aineistotyyppej\u00e4 ovat esimerkiksi patentit, standardit, tilastot, kartat, av-aineistot, data.<\/p>\n\n\n\n<p class=\"has-text-align-right\">Seuraava sivu: <a href=\"https:\/\/blogs.uef.fi\/tiedonhaku-metsatiede\/tieteelliset-julkaisut\/tieteelliset-julkaisut-eri-aloilla\/\">Tieteelliset julkaisut eri aloilla<\/a>.<\/p>\n","protected":false},"excerpt":{"rendered":"<p>Yleisin tapa julkaista tutkimustietoja on artikkeli tieteellisess\u00e4 lehdess\u00e4. My\u00f6s kirjat, sarjat ja konferenssijulkaisut ovat keskeisi\u00e4 julkaisukanavia. Artikkelit raportoivat uusia tutkimustuloksia Tieteellisen lehden (journal) sis\u00e4lt\u00f6 jakautuu yksitt\u00e4isiin artikkeleihin. Artikkeleita on kahta p\u00e4\u00e4tyyppi\u00e4: alkuper\u00e4isartikkeleita ja katsaus- eli review-artikkeleita. Varsinaisten tutkimusartikkelien lis\u00e4ksi tieteelliset lehdet voivat sis\u00e4lt\u00e4\u00e4 my\u00f6s erilaisia katsauksia, uutisia, kirjeit\u00e4 ja keskustelua. Arkikieless\u00e4 tieteellisi\u00e4 lehti\u00e4 kutsutaan usein [&hellip;]<\/p>\n","protected":false},"author":127,"featured_media":0,"parent":573,"menu_order":0,"comment_status":"closed","ping_status":"closed","template":"","meta":{"_acf_changed":false,"footnotes":""},"class_list":["post-36","page","type-page","status-publish","hentry"],"acf":[],"yoast_head":"<!-- This site is optimized with the Yoast SEO plugin v27.1.1 - https:\/\/yoast.com\/product\/yoast-seo-wordpress\/ -->\n<title>Julkaisutyypit - Mets\u00e4tieteen tiedonhaku \/ UEF KIRJASTO<\/title>\n<meta name=\"robots\" content=\"index, follow, max-snippet:-1, max-image-preview:large, max-video-preview:-1\" \/>\n<link rel=\"canonical\" href=\"https:\/\/blogs.uef.fi\/tiedonhaku-metsatiede\/tieteelliset-julkaisut\/julkaisutyypit\/\" \/>\n<meta property=\"og:locale\" content=\"fi_FI\" \/>\n<meta property=\"og:type\" content=\"article\" \/>\n<meta property=\"og:title\" content=\"Julkaisutyypit - Mets\u00e4tieteen tiedonhaku \/ UEF KIRJASTO\" \/>\n<meta property=\"og:description\" content=\"Yleisin tapa julkaista tutkimustietoja on artikkeli tieteellisess\u00e4 lehdess\u00e4. My\u00f6s kirjat, sarjat ja konferenssijulkaisut ovat keskeisi\u00e4 julkaisukanavia. Artikkelit raportoivat uusia tutkimustuloksia Tieteellisen lehden (journal) sis\u00e4lt\u00f6 jakautuu yksitt\u00e4isiin artikkeleihin. Artikkeleita on kahta p\u00e4\u00e4tyyppi\u00e4: alkuper\u00e4isartikkeleita ja katsaus- eli review-artikkeleita. Varsinaisten tutkimusartikkelien lis\u00e4ksi tieteelliset lehdet voivat sis\u00e4lt\u00e4\u00e4 my\u00f6s erilaisia katsauksia, uutisia, kirjeit\u00e4 ja keskustelua. Arkikieless\u00e4 tieteellisi\u00e4 lehti\u00e4 kutsutaan usein [&hellip;]\" \/>\n<meta property=\"og:url\" content=\"https:\/\/blogs.uef.fi\/tiedonhaku-metsatiede\/tieteelliset-julkaisut\/julkaisutyypit\/\" \/>\n<meta property=\"og:site_name\" content=\"Mets\u00e4tieteen tiedonhaku \/ UEF KIRJASTO\" \/>\n<meta property=\"article:modified_time\" content=\"2024-05-17T12:04:53+00:00\" \/>\n<meta property=\"og:image\" content=\"https:\/\/blogs.uef.fi\/tiedonhaku-metsatiede\/wp-content\/uploads\/sites\/47\/2021\/06\/julkaisutyypit-1024x438.png\" \/>\n<meta name=\"twitter:card\" content=\"summary_large_image\" \/>\n<meta name=\"twitter:label1\" content=\"Arvioitu lukuaika\" \/>\n\t<meta name=\"twitter:data1\" content=\"5 minuuttia\" \/>\n<script type=\"application\/ld+json\" class=\"yoast-schema-graph\">{\"@context\":\"https:\/\/schema.org\",\"@graph\":[{\"@type\":\"WebPage\",\"@id\":\"https:\/\/blogs.uef.fi\/tiedonhaku-metsatiede\/tieteelliset-julkaisut\/julkaisutyypit\/\",\"url\":\"https:\/\/blogs.uef.fi\/tiedonhaku-metsatiede\/tieteelliset-julkaisut\/julkaisutyypit\/\",\"name\":\"Julkaisutyypit - Mets\u00e4tieteen tiedonhaku \/ UEF KIRJASTO\",\"isPartOf\":{\"@id\":\"https:\/\/blogs.uef.fi\/tiedonhaku-metsatiede\/#website\"},\"primaryImageOfPage\":{\"@id\":\"https:\/\/blogs.uef.fi\/tiedonhaku-metsatiede\/tieteelliset-julkaisut\/julkaisutyypit\/#primaryimage\"},\"image\":{\"@id\":\"https:\/\/blogs.uef.fi\/tiedonhaku-metsatiede\/tieteelliset-julkaisut\/julkaisutyypit\/#primaryimage\"},\"thumbnailUrl\":\"https:\/\/blogs.uef.fi\/tiedonhaku-metsatiede\/wp-content\/uploads\/sites\/47\/2021\/06\/julkaisutyypit-1024x438.png\",\"datePublished\":\"2015-10-29T12:50:45+00:00\",\"dateModified\":\"2024-05-17T12:04:53+00:00\",\"breadcrumb\":{\"@id\":\"https:\/\/blogs.uef.fi\/tiedonhaku-metsatiede\/tieteelliset-julkaisut\/julkaisutyypit\/#breadcrumb\"},\"inLanguage\":\"fi\",\"potentialAction\":[{\"@type\":\"ReadAction\",\"target\":[\"https:\/\/blogs.uef.fi\/tiedonhaku-metsatiede\/tieteelliset-julkaisut\/julkaisutyypit\/\"]}]},{\"@type\":\"ImageObject\",\"inLanguage\":\"fi\",\"@id\":\"https:\/\/blogs.uef.fi\/tiedonhaku-metsatiede\/tieteelliset-julkaisut\/julkaisutyypit\/#primaryimage\",\"url\":\"https:\/\/blogs.uef.fi\/tiedonhaku-metsatiede\/wp-content\/uploads\/sites\/47\/2021\/06\/julkaisutyypit.png\",\"contentUrl\":\"https:\/\/blogs.uef.fi\/tiedonhaku-metsatiede\/wp-content\/uploads\/sites\/47\/2021\/06\/julkaisutyypit.png\",\"width\":1149,\"height\":491},{\"@type\":\"BreadcrumbList\",\"@id\":\"https:\/\/blogs.uef.fi\/tiedonhaku-metsatiede\/tieteelliset-julkaisut\/julkaisutyypit\/#breadcrumb\",\"itemListElement\":[{\"@type\":\"ListItem\",\"position\":1,\"name\":\"Home\",\"item\":\"https:\/\/blogs.uef.fi\/tiedonhaku-metsatiede\/\"},{\"@type\":\"ListItem\",\"position\":2,\"name\":\"Tieteelliset julkaisut\",\"item\":\"https:\/\/blogs.uef.fi\/tiedonhaku-metsatiede\/tieteelliset-julkaisut\/\"},{\"@type\":\"ListItem\",\"position\":3,\"name\":\"Julkaisutyypit\"}]},{\"@type\":\"WebSite\",\"@id\":\"https:\/\/blogs.uef.fi\/tiedonhaku-metsatiede\/#website\",\"url\":\"https:\/\/blogs.uef.fi\/tiedonhaku-metsatiede\/\",\"name\":\"Mets\u00e4tieteen tiedonhaku \/ UEF KIRJASTO\",\"description\":\"Mets\u00e4tieteen tiedonhaku on kattava oppimateriaali tiedonhakuun mets\u00e4tieteilij\u00f6ille. Se sis\u00e4lt\u00e4\u00e4 yleiset tiedonhaun tekniikat sek\u00e4 mets\u00e4tieteen tiedonl\u00e4hteet ohjeineen ja esimerkkeineen.\",\"potentialAction\":[{\"@type\":\"SearchAction\",\"target\":{\"@type\":\"EntryPoint\",\"urlTemplate\":\"https:\/\/blogs.uef.fi\/tiedonhaku-metsatiede\/?s={search_term_string}\"},\"query-input\":{\"@type\":\"PropertyValueSpecification\",\"valueRequired\":true,\"valueName\":\"search_term_string\"}}],\"inLanguage\":\"fi\"}]}<\/script>\n<!-- \/ Yoast SEO plugin. -->","yoast_head_json":{"title":"Julkaisutyypit - Mets\u00e4tieteen tiedonhaku \/ UEF KIRJASTO","robots":{"index":"index","follow":"follow","max-snippet":"max-snippet:-1","max-image-preview":"max-image-preview:large","max-video-preview":"max-video-preview:-1"},"canonical":"https:\/\/blogs.uef.fi\/tiedonhaku-metsatiede\/tieteelliset-julkaisut\/julkaisutyypit\/","og_locale":"fi_FI","og_type":"article","og_title":"Julkaisutyypit - Mets\u00e4tieteen tiedonhaku \/ UEF KIRJASTO","og_description":"Yleisin tapa julkaista tutkimustietoja on artikkeli tieteellisess\u00e4 lehdess\u00e4. My\u00f6s kirjat, sarjat ja konferenssijulkaisut ovat keskeisi\u00e4 julkaisukanavia. Artikkelit raportoivat uusia tutkimustuloksia Tieteellisen lehden (journal) sis\u00e4lt\u00f6 jakautuu yksitt\u00e4isiin artikkeleihin. Artikkeleita on kahta p\u00e4\u00e4tyyppi\u00e4: alkuper\u00e4isartikkeleita ja katsaus- eli review-artikkeleita. Varsinaisten tutkimusartikkelien lis\u00e4ksi tieteelliset lehdet voivat sis\u00e4lt\u00e4\u00e4 my\u00f6s erilaisia katsauksia, uutisia, kirjeit\u00e4 ja keskustelua. Arkikieless\u00e4 tieteellisi\u00e4 lehti\u00e4 kutsutaan usein [&hellip;]","og_url":"https:\/\/blogs.uef.fi\/tiedonhaku-metsatiede\/tieteelliset-julkaisut\/julkaisutyypit\/","og_site_name":"Mets\u00e4tieteen tiedonhaku \/ UEF KIRJASTO","article_modified_time":"2024-05-17T12:04:53+00:00","og_image":[{"url":"https:\/\/blogs.uef.fi\/tiedonhaku-metsatiede\/wp-content\/uploads\/sites\/47\/2021\/06\/julkaisutyypit-1024x438.png","type":"","width":"","height":""}],"twitter_card":"summary_large_image","twitter_misc":{"Arvioitu lukuaika":"5 minuuttia"},"schema":{"@context":"https:\/\/schema.org","@graph":[{"@type":"WebPage","@id":"https:\/\/blogs.uef.fi\/tiedonhaku-metsatiede\/tieteelliset-julkaisut\/julkaisutyypit\/","url":"https:\/\/blogs.uef.fi\/tiedonhaku-metsatiede\/tieteelliset-julkaisut\/julkaisutyypit\/","name":"Julkaisutyypit - Mets\u00e4tieteen tiedonhaku \/ UEF KIRJASTO","isPartOf":{"@id":"https:\/\/blogs.uef.fi\/tiedonhaku-metsatiede\/#website"},"primaryImageOfPage":{"@id":"https:\/\/blogs.uef.fi\/tiedonhaku-metsatiede\/tieteelliset-julkaisut\/julkaisutyypit\/#primaryimage"},"image":{"@id":"https:\/\/blogs.uef.fi\/tiedonhaku-metsatiede\/tieteelliset-julkaisut\/julkaisutyypit\/#primaryimage"},"thumbnailUrl":"https:\/\/blogs.uef.fi\/tiedonhaku-metsatiede\/wp-content\/uploads\/sites\/47\/2021\/06\/julkaisutyypit-1024x438.png","datePublished":"2015-10-29T12:50:45+00:00","dateModified":"2024-05-17T12:04:53+00:00","breadcrumb":{"@id":"https:\/\/blogs.uef.fi\/tiedonhaku-metsatiede\/tieteelliset-julkaisut\/julkaisutyypit\/#breadcrumb"},"inLanguage":"fi","potentialAction":[{"@type":"ReadAction","target":["https:\/\/blogs.uef.fi\/tiedonhaku-metsatiede\/tieteelliset-julkaisut\/julkaisutyypit\/"]}]},{"@type":"ImageObject","inLanguage":"fi","@id":"https:\/\/blogs.uef.fi\/tiedonhaku-metsatiede\/tieteelliset-julkaisut\/julkaisutyypit\/#primaryimage","url":"https:\/\/blogs.uef.fi\/tiedonhaku-metsatiede\/wp-content\/uploads\/sites\/47\/2021\/06\/julkaisutyypit.png","contentUrl":"https:\/\/blogs.uef.fi\/tiedonhaku-metsatiede\/wp-content\/uploads\/sites\/47\/2021\/06\/julkaisutyypit.png","width":1149,"height":491},{"@type":"BreadcrumbList","@id":"https:\/\/blogs.uef.fi\/tiedonhaku-metsatiede\/tieteelliset-julkaisut\/julkaisutyypit\/#breadcrumb","itemListElement":[{"@type":"ListItem","position":1,"name":"Home","item":"https:\/\/blogs.uef.fi\/tiedonhaku-metsatiede\/"},{"@type":"ListItem","position":2,"name":"Tieteelliset julkaisut","item":"https:\/\/blogs.uef.fi\/tiedonhaku-metsatiede\/tieteelliset-julkaisut\/"},{"@type":"ListItem","position":3,"name":"Julkaisutyypit"}]},{"@type":"WebSite","@id":"https:\/\/blogs.uef.fi\/tiedonhaku-metsatiede\/#website","url":"https:\/\/blogs.uef.fi\/tiedonhaku-metsatiede\/","name":"Mets\u00e4tieteen tiedonhaku \/ UEF KIRJASTO","description":"Mets\u00e4tieteen tiedonhaku on kattava oppimateriaali tiedonhakuun mets\u00e4tieteilij\u00f6ille. Se sis\u00e4lt\u00e4\u00e4 yleiset tiedonhaun tekniikat sek\u00e4 mets\u00e4tieteen tiedonl\u00e4hteet ohjeineen ja esimerkkeineen.","potentialAction":[{"@type":"SearchAction","target":{"@type":"EntryPoint","urlTemplate":"https:\/\/blogs.uef.fi\/tiedonhaku-metsatiede\/?s={search_term_string}"},"query-input":{"@type":"PropertyValueSpecification","valueRequired":true,"valueName":"search_term_string"}}],"inLanguage":"fi"}]}},"_links":{"self":[{"href":"https:\/\/blogs.uef.fi\/tiedonhaku-metsatiede\/wp-json\/wp\/v2\/pages\/36","targetHints":{"allow":["GET"]}}],"collection":[{"href":"https:\/\/blogs.uef.fi\/tiedonhaku-metsatiede\/wp-json\/wp\/v2\/pages"}],"about":[{"href":"https:\/\/blogs.uef.fi\/tiedonhaku-metsatiede\/wp-json\/wp\/v2\/types\/page"}],"author":[{"embeddable":true,"href":"https:\/\/blogs.uef.fi\/tiedonhaku-metsatiede\/wp-json\/wp\/v2\/users\/127"}],"replies":[{"embeddable":true,"href":"https:\/\/blogs.uef.fi\/tiedonhaku-metsatiede\/wp-json\/wp\/v2\/comments?post=36"}],"version-history":[{"count":2,"href":"https:\/\/blogs.uef.fi\/tiedonhaku-metsatiede\/wp-json\/wp\/v2\/pages\/36\/revisions"}],"predecessor-version":[{"id":3760,"href":"https:\/\/blogs.uef.fi\/tiedonhaku-metsatiede\/wp-json\/wp\/v2\/pages\/36\/revisions\/3760"}],"up":[{"embeddable":true,"href":"https:\/\/blogs.uef.fi\/tiedonhaku-metsatiede\/wp-json\/wp\/v2\/pages\/573"}],"wp:attachment":[{"href":"https:\/\/blogs.uef.fi\/tiedonhaku-metsatiede\/wp-json\/wp\/v2\/media?parent=36"}],"curies":[{"name":"wp","href":"https:\/\/api.w.org\/{rel}","templated":true}]}}