{"id":171,"date":"2015-11-03T11:16:09","date_gmt":"2015-11-03T11:16:09","guid":{"rendered":"https:\/\/ueflibraryfor.wordpress.com\/?page_id=171"},"modified":"2026-03-06T10:08:29","modified_gmt":"2026-03-06T08:08:29","slug":"saatavuus","status":"publish","type":"page","link":"https:\/\/blogs.uef.fi\/tiedonhaku-metsatiede\/hakutulokset\/saatavuus\/","title":{"rendered":"Saatavuus"},"content":{"rendered":"\n<p>L\u00e4hes kaikki julkaisut ovat saatavilla tavalla toisella. Kaikki eiv\u00e4t kuitenkaan l\u00f6ydy netist\u00e4 ja joskus julkaisun saamisesta pit\u00e4\u00e4 maksaa.<\/p>\n\n\n\n<h2 class=\"wp-block-heading\">J\u00e4ljit\u00e4 artikkelia tai kirjaa suoraan verkosta<\/h2>\n\n\n\n<p>Tietokannassa voi n\u00e4ky\u00e4 suoria linkkeja tai apuv\u00e4lineit\u00e4 julkaisun aukaisemiseksi:<\/p>\n\n\n\n<ul class=\"wp-block-list\">\n<li><strong>Full Text tai PDF tai HTML -linkki<\/strong> tietueessa, aukaisee artikkelin suoraan<\/li>\n\n\n\n<li><strong>Find It -kuvake<\/strong>, joka selvitt\u00e4\u00e4 onko k\u00e4ytt\u00f6oikeutta verkkoversioon &#8211; aina sit\u00e4 ei ole!<\/li>\n<\/ul>\n\n\n\n<figure class=\"wp-block-image size-full\"><img loading=\"lazy\" decoding=\"async\" width=\"425\" height=\"257\" src=\"https:\/\/blogs.uef.fi\/tiedonhaku-metsatiede\/wp-content\/uploads\/sites\/47\/2020\/10\/MET_Findit_linkki.jpg\" alt=\"Kuvakaappaus tietokantaviitteest\u00e4. N\u00e4kyvill\u00e4 artikkelin otsikko, tekij\u00e4t ja julkaisutiedot. Vasemmalla n\u00e4iden alla pieni kuvake, jossa v\u00e4rik\u00e4s py\u00f6ryl\u00e4 ja teksti: Find it.\" class=\"wp-image-1260\" srcset=\"https:\/\/blogs.uef.fi\/tiedonhaku-metsatiede\/wp-content\/uploads\/sites\/47\/2020\/10\/MET_Findit_linkki.jpg 425w, https:\/\/blogs.uef.fi\/tiedonhaku-metsatiede\/wp-content\/uploads\/sites\/47\/2020\/10\/MET_Findit_linkki-300x181.jpg 300w\" sizes=\"auto, (max-width: 425px) 100vw, 425px\" \/><\/figure>\n\n\n\n<ul class=\"wp-block-list\">\n<li>Googlaa tietueessa n\u00e4kyv\u00e4ll\u00e4 <strong>DOI-osoitteella<\/strong>, tai jos sit\u00e4 ei ole, <strong>artikkelin nimell\u00e4<\/strong><span style=\"color: #000000\"><br><\/span><\/li>\n<\/ul>\n\n\n\n<figure class=\"wp-block-image size-full is-resized\"><img loading=\"lazy\" decoding=\"async\" width=\"676\" height=\"330\" src=\"https:\/\/blogs.uef.fi\/tiedonhaku-metsatiede\/wp-content\/uploads\/sites\/47\/2020\/10\/MET_Doi.jpg\" alt=\"Kuvakaappaus tietokantaviitteest\u00e4. N\u00e4kyvill\u00e4 artikkelin otsikko, tekij\u00e4t ja julkaisutiedot. Korostettuna rivi, jossa lukee httsp:\/\/doi.org.10.1080\/1523908X.2020.1721273.\" class=\"wp-image-1263\" srcset=\"https:\/\/blogs.uef.fi\/tiedonhaku-metsatiede\/wp-content\/uploads\/sites\/47\/2020\/10\/MET_Doi.jpg 676w, https:\/\/blogs.uef.fi\/tiedonhaku-metsatiede\/wp-content\/uploads\/sites\/47\/2020\/10\/MET_Doi-300x146.jpg 300w\" sizes=\"auto, (max-width: 676px) 100vw, 676px\" \/><\/figure>\n\n\n\n<p class=\"has-text-align-left\">DOI Digital Object Identifier) on verkossa olevan dokumentin (artikkeli, kuva, video jne.) pysyv\u00e4 tunnistenumero. DOI viittaa tiettyyn dokumenttiin sen verkko-osoitteesta riippumatta, ts. sivuston osoite voi muuttua, mutta DOI:n avulla itse dokumentti l\u00f6ytyy aina. DOI-linkki toimii hyvin, kun ollaan yliopiston verkossa.<\/p>\n\n\n\n<p class=\"has-text-align-left\">Vinkki: DOI-linkki kannattaa liitt\u00e4\u00e4 julkaisun l\u00e4hdeluetteloon verkko-osoitteen sijasta.<\/p>\n\n\n\n<div class=\"links-block\">\n\n    \n    <ul class=\"link-list\">\n        \n            \n            <li class=\"link-list-item\">\n                <a href=\"https:\/\/uef.cloud.panopto.eu\/Panopto\/Pages\/Viewer.aspx?id=106ba340-b46b-4c00-aa23-b09700a56af5\" class=\"link-reset link hover-scale-down\">\n                    <svg\n        width=\"43\" height=\"25\"\n        viewBox=\"0 0 43 25\"\n        xmlns=\"http:\/\/www.w3.org\/2000\/svg\">\n    <path\n        d=\"M30.027 0 43 12.5 30.027 25 27 22.083 34.351 15H0v-5h34.351L27 2.917z\"\n        fill=\"currentColor\"\n        fill-rule=\"evenodd\"\/>\n<\/svg>                    <div>Katso video Find it -napin toiminnasta (3:01)<\/div>\n                <\/a>\n                <div class=\"link-info\">\n                                    <\/div>\n            <\/li>\n\n                <\/ul>\n<\/div>\n\n\n<p><strong>Voit my\u00f6s asentaa itse selaimeesi erilaisia lis\u00e4osia,<\/strong> jotka auttavat julkaisun j\u00e4ljitt\u00e4misess\u00e4:<\/p>\n\n\n\n<ul class=\"wp-block-list\">\n<li>LibKey-kuvake, joka tunnistaa olemassa olevan UEFin k\u00e4ytt\u00f6oikeuden ja ilmaantuu n\u00e4kyviin vain, jos k\u00e4ytt\u00f6oikeus on. <a href=\"https:\/\/thirdiron.com\/downloadnomad\/?gclid=EAIaIQobChMIx_j1u_aM8QIVA6OyCh0vCgJpEAAYASAAEgJs9PD_BwE\" target=\"_blank\" rel=\"noreferrer noopener\">Asenna t\u00e4st\u00e4 LibKey<\/a>.<\/li>\n\n\n\n<li>Lis\u00e4osa, joka tarkistaa, olisiko julkaisu saatavana jostakin toisesta palvelusta avoimesti ja laillisesti. Lue lis\u00e4\u00e4 n\u00e4ist\u00e4 <a href=\"https:\/\/www.uef.fi\/fi\/kirjasto\/avoimen-tiedon-hakuopas#paragraph-16102\" target=\"_blank\" rel=\"noreferrer noopener\">lis\u00e4osista<\/a> Avoimen tiedonhaun oppaasta.<\/li>\n<\/ul>\n\n\n\n<figure class=\"wp-block-image size-large is-resized\"><img decoding=\"async\" src=\"https:\/\/blogs.uef.fi\/tiedonhaku-kemia\/wp-content\/uploads\/sites\/177\/2022\/03\/lisaosia-1024x922.png\" alt=\"Nelj\u00e4 logoa kehyksen sis\u00e4ll\u00e4. Tummalla pohjalla vihre\u00e4 pisaran kuva ja teksti Download PDF, University of Eastern Finland. Alla seliteteksti: Libkey. Oranssi tyylitelty avoin lukko ja k\u00e4si aukaisemassa sit\u00e4. Alla seliteteksti: Open Access Button. Sininen tyylitelty p\u00e4\u00e4, jossa kolmikolkkahattu. Alla seliteteksti: Google Scholar Button. Vihre\u00e4n puolikaaren sis\u00e4ll\u00e4 valkoinen avoin lukko. Alla seliteteksti: Unpaywall.\" class=\"wp-image-806\" style=\"width:250px\" \/><figcaption class=\"wp-element-caption\"><em>Lis\u00e4osien tunnuksia ja logoja.<\/em><\/figcaption><\/figure>\n\n\n\n<h2 class=\"wp-block-heading\">Jos julkaisua ei heti l\u00f6ydy, kokeile seuraavaa<\/h2>\n\n\n\n<p>Tarkista UEF-Primon aineistot hakemalla:<\/p>\n\n\n\n<ul class=\"wp-block-list\">\n<li>artikkelia lehtihausta <strong>lehden nimell\u00e4<\/strong><\/li>\n\n\n\n<li>artikkelia kirjassa kirjaston kokoelmista <strong>kirjan nimen<\/strong> mukaan<\/li>\n\n\n\n<li>kirjaa kirjaston kokoelmista <strong>kirjan nimell\u00e4<\/strong><\/li>\n\n\n\n<li>konferenssijulkaisua kirjaston kokoelmista <strong>konferenssin nimen <\/strong>mukaan<\/li>\n<\/ul>\n\n\n\n<p>UEF Primoa kannattaa kokeilla erityisesti silloin, jos k\u00e4ytt\u00e4m\u00e4si tietokone ei ole kampusverkossa \u2013 k\u00e4ytt\u00f6oikeuden tunnistaminen menee Primon kautta.<\/p>\n\n\n\n<p>Tarkista tarvittaessa muut l\u00e4hiseutusi kirjastot: ammattikorkeakoulu ja kaupunginkirjasto.<\/p>\n\n\n\n<p>Tietokannoissa ja Googlella hakien vastaan voi tulla linkkej\u00e4, joissa artikkelin p\u00e4\u00e4see lukemaan vain maksua vastaan. T\u00e4m\u00e4 tarkoittaa, ett\u00e4 UEF ei ole hankkinut k\u00e4ytt\u00f6oikeuttaa verkkoversioon. T\u00e4llaisen artikkelin voi joko hankkia itse tai tehd\u00e4 siit\u00e4 kaukolainapyynn\u00f6n (katso tarkemmin alempaa).<\/p>\n\n\n\n<p>Muista, ett\u00e4 kirjaston asiakkaana voit tehd\u00e4 kirjastolle my\u00f6s <a href=\"https:\/\/www.uef.fi\/fi\/kirjasto\/tietoaineiston-hankinta\" target=\"_blank\" rel=\"noreferrer noopener\">hankintaesityksen<\/a> (linkki aukeaa uuteen ikkunaan) kirjasta, jota kokoelmiin ei sis\u00e4lly. Kirja voidaan hankkia, jos se on ajantasainen ja voisi hy\u00f6dytt\u00e4\u00e4 muitakin asiakkaita.<\/p>\n\n\n\n<h2 class=\"wp-block-heading\">Piraattisivustot<\/h2>\n\n\n\n<p>On olemassa sivustoja, jotka luvattomasti tallentavat maksullisia artikkeleita laajoiksi \u201dtietokannoiksi\u201d. Toiset pit\u00e4v\u00e4t n\u00e4it\u00e4 sivustoja sankareina, toiset roistoina. Tekij\u00e4noikeuksia ne joka tapauksessa loukkaavat.<\/p>\n\n\n\n<h2 class=\"wp-block-heading\">Vapaakappaleet: kotimainen kirjallisuus ulottuville<\/h2>\n\n\n\n<p>It\u00e4-Suomen yliopiston kirjastolla on k\u00e4yt\u00f6ss\u00e4\u00e4n kaikki Suomessa julkaistava kirjallisuus ns. vapaakappalelain perusteella. Oikeus on ollut Joensuun yliopiston kirjastolla vuodesta 1981 l\u00e4htien. <\/p>\n\n\n\n<p>Vapaakappaleet eiv\u00e4t kuulu kirjaston lainattaviin kokoelmiin, mutta ovat asiakkaiden saatavilla lukusalik\u00e4ytt\u00f6\u00f6n.<\/p>\n\n\n\n<p>Tiedot n\u00e4ist\u00e4 julkaisuista n\u00e4kyv\u00e4t UEF-Primossa (koskee tietokirjallisuutta vuodesta 2008 eteen p\u00e4in). UEF-Primossa on my\u00f6s linkki aineiston tilaamiseen. Aineistoa, joka ei n\u00e4y UEF-Primossa, voi kysy\u00e4 k\u00e4ytt\u00f6\u00f6n <a href=\"https:\/\/link.webropolsurveys.com\/Participation\/Public\/3861b4da-068a-4d2e-a5a8-8c9079677d76?displayId=Fin2040119&amp;surveyLocale=fi\" target=\"_blank\" rel=\"noreferrer noopener\">verkkolomakkeella<\/a>. Tilaus on maksuton.<\/p>\n\n\n\n<p>Eri yliopistojen gradut eiv\u00e4t kuulu vapaakappalelain piiriin, joten niit\u00e4 ei kirjastosta l\u00f6ydy.<\/p>\n\n\n\n<h3 class=\"wp-block-heading\">Verkossa olevat vapaakappaleaineistot<\/h3>\n\n\n\n<p>Painettujen vapaakappaleiden lis\u00e4ksi tarjolla on verkosta tallennettuja vapaakappaleita. N\u00e4m\u00e4 ovat k\u00e4ytett\u00e4viss\u00e4 vain kampuskirjastoissa sijaitsevilla erillisill\u00e4 tietokoneilla.<\/p>\n\n\n\n<p>Lue kirjaston kotisivulta <a href=\"https:\/\/www.uef.fi\/fi\/kirjasto\/vapaakappaleet\" target=\"_blank\" rel=\"noreferrer noopener\">lis\u00e4\u00e4 tietoa vapaakappaleista<\/a>.<\/p>\n\n\n\n<h2 class=\"wp-block-heading\">Kaukolainaus : tilaa toisten kirjastojen aineistoja omaan kirjastoon<\/h2>\n\n\n\n<p>Jos haluttua aineistoa ei l\u00f6ydy kirjastosta, voi harkita kaukolainan tilausta. Kaukolainauksessa kirjan voi saada lainaksi, lehtiartikkeleista saa yleens\u00e4 kopion. Palvelu on maksullista. Kaukolaina voidaan tilata tarvittaessa my\u00f6s ulkomailta, jolloin se maksaa enemm\u00e4n \u2013 mieti siis edelt\u00e4 k\u00e4sin, paljonko olet valmis maksamaan (tarkista kirjaston <a href=\"https:\/\/www.uef.fi\/fi\/kirjasto\/hinnasto#paragraph-22432\" target=\"_blank\" rel=\"noreferrer noopener\">palveluhinnasto<\/a>).<\/p>\n\n\n\n<p>Kaukolainojen tilaus hoidetaan kirjaston kaukopalvelun kautta. Siell\u00e4 selvitet\u00e4\u00e4n my\u00f6s, mist\u00e4 julkaisu olisi nopeimmin ja edullisimmin saatavissa. Kaukopalvelutilauksen voi tehd\u00e4 <a href=\"https:\/\/forms.office.com\/Pages\/ResponsePage.aspx?id=Lp-HhwRz8ku68mPn-D88NMfwFGq1KFhMuf7WE9FPhWhURFo1REFIMTdKTjQ0TUZRMFI1S1NRN1dDWS4u\" target=\"_blank\" rel=\"noreferrer noopener\">verkkolomakkeella<\/a>.<\/p>\n\n\n\n<p class=\"has-text-align-right\">Seuraava sivu: <a href=\"https:\/\/blogs.uef.fi\/tiedonhaku-metsatiede\/tieteelliset-julkaisut\/avoimet-julkaisut\/\">Avoimet julkaisut<\/a>.<\/p>\n","protected":false},"excerpt":{"rendered":"<p>L\u00e4hes kaikki julkaisut ovat saatavilla tavalla toisella. Kaikki eiv\u00e4t kuitenkaan l\u00f6ydy netist\u00e4 ja joskus julkaisun saamisesta pit\u00e4\u00e4 maksaa. J\u00e4ljit\u00e4 artikkelia tai kirjaa suoraan verkosta Tietokannassa voi n\u00e4ky\u00e4 suoria linkkeja tai apuv\u00e4lineit\u00e4 julkaisun aukaisemiseksi: DOI Digital Object Identifier) on verkossa olevan dokumentin (artikkeli, kuva, video jne.) pysyv\u00e4 tunnistenumero. DOI viittaa tiettyyn dokumenttiin sen verkko-osoitteesta riippumatta, ts. [&hellip;]<\/p>\n","protected":false},"author":127,"featured_media":0,"parent":593,"menu_order":0,"comment_status":"closed","ping_status":"closed","template":"","meta":{"_acf_changed":false,"footnotes":""},"class_list":["post-171","page","type-page","status-publish","hentry"],"acf":[],"yoast_head":"<!-- This site is optimized with the Yoast SEO plugin v27.1.1 - https:\/\/yoast.com\/product\/yoast-seo-wordpress\/ -->\n<title>Saatavuus - Mets\u00e4tieteen tiedonhaku \/ UEF KIRJASTO<\/title>\n<meta name=\"robots\" content=\"index, follow, max-snippet:-1, max-image-preview:large, max-video-preview:-1\" \/>\n<link rel=\"canonical\" href=\"https:\/\/blogs.uef.fi\/tiedonhaku-metsatiede\/hakutulokset\/saatavuus\/\" \/>\n<meta property=\"og:locale\" content=\"fi_FI\" \/>\n<meta property=\"og:type\" content=\"article\" \/>\n<meta property=\"og:title\" content=\"Saatavuus - Mets\u00e4tieteen tiedonhaku \/ UEF KIRJASTO\" \/>\n<meta property=\"og:description\" content=\"L\u00e4hes kaikki julkaisut ovat saatavilla tavalla toisella. Kaikki eiv\u00e4t kuitenkaan l\u00f6ydy netist\u00e4 ja joskus julkaisun saamisesta pit\u00e4\u00e4 maksaa. J\u00e4ljit\u00e4 artikkelia tai kirjaa suoraan verkosta Tietokannassa voi n\u00e4ky\u00e4 suoria linkkeja tai apuv\u00e4lineit\u00e4 julkaisun aukaisemiseksi: DOI Digital Object Identifier) on verkossa olevan dokumentin (artikkeli, kuva, video jne.) pysyv\u00e4 tunnistenumero. DOI viittaa tiettyyn dokumenttiin sen verkko-osoitteesta riippumatta, ts. [&hellip;]\" \/>\n<meta property=\"og:url\" content=\"https:\/\/blogs.uef.fi\/tiedonhaku-metsatiede\/hakutulokset\/saatavuus\/\" \/>\n<meta property=\"og:site_name\" content=\"Mets\u00e4tieteen tiedonhaku \/ UEF KIRJASTO\" \/>\n<meta property=\"article:modified_time\" content=\"2026-03-06T08:08:29+00:00\" \/>\n<meta property=\"og:image\" content=\"https:\/\/blogs.uef.fi\/tiedonhaku-metsatiede\/wp-content\/uploads\/sites\/47\/2020\/10\/MET_Findit_linkki.jpg\" \/>\n\t<meta property=\"og:image:width\" content=\"425\" \/>\n\t<meta property=\"og:image:height\" content=\"257\" \/>\n\t<meta property=\"og:image:type\" content=\"image\/jpeg\" \/>\n<meta name=\"twitter:card\" content=\"summary_large_image\" \/>\n<meta name=\"twitter:label1\" content=\"Arvioitu lukuaika\" \/>\n\t<meta name=\"twitter:data1\" content=\"4 minuuttia\" \/>\n<script type=\"application\/ld+json\" class=\"yoast-schema-graph\">{\"@context\":\"https:\/\/schema.org\",\"@graph\":[{\"@type\":\"WebPage\",\"@id\":\"https:\/\/blogs.uef.fi\/tiedonhaku-metsatiede\/hakutulokset\/saatavuus\/\",\"url\":\"https:\/\/blogs.uef.fi\/tiedonhaku-metsatiede\/hakutulokset\/saatavuus\/\",\"name\":\"Saatavuus - Mets\u00e4tieteen tiedonhaku \/ UEF KIRJASTO\",\"isPartOf\":{\"@id\":\"https:\/\/blogs.uef.fi\/tiedonhaku-metsatiede\/#website\"},\"primaryImageOfPage\":{\"@id\":\"https:\/\/blogs.uef.fi\/tiedonhaku-metsatiede\/hakutulokset\/saatavuus\/#primaryimage\"},\"image\":{\"@id\":\"https:\/\/blogs.uef.fi\/tiedonhaku-metsatiede\/hakutulokset\/saatavuus\/#primaryimage\"},\"thumbnailUrl\":\"https:\/\/blogs.uef.fi\/tiedonhaku-metsatiede\/wp-content\/uploads\/sites\/47\/2020\/10\/MET_Findit_linkki.jpg\",\"datePublished\":\"2015-11-03T11:16:09+00:00\",\"dateModified\":\"2026-03-06T08:08:29+00:00\",\"breadcrumb\":{\"@id\":\"https:\/\/blogs.uef.fi\/tiedonhaku-metsatiede\/hakutulokset\/saatavuus\/#breadcrumb\"},\"inLanguage\":\"fi\",\"potentialAction\":[{\"@type\":\"ReadAction\",\"target\":[\"https:\/\/blogs.uef.fi\/tiedonhaku-metsatiede\/hakutulokset\/saatavuus\/\"]}]},{\"@type\":\"ImageObject\",\"inLanguage\":\"fi\",\"@id\":\"https:\/\/blogs.uef.fi\/tiedonhaku-metsatiede\/hakutulokset\/saatavuus\/#primaryimage\",\"url\":\"https:\/\/blogs.uef.fi\/tiedonhaku-metsatiede\/wp-content\/uploads\/sites\/47\/2020\/10\/MET_Findit_linkki.jpg\",\"contentUrl\":\"https:\/\/blogs.uef.fi\/tiedonhaku-metsatiede\/wp-content\/uploads\/sites\/47\/2020\/10\/MET_Findit_linkki.jpg\",\"width\":425,\"height\":257},{\"@type\":\"BreadcrumbList\",\"@id\":\"https:\/\/blogs.uef.fi\/tiedonhaku-metsatiede\/hakutulokset\/saatavuus\/#breadcrumb\",\"itemListElement\":[{\"@type\":\"ListItem\",\"position\":1,\"name\":\"Home\",\"item\":\"https:\/\/blogs.uef.fi\/tiedonhaku-metsatiede\/\"},{\"@type\":\"ListItem\",\"position\":2,\"name\":\"Hakutulokset\",\"item\":\"https:\/\/blogs.uef.fi\/tiedonhaku-metsatiede\/hakutulokset\/\"},{\"@type\":\"ListItem\",\"position\":3,\"name\":\"Saatavuus\"}]},{\"@type\":\"WebSite\",\"@id\":\"https:\/\/blogs.uef.fi\/tiedonhaku-metsatiede\/#website\",\"url\":\"https:\/\/blogs.uef.fi\/tiedonhaku-metsatiede\/\",\"name\":\"Mets\u00e4tieteen tiedonhaku \/ UEF KIRJASTO\",\"description\":\"Mets\u00e4tieteen tiedonhaku on kattava oppimateriaali tiedonhakuun mets\u00e4tieteilij\u00f6ille. Se sis\u00e4lt\u00e4\u00e4 yleiset tiedonhaun tekniikat sek\u00e4 mets\u00e4tieteen tiedonl\u00e4hteet ohjeineen ja esimerkkeineen.\",\"potentialAction\":[{\"@type\":\"SearchAction\",\"target\":{\"@type\":\"EntryPoint\",\"urlTemplate\":\"https:\/\/blogs.uef.fi\/tiedonhaku-metsatiede\/?s={search_term_string}\"},\"query-input\":{\"@type\":\"PropertyValueSpecification\",\"valueRequired\":true,\"valueName\":\"search_term_string\"}}],\"inLanguage\":\"fi\"}]}<\/script>\n<!-- \/ Yoast SEO plugin. -->","yoast_head_json":{"title":"Saatavuus - Mets\u00e4tieteen tiedonhaku \/ UEF KIRJASTO","robots":{"index":"index","follow":"follow","max-snippet":"max-snippet:-1","max-image-preview":"max-image-preview:large","max-video-preview":"max-video-preview:-1"},"canonical":"https:\/\/blogs.uef.fi\/tiedonhaku-metsatiede\/hakutulokset\/saatavuus\/","og_locale":"fi_FI","og_type":"article","og_title":"Saatavuus - Mets\u00e4tieteen tiedonhaku \/ UEF KIRJASTO","og_description":"L\u00e4hes kaikki julkaisut ovat saatavilla tavalla toisella. Kaikki eiv\u00e4t kuitenkaan l\u00f6ydy netist\u00e4 ja joskus julkaisun saamisesta pit\u00e4\u00e4 maksaa. J\u00e4ljit\u00e4 artikkelia tai kirjaa suoraan verkosta Tietokannassa voi n\u00e4ky\u00e4 suoria linkkeja tai apuv\u00e4lineit\u00e4 julkaisun aukaisemiseksi: DOI Digital Object Identifier) on verkossa olevan dokumentin (artikkeli, kuva, video jne.) pysyv\u00e4 tunnistenumero. DOI viittaa tiettyyn dokumenttiin sen verkko-osoitteesta riippumatta, ts. [&hellip;]","og_url":"https:\/\/blogs.uef.fi\/tiedonhaku-metsatiede\/hakutulokset\/saatavuus\/","og_site_name":"Mets\u00e4tieteen tiedonhaku \/ UEF KIRJASTO","article_modified_time":"2026-03-06T08:08:29+00:00","og_image":[{"width":425,"height":257,"url":"https:\/\/blogs.uef.fi\/tiedonhaku-metsatiede\/wp-content\/uploads\/sites\/47\/2020\/10\/MET_Findit_linkki.jpg","type":"image\/jpeg"}],"twitter_card":"summary_large_image","twitter_misc":{"Arvioitu lukuaika":"4 minuuttia"},"schema":{"@context":"https:\/\/schema.org","@graph":[{"@type":"WebPage","@id":"https:\/\/blogs.uef.fi\/tiedonhaku-metsatiede\/hakutulokset\/saatavuus\/","url":"https:\/\/blogs.uef.fi\/tiedonhaku-metsatiede\/hakutulokset\/saatavuus\/","name":"Saatavuus - Mets\u00e4tieteen tiedonhaku \/ UEF KIRJASTO","isPartOf":{"@id":"https:\/\/blogs.uef.fi\/tiedonhaku-metsatiede\/#website"},"primaryImageOfPage":{"@id":"https:\/\/blogs.uef.fi\/tiedonhaku-metsatiede\/hakutulokset\/saatavuus\/#primaryimage"},"image":{"@id":"https:\/\/blogs.uef.fi\/tiedonhaku-metsatiede\/hakutulokset\/saatavuus\/#primaryimage"},"thumbnailUrl":"https:\/\/blogs.uef.fi\/tiedonhaku-metsatiede\/wp-content\/uploads\/sites\/47\/2020\/10\/MET_Findit_linkki.jpg","datePublished":"2015-11-03T11:16:09+00:00","dateModified":"2026-03-06T08:08:29+00:00","breadcrumb":{"@id":"https:\/\/blogs.uef.fi\/tiedonhaku-metsatiede\/hakutulokset\/saatavuus\/#breadcrumb"},"inLanguage":"fi","potentialAction":[{"@type":"ReadAction","target":["https:\/\/blogs.uef.fi\/tiedonhaku-metsatiede\/hakutulokset\/saatavuus\/"]}]},{"@type":"ImageObject","inLanguage":"fi","@id":"https:\/\/blogs.uef.fi\/tiedonhaku-metsatiede\/hakutulokset\/saatavuus\/#primaryimage","url":"https:\/\/blogs.uef.fi\/tiedonhaku-metsatiede\/wp-content\/uploads\/sites\/47\/2020\/10\/MET_Findit_linkki.jpg","contentUrl":"https:\/\/blogs.uef.fi\/tiedonhaku-metsatiede\/wp-content\/uploads\/sites\/47\/2020\/10\/MET_Findit_linkki.jpg","width":425,"height":257},{"@type":"BreadcrumbList","@id":"https:\/\/blogs.uef.fi\/tiedonhaku-metsatiede\/hakutulokset\/saatavuus\/#breadcrumb","itemListElement":[{"@type":"ListItem","position":1,"name":"Home","item":"https:\/\/blogs.uef.fi\/tiedonhaku-metsatiede\/"},{"@type":"ListItem","position":2,"name":"Hakutulokset","item":"https:\/\/blogs.uef.fi\/tiedonhaku-metsatiede\/hakutulokset\/"},{"@type":"ListItem","position":3,"name":"Saatavuus"}]},{"@type":"WebSite","@id":"https:\/\/blogs.uef.fi\/tiedonhaku-metsatiede\/#website","url":"https:\/\/blogs.uef.fi\/tiedonhaku-metsatiede\/","name":"Mets\u00e4tieteen tiedonhaku \/ UEF KIRJASTO","description":"Mets\u00e4tieteen tiedonhaku on kattava oppimateriaali tiedonhakuun mets\u00e4tieteilij\u00f6ille. Se sis\u00e4lt\u00e4\u00e4 yleiset tiedonhaun tekniikat sek\u00e4 mets\u00e4tieteen tiedonl\u00e4hteet ohjeineen ja esimerkkeineen.","potentialAction":[{"@type":"SearchAction","target":{"@type":"EntryPoint","urlTemplate":"https:\/\/blogs.uef.fi\/tiedonhaku-metsatiede\/?s={search_term_string}"},"query-input":{"@type":"PropertyValueSpecification","valueRequired":true,"valueName":"search_term_string"}}],"inLanguage":"fi"}]}},"_links":{"self":[{"href":"https:\/\/blogs.uef.fi\/tiedonhaku-metsatiede\/wp-json\/wp\/v2\/pages\/171","targetHints":{"allow":["GET"]}}],"collection":[{"href":"https:\/\/blogs.uef.fi\/tiedonhaku-metsatiede\/wp-json\/wp\/v2\/pages"}],"about":[{"href":"https:\/\/blogs.uef.fi\/tiedonhaku-metsatiede\/wp-json\/wp\/v2\/types\/page"}],"author":[{"embeddable":true,"href":"https:\/\/blogs.uef.fi\/tiedonhaku-metsatiede\/wp-json\/wp\/v2\/users\/127"}],"replies":[{"embeddable":true,"href":"https:\/\/blogs.uef.fi\/tiedonhaku-metsatiede\/wp-json\/wp\/v2\/comments?post=171"}],"version-history":[{"count":2,"href":"https:\/\/blogs.uef.fi\/tiedonhaku-metsatiede\/wp-json\/wp\/v2\/pages\/171\/revisions"}],"predecessor-version":[{"id":3917,"href":"https:\/\/blogs.uef.fi\/tiedonhaku-metsatiede\/wp-json\/wp\/v2\/pages\/171\/revisions\/3917"}],"up":[{"embeddable":true,"href":"https:\/\/blogs.uef.fi\/tiedonhaku-metsatiede\/wp-json\/wp\/v2\/pages\/593"}],"wp:attachment":[{"href":"https:\/\/blogs.uef.fi\/tiedonhaku-metsatiede\/wp-json\/wp\/v2\/media?parent=171"}],"curies":[{"name":"wp","href":"https:\/\/api.w.org\/{rel}","templated":true}]}}