{"id":146,"date":"2015-11-03T10:31:14","date_gmt":"2015-11-03T10:31:14","guid":{"rendered":"https:\/\/ueflibraryfor.wordpress.com\/?page_id=146"},"modified":"2021-06-15T11:45:25","modified_gmt":"2021-06-15T08:45:25","slug":"metsatieteen-kokoelmat-kirjastossa","status":"publish","type":"page","link":"https:\/\/blogs.uef.fi\/tiedonhaku-metsatiede\/metsatieteen-kokoelmat-kirjastossa\/","title":{"rendered":"Mets\u00e4tieteen kokoelmat kirjastossa"},"content":{"rendered":"<h1>Tieteelliset julkaisut: Mets\u00e4tieteen kokoelmat UEF kirjastossa<\/h1>\n<p>Kirjaston mets\u00e4tieteiden alan kokoelmat koostuvat <strong>kirjoista ja lehdist\u00e4<\/strong>. Kausijulkaisuista sarjat luetaan kirjoihin kuuluviksi, samoin kokousjulkaisut useimmiten.<\/p>\n<p>Julkaisut voivat olla <strong>painettuja tai s\u00e4hk\u00f6isi\u00e4.<\/strong><\/p>\n<h2>Kirjat<\/h2>\n<p><span id=\"yui_3_17_2_3_1446546014895_158\"><strong>Joensuun kampuskirjastossa<\/strong> mets\u00e4kirjallisuutta on 3B-salissa.<br \/>\nMets\u00e4tieteen hyllyist\u00e4 l\u00f6ytyy n. 8 000 kirjaa tai sarjajulkaisua, lis\u00e4ksi tulee muu aihetta sivuava kirjallisuus, joka on sijoitettu jonkin toisen tieteenalan hyllyihin.<\/span><\/p>\n<p><span id=\"yui_3_17_2_3_1446546014895_157\">Monet sarjajulkaisut ja jotkut kirjatkin ovat ns. <strong>kokoomateoksia<\/strong>, eli koosteita useammasta itsen\u00e4isest\u00e4 artikkelista, joilla on yleens\u00e4 eri tekij\u00e4tkin. Esimerkiksi konferenssijulkaisut ovat tyypillisi\u00e4 kokoomateoksia.<br \/>\nUEF-Primoon (kirjaston kokoelmat) ei ole v\u00e4ltt\u00e4m\u00e4tt\u00e4 tallennettu n\u00e4iden yksitt\u00e4isten artikkeleiden nimi\u00e4, ainoastaan \u201demojulkaisun\u201d nimi ja teoksen toimittaja(t). Tarkempia tietoja kirjaan sis\u00e4ltyvist\u00e4 artikkeleista pit\u00e4\u00e4 etsi\u00e4 viitetietokannoista.<\/span><\/p>\n<p><strong>Laitoksen kokoelmissa<\/strong> (UEF-Primossa tunnus MET) on n. 200 kirjaa, n\u00e4m\u00e4 kuitenkin l\u00e4hinn\u00e4 vain henkil\u00f6kunnan k\u00e4ytett\u00e4viss\u00e4.<\/p>\n<p><strong>Kuopiossa <\/strong>on vain v\u00e4h\u00e4n varsinaisia mets\u00e4tieteen kirjoja, mutta soveltavien alojen teoksia l\u00f6ytyy. Toisella kampuksella sijaitsevan kirjan saa k\u00e4tev\u00e4sti k\u00e4ytt\u00f6\u00f6ns\u00e4 UEF-Primon varaus-toiminnolla.<\/p>\n<hr \/>\n<h3>E-kirjat<\/h3>\n<p><strong>UEF-Primon kautta<\/strong> p\u00e4\u00e4see k\u00e4siksi my\u00f6s e-kirjakokoelman kirjoihin. Haku onnistuu vain <strong>englanninkielisill\u00e4<\/strong> sanoilla! E-kirjakokoelma ei ole pysyv\u00e4, vaan aika ajoin sinne tulee uusia kirjoja ja toisia poistuu.<\/p>\n<p>E-kirjat l\u00f6ytyv\u00e4t \u201cpaketteina\u201d my\u00f6s UEF-Primon tietokannoista: t\u00e4rkeimm\u00e4t ovat<strong> EbookCentral<\/strong> sek\u00e4 <strong>Ebsco ebook collection<\/strong>.<\/p>\n<hr \/>\n<h2>Lehdet<\/h2>\n<p>Tieteelliset lehdet ovat nykyisin tarjolla <strong>digitaalisena<\/strong>. Verkossa on lehti\u00e4 yleisimmin 90-luvulta alkaen, mutta my\u00f6s vanhempia arkistoja on olemassa.<\/p>\n<p>T\u00e4st\u00e4 linkist\u00e4 voit tarkastella <a href=\"https:\/\/primo.uef.fi\/discovery\/jsearch?query=contains,dbcategory,&amp;tab=jsearch_slot&amp;sortby=title&amp;vid=358FIN_UOEF:VU1&amp;journals=category,Earth_Environmental_Sciences%E2%94%80Forestry\" target=\"_blank\" rel=\"noopener\">mets\u00e4tieteellisi\u00e4 e-lehti\u00e4<\/a> kirjaston kokoelmassa.<\/p>\n<p>Osa vanhoista lehdist\u00e4 on saatavilla vain painettuna. Varastokirjasto palvelee erityisesti vanhojen, painettujen aineistojen tarpeessa. Lue lis\u00e4\u00e4 luvusta <a href=\"https:\/\/blogs.uef.fi\/tiedonhaku-metsatiede\/saatavuus\/\" target=\"_blank\" rel=\"noopener noreferrer\">Saatavuus.<\/a><\/p>\n<p>Huomaa, ett\u00e4 vaikka jotakin lehte\u00e4 olisikin verkossa jo vanhemmalta ajalta, ei yliopistolle v\u00e4ltt\u00e4m\u00e4tt\u00e4 ole hankittu k\u00e4ytt\u00f6oikeuksia kaikkiin vuosikertoihin. Esimerkiksi Science- ja Nature-lehtien verkkoversiot ovat yliopistomme k\u00e4yt\u00f6ss\u00e4 vuosikerrasta 1997 l\u00e4htien.<\/p>\n<p>Kirjastoon tulee edelleen my\u00f6s <strong>joitakin painettuja lehti\u00e4<\/strong>. N\u00e4m\u00e4 ovat enimm\u00e4kseen kotimaisia ammatti- ja tieteellisten seurojen lehti\u00e4.<\/p>\n","protected":false},"excerpt":{"rendered":"<p>Tieteelliset julkaisut: Mets\u00e4tieteen kokoelmat UEF kirjastossa Kirjaston mets\u00e4tieteiden alan kokoelmat koostuvat kirjoista ja lehdist\u00e4. Kausijulkaisuista sarjat luetaan kirjoihin kuuluviksi, samoin kokousjulkaisut useimmiten. Julkaisut voivat olla painettuja tai s\u00e4hk\u00f6isi\u00e4. Kirjat Joensuun kampuskirjastossa mets\u00e4kirjallisuutta on 3B-salissa. Mets\u00e4tieteen hyllyist\u00e4 l\u00f6ytyy n. 8 000 kirjaa tai sarjajulkaisua, lis\u00e4ksi tulee muu aihetta sivuava kirjallisuus, joka on sijoitettu jonkin toisen tieteenalan [&hellip;]<\/p>\n","protected":false},"author":127,"featured_media":0,"parent":0,"menu_order":0,"comment_status":"closed","ping_status":"closed","template":"","meta":{"_acf_changed":false,"footnotes":""},"class_list":["post-146","page","type-page","status-publish","hentry"],"acf":[],"yoast_head":"<!-- This site is optimized with the Yoast SEO plugin v27.1.1 - https:\/\/yoast.com\/product\/yoast-seo-wordpress\/ -->\n<title>Mets\u00e4tieteen kokoelmat kirjastossa - Mets\u00e4tieteen tiedonhaku \/ UEF KIRJASTO<\/title>\n<meta name=\"robots\" content=\"index, follow, max-snippet:-1, max-image-preview:large, max-video-preview:-1\" \/>\n<link rel=\"canonical\" href=\"https:\/\/blogs.uef.fi\/tiedonhaku-metsatiede\/metsatieteen-kokoelmat-kirjastossa\/\" \/>\n<meta property=\"og:locale\" content=\"fi_FI\" \/>\n<meta property=\"og:type\" content=\"article\" \/>\n<meta property=\"og:title\" content=\"Mets\u00e4tieteen kokoelmat kirjastossa - Mets\u00e4tieteen tiedonhaku \/ UEF KIRJASTO\" \/>\n<meta property=\"og:description\" content=\"Tieteelliset julkaisut: Mets\u00e4tieteen kokoelmat UEF kirjastossa Kirjaston mets\u00e4tieteiden alan kokoelmat koostuvat kirjoista ja lehdist\u00e4. Kausijulkaisuista sarjat luetaan kirjoihin kuuluviksi, samoin kokousjulkaisut useimmiten. Julkaisut voivat olla painettuja tai s\u00e4hk\u00f6isi\u00e4. Kirjat Joensuun kampuskirjastossa mets\u00e4kirjallisuutta on 3B-salissa. Mets\u00e4tieteen hyllyist\u00e4 l\u00f6ytyy n. 8 000 kirjaa tai sarjajulkaisua, lis\u00e4ksi tulee muu aihetta sivuava kirjallisuus, joka on sijoitettu jonkin toisen tieteenalan [&hellip;]\" \/>\n<meta property=\"og:url\" content=\"https:\/\/blogs.uef.fi\/tiedonhaku-metsatiede\/metsatieteen-kokoelmat-kirjastossa\/\" \/>\n<meta property=\"og:site_name\" content=\"Mets\u00e4tieteen tiedonhaku \/ UEF KIRJASTO\" \/>\n<meta property=\"article:modified_time\" content=\"2021-06-15T08:45:25+00:00\" \/>\n<meta name=\"twitter:card\" content=\"summary_large_image\" \/>\n<meta name=\"twitter:label1\" content=\"Arvioitu lukuaika\" \/>\n\t<meta name=\"twitter:data1\" content=\"2 minuuttia\" \/>\n<script type=\"application\/ld+json\" class=\"yoast-schema-graph\">{\"@context\":\"https:\/\/schema.org\",\"@graph\":[{\"@type\":\"WebPage\",\"@id\":\"https:\/\/blogs.uef.fi\/tiedonhaku-metsatiede\/metsatieteen-kokoelmat-kirjastossa\/\",\"url\":\"https:\/\/blogs.uef.fi\/tiedonhaku-metsatiede\/metsatieteen-kokoelmat-kirjastossa\/\",\"name\":\"Mets\u00e4tieteen kokoelmat kirjastossa - Mets\u00e4tieteen tiedonhaku \/ UEF KIRJASTO\",\"isPartOf\":{\"@id\":\"https:\/\/blogs.uef.fi\/tiedonhaku-metsatiede\/#website\"},\"datePublished\":\"2015-11-03T10:31:14+00:00\",\"dateModified\":\"2021-06-15T08:45:25+00:00\",\"breadcrumb\":{\"@id\":\"https:\/\/blogs.uef.fi\/tiedonhaku-metsatiede\/metsatieteen-kokoelmat-kirjastossa\/#breadcrumb\"},\"inLanguage\":\"fi\",\"potentialAction\":[{\"@type\":\"ReadAction\",\"target\":[\"https:\/\/blogs.uef.fi\/tiedonhaku-metsatiede\/metsatieteen-kokoelmat-kirjastossa\/\"]}]},{\"@type\":\"BreadcrumbList\",\"@id\":\"https:\/\/blogs.uef.fi\/tiedonhaku-metsatiede\/metsatieteen-kokoelmat-kirjastossa\/#breadcrumb\",\"itemListElement\":[{\"@type\":\"ListItem\",\"position\":1,\"name\":\"Home\",\"item\":\"https:\/\/blogs.uef.fi\/tiedonhaku-metsatiede\/\"},{\"@type\":\"ListItem\",\"position\":2,\"name\":\"Mets\u00e4tieteen kokoelmat kirjastossa\"}]},{\"@type\":\"WebSite\",\"@id\":\"https:\/\/blogs.uef.fi\/tiedonhaku-metsatiede\/#website\",\"url\":\"https:\/\/blogs.uef.fi\/tiedonhaku-metsatiede\/\",\"name\":\"Mets\u00e4tieteen tiedonhaku \/ UEF KIRJASTO\",\"description\":\"Mets\u00e4tieteen tiedonhaku on kattava oppimateriaali tiedonhakuun mets\u00e4tieteilij\u00f6ille. Se sis\u00e4lt\u00e4\u00e4 yleiset tiedonhaun tekniikat sek\u00e4 mets\u00e4tieteen tiedonl\u00e4hteet ohjeineen ja esimerkkeineen.\",\"potentialAction\":[{\"@type\":\"SearchAction\",\"target\":{\"@type\":\"EntryPoint\",\"urlTemplate\":\"https:\/\/blogs.uef.fi\/tiedonhaku-metsatiede\/?s={search_term_string}\"},\"query-input\":{\"@type\":\"PropertyValueSpecification\",\"valueRequired\":true,\"valueName\":\"search_term_string\"}}],\"inLanguage\":\"fi\"}]}<\/script>\n<!-- \/ Yoast SEO plugin. -->","yoast_head_json":{"title":"Mets\u00e4tieteen kokoelmat kirjastossa - Mets\u00e4tieteen tiedonhaku \/ UEF KIRJASTO","robots":{"index":"index","follow":"follow","max-snippet":"max-snippet:-1","max-image-preview":"max-image-preview:large","max-video-preview":"max-video-preview:-1"},"canonical":"https:\/\/blogs.uef.fi\/tiedonhaku-metsatiede\/metsatieteen-kokoelmat-kirjastossa\/","og_locale":"fi_FI","og_type":"article","og_title":"Mets\u00e4tieteen kokoelmat kirjastossa - Mets\u00e4tieteen tiedonhaku \/ UEF KIRJASTO","og_description":"Tieteelliset julkaisut: Mets\u00e4tieteen kokoelmat UEF kirjastossa Kirjaston mets\u00e4tieteiden alan kokoelmat koostuvat kirjoista ja lehdist\u00e4. Kausijulkaisuista sarjat luetaan kirjoihin kuuluviksi, samoin kokousjulkaisut useimmiten. Julkaisut voivat olla painettuja tai s\u00e4hk\u00f6isi\u00e4. Kirjat Joensuun kampuskirjastossa mets\u00e4kirjallisuutta on 3B-salissa. Mets\u00e4tieteen hyllyist\u00e4 l\u00f6ytyy n. 8 000 kirjaa tai sarjajulkaisua, lis\u00e4ksi tulee muu aihetta sivuava kirjallisuus, joka on sijoitettu jonkin toisen tieteenalan [&hellip;]","og_url":"https:\/\/blogs.uef.fi\/tiedonhaku-metsatiede\/metsatieteen-kokoelmat-kirjastossa\/","og_site_name":"Mets\u00e4tieteen tiedonhaku \/ UEF KIRJASTO","article_modified_time":"2021-06-15T08:45:25+00:00","twitter_card":"summary_large_image","twitter_misc":{"Arvioitu lukuaika":"2 minuuttia"},"schema":{"@context":"https:\/\/schema.org","@graph":[{"@type":"WebPage","@id":"https:\/\/blogs.uef.fi\/tiedonhaku-metsatiede\/metsatieteen-kokoelmat-kirjastossa\/","url":"https:\/\/blogs.uef.fi\/tiedonhaku-metsatiede\/metsatieteen-kokoelmat-kirjastossa\/","name":"Mets\u00e4tieteen kokoelmat kirjastossa - Mets\u00e4tieteen tiedonhaku \/ UEF KIRJASTO","isPartOf":{"@id":"https:\/\/blogs.uef.fi\/tiedonhaku-metsatiede\/#website"},"datePublished":"2015-11-03T10:31:14+00:00","dateModified":"2021-06-15T08:45:25+00:00","breadcrumb":{"@id":"https:\/\/blogs.uef.fi\/tiedonhaku-metsatiede\/metsatieteen-kokoelmat-kirjastossa\/#breadcrumb"},"inLanguage":"fi","potentialAction":[{"@type":"ReadAction","target":["https:\/\/blogs.uef.fi\/tiedonhaku-metsatiede\/metsatieteen-kokoelmat-kirjastossa\/"]}]},{"@type":"BreadcrumbList","@id":"https:\/\/blogs.uef.fi\/tiedonhaku-metsatiede\/metsatieteen-kokoelmat-kirjastossa\/#breadcrumb","itemListElement":[{"@type":"ListItem","position":1,"name":"Home","item":"https:\/\/blogs.uef.fi\/tiedonhaku-metsatiede\/"},{"@type":"ListItem","position":2,"name":"Mets\u00e4tieteen kokoelmat kirjastossa"}]},{"@type":"WebSite","@id":"https:\/\/blogs.uef.fi\/tiedonhaku-metsatiede\/#website","url":"https:\/\/blogs.uef.fi\/tiedonhaku-metsatiede\/","name":"Mets\u00e4tieteen tiedonhaku \/ UEF KIRJASTO","description":"Mets\u00e4tieteen tiedonhaku on kattava oppimateriaali tiedonhakuun mets\u00e4tieteilij\u00f6ille. Se sis\u00e4lt\u00e4\u00e4 yleiset tiedonhaun tekniikat sek\u00e4 mets\u00e4tieteen tiedonl\u00e4hteet ohjeineen ja esimerkkeineen.","potentialAction":[{"@type":"SearchAction","target":{"@type":"EntryPoint","urlTemplate":"https:\/\/blogs.uef.fi\/tiedonhaku-metsatiede\/?s={search_term_string}"},"query-input":{"@type":"PropertyValueSpecification","valueRequired":true,"valueName":"search_term_string"}}],"inLanguage":"fi"}]}},"_links":{"self":[{"href":"https:\/\/blogs.uef.fi\/tiedonhaku-metsatiede\/wp-json\/wp\/v2\/pages\/146","targetHints":{"allow":["GET"]}}],"collection":[{"href":"https:\/\/blogs.uef.fi\/tiedonhaku-metsatiede\/wp-json\/wp\/v2\/pages"}],"about":[{"href":"https:\/\/blogs.uef.fi\/tiedonhaku-metsatiede\/wp-json\/wp\/v2\/types\/page"}],"author":[{"embeddable":true,"href":"https:\/\/blogs.uef.fi\/tiedonhaku-metsatiede\/wp-json\/wp\/v2\/users\/127"}],"replies":[{"embeddable":true,"href":"https:\/\/blogs.uef.fi\/tiedonhaku-metsatiede\/wp-json\/wp\/v2\/comments?post=146"}],"version-history":[{"count":2,"href":"https:\/\/blogs.uef.fi\/tiedonhaku-metsatiede\/wp-json\/wp\/v2\/pages\/146\/revisions"}],"predecessor-version":[{"id":1963,"href":"https:\/\/blogs.uef.fi\/tiedonhaku-metsatiede\/wp-json\/wp\/v2\/pages\/146\/revisions\/1963"}],"wp:attachment":[{"href":"https:\/\/blogs.uef.fi\/tiedonhaku-metsatiede\/wp-json\/wp\/v2\/media?parent=146"}],"curies":[{"name":"wp","href":"https:\/\/api.w.org\/{rel}","templated":true}]}}