{"id":129,"date":"2015-11-03T08:42:40","date_gmt":"2015-11-03T08:42:40","guid":{"rendered":"https:\/\/ueflibraryfor.wordpress.com\/?page_id=129"},"modified":"2024-08-05T10:05:25","modified_gmt":"2024-08-05T07:05:25","slug":"tarkempia-tuloksia","status":"publish","type":"page","link":"https:\/\/blogs.uef.fi\/tiedonhaku-metsatiede\/hakulauseet-2\/tarkempia-tuloksia\/","title":{"rendered":"Hakulauseen muokkaamnen"},"content":{"rendered":"\n<p>Hakua voidaan muokata tarpeen mukaan:<\/p>\n\n\n\n<ul class=\"wp-block-list\">\n<li>s\u00e4\u00e4telem\u00e4ll\u00e4 <strong>k\u00e4sitteiden<\/strong> m\u00e4\u00e4r\u00e4\u00e4 hakulauseessa<\/li>\n\n\n\n<li>kohdistamalla hakua tietueen eri <strong>kenttiin<\/strong><\/li>\n\n\n\n<li>valitsemalla erilaisia <strong>hakusanoja<\/strong> k\u00e4sitteit\u00e4 kuvaamaan<\/li>\n\n\n\n<li>valitsemalla k\u00e4ytt\u00e4\u00e4k\u00f6 <strong>sanankatkaisua<\/strong> vai ei<\/li>\n\n\n\n<li><strong>rajauksilla<\/strong><\/li>\n<\/ul>\n\n\n\n<figure class=\"wp-block-image size-full\"><img loading=\"lazy\" decoding=\"async\" width=\"1237\" height=\"867\" src=\"https:\/\/blogs.uef.fi\/tiedonhaku-metsatiede\/wp-content\/uploads\/sites\/47\/2024\/07\/muokkaus.png\" alt=\"Muutokset hakulauseeseen, kun tulee liikaa tai ep\u00e4tarkkaa. K\u00e4sitteiden m\u00e4\u00e4r\u00e4: Ota mukaan lis\u00e4\u00e4 k\u00e4sitteit\u00e4 AND-operaattorilla. Hakukent\u00e4t: K\u00e4yt\u00e4 asiasana-, nimeke- ja (tiivistelm\u00e4)kentti\u00e4. Hakusanat: Tarkenna hakusana t\u00e4sm\u00e4llisemm\u00e4ksi, k\u00e4yt\u00e4 fraasia AND-operaation sijaan,  k\u00e4yt\u00e4 perusvartaloa pidemp\u00e4\u00e4 sanankatkaisua tai poista sanankatkaisu, k\u00e4yt\u00e4 rajauksia eli filttereit\u00e4. \nMuutokset hakulauseeseen, kun tulee liian v\u00e4h\u00e4n tai aihetta ei l\u00f6ydy. K\u00e4sitteiden m\u00e4\u00e4r\u00e4: J\u00e4t\u00e4 v\u00e4hiten t\u00e4rke\u00e4 k\u00e4site pois ja hae eri yhdistelmill\u00e4. Hakukent\u00e4t: Hae vapaasti kaikista kentist\u00e4. Hakusanat: K\u00e4yt\u00e4 laajempaa termi\u00e4, muuta fraasi AND-operaatioksi, lis\u00e4\u00e4 vaihtoehtoisia sanoja OR- operaattorilla, kokeile sanankatkaisua.\" class=\"wp-image-3816\" srcset=\"https:\/\/blogs.uef.fi\/tiedonhaku-metsatiede\/wp-content\/uploads\/sites\/47\/2024\/07\/muokkaus.png 1237w, https:\/\/blogs.uef.fi\/tiedonhaku-metsatiede\/wp-content\/uploads\/sites\/47\/2024\/07\/muokkaus-300x210.png 300w, https:\/\/blogs.uef.fi\/tiedonhaku-metsatiede\/wp-content\/uploads\/sites\/47\/2024\/07\/muokkaus-1024x718.png 1024w, https:\/\/blogs.uef.fi\/tiedonhaku-metsatiede\/wp-content\/uploads\/sites\/47\/2024\/07\/muokkaus-768x538.png 768w\" sizes=\"auto, (max-width: 1237px) 100vw, 1237px\" \/><figcaption class=\"wp-element-caption\"><em>Jo saadun hakutuloksen perusteella voidaan p\u00e4\u00e4tell\u00e4, mill\u00e4 tavoin hakulausetta voisi muuttaa. Katso esimerkkej\u00e4 alempaa.<\/em><\/figcaption><\/figure>\n\n\n\n<div class=\"links-block\">\n\n    \n    <ul class=\"link-list\">\n        \n            \n            <li class=\"link-list-item\">\n                <a href=\"https:\/\/uef.cloud.panopto.eu\/Panopto\/Pages\/Viewer.aspx?id=539e92c7-ecac-4586-a94c-b09700a74614\" class=\"link-reset link hover-scale-down\">\n                    <svg\n        width=\"43\" height=\"25\"\n        viewBox=\"0 0 43 25\"\n        xmlns=\"http:\/\/www.w3.org\/2000\/svg\">\n    <path\n        d=\"M30.027 0 43 12.5 30.027 25 27 22.083 34.351 15H0v-5h34.351L27 2.917z\"\n        fill=\"currentColor\"\n        fill-rule=\"evenodd\"\/>\n<\/svg>                    <div>Katso esimerkkiaihe haun muokkauksesta (2:54)<\/div>\n                <\/a>\n                <div class=\"link-info\">\n                                    <\/div>\n            <\/li>\n\n                <\/ul>\n<\/div>\n\n\n<h2 class=\"wp-block-heading\">N\u00e4in saat v\u00e4hemm\u00e4n ja aiheenmukaisempia tuloksia<\/h2>\n\n\n\n<p>Kun hakusi tuottaa <strong>&#8221;liian paljon&#8221; ja \/ tai aiheeltaan ep\u00e4m\u00e4\u00e4r\u00e4isi\u00e4 tuloksia<\/strong>, kokeile seuraavia keinoja<\/p>\n\n\n\n<ul class=\"wp-block-list\">\n<li><strong>lis\u00e4\u00e4 hakuun rajoittavia sanoja AND-operaattorilla; AND-kytkettyj\u00e4 sanoja voi olla vaikka kuinka paljon<\/strong><br><br><em>luontosuhde AND mets\u00e4t -&gt; luontosuhde AND mets\u00e4t AND taide<\/em><\/li>\n<\/ul>\n\n\n\n<ul class=\"wp-block-list\">\n<li><strong>rajaa hakua otsikko-kentt\u00e4\u00e4n<\/strong><\/li>\n\n\n\n<li><strong>rajaa hakua asiasanakentt\u00e4\u00e4n &#8211; k\u00e4yt\u00e4 asiasanaston sanaa! Katso lis\u00e4\u00e4 <a href=\"https:\/\/blogs.uef.fi\/tiedonhaku-metsatiede\/asiasanastot\/\" target=\"_blank\" rel=\"noopener noreferrer\">asiasanahausta<\/a><\/strong><br><\/li>\n\n\n\n<li><strong>kokeile suppeampia, aihettasi t\u00e4sm\u00e4llisemmin kuvaavia hakusanoja<\/strong><br><br><em>puuteollisuus -&gt; puulevyteollisuus<\/em><br><em>mets\u00e4t -&gt; mets\u00e4talousalueet<\/em><\/li>\n<\/ul>\n\n\n\n<ul class=\"wp-block-list\">\n<li><strong>poista hakusanoja tai sanankatkaisuja, jotka tuovat paljon<strong> aiheeseen liittym\u00e4tt\u00f6mi\u00e4<\/strong> tuloksia<\/strong><br><br>katkaistu sana <em>puu*<\/em> viittaa liian moneen asiaan<br><em>(esim. puutarha, puutos, puuvilla)<\/em><\/li>\n<\/ul>\n\n\n\n<ul class=\"wp-block-list\">\n<li><strong>joskus on hy\u00f6dyllist\u00e4 k\u00e4ytt\u00e4\u00e4 rajaavana termin\u00e4 hyvin laajaa, koko aihealuetta raajaavaa termi\u00e4:<\/strong><br><br><em>biomassa -&gt; biomassa AND mets\u00e4*<\/em><\/li>\n<\/ul>\n\n\n\n<ul class=\"wp-block-list\">\n<li><strong>k\u00e4yt\u00e4 fraasia and-operaation sijaan<\/strong><br><br><em>forest AND landscape -&gt;\u201dforest landscape\u201d<\/em><\/li>\n<\/ul>\n\n\n\n<ul class=\"wp-block-list\">\n<li><strong>v\u00e4henn\u00e4 synonyymej\u00e4 ja rinnakkaistermej\u00e4 vain olennaisimpiin (Mutta \u00e4l\u00e4 muuta ORia ANDiksi, sill\u00e4 silloin hakulogiikka muuttuu virheelliseksi)<\/strong><br><br><em>tuhot OR vauriot OR h\u00e4iri\u00f6t -&gt; tuhot OR vauriot<\/em><\/li>\n<\/ul>\n\n\n\n<ul class=\"wp-block-list\">\n<li><strong>kokeile sulkea joitakin sanoja hakutuloksen ulkopuollelle NOT-operaattorilla<\/strong><br><br><em>puutavara NOT sahatavara<\/em><\/li>\n<\/ul>\n\n\n\n<ul class=\"wp-block-list\">\n<li><strong>rajaa hakua esim. julkaisuvuodella, -kielell\u00e4 tai -tyypill\u00e4 (esim. peer review\/scholarly-lehtiin)<\/strong><\/li>\n<\/ul>\n\n\n\n<h2 class=\"wp-block-heading\">N\u00e4in kasvatat tulosten m\u00e4\u00e4r\u00e4\u00e4<\/h2>\n\n\n\n<p>Kun hakulauseesi tuottaa <strong>vain v\u00e4h\u00e4n tuloksia<\/strong>, voit kokeilla seuraavia keinoja:<\/p>\n\n\n\n<ul class=\"wp-block-list\">\n<li><strong>mieti k\u00e4ytt\u00e4mi\u00e4si hakusanoja, oletko hakenut liian suppealla sanalla<\/strong><\/li>\n\n\n\n<li><strong>mieti mihin laajempaan aihealueeseen ongelmasi kuuluu ja k\u00e4yt\u00e4 laajempaa hakutermi\u00e4<\/strong><br><br><em>mets\u00e4peura -&gt; peurat<\/em><\/li>\n\n\n\n<li><strong>etsi hakusanoillesi synonyymeja ja rinnakkaistermej\u00e4 (lis\u00e4t\u00e4\u00e4n OR:lla)<\/strong><br><br><em>hakkuut and \u201dluonnon monimuotoisuus\u201d<\/em><br><em>&nbsp;&nbsp;&nbsp; -&gt; hakkuut AND (\u201dluonnon monimuotoisuus\u201d OR biodiversiteetti)<\/em><\/li>\n\n\n\n<li><strong>v\u00e4henn\u00e4 hakulausekkeesta AND-operaattorilla yhdistettyj\u00e4, rajaavia hakusanoja<\/strong><br><br><em>mets\u00e4nhoitoyhdistykset AND asiakkaat AND tyytyv\u00e4isyys -&gt; mets\u00e4nhoitoyhdistykset AND asiakkaat<\/em><\/li>\n<\/ul>\n\n\n\n<ul class=\"wp-block-list\">\n<li><strong>jos olet k\u00e4ytt\u00e4nyt fraasia, mieti voisiko sen purkaa AND-operaatioksi<\/strong><\/li>\n\n\n\n<li><strong>k\u00e4yt\u00e4 sanankatkaisua saadaksesi johdannaisia mukaan<\/strong><br><br><em>latvus -&gt; latvu* ( = latvus, latvuksen, latvusto)<\/em><\/li>\n<\/ul>\n\n\n\n<ul class=\"wp-block-list\">\n<li><strong>tarkista kirjoitusvirheet ja sanan kirjoitusmuodot (yhteen vai erikseen, lyhenteet yms.)<\/strong><\/li>\n\n\n\n<li><strong>mieti, onko sanalle rinnakkaista ilmaisumuotoa<\/strong><br><br><em>lineaarimalli \u2013 lineaarinen malli<\/em><br><em>kolmiulotteisuus \u2013 3-ulotteisuus \u2013 3D<\/em><\/li>\n<\/ul>\n\n\n\n<ul class=\"wp-block-list\">\n<li><strong>k\u00e4yt\u00e4 vapaasanahakua, jos olet k\u00e4ytt\u00e4nyt asiasanahakua tai muuta kentt\u00e4rajausta<\/strong><\/li>\n\n\n\n<li><strong>poista vuosi- ym. rajoitukset<\/strong><\/li>\n<\/ul>\n\n\n\n<p><strong>Vinkki:<br><\/strong>Joskus jokin yksitt\u00e4inen sana voi olla tietokannassa niin harvinainen, ett\u00e4 sen rinnalle ei kannata ottaa mit\u00e4\u00e4n muuta hakusanaa. <strong>Voit testata sanan yleisyytt\u00e4 tekem\u00e4ll\u00e4 yksinkertaisen sanahaun.<\/strong><\/p>\n\n\n\n<p class=\"has-text-align-right\">Seuraava sivu: <a href=\"https:\/\/blogs.uef.fi\/tiedonhaku-metsatiede\/uef-primo\/\">Aloita UEF-Primosta<\/a>.<\/p>\n","protected":false},"excerpt":{"rendered":"<p>Hakua voidaan muokata tarpeen mukaan: N\u00e4in saat v\u00e4hemm\u00e4n ja aiheenmukaisempia tuloksia Kun hakusi tuottaa &#8221;liian paljon&#8221; ja \/ tai aiheeltaan ep\u00e4m\u00e4\u00e4r\u00e4isi\u00e4 tuloksia, kokeile seuraavia keinoja N\u00e4in kasvatat tulosten m\u00e4\u00e4r\u00e4\u00e4 Kun hakulauseesi tuottaa vain v\u00e4h\u00e4n tuloksia, voit kokeilla seuraavia keinoja: Vinkki:Joskus jokin yksitt\u00e4inen sana voi olla tietokannassa niin harvinainen, ett\u00e4 sen rinnalle ei kannata ottaa mit\u00e4\u00e4n [&hellip;]<\/p>\n","protected":false},"author":127,"featured_media":0,"parent":585,"menu_order":0,"comment_status":"closed","ping_status":"closed","template":"","meta":{"_acf_changed":false,"footnotes":""},"class_list":["post-129","page","type-page","status-publish","hentry"],"acf":[],"yoast_head":"<!-- This site is optimized with the Yoast SEO plugin v27.3 - https:\/\/yoast.com\/product\/yoast-seo-wordpress\/ -->\n<title>Hakulauseen muokkaamnen - Mets\u00e4tieteen tiedonhaku \/ UEF KIRJASTO<\/title>\n<meta name=\"robots\" content=\"index, follow, max-snippet:-1, max-image-preview:large, max-video-preview:-1\" \/>\n<link rel=\"canonical\" href=\"https:\/\/blogs.uef.fi\/tiedonhaku-metsatiede\/hakulauseet-2\/tarkempia-tuloksia\/\" \/>\n<meta property=\"og:locale\" content=\"fi_FI\" \/>\n<meta property=\"og:type\" content=\"article\" \/>\n<meta property=\"og:title\" content=\"Hakulauseen muokkaamnen - Mets\u00e4tieteen tiedonhaku \/ UEF KIRJASTO\" \/>\n<meta property=\"og:description\" content=\"Hakua voidaan muokata tarpeen mukaan: N\u00e4in saat v\u00e4hemm\u00e4n ja aiheenmukaisempia tuloksia Kun hakusi tuottaa &#8221;liian paljon&#8221; ja \/ tai aiheeltaan ep\u00e4m\u00e4\u00e4r\u00e4isi\u00e4 tuloksia, kokeile seuraavia keinoja N\u00e4in kasvatat tulosten m\u00e4\u00e4r\u00e4\u00e4 Kun hakulauseesi tuottaa vain v\u00e4h\u00e4n tuloksia, voit kokeilla seuraavia keinoja: Vinkki:Joskus jokin yksitt\u00e4inen sana voi olla tietokannassa niin harvinainen, ett\u00e4 sen rinnalle ei kannata ottaa mit\u00e4\u00e4n [&hellip;]\" \/>\n<meta property=\"og:url\" content=\"https:\/\/blogs.uef.fi\/tiedonhaku-metsatiede\/hakulauseet-2\/tarkempia-tuloksia\/\" \/>\n<meta property=\"og:site_name\" content=\"Mets\u00e4tieteen tiedonhaku \/ UEF KIRJASTO\" \/>\n<meta property=\"article:modified_time\" content=\"2024-08-05T07:05:25+00:00\" \/>\n<meta property=\"og:image\" content=\"https:\/\/blogs.uef.fi\/tiedonhaku-metsatiede\/wp-content\/uploads\/sites\/47\/2024\/07\/muokkaus.png\" \/>\n<meta name=\"twitter:card\" content=\"summary_large_image\" \/>\n<script type=\"application\/ld+json\" class=\"yoast-schema-graph\">{\"@context\":\"https:\\\/\\\/schema.org\",\"@graph\":[{\"@type\":\"WebPage\",\"@id\":\"https:\\\/\\\/blogs.uef.fi\\\/tiedonhaku-metsatiede\\\/hakulauseet-2\\\/tarkempia-tuloksia\\\/\",\"url\":\"https:\\\/\\\/blogs.uef.fi\\\/tiedonhaku-metsatiede\\\/hakulauseet-2\\\/tarkempia-tuloksia\\\/\",\"name\":\"Hakulauseen muokkaamnen - Mets\u00e4tieteen tiedonhaku \\\/ UEF KIRJASTO\",\"isPartOf\":{\"@id\":\"https:\\\/\\\/blogs.uef.fi\\\/tiedonhaku-metsatiede\\\/#website\"},\"primaryImageOfPage\":{\"@id\":\"https:\\\/\\\/blogs.uef.fi\\\/tiedonhaku-metsatiede\\\/hakulauseet-2\\\/tarkempia-tuloksia\\\/#primaryimage\"},\"image\":{\"@id\":\"https:\\\/\\\/blogs.uef.fi\\\/tiedonhaku-metsatiede\\\/hakulauseet-2\\\/tarkempia-tuloksia\\\/#primaryimage\"},\"thumbnailUrl\":\"https:\\\/\\\/blogs.uef.fi\\\/tiedonhaku-metsatiede\\\/wp-content\\\/uploads\\\/sites\\\/47\\\/2024\\\/07\\\/muokkaus.png\",\"datePublished\":\"2015-11-03T08:42:40+00:00\",\"dateModified\":\"2024-08-05T07:05:25+00:00\",\"breadcrumb\":{\"@id\":\"https:\\\/\\\/blogs.uef.fi\\\/tiedonhaku-metsatiede\\\/hakulauseet-2\\\/tarkempia-tuloksia\\\/#breadcrumb\"},\"inLanguage\":\"fi\",\"potentialAction\":[{\"@type\":\"ReadAction\",\"target\":[\"https:\\\/\\\/blogs.uef.fi\\\/tiedonhaku-metsatiede\\\/hakulauseet-2\\\/tarkempia-tuloksia\\\/\"]}]},{\"@type\":\"ImageObject\",\"inLanguage\":\"fi\",\"@id\":\"https:\\\/\\\/blogs.uef.fi\\\/tiedonhaku-metsatiede\\\/hakulauseet-2\\\/tarkempia-tuloksia\\\/#primaryimage\",\"url\":\"https:\\\/\\\/blogs.uef.fi\\\/tiedonhaku-metsatiede\\\/wp-content\\\/uploads\\\/sites\\\/47\\\/2024\\\/07\\\/muokkaus.png\",\"contentUrl\":\"https:\\\/\\\/blogs.uef.fi\\\/tiedonhaku-metsatiede\\\/wp-content\\\/uploads\\\/sites\\\/47\\\/2024\\\/07\\\/muokkaus.png\",\"width\":1237,\"height\":867,\"caption\":\"Muutokset hakulauseeseen, kun tulee liikaa tai ep\u00e4tarkkaa. K\u00e4sitteiden m\u00e4\u00e4r\u00e4: Ota mukaan lis\u00e4\u00e4 k\u00e4sitteit\u00e4 AND-operaattorilla. Hakukent\u00e4t: K\u00e4yt\u00e4 asiasana-, nimeke- ja (tiivistelm\u00e4)kentti\u00e4. Hakusanat: Tarkenna hakusana t\u00e4sm\u00e4llisemm\u00e4ksi, k\u00e4yt\u00e4 fraasia AND-operaation sijaan, k\u00e4yt\u00e4 perusvartaloa pidemp\u00e4\u00e4 sanankatkaisua tai poista sanankatkaisu, k\u00e4yt\u00e4 rajauksia eli filttereit\u00e4. Muutokset hakulauseeseen, kun tulee liian v\u00e4h\u00e4n tai aihetta ei l\u00f6ydy. K\u00e4sitteiden m\u00e4\u00e4r\u00e4: J\u00e4t\u00e4 v\u00e4hiten t\u00e4rke\u00e4 k\u00e4site pois ja hae eri yhdistelmill\u00e4. Hakukent\u00e4t: Hae vapaasti kaikista kentist\u00e4. Hakusanat: K\u00e4yt\u00e4 laajempaa termi\u00e4, muuta fraasi AND-operaatioksi, lis\u00e4\u00e4 vaihtoehtoisia sanoja OR- operaattorilla, kokeile sanankatkaisua.\"},{\"@type\":\"BreadcrumbList\",\"@id\":\"https:\\\/\\\/blogs.uef.fi\\\/tiedonhaku-metsatiede\\\/hakulauseet-2\\\/tarkempia-tuloksia\\\/#breadcrumb\",\"itemListElement\":[{\"@type\":\"ListItem\",\"position\":1,\"name\":\"Home\",\"item\":\"https:\\\/\\\/blogs.uef.fi\\\/tiedonhaku-metsatiede\\\/\"},{\"@type\":\"ListItem\",\"position\":2,\"name\":\"Hakulauseet\",\"item\":\"https:\\\/\\\/blogs.uef.fi\\\/tiedonhaku-metsatiede\\\/hakulauseet-2\\\/\"},{\"@type\":\"ListItem\",\"position\":3,\"name\":\"Hakulauseen muokkaamnen\"}]},{\"@type\":\"WebSite\",\"@id\":\"https:\\\/\\\/blogs.uef.fi\\\/tiedonhaku-metsatiede\\\/#website\",\"url\":\"https:\\\/\\\/blogs.uef.fi\\\/tiedonhaku-metsatiede\\\/\",\"name\":\"Mets\u00e4tieteen tiedonhaku \\\/ UEF KIRJASTO\",\"description\":\"Mets\u00e4tieteen tiedonhaku on kattava oppimateriaali tiedonhakuun mets\u00e4tieteilij\u00f6ille. Se sis\u00e4lt\u00e4\u00e4 yleiset tiedonhaun tekniikat sek\u00e4 mets\u00e4tieteen tiedonl\u00e4hteet ohjeineen ja esimerkkeineen.\",\"potentialAction\":[{\"@type\":\"SearchAction\",\"target\":{\"@type\":\"EntryPoint\",\"urlTemplate\":\"https:\\\/\\\/blogs.uef.fi\\\/tiedonhaku-metsatiede\\\/?s={search_term_string}\"},\"query-input\":{\"@type\":\"PropertyValueSpecification\",\"valueRequired\":true,\"valueName\":\"search_term_string\"}}],\"inLanguage\":\"fi\"}]}<\/script>\n<!-- \/ Yoast SEO plugin. -->","yoast_head_json":{"title":"Hakulauseen muokkaamnen - Mets\u00e4tieteen tiedonhaku \/ UEF KIRJASTO","robots":{"index":"index","follow":"follow","max-snippet":"max-snippet:-1","max-image-preview":"max-image-preview:large","max-video-preview":"max-video-preview:-1"},"canonical":"https:\/\/blogs.uef.fi\/tiedonhaku-metsatiede\/hakulauseet-2\/tarkempia-tuloksia\/","og_locale":"fi_FI","og_type":"article","og_title":"Hakulauseen muokkaamnen - Mets\u00e4tieteen tiedonhaku \/ UEF KIRJASTO","og_description":"Hakua voidaan muokata tarpeen mukaan: N\u00e4in saat v\u00e4hemm\u00e4n ja aiheenmukaisempia tuloksia Kun hakusi tuottaa &#8221;liian paljon&#8221; ja \/ tai aiheeltaan ep\u00e4m\u00e4\u00e4r\u00e4isi\u00e4 tuloksia, kokeile seuraavia keinoja N\u00e4in kasvatat tulosten m\u00e4\u00e4r\u00e4\u00e4 Kun hakulauseesi tuottaa vain v\u00e4h\u00e4n tuloksia, voit kokeilla seuraavia keinoja: Vinkki:Joskus jokin yksitt\u00e4inen sana voi olla tietokannassa niin harvinainen, ett\u00e4 sen rinnalle ei kannata ottaa mit\u00e4\u00e4n [&hellip;]","og_url":"https:\/\/blogs.uef.fi\/tiedonhaku-metsatiede\/hakulauseet-2\/tarkempia-tuloksia\/","og_site_name":"Mets\u00e4tieteen tiedonhaku \/ UEF KIRJASTO","article_modified_time":"2024-08-05T07:05:25+00:00","og_image":[{"url":"https:\/\/blogs.uef.fi\/tiedonhaku-metsatiede\/wp-content\/uploads\/sites\/47\/2024\/07\/muokkaus.png","type":"","width":"","height":""}],"twitter_card":"summary_large_image","schema":{"@context":"https:\/\/schema.org","@graph":[{"@type":"WebPage","@id":"https:\/\/blogs.uef.fi\/tiedonhaku-metsatiede\/hakulauseet-2\/tarkempia-tuloksia\/","url":"https:\/\/blogs.uef.fi\/tiedonhaku-metsatiede\/hakulauseet-2\/tarkempia-tuloksia\/","name":"Hakulauseen muokkaamnen - Mets\u00e4tieteen tiedonhaku \/ UEF KIRJASTO","isPartOf":{"@id":"https:\/\/blogs.uef.fi\/tiedonhaku-metsatiede\/#website"},"primaryImageOfPage":{"@id":"https:\/\/blogs.uef.fi\/tiedonhaku-metsatiede\/hakulauseet-2\/tarkempia-tuloksia\/#primaryimage"},"image":{"@id":"https:\/\/blogs.uef.fi\/tiedonhaku-metsatiede\/hakulauseet-2\/tarkempia-tuloksia\/#primaryimage"},"thumbnailUrl":"https:\/\/blogs.uef.fi\/tiedonhaku-metsatiede\/wp-content\/uploads\/sites\/47\/2024\/07\/muokkaus.png","datePublished":"2015-11-03T08:42:40+00:00","dateModified":"2024-08-05T07:05:25+00:00","breadcrumb":{"@id":"https:\/\/blogs.uef.fi\/tiedonhaku-metsatiede\/hakulauseet-2\/tarkempia-tuloksia\/#breadcrumb"},"inLanguage":"fi","potentialAction":[{"@type":"ReadAction","target":["https:\/\/blogs.uef.fi\/tiedonhaku-metsatiede\/hakulauseet-2\/tarkempia-tuloksia\/"]}]},{"@type":"ImageObject","inLanguage":"fi","@id":"https:\/\/blogs.uef.fi\/tiedonhaku-metsatiede\/hakulauseet-2\/tarkempia-tuloksia\/#primaryimage","url":"https:\/\/blogs.uef.fi\/tiedonhaku-metsatiede\/wp-content\/uploads\/sites\/47\/2024\/07\/muokkaus.png","contentUrl":"https:\/\/blogs.uef.fi\/tiedonhaku-metsatiede\/wp-content\/uploads\/sites\/47\/2024\/07\/muokkaus.png","width":1237,"height":867,"caption":"Muutokset hakulauseeseen, kun tulee liikaa tai ep\u00e4tarkkaa. K\u00e4sitteiden m\u00e4\u00e4r\u00e4: Ota mukaan lis\u00e4\u00e4 k\u00e4sitteit\u00e4 AND-operaattorilla. Hakukent\u00e4t: K\u00e4yt\u00e4 asiasana-, nimeke- ja (tiivistelm\u00e4)kentti\u00e4. Hakusanat: Tarkenna hakusana t\u00e4sm\u00e4llisemm\u00e4ksi, k\u00e4yt\u00e4 fraasia AND-operaation sijaan, k\u00e4yt\u00e4 perusvartaloa pidemp\u00e4\u00e4 sanankatkaisua tai poista sanankatkaisu, k\u00e4yt\u00e4 rajauksia eli filttereit\u00e4. Muutokset hakulauseeseen, kun tulee liian v\u00e4h\u00e4n tai aihetta ei l\u00f6ydy. K\u00e4sitteiden m\u00e4\u00e4r\u00e4: J\u00e4t\u00e4 v\u00e4hiten t\u00e4rke\u00e4 k\u00e4site pois ja hae eri yhdistelmill\u00e4. Hakukent\u00e4t: Hae vapaasti kaikista kentist\u00e4. Hakusanat: K\u00e4yt\u00e4 laajempaa termi\u00e4, muuta fraasi AND-operaatioksi, lis\u00e4\u00e4 vaihtoehtoisia sanoja OR- operaattorilla, kokeile sanankatkaisua."},{"@type":"BreadcrumbList","@id":"https:\/\/blogs.uef.fi\/tiedonhaku-metsatiede\/hakulauseet-2\/tarkempia-tuloksia\/#breadcrumb","itemListElement":[{"@type":"ListItem","position":1,"name":"Home","item":"https:\/\/blogs.uef.fi\/tiedonhaku-metsatiede\/"},{"@type":"ListItem","position":2,"name":"Hakulauseet","item":"https:\/\/blogs.uef.fi\/tiedonhaku-metsatiede\/hakulauseet-2\/"},{"@type":"ListItem","position":3,"name":"Hakulauseen muokkaamnen"}]},{"@type":"WebSite","@id":"https:\/\/blogs.uef.fi\/tiedonhaku-metsatiede\/#website","url":"https:\/\/blogs.uef.fi\/tiedonhaku-metsatiede\/","name":"Mets\u00e4tieteen tiedonhaku \/ UEF KIRJASTO","description":"Mets\u00e4tieteen tiedonhaku on kattava oppimateriaali tiedonhakuun mets\u00e4tieteilij\u00f6ille. Se sis\u00e4lt\u00e4\u00e4 yleiset tiedonhaun tekniikat sek\u00e4 mets\u00e4tieteen tiedonl\u00e4hteet ohjeineen ja esimerkkeineen.","potentialAction":[{"@type":"SearchAction","target":{"@type":"EntryPoint","urlTemplate":"https:\/\/blogs.uef.fi\/tiedonhaku-metsatiede\/?s={search_term_string}"},"query-input":{"@type":"PropertyValueSpecification","valueRequired":true,"valueName":"search_term_string"}}],"inLanguage":"fi"}]}},"_links":{"self":[{"href":"https:\/\/blogs.uef.fi\/tiedonhaku-metsatiede\/wp-json\/wp\/v2\/pages\/129","targetHints":{"allow":["GET"]}}],"collection":[{"href":"https:\/\/blogs.uef.fi\/tiedonhaku-metsatiede\/wp-json\/wp\/v2\/pages"}],"about":[{"href":"https:\/\/blogs.uef.fi\/tiedonhaku-metsatiede\/wp-json\/wp\/v2\/types\/page"}],"author":[{"embeddable":true,"href":"https:\/\/blogs.uef.fi\/tiedonhaku-metsatiede\/wp-json\/wp\/v2\/users\/127"}],"replies":[{"embeddable":true,"href":"https:\/\/blogs.uef.fi\/tiedonhaku-metsatiede\/wp-json\/wp\/v2\/comments?post=129"}],"version-history":[{"count":2,"href":"https:\/\/blogs.uef.fi\/tiedonhaku-metsatiede\/wp-json\/wp\/v2\/pages\/129\/revisions"}],"predecessor-version":[{"id":3841,"href":"https:\/\/blogs.uef.fi\/tiedonhaku-metsatiede\/wp-json\/wp\/v2\/pages\/129\/revisions\/3841"}],"up":[{"embeddable":true,"href":"https:\/\/blogs.uef.fi\/tiedonhaku-metsatiede\/wp-json\/wp\/v2\/pages\/585"}],"wp:attachment":[{"href":"https:\/\/blogs.uef.fi\/tiedonhaku-metsatiede\/wp-json\/wp\/v2\/media?parent=129"}],"curies":[{"name":"wp","href":"https:\/\/api.w.org\/{rel}","templated":true}]}}