{"id":121,"date":"2015-11-03T07:58:38","date_gmt":"2015-11-03T07:58:38","guid":{"rendered":"https:\/\/ueflibraryfor.wordpress.com\/?page_id=121"},"modified":"2025-01-23T10:32:26","modified_gmt":"2025-01-23T08:32:26","slug":"opinnaytteiden-hakeminen","status":"publish","type":"page","link":"https:\/\/blogs.uef.fi\/tiedonhaku-metsatiede\/hakukoneet\/opinnaytteiden-hakeminen\/","title":{"rendered":"Opinn\u00e4ytteiden hakeminen"},"content":{"rendered":"\n<p>Opinn\u00e4ytteet tallennetaan korkeakoulujen omiin <strong>julkaisuarkistoihin<\/strong>. Tiedot opinn\u00e4ytteist\u00e4 tallentaan <strong>kirjastotietokantoihin<\/strong>.<\/p>\n\n\n\n<p>Vanhemmat opinn\u00e4ytteet (UEFissa ennen vuotta 2012) ovat kirjastoissa vain <strong>painettuina tai mikrotallenteina<\/strong>.<\/p>\n\n\n\n<p>Opinn\u00e4ytteit\u00e4 voisi siis hakea esimerkiksi:<\/p>\n\n\n\n<ul class=\"wp-block-list\">\n<li><a href=\"https:\/\/primo.uef.fi\/discovery\/search?vid=358FIN_UOEF:VU1\" target=\"_blank\" rel=\"noopener\">UEF-Primosta<\/a><\/li>\n\n\n\n<li>kansallisesta <a href=\"https:\/\/finna.fi\/\" target=\"_blank\" rel=\"noopener\">Finnasta<\/a><\/li>\n\n\n\n<li><a href=\"https:\/\/erepo.uef.fi\/\" target=\"_blank\" rel=\"noopener\">UEF-eReposta<\/a> (UEFin julkaisuarkisto)<\/li>\n\n\n\n<li>Googlella (vinkki: lis\u00e4\u00e4 hakusanaksi gradu \/ v\u00e4it\u00f6skirja \/ thesis yms.)<\/li>\n<\/ul>\n\n\n\n<h2 class=\"wp-block-heading\">Hakuvinkit<\/h2>\n\n\n\n<p>Voit tehd\u00e4 normaalisti <strong>aiheenmukaista hakua kirjastotietokannassa<\/strong>. Kun hakutulos on valmis, voit rajata tulokseen vain opinn\u00e4ytteet.<\/p>\n\n\n\n<figure class=\"wp-block-image size-full alignnone is-resized wp-image-1245\"><img loading=\"lazy\" decoding=\"async\" width=\"1324\" height=\"601\" src=\"https:\/\/blogs.uef.fi\/tiedonhaku-metsatiede\/wp-content\/uploads\/sites\/47\/2020\/10\/UP_opinnayteet.jpg\" alt=\"Kuvakaappaus UEF-Primon hakusivusta. hakurivill\u00e4 hakusana mets\u00e4t. Tuloksia on tullut 2240, joista n\u00e4kyvill\u00e4 on kaksi ensimm\u00e4ist\u00e4. Tuloksia on rajattu oikealta Muokkaa hakuasi -sarakkeesta.\" class=\"wp-image-1245\" srcset=\"https:\/\/blogs.uef.fi\/tiedonhaku-metsatiede\/wp-content\/uploads\/sites\/47\/2020\/10\/UP_opinnayteet.jpg 1324w, https:\/\/blogs.uef.fi\/tiedonhaku-metsatiede\/wp-content\/uploads\/sites\/47\/2020\/10\/UP_opinnayteet-300x136.jpg 300w, https:\/\/blogs.uef.fi\/tiedonhaku-metsatiede\/wp-content\/uploads\/sites\/47\/2020\/10\/UP_opinnayteet-1024x465.jpg 1024w, https:\/\/blogs.uef.fi\/tiedonhaku-metsatiede\/wp-content\/uploads\/sites\/47\/2020\/10\/UP_opinnayteet-768x349.jpg 768w\" sizes=\"auto, (max-width: 1324px) 100vw, 1324px\" \/><figcaption class=\"wp-element-caption\"><em>T\u00e4ss\u00e4 esimerkiss\u00e4 haku UEF-Primosta on tehty hyvin yleisell\u00e4 tasolla, hakusana on mets\u00e4t. Rajaus opinn\u00e4ytteisiin tapahtuu valikosta Aineistotyyppi. Opinn\u00e4ytteen tyyppi\u00e4 ei voi rajata tarkemmin, esimerkiksi vain graduihin.<\/em><\/figcaption><\/figure>\n\n\n\n<figure class=\"wp-block-image is-resized alignnone wp-image-2070\"><img loading=\"lazy\" decoding=\"async\" width=\"380\" height=\"760\" src=\"https:\/\/blogs.uef.fi\/tiedonhaku-metsatiede\/wp-content\/uploads\/sites\/47\/2021\/06\/opinnaytteet_finna.png\" alt=\"Yksityiskohta Finna.fi -tulossivulta. Rajaa hakua -valikossa n\u00e4kyvill\u00e4 eri rajausmahdollisuuksia, joista on valittu Opinn\u00e4yte. \" class=\"wp-image-2070\" style=\"width:auto;height:600px\" srcset=\"https:\/\/blogs.uef.fi\/tiedonhaku-metsatiede\/wp-content\/uploads\/sites\/47\/2021\/06\/opinnaytteet_finna.png 380w, https:\/\/blogs.uef.fi\/tiedonhaku-metsatiede\/wp-content\/uploads\/sites\/47\/2021\/06\/opinnaytteet_finna-150x300.png 150w\" sizes=\"auto, (max-width: 380px) 100vw, 380px\" \/><figcaption class=\"wp-element-caption\"><em>Finnassa opinn\u00e4ytteit\u00e4 voi rajata UEF-Primoa tarkemmin opinn\u00e4ytteen tyypin mukaan. Huomaa, ett\u00e4 kandit\u00f6it\u00e4 tallentavat kirjastotietokantoihin vain harvat yliopistot. UEFissa kandit\u00f6it\u00e4 ei tallenneta julkaisuarkistoon eik\u00e4 tietokantaan.<\/em><\/figcaption><\/figure>\n\n\n\n<p><strong>Julkaisuarkistoissa<\/strong>, kuten UEF-eRepo, opinn\u00e4ytteit\u00e4 on mahdollista <strong>selata<\/strong> esimerkiksi laitoksen mukaan.<\/p>\n\n\n\n<figure class=\"wp-block-image size-full alignnone is-resized wp-image-2073\"><img loading=\"lazy\" decoding=\"async\" width=\"1493\" height=\"1032\" src=\"https:\/\/blogs.uef.fi\/tiedonhaku-metsatiede\/wp-content\/uploads\/sites\/47\/2025\/01\/erepo.png\" alt=\"Kuvakaappaus UEF\/\/ERepository sivusta. Esill\u00e4 on kokoelma Opinn\u00e4ytteet \u2013 Pro gradut. Selausperusteeksi on valittu Laitos. Alla on lista laitoksista aakkosj\u00e4rjestyksess\u00e4.\" class=\"wp-image-3897\" srcset=\"https:\/\/blogs.uef.fi\/tiedonhaku-metsatiede\/wp-content\/uploads\/sites\/47\/2025\/01\/erepo.png 1493w, https:\/\/blogs.uef.fi\/tiedonhaku-metsatiede\/wp-content\/uploads\/sites\/47\/2025\/01\/erepo-300x207.png 300w, https:\/\/blogs.uef.fi\/tiedonhaku-metsatiede\/wp-content\/uploads\/sites\/47\/2025\/01\/erepo-1024x708.png 1024w, https:\/\/blogs.uef.fi\/tiedonhaku-metsatiede\/wp-content\/uploads\/sites\/47\/2025\/01\/erepo-768x531.png 768w\" sizes=\"auto, (max-width: 1493px) 100vw, 1493px\" \/><figcaption class=\"wp-element-caption\"><em>ERepossa valitaan etusivulta Yhteis\u00f6t ja kokoelmat. T\u00e4m\u00e4n j\u00e4lkeen voi valita opinn\u00e4ytteen tyypin, esim. pro gradut. Sen j\u00e4lkeen voi valita selausperusteen, t\u00e4ss\u00e4 se on Laitos. Mets\u00e4tieteen graduja l\u00f6ytyy kohdasta \u2019Mets\u00e4tieteiden osasto\u2019.<\/em><\/figcaption><\/figure>\n\n\n\n<h2 class=\"wp-block-heading\">V\u00e4it\u00f6skirjat<strong><br><\/strong><\/h2>\n\n\n\n<p><strong>Mets\u00e4v\u00e4it\u00f6skirjat<\/strong> ovat nykyisin l\u00e4hes aina ns. nippuv\u00e4it\u00f6skirjoja, joiden keskeisen sis\u00e4ll\u00f6n v\u00e4ittelij\u00e4 on jo julkaissut <strong>tieteellisiss\u00e4 lehdiss\u00e4 artikkeleina<\/strong>. Varsinainen v\u00e4it\u00f6skirja sis\u00e4lt\u00e4\u00e4 yhteenvedon artikkeleista sek\u00e4 itse artikkelit liitteen\u00e4.<br>Aiemmin v\u00e4it\u00f6skirja oli yksi yhten\u00e4inen julkaisu.<\/p>\n\n\n\n<p>Suomalaiset mets\u00e4v\u00e4it\u00f6kset julkaistaan verkkojulkaisuna sarjassa nimelt\u00e4 <span style=\"color: #000000\"><a href=\"http:\/\/www.metla.fi\/dissertationes\/index.htm\" target=\"_blank\" rel=\"noopener noreferrer\">Dissertationes forestales.<\/a> <\/span><br>Ruotsalaisia mets\u00e4v\u00e4it\u00f6ksi\u00e4 on julkaisuarkistossa <a href=\"http:\/\/pub.epsilon.slu.se\/cgi\/search\/advanced\" target=\"_blank\" rel=\"noopener noreferrer\">Epsilon Open Archive &#8211; electronic publishing at the SLU<\/a>.<\/p>\n\n\n\n<p class=\"has-text-align-right\">Seuraava sivu: <a href=\"https:\/\/blogs.uef.fi\/tiedonhaku-metsatiede\/tilastotietojen-haku\/\">Tilastotietojen hakeminen.<\/a><\/p>\n","protected":false},"excerpt":{"rendered":"<p>Opinn\u00e4ytteet tallennetaan korkeakoulujen omiin julkaisuarkistoihin. Tiedot opinn\u00e4ytteist\u00e4 tallentaan kirjastotietokantoihin. Vanhemmat opinn\u00e4ytteet (UEFissa ennen vuotta 2012) ovat kirjastoissa vain painettuina tai mikrotallenteina. Opinn\u00e4ytteit\u00e4 voisi siis hakea esimerkiksi: Hakuvinkit Voit tehd\u00e4 normaalisti aiheenmukaista hakua kirjastotietokannassa. Kun hakutulos on valmis, voit rajata tulokseen vain opinn\u00e4ytteet. Julkaisuarkistoissa, kuten UEF-eRepo, opinn\u00e4ytteit\u00e4 on mahdollista selata esimerkiksi laitoksen mukaan. V\u00e4it\u00f6skirjat Mets\u00e4v\u00e4it\u00f6skirjat ovat [&hellip;]<\/p>\n","protected":false},"author":127,"featured_media":0,"parent":589,"menu_order":0,"comment_status":"closed","ping_status":"closed","template":"","meta":{"_acf_changed":false,"footnotes":""},"class_list":["post-121","page","type-page","status-publish","hentry"],"acf":[],"yoast_head":"<!-- This site is optimized with the Yoast SEO plugin v27.1.1 - https:\/\/yoast.com\/product\/yoast-seo-wordpress\/ -->\n<title>Opinn\u00e4ytteiden hakeminen - Mets\u00e4tieteen tiedonhaku \/ UEF KIRJASTO<\/title>\n<meta name=\"robots\" content=\"index, follow, max-snippet:-1, max-image-preview:large, max-video-preview:-1\" \/>\n<link rel=\"canonical\" href=\"https:\/\/blogs.uef.fi\/tiedonhaku-metsatiede\/hakukoneet\/opinnaytteiden-hakeminen\/\" \/>\n<meta property=\"og:locale\" content=\"fi_FI\" \/>\n<meta property=\"og:type\" content=\"article\" \/>\n<meta property=\"og:title\" content=\"Opinn\u00e4ytteiden hakeminen - Mets\u00e4tieteen tiedonhaku \/ UEF KIRJASTO\" \/>\n<meta property=\"og:description\" content=\"Opinn\u00e4ytteet tallennetaan korkeakoulujen omiin julkaisuarkistoihin. Tiedot opinn\u00e4ytteist\u00e4 tallentaan kirjastotietokantoihin. Vanhemmat opinn\u00e4ytteet (UEFissa ennen vuotta 2012) ovat kirjastoissa vain painettuina tai mikrotallenteina. Opinn\u00e4ytteit\u00e4 voisi siis hakea esimerkiksi: Hakuvinkit Voit tehd\u00e4 normaalisti aiheenmukaista hakua kirjastotietokannassa. Kun hakutulos on valmis, voit rajata tulokseen vain opinn\u00e4ytteet. Julkaisuarkistoissa, kuten UEF-eRepo, opinn\u00e4ytteit\u00e4 on mahdollista selata esimerkiksi laitoksen mukaan. V\u00e4it\u00f6skirjat Mets\u00e4v\u00e4it\u00f6skirjat ovat [&hellip;]\" \/>\n<meta property=\"og:url\" content=\"https:\/\/blogs.uef.fi\/tiedonhaku-metsatiede\/hakukoneet\/opinnaytteiden-hakeminen\/\" \/>\n<meta property=\"og:site_name\" content=\"Mets\u00e4tieteen tiedonhaku \/ UEF KIRJASTO\" \/>\n<meta property=\"article:modified_time\" content=\"2025-01-23T08:32:26+00:00\" \/>\n<meta property=\"og:image\" content=\"https:\/\/blogs.uef.fi\/tiedonhaku-metsatiede\/wp-content\/uploads\/sites\/47\/2020\/10\/UP_opinnayteet.jpg\" \/>\n\t<meta property=\"og:image:width\" content=\"1324\" \/>\n\t<meta property=\"og:image:height\" content=\"601\" \/>\n\t<meta property=\"og:image:type\" content=\"image\/jpeg\" \/>\n<meta name=\"twitter:card\" content=\"summary_large_image\" \/>\n<meta name=\"twitter:label1\" content=\"Arvioitu lukuaika\" \/>\n\t<meta name=\"twitter:data1\" content=\"2 minuuttia\" \/>\n<script type=\"application\/ld+json\" class=\"yoast-schema-graph\">{\"@context\":\"https:\/\/schema.org\",\"@graph\":[{\"@type\":\"WebPage\",\"@id\":\"https:\/\/blogs.uef.fi\/tiedonhaku-metsatiede\/hakukoneet\/opinnaytteiden-hakeminen\/\",\"url\":\"https:\/\/blogs.uef.fi\/tiedonhaku-metsatiede\/hakukoneet\/opinnaytteiden-hakeminen\/\",\"name\":\"Opinn\u00e4ytteiden hakeminen - Mets\u00e4tieteen tiedonhaku \/ UEF KIRJASTO\",\"isPartOf\":{\"@id\":\"https:\/\/blogs.uef.fi\/tiedonhaku-metsatiede\/#website\"},\"primaryImageOfPage\":{\"@id\":\"https:\/\/blogs.uef.fi\/tiedonhaku-metsatiede\/hakukoneet\/opinnaytteiden-hakeminen\/#primaryimage\"},\"image\":{\"@id\":\"https:\/\/blogs.uef.fi\/tiedonhaku-metsatiede\/hakukoneet\/opinnaytteiden-hakeminen\/#primaryimage\"},\"thumbnailUrl\":\"https:\/\/blogs.uef.fi\/tiedonhaku-metsatiede\/wp-content\/uploads\/sites\/47\/2020\/10\/UP_opinnayteet.jpg\",\"datePublished\":\"2015-11-03T07:58:38+00:00\",\"dateModified\":\"2025-01-23T08:32:26+00:00\",\"breadcrumb\":{\"@id\":\"https:\/\/blogs.uef.fi\/tiedonhaku-metsatiede\/hakukoneet\/opinnaytteiden-hakeminen\/#breadcrumb\"},\"inLanguage\":\"fi\",\"potentialAction\":[{\"@type\":\"ReadAction\",\"target\":[\"https:\/\/blogs.uef.fi\/tiedonhaku-metsatiede\/hakukoneet\/opinnaytteiden-hakeminen\/\"]}]},{\"@type\":\"ImageObject\",\"inLanguage\":\"fi\",\"@id\":\"https:\/\/blogs.uef.fi\/tiedonhaku-metsatiede\/hakukoneet\/opinnaytteiden-hakeminen\/#primaryimage\",\"url\":\"https:\/\/blogs.uef.fi\/tiedonhaku-metsatiede\/wp-content\/uploads\/sites\/47\/2020\/10\/UP_opinnayteet.jpg\",\"contentUrl\":\"https:\/\/blogs.uef.fi\/tiedonhaku-metsatiede\/wp-content\/uploads\/sites\/47\/2020\/10\/UP_opinnayteet.jpg\",\"width\":1324,\"height\":601},{\"@type\":\"BreadcrumbList\",\"@id\":\"https:\/\/blogs.uef.fi\/tiedonhaku-metsatiede\/hakukoneet\/opinnaytteiden-hakeminen\/#breadcrumb\",\"itemListElement\":[{\"@type\":\"ListItem\",\"position\":1,\"name\":\"Home\",\"item\":\"https:\/\/blogs.uef.fi\/tiedonhaku-metsatiede\/\"},{\"@type\":\"ListItem\",\"position\":2,\"name\":\"Hakukoneet\",\"item\":\"https:\/\/blogs.uef.fi\/tiedonhaku-metsatiede\/hakukoneet\/\"},{\"@type\":\"ListItem\",\"position\":3,\"name\":\"Opinn\u00e4ytteiden hakeminen\"}]},{\"@type\":\"WebSite\",\"@id\":\"https:\/\/blogs.uef.fi\/tiedonhaku-metsatiede\/#website\",\"url\":\"https:\/\/blogs.uef.fi\/tiedonhaku-metsatiede\/\",\"name\":\"Mets\u00e4tieteen tiedonhaku \/ UEF KIRJASTO\",\"description\":\"Mets\u00e4tieteen tiedonhaku on kattava oppimateriaali tiedonhakuun mets\u00e4tieteilij\u00f6ille. Se sis\u00e4lt\u00e4\u00e4 yleiset tiedonhaun tekniikat sek\u00e4 mets\u00e4tieteen tiedonl\u00e4hteet ohjeineen ja esimerkkeineen.\",\"potentialAction\":[{\"@type\":\"SearchAction\",\"target\":{\"@type\":\"EntryPoint\",\"urlTemplate\":\"https:\/\/blogs.uef.fi\/tiedonhaku-metsatiede\/?s={search_term_string}\"},\"query-input\":{\"@type\":\"PropertyValueSpecification\",\"valueRequired\":true,\"valueName\":\"search_term_string\"}}],\"inLanguage\":\"fi\"}]}<\/script>\n<!-- \/ Yoast SEO plugin. -->","yoast_head_json":{"title":"Opinn\u00e4ytteiden hakeminen - Mets\u00e4tieteen tiedonhaku \/ UEF KIRJASTO","robots":{"index":"index","follow":"follow","max-snippet":"max-snippet:-1","max-image-preview":"max-image-preview:large","max-video-preview":"max-video-preview:-1"},"canonical":"https:\/\/blogs.uef.fi\/tiedonhaku-metsatiede\/hakukoneet\/opinnaytteiden-hakeminen\/","og_locale":"fi_FI","og_type":"article","og_title":"Opinn\u00e4ytteiden hakeminen - Mets\u00e4tieteen tiedonhaku \/ UEF KIRJASTO","og_description":"Opinn\u00e4ytteet tallennetaan korkeakoulujen omiin julkaisuarkistoihin. Tiedot opinn\u00e4ytteist\u00e4 tallentaan kirjastotietokantoihin. Vanhemmat opinn\u00e4ytteet (UEFissa ennen vuotta 2012) ovat kirjastoissa vain painettuina tai mikrotallenteina. Opinn\u00e4ytteit\u00e4 voisi siis hakea esimerkiksi: Hakuvinkit Voit tehd\u00e4 normaalisti aiheenmukaista hakua kirjastotietokannassa. Kun hakutulos on valmis, voit rajata tulokseen vain opinn\u00e4ytteet. Julkaisuarkistoissa, kuten UEF-eRepo, opinn\u00e4ytteit\u00e4 on mahdollista selata esimerkiksi laitoksen mukaan. V\u00e4it\u00f6skirjat Mets\u00e4v\u00e4it\u00f6skirjat ovat [&hellip;]","og_url":"https:\/\/blogs.uef.fi\/tiedonhaku-metsatiede\/hakukoneet\/opinnaytteiden-hakeminen\/","og_site_name":"Mets\u00e4tieteen tiedonhaku \/ UEF KIRJASTO","article_modified_time":"2025-01-23T08:32:26+00:00","og_image":[{"width":1324,"height":601,"url":"https:\/\/blogs.uef.fi\/tiedonhaku-metsatiede\/wp-content\/uploads\/sites\/47\/2020\/10\/UP_opinnayteet.jpg","type":"image\/jpeg"}],"twitter_card":"summary_large_image","twitter_misc":{"Arvioitu lukuaika":"2 minuuttia"},"schema":{"@context":"https:\/\/schema.org","@graph":[{"@type":"WebPage","@id":"https:\/\/blogs.uef.fi\/tiedonhaku-metsatiede\/hakukoneet\/opinnaytteiden-hakeminen\/","url":"https:\/\/blogs.uef.fi\/tiedonhaku-metsatiede\/hakukoneet\/opinnaytteiden-hakeminen\/","name":"Opinn\u00e4ytteiden hakeminen - Mets\u00e4tieteen tiedonhaku \/ UEF KIRJASTO","isPartOf":{"@id":"https:\/\/blogs.uef.fi\/tiedonhaku-metsatiede\/#website"},"primaryImageOfPage":{"@id":"https:\/\/blogs.uef.fi\/tiedonhaku-metsatiede\/hakukoneet\/opinnaytteiden-hakeminen\/#primaryimage"},"image":{"@id":"https:\/\/blogs.uef.fi\/tiedonhaku-metsatiede\/hakukoneet\/opinnaytteiden-hakeminen\/#primaryimage"},"thumbnailUrl":"https:\/\/blogs.uef.fi\/tiedonhaku-metsatiede\/wp-content\/uploads\/sites\/47\/2020\/10\/UP_opinnayteet.jpg","datePublished":"2015-11-03T07:58:38+00:00","dateModified":"2025-01-23T08:32:26+00:00","breadcrumb":{"@id":"https:\/\/blogs.uef.fi\/tiedonhaku-metsatiede\/hakukoneet\/opinnaytteiden-hakeminen\/#breadcrumb"},"inLanguage":"fi","potentialAction":[{"@type":"ReadAction","target":["https:\/\/blogs.uef.fi\/tiedonhaku-metsatiede\/hakukoneet\/opinnaytteiden-hakeminen\/"]}]},{"@type":"ImageObject","inLanguage":"fi","@id":"https:\/\/blogs.uef.fi\/tiedonhaku-metsatiede\/hakukoneet\/opinnaytteiden-hakeminen\/#primaryimage","url":"https:\/\/blogs.uef.fi\/tiedonhaku-metsatiede\/wp-content\/uploads\/sites\/47\/2020\/10\/UP_opinnayteet.jpg","contentUrl":"https:\/\/blogs.uef.fi\/tiedonhaku-metsatiede\/wp-content\/uploads\/sites\/47\/2020\/10\/UP_opinnayteet.jpg","width":1324,"height":601},{"@type":"BreadcrumbList","@id":"https:\/\/blogs.uef.fi\/tiedonhaku-metsatiede\/hakukoneet\/opinnaytteiden-hakeminen\/#breadcrumb","itemListElement":[{"@type":"ListItem","position":1,"name":"Home","item":"https:\/\/blogs.uef.fi\/tiedonhaku-metsatiede\/"},{"@type":"ListItem","position":2,"name":"Hakukoneet","item":"https:\/\/blogs.uef.fi\/tiedonhaku-metsatiede\/hakukoneet\/"},{"@type":"ListItem","position":3,"name":"Opinn\u00e4ytteiden hakeminen"}]},{"@type":"WebSite","@id":"https:\/\/blogs.uef.fi\/tiedonhaku-metsatiede\/#website","url":"https:\/\/blogs.uef.fi\/tiedonhaku-metsatiede\/","name":"Mets\u00e4tieteen tiedonhaku \/ UEF KIRJASTO","description":"Mets\u00e4tieteen tiedonhaku on kattava oppimateriaali tiedonhakuun mets\u00e4tieteilij\u00f6ille. Se sis\u00e4lt\u00e4\u00e4 yleiset tiedonhaun tekniikat sek\u00e4 mets\u00e4tieteen tiedonl\u00e4hteet ohjeineen ja esimerkkeineen.","potentialAction":[{"@type":"SearchAction","target":{"@type":"EntryPoint","urlTemplate":"https:\/\/blogs.uef.fi\/tiedonhaku-metsatiede\/?s={search_term_string}"},"query-input":{"@type":"PropertyValueSpecification","valueRequired":true,"valueName":"search_term_string"}}],"inLanguage":"fi"}]}},"_links":{"self":[{"href":"https:\/\/blogs.uef.fi\/tiedonhaku-metsatiede\/wp-json\/wp\/v2\/pages\/121","targetHints":{"allow":["GET"]}}],"collection":[{"href":"https:\/\/blogs.uef.fi\/tiedonhaku-metsatiede\/wp-json\/wp\/v2\/pages"}],"about":[{"href":"https:\/\/blogs.uef.fi\/tiedonhaku-metsatiede\/wp-json\/wp\/v2\/types\/page"}],"author":[{"embeddable":true,"href":"https:\/\/blogs.uef.fi\/tiedonhaku-metsatiede\/wp-json\/wp\/v2\/users\/127"}],"replies":[{"embeddable":true,"href":"https:\/\/blogs.uef.fi\/tiedonhaku-metsatiede\/wp-json\/wp\/v2\/comments?post=121"}],"version-history":[{"count":1,"href":"https:\/\/blogs.uef.fi\/tiedonhaku-metsatiede\/wp-json\/wp\/v2\/pages\/121\/revisions"}],"predecessor-version":[{"id":3899,"href":"https:\/\/blogs.uef.fi\/tiedonhaku-metsatiede\/wp-json\/wp\/v2\/pages\/121\/revisions\/3899"}],"up":[{"embeddable":true,"href":"https:\/\/blogs.uef.fi\/tiedonhaku-metsatiede\/wp-json\/wp\/v2\/pages\/589"}],"wp:attachment":[{"href":"https:\/\/blogs.uef.fi\/tiedonhaku-metsatiede\/wp-json\/wp\/v2\/media?parent=121"}],"curies":[{"name":"wp","href":"https:\/\/api.w.org\/{rel}","templated":true}]}}