{"id":115,"date":"2015-11-03T07:45:07","date_gmt":"2015-11-03T07:45:07","guid":{"rendered":"https:\/\/ueflibraryfor.wordpress.com\/?page_id=115"},"modified":"2024-05-17T14:02:13","modified_gmt":"2024-05-17T11:02:13","slug":"sarjojen-ja-kokousjulkaisujen-haku","status":"publish","type":"page","link":"https:\/\/blogs.uef.fi\/tiedonhaku-metsatiede\/hakukoneet\/sarjojen-ja-kokousjulkaisujen-haku\/","title":{"rendered":"Sarjojen ja kokousjulkaisujen hakeminen"},"content":{"rendered":"\n<h2 class=\"wp-block-heading\">Sarjat<\/h2>\n\n\n\n<p>Peruslinja nykyisin on, ett\u00e4 sarjajulkaisut ovat <strong>vapaasti verkossa luettavissa.<\/strong> Verkkojulkaiseminen yleistyi kuitenkin vaihtelevasti 2000-luvulla, eik\u00e4 vanhempia aineistoja ole aina tuotu takautuvasti verkkoon. <strong>Vanhemmat aineistot<\/strong> l\u00f6ytyv\u00e4t painettuina kirjastoista.<\/p>\n\n\n\n<p>Kansainv\u00e4lisiin tietokantoihin sarjajulkaisut l\u00f6yt\u00e4v\u00e4t tiens\u00e4 huonommin, etenkin vanhemmat osat, joissa julkaisukieli on muu kuin englanti.<\/p>\n\n\n\n<p>Mm. ruotsalainen <strong>SkogForsk report<\/strong> ja norjalainen <strong>Skogforsk Redog\u00f6relse<\/strong> l\u00f6ytyv\u00e4t parhaiten kirjastotietokannoista tai kansallisista tietokannoista: esimerkiksi Ruotsin <a href=\"http:\/\/libris.kb.se\/\" target=\"_blank\" rel=\"noopener noreferrer\">Libris<\/a> vastaa suomalaista kansallista <a href=\"https:\/\/finna.fi\" target=\"_blank\" rel=\"noopener noreferrer\">Finnaa<\/a>.<\/p>\n\n\n\n<h3 class=\"wp-block-heading\">Uudet sarjajulkaisut l\u00f6ytyv\u00e4t helpoiten yleisill\u00e4 hakukoneilla<strong><br><\/strong><\/h3>\n\n\n\n<figure class=\"wp-block-image size-medium\"><img loading=\"lazy\" decoding=\"async\" width=\"209\" height=\"300\" src=\"https:\/\/blogs.uef.fi\/tiedonhaku-metsatiede\/wp-content\/uploads\/sites\/47\/2015\/11\/luke-209x300.jpg\" alt=\"Kirjan kansikuva. Tekstin\u00e4 kirjan ja sarjan nimi (Luonnonvara- ja biotalouden tutkimus 54\/2015) sek\u00e4 tekij\u00e4t ja julkaisija. Kuvituksena kuva mets\u00e4koneesta.\" class=\"wp-image-118\" srcset=\"https:\/\/blogs.uef.fi\/tiedonhaku-metsatiede\/wp-content\/uploads\/sites\/47\/2015\/11\/luke-209x300.jpg 209w, https:\/\/blogs.uef.fi\/tiedonhaku-metsatiede\/wp-content\/uploads\/sites\/47\/2015\/11\/luke.jpg 542w\" sizes=\"auto, (max-width: 209px) 100vw, 209px\" \/><figcaption class=\"wp-element-caption\">Esimerkiksi <strong>Luonnonvara- ja biotalouden tutkimus<\/strong>, <strong>Dissertationes Forestales, EFI Discussion papers, Metlan ty\u00f6raportteja, Mets\u00e4hallituksen julkaisuja<\/strong> sek\u00e4 <strong>Mets\u00e4tehon raportti<\/strong> -sarjat ovat&nbsp; verkossa helposti ja vapaasti k\u00e4ytett\u00e4viss\u00e4 Open access -periaatteella.<\/figcaption><\/figure>\n\n\n\n<p>Muista silti, ett\u00e4 esim. Google k\u00e4ytt\u00e4\u00e4 <strong>tulosten j\u00e4rjest\u00e4miseen<\/strong> paitsi itse tekstiss\u00e4 esiintyvi\u00e4 sanoja, my\u00f6s viittauksia sivujen kesken ja sivujen k\u00e4ytt\u00f6astetta (=kuinka usein linkki\u00e4 on klikattu).<br>Jos kyseess\u00e4 on suhteellisen v\u00e4h\u00e4n k\u00e4ytetty julkaisu, voi k\u00e4yd\u00e4 niin, ett\u00e4 hakutuloslajittelu ei nosta hyv\u00e4\u00e4k\u00e4\u00e4n aineistoa niin korkealle kuin sis\u00e4ll\u00f6n perusteella kuuluisi. Kannattaa siis <strong>selailla tuloslistaa<\/strong> pidemm\u00e4lle.<\/p>\n\n\n\n<p>Julkaisujen selaaminen suoraan haluamansa <strong>organisaation kotisivuilta<\/strong> on k\u00e4tev\u00e4\u00e4, jos haluaa v\u00e4ltt\u00e4\u00e4 hakukoneiden tuoman sekalaisen aineston.<\/p>\n\n\n\n<h3 class=\"wp-block-heading\">Hakeminen kirjastotietokannoista<\/h3>\n\n\n\n<p>Kirjaston kokoelmiin kuuluu suuret m\u00e4\u00e4r\u00e4t painettuna julkaistuja sarjoja, siis hieman vanhempaa aineistoa.<\/p>\n\n\n\n<p>Uusiakin sarjajulkaisuja kirjastoissa on edelleen painettuna, mutta ei yht\u00e4 kattavasti kuin aiemmin. Vain ja ainoastaan verkossa julkaistua aineistoa, jota ovat mm. erilaiset raportit ym. selvitykset, ei yleens\u00e4 tallenneta UEF-Primoon. Sen sijaan kansallisesta Finnasta verkkojulkaisuja kannattaa hakea.<\/p>\n\n\n\n<p>Sarjajulkaisua voi hakea<\/p>\n\n\n\n<ul class=\"wp-block-list\">\n<li><strong>sarjan<\/strong> nimell\u00e4<\/li>\n\n\n\n<li><strong>osan<\/strong> nimell\u00e4<\/li>\n\n\n\n<li><strong>aiheenmukaisesti<\/strong> samoin kuin kirjoja<\/li>\n<\/ul>\n\n\n\n<h4 class=\"wp-block-heading\">Sarjat kirjaston kokoelmassa<\/h4>\n\n\n\n<p>Osa sarjoista on kirjastossa sijoitettu yhten\u00e4isin\u00e4 sarjoina ns. <strong>sarjahyllyihin.<\/strong> Hyllytunnuksen lopussa on silloin pieni s-kirjain (kuvassa P 63s). Sarjahyllyss\u00e4 aakkostus menee sarjan nimen mukaan. Sarjan sis\u00e4ll\u00e4 osat ovat numeroj\u00e4rjestyksess\u00e4.<\/p>\n\n\n\n<figure class=\"wp-block-image size-full alignnone is-resized wp-image-1239\"><img loading=\"lazy\" decoding=\"async\" width=\"688\" height=\"400\" src=\"https:\/\/blogs.uef.fi\/tiedonhaku-metsatiede\/wp-content\/uploads\/sites\/47\/2020\/10\/UP_sarja.jpg\" alt=\"Kuvakaappaus UEF-Primosta. Yksityiskohta kirjan tiedoista. Rivill\u00e4 Sarja kerrotaan ensiksi sarjan nimi, Mets\u00e4ntutkimuslaitoksen tiedonantoja. Numeroyhdistelm\u00e4 0358-4283 on sarjan nk. ISSN-tunnus. T\u00e4m\u00e4n per\u00e4ss\u00e4 on osan numero: 941.\" class=\"wp-image-1239\" srcset=\"https:\/\/blogs.uef.fi\/tiedonhaku-metsatiede\/wp-content\/uploads\/sites\/47\/2020\/10\/UP_sarja.jpg 688w, https:\/\/blogs.uef.fi\/tiedonhaku-metsatiede\/wp-content\/uploads\/sites\/47\/2020\/10\/UP_sarja-300x174.jpg 300w\" sizes=\"auto, (max-width: 688px) 100vw, 688px\" \/><figcaption class=\"wp-element-caption\"><em>Julkaisun l\u00f6yt\u00e4miseksi kirjaston hyllyst\u00e4 on katsottava sek\u00e4 sarjan nimi ett\u00e4 osan numero.<\/em><\/figcaption><\/figure>\n\n\n\n<p>Osa sarjojen osista taas on <strong>hajautettu<\/strong> aiheen mukaan eri hyllyihin.<\/p>\n\n\n\n<h2 class=\"wp-block-heading\">Konferenssijulkaisut (kokousjulkaisut, proceedings)<\/h2>\n\n\n\n<p>Kokousjulkaisutkin ovat usein<strong> sarjoja;<\/strong> tietty konferenssi j\u00e4rjestet\u00e4\u00e4n vuosittain tai muutaman vuoden v\u00e4lein.<\/p>\n\n\n\n<p>Konferenssijulkaisut sis\u00e4lt\u00e4v\u00e4t <strong>lyhyit\u00e4 artikkeleita:<\/strong> tiivistelmi\u00e4 pidetyist\u00e4 <strong>esitelmist\u00e4 <\/strong>sek\u00e4<strong> postereista.<\/strong><\/p>\n\n\n\n<p>Julkaisu voi olla painettu tai elektroninen.<\/p>\n\n\n\n<p>Kokousjulkaisuja haetaan kuten sarjajulkaisujakin:<\/p>\n\n\n\n<ul class=\"wp-block-list\">\n<li><strong>hakukoneilla<\/strong> netist\u00e4<\/li>\n\n\n\n<li>konferenssien<strong> kotisivuilta<\/strong><\/li>\n\n\n\n<li><strong>kirjasto- ja kirjallisuustietokannoista<\/strong><\/li>\n<\/ul>\n\n\n\n<p class=\"has-text-align-right\">Seuraava sivu: <a href=\"https:\/\/blogs.uef.fi\/tiedonhaku-metsatiede\/opinnaytteiden-hakeminen\/\">Opinn\u00e4ytteiden hakeminen<\/a>.<\/p>\n","protected":false},"excerpt":{"rendered":"<p>Sarjat Peruslinja nykyisin on, ett\u00e4 sarjajulkaisut ovat vapaasti verkossa luettavissa. Verkkojulkaiseminen yleistyi kuitenkin vaihtelevasti 2000-luvulla, eik\u00e4 vanhempia aineistoja ole aina tuotu takautuvasti verkkoon. Vanhemmat aineistot l\u00f6ytyv\u00e4t painettuina kirjastoista. Kansainv\u00e4lisiin tietokantoihin sarjajulkaisut l\u00f6yt\u00e4v\u00e4t tiens\u00e4 huonommin, etenkin vanhemmat osat, joissa julkaisukieli on muu kuin englanti. Mm. ruotsalainen SkogForsk report ja norjalainen Skogforsk Redog\u00f6relse l\u00f6ytyv\u00e4t parhaiten kirjastotietokannoista tai [&hellip;]<\/p>\n","protected":false},"author":127,"featured_media":0,"parent":589,"menu_order":0,"comment_status":"closed","ping_status":"closed","template":"","meta":{"_acf_changed":false,"footnotes":""},"class_list":["post-115","page","type-page","status-publish","hentry"],"acf":[],"yoast_head":"<!-- This site is optimized with the Yoast SEO plugin v27.3 - https:\/\/yoast.com\/product\/yoast-seo-wordpress\/ -->\n<title>Sarjojen ja kokousjulkaisujen hakeminen - Mets\u00e4tieteen tiedonhaku \/ UEF KIRJASTO<\/title>\n<meta name=\"robots\" content=\"index, follow, max-snippet:-1, max-image-preview:large, max-video-preview:-1\" \/>\n<link rel=\"canonical\" href=\"https:\/\/blogs.uef.fi\/tiedonhaku-metsatiede\/hakukoneet\/sarjojen-ja-kokousjulkaisujen-haku\/\" \/>\n<meta property=\"og:locale\" content=\"fi_FI\" \/>\n<meta property=\"og:type\" content=\"article\" \/>\n<meta property=\"og:title\" content=\"Sarjojen ja kokousjulkaisujen hakeminen - Mets\u00e4tieteen tiedonhaku \/ UEF KIRJASTO\" \/>\n<meta property=\"og:description\" content=\"Sarjat Peruslinja nykyisin on, ett\u00e4 sarjajulkaisut ovat vapaasti verkossa luettavissa. Verkkojulkaiseminen yleistyi kuitenkin vaihtelevasti 2000-luvulla, eik\u00e4 vanhempia aineistoja ole aina tuotu takautuvasti verkkoon. Vanhemmat aineistot l\u00f6ytyv\u00e4t painettuina kirjastoista. Kansainv\u00e4lisiin tietokantoihin sarjajulkaisut l\u00f6yt\u00e4v\u00e4t tiens\u00e4 huonommin, etenkin vanhemmat osat, joissa julkaisukieli on muu kuin englanti. Mm. ruotsalainen SkogForsk report ja norjalainen Skogforsk Redog\u00f6relse l\u00f6ytyv\u00e4t parhaiten kirjastotietokannoista tai [&hellip;]\" \/>\n<meta property=\"og:url\" content=\"https:\/\/blogs.uef.fi\/tiedonhaku-metsatiede\/hakukoneet\/sarjojen-ja-kokousjulkaisujen-haku\/\" \/>\n<meta property=\"og:site_name\" content=\"Mets\u00e4tieteen tiedonhaku \/ UEF KIRJASTO\" \/>\n<meta property=\"article:modified_time\" content=\"2024-05-17T11:02:13+00:00\" \/>\n<meta property=\"og:image\" content=\"https:\/\/blogs.uef.fi\/tiedonhaku-metsatiede\/wp-content\/uploads\/sites\/47\/2015\/11\/luke-209x300.jpg\" \/>\n<meta name=\"twitter:card\" content=\"summary_large_image\" \/>\n<meta name=\"twitter:label1\" content=\"Arvioitu lukuaika\" \/>\n\t<meta name=\"twitter:data1\" content=\"3 minuuttia\" \/>\n<script type=\"application\/ld+json\" class=\"yoast-schema-graph\">{\"@context\":\"https:\\\/\\\/schema.org\",\"@graph\":[{\"@type\":\"WebPage\",\"@id\":\"https:\\\/\\\/blogs.uef.fi\\\/tiedonhaku-metsatiede\\\/hakukoneet\\\/sarjojen-ja-kokousjulkaisujen-haku\\\/\",\"url\":\"https:\\\/\\\/blogs.uef.fi\\\/tiedonhaku-metsatiede\\\/hakukoneet\\\/sarjojen-ja-kokousjulkaisujen-haku\\\/\",\"name\":\"Sarjojen ja kokousjulkaisujen hakeminen - Mets\u00e4tieteen tiedonhaku \\\/ UEF KIRJASTO\",\"isPartOf\":{\"@id\":\"https:\\\/\\\/blogs.uef.fi\\\/tiedonhaku-metsatiede\\\/#website\"},\"primaryImageOfPage\":{\"@id\":\"https:\\\/\\\/blogs.uef.fi\\\/tiedonhaku-metsatiede\\\/hakukoneet\\\/sarjojen-ja-kokousjulkaisujen-haku\\\/#primaryimage\"},\"image\":{\"@id\":\"https:\\\/\\\/blogs.uef.fi\\\/tiedonhaku-metsatiede\\\/hakukoneet\\\/sarjojen-ja-kokousjulkaisujen-haku\\\/#primaryimage\"},\"thumbnailUrl\":\"https:\\\/\\\/blogs.uef.fi\\\/tiedonhaku-metsatiede\\\/wp-content\\\/uploads\\\/sites\\\/47\\\/2015\\\/11\\\/luke-209x300.jpg\",\"datePublished\":\"2015-11-03T07:45:07+00:00\",\"dateModified\":\"2024-05-17T11:02:13+00:00\",\"breadcrumb\":{\"@id\":\"https:\\\/\\\/blogs.uef.fi\\\/tiedonhaku-metsatiede\\\/hakukoneet\\\/sarjojen-ja-kokousjulkaisujen-haku\\\/#breadcrumb\"},\"inLanguage\":\"fi\",\"potentialAction\":[{\"@type\":\"ReadAction\",\"target\":[\"https:\\\/\\\/blogs.uef.fi\\\/tiedonhaku-metsatiede\\\/hakukoneet\\\/sarjojen-ja-kokousjulkaisujen-haku\\\/\"]}]},{\"@type\":\"ImageObject\",\"inLanguage\":\"fi\",\"@id\":\"https:\\\/\\\/blogs.uef.fi\\\/tiedonhaku-metsatiede\\\/hakukoneet\\\/sarjojen-ja-kokousjulkaisujen-haku\\\/#primaryimage\",\"url\":\"https:\\\/\\\/blogs.uef.fi\\\/tiedonhaku-metsatiede\\\/wp-content\\\/uploads\\\/sites\\\/47\\\/2015\\\/11\\\/luke.jpg\",\"contentUrl\":\"https:\\\/\\\/blogs.uef.fi\\\/tiedonhaku-metsatiede\\\/wp-content\\\/uploads\\\/sites\\\/47\\\/2015\\\/11\\\/luke.jpg\",\"width\":542,\"height\":779},{\"@type\":\"BreadcrumbList\",\"@id\":\"https:\\\/\\\/blogs.uef.fi\\\/tiedonhaku-metsatiede\\\/hakukoneet\\\/sarjojen-ja-kokousjulkaisujen-haku\\\/#breadcrumb\",\"itemListElement\":[{\"@type\":\"ListItem\",\"position\":1,\"name\":\"Home\",\"item\":\"https:\\\/\\\/blogs.uef.fi\\\/tiedonhaku-metsatiede\\\/\"},{\"@type\":\"ListItem\",\"position\":2,\"name\":\"Hakukoneet\",\"item\":\"https:\\\/\\\/blogs.uef.fi\\\/tiedonhaku-metsatiede\\\/hakukoneet\\\/\"},{\"@type\":\"ListItem\",\"position\":3,\"name\":\"Sarjojen ja kokousjulkaisujen hakeminen\"}]},{\"@type\":\"WebSite\",\"@id\":\"https:\\\/\\\/blogs.uef.fi\\\/tiedonhaku-metsatiede\\\/#website\",\"url\":\"https:\\\/\\\/blogs.uef.fi\\\/tiedonhaku-metsatiede\\\/\",\"name\":\"Mets\u00e4tieteen tiedonhaku \\\/ UEF KIRJASTO\",\"description\":\"Mets\u00e4tieteen tiedonhaku on kattava oppimateriaali tiedonhakuun mets\u00e4tieteilij\u00f6ille. Se sis\u00e4lt\u00e4\u00e4 yleiset tiedonhaun tekniikat sek\u00e4 mets\u00e4tieteen tiedonl\u00e4hteet ohjeineen ja esimerkkeineen.\",\"potentialAction\":[{\"@type\":\"SearchAction\",\"target\":{\"@type\":\"EntryPoint\",\"urlTemplate\":\"https:\\\/\\\/blogs.uef.fi\\\/tiedonhaku-metsatiede\\\/?s={search_term_string}\"},\"query-input\":{\"@type\":\"PropertyValueSpecification\",\"valueRequired\":true,\"valueName\":\"search_term_string\"}}],\"inLanguage\":\"fi\"}]}<\/script>\n<!-- \/ Yoast SEO plugin. -->","yoast_head_json":{"title":"Sarjojen ja kokousjulkaisujen hakeminen - Mets\u00e4tieteen tiedonhaku \/ UEF KIRJASTO","robots":{"index":"index","follow":"follow","max-snippet":"max-snippet:-1","max-image-preview":"max-image-preview:large","max-video-preview":"max-video-preview:-1"},"canonical":"https:\/\/blogs.uef.fi\/tiedonhaku-metsatiede\/hakukoneet\/sarjojen-ja-kokousjulkaisujen-haku\/","og_locale":"fi_FI","og_type":"article","og_title":"Sarjojen ja kokousjulkaisujen hakeminen - Mets\u00e4tieteen tiedonhaku \/ UEF KIRJASTO","og_description":"Sarjat Peruslinja nykyisin on, ett\u00e4 sarjajulkaisut ovat vapaasti verkossa luettavissa. Verkkojulkaiseminen yleistyi kuitenkin vaihtelevasti 2000-luvulla, eik\u00e4 vanhempia aineistoja ole aina tuotu takautuvasti verkkoon. Vanhemmat aineistot l\u00f6ytyv\u00e4t painettuina kirjastoista. Kansainv\u00e4lisiin tietokantoihin sarjajulkaisut l\u00f6yt\u00e4v\u00e4t tiens\u00e4 huonommin, etenkin vanhemmat osat, joissa julkaisukieli on muu kuin englanti. Mm. ruotsalainen SkogForsk report ja norjalainen Skogforsk Redog\u00f6relse l\u00f6ytyv\u00e4t parhaiten kirjastotietokannoista tai [&hellip;]","og_url":"https:\/\/blogs.uef.fi\/tiedonhaku-metsatiede\/hakukoneet\/sarjojen-ja-kokousjulkaisujen-haku\/","og_site_name":"Mets\u00e4tieteen tiedonhaku \/ UEF KIRJASTO","article_modified_time":"2024-05-17T11:02:13+00:00","og_image":[{"url":"https:\/\/blogs.uef.fi\/tiedonhaku-metsatiede\/wp-content\/uploads\/sites\/47\/2015\/11\/luke-209x300.jpg","type":"","width":"","height":""}],"twitter_card":"summary_large_image","twitter_misc":{"Arvioitu lukuaika":"3 minuuttia"},"schema":{"@context":"https:\/\/schema.org","@graph":[{"@type":"WebPage","@id":"https:\/\/blogs.uef.fi\/tiedonhaku-metsatiede\/hakukoneet\/sarjojen-ja-kokousjulkaisujen-haku\/","url":"https:\/\/blogs.uef.fi\/tiedonhaku-metsatiede\/hakukoneet\/sarjojen-ja-kokousjulkaisujen-haku\/","name":"Sarjojen ja kokousjulkaisujen hakeminen - Mets\u00e4tieteen tiedonhaku \/ UEF KIRJASTO","isPartOf":{"@id":"https:\/\/blogs.uef.fi\/tiedonhaku-metsatiede\/#website"},"primaryImageOfPage":{"@id":"https:\/\/blogs.uef.fi\/tiedonhaku-metsatiede\/hakukoneet\/sarjojen-ja-kokousjulkaisujen-haku\/#primaryimage"},"image":{"@id":"https:\/\/blogs.uef.fi\/tiedonhaku-metsatiede\/hakukoneet\/sarjojen-ja-kokousjulkaisujen-haku\/#primaryimage"},"thumbnailUrl":"https:\/\/blogs.uef.fi\/tiedonhaku-metsatiede\/wp-content\/uploads\/sites\/47\/2015\/11\/luke-209x300.jpg","datePublished":"2015-11-03T07:45:07+00:00","dateModified":"2024-05-17T11:02:13+00:00","breadcrumb":{"@id":"https:\/\/blogs.uef.fi\/tiedonhaku-metsatiede\/hakukoneet\/sarjojen-ja-kokousjulkaisujen-haku\/#breadcrumb"},"inLanguage":"fi","potentialAction":[{"@type":"ReadAction","target":["https:\/\/blogs.uef.fi\/tiedonhaku-metsatiede\/hakukoneet\/sarjojen-ja-kokousjulkaisujen-haku\/"]}]},{"@type":"ImageObject","inLanguage":"fi","@id":"https:\/\/blogs.uef.fi\/tiedonhaku-metsatiede\/hakukoneet\/sarjojen-ja-kokousjulkaisujen-haku\/#primaryimage","url":"https:\/\/blogs.uef.fi\/tiedonhaku-metsatiede\/wp-content\/uploads\/sites\/47\/2015\/11\/luke.jpg","contentUrl":"https:\/\/blogs.uef.fi\/tiedonhaku-metsatiede\/wp-content\/uploads\/sites\/47\/2015\/11\/luke.jpg","width":542,"height":779},{"@type":"BreadcrumbList","@id":"https:\/\/blogs.uef.fi\/tiedonhaku-metsatiede\/hakukoneet\/sarjojen-ja-kokousjulkaisujen-haku\/#breadcrumb","itemListElement":[{"@type":"ListItem","position":1,"name":"Home","item":"https:\/\/blogs.uef.fi\/tiedonhaku-metsatiede\/"},{"@type":"ListItem","position":2,"name":"Hakukoneet","item":"https:\/\/blogs.uef.fi\/tiedonhaku-metsatiede\/hakukoneet\/"},{"@type":"ListItem","position":3,"name":"Sarjojen ja kokousjulkaisujen hakeminen"}]},{"@type":"WebSite","@id":"https:\/\/blogs.uef.fi\/tiedonhaku-metsatiede\/#website","url":"https:\/\/blogs.uef.fi\/tiedonhaku-metsatiede\/","name":"Mets\u00e4tieteen tiedonhaku \/ UEF KIRJASTO","description":"Mets\u00e4tieteen tiedonhaku on kattava oppimateriaali tiedonhakuun mets\u00e4tieteilij\u00f6ille. Se sis\u00e4lt\u00e4\u00e4 yleiset tiedonhaun tekniikat sek\u00e4 mets\u00e4tieteen tiedonl\u00e4hteet ohjeineen ja esimerkkeineen.","potentialAction":[{"@type":"SearchAction","target":{"@type":"EntryPoint","urlTemplate":"https:\/\/blogs.uef.fi\/tiedonhaku-metsatiede\/?s={search_term_string}"},"query-input":{"@type":"PropertyValueSpecification","valueRequired":true,"valueName":"search_term_string"}}],"inLanguage":"fi"}]}},"_links":{"self":[{"href":"https:\/\/blogs.uef.fi\/tiedonhaku-metsatiede\/wp-json\/wp\/v2\/pages\/115","targetHints":{"allow":["GET"]}}],"collection":[{"href":"https:\/\/blogs.uef.fi\/tiedonhaku-metsatiede\/wp-json\/wp\/v2\/pages"}],"about":[{"href":"https:\/\/blogs.uef.fi\/tiedonhaku-metsatiede\/wp-json\/wp\/v2\/types\/page"}],"author":[{"embeddable":true,"href":"https:\/\/blogs.uef.fi\/tiedonhaku-metsatiede\/wp-json\/wp\/v2\/users\/127"}],"replies":[{"embeddable":true,"href":"https:\/\/blogs.uef.fi\/tiedonhaku-metsatiede\/wp-json\/wp\/v2\/comments?post=115"}],"version-history":[{"count":2,"href":"https:\/\/blogs.uef.fi\/tiedonhaku-metsatiede\/wp-json\/wp\/v2\/pages\/115\/revisions"}],"predecessor-version":[{"id":3751,"href":"https:\/\/blogs.uef.fi\/tiedonhaku-metsatiede\/wp-json\/wp\/v2\/pages\/115\/revisions\/3751"}],"up":[{"embeddable":true,"href":"https:\/\/blogs.uef.fi\/tiedonhaku-metsatiede\/wp-json\/wp\/v2\/pages\/589"}],"wp:attachment":[{"href":"https:\/\/blogs.uef.fi\/tiedonhaku-metsatiede\/wp-json\/wp\/v2\/media?parent=115"}],"curies":[{"name":"wp","href":"https:\/\/api.w.org\/{rel}","templated":true}]}}