{"id":109,"date":"2015-10-30T13:56:57","date_gmt":"2015-10-30T13:56:57","guid":{"rendered":"https:\/\/ueflibraryfor.wordpress.com\/?page_id=109"},"modified":"2025-01-08T14:43:03","modified_gmt":"2025-01-08T12:43:03","slug":"kirjojen-hakeminen","status":"publish","type":"page","link":"https:\/\/blogs.uef.fi\/tiedonhaku-metsatiede\/hakukoneet\/kirjojen-hakeminen\/","title":{"rendered":"Kirjojen hakeminen"},"content":{"rendered":"\n<p>Kirjat ovat hy\u00f6dyllisi\u00e4 l\u00e4hteit\u00e4, kun halutaan <strong>kokonaiskuva<\/strong> jostakin aiheesta, perustietoja ja -k\u00e4sitteit\u00e4, historiaa.<\/p>\n\n\n\n<h2 class=\"wp-block-heading\">K\u00e4yt\u00e4 kirjastotietokantoja kirjojen ja sarjajulkaisujen hakemiseen<\/h2>\n\n\n\n<p>Kirjoja l\u00f6yt\u00e4\u00e4 helpoiten <strong>kirjastojen kokoelmatietokannoista<\/strong>. Jokaisella kirjastolla on ainakin toistaiseksi oma kokoelmatietokantansa, joista l\u00f6ytyy tietoja <strong>kirjojen lis\u00e4ksi my\u00f6s<\/strong>:<\/p>\n\n\n\n<ul class=\"wp-block-list\">\n<li><strong>julkaisusarjoissa<\/strong> ilmestyneist\u00e4 tutkimusraporteista ja selvityksist\u00e4 yms. (painetut aineistot)<\/li>\n\n\n\n<li><strong>v\u00e4it\u00f6skirjoista<\/strong> ja muista <strong>opinn\u00e4ytet\u00f6ist\u00e4<\/strong><\/li>\n\n\n\n<li><strong>lehdist\u00e4<\/strong> (lehden nimell\u00e4)<\/li>\n<\/ul>\n\n\n\n<p>UEFin kirjaston kokoelmatietokanta on upotettu <strong>UEF-Primoon: haku kirjaston kokoelmista<\/strong>. UEF-Primossa n\u00e4kyy edell\u00e4mainittujen lis\u00e4ksi tiedot<\/p>\n\n\n\n<ul class=\"wp-block-list\">\n<li><strong>tietokannoista ja muista hakupalveluista<\/strong><\/li>\n\n\n\n<li><strong>vapaakappaleista<\/strong><\/li>\n<\/ul>\n\n\n\n<p><strong>Sarjoja<\/strong> ja niiden osia haetaan kuten kirjojakin. Erona on vain se, ett\u00e4 sek\u00e4 <strong>sarjan nimi<\/strong> ett\u00e4 <strong>osan nimi<\/strong> voivat olla haun kohteena.<\/p>\n\n\n\n<p>Lue lis\u00e4\u00e4 erityyppisten aineistojen j\u00e4ljitt\u00e4misest\u00e4 ja k\u00e4sillesaamisesta luvussa <a href=\"https:\/\/ueflibraryfor.wordpress.com\/saatavuus\/\" target=\"_blank\" rel=\"noopener noreferrer\">Saatavuus.<\/a><\/p>\n\n\n\n<h2 class=\"wp-block-heading\"><span style=\"color: #000000\">Hakulauseet kirjastotietokannoissa<\/span><strong><br><\/strong><\/h2>\n\n\n\n<ul class=\"wp-block-list\">\n<li>Tavallisessa kirjastotietokannassa kannattaa k\u00e4ytt\u00e4\u00e4 <strong>niukasti AND-operaatioita<\/strong> \u2013 poikkeuksiakin toki on.<\/li>\n\n\n\n<li>Sen sijaan on hyv\u00e4 muistaa <strong>vaihtoehtoiset hakusanat ja OR-operaattori.<\/strong><\/li>\n\n\n\n<li>Kirjoja kannattaa usein hakea my\u00f6s omaa aihetta <strong>laajemmin<\/strong><\/li>\n<\/ul>\n\n\n\n<p>Kirjassa voi olla kappale aiheestasi, mutta tietokantaan tallennettu sis\u00e4ll\u00f6nkuvailu ei kerro asiasta kovin tarkasti, eik\u00e4 tietokantoihin ole tallennettu sis\u00e4llysluetteloita l\u00e4hesk\u00e4\u00e4n kaikista kirjoista.<br>Kokoomateosten yksitt\u00e4isi\u00e4 artikkeleita ei aina tallenneta erikseen kirjastotietokantaan, joten niidenkin sis\u00e4ll\u00f6nkuvailu on usein melko yleisell\u00e4 tasolla, eik\u00e4 tee oikeutta yksitt\u00e4isille artikkeleille.<\/p>\n\n\n\n<figure class=\"wp-block-image size-full\"><img loading=\"lazy\" decoding=\"async\" width=\"845\" height=\"251\" src=\"https:\/\/blogs.uef.fi\/tiedonhaku-metsatiede\/wp-content\/uploads\/sites\/47\/2018\/06\/METkirjahakuja.png\" alt=\"Kuvakaappaus hakuhistoriasta. Haku: mets\u00e4maa AND typpioksidi on antanut 3 kpl tuloksia. Laajemmalla termill\u00e4 hakien, mets\u00e4maa AND kasvihuonekaasut, tuloksia on saatu 30 kpl.\" class=\"wp-image-849\" srcset=\"https:\/\/blogs.uef.fi\/tiedonhaku-metsatiede\/wp-content\/uploads\/sites\/47\/2018\/06\/METkirjahakuja.png 845w, https:\/\/blogs.uef.fi\/tiedonhaku-metsatiede\/wp-content\/uploads\/sites\/47\/2018\/06\/METkirjahakuja-300x89.png 300w, https:\/\/blogs.uef.fi\/tiedonhaku-metsatiede\/wp-content\/uploads\/sites\/47\/2018\/06\/METkirjahakuja-768x228.png 768w\" sizes=\"auto, (max-width: 845px) 100vw, 845px\" \/><figcaption class=\"wp-element-caption\"><em>Kirjastotietokannassa kannattaa kokeilla my\u00f6s <strong>aihealueen laajemmin kattavia termej\u00e4<\/strong>. <\/em><\/figcaption><\/figure>\n\n\n\n<h3 class=\"wp-block-heading\">Vinkkej\u00e4 kirjojen hakuun UEF-Primossa:<\/h3>\n\n\n\n<ul class=\"wp-block-list\">\n<li>kaikki aineisto <strong>ei l\u00f6ydy suomenkielisill\u00e4<\/strong> hakusanoilla (vanhempi aineisto, e-kirjat, sis\u00e4llysluettelot)<\/li>\n\n\n\n<li>voit hyvin testata aluksi<strong> yksitt\u00e4isi\u00e4 selkeit\u00e4<\/strong> hakutermej\u00e4<\/li>\n\n\n\n<li>muista <strong>k\u00e4ytt\u00e4\u00e4 katkaisumerkki\u00e4<\/strong> taivutusmuotojen l\u00f6yt\u00e4miseksi<\/li>\n\n\n\n<li><strong>vanhempi aineisto<\/strong> (ennen vuotta 1990) ei juurikaan sis\u00e4ll\u00e4 asiasanoitusta, eli tarttumapintaa hakuun on niukasti &#8211; l\u00e4hinn\u00e4 vain otsikon sanat<\/li>\n<\/ul>\n\n\n\n<h3 class=\"wp-block-heading\">Hakuesimerkkej\u00e4 UEF-Primosta<\/h3>\n\n\n\n<h4 class=\"wp-block-heading\">Pikahaku<\/h4>\n\n\n\n<p>Pikahaku tehd\u00e4\u00e4n sanalla tai parilla. Pikahaku sopii hyvin yksitt\u00e4isen hakusanan kokeiluun (erityisesti kun kyseess\u00e4 on \u201charvinainen\u201d termi).<\/p>\n\n\n\n<figure class=\"wp-block-image size-full\"><img loading=\"lazy\" decoding=\"async\" width=\"1361\" height=\"315\" src=\"https:\/\/blogs.uef.fi\/tiedonhaku-metsatiede\/wp-content\/uploads\/sites\/47\/2020\/01\/METup-perus.png\" alt=\"Kuvakaappaus UEF Primosta\/Kirjaston kokoelmat. Hakulause hakurivill\u00e4: biodiesel* wood*. Sanojen v\u00e4liss\u00e4 on automaattisesti AND-operaattori, vaikkei sit\u00e4 kirjoittaisi n\u00e4kyviin.\" class=\"wp-image-1073\" srcset=\"https:\/\/blogs.uef.fi\/tiedonhaku-metsatiede\/wp-content\/uploads\/sites\/47\/2020\/01\/METup-perus.png 1361w, https:\/\/blogs.uef.fi\/tiedonhaku-metsatiede\/wp-content\/uploads\/sites\/47\/2020\/01\/METup-perus-300x69.png 300w, https:\/\/blogs.uef.fi\/tiedonhaku-metsatiede\/wp-content\/uploads\/sites\/47\/2020\/01\/METup-perus-768x178.png 768w, https:\/\/blogs.uef.fi\/tiedonhaku-metsatiede\/wp-content\/uploads\/sites\/47\/2020\/01\/METup-perus-1024x237.png 1024w, https:\/\/blogs.uef.fi\/tiedonhaku-metsatiede\/wp-content\/uploads\/sites\/47\/2020\/01\/METup-perus-1180x273.png 1180w\" sizes=\"auto, (max-width: 1361px) 100vw, 1361px\" \/><\/figure>\n\n\n\n<h4 class=\"wp-block-heading\">Monipuolisempi haku<\/h4>\n\n\n\n<p>T\u00e4ss\u00e4 otetaan huomioon vaihtoehtoisia sanoja ja k\u00e4ytet\u00e4\u00e4n AND- ja OR-operaattoreita.<\/p>\n\n\n\n<figure class=\"wp-block-image size-full alignnone wp-image-1063 size-large\"><img loading=\"lazy\" decoding=\"async\" width=\"1490\" height=\"335\" src=\"https:\/\/blogs.uef.fi\/tiedonhaku-metsatiede\/wp-content\/uploads\/sites\/47\/2020\/01\/UPhakulause.png\" alt=\"Kuvakaappaus UEF Primosta\/Kirjaston kokoelmat. Hakulause hakurivill\u00e4: biodiesel* OR (wood* OR puu OR hake). Selitetekstit: Kirjoita operaattorit isoin kirjaimin. Laita OR-operaatio sulkujen sis\u00e4\u00e4n.\" class=\"wp-image-1063\" srcset=\"https:\/\/blogs.uef.fi\/tiedonhaku-metsatiede\/wp-content\/uploads\/sites\/47\/2020\/01\/UPhakulause.png 1490w, https:\/\/blogs.uef.fi\/tiedonhaku-metsatiede\/wp-content\/uploads\/sites\/47\/2020\/01\/UPhakulause-300x67.png 300w, https:\/\/blogs.uef.fi\/tiedonhaku-metsatiede\/wp-content\/uploads\/sites\/47\/2020\/01\/UPhakulause-768x173.png 768w, https:\/\/blogs.uef.fi\/tiedonhaku-metsatiede\/wp-content\/uploads\/sites\/47\/2020\/01\/UPhakulause-1024x230.png 1024w, https:\/\/blogs.uef.fi\/tiedonhaku-metsatiede\/wp-content\/uploads\/sites\/47\/2020\/01\/UPhakulause-1180x265.png 1180w\" sizes=\"auto, (max-width: 1490px) 100vw, 1490px\" \/><figcaption class=\"wp-element-caption\"><em>Hakulause UEF-Primossa. Muista mietti\u00e4 sanankatkaisut tarkkaan: katkaisu sanan lopussa tuo mukaan taivutusmuodot, katkaisu sanan alussa mahdolliset yhdyssanat. &#8217;Puu&#8217;-sanaa ei kannata katkaista, koska siit\u00e4 tulisi t\u00e4ll\u00f6in liian monimerkityksinen hakusana.<\/em><\/figcaption><\/figure>\n\n\n\n<p>Sama hakulause on helppo kirjoittaa Tarkennettuun hakuun. T\u00e4ll\u00f6in on my\u00f6s mahdollisuus kohdistaa sanoja eri hakukenttiin.<\/p>\n\n\n\n<h4 class=\"wp-block-heading\">Tarkennettu haku<\/h4>\n\n\n\n<figure class=\"wp-block-image size-full\"><img loading=\"lazy\" decoding=\"async\" width=\"1090\" height=\"665\" src=\"https:\/\/blogs.uef.fi\/tiedonhaku-metsatiede\/wp-content\/uploads\/sites\/47\/2020\/01\/METup-tarkennettu.png\" alt=\"Kuvakaappaus UEF Primosta\/Kirjaston kokoelmat. Hakulause hakurivill\u00e4: biodiesel* OR (wood* OR puu OR hake). Kirjoita operaattorit isoin kirjaimin. Laita OR-operaatio sulkujen sis\u00e4\u00e4n.\" class=\"wp-image-1069\" srcset=\"https:\/\/blogs.uef.fi\/tiedonhaku-metsatiede\/wp-content\/uploads\/sites\/47\/2020\/01\/METup-tarkennettu.png 1090w, https:\/\/blogs.uef.fi\/tiedonhaku-metsatiede\/wp-content\/uploads\/sites\/47\/2020\/01\/METup-tarkennettu-300x183.png 300w, https:\/\/blogs.uef.fi\/tiedonhaku-metsatiede\/wp-content\/uploads\/sites\/47\/2020\/01\/METup-tarkennettu-768x469.png 768w, https:\/\/blogs.uef.fi\/tiedonhaku-metsatiede\/wp-content\/uploads\/sites\/47\/2020\/01\/METup-tarkennettu-1024x625.png 1024w, https:\/\/blogs.uef.fi\/tiedonhaku-metsatiede\/wp-content\/uploads\/sites\/47\/2020\/01\/METup-tarkennettu-623x380.png 623w\" sizes=\"auto, (max-width: 1090px) 100vw, 1090px\" \/><\/figure>\n\n\n\n<p><\/p>\n\n\n\n<h3 class=\"wp-block-heading\">E-kirjat<\/h3>\n\n\n\n<p>E-kirjojen tiedot on tallennettu UEF-Primoon ja l\u00f6yd\u00e4t niit\u00e4 sielt\u00e4 erityisesti jos k\u00e4yt\u00e4t <strong>englanninkielisi\u00e4 hakusanoja<\/strong>. Mutta jos haluat tehd\u00e4 hakua my\u00f6s kirjojen kokotekstist\u00e4, sinun pit\u00e4\u00e4 k\u00e4ytt\u00e4\u00e4 <strong>e-kirjatietokantojen omia k\u00e4ytt\u00f6liittymi\u00e4<\/strong>.<\/p>\n\n\n\n<p><strong>Kokotekstihausta<\/strong> on hy\u00f6ty\u00e4 silloin, jos etsit kirjasta jotakin pienemp\u00e4\u00e4 yksityiskohtaa tai <strong>tietty\u00e4 yksitt\u00e4ist\u00e4 termi\u00e4<\/strong>, joka liittyy johonkin &#8221;harvinaiseen&#8221;, v\u00e4h\u00e4n k\u00e4siteltyyn asiaan.<\/p>\n\n\n\n<h4 class=\"wp-block-heading\">E-kirjatietokannat<\/h4>\n\n\n\n<ul class=\"wp-block-list\">\n<li><a href=\"https:\/\/primo.uef.fi\/permalink\/358FIN_UOEF\/1jnohnf\/alma9911701123705966\" target=\"_blank\" rel=\"noopener noreferrer\">Ebsco eBook Collection<\/a><\/li>\n\n\n\n<li><a href=\"https:\/\/primo.uef.fi\/permalink\/358FIN_UOEF\/1jnohnf\/alma9911697663705966\" target=\"_blank\" rel=\"noopener noreferrer\">Ebook Central<\/a><\/li>\n<\/ul>\n\n\n\n<h2 class=\"wp-block-heading\">Kirjat suomalaisissa kirjastoissa<\/h2>\n\n\n\n<p>Kansallinen Finna <a href=\"https:\/\/finna.fi\" target=\"_blank\" rel=\"noreferrer noopener\">Finna.fi <\/a>(linkki aukeaa uuteen v\u00e4lilehteen) sis\u00e4lt\u00e4\u00e4 mm. suomalaisten <strong>kirjastojen kirjastotietokannat<\/strong> sek\u00e4 ns. <strong>kansallisbibliografian<\/strong>, johon on tallennettu tiedot kaikista Suomessa julkaistuista kirjoista 1400-luvulta alkaen. <br><br>Kansallisbibliografialle on <a href=\"https:\/\/kansalliskirjasto.finna.fi\/Search\/Results?limit=0&amp;filter%5B%5D=%7Ecollection%3A%22FEN%22&amp;filter%5B%5D=%7Ecollection%3A%22VIO%22&amp;hiddenFilters%5B%5D=building%3A%220%2FNLF%2F%22&amp;hiddenFilters%5B%5D=-building%3A%221%2FNLF%2Farto%2F%22&amp;type=AllFields\" target=\"_blank\" rel=\"noreferrer noopener\">oma k\u00e4ytt\u00f6liittym\u00e4<\/a> Kansalliskirjaston Finnassa (linkki aukeaa uuteen v\u00e4lilehteen).<\/p>\n\n\n\n<figure class=\"wp-block-image size-full is-resized\"><img loading=\"lazy\" decoding=\"async\" width=\"1253\" height=\"571\" src=\"https:\/\/blogs.uef.fi\/tiedonhaku-metsatiede\/wp-content\/uploads\/sites\/47\/2021\/06\/finna2021.png\" alt=\"Kuvakaappaus Finna.fi alkusivusta. N\u00e4kyvill\u00e4 yksi tyhj\u00e4 hakurivi. \" class=\"wp-image-2025\" srcset=\"https:\/\/blogs.uef.fi\/tiedonhaku-metsatiede\/wp-content\/uploads\/sites\/47\/2021\/06\/finna2021.png 1253w, https:\/\/blogs.uef.fi\/tiedonhaku-metsatiede\/wp-content\/uploads\/sites\/47\/2021\/06\/finna2021-300x137.png 300w, https:\/\/blogs.uef.fi\/tiedonhaku-metsatiede\/wp-content\/uploads\/sites\/47\/2021\/06\/finna2021-1024x467.png 1024w, https:\/\/blogs.uef.fi\/tiedonhaku-metsatiede\/wp-content\/uploads\/sites\/47\/2021\/06\/finna2021-768x350.png 768w\" sizes=\"auto, (max-width: 1253px) 100vw, 1253px\" \/><figcaption class=\"wp-element-caption\"><em>Kansallisen Finnan etusivu<\/em><\/figcaption><\/figure>\n\n\n\n<p>Finnasta saat siis UEF-Primoa laajemman kuvan erityisesti painetusta kirjallisuudesta. E-kirjojen tietoja kaikki kirjastot eiv\u00e4t ole tallentaneet Finnaan, ei my\u00f6sk\u00e4\u00e4n UEF kirjasto.<\/p>\n\n\n\n<p>Finnan hakuohjeet ovat edellisen luvun taulukossa: <a href=\"https:\/\/blogs.uef.fi\/tiedonhaku-fysiikka\/artikkelien-hakeminen\/\" target=\"_blank\" rel=\"noreferrer noopener\">Artikkelien hakeminen<\/a>.<\/p>\n\n\n\n<p>Finnasta n\u00e4kyy heti, miss\u00e4 kirjastoissa kirjaa on, my\u00f6s It\u00e4-Suomen yliopiston kirjat. Huom! Et voi varata kirjaa kansallisen Finnan kautta, vaikka ohjelma sit\u00e4 ehdottaakin!<\/p>\n\n\n\n<figure class=\"wp-block-image size-full is-resized\"><img loading=\"lazy\" decoding=\"async\" width=\"833\" height=\"512\" src=\"https:\/\/blogs.uef.fi\/tiedonhaku-metsatiede\/wp-content\/uploads\/sites\/47\/2021\/06\/METfinna_uefprimo.png\" alt=\"Kuvakaappaus Finna.fi tuloksista. Kirjan tietojen kohdalla on alasvetovalikko, josta voi katsoa, miss\u00e4 kirjastoissa kyseist\u00e4 kirjaa on.\" class=\"wp-image-2019\" srcset=\"https:\/\/blogs.uef.fi\/tiedonhaku-metsatiede\/wp-content\/uploads\/sites\/47\/2021\/06\/METfinna_uefprimo.png 833w, https:\/\/blogs.uef.fi\/tiedonhaku-metsatiede\/wp-content\/uploads\/sites\/47\/2021\/06\/METfinna_uefprimo-300x184.png 300w, https:\/\/blogs.uef.fi\/tiedonhaku-metsatiede\/wp-content\/uploads\/sites\/47\/2021\/06\/METfinna_uefprimo-768x472.png 768w\" sizes=\"auto, (max-width: 833px) 100vw, 833px\" \/><\/figure>\n\n\n\n<h2 class=\"wp-block-heading\">Google books<\/h2>\n\n\n\n<p><a href=\"http:\/\/books.google.fi\" target=\"_blank\" rel=\"noopener noreferrer\">Google Books<\/a>\u2018in avulla voit my\u00f6s <strong>kohdistaa hakua kirjojen kokotekstiin<\/strong>. Tarjonta Google Books&#8217;issa on hyvin laaja, mutta kaikkia kirjoja ei p\u00e4\u00e4se lukemaan tekij\u00e4noikeussyist\u00e4. Yleens\u00e4 voit kuitenkin lukea osia kirjasta ja&nbsp; jos tarvitset koko kirjan, voit tarkistaa onko kirjastossa sit\u00e4 saatavilla.<\/p>\n\n\n\n<p class=\"has-text-align-right\">Seuraava sivu: <a href=\"https:\/\/blogs.uef.fi\/tiedonhaku-metsatiede\/sarjojen-ja-kokousjulkaisujen-haku\/\">Sarjojen ja kokousjulkaisujen hakeminen<\/a>.<\/p>\n","protected":false},"excerpt":{"rendered":"<p>Kirjat ovat hy\u00f6dyllisi\u00e4 l\u00e4hteit\u00e4, kun halutaan kokonaiskuva jostakin aiheesta, perustietoja ja -k\u00e4sitteit\u00e4, historiaa. K\u00e4yt\u00e4 kirjastotietokantoja kirjojen ja sarjajulkaisujen hakemiseen Kirjoja l\u00f6yt\u00e4\u00e4 helpoiten kirjastojen kokoelmatietokannoista. Jokaisella kirjastolla on ainakin toistaiseksi oma kokoelmatietokantansa, joista l\u00f6ytyy tietoja kirjojen lis\u00e4ksi my\u00f6s: UEFin kirjaston kokoelmatietokanta on upotettu UEF-Primoon: haku kirjaston kokoelmista. UEF-Primossa n\u00e4kyy edell\u00e4mainittujen lis\u00e4ksi tiedot Sarjoja ja niiden osia [&hellip;]<\/p>\n","protected":false},"author":127,"featured_media":0,"parent":589,"menu_order":0,"comment_status":"closed","ping_status":"closed","template":"","meta":{"_acf_changed":false,"footnotes":""},"class_list":["post-109","page","type-page","status-publish","hentry"],"acf":[],"yoast_head":"<!-- This site is optimized with the Yoast SEO plugin v27.1.1 - https:\/\/yoast.com\/product\/yoast-seo-wordpress\/ -->\n<title>Kirjojen hakeminen - Mets\u00e4tieteen tiedonhaku \/ UEF KIRJASTO<\/title>\n<meta name=\"robots\" content=\"index, follow, max-snippet:-1, max-image-preview:large, max-video-preview:-1\" \/>\n<link rel=\"canonical\" href=\"https:\/\/blogs.uef.fi\/tiedonhaku-metsatiede\/hakukoneet\/kirjojen-hakeminen\/\" \/>\n<meta property=\"og:locale\" content=\"fi_FI\" \/>\n<meta property=\"og:type\" content=\"article\" \/>\n<meta property=\"og:title\" content=\"Kirjojen hakeminen - Mets\u00e4tieteen tiedonhaku \/ UEF KIRJASTO\" \/>\n<meta property=\"og:description\" content=\"Kirjat ovat hy\u00f6dyllisi\u00e4 l\u00e4hteit\u00e4, kun halutaan kokonaiskuva jostakin aiheesta, perustietoja ja -k\u00e4sitteit\u00e4, historiaa. K\u00e4yt\u00e4 kirjastotietokantoja kirjojen ja sarjajulkaisujen hakemiseen Kirjoja l\u00f6yt\u00e4\u00e4 helpoiten kirjastojen kokoelmatietokannoista. Jokaisella kirjastolla on ainakin toistaiseksi oma kokoelmatietokantansa, joista l\u00f6ytyy tietoja kirjojen lis\u00e4ksi my\u00f6s: UEFin kirjaston kokoelmatietokanta on upotettu UEF-Primoon: haku kirjaston kokoelmista. UEF-Primossa n\u00e4kyy edell\u00e4mainittujen lis\u00e4ksi tiedot Sarjoja ja niiden osia [&hellip;]\" \/>\n<meta property=\"og:url\" content=\"https:\/\/blogs.uef.fi\/tiedonhaku-metsatiede\/hakukoneet\/kirjojen-hakeminen\/\" \/>\n<meta property=\"og:site_name\" content=\"Mets\u00e4tieteen tiedonhaku \/ UEF KIRJASTO\" \/>\n<meta property=\"article:modified_time\" content=\"2025-01-08T12:43:03+00:00\" \/>\n<meta property=\"og:image\" content=\"https:\/\/blogs.uef.fi\/tiedonhaku-metsatiede\/wp-content\/uploads\/sites\/47\/2018\/06\/METkirjahakuja.png\" \/>\n\t<meta property=\"og:image:width\" content=\"845\" \/>\n\t<meta property=\"og:image:height\" content=\"251\" \/>\n\t<meta property=\"og:image:type\" content=\"image\/png\" \/>\n<meta name=\"twitter:card\" content=\"summary_large_image\" \/>\n<meta name=\"twitter:label1\" content=\"Arvioitu lukuaika\" \/>\n\t<meta name=\"twitter:data1\" content=\"5 minuuttia\" \/>\n<script type=\"application\/ld+json\" class=\"yoast-schema-graph\">{\"@context\":\"https:\/\/schema.org\",\"@graph\":[{\"@type\":\"WebPage\",\"@id\":\"https:\/\/blogs.uef.fi\/tiedonhaku-metsatiede\/hakukoneet\/kirjojen-hakeminen\/\",\"url\":\"https:\/\/blogs.uef.fi\/tiedonhaku-metsatiede\/hakukoneet\/kirjojen-hakeminen\/\",\"name\":\"Kirjojen hakeminen - Mets\u00e4tieteen tiedonhaku \/ UEF KIRJASTO\",\"isPartOf\":{\"@id\":\"https:\/\/blogs.uef.fi\/tiedonhaku-metsatiede\/#website\"},\"primaryImageOfPage\":{\"@id\":\"https:\/\/blogs.uef.fi\/tiedonhaku-metsatiede\/hakukoneet\/kirjojen-hakeminen\/#primaryimage\"},\"image\":{\"@id\":\"https:\/\/blogs.uef.fi\/tiedonhaku-metsatiede\/hakukoneet\/kirjojen-hakeminen\/#primaryimage\"},\"thumbnailUrl\":\"https:\/\/blogs.uef.fi\/tiedonhaku-metsatiede\/wp-content\/uploads\/sites\/47\/2018\/06\/METkirjahakuja.png\",\"datePublished\":\"2015-10-30T13:56:57+00:00\",\"dateModified\":\"2025-01-08T12:43:03+00:00\",\"breadcrumb\":{\"@id\":\"https:\/\/blogs.uef.fi\/tiedonhaku-metsatiede\/hakukoneet\/kirjojen-hakeminen\/#breadcrumb\"},\"inLanguage\":\"fi\",\"potentialAction\":[{\"@type\":\"ReadAction\",\"target\":[\"https:\/\/blogs.uef.fi\/tiedonhaku-metsatiede\/hakukoneet\/kirjojen-hakeminen\/\"]}]},{\"@type\":\"ImageObject\",\"inLanguage\":\"fi\",\"@id\":\"https:\/\/blogs.uef.fi\/tiedonhaku-metsatiede\/hakukoneet\/kirjojen-hakeminen\/#primaryimage\",\"url\":\"https:\/\/blogs.uef.fi\/tiedonhaku-metsatiede\/wp-content\/uploads\/sites\/47\/2018\/06\/METkirjahakuja.png\",\"contentUrl\":\"https:\/\/blogs.uef.fi\/tiedonhaku-metsatiede\/wp-content\/uploads\/sites\/47\/2018\/06\/METkirjahakuja.png\",\"width\":845,\"height\":251},{\"@type\":\"BreadcrumbList\",\"@id\":\"https:\/\/blogs.uef.fi\/tiedonhaku-metsatiede\/hakukoneet\/kirjojen-hakeminen\/#breadcrumb\",\"itemListElement\":[{\"@type\":\"ListItem\",\"position\":1,\"name\":\"Home\",\"item\":\"https:\/\/blogs.uef.fi\/tiedonhaku-metsatiede\/\"},{\"@type\":\"ListItem\",\"position\":2,\"name\":\"Hakukoneet\",\"item\":\"https:\/\/blogs.uef.fi\/tiedonhaku-metsatiede\/hakukoneet\/\"},{\"@type\":\"ListItem\",\"position\":3,\"name\":\"Kirjojen hakeminen\"}]},{\"@type\":\"WebSite\",\"@id\":\"https:\/\/blogs.uef.fi\/tiedonhaku-metsatiede\/#website\",\"url\":\"https:\/\/blogs.uef.fi\/tiedonhaku-metsatiede\/\",\"name\":\"Mets\u00e4tieteen tiedonhaku \/ UEF KIRJASTO\",\"description\":\"Mets\u00e4tieteen tiedonhaku on kattava oppimateriaali tiedonhakuun mets\u00e4tieteilij\u00f6ille. Se sis\u00e4lt\u00e4\u00e4 yleiset tiedonhaun tekniikat sek\u00e4 mets\u00e4tieteen tiedonl\u00e4hteet ohjeineen ja esimerkkeineen.\",\"potentialAction\":[{\"@type\":\"SearchAction\",\"target\":{\"@type\":\"EntryPoint\",\"urlTemplate\":\"https:\/\/blogs.uef.fi\/tiedonhaku-metsatiede\/?s={search_term_string}\"},\"query-input\":{\"@type\":\"PropertyValueSpecification\",\"valueRequired\":true,\"valueName\":\"search_term_string\"}}],\"inLanguage\":\"fi\"}]}<\/script>\n<!-- \/ Yoast SEO plugin. -->","yoast_head_json":{"title":"Kirjojen hakeminen - Mets\u00e4tieteen tiedonhaku \/ UEF KIRJASTO","robots":{"index":"index","follow":"follow","max-snippet":"max-snippet:-1","max-image-preview":"max-image-preview:large","max-video-preview":"max-video-preview:-1"},"canonical":"https:\/\/blogs.uef.fi\/tiedonhaku-metsatiede\/hakukoneet\/kirjojen-hakeminen\/","og_locale":"fi_FI","og_type":"article","og_title":"Kirjojen hakeminen - Mets\u00e4tieteen tiedonhaku \/ UEF KIRJASTO","og_description":"Kirjat ovat hy\u00f6dyllisi\u00e4 l\u00e4hteit\u00e4, kun halutaan kokonaiskuva jostakin aiheesta, perustietoja ja -k\u00e4sitteit\u00e4, historiaa. K\u00e4yt\u00e4 kirjastotietokantoja kirjojen ja sarjajulkaisujen hakemiseen Kirjoja l\u00f6yt\u00e4\u00e4 helpoiten kirjastojen kokoelmatietokannoista. Jokaisella kirjastolla on ainakin toistaiseksi oma kokoelmatietokantansa, joista l\u00f6ytyy tietoja kirjojen lis\u00e4ksi my\u00f6s: UEFin kirjaston kokoelmatietokanta on upotettu UEF-Primoon: haku kirjaston kokoelmista. UEF-Primossa n\u00e4kyy edell\u00e4mainittujen lis\u00e4ksi tiedot Sarjoja ja niiden osia [&hellip;]","og_url":"https:\/\/blogs.uef.fi\/tiedonhaku-metsatiede\/hakukoneet\/kirjojen-hakeminen\/","og_site_name":"Mets\u00e4tieteen tiedonhaku \/ UEF KIRJASTO","article_modified_time":"2025-01-08T12:43:03+00:00","og_image":[{"width":845,"height":251,"url":"https:\/\/blogs.uef.fi\/tiedonhaku-metsatiede\/wp-content\/uploads\/sites\/47\/2018\/06\/METkirjahakuja.png","type":"image\/png"}],"twitter_card":"summary_large_image","twitter_misc":{"Arvioitu lukuaika":"5 minuuttia"},"schema":{"@context":"https:\/\/schema.org","@graph":[{"@type":"WebPage","@id":"https:\/\/blogs.uef.fi\/tiedonhaku-metsatiede\/hakukoneet\/kirjojen-hakeminen\/","url":"https:\/\/blogs.uef.fi\/tiedonhaku-metsatiede\/hakukoneet\/kirjojen-hakeminen\/","name":"Kirjojen hakeminen - Mets\u00e4tieteen tiedonhaku \/ UEF KIRJASTO","isPartOf":{"@id":"https:\/\/blogs.uef.fi\/tiedonhaku-metsatiede\/#website"},"primaryImageOfPage":{"@id":"https:\/\/blogs.uef.fi\/tiedonhaku-metsatiede\/hakukoneet\/kirjojen-hakeminen\/#primaryimage"},"image":{"@id":"https:\/\/blogs.uef.fi\/tiedonhaku-metsatiede\/hakukoneet\/kirjojen-hakeminen\/#primaryimage"},"thumbnailUrl":"https:\/\/blogs.uef.fi\/tiedonhaku-metsatiede\/wp-content\/uploads\/sites\/47\/2018\/06\/METkirjahakuja.png","datePublished":"2015-10-30T13:56:57+00:00","dateModified":"2025-01-08T12:43:03+00:00","breadcrumb":{"@id":"https:\/\/blogs.uef.fi\/tiedonhaku-metsatiede\/hakukoneet\/kirjojen-hakeminen\/#breadcrumb"},"inLanguage":"fi","potentialAction":[{"@type":"ReadAction","target":["https:\/\/blogs.uef.fi\/tiedonhaku-metsatiede\/hakukoneet\/kirjojen-hakeminen\/"]}]},{"@type":"ImageObject","inLanguage":"fi","@id":"https:\/\/blogs.uef.fi\/tiedonhaku-metsatiede\/hakukoneet\/kirjojen-hakeminen\/#primaryimage","url":"https:\/\/blogs.uef.fi\/tiedonhaku-metsatiede\/wp-content\/uploads\/sites\/47\/2018\/06\/METkirjahakuja.png","contentUrl":"https:\/\/blogs.uef.fi\/tiedonhaku-metsatiede\/wp-content\/uploads\/sites\/47\/2018\/06\/METkirjahakuja.png","width":845,"height":251},{"@type":"BreadcrumbList","@id":"https:\/\/blogs.uef.fi\/tiedonhaku-metsatiede\/hakukoneet\/kirjojen-hakeminen\/#breadcrumb","itemListElement":[{"@type":"ListItem","position":1,"name":"Home","item":"https:\/\/blogs.uef.fi\/tiedonhaku-metsatiede\/"},{"@type":"ListItem","position":2,"name":"Hakukoneet","item":"https:\/\/blogs.uef.fi\/tiedonhaku-metsatiede\/hakukoneet\/"},{"@type":"ListItem","position":3,"name":"Kirjojen hakeminen"}]},{"@type":"WebSite","@id":"https:\/\/blogs.uef.fi\/tiedonhaku-metsatiede\/#website","url":"https:\/\/blogs.uef.fi\/tiedonhaku-metsatiede\/","name":"Mets\u00e4tieteen tiedonhaku \/ UEF KIRJASTO","description":"Mets\u00e4tieteen tiedonhaku on kattava oppimateriaali tiedonhakuun mets\u00e4tieteilij\u00f6ille. Se sis\u00e4lt\u00e4\u00e4 yleiset tiedonhaun tekniikat sek\u00e4 mets\u00e4tieteen tiedonl\u00e4hteet ohjeineen ja esimerkkeineen.","potentialAction":[{"@type":"SearchAction","target":{"@type":"EntryPoint","urlTemplate":"https:\/\/blogs.uef.fi\/tiedonhaku-metsatiede\/?s={search_term_string}"},"query-input":{"@type":"PropertyValueSpecification","valueRequired":true,"valueName":"search_term_string"}}],"inLanguage":"fi"}]}},"_links":{"self":[{"href":"https:\/\/blogs.uef.fi\/tiedonhaku-metsatiede\/wp-json\/wp\/v2\/pages\/109","targetHints":{"allow":["GET"]}}],"collection":[{"href":"https:\/\/blogs.uef.fi\/tiedonhaku-metsatiede\/wp-json\/wp\/v2\/pages"}],"about":[{"href":"https:\/\/blogs.uef.fi\/tiedonhaku-metsatiede\/wp-json\/wp\/v2\/types\/page"}],"author":[{"embeddable":true,"href":"https:\/\/blogs.uef.fi\/tiedonhaku-metsatiede\/wp-json\/wp\/v2\/users\/127"}],"replies":[{"embeddable":true,"href":"https:\/\/blogs.uef.fi\/tiedonhaku-metsatiede\/wp-json\/wp\/v2\/comments?post=109"}],"version-history":[{"count":2,"href":"https:\/\/blogs.uef.fi\/tiedonhaku-metsatiede\/wp-json\/wp\/v2\/pages\/109\/revisions"}],"predecessor-version":[{"id":3896,"href":"https:\/\/blogs.uef.fi\/tiedonhaku-metsatiede\/wp-json\/wp\/v2\/pages\/109\/revisions\/3896"}],"up":[{"embeddable":true,"href":"https:\/\/blogs.uef.fi\/tiedonhaku-metsatiede\/wp-json\/wp\/v2\/pages\/589"}],"wp:attachment":[{"href":"https:\/\/blogs.uef.fi\/tiedonhaku-metsatiede\/wp-json\/wp\/v2\/media?parent=109"}],"curies":[{"name":"wp","href":"https:\/\/api.w.org\/{rel}","templated":true}]}}