{"id":82,"date":"2015-09-10T09:25:04","date_gmt":"2015-09-10T09:25:04","guid":{"rendered":"https:\/\/ueflibrarymat.wordpress.com\/?page_id=82"},"modified":"2025-01-08T12:57:42","modified_gmt":"2025-01-08T10:57:42","slug":"hakuaihe","status":"publish","type":"page","link":"https:\/\/blogs.uef.fi\/tiedonhaku-matematiikka\/hakusanat\/hakuaihe\/","title":{"rendered":"Hakuaiheen k\u00e4sittely"},"content":{"rendered":"\n<p>Hyvien hakusanojen l\u00f6yt\u00e4miseksi pit\u00e4\u00e4 ensiksi tunnistaa oma <strong>hakukysymys ja sen keskeiset k\u00e4sitteet.<\/strong> K\u00e4sitteist\u00e4 johdetaan sitten hakusanat.<\/p>\n\n\n\n<h2 class=\"wp-block-heading\">Mieti hakukysymysten avulla mit\u00e4 tietoa tarvitset<\/h2>\n\n\n\n<p>Hakukysymysten avulla voi hahmottaa itselleen, millaisia teemoja omaan aiheeseen liittyy, samaan tapaan kuin mietit\u00e4\u00e4n tutkimuskysymyksi\u00e4. Hakukysymykset voivat olla osittain samojakin kuin tutkimuskysymykset, mutta voivat my\u00f6s poiketa niist\u00e4. Erityisesti pit\u00e4\u00e4 pysty\u00e4 erittelem\u00e4\u00e4n ne asiat, joihin vastaus voisi l\u00f6yty\u00e4 kirjallisuudesta, ei oman kokeellisen tutkimuksen kautta.<\/p>\n\n\n\n<p><strong>Hakukysymys <\/strong>(tai hakuongelma) on se kysymys\/joukko kysymyksi\u00e4, johon etsit vastausta tieteellisist\u00e4 julkaisuista, <strong>kirjallisuudesta<\/strong>. <\/p>\n\n\n\n<p>Aiheesta on sellaisenaan on helppo johtaa ensimm\u00e4inen hakukysymys.<\/p>\n\n\n\n<p>Kun kyse on tutkimuksen (opinn\u00e4ytteen) tekemisest\u00e4, on n\u00e4ht\u00e4v\u00e4, millaisia <strong>muita tietoja<\/strong> tutkimuksessa voitaisiin k\u00e4ytt\u00e4\u00e4 hyv\u00e4ksi, millaiset palaset olisivat hy\u00f6dyllisi\u00e4 kokonaisuuden kannalta. <strong>Eri l\u00e4hteist\u00e4 tulevan tiedon yhdistely ja vertailu on osa tutkimusta<\/strong>, erityisesti soveltavassa matematiikassa.<\/p>\n\n\n\n<p><strong>Esimerkki er\u00e4\u00e4st\u00e4 gradusta:<\/strong><\/p>\n\n\n\n<p>Todenn\u00e4k\u00f6isyyslaskenta koulumatematiikan n\u00e4k\u00f6kulmasta \/ Susanna Horstia (2008). Kirjallisuuteen viitataan mm. seuraavissa:<\/p>\n\n\n\n<ul class=\"wp-block-list\">\n<li>mit\u00e4 tarkoittaa todenn\u00e4k\u00f6isyyden k\u00e4site<\/li>\n\n\n\n<li>millainen historia todenn\u00e4k\u00f6isyyslaskennalla on<\/li>\n\n\n\n<li>millaisia ovat todenn\u00e4k\u00f6isyyden laskus\u00e4\u00e4nn\u00f6t<\/li>\n\n\n\n<li>mit\u00e4 on kriittinen ajattelu, ongelmanratkaisuprosessi, k\u00e4sitteenmuodostus yleens\u00e4<\/li>\n\n\n\n<li>miten n\u00e4it\u00e4 sovelletaan matematiikan kouluopetuksessa<\/li>\n\n\n\n<li>millaista on todenn\u00e4k\u00f6isyyslaskenta lukion oppikirjoissa<\/li>\n<\/ul>\n\n\n\n<p>Kun tiedonhakua tehd\u00e4\u00e4n ja tuloksia saadaan, voi hakukysymysten avulla peilata, onko vastaukset kysymyksiin l\u00f6ydetty \u2013 hyv\u00e4t hakukysymykset ovat siis my\u00f6s hakutulosten arvioinnin ja valikoinnin v\u00e4line.<\/p>\n\n\n\n<div class=\"links-block\">\n\n    \n    <ul class=\"link-list\">\n        \n            \n            <li class=\"link-list-item\">\n                <a href=\"https:\/\/uef.cloud.panopto.eu\/Panopto\/Pages\/Viewer.aspx?id=a017b527-a419-475c-aa4c-b03d00c03ee6\" class=\"link-reset link hover-scale-down\">\n                    <svg\n        width=\"43\" height=\"25\"\n        viewBox=\"0 0 43 25\"\n        xmlns=\"http:\/\/www.w3.org\/2000\/svg\">\n    <path\n        d=\"M30.027 0 43 12.5 30.027 25 27 22.083 34.351 15H0v-5h34.351L27 2.917z\"\n        fill=\"currentColor\"\n        fill-rule=\"evenodd\"\/>\n<\/svg>                    <div>Katso video hakukysymyksist\u00e4 (5:01), esimerkit matematiikasta ja matematiikan opetuksesta<\/div>\n                <\/a>\n                <div class=\"link-info\">\n                                    <\/div>\n            <\/li>\n\n                <\/ul>\n<\/div>\n\n\n<h2 class=\"wp-block-heading\">M\u00e4\u00e4rittele k\u00e4sitteet<\/h2>\n\n\n\n<p>K\u00e4site on <strong>yksitt\u00e4inen<\/strong> olio tai asia, kuten ilmi\u00f6, teko, esine, tapahtuma. K\u00e4sitteiden avulla<strong> j\u00e4sennet\u00e4\u00e4n ja luokitellaan<\/strong> maailmaa. <\/p>\n\n\n\n<p><strong>K\u00e4sitteiden<\/strong> m\u00e4\u00e4rittely on olennaista sek\u00e4 tiedonhaun ett\u00e4 koko tutkimusprosessin ja kirjoittamisen kannalta.<\/p>\n\n\n\n<p>K\u00e4sitteit\u00e4 voi olla <strong>yksi tai useampia.<\/strong> Hakuaiheesta riippuen voi erottaa <strong>keskeiset k\u00e4sitteet<\/strong> sek\u00e4 niit\u00e4 t\u00e4ydent\u00e4v\u00e4t <strong>apuk\u00e4sitteet<\/strong>. Vaikka l\u00e4hdett\u00e4isiin liikkeelle vain yhdest\u00e4 perusk\u00e4sitteest\u00e4, eteen voi tulla n\u00e4k\u00f6kohtia, jotka pakottavat lis\u00e4\u00e4m\u00e4\u00e4n hakuun muitakin k\u00e4sitteit\u00e4.<\/p>\n\n\n\n<p><strong>ESIMERKKI<\/strong> <strong>1<\/strong>:<\/p>\n\n\n\n<p>Otsikko: Todenn\u00e4k\u00f6isyyslaskenta koulumatematiikan n\u00e4k\u00f6kulmasta.<\/p>\n\n\n\n<p><strong>P\u00e4\u00e4k\u00e4sitteet<\/strong>: <\/p>\n\n\n\n<ul class=\"wp-block-list\">\n<li>todenn\u00e4k\u00f6isyyslaskenta <\/li>\n\n\n\n<li>opetus.<\/li>\n<\/ul>\n\n\n\n<p><strong>Apuk\u00e4sitteet<\/strong>: <\/p>\n\n\n\n<ul class=\"wp-block-list\">\n<li>lukio<\/li>\n\n\n\n<li>oppikirjat<\/li>\n\n\n\n<li>laskus\u00e4\u00e4nn\u00f6t<\/li>\n\n\n\n<li>k\u00e4sitteenmuodostus<\/li>\n\n\n\n<li>ongelmanratkaisu<\/li>\n\n\n\n<li>historia.<\/li>\n<\/ul>\n\n\n\n<p>K\u00e4sitteet kannattaa m\u00e4\u00e4ritell\u00e4 aluksi hyvin <strong>pelkistettyin\u00e4<\/strong>. T\u00e4ll\u00f6in niiden yhdistely ja monipuolinen k\u00e4ytt\u00f6 ovat hakuvaiheessa helpommin hallittavissa.<\/p>\n\n\n\n<p><strong>ESIMERKKI 2:<\/strong><\/p>\n\n\n\n<p>Otsikko: Alkulukujen lukum\u00e4\u00e4r\u00e4st\u00e4 ja jakautumisesta.<\/p>\n\n\n\n<p><strong>K\u00e4sitteet<\/strong>: <\/p>\n\n\n\n<ul class=\"wp-block-list\">\n<li>alkuluvut<\/li>\n\n\n\n<li>lukum\u00e4\u00e4r\u00e4<\/li>\n\n\n\n<li>jakautuminen<\/li>\n<\/ul>\n\n\n\n<h2 class=\"wp-block-heading\">Kokoa, rajaa, yhdistele, vertaile<\/h2>\n\n\n\n<ol class=\"wp-block-list\">\n<li>Tietoa tarvitaan aiheen keskeisist\u00e4 k\u00e4sitteist\u00e4: <strong>k\u00e4ytetyt k\u00e4sittee<\/strong>t on my\u00f6s pystytt\u00e4v\u00e4 tutkimuksessa m\u00e4\u00e4rittelem\u00e4\u00e4n yksiselitteisesti.<\/li>\n\n\n\n<li>Tutkimukseen saatetaan tarvita <strong>taustatietoja aiheesta<\/strong> my\u00f6s laajemmassa kontekstissa: mihin asiayhteyteen tai aihekokonaisuuteen aihe liittyy ja millaisia tutkimusongelmia aiheen piiriss\u00e4 on aikaisemmin k\u00e4sitelty.<\/li>\n\n\n\n<li>Aihetta j\u00e4sent\u00e4m\u00e4ll\u00e4 ja tutkimusongelmaa tarkentamalla hahmottuu oma ymm\u00e4rrys siit\u00e4, <strong>mit\u00e4 omalla tutkimuksella halutaan osoittaa ja mit\u00e4 asioita halutaan tiet\u00e4\u00e4.<\/strong><br><br><strong>Mit\u00e4 tarkemmin pystyt rajaamaan aiheesi, sit\u00e4 helpompaa on tiedonhaku.<\/strong> Laajat, j\u00e4sentym\u00e4tt\u00f6m\u00e4t aiheet ovat hankalia haettavia.<\/li>\n<\/ol>\n\n\n\n<p>Seuraavien seikkojen pohtiminen helpottaa aiheen m\u00e4\u00e4rittely\u00e4, j\u00e4sentely\u00e4 ja rajaamista:<\/p>\n\n\n\n<ul class=\"wp-block-list\">\n<li>Mik\u00e4 on aiheeni\/teht\u00e4v\u00e4n otsikko?<\/li>\n\n\n\n<li>Mihin kysymyksiin minun pit\u00e4\u00e4 vastata?<\/li>\n\n\n\n<li>Mit\u00e4 aineistoa voin saada kirjallisuudesta, mit\u00e4 tuotan itse?<\/li>\n\n\n\n<li>Mihin laajempaan viitekehykseen aihe kuuluu?<\/li>\n\n\n\n<li>Mit\u00e4 suppeampia asiakokonaisuuksia aihe pit\u00e4\u00e4 sis\u00e4ll\u00e4\u00e4n?<\/li>\n<\/ul>\n\n\n\n<ul class=\"wp-block-list\">\n<li>4. Tietoa voi joutua hakemaan my\u00f6s<strong> tutkimusmenetelmist\u00e4, tilastomenetelmist\u00e4, aineiston k\u00e4sittelyst\u00e4 ym., <\/strong>varsinkin kun ollaan tekemisisss\u00e4 soveltavan tutkimuksen tai vaikkapa matematiikan opetuksen kysymysten kanssa.<\/li>\n<\/ul>\n\n\n\n<p class=\"has-text-align-right\">Seuraava sivu: <a href=\"https:\/\/blogs.uef.fi\/tiedonhaku-matematiikka\/sanojen-keksiminen\/\">Sanojen keksiminen<\/a><\/p>\n","protected":false},"excerpt":{"rendered":"<p>Hyvien hakusanojen l\u00f6yt\u00e4miseksi pit\u00e4\u00e4 ensiksi tunnistaa oma hakukysymys ja sen keskeiset k\u00e4sitteet. K\u00e4sitteist\u00e4 johdetaan sitten hakusanat. Mieti hakukysymysten avulla mit\u00e4 tietoa tarvitset Hakukysymysten avulla voi hahmottaa itselleen, millaisia teemoja omaan aiheeseen liittyy, samaan tapaan kuin mietit\u00e4\u00e4n tutkimuskysymyksi\u00e4. Hakukysymykset voivat olla osittain samojakin kuin tutkimuskysymykset, mutta voivat my\u00f6s poiketa niist\u00e4. Erityisesti pit\u00e4\u00e4 pysty\u00e4 erittelem\u00e4\u00e4n ne asiat, [&hellip;]<\/p>\n","protected":false},"author":127,"featured_media":0,"parent":581,"menu_order":0,"comment_status":"closed","ping_status":"closed","template":"","meta":{"_acf_changed":false,"footnotes":""},"class_list":["post-82","page","type-page","status-publish","hentry"],"acf":[],"yoast_head":"<!-- This site is optimized with the Yoast SEO plugin v27.3 - https:\/\/yoast.com\/product\/yoast-seo-wordpress\/ -->\n<title>Hakuaiheen k\u00e4sittely - Matematiikan tiedonhaku \/ UEF kirjasto<\/title>\n<meta name=\"robots\" content=\"index, follow, max-snippet:-1, max-image-preview:large, max-video-preview:-1\" \/>\n<link rel=\"canonical\" href=\"https:\/\/blogs.uef.fi\/tiedonhaku-matematiikka\/hakusanat\/hakuaihe\/\" \/>\n<meta property=\"og:locale\" content=\"fi_FI\" \/>\n<meta property=\"og:type\" content=\"article\" \/>\n<meta property=\"og:title\" content=\"Hakuaiheen k\u00e4sittely - Matematiikan tiedonhaku \/ UEF kirjasto\" \/>\n<meta property=\"og:description\" content=\"Hyvien hakusanojen l\u00f6yt\u00e4miseksi pit\u00e4\u00e4 ensiksi tunnistaa oma hakukysymys ja sen keskeiset k\u00e4sitteet. K\u00e4sitteist\u00e4 johdetaan sitten hakusanat. Mieti hakukysymysten avulla mit\u00e4 tietoa tarvitset Hakukysymysten avulla voi hahmottaa itselleen, millaisia teemoja omaan aiheeseen liittyy, samaan tapaan kuin mietit\u00e4\u00e4n tutkimuskysymyksi\u00e4. Hakukysymykset voivat olla osittain samojakin kuin tutkimuskysymykset, mutta voivat my\u00f6s poiketa niist\u00e4. Erityisesti pit\u00e4\u00e4 pysty\u00e4 erittelem\u00e4\u00e4n ne asiat, [&hellip;]\" \/>\n<meta property=\"og:url\" content=\"https:\/\/blogs.uef.fi\/tiedonhaku-matematiikka\/hakusanat\/hakuaihe\/\" \/>\n<meta property=\"og:site_name\" content=\"Matematiikan tiedonhaku \/ UEF kirjasto\" \/>\n<meta property=\"article:modified_time\" content=\"2025-01-08T10:57:42+00:00\" \/>\n<meta name=\"twitter:card\" content=\"summary_large_image\" \/>\n<meta name=\"twitter:label1\" content=\"Arvioitu lukuaika\" \/>\n\t<meta name=\"twitter:data1\" content=\"3 minuuttia\" \/>\n<script type=\"application\/ld+json\" class=\"yoast-schema-graph\">{\"@context\":\"https:\\\/\\\/schema.org\",\"@graph\":[{\"@type\":\"WebPage\",\"@id\":\"https:\\\/\\\/blogs.uef.fi\\\/tiedonhaku-matematiikka\\\/hakusanat\\\/hakuaihe\\\/\",\"url\":\"https:\\\/\\\/blogs.uef.fi\\\/tiedonhaku-matematiikka\\\/hakusanat\\\/hakuaihe\\\/\",\"name\":\"Hakuaiheen k\u00e4sittely - Matematiikan tiedonhaku \\\/ UEF kirjasto\",\"isPartOf\":{\"@id\":\"https:\\\/\\\/blogs.uef.fi\\\/tiedonhaku-matematiikka\\\/#website\"},\"datePublished\":\"2015-09-10T09:25:04+00:00\",\"dateModified\":\"2025-01-08T10:57:42+00:00\",\"breadcrumb\":{\"@id\":\"https:\\\/\\\/blogs.uef.fi\\\/tiedonhaku-matematiikka\\\/hakusanat\\\/hakuaihe\\\/#breadcrumb\"},\"inLanguage\":\"fi\",\"potentialAction\":[{\"@type\":\"ReadAction\",\"target\":[\"https:\\\/\\\/blogs.uef.fi\\\/tiedonhaku-matematiikka\\\/hakusanat\\\/hakuaihe\\\/\"]}]},{\"@type\":\"BreadcrumbList\",\"@id\":\"https:\\\/\\\/blogs.uef.fi\\\/tiedonhaku-matematiikka\\\/hakusanat\\\/hakuaihe\\\/#breadcrumb\",\"itemListElement\":[{\"@type\":\"ListItem\",\"position\":1,\"name\":\"Home\",\"item\":\"https:\\\/\\\/blogs.uef.fi\\\/tiedonhaku-matematiikka\\\/\"},{\"@type\":\"ListItem\",\"position\":2,\"name\":\"Hakusanat\",\"item\":\"https:\\\/\\\/blogs.uef.fi\\\/tiedonhaku-matematiikka\\\/hakusanat\\\/\"},{\"@type\":\"ListItem\",\"position\":3,\"name\":\"Hakuaiheen k\u00e4sittely\"}]},{\"@type\":\"WebSite\",\"@id\":\"https:\\\/\\\/blogs.uef.fi\\\/tiedonhaku-matematiikka\\\/#website\",\"url\":\"https:\\\/\\\/blogs.uef.fi\\\/tiedonhaku-matematiikka\\\/\",\"name\":\"Matematiikan tiedonhaku \\\/ UEF kirjasto\",\"description\":\"Matematiikan tiedonhaku on kattava oppimateriaali tiedonhakuun matemaatikoille. Se sis\u00e4lt\u00e4\u00e4 yleiset tiedonhaun tekniikat sek\u00e4 kemian alan tiedonl\u00e4hteet ohjeineen ja esimerkkeineen.\",\"potentialAction\":[{\"@type\":\"SearchAction\",\"target\":{\"@type\":\"EntryPoint\",\"urlTemplate\":\"https:\\\/\\\/blogs.uef.fi\\\/tiedonhaku-matematiikka\\\/?s={search_term_string}\"},\"query-input\":{\"@type\":\"PropertyValueSpecification\",\"valueRequired\":true,\"valueName\":\"search_term_string\"}}],\"inLanguage\":\"fi\"}]}<\/script>\n<!-- \/ Yoast SEO plugin. -->","yoast_head_json":{"title":"Hakuaiheen k\u00e4sittely - Matematiikan tiedonhaku \/ UEF kirjasto","robots":{"index":"index","follow":"follow","max-snippet":"max-snippet:-1","max-image-preview":"max-image-preview:large","max-video-preview":"max-video-preview:-1"},"canonical":"https:\/\/blogs.uef.fi\/tiedonhaku-matematiikka\/hakusanat\/hakuaihe\/","og_locale":"fi_FI","og_type":"article","og_title":"Hakuaiheen k\u00e4sittely - Matematiikan tiedonhaku \/ UEF kirjasto","og_description":"Hyvien hakusanojen l\u00f6yt\u00e4miseksi pit\u00e4\u00e4 ensiksi tunnistaa oma hakukysymys ja sen keskeiset k\u00e4sitteet. K\u00e4sitteist\u00e4 johdetaan sitten hakusanat. Mieti hakukysymysten avulla mit\u00e4 tietoa tarvitset Hakukysymysten avulla voi hahmottaa itselleen, millaisia teemoja omaan aiheeseen liittyy, samaan tapaan kuin mietit\u00e4\u00e4n tutkimuskysymyksi\u00e4. Hakukysymykset voivat olla osittain samojakin kuin tutkimuskysymykset, mutta voivat my\u00f6s poiketa niist\u00e4. Erityisesti pit\u00e4\u00e4 pysty\u00e4 erittelem\u00e4\u00e4n ne asiat, [&hellip;]","og_url":"https:\/\/blogs.uef.fi\/tiedonhaku-matematiikka\/hakusanat\/hakuaihe\/","og_site_name":"Matematiikan tiedonhaku \/ UEF kirjasto","article_modified_time":"2025-01-08T10:57:42+00:00","twitter_card":"summary_large_image","twitter_misc":{"Arvioitu lukuaika":"3 minuuttia"},"schema":{"@context":"https:\/\/schema.org","@graph":[{"@type":"WebPage","@id":"https:\/\/blogs.uef.fi\/tiedonhaku-matematiikka\/hakusanat\/hakuaihe\/","url":"https:\/\/blogs.uef.fi\/tiedonhaku-matematiikka\/hakusanat\/hakuaihe\/","name":"Hakuaiheen k\u00e4sittely - Matematiikan tiedonhaku \/ UEF kirjasto","isPartOf":{"@id":"https:\/\/blogs.uef.fi\/tiedonhaku-matematiikka\/#website"},"datePublished":"2015-09-10T09:25:04+00:00","dateModified":"2025-01-08T10:57:42+00:00","breadcrumb":{"@id":"https:\/\/blogs.uef.fi\/tiedonhaku-matematiikka\/hakusanat\/hakuaihe\/#breadcrumb"},"inLanguage":"fi","potentialAction":[{"@type":"ReadAction","target":["https:\/\/blogs.uef.fi\/tiedonhaku-matematiikka\/hakusanat\/hakuaihe\/"]}]},{"@type":"BreadcrumbList","@id":"https:\/\/blogs.uef.fi\/tiedonhaku-matematiikka\/hakusanat\/hakuaihe\/#breadcrumb","itemListElement":[{"@type":"ListItem","position":1,"name":"Home","item":"https:\/\/blogs.uef.fi\/tiedonhaku-matematiikka\/"},{"@type":"ListItem","position":2,"name":"Hakusanat","item":"https:\/\/blogs.uef.fi\/tiedonhaku-matematiikka\/hakusanat\/"},{"@type":"ListItem","position":3,"name":"Hakuaiheen k\u00e4sittely"}]},{"@type":"WebSite","@id":"https:\/\/blogs.uef.fi\/tiedonhaku-matematiikka\/#website","url":"https:\/\/blogs.uef.fi\/tiedonhaku-matematiikka\/","name":"Matematiikan tiedonhaku \/ UEF kirjasto","description":"Matematiikan tiedonhaku on kattava oppimateriaali tiedonhakuun matemaatikoille. Se sis\u00e4lt\u00e4\u00e4 yleiset tiedonhaun tekniikat sek\u00e4 kemian alan tiedonl\u00e4hteet ohjeineen ja esimerkkeineen.","potentialAction":[{"@type":"SearchAction","target":{"@type":"EntryPoint","urlTemplate":"https:\/\/blogs.uef.fi\/tiedonhaku-matematiikka\/?s={search_term_string}"},"query-input":{"@type":"PropertyValueSpecification","valueRequired":true,"valueName":"search_term_string"}}],"inLanguage":"fi"}]}},"_links":{"self":[{"href":"https:\/\/blogs.uef.fi\/tiedonhaku-matematiikka\/wp-json\/wp\/v2\/pages\/82","targetHints":{"allow":["GET"]}}],"collection":[{"href":"https:\/\/blogs.uef.fi\/tiedonhaku-matematiikka\/wp-json\/wp\/v2\/pages"}],"about":[{"href":"https:\/\/blogs.uef.fi\/tiedonhaku-matematiikka\/wp-json\/wp\/v2\/types\/page"}],"author":[{"embeddable":true,"href":"https:\/\/blogs.uef.fi\/tiedonhaku-matematiikka\/wp-json\/wp\/v2\/users\/127"}],"replies":[{"embeddable":true,"href":"https:\/\/blogs.uef.fi\/tiedonhaku-matematiikka\/wp-json\/wp\/v2\/comments?post=82"}],"version-history":[{"count":1,"href":"https:\/\/blogs.uef.fi\/tiedonhaku-matematiikka\/wp-json\/wp\/v2\/pages\/82\/revisions"}],"predecessor-version":[{"id":3160,"href":"https:\/\/blogs.uef.fi\/tiedonhaku-matematiikka\/wp-json\/wp\/v2\/pages\/82\/revisions\/3160"}],"up":[{"embeddable":true,"href":"https:\/\/blogs.uef.fi\/tiedonhaku-matematiikka\/wp-json\/wp\/v2\/pages\/581"}],"wp:attachment":[{"href":"https:\/\/blogs.uef.fi\/tiedonhaku-matematiikka\/wp-json\/wp\/v2\/media?parent=82"}],"curies":[{"name":"wp","href":"https:\/\/api.w.org\/{rel}","templated":true}]}}