{"id":78,"date":"2015-09-10T07:33:23","date_gmt":"2015-09-10T07:33:23","guid":{"rendered":"https:\/\/ueflibrarymat.wordpress.com\/?page_id=78"},"modified":"2024-01-19T12:30:04","modified_gmt":"2024-01-19T10:30:04","slug":"vertaisarviointi","status":"publish","type":"page","link":"https:\/\/blogs.uef.fi\/tiedonhaku-matematiikka\/tieteellinen-julkaiseminen-2\/vertaisarviointi\/","title":{"rendered":"Vertaisarviointi"},"content":{"rendered":"\n<p>Vertaisarvioinnissa varmistetaan ulkopuolisten asiantuntijoiden avulla, ett\u00e4 tutkimusartikkeli on kelvollinen julkaistavaksi. Asiantuntijat ovat alan tunnustettuja tutkijoita. Englanniksi vertaisarviointii viitataan termeill\u00e4<strong> peer-review<\/strong> tai <strong>refereed<\/strong>.<\/p>\n\n\n\n<p><strong>Arviointik\u00e4yt\u00e4nt\u00f6<\/strong><\/p>\n\n\n\n<ul class=\"wp-block-list\">\n<li>Arvioijiksi valitaan alan tunnustettuja tutkijoita. Arvioijia on yleens\u00e4 ainakin kaksi. Artikkelin kirjoittaja ei saa tiet\u00e4\u00e4 heid\u00e4n henkil\u00f6llisyytt\u00e4\u00e4n.<\/li>\n\n\n\n<li>Asiantuntijat antavat julkaisuluvan arvoituaan tutkimuksen <strong>oikeellisuutta, merkitt\u00e4vyytt\u00e4 ja alkuper\u00e4isyytt\u00e4.<\/strong><\/li>\n\n\n\n<li>Kokeellisessa tutkimuksessa otetaan kantaa my\u00f6s koej\u00e4rjestelyyn ja aineiston edustavuuteen sek\u00e4 tutkimusmenetelmien p\u00e4tevyyteen.<\/li>\n<\/ul>\n\n\n\n<p>Arviointiprosessissa tarkistetaan lis\u00e4ksi, ett\u00e4 tekstin rakenne vastaa alan ja lehden tieteellisen kirjoittamisen k\u00e4yt\u00e4nt\u00f6j\u00e4.<\/p>\n\n\n\n<p>Vertaisarviointi ei ole t\u00e4ydellisen aukoton systeemi. Julkaistavaksi aiottujen k\u00e4sikirjoitusten m\u00e4\u00e4r\u00e4 on valtava ja aika ajoin puutteellinenkin artikkeli saattaa l\u00e4p\u00e4ist\u00e4 seulan.<\/p>\n\n\n\n<h2 class=\"wp-block-heading\">Samasta tutkimuksesta voi olla erilaisia versioita<\/h2>\n\n\n\n<p>On tavallista, ett\u00e4<strong> k\u00e4sikirjoitukseen<\/strong> tehd\u00e4\u00e4n pieni\u00e4 muutoksia arvioijien ehdotusten mukaan. Samasta tutkimuksesta voi olla saatavilla sek\u00e4 k\u00e4sikirjoitus ett\u00e4 korjattu versio.<\/p>\n\n\n\n<p>Artikkeli saa erilaisia nimityksi\u00e4 arvioinnin ja julkaisuprosessin vaiheeseen liittyen:<\/p>\n\n\n\n<ul class=\"wp-block-list\">\n<li>manuscript = preprint = k\u00e4sikirjoitus, jota ei viel\u00e4 arvioitu<\/li>\n\n\n\n<li>final draft = artikkelin sis\u00e4lt\u00f6 on korjattu arvioinnin j\u00e4lkeen<\/li>\n\n\n\n<li>article in press = artikkeli on arvioitu ja korjattu, ulkoasukin on lopullinen, mutta sit\u00e4 ei ole viel\u00e4 julkaistu<\/li>\n\n\n\n<li>final published version = artikkeli on julkaistu lehdess\u00e4 ja sill\u00e4 on olemassa mm. sivunumerot tai muu tunniste<\/li>\n<\/ul>\n\n\n\n<h2 class=\"wp-block-heading\">Mist\u00e4 saa tietoa vertaisarvioinnista?<\/h2>\n\n\n\n<h3 class=\"wp-block-heading\">Lehtiartikkeleiden vertaisarvionti<\/h3>\n\n\n\n<p>Tiedon vertaisarvioinnista voi tarkistaa:<\/p>\n\n\n\n<ul class=\"wp-block-list\">\n<li>lehden omalta (julkaisijan) kotisivulta \/ lehdest\u00e4 itsest\u00e4\u00e4n\n<ul class=\"wp-block-list\">\n<li>markkinoilla on tosin runsaasti huijarilehti\u00e4, joiden kotisivuilla annetaan v\u00e4\u00e4r\u00e4\u00e4 tai harhaanjohtavaa tietoa, ks. lis\u00e4\u00e4 luvussa <a href=\"https:\/\/blogs.uef.fi\/tiedonhaku-matematiikka\/onko-lahde-luotettava\/\" target=\"_blank\" rel=\"noreferrer noopener\">Onko l\u00e4hde luotettava<\/a>: saalistajalehdet<\/li>\n<\/ul>\n<\/li>\n\n\n\n<li>l\u00f6ytyyk\u00f6 lehti <a href=\"https:\/\/www.tsv.fi\/julkaisufoorumi\/haku.php\" target=\"_blank\" rel=\"noreferrer noopener\">Julkaisufoorumin<\/a> listalta<\/li>\n\n\n\n<li>onko lehdell\u00e4 <a href=\"https:\/\/fi.wikipedia.org\/wiki\/Vaikuttavuuskerroin\" target=\"_blank\" rel=\"noreferrer noopener\">Impact Factor<\/a> -tunnusluku: lue lis\u00e4\u00e4<a href=\"https:\/\/www.uef.fi\/fi\/kirjasto\/tutkimuksen-arviointi#accordion-7022\" target=\"_blank\" rel=\"noreferrer noopener\"> impaktifaktorista<\/a> kirjaston sivuilta<\/li>\n\n\n\n<li>joissakin tietokannoissa mainitaan, onko lehti\/artikkeli vertaisarvioitu (\u201dpeer reviewed\u201d tai \u201drefereed\u201d), tai<\/li>\n\n\n\n<li>hakua kirjallisuustietokannoissa voi rajata vain tieteellisiin lehtiin<\/li>\n<\/ul>\n\n\n\n<p>Kotimaisilla julkaisuilla on oma vertaisarvioinnista kertova tunnus, jonka my\u00f6nt\u00e4\u00e4 Tieteellisten seurain valtuuskunta:<\/p>\n\n\n\n<figure class=\"wp-block-image size-full\"><img loading=\"lazy\" decoding=\"async\" width=\"480\" height=\"192\" src=\"https:\/\/blogs.uef.fi\/tiedonhaku-matematiikka\/wp-content\/uploads\/sites\/51\/2020\/10\/vertaisarvioitu.jpg\" alt=\"Logossa on kuvattu mustalla pojhalla valkoisia viivoja, jotka muodostavat mustia kolmioita.\" class=\"wp-image-1033\" srcset=\"https:\/\/blogs.uef.fi\/tiedonhaku-matematiikka\/wp-content\/uploads\/sites\/51\/2020\/10\/vertaisarvioitu.jpg 480w, https:\/\/blogs.uef.fi\/tiedonhaku-matematiikka\/wp-content\/uploads\/sites\/51\/2020\/10\/vertaisarvioitu-300x120.jpg 300w\" sizes=\"auto, (max-width: 480px) 100vw, 480px\" \/><figcaption class=\"wp-element-caption\"><em>Vertaisarvioidun julkaisun logo.<\/em><\/figcaption><\/figure>\n\n\n\n<p>Varsinaisten<strong> tutkimusartikkelien<\/strong> lis\u00e4ksi tieteelliset lehdet voivat sis\u00e4lt\u00e4\u00e4 my\u00f6s erilaisia <strong>katsauksia, uutisia, kirjeit\u00e4 ja keskustelua.<\/strong><\/p>\n\n\n\n<h3 class=\"wp-block-heading\">Kirjojen arviointi:<\/h3>\n\n\n\n<p>Kirjojen laaduntarkkailu on <strong>kustantajien<\/strong>, kustannustoimittajien ja n\u00e4iden k\u00e4ytt\u00e4mien asiantuntijoiden vastuulla.<\/p>\n\n\n\n<p>Tieteellisi\u00e4 kustantajia ovat mm.:<\/p>\n\n\n\n<ul class=\"wp-block-list\">\n<li>tieteelliset kaupalliset kustantajat<\/li>\n\n\n\n<li>yliopistot<\/li>\n\n\n\n<li>kotimaiset ja ulkomaiset tieteelliset seurat<\/li>\n\n\n\n<li>tietyt tutkimuslaitokset yms. (ks. <a href=\"http:\/\/www.tiedekustantajat.fi\/\" target=\"_blank\" rel=\"noopener noreferrer\">Suomen tiedekustantajat<\/a>)<\/li>\n<\/ul>\n\n\n\n<p class=\"has-text-align-right\">Seuraava sivu: <a href=\"https:\/\/blogs.uef.fi\/tiedonhaku-matematiikka\/tieteellinen-julkaiseminen-2\/avoimet-julkaisut\/\">Avoimet julkaisut<\/a><\/p>\n","protected":false},"excerpt":{"rendered":"<p>Vertaisarvioinnissa varmistetaan ulkopuolisten asiantuntijoiden avulla, ett\u00e4 tutkimusartikkeli on kelvollinen julkaistavaksi. Asiantuntijat ovat alan tunnustettuja tutkijoita. Englanniksi vertaisarviointii viitataan termeill\u00e4 peer-review tai refereed. Arviointik\u00e4yt\u00e4nt\u00f6 Arviointiprosessissa tarkistetaan lis\u00e4ksi, ett\u00e4 tekstin rakenne vastaa alan ja lehden tieteellisen kirjoittamisen k\u00e4yt\u00e4nt\u00f6j\u00e4. Vertaisarviointi ei ole t\u00e4ydellisen aukoton systeemi. Julkaistavaksi aiottujen k\u00e4sikirjoitusten m\u00e4\u00e4r\u00e4 on valtava ja aika ajoin puutteellinenkin artikkeli saattaa l\u00e4p\u00e4ist\u00e4 [&hellip;]<\/p>\n","protected":false},"author":127,"featured_media":0,"parent":577,"menu_order":2,"comment_status":"closed","ping_status":"closed","template":"","meta":{"_acf_changed":false,"footnotes":""},"class_list":["post-78","page","type-page","status-publish","hentry"],"acf":[],"yoast_head":"<!-- This site is optimized with the Yoast SEO plugin v27.3 - https:\/\/yoast.com\/product\/yoast-seo-wordpress\/ -->\n<title>Vertaisarviointi - Matematiikan tiedonhaku \/ UEF kirjasto<\/title>\n<meta name=\"robots\" content=\"index, follow, max-snippet:-1, max-image-preview:large, max-video-preview:-1\" \/>\n<link rel=\"canonical\" href=\"https:\/\/blogs.uef.fi\/tiedonhaku-matematiikka\/tieteellinen-julkaiseminen-2\/vertaisarviointi\/\" \/>\n<meta property=\"og:locale\" content=\"fi_FI\" \/>\n<meta property=\"og:type\" content=\"article\" \/>\n<meta property=\"og:title\" content=\"Vertaisarviointi - Matematiikan tiedonhaku \/ UEF kirjasto\" \/>\n<meta property=\"og:description\" content=\"Vertaisarvioinnissa varmistetaan ulkopuolisten asiantuntijoiden avulla, ett\u00e4 tutkimusartikkeli on kelvollinen julkaistavaksi. Asiantuntijat ovat alan tunnustettuja tutkijoita. Englanniksi vertaisarviointii viitataan termeill\u00e4 peer-review tai refereed. Arviointik\u00e4yt\u00e4nt\u00f6 Arviointiprosessissa tarkistetaan lis\u00e4ksi, ett\u00e4 tekstin rakenne vastaa alan ja lehden tieteellisen kirjoittamisen k\u00e4yt\u00e4nt\u00f6j\u00e4. Vertaisarviointi ei ole t\u00e4ydellisen aukoton systeemi. Julkaistavaksi aiottujen k\u00e4sikirjoitusten m\u00e4\u00e4r\u00e4 on valtava ja aika ajoin puutteellinenkin artikkeli saattaa l\u00e4p\u00e4ist\u00e4 [&hellip;]\" \/>\n<meta property=\"og:url\" content=\"https:\/\/blogs.uef.fi\/tiedonhaku-matematiikka\/tieteellinen-julkaiseminen-2\/vertaisarviointi\/\" \/>\n<meta property=\"og:site_name\" content=\"Matematiikan tiedonhaku \/ UEF kirjasto\" \/>\n<meta property=\"article:modified_time\" content=\"2024-01-19T10:30:04+00:00\" \/>\n<meta property=\"og:image\" content=\"https:\/\/blogs.uef.fi\/tiedonhaku-matematiikka\/wp-content\/uploads\/sites\/51\/2020\/10\/vertaisarvioitu.jpg\" \/>\n<meta name=\"twitter:card\" content=\"summary_large_image\" \/>\n<meta name=\"twitter:label1\" content=\"Arvioitu lukuaika\" \/>\n\t<meta name=\"twitter:data1\" content=\"3 minuuttia\" \/>\n<script type=\"application\/ld+json\" class=\"yoast-schema-graph\">{\"@context\":\"https:\\\/\\\/schema.org\",\"@graph\":[{\"@type\":\"WebPage\",\"@id\":\"https:\\\/\\\/blogs.uef.fi\\\/tiedonhaku-matematiikka\\\/tieteellinen-julkaiseminen-2\\\/vertaisarviointi\\\/\",\"url\":\"https:\\\/\\\/blogs.uef.fi\\\/tiedonhaku-matematiikka\\\/tieteellinen-julkaiseminen-2\\\/vertaisarviointi\\\/\",\"name\":\"Vertaisarviointi - Matematiikan tiedonhaku \\\/ UEF kirjasto\",\"isPartOf\":{\"@id\":\"https:\\\/\\\/blogs.uef.fi\\\/tiedonhaku-matematiikka\\\/#website\"},\"primaryImageOfPage\":{\"@id\":\"https:\\\/\\\/blogs.uef.fi\\\/tiedonhaku-matematiikka\\\/tieteellinen-julkaiseminen-2\\\/vertaisarviointi\\\/#primaryimage\"},\"image\":{\"@id\":\"https:\\\/\\\/blogs.uef.fi\\\/tiedonhaku-matematiikka\\\/tieteellinen-julkaiseminen-2\\\/vertaisarviointi\\\/#primaryimage\"},\"thumbnailUrl\":\"https:\\\/\\\/blogs.uef.fi\\\/tiedonhaku-matematiikka\\\/wp-content\\\/uploads\\\/sites\\\/51\\\/2020\\\/10\\\/vertaisarvioitu.jpg\",\"datePublished\":\"2015-09-10T07:33:23+00:00\",\"dateModified\":\"2024-01-19T10:30:04+00:00\",\"breadcrumb\":{\"@id\":\"https:\\\/\\\/blogs.uef.fi\\\/tiedonhaku-matematiikka\\\/tieteellinen-julkaiseminen-2\\\/vertaisarviointi\\\/#breadcrumb\"},\"inLanguage\":\"fi\",\"potentialAction\":[{\"@type\":\"ReadAction\",\"target\":[\"https:\\\/\\\/blogs.uef.fi\\\/tiedonhaku-matematiikka\\\/tieteellinen-julkaiseminen-2\\\/vertaisarviointi\\\/\"]}]},{\"@type\":\"ImageObject\",\"inLanguage\":\"fi\",\"@id\":\"https:\\\/\\\/blogs.uef.fi\\\/tiedonhaku-matematiikka\\\/tieteellinen-julkaiseminen-2\\\/vertaisarviointi\\\/#primaryimage\",\"url\":\"https:\\\/\\\/blogs.uef.fi\\\/tiedonhaku-matematiikka\\\/wp-content\\\/uploads\\\/sites\\\/51\\\/2020\\\/10\\\/vertaisarvioitu.jpg\",\"contentUrl\":\"https:\\\/\\\/blogs.uef.fi\\\/tiedonhaku-matematiikka\\\/wp-content\\\/uploads\\\/sites\\\/51\\\/2020\\\/10\\\/vertaisarvioitu.jpg\",\"width\":480,\"height\":192},{\"@type\":\"BreadcrumbList\",\"@id\":\"https:\\\/\\\/blogs.uef.fi\\\/tiedonhaku-matematiikka\\\/tieteellinen-julkaiseminen-2\\\/vertaisarviointi\\\/#breadcrumb\",\"itemListElement\":[{\"@type\":\"ListItem\",\"position\":1,\"name\":\"Home\",\"item\":\"https:\\\/\\\/blogs.uef.fi\\\/tiedonhaku-matematiikka\\\/\"},{\"@type\":\"ListItem\",\"position\":2,\"name\":\"Tieteellinen julkaiseminen\",\"item\":\"https:\\\/\\\/blogs.uef.fi\\\/tiedonhaku-matematiikka\\\/tieteellinen-julkaiseminen-2\\\/\"},{\"@type\":\"ListItem\",\"position\":3,\"name\":\"Vertaisarviointi\"}]},{\"@type\":\"WebSite\",\"@id\":\"https:\\\/\\\/blogs.uef.fi\\\/tiedonhaku-matematiikka\\\/#website\",\"url\":\"https:\\\/\\\/blogs.uef.fi\\\/tiedonhaku-matematiikka\\\/\",\"name\":\"Matematiikan tiedonhaku \\\/ UEF kirjasto\",\"description\":\"Matematiikan tiedonhaku on kattava oppimateriaali tiedonhakuun matemaatikoille. Se sis\u00e4lt\u00e4\u00e4 yleiset tiedonhaun tekniikat sek\u00e4 kemian alan tiedonl\u00e4hteet ohjeineen ja esimerkkeineen.\",\"potentialAction\":[{\"@type\":\"SearchAction\",\"target\":{\"@type\":\"EntryPoint\",\"urlTemplate\":\"https:\\\/\\\/blogs.uef.fi\\\/tiedonhaku-matematiikka\\\/?s={search_term_string}\"},\"query-input\":{\"@type\":\"PropertyValueSpecification\",\"valueRequired\":true,\"valueName\":\"search_term_string\"}}],\"inLanguage\":\"fi\"}]}<\/script>\n<!-- \/ Yoast SEO plugin. -->","yoast_head_json":{"title":"Vertaisarviointi - Matematiikan tiedonhaku \/ UEF kirjasto","robots":{"index":"index","follow":"follow","max-snippet":"max-snippet:-1","max-image-preview":"max-image-preview:large","max-video-preview":"max-video-preview:-1"},"canonical":"https:\/\/blogs.uef.fi\/tiedonhaku-matematiikka\/tieteellinen-julkaiseminen-2\/vertaisarviointi\/","og_locale":"fi_FI","og_type":"article","og_title":"Vertaisarviointi - Matematiikan tiedonhaku \/ UEF kirjasto","og_description":"Vertaisarvioinnissa varmistetaan ulkopuolisten asiantuntijoiden avulla, ett\u00e4 tutkimusartikkeli on kelvollinen julkaistavaksi. Asiantuntijat ovat alan tunnustettuja tutkijoita. Englanniksi vertaisarviointii viitataan termeill\u00e4 peer-review tai refereed. Arviointik\u00e4yt\u00e4nt\u00f6 Arviointiprosessissa tarkistetaan lis\u00e4ksi, ett\u00e4 tekstin rakenne vastaa alan ja lehden tieteellisen kirjoittamisen k\u00e4yt\u00e4nt\u00f6j\u00e4. Vertaisarviointi ei ole t\u00e4ydellisen aukoton systeemi. Julkaistavaksi aiottujen k\u00e4sikirjoitusten m\u00e4\u00e4r\u00e4 on valtava ja aika ajoin puutteellinenkin artikkeli saattaa l\u00e4p\u00e4ist\u00e4 [&hellip;]","og_url":"https:\/\/blogs.uef.fi\/tiedonhaku-matematiikka\/tieteellinen-julkaiseminen-2\/vertaisarviointi\/","og_site_name":"Matematiikan tiedonhaku \/ UEF kirjasto","article_modified_time":"2024-01-19T10:30:04+00:00","og_image":[{"url":"https:\/\/blogs.uef.fi\/tiedonhaku-matematiikka\/wp-content\/uploads\/sites\/51\/2020\/10\/vertaisarvioitu.jpg","type":"","width":"","height":""}],"twitter_card":"summary_large_image","twitter_misc":{"Arvioitu lukuaika":"3 minuuttia"},"schema":{"@context":"https:\/\/schema.org","@graph":[{"@type":"WebPage","@id":"https:\/\/blogs.uef.fi\/tiedonhaku-matematiikka\/tieteellinen-julkaiseminen-2\/vertaisarviointi\/","url":"https:\/\/blogs.uef.fi\/tiedonhaku-matematiikka\/tieteellinen-julkaiseminen-2\/vertaisarviointi\/","name":"Vertaisarviointi - Matematiikan tiedonhaku \/ UEF kirjasto","isPartOf":{"@id":"https:\/\/blogs.uef.fi\/tiedonhaku-matematiikka\/#website"},"primaryImageOfPage":{"@id":"https:\/\/blogs.uef.fi\/tiedonhaku-matematiikka\/tieteellinen-julkaiseminen-2\/vertaisarviointi\/#primaryimage"},"image":{"@id":"https:\/\/blogs.uef.fi\/tiedonhaku-matematiikka\/tieteellinen-julkaiseminen-2\/vertaisarviointi\/#primaryimage"},"thumbnailUrl":"https:\/\/blogs.uef.fi\/tiedonhaku-matematiikka\/wp-content\/uploads\/sites\/51\/2020\/10\/vertaisarvioitu.jpg","datePublished":"2015-09-10T07:33:23+00:00","dateModified":"2024-01-19T10:30:04+00:00","breadcrumb":{"@id":"https:\/\/blogs.uef.fi\/tiedonhaku-matematiikka\/tieteellinen-julkaiseminen-2\/vertaisarviointi\/#breadcrumb"},"inLanguage":"fi","potentialAction":[{"@type":"ReadAction","target":["https:\/\/blogs.uef.fi\/tiedonhaku-matematiikka\/tieteellinen-julkaiseminen-2\/vertaisarviointi\/"]}]},{"@type":"ImageObject","inLanguage":"fi","@id":"https:\/\/blogs.uef.fi\/tiedonhaku-matematiikka\/tieteellinen-julkaiseminen-2\/vertaisarviointi\/#primaryimage","url":"https:\/\/blogs.uef.fi\/tiedonhaku-matematiikka\/wp-content\/uploads\/sites\/51\/2020\/10\/vertaisarvioitu.jpg","contentUrl":"https:\/\/blogs.uef.fi\/tiedonhaku-matematiikka\/wp-content\/uploads\/sites\/51\/2020\/10\/vertaisarvioitu.jpg","width":480,"height":192},{"@type":"BreadcrumbList","@id":"https:\/\/blogs.uef.fi\/tiedonhaku-matematiikka\/tieteellinen-julkaiseminen-2\/vertaisarviointi\/#breadcrumb","itemListElement":[{"@type":"ListItem","position":1,"name":"Home","item":"https:\/\/blogs.uef.fi\/tiedonhaku-matematiikka\/"},{"@type":"ListItem","position":2,"name":"Tieteellinen julkaiseminen","item":"https:\/\/blogs.uef.fi\/tiedonhaku-matematiikka\/tieteellinen-julkaiseminen-2\/"},{"@type":"ListItem","position":3,"name":"Vertaisarviointi"}]},{"@type":"WebSite","@id":"https:\/\/blogs.uef.fi\/tiedonhaku-matematiikka\/#website","url":"https:\/\/blogs.uef.fi\/tiedonhaku-matematiikka\/","name":"Matematiikan tiedonhaku \/ UEF kirjasto","description":"Matematiikan tiedonhaku on kattava oppimateriaali tiedonhakuun matemaatikoille. Se sis\u00e4lt\u00e4\u00e4 yleiset tiedonhaun tekniikat sek\u00e4 kemian alan tiedonl\u00e4hteet ohjeineen ja esimerkkeineen.","potentialAction":[{"@type":"SearchAction","target":{"@type":"EntryPoint","urlTemplate":"https:\/\/blogs.uef.fi\/tiedonhaku-matematiikka\/?s={search_term_string}"},"query-input":{"@type":"PropertyValueSpecification","valueRequired":true,"valueName":"search_term_string"}}],"inLanguage":"fi"}]}},"_links":{"self":[{"href":"https:\/\/blogs.uef.fi\/tiedonhaku-matematiikka\/wp-json\/wp\/v2\/pages\/78","targetHints":{"allow":["GET"]}}],"collection":[{"href":"https:\/\/blogs.uef.fi\/tiedonhaku-matematiikka\/wp-json\/wp\/v2\/pages"}],"about":[{"href":"https:\/\/blogs.uef.fi\/tiedonhaku-matematiikka\/wp-json\/wp\/v2\/types\/page"}],"author":[{"embeddable":true,"href":"https:\/\/blogs.uef.fi\/tiedonhaku-matematiikka\/wp-json\/wp\/v2\/users\/127"}],"replies":[{"embeddable":true,"href":"https:\/\/blogs.uef.fi\/tiedonhaku-matematiikka\/wp-json\/wp\/v2\/comments?post=78"}],"version-history":[{"count":2,"href":"https:\/\/blogs.uef.fi\/tiedonhaku-matematiikka\/wp-json\/wp\/v2\/pages\/78\/revisions"}],"predecessor-version":[{"id":2826,"href":"https:\/\/blogs.uef.fi\/tiedonhaku-matematiikka\/wp-json\/wp\/v2\/pages\/78\/revisions\/2826"}],"up":[{"embeddable":true,"href":"https:\/\/blogs.uef.fi\/tiedonhaku-matematiikka\/wp-json\/wp\/v2\/pages\/577"}],"wp:attachment":[{"href":"https:\/\/blogs.uef.fi\/tiedonhaku-matematiikka\/wp-json\/wp\/v2\/media?parent=78"}],"curies":[{"name":"wp","href":"https:\/\/api.w.org\/{rel}","templated":true}]}}