{"id":474,"date":"2017-09-28T06:34:44","date_gmt":"2017-09-28T06:34:44","guid":{"rendered":"https:\/\/ueflibrarymat.wordpress.com\/?page_id=474"},"modified":"2024-01-19T12:37:07","modified_gmt":"2024-01-19T10:37:07","slug":"hakukentat","status":"publish","type":"page","link":"https:\/\/blogs.uef.fi\/tiedonhaku-matematiikka\/hakulauseet-2\/hakukentat\/","title":{"rendered":"Hakukent\u00e4t"},"content":{"rendered":"\n<p>Tietokannassa yksitt\u00e4inen tietue koostuu kentist\u00e4. <\/p>\n\n\n\n<p><strong>Hakusanoja voi haussa kohdistaa erilaisiin kenttiin<\/strong> ja t\u00e4ll\u00e4 on vaikutusta sek\u00e4 tuloksen m\u00e4\u00e4r\u00e4\u00e4n ett\u00e4 aiheenmukaisuuteen.<\/p>\n\n\n\n<p>Mit\u00e4 v\u00e4hemm\u00e4n kentti\u00e4 on mukana haun piiriss\u00e4, sen v\u00e4hemm\u00e4n tulee tuloksia. Laajin tulos tulee silloin, kun mit\u00e4\u00e4n erityista kentt\u00e4\u00e4 ei valita, vaan sanan  voi l\u00f6yty\u00e4 mist\u00e4 tahansa kent\u00e4st\u00e4 (kaikki kent\u00e4t, all fields, anywhere).<br><br>My\u00f6s itse kent\u00e4n ominaisuuksilla on vaikutusta tulosten m\u00e4\u00e4r\u00e4\u00e4n. Tyypillisesti asiasanat ja otsikko sis\u00e4lt\u00e4v\u00e4t v\u00e4hemm\u00e4n teksti\u00e4, jolloin my\u00f6s hakuosuman todenn\u00e4k\u00f6isyys on pienempi.&nbsp; T\u00e4ll\u00e4 on kuitenkin k\u00e4\u00e4nt\u00e4en positiivinen vaikutus tuloksen tarkkuuteen.<\/p>\n\n\n\n<p><strong>Kirja- ja artikkelitietokannoissa kentti\u00e4 ovat<\/strong><\/p>\n\n\n\n<ul class=\"wp-block-list\">\n<li>otsikko (= nimeke = title)<\/li>\n\n\n\n<li>tekij\u00e4 (= author)<\/li>\n\n\n\n<li>asiasanat (= aihe = subject = keyword)<\/li>\n\n\n\n<li>julkaisutiedot<\/li>\n<\/ul>\n\n\n\n<p><strong>Lis\u00e4ksi tietokannasta rippuen on tallennettu esimerkiksi seuraavia kentti\u00e4<\/strong><\/p>\n\n\n\n<ul class=\"wp-block-list\">\n<li>tiivistelm\u00e4<\/li>\n\n\n\n<li>sis\u00e4llysluettelo<\/li>\n\n\n\n<li>l\u00e4hdeluettelo<\/li>\n\n\n\n<li>kokoteksti (= full text = julkaisu kokonaisuudessaan)<\/li>\n<\/ul>\n\n\n\n<h2 class=\"wp-block-heading\">Otsikko ja asiasanat kertovat olennaisimman<\/h2>\n\n\n\n<p>Otsikko- ja Asiasanakentist\u00e4 hakeminen aiheenmukaisessa haussa antaa kaikista <strong>tarkimman tuloksen<\/strong>. Kumpikin kentt\u00e4 sis\u00e4lt\u00e4\u00e4 sanoja, jotka ovat keskeisi\u00e4 my\u00f6s julkaisun sis\u00e4ll\u00f6ss\u00e4. Hakusanojen kohdistaminen n\u00e4ihin kenttiin on erityisen hy\u00f6dyllist\u00e4 silloin, kun haussa muutoin tulee paljon ja\/tai ep\u00e4tarkkoja tuloksia.<\/p>\n\n\n\n<h2 class=\"wp-block-heading\">Tiivistelm\u00e4 t\u00e4ydent\u00e4\u00e4<\/h2>\n\n\n\n<p>Tiivistelm\u00e4ss\u00e4 esiintyv\u00e4 sana <strong>voi olla keskeinen<\/strong> koko sis\u00e4ll\u00f6n kannalta tai sitten ei \u2013 paljon riippuu hakuaiheesta. T\u00e4ll\u00f6in useampien hakusanojen k\u00e4ytt\u00f6 auttaa tarkentamaan aihetta.<\/p>\n\n\n\n<h2 class=\"wp-block-heading\">Kokoteksti on todella laaja hakukohteena<\/h2>\n\n\n\n<p>Julkaisusta mist\u00e4 tahansa l\u00f6ytyv\u00e4 sana saattaa olla keskeinen tai se saattaa esiinty\u00e4 vain merkityksett\u00f6m\u00e4ss\u00e4 sivulauseessa &#8211; ja kaikkea silt\u00e4 v\u00e4lilt\u00e4. Kokotekstist\u00e4 tai julkaisun kaikista tiedoista hakeminen on tarpeellista ainakin silloin, kun <strong>hakuaihe (ja -termi) on hyvin harvinainen.<\/strong><\/p>\n\n\n\n<div class=\"links-block\">\n\n    \n    <ul class=\"link-list\">\n        \n            \n            <li class=\"link-list-item\">\n                <a href=\"https:\/\/uef.cloud.panopto.eu\/Panopto\/Pages\/Viewer.aspx?id=a764ad91-08cf-4f0c-9589-b03d00d4f95c\" class=\"link-reset link hover-scale-down\">\n                    <svg\n        width=\"43\" height=\"25\"\n        viewBox=\"0 0 43 25\"\n        xmlns=\"http:\/\/www.w3.org\/2000\/svg\">\n    <path\n        d=\"M30.027 0 43 12.5 30.027 25 27 22.083 34.351 15H0v-5h34.351L27 2.917z\"\n        fill=\"currentColor\"\n        fill-rule=\"evenodd\"\/>\n<\/svg>                    <div>Katso video hakukenttien merkityksest\u00e4 haun ja tuloksen kannalta (2:30)<\/div>\n                <\/a>\n                <div class=\"link-info\">\n                                    <\/div>\n            <\/li>\n\n                <\/ul>\n<\/div>\n\n\n<h2 class=\"wp-block-heading\">Hakukenttien k\u00e4ytt\u00f6 tietokannoissa<\/h2>\n\n\n\n<p>Hakukent\u00e4n p\u00e4\u00e4see valitsemaan ainakin tarkennetussa haussa (Advanced search), joskus my\u00f6s perushaussa.<\/p>\n\n\n\n<figure class=\"wp-block-image alignnone size-full wp-image-1015\"><img loading=\"lazy\" decoding=\"async\" width=\"1134\" height=\"465\" src=\"https:\/\/blogs.uef.fi\/tiedonhaku-matematiikka\/wp-content\/uploads\/sites\/51\/2020\/09\/MAT_UP_kentat.jpg\" alt=\"Kuvakappaukset UEF-Primosta. Toisessa Perushakuun on kirjoitettu hakusana \u201delliptic curves\u201d. Hakurivin alla on alasvetovalikko, josta Kaikki kent\u00e4t valinnan sijaan voi valita otsikon, tekij\u00e4n, aiheen tai ISBN-tunnuksen haun kohteeksi. Toisessa kuvassa on Tarkennettu haku. Hakuun on kirjoitettu ensimm\u00e4iselle riville hakusanaksi \u201dstochastic process\u201d. Hakurivin edest\u00e4 on valittu haun kohteeksi kaikki kent\u00e4t. Toisella rivill\u00e4 on hakusana: economic*. Haun kohde on Aihe. Rivit on yhdistetty toisiinsa AND-operaattorilla.\" class=\"wp-image-1015\" style=\"object-fit:cover\" srcset=\"https:\/\/blogs.uef.fi\/tiedonhaku-matematiikka\/wp-content\/uploads\/sites\/51\/2020\/09\/MAT_UP_kentat.jpg 1134w, https:\/\/blogs.uef.fi\/tiedonhaku-matematiikka\/wp-content\/uploads\/sites\/51\/2020\/09\/MAT_UP_kentat-300x123.jpg 300w, https:\/\/blogs.uef.fi\/tiedonhaku-matematiikka\/wp-content\/uploads\/sites\/51\/2020\/09\/MAT_UP_kentat-1024x420.jpg 1024w, https:\/\/blogs.uef.fi\/tiedonhaku-matematiikka\/wp-content\/uploads\/sites\/51\/2020\/09\/MAT_UP_kentat-768x315.jpg 768w\" sizes=\"auto, (max-width: 1134px) 100vw, 1134px\" \/><figcaption class=\"wp-element-caption\"><em>Esimerkki UEF-Primosta: hakukent\u00e4n valinta perus- ja tarkennetussa haussa. Nimeke\/otsikko tarkoittavat samaa asiaa.<\/em><\/figcaption><\/figure>\n\n\n\n<p class=\"has-text-align-right\">Seuraava sivu: <a href=\"https:\/\/blogs.uef.fi\/tiedonhaku-matematiikka\/kayttoliittymat\/\">K\u00e4ytt\u00f6liittymien hakulogiikka<\/a><\/p>\n","protected":false},"excerpt":{"rendered":"<p>Tietokannassa yksitt\u00e4inen tietue koostuu kentist\u00e4. Hakusanoja voi haussa kohdistaa erilaisiin kenttiin ja t\u00e4ll\u00e4 on vaikutusta sek\u00e4 tuloksen m\u00e4\u00e4r\u00e4\u00e4n ett\u00e4 aiheenmukaisuuteen. Mit\u00e4 v\u00e4hemm\u00e4n kentti\u00e4 on mukana haun piiriss\u00e4, sen v\u00e4hemm\u00e4n tulee tuloksia. Laajin tulos tulee silloin, kun mit\u00e4\u00e4n erityista kentt\u00e4\u00e4 ei valita, vaan sanan voi l\u00f6yty\u00e4 mist\u00e4 tahansa kent\u00e4st\u00e4 (kaikki kent\u00e4t, all fields, anywhere). My\u00f6s itse [&hellip;]<\/p>\n","protected":false},"author":127,"featured_media":0,"parent":585,"menu_order":2,"comment_status":"closed","ping_status":"closed","template":"","meta":{"_acf_changed":false,"footnotes":""},"class_list":["post-474","page","type-page","status-publish","hentry"],"acf":[],"yoast_head":"<!-- This site is optimized with the Yoast SEO plugin v27.1.1 - https:\/\/yoast.com\/product\/yoast-seo-wordpress\/ -->\n<title>Hakukent\u00e4t - Matematiikan tiedonhaku \/ UEF kirjasto<\/title>\n<meta name=\"robots\" content=\"index, follow, max-snippet:-1, max-image-preview:large, max-video-preview:-1\" \/>\n<link rel=\"canonical\" href=\"https:\/\/blogs.uef.fi\/tiedonhaku-matematiikka\/hakulauseet-2\/hakukentat\/\" \/>\n<meta property=\"og:locale\" content=\"fi_FI\" \/>\n<meta property=\"og:type\" content=\"article\" \/>\n<meta property=\"og:title\" content=\"Hakukent\u00e4t - Matematiikan tiedonhaku \/ UEF kirjasto\" \/>\n<meta property=\"og:description\" content=\"Tietokannassa yksitt\u00e4inen tietue koostuu kentist\u00e4. Hakusanoja voi haussa kohdistaa erilaisiin kenttiin ja t\u00e4ll\u00e4 on vaikutusta sek\u00e4 tuloksen m\u00e4\u00e4r\u00e4\u00e4n ett\u00e4 aiheenmukaisuuteen. Mit\u00e4 v\u00e4hemm\u00e4n kentti\u00e4 on mukana haun piiriss\u00e4, sen v\u00e4hemm\u00e4n tulee tuloksia. Laajin tulos tulee silloin, kun mit\u00e4\u00e4n erityista kentt\u00e4\u00e4 ei valita, vaan sanan voi l\u00f6yty\u00e4 mist\u00e4 tahansa kent\u00e4st\u00e4 (kaikki kent\u00e4t, all fields, anywhere). My\u00f6s itse [&hellip;]\" \/>\n<meta property=\"og:url\" content=\"https:\/\/blogs.uef.fi\/tiedonhaku-matematiikka\/hakulauseet-2\/hakukentat\/\" \/>\n<meta property=\"og:site_name\" content=\"Matematiikan tiedonhaku \/ UEF kirjasto\" \/>\n<meta property=\"article:modified_time\" content=\"2024-01-19T10:37:07+00:00\" \/>\n<meta property=\"og:image\" content=\"https:\/\/blogs.uef.fi\/tiedonhaku-matematiikka\/wp-content\/uploads\/sites\/51\/2020\/09\/MAT_UP_kentat.jpg\" \/>\n<meta name=\"twitter:card\" content=\"summary_large_image\" \/>\n<meta name=\"twitter:label1\" content=\"Arvioitu lukuaika\" \/>\n\t<meta name=\"twitter:data1\" content=\"2 minuuttia\" \/>\n<script type=\"application\/ld+json\" class=\"yoast-schema-graph\">{\"@context\":\"https:\/\/schema.org\",\"@graph\":[{\"@type\":\"WebPage\",\"@id\":\"https:\/\/blogs.uef.fi\/tiedonhaku-matematiikka\/hakulauseet-2\/hakukentat\/\",\"url\":\"https:\/\/blogs.uef.fi\/tiedonhaku-matematiikka\/hakulauseet-2\/hakukentat\/\",\"name\":\"Hakukent\u00e4t - Matematiikan tiedonhaku \/ UEF kirjasto\",\"isPartOf\":{\"@id\":\"https:\/\/blogs.uef.fi\/tiedonhaku-matematiikka\/#website\"},\"primaryImageOfPage\":{\"@id\":\"https:\/\/blogs.uef.fi\/tiedonhaku-matematiikka\/hakulauseet-2\/hakukentat\/#primaryimage\"},\"image\":{\"@id\":\"https:\/\/blogs.uef.fi\/tiedonhaku-matematiikka\/hakulauseet-2\/hakukentat\/#primaryimage\"},\"thumbnailUrl\":\"https:\/\/blogs.uef.fi\/tiedonhaku-matematiikka\/wp-content\/uploads\/sites\/51\/2020\/09\/MAT_UP_kentat.jpg\",\"datePublished\":\"2017-09-28T06:34:44+00:00\",\"dateModified\":\"2024-01-19T10:37:07+00:00\",\"breadcrumb\":{\"@id\":\"https:\/\/blogs.uef.fi\/tiedonhaku-matematiikka\/hakulauseet-2\/hakukentat\/#breadcrumb\"},\"inLanguage\":\"fi\",\"potentialAction\":[{\"@type\":\"ReadAction\",\"target\":[\"https:\/\/blogs.uef.fi\/tiedonhaku-matematiikka\/hakulauseet-2\/hakukentat\/\"]}]},{\"@type\":\"ImageObject\",\"inLanguage\":\"fi\",\"@id\":\"https:\/\/blogs.uef.fi\/tiedonhaku-matematiikka\/hakulauseet-2\/hakukentat\/#primaryimage\",\"url\":\"https:\/\/blogs.uef.fi\/tiedonhaku-matematiikka\/wp-content\/uploads\/sites\/51\/2020\/09\/MAT_UP_kentat.jpg\",\"contentUrl\":\"https:\/\/blogs.uef.fi\/tiedonhaku-matematiikka\/wp-content\/uploads\/sites\/51\/2020\/09\/MAT_UP_kentat.jpg\",\"width\":1134,\"height\":465},{\"@type\":\"BreadcrumbList\",\"@id\":\"https:\/\/blogs.uef.fi\/tiedonhaku-matematiikka\/hakulauseet-2\/hakukentat\/#breadcrumb\",\"itemListElement\":[{\"@type\":\"ListItem\",\"position\":1,\"name\":\"Home\",\"item\":\"https:\/\/blogs.uef.fi\/tiedonhaku-matematiikka\/\"},{\"@type\":\"ListItem\",\"position\":2,\"name\":\"Hakulauseet\",\"item\":\"https:\/\/blogs.uef.fi\/tiedonhaku-matematiikka\/hakulauseet-2\/\"},{\"@type\":\"ListItem\",\"position\":3,\"name\":\"Hakukent\u00e4t\"}]},{\"@type\":\"WebSite\",\"@id\":\"https:\/\/blogs.uef.fi\/tiedonhaku-matematiikka\/#website\",\"url\":\"https:\/\/blogs.uef.fi\/tiedonhaku-matematiikka\/\",\"name\":\"Matematiikan tiedonhaku \/ UEF kirjasto\",\"description\":\"Matematiikan tiedonhaku on kattava oppimateriaali tiedonhakuun matemaatikoille. Se sis\u00e4lt\u00e4\u00e4 yleiset tiedonhaun tekniikat sek\u00e4 kemian alan tiedonl\u00e4hteet ohjeineen ja esimerkkeineen.\",\"potentialAction\":[{\"@type\":\"SearchAction\",\"target\":{\"@type\":\"EntryPoint\",\"urlTemplate\":\"https:\/\/blogs.uef.fi\/tiedonhaku-matematiikka\/?s={search_term_string}\"},\"query-input\":{\"@type\":\"PropertyValueSpecification\",\"valueRequired\":true,\"valueName\":\"search_term_string\"}}],\"inLanguage\":\"fi\"}]}<\/script>\n<!-- \/ Yoast SEO plugin. -->","yoast_head_json":{"title":"Hakukent\u00e4t - Matematiikan tiedonhaku \/ UEF kirjasto","robots":{"index":"index","follow":"follow","max-snippet":"max-snippet:-1","max-image-preview":"max-image-preview:large","max-video-preview":"max-video-preview:-1"},"canonical":"https:\/\/blogs.uef.fi\/tiedonhaku-matematiikka\/hakulauseet-2\/hakukentat\/","og_locale":"fi_FI","og_type":"article","og_title":"Hakukent\u00e4t - Matematiikan tiedonhaku \/ UEF kirjasto","og_description":"Tietokannassa yksitt\u00e4inen tietue koostuu kentist\u00e4. Hakusanoja voi haussa kohdistaa erilaisiin kenttiin ja t\u00e4ll\u00e4 on vaikutusta sek\u00e4 tuloksen m\u00e4\u00e4r\u00e4\u00e4n ett\u00e4 aiheenmukaisuuteen. Mit\u00e4 v\u00e4hemm\u00e4n kentti\u00e4 on mukana haun piiriss\u00e4, sen v\u00e4hemm\u00e4n tulee tuloksia. Laajin tulos tulee silloin, kun mit\u00e4\u00e4n erityista kentt\u00e4\u00e4 ei valita, vaan sanan voi l\u00f6yty\u00e4 mist\u00e4 tahansa kent\u00e4st\u00e4 (kaikki kent\u00e4t, all fields, anywhere). My\u00f6s itse [&hellip;]","og_url":"https:\/\/blogs.uef.fi\/tiedonhaku-matematiikka\/hakulauseet-2\/hakukentat\/","og_site_name":"Matematiikan tiedonhaku \/ UEF kirjasto","article_modified_time":"2024-01-19T10:37:07+00:00","og_image":[{"url":"https:\/\/blogs.uef.fi\/tiedonhaku-matematiikka\/wp-content\/uploads\/sites\/51\/2020\/09\/MAT_UP_kentat.jpg","type":"","width":"","height":""}],"twitter_card":"summary_large_image","twitter_misc":{"Arvioitu lukuaika":"2 minuuttia"},"schema":{"@context":"https:\/\/schema.org","@graph":[{"@type":"WebPage","@id":"https:\/\/blogs.uef.fi\/tiedonhaku-matematiikka\/hakulauseet-2\/hakukentat\/","url":"https:\/\/blogs.uef.fi\/tiedonhaku-matematiikka\/hakulauseet-2\/hakukentat\/","name":"Hakukent\u00e4t - Matematiikan tiedonhaku \/ UEF kirjasto","isPartOf":{"@id":"https:\/\/blogs.uef.fi\/tiedonhaku-matematiikka\/#website"},"primaryImageOfPage":{"@id":"https:\/\/blogs.uef.fi\/tiedonhaku-matematiikka\/hakulauseet-2\/hakukentat\/#primaryimage"},"image":{"@id":"https:\/\/blogs.uef.fi\/tiedonhaku-matematiikka\/hakulauseet-2\/hakukentat\/#primaryimage"},"thumbnailUrl":"https:\/\/blogs.uef.fi\/tiedonhaku-matematiikka\/wp-content\/uploads\/sites\/51\/2020\/09\/MAT_UP_kentat.jpg","datePublished":"2017-09-28T06:34:44+00:00","dateModified":"2024-01-19T10:37:07+00:00","breadcrumb":{"@id":"https:\/\/blogs.uef.fi\/tiedonhaku-matematiikka\/hakulauseet-2\/hakukentat\/#breadcrumb"},"inLanguage":"fi","potentialAction":[{"@type":"ReadAction","target":["https:\/\/blogs.uef.fi\/tiedonhaku-matematiikka\/hakulauseet-2\/hakukentat\/"]}]},{"@type":"ImageObject","inLanguage":"fi","@id":"https:\/\/blogs.uef.fi\/tiedonhaku-matematiikka\/hakulauseet-2\/hakukentat\/#primaryimage","url":"https:\/\/blogs.uef.fi\/tiedonhaku-matematiikka\/wp-content\/uploads\/sites\/51\/2020\/09\/MAT_UP_kentat.jpg","contentUrl":"https:\/\/blogs.uef.fi\/tiedonhaku-matematiikka\/wp-content\/uploads\/sites\/51\/2020\/09\/MAT_UP_kentat.jpg","width":1134,"height":465},{"@type":"BreadcrumbList","@id":"https:\/\/blogs.uef.fi\/tiedonhaku-matematiikka\/hakulauseet-2\/hakukentat\/#breadcrumb","itemListElement":[{"@type":"ListItem","position":1,"name":"Home","item":"https:\/\/blogs.uef.fi\/tiedonhaku-matematiikka\/"},{"@type":"ListItem","position":2,"name":"Hakulauseet","item":"https:\/\/blogs.uef.fi\/tiedonhaku-matematiikka\/hakulauseet-2\/"},{"@type":"ListItem","position":3,"name":"Hakukent\u00e4t"}]},{"@type":"WebSite","@id":"https:\/\/blogs.uef.fi\/tiedonhaku-matematiikka\/#website","url":"https:\/\/blogs.uef.fi\/tiedonhaku-matematiikka\/","name":"Matematiikan tiedonhaku \/ UEF kirjasto","description":"Matematiikan tiedonhaku on kattava oppimateriaali tiedonhakuun matemaatikoille. Se sis\u00e4lt\u00e4\u00e4 yleiset tiedonhaun tekniikat sek\u00e4 kemian alan tiedonl\u00e4hteet ohjeineen ja esimerkkeineen.","potentialAction":[{"@type":"SearchAction","target":{"@type":"EntryPoint","urlTemplate":"https:\/\/blogs.uef.fi\/tiedonhaku-matematiikka\/?s={search_term_string}"},"query-input":{"@type":"PropertyValueSpecification","valueRequired":true,"valueName":"search_term_string"}}],"inLanguage":"fi"}]}},"_links":{"self":[{"href":"https:\/\/blogs.uef.fi\/tiedonhaku-matematiikka\/wp-json\/wp\/v2\/pages\/474","targetHints":{"allow":["GET"]}}],"collection":[{"href":"https:\/\/blogs.uef.fi\/tiedonhaku-matematiikka\/wp-json\/wp\/v2\/pages"}],"about":[{"href":"https:\/\/blogs.uef.fi\/tiedonhaku-matematiikka\/wp-json\/wp\/v2\/types\/page"}],"author":[{"embeddable":true,"href":"https:\/\/blogs.uef.fi\/tiedonhaku-matematiikka\/wp-json\/wp\/v2\/users\/127"}],"replies":[{"embeddable":true,"href":"https:\/\/blogs.uef.fi\/tiedonhaku-matematiikka\/wp-json\/wp\/v2\/comments?post=474"}],"version-history":[{"count":2,"href":"https:\/\/blogs.uef.fi\/tiedonhaku-matematiikka\/wp-json\/wp\/v2\/pages\/474\/revisions"}],"predecessor-version":[{"id":2856,"href":"https:\/\/blogs.uef.fi\/tiedonhaku-matematiikka\/wp-json\/wp\/v2\/pages\/474\/revisions\/2856"}],"up":[{"embeddable":true,"href":"https:\/\/blogs.uef.fi\/tiedonhaku-matematiikka\/wp-json\/wp\/v2\/pages\/585"}],"wp:attachment":[{"href":"https:\/\/blogs.uef.fi\/tiedonhaku-matematiikka\/wp-json\/wp\/v2\/media?parent=474"}],"curies":[{"name":"wp","href":"https:\/\/api.w.org\/{rel}","templated":true}]}}