{"id":45,"date":"2015-09-08T12:28:21","date_gmt":"2015-09-08T12:28:21","guid":{"rendered":"https:\/\/ueflibrarymat.wordpress.com\/?page_id=45"},"modified":"2024-05-17T14:25:09","modified_gmt":"2024-05-17T11:25:09","slug":"julkaisutyypit","status":"publish","type":"page","link":"https:\/\/blogs.uef.fi\/tiedonhaku-matematiikka\/tieteellinen-julkaiseminen-2\/julkaisutyypit\/","title":{"rendered":"Julkaisutyypit"},"content":{"rendered":"\n<p>Yleisin tapa julkaista tutkimustietoja on <strong>artikkeli tieteellisess\u00e4 lehdess\u00e4<\/strong>. My\u00f6s <strong>kirjat, sarjat ja konferenssijulkaisut<\/strong> ovat keskeisi\u00e4 julkaisukanavia.<\/p>\n\n\n\n<figure class=\"wp-block-image size-full\"><img loading=\"lazy\" decoding=\"async\" width=\"1149\" height=\"491\" src=\"https:\/\/blogs.uef.fi\/tiedonhaku-matematiikka\/wp-content\/uploads\/sites\/51\/2021\/09\/julkaisutyypit.png\" alt=\"Kaaviokuva, jossa esitetty julkaisutyyppej\u00e4 ja niiden sis\u00e4lt\u00f6j\u00e4. Journal-julkaisun alla lueteltu Alkuper\u00e4is-\/tutkimusartikkeli, katsausartikkeli, muut artikkelit. Kirjan alla lueteltu kirja, artikkelikokoelma. Sarjajulkaisun alla lueteltu kirja, artikkelikokoelma. Konferenssijulkaisun alla lueteltu esitelm\u00e4, posteri.\" class=\"wp-image-1099\" style=\"object-fit:cover\" srcset=\"https:\/\/blogs.uef.fi\/tiedonhaku-matematiikka\/wp-content\/uploads\/sites\/51\/2021\/09\/julkaisutyypit.png 1149w, https:\/\/blogs.uef.fi\/tiedonhaku-matematiikka\/wp-content\/uploads\/sites\/51\/2021\/09\/julkaisutyypit-300x128.png 300w, https:\/\/blogs.uef.fi\/tiedonhaku-matematiikka\/wp-content\/uploads\/sites\/51\/2021\/09\/julkaisutyypit-1024x438.png 1024w, https:\/\/blogs.uef.fi\/tiedonhaku-matematiikka\/wp-content\/uploads\/sites\/51\/2021\/09\/julkaisutyypit-768x328.png 768w\" sizes=\"auto, (max-width: 1149px) 100vw, 1149px\" \/><\/figure>\n\n\n\n<h2 class=\"wp-block-heading\">Artikkelit raportoivat uusia tutkimustuloksia<\/h2>\n\n\n\n<p><strong>Tieteellisen lehden<\/strong> (<em>journal<\/em>) sis\u00e4lt\u00f6 jakautuu yksitt\u00e4isiin artikkeleihin. Artikkeleita on kahta p\u00e4\u00e4tyyppi\u00e4: alkuper\u00e4isartikkeleita ja katsaus- eli review-artikkeleita.<\/p>\n\n\n\n<p>Varsinaisten<strong> tutkimusartikkelien<\/strong> lis\u00e4ksi tieteelliset lehdet voivat sis\u00e4lt\u00e4\u00e4 my\u00f6s erilaisia <strong>katsauksia, uutisia, kirjeit\u00e4 ja keskustelua.<\/strong><\/p>\n\n\n\n<p>Arkikieless\u00e4 tieteellisi\u00e4 lehti\u00e4 kutsutaan usein sarjoiksi, mik\u00e4 voi aiheuttaa sekaannuksia (ks. alla sarjajulkaisuista). Jotkut tutkijat puhuvat my\u00f6s &#8217;journaaleista&#8217;. Esimerkki tieteellisest\u00e4 lehdest\u00e4:<\/p>\n\n\n\n<figure class=\"wp-block-image size-full\"><img loading=\"lazy\" decoding=\"async\" width=\"153\" height=\"233\" src=\"https:\/\/blogs.uef.fi\/tiedonhaku-matematiikka\/wp-content\/uploads\/sites\/51\/2015\/09\/matlehti1.jpg\" alt=\"Lehden kansikuva. Lehden nimi ja julkaisaija sek\u00e4 abstrakti kuva pistejoukosta vihre\u00e4ll\u00e4 pohjalla.\" class=\"wp-image-46\" \/><\/figure>\n\n\n\n<h3 class=\"wp-block-heading\">Alkuper\u00e4isartikkeli<\/h3>\n\n\n\n<p>Alkuper\u00e4isartikkeli (original\/research article\/paper) sis\u00e4lt\u00e4\u00e4 joko t\u00e4ysin uusia tutkimustuloksia tai vanhojen tulosten uutta tulkintaa.<\/p>\n\n\n\n<p>Alkuper\u00e4isartikkeli on lyhyehk\u00f6, keskim\u00e4\u00e4rin 7-10 sivun mittainen esitys jostain kyseisen lehden tieteenalaan liittyv\u00e4st\u00e4 selke\u00e4sti rajatusta ongelmasta.  Pelk\u00e4st\u00e4\u00e4n alkuper\u00e4isartikkeleita lukemalla on hankalaa saada yleisk\u00e4sityst\u00e4 laajemmista aiheista ja tiet\u00e4myksen tasosta tieteenalalla.<\/p>\n\n\n\n<h3 class=\"wp-block-heading\">Katsausartikkeli<\/h3>\n\n\n\n<p>Katsausartikkelit (review article) kokoavat yhteen aikaisempien tutkimusten tuloksia.<\/p>\n\n\n\n<p>Katsausartikkeleita laativat tieteenalojen kokeneet asiantuntijat. Katsausartikkelia varten <strong>k\u00e4yd\u00e4\u00e4n l\u00e4pi kaikki t\u00e4rkeimm\u00e4t kyseiseen aiheeseen liittyv\u00e4t alkuper\u00e4isartikkelit.<\/strong> Katsaukset ovat yleens\u00e4 pitki\u00e4, kymmenien sivujen mittaisia, ja niiss\u00e4 on kattavat l\u00e4hdeluettelot. Katsausartikkelit ovat tunnusomaisia aloilla, joissa tutkimusta samasta aiheesta kertyy monista yksitt\u00e4isist\u00e4 tutkimuksista ja hieman eri n\u00e4k\u00f6kulmista. Matematiikassa t\u00e4llainen tutkimus on yleens\u00e4 soveltavaa tai vaikkapa opetukseen liittyv\u00e4\u00e4. <\/p>\n\n\n\n<p>Termi<em> review<\/em> esiintyy matematiikan tiedonl\u00e4hteiss\u00e4 useammin hieman toisessa merkityksess\u00e4. Alan keskeinen tiedonl\u00e4hde, MathSciNet-tietokanta, sis\u00e4lt\u00e4\u00e4 (ulkopuolisen) arvion ja kuvailun kunkin julkaisun (artikkeli, kirja) sis\u00e4ll\u00f6st\u00e4. MathSciNet onkin er\u00e4\u00e4nlainen k\u00e4ytt\u00f6liittym\u00e4 julkaisusarjalle, jonka nimi on <em>Matematical reviews<\/em>. Vastaava k\u00e4yt\u00e4nt\u00f6 on toisessa matematiikan alan tietol\u00e4hteess\u00e4, zbMATH.<\/p>\n\n\n\n<p><a href=\"http:\/\/www.ams.org\/meetings\/lectures\/current-events-bulletin\" target=\"_blank\" rel=\"noopener\">Current events bulletin<\/a> on matemaatikkojen versio katsausartikkeleita sis\u00e4lt\u00e4v\u00e4st\u00e4 lehdest\u00e4. My\u00f6s muissa lehdiss\u00e4 ilmestyy katsausartikkeleita muiden seassa. Alan uusimpia k\u00e4\u00e4nteit\u00e4 esittelev\u00e4 artikkeli on nimetty vaikkapa: <em>Recent advaces in &#8230;.<\/em><\/p>\n\n\n\n<h2 class=\"wp-block-heading\">Sarjat kertovat tietyss\u00e4 organisaatiossa tehdyst\u00e4 tutkimuksesta<\/h2>\n\n\n\n<p>Julkaisusarjat ovat erityisesti tutkimuslaitosten ja muiden julkisorganisaatioiden tavallinen v\u00e4yl\u00e4 ty\u00f6n tulosten julkistamiseen ja siten t\u00e4rkeit\u00e4 tiedonl\u00e4hteit\u00e4.<\/p>\n\n\n\n<p>Esimerkiksi v\u00e4it\u00f6skirjat julkaistaan Suomessa yliopistojen sarjoissa l\u00e4hes poikkeuksetta.<\/p>\n\n\n\n<figure class=\"wp-block-image size-full is-resized\"><img loading=\"lazy\" decoding=\"async\" width=\"496\" height=\"716\" src=\"https:\/\/blogs.uef.fi\/tiedonhaku-matematiikka\/wp-content\/uploads\/sites\/51\/2015\/09\/matsarja4.jpg\" alt=\"Kirjan kansi. Julkaisun tietoja (otsikko, sarjan nimi, tekij\u00e4, julkaisija). UEFin logo. Ei kuvitusta.\" class=\"wp-image-48\" style=\"width:124px;height:179px\" \/><figcaption class=\"wp-element-caption\"><em>UEF:in oma sarja Publications of the University of Eastern Finland. Dissertations in Forestry and Natural Sciences.<\/em><\/figcaption><\/figure>\n\n\n\n<p><\/p>\n\n\n\n<p>Sarja ilmestyy <strong>tietyll\u00e4 nimell\u00e4 ja toistuvina osina<\/strong> kuten lehtikin. Sarjat ja lehdet ovatkin yhteiselt\u00e4 nimelt\u00e4\u00e4n <strong>kausijulkaisut.<\/strong> Sarjan osat eiv\u00e4t kuitenkaan v\u00e4ltt\u00e4m\u00e4tt\u00e4 ilmesty yht\u00e4 s\u00e4\u00e4nn\u00f6llisin v\u00e4lein kuin lehtien numerot. Sarjan osa ilmestyy, kun julkaisu on valmis. Osien m\u00e4\u00e4r\u00e4 per vuosi voi sekin vaihdella. Yleens\u00e4 eri osilla on omat teemansa tai aiheensa kirjan tapaan.<\/p>\n\n\n\n<p>Kaikkein \u201dtieteellisimm\u00e4t\u201d uudet tulokset julkaistaan nykyisin mieluiten artikkelina vertaisarvioiduissa lehdiss\u00e4, mutta sarjajulkaisujen kautta v\u00e4litet\u00e4\u00e4n edelleenkin runsaasti <strong>raportti-, selvitys- ja casetyyppist\u00e4 tutkimustietoa.<\/strong> Sarjajulkaisu ei useinkaan ole vertaisarvioitu, mutta silti k\u00e4ytt\u00f6kelpoinen l\u00e4hde.<\/p>\n\n\n\n<p>Viime vuosina paljon sarjajulkaisuja on siirtynyt <strong>vain verkossa julkaistaviksi<\/strong>, mik\u00e4 on heikent\u00e4nyt niiden l\u00f6ytyvyytt\u00e4 esim. kirjastotietokannoista. Sarjoja l\u00f6yt\u00e4\u00e4 paremmin eri organisaatioiden omista verkkojulkaisuj\u00e4rjestelmist\u00e4. Hakukoneiden tuloksiin voi my\u00f6s tarttua sarjajulkaisuja.<\/p>\n\n\n\n<h2 class=\"wp-block-heading\">Konferenssijulkaisut ovat nopea tapa julkaista uusia asioita<\/h2>\n\n\n\n<p><strong>Uusia tutkimustuloksia<\/strong> esitell\u00e4\u00e4n aluksi tieteellisiss\u00e4 kokouksissa. Kokouksessa pidetyt esitelm\u00e4t tai niiden lyhennelm\u00e4t sek\u00e4 mahdollisesti <strong>posterit<\/strong> kootaan yleens\u00e4 kokousjulkaisun muotoon. T\u00e4m\u00e4 pyrit\u00e4\u00e4n tekem\u00e4\u00e4n mahdollisimman lyhyell\u00e4 viiveell\u00e4, usein jopa ennen kokouksen alkua.<br><br>Kansainv\u00e4listen kokousten julkaisut tunnistaa usein siit\u00e4, ett\u00e4 niiden nimess\u00e4 esiintyy sana <strong>proceedings.<\/strong><\/p>\n\n\n\n<figure class=\"wp-block-image size-full is-resized\"><img loading=\"lazy\" decoding=\"async\" width=\"540\" height=\"825\" src=\"https:\/\/blogs.uef.fi\/tiedonhaku-matematiikka\/wp-content\/uploads\/sites\/51\/2015\/09\/matproc2.jpg\" alt=\"Kirjan kansi. Kirjan nimi, kokouksen nimi ja julkaisija. Kuvia opiskelijoista tietokoneluokassa.\" class=\"wp-image-50\" style=\"width:135px;height:206px\" \/><figcaption class=\"wp-element-caption\"><em>Kokousjulkaisu kirjana<\/em><\/figcaption><\/figure>\n\n\n\n<p>Konferenssi voi olla s\u00e4\u00e4nn\u00f6llisesti vuosittain j\u00e4rjestett\u00e4v\u00e4, tai yksitt\u00e4inen kokous. Konferenssijulkaisu on muodoltaan painettu- tai verkkokirja. Konferenssilla voi olla my\u00f6s oma julkaisusarja. Konferenssiartikkeleita voidaan julkaista my\u00f6s lehdiss\u00e4.<\/p>\n\n\n\n<h2 class=\"wp-block-heading\">Kirjat kertovat aiheestaan laajasti<\/h2>\n\n\n\n<p>Kirja eli monografia kirjoitetaan yleens\u00e4 siin\u00e4 vaiheessa, kun tiet\u00e4mys aiheesta on yleisesti hyv\u00e4ksytty\u00e4 ja vakiintunutta. Kirjan julkaiseminen vie aikaa, ja kirjatiedoilta yleens\u00e4 my\u00f6s odotetaan tietty\u00e4 pysyvyytt\u00e4.<\/p>\n\n\n\n<p>Kirja esittelee ilmi\u00f6n taustat ja antaa kokonaiskuvan aiheesta.<\/p>\n\n\n\n<figure class=\"wp-block-image size-full is-resized\"><img loading=\"lazy\" decoding=\"async\" width=\"327\" height=\"481\" src=\"https:\/\/blogs.uef.fi\/tiedonhaku-matematiikka\/wp-content\/uploads\/sites\/51\/2015\/09\/matkirja6.jpg\" alt=\"Kirjan kansi. Kirjan nimi ja tekij\u00e4. Tyylitelty kuva k\u00e4dest\u00e4 kirjoittamassa kaavaa.\" class=\"wp-image-52\" style=\"width:164px;height:241px\" \/><figcaption class=\"wp-element-caption\"><em>T\u00e4m\u00e4 kirja on kirjastossa sek\u00e4 painettuna ett\u00e4 e-versiona<\/em><\/figcaption><\/figure>\n\n\n\n<h3 class=\"wp-block-heading\">Kokoomateos<\/h3>\n\n\n\n<p>Kokoomateoksella tarkoitetaan kirjaa, joka on <strong>toimitettu (edited)<\/strong> useamman kirjoittajan erillisist\u00e4 artikkeleista. Toimittaja (editor) voi olla my\u00f6s jonkin artikkelin kirjoittaja (author), mutta v\u00e4ltt\u00e4m\u00e4t\u00f6nt\u00e4 t\u00e4m\u00e4 ei ole.<\/p>\n\n\n\n<h2 class=\"wp-block-heading\">Hakuteokset tiivist\u00e4v\u00e4t asioita<\/h2>\n\n\n\n<p>K\u00e4sikirjat, tietosanakirjat, ensyklopediat (handbooks, encyclopedias) sis\u00e4lt\u00e4v\u00e4t yleis- tai alakohtaista<strong> tietoa tiivistettyn\u00e4<\/strong> lyhyiksi artikkeleiksi. N\u00e4ist\u00e4 kirjoista l\u00f6yt\u00e4\u00e4 hyvin mm. <strong>m\u00e4\u00e4ritelmi\u00e4, teorioita, matemaattisia todistuksia, <\/strong>aihealueen <strong>historiaa <\/strong>sek\u00e4 hyvi\u00e4 <strong>l\u00e4hdeteoksia.<\/strong><\/p>\n\n\n\n<figure class=\"wp-block-image size-full\"><img loading=\"lazy\" decoding=\"async\" width=\"128\" height=\"166\" src=\"https:\/\/blogs.uef.fi\/tiedonhaku-matematiikka\/wp-content\/uploads\/sites\/51\/2015\/09\/matencyc.jpg\" alt=\"Kirjan kansikuva. Kirjan nimi ja tekij\u00e4. Abstrakti kuva, jossa palloja ryhmitelty py\u00f6rteen muotoon.\" class=\"wp-image-100\" \/><\/figure>\n\n\n\n<p class=\"has-text-align-right\">Seuraava sivu: <a href=\"https:\/\/blogs.uef.fi\/tiedonhaku-matematiikka\/tieteellinen-julkaiseminen-2\/tieteelliset-julkaisut-eri-aloilla\/\">Tieteelliset julkaisut eri aloilla<\/a>.<\/p>\n","protected":false},"excerpt":{"rendered":"<p>Yleisin tapa julkaista tutkimustietoja on artikkeli tieteellisess\u00e4 lehdess\u00e4. My\u00f6s kirjat, sarjat ja konferenssijulkaisut ovat keskeisi\u00e4 julkaisukanavia. Artikkelit raportoivat uusia tutkimustuloksia Tieteellisen lehden (journal) sis\u00e4lt\u00f6 jakautuu yksitt\u00e4isiin artikkeleihin. Artikkeleita on kahta p\u00e4\u00e4tyyppi\u00e4: alkuper\u00e4isartikkeleita ja katsaus- eli review-artikkeleita. Varsinaisten tutkimusartikkelien lis\u00e4ksi tieteelliset lehdet voivat sis\u00e4lt\u00e4\u00e4 my\u00f6s erilaisia katsauksia, uutisia, kirjeit\u00e4 ja keskustelua. Arkikieless\u00e4 tieteellisi\u00e4 lehti\u00e4 kutsutaan usein [&hellip;]<\/p>\n","protected":false},"author":127,"featured_media":0,"parent":577,"menu_order":5,"comment_status":"closed","ping_status":"closed","template":"","meta":{"_acf_changed":false,"footnotes":""},"class_list":["post-45","page","type-page","status-publish","hentry"],"acf":[],"yoast_head":"<!-- This site is optimized with the Yoast SEO plugin v27.3 - https:\/\/yoast.com\/product\/yoast-seo-wordpress\/ -->\n<title>Julkaisutyypit - Matematiikan tiedonhaku \/ UEF kirjasto<\/title>\n<meta name=\"robots\" content=\"index, follow, max-snippet:-1, max-image-preview:large, max-video-preview:-1\" \/>\n<link rel=\"canonical\" href=\"https:\/\/blogs.uef.fi\/tiedonhaku-matematiikka\/tieteellinen-julkaiseminen-2\/julkaisutyypit\/\" \/>\n<meta property=\"og:locale\" content=\"fi_FI\" \/>\n<meta property=\"og:type\" content=\"article\" \/>\n<meta property=\"og:title\" content=\"Julkaisutyypit - Matematiikan tiedonhaku \/ UEF kirjasto\" \/>\n<meta property=\"og:description\" content=\"Yleisin tapa julkaista tutkimustietoja on artikkeli tieteellisess\u00e4 lehdess\u00e4. My\u00f6s kirjat, sarjat ja konferenssijulkaisut ovat keskeisi\u00e4 julkaisukanavia. Artikkelit raportoivat uusia tutkimustuloksia Tieteellisen lehden (journal) sis\u00e4lt\u00f6 jakautuu yksitt\u00e4isiin artikkeleihin. Artikkeleita on kahta p\u00e4\u00e4tyyppi\u00e4: alkuper\u00e4isartikkeleita ja katsaus- eli review-artikkeleita. Varsinaisten tutkimusartikkelien lis\u00e4ksi tieteelliset lehdet voivat sis\u00e4lt\u00e4\u00e4 my\u00f6s erilaisia katsauksia, uutisia, kirjeit\u00e4 ja keskustelua. Arkikieless\u00e4 tieteellisi\u00e4 lehti\u00e4 kutsutaan usein [&hellip;]\" \/>\n<meta property=\"og:url\" content=\"https:\/\/blogs.uef.fi\/tiedonhaku-matematiikka\/tieteellinen-julkaiseminen-2\/julkaisutyypit\/\" \/>\n<meta property=\"og:site_name\" content=\"Matematiikan tiedonhaku \/ UEF kirjasto\" \/>\n<meta property=\"article:modified_time\" content=\"2024-05-17T11:25:09+00:00\" \/>\n<meta property=\"og:image\" content=\"https:\/\/blogs.uef.fi\/tiedonhaku-matematiikka\/wp-content\/uploads\/sites\/51\/2021\/09\/julkaisutyypit.png\" \/>\n<meta name=\"twitter:card\" content=\"summary_large_image\" \/>\n<meta name=\"twitter:label1\" content=\"Arvioitu lukuaika\" \/>\n\t<meta name=\"twitter:data1\" content=\"5 minuuttia\" \/>\n<script type=\"application\/ld+json\" class=\"yoast-schema-graph\">{\"@context\":\"https:\\\/\\\/schema.org\",\"@graph\":[{\"@type\":\"WebPage\",\"@id\":\"https:\\\/\\\/blogs.uef.fi\\\/tiedonhaku-matematiikka\\\/tieteellinen-julkaiseminen-2\\\/julkaisutyypit\\\/\",\"url\":\"https:\\\/\\\/blogs.uef.fi\\\/tiedonhaku-matematiikka\\\/tieteellinen-julkaiseminen-2\\\/julkaisutyypit\\\/\",\"name\":\"Julkaisutyypit - Matematiikan tiedonhaku \\\/ UEF kirjasto\",\"isPartOf\":{\"@id\":\"https:\\\/\\\/blogs.uef.fi\\\/tiedonhaku-matematiikka\\\/#website\"},\"primaryImageOfPage\":{\"@id\":\"https:\\\/\\\/blogs.uef.fi\\\/tiedonhaku-matematiikka\\\/tieteellinen-julkaiseminen-2\\\/julkaisutyypit\\\/#primaryimage\"},\"image\":{\"@id\":\"https:\\\/\\\/blogs.uef.fi\\\/tiedonhaku-matematiikka\\\/tieteellinen-julkaiseminen-2\\\/julkaisutyypit\\\/#primaryimage\"},\"thumbnailUrl\":\"https:\\\/\\\/blogs.uef.fi\\\/tiedonhaku-matematiikka\\\/wp-content\\\/uploads\\\/sites\\\/51\\\/2021\\\/09\\\/julkaisutyypit.png\",\"datePublished\":\"2015-09-08T12:28:21+00:00\",\"dateModified\":\"2024-05-17T11:25:09+00:00\",\"breadcrumb\":{\"@id\":\"https:\\\/\\\/blogs.uef.fi\\\/tiedonhaku-matematiikka\\\/tieteellinen-julkaiseminen-2\\\/julkaisutyypit\\\/#breadcrumb\"},\"inLanguage\":\"fi\",\"potentialAction\":[{\"@type\":\"ReadAction\",\"target\":[\"https:\\\/\\\/blogs.uef.fi\\\/tiedonhaku-matematiikka\\\/tieteellinen-julkaiseminen-2\\\/julkaisutyypit\\\/\"]}]},{\"@type\":\"ImageObject\",\"inLanguage\":\"fi\",\"@id\":\"https:\\\/\\\/blogs.uef.fi\\\/tiedonhaku-matematiikka\\\/tieteellinen-julkaiseminen-2\\\/julkaisutyypit\\\/#primaryimage\",\"url\":\"https:\\\/\\\/blogs.uef.fi\\\/tiedonhaku-matematiikka\\\/wp-content\\\/uploads\\\/sites\\\/51\\\/2021\\\/09\\\/julkaisutyypit.png\",\"contentUrl\":\"https:\\\/\\\/blogs.uef.fi\\\/tiedonhaku-matematiikka\\\/wp-content\\\/uploads\\\/sites\\\/51\\\/2021\\\/09\\\/julkaisutyypit.png\",\"width\":1149,\"height\":491},{\"@type\":\"BreadcrumbList\",\"@id\":\"https:\\\/\\\/blogs.uef.fi\\\/tiedonhaku-matematiikka\\\/tieteellinen-julkaiseminen-2\\\/julkaisutyypit\\\/#breadcrumb\",\"itemListElement\":[{\"@type\":\"ListItem\",\"position\":1,\"name\":\"Home\",\"item\":\"https:\\\/\\\/blogs.uef.fi\\\/tiedonhaku-matematiikka\\\/\"},{\"@type\":\"ListItem\",\"position\":2,\"name\":\"Tieteellinen julkaiseminen\",\"item\":\"https:\\\/\\\/blogs.uef.fi\\\/tiedonhaku-matematiikka\\\/tieteellinen-julkaiseminen-2\\\/\"},{\"@type\":\"ListItem\",\"position\":3,\"name\":\"Julkaisutyypit\"}]},{\"@type\":\"WebSite\",\"@id\":\"https:\\\/\\\/blogs.uef.fi\\\/tiedonhaku-matematiikka\\\/#website\",\"url\":\"https:\\\/\\\/blogs.uef.fi\\\/tiedonhaku-matematiikka\\\/\",\"name\":\"Matematiikan tiedonhaku \\\/ UEF kirjasto\",\"description\":\"Matematiikan tiedonhaku on kattava oppimateriaali tiedonhakuun matemaatikoille. Se sis\u00e4lt\u00e4\u00e4 yleiset tiedonhaun tekniikat sek\u00e4 kemian alan tiedonl\u00e4hteet ohjeineen ja esimerkkeineen.\",\"potentialAction\":[{\"@type\":\"SearchAction\",\"target\":{\"@type\":\"EntryPoint\",\"urlTemplate\":\"https:\\\/\\\/blogs.uef.fi\\\/tiedonhaku-matematiikka\\\/?s={search_term_string}\"},\"query-input\":{\"@type\":\"PropertyValueSpecification\",\"valueRequired\":true,\"valueName\":\"search_term_string\"}}],\"inLanguage\":\"fi\"}]}<\/script>\n<!-- \/ Yoast SEO plugin. -->","yoast_head_json":{"title":"Julkaisutyypit - Matematiikan tiedonhaku \/ UEF kirjasto","robots":{"index":"index","follow":"follow","max-snippet":"max-snippet:-1","max-image-preview":"max-image-preview:large","max-video-preview":"max-video-preview:-1"},"canonical":"https:\/\/blogs.uef.fi\/tiedonhaku-matematiikka\/tieteellinen-julkaiseminen-2\/julkaisutyypit\/","og_locale":"fi_FI","og_type":"article","og_title":"Julkaisutyypit - Matematiikan tiedonhaku \/ UEF kirjasto","og_description":"Yleisin tapa julkaista tutkimustietoja on artikkeli tieteellisess\u00e4 lehdess\u00e4. My\u00f6s kirjat, sarjat ja konferenssijulkaisut ovat keskeisi\u00e4 julkaisukanavia. Artikkelit raportoivat uusia tutkimustuloksia Tieteellisen lehden (journal) sis\u00e4lt\u00f6 jakautuu yksitt\u00e4isiin artikkeleihin. Artikkeleita on kahta p\u00e4\u00e4tyyppi\u00e4: alkuper\u00e4isartikkeleita ja katsaus- eli review-artikkeleita. Varsinaisten tutkimusartikkelien lis\u00e4ksi tieteelliset lehdet voivat sis\u00e4lt\u00e4\u00e4 my\u00f6s erilaisia katsauksia, uutisia, kirjeit\u00e4 ja keskustelua. Arkikieless\u00e4 tieteellisi\u00e4 lehti\u00e4 kutsutaan usein [&hellip;]","og_url":"https:\/\/blogs.uef.fi\/tiedonhaku-matematiikka\/tieteellinen-julkaiseminen-2\/julkaisutyypit\/","og_site_name":"Matematiikan tiedonhaku \/ UEF kirjasto","article_modified_time":"2024-05-17T11:25:09+00:00","og_image":[{"url":"https:\/\/blogs.uef.fi\/tiedonhaku-matematiikka\/wp-content\/uploads\/sites\/51\/2021\/09\/julkaisutyypit.png","type":"","width":"","height":""}],"twitter_card":"summary_large_image","twitter_misc":{"Arvioitu lukuaika":"5 minuuttia"},"schema":{"@context":"https:\/\/schema.org","@graph":[{"@type":"WebPage","@id":"https:\/\/blogs.uef.fi\/tiedonhaku-matematiikka\/tieteellinen-julkaiseminen-2\/julkaisutyypit\/","url":"https:\/\/blogs.uef.fi\/tiedonhaku-matematiikka\/tieteellinen-julkaiseminen-2\/julkaisutyypit\/","name":"Julkaisutyypit - Matematiikan tiedonhaku \/ UEF kirjasto","isPartOf":{"@id":"https:\/\/blogs.uef.fi\/tiedonhaku-matematiikka\/#website"},"primaryImageOfPage":{"@id":"https:\/\/blogs.uef.fi\/tiedonhaku-matematiikka\/tieteellinen-julkaiseminen-2\/julkaisutyypit\/#primaryimage"},"image":{"@id":"https:\/\/blogs.uef.fi\/tiedonhaku-matematiikka\/tieteellinen-julkaiseminen-2\/julkaisutyypit\/#primaryimage"},"thumbnailUrl":"https:\/\/blogs.uef.fi\/tiedonhaku-matematiikka\/wp-content\/uploads\/sites\/51\/2021\/09\/julkaisutyypit.png","datePublished":"2015-09-08T12:28:21+00:00","dateModified":"2024-05-17T11:25:09+00:00","breadcrumb":{"@id":"https:\/\/blogs.uef.fi\/tiedonhaku-matematiikka\/tieteellinen-julkaiseminen-2\/julkaisutyypit\/#breadcrumb"},"inLanguage":"fi","potentialAction":[{"@type":"ReadAction","target":["https:\/\/blogs.uef.fi\/tiedonhaku-matematiikka\/tieteellinen-julkaiseminen-2\/julkaisutyypit\/"]}]},{"@type":"ImageObject","inLanguage":"fi","@id":"https:\/\/blogs.uef.fi\/tiedonhaku-matematiikka\/tieteellinen-julkaiseminen-2\/julkaisutyypit\/#primaryimage","url":"https:\/\/blogs.uef.fi\/tiedonhaku-matematiikka\/wp-content\/uploads\/sites\/51\/2021\/09\/julkaisutyypit.png","contentUrl":"https:\/\/blogs.uef.fi\/tiedonhaku-matematiikka\/wp-content\/uploads\/sites\/51\/2021\/09\/julkaisutyypit.png","width":1149,"height":491},{"@type":"BreadcrumbList","@id":"https:\/\/blogs.uef.fi\/tiedonhaku-matematiikka\/tieteellinen-julkaiseminen-2\/julkaisutyypit\/#breadcrumb","itemListElement":[{"@type":"ListItem","position":1,"name":"Home","item":"https:\/\/blogs.uef.fi\/tiedonhaku-matematiikka\/"},{"@type":"ListItem","position":2,"name":"Tieteellinen julkaiseminen","item":"https:\/\/blogs.uef.fi\/tiedonhaku-matematiikka\/tieteellinen-julkaiseminen-2\/"},{"@type":"ListItem","position":3,"name":"Julkaisutyypit"}]},{"@type":"WebSite","@id":"https:\/\/blogs.uef.fi\/tiedonhaku-matematiikka\/#website","url":"https:\/\/blogs.uef.fi\/tiedonhaku-matematiikka\/","name":"Matematiikan tiedonhaku \/ UEF kirjasto","description":"Matematiikan tiedonhaku on kattava oppimateriaali tiedonhakuun matemaatikoille. Se sis\u00e4lt\u00e4\u00e4 yleiset tiedonhaun tekniikat sek\u00e4 kemian alan tiedonl\u00e4hteet ohjeineen ja esimerkkeineen.","potentialAction":[{"@type":"SearchAction","target":{"@type":"EntryPoint","urlTemplate":"https:\/\/blogs.uef.fi\/tiedonhaku-matematiikka\/?s={search_term_string}"},"query-input":{"@type":"PropertyValueSpecification","valueRequired":true,"valueName":"search_term_string"}}],"inLanguage":"fi"}]}},"_links":{"self":[{"href":"https:\/\/blogs.uef.fi\/tiedonhaku-matematiikka\/wp-json\/wp\/v2\/pages\/45","targetHints":{"allow":["GET"]}}],"collection":[{"href":"https:\/\/blogs.uef.fi\/tiedonhaku-matematiikka\/wp-json\/wp\/v2\/pages"}],"about":[{"href":"https:\/\/blogs.uef.fi\/tiedonhaku-matematiikka\/wp-json\/wp\/v2\/types\/page"}],"author":[{"embeddable":true,"href":"https:\/\/blogs.uef.fi\/tiedonhaku-matematiikka\/wp-json\/wp\/v2\/users\/127"}],"replies":[{"embeddable":true,"href":"https:\/\/blogs.uef.fi\/tiedonhaku-matematiikka\/wp-json\/wp\/v2\/comments?post=45"}],"version-history":[{"count":2,"href":"https:\/\/blogs.uef.fi\/tiedonhaku-matematiikka\/wp-json\/wp\/v2\/pages\/45\/revisions"}],"predecessor-version":[{"id":3010,"href":"https:\/\/blogs.uef.fi\/tiedonhaku-matematiikka\/wp-json\/wp\/v2\/pages\/45\/revisions\/3010"}],"up":[{"embeddable":true,"href":"https:\/\/blogs.uef.fi\/tiedonhaku-matematiikka\/wp-json\/wp\/v2\/pages\/577"}],"wp:attachment":[{"href":"https:\/\/blogs.uef.fi\/tiedonhaku-matematiikka\/wp-json\/wp\/v2\/media?parent=45"}],"curies":[{"name":"wp","href":"https:\/\/api.w.org\/{rel}","templated":true}]}}