{"id":41,"date":"2015-09-08T11:52:32","date_gmt":"2015-09-08T11:52:32","guid":{"rendered":"https:\/\/ueflibrarymat.wordpress.com\/?page_id=41"},"modified":"2025-07-03T16:52:53","modified_gmt":"2025-07-03T13:52:53","slug":"tieteelliset-julkaisut-eri-aloilla","status":"publish","type":"page","link":"https:\/\/blogs.uef.fi\/tiedonhaku-matematiikka\/tieteellinen-julkaiseminen-2\/tieteelliset-julkaisut-eri-aloilla\/","title":{"rendered":"Tieteelliset julkaisut eri aloilla"},"content":{"rendered":"\n<p>Eri tieteenaloilla on omat perinteens\u00e4 tavassa julkaista tutkimusty\u00f6n tulokset.<\/p>\n\n\n\n<p><strong>Luonnontieteet<\/strong><br><\/p>\n\n\n\n<ul class=\"wp-block-list\">\n<li>Luonnontieteet edustavat tapaa, jossa tutkimukset pyrit\u00e4\u00e4n julkaisemaan tieteellisiss\u00e4 lehdiss\u00e4 artikkeleina ja kansainv\u00e4lisesti. Kansainv\u00e4linen julkaiseminen on luontevaa, koska aiheetkin ovat <a href=\"http:\/\/iopscience.iop.org\/0143-0807\/16\/4\/005\/\" target=\"_blank\" rel=\"noreferrer noopener\">universaaleja<\/a>. <\/li>\n<\/ul>\n\n\n\n<ul class=\"wp-block-list\">\n<li><strong>Matematiikka<\/strong> ei t\u00e4ss\u00e4 tapauksessa rinnastu t\u00e4ysin luonnontieteisiin, vaan noudattaa osin omanlaistansa julkaisukulttuuria. Matematiikassa julkaistaan &#8211; ja k\u00e4ytet\u00e4\u00e4n &#8211; lehtiartikkeleiden ohella my\u00f6s kirjoja, eiv\u00e4tk\u00e4 kirjat &#8221;vanhene&#8221; samalla tavoin kuin monilla muilla aloilla. Silti artikkelit, englanniksi kansainv\u00e4lisiss\u00e4 tieteellisiss\u00e4 julkaisuissa, ovat t\u00e4rkein ja yleisin julkaisukanava suhteellisen nopeutensa vuoksi. Kirjassa sitten kootaan yhteen laajemmat kokonaisuudet ja teoriat uran my\u00f6hemm\u00e4ss\u00e4 vaiheessa.<\/li>\n<\/ul>\n\n\n\n<p><strong>Terveystieteet<br>Mets\u00e4tieteet<\/strong><\/p>\n\n\n\n<ul class=\"wp-block-list\">\n<li>Mets\u00e4tieteiss\u00e4 ja terveystieteiss\u00e4 noudatetaan samaa artikkelipainotteista julkaisutapaa kuin luonnontieteiss\u00e4, joskin n\u00e4ill\u00e4 aloilla on tarpeen julkaista my\u00f6s ammatillista tietoa.<\/li>\n<\/ul>\n\n\n\n<p><strong>Tekniikka<\/strong><\/p>\n\n\n\n<ul class=\"wp-block-list\">\n<li>Tekniikan alallakin julkaistaan paljon artikkeleita, my\u00f6s kokousjulkaisuissa. Lis\u00e4ksi on tavallista julkaista tutkimustiedon lis\u00e4ksi patentteja.<\/li>\n<\/ul>\n\n\n\n<p><strong>Humanistiset tieteet<\/strong><\/p>\n\n\n\n<ul class=\"wp-block-list\">\n<li>Humanistisilla tieteenaloilla taas perinteiset kirjat sek\u00e4 kotimaisten kustantajien kautta julkaiseminen ovat tavallisempia kuin artikkelialoilla.<\/li>\n<\/ul>\n\n\n\n<p><strong>Yhteiskuntatieteet<\/strong><\/p>\n\n\n\n<ul class=\"wp-block-list\">\n<li>Yhteiskuntatiede on tavoiltaan edellisten alojen v\u00e4lilt\u00e4. Yhteiskuntatieteiss\u00e4 on t\u00e4rke\u00e4t\u00e4 my\u00f6s julkinen keskustelu, jota k\u00e4yd\u00e4\u00e4n mm. lehtien v\u00e4lityksell\u00e4.<\/li>\n<\/ul>\n\n\n\n<h2 class=\"wp-block-heading\">Julkaiseminen on hidasta<\/h2>\n\n\n\n<p>Kuten kirjat, matematiikan alan artikkelit ovat my\u00f6s pitk\u00e4n ty\u00f6n ja kypsyttelyn tulos. Silti matematiikan artikkelit saattavat n\u00e4ytt\u00e4\u00e4 hyvinkin pelkistetyilt\u00e4. Olisiko t\u00e4ss\u00e4 maailman lyhyin tieteellinen artikkeli:<\/p>\n\n\n\n<figure class=\"wp-block-image aligncenter wp-image-55 size-full\"><img loading=\"lazy\" decoding=\"async\" width=\"655\" height=\"369\" src=\"https:\/\/blogs.uef.fi\/tiedonhaku-matematiikka\/wp-content\/uploads\/sites\/51\/2015\/09\/matlyhyt.jpg\" alt=\"Artikkelin teksti kokonaisuudessaan: Counterexample to Euler's conjecture on sums of like powers, by L. J. Lander and T. R. Parkin.\nCommunicated by J. D. Swift, June 27, 1966.\nA direct search on the CDC 6600 yielded 275 + 845 + HO5 + 1336 \u2013 1445 as the smallest instance in which four fifth powers sum to a fifth power. This is a counterexample to a conjecture by Euler [l] that at least n nth powers are required to sum to an nth power, n&gt;2.\nReference: 1. L. E . Dickson, History of the theory of numbers, Vol. 2, Chelsea, New York,\n1952, p. 648.\" class=\"wp-image-55\" \/><figcaption class=\"wp-element-caption\"><em>Julkaistu:<br>Bulletin of the American Mathematical Society,<br>Volume 72, Number 6 (1966), p. 1079.<\/em><\/figcaption><\/figure>\n\n\n\n<p>Lehdiss\u00e4 julkaiseminenkin on hidasta. Monet artikkelit tulevatkin n\u00e4ht\u00e4ville jo <strong>k\u00e4sikirjoitus<\/strong>vaiheessa.  K\u00e4sikirjoitusten <strong>verkkoarkisto <a href=\"http:\/\/arxiv.org\/\" target=\"_blank\" rel=\"noreferrer noopener\">arXiv<\/a><\/strong> on suosittu julkaisualusta. &#8221;Virallinen&#8221; julkaisu lehdess\u00e4 seuraa per\u00e4ss\u00e4. Omassa ty\u00f6ss\u00e4 viittaus tutkimukseen tehd\u00e4\u00e4n mieluummin lehtiartikkelin kautta, mutta julkaisuarkisto on t\u00e4rke\u00e4 uusimpien t\u00f6iden esille tuoja sek\u00e4 tieteellisen keskustelun alusta. Ks. lis\u00e4\u00e4:&nbsp; <a href=\"http:\/\/julkaisut.valtioneuvosto.fi\/handle\/10024\/78948\" target=\"_blank\" rel=\"noreferrer noopener\">Julkaisuk\u00e4yt\u00e4nn\u00f6t eri tieteenaloilla (OPM 2008).<\/a><\/p>\n\n\n\n<h2 class=\"wp-block-heading\">Tieteellinen julkaiseminen Suomessa<\/h2>\n\n\n\n<figure class=\"wp-block-image size-full\"><img loading=\"lazy\" decoding=\"async\" width=\"967\" height=\"417\" src=\"https:\/\/blogs.uef.fi\/tiedonhaku-matematiikka\/wp-content\/uploads\/sites\/51\/2025\/07\/YHT_prosentti_julkaisut_2024.png\" alt=\"\" class=\"wp-image-3167\" srcset=\"https:\/\/blogs.uef.fi\/tiedonhaku-matematiikka\/wp-content\/uploads\/sites\/51\/2025\/07\/YHT_prosentti_julkaisut_2024.png 967w, https:\/\/blogs.uef.fi\/tiedonhaku-matematiikka\/wp-content\/uploads\/sites\/51\/2025\/07\/YHT_prosentti_julkaisut_2024-300x129.png 300w, https:\/\/blogs.uef.fi\/tiedonhaku-matematiikka\/wp-content\/uploads\/sites\/51\/2025\/07\/YHT_prosentti_julkaisut_2024-768x331.png 768w\" sizes=\"auto, (max-width: 967px) 100vw, 967px\" \/><figcaption class=\"wp-element-caption\"><em>Suomalaisten yliopistojen julkaisut vuonna 2024 julkaisutyypeitt\u00e4in ja aloittain, <strong>prosenttia<\/strong>. L\u00e4hde: Opetushallinnon tilastopalvelu <a href=\"https:\/\/vipunen.fi\/fi-fi\/_layouts\/15\/xlviewer.aspx?id=\/fi-fi\/Raportit\/Yliopistokoulutus%20-%20julkaisut%20-%20tieteenala.xlsb\">Vipunen<\/a>.<\/em><\/figcaption><\/figure>\n\n\n\n<p><\/p>\n\n\n\n<h2 class=\"wp-block-heading\">Erot tieteenaloilla tasoittuvat<\/h2>\n\n\n\n<p>Kaikkiaan tieteenalojen erot ovat jossakin m\u00e4\u00e4rin v\u00e4hentyneet viime vuosina &#8211; <strong>artikkelityyppinen julkaiseminen<\/strong> on kasvussa kaikilla tieteenaloilla.<br><br>Samoin siirtyminen kansallisista kielist\u00e4 <strong>englannin kieleen<\/strong> on ollut merkitt\u00e4v\u00e4\u00e4.<\/p>\n\n\n\n<h2 class=\"wp-block-heading\">Kuinka paljon maailmalla julkaistaan?<\/h2>\n\n\n\n<p>Maailmalla julkaistiin vuonna 2022 <strong>noin 3,3 miljoonaa tieteellist\u00e4 artikkelia<\/strong> joko lehdiss\u00e4 tai konferenssijulkaisuissa. Julkaisujen m\u00e4\u00e4r\u00e4 on kasvanut l\u00e4hes 59 % kymmeness\u00e4 vuodessa (2012-2022). Kasvu on nopeinta kehittyviss\u00e4 maissa.<\/p>\n\n\n\n<p>Vuonna 2016 Kiina ohitti ensi kertaa Yhdysvallat julkaisujen m\u00e4\u00e4r\u00e4ss\u00e4. Muita suuria julkaisumaita ovat Intia, Saksa, Iso-Britannia ja Japani. N\u00e4m\u00e4 viisi maata kattavat jo yli puolet kaikista julkaisuista. Suomen osuus julkaisuista on alle yhden prosentin.<\/p>\n\n\n\n<p class=\"has-text-align-right has-small-font-size\"><em>L\u00e4hde: <br>National Science Board (2023). Science and engineering indicators. Publications Output: U.S. Trends and International Comparisons. <a href=\"https:\/\/ncses.nsf.gov\/pubs\/nsb202333\/publication-output-by-region-country-or-economy-and-by-scientific-field\">Publication Output by Country, Region, or Economy and Scientific Field. <\/a><br>T\u00e4m\u00e4 aineisto perustuu Scopus-tietokantaan ja siten siin\u00e4 korostuu englanninkielinen tutkimus<\/em>.<\/p>\n\n\n\n<p>Tieteellisen tutkimuksen ja julkaisemisen m\u00e4\u00e4r\u00e4 on luonnollisesti yhteydess\u00e4 taloudellisiin resursseihin, eik\u00e4 suoraan v\u00e4est\u00f6m\u00e4\u00e4r\u00e4\u00e4n tai maantieteeseen. Aukaise sivusto worldmapper.org n\u00e4hd\u00e4ksesi alkuper\u00e4isen kuvan, joka havainnollistaa eri maiden osuutta tieteellisess\u00e4 julkaisemisessa.<\/p>\n\n\n\n<figure class=\"wp-block-image size-large\"><img decoding=\"async\" src=\"https:\/\/blogs.uef.fi\/tiedonhaku-metsatiede\/wp-content\/uploads\/sites\/47\/2018\/05\/kartta-1024x510.png\" alt=\"Maailmankartta, jossa maiden koko on suhteutettu tieteellisten julkaisujen m\u00e4\u00e4r\u00e4\u00e4n. Esimerkiksi Eurooppa on selv\u00e4sti maantieteellist\u00e4 kokoaan isompi.\" class=\"wp-image-713\" \/><figcaption class=\"wp-element-caption\">Avaa alkuper\u00e4inen kuva: <a href=\"https:\/\/worldmapper.org\/maps\/science-paperspublished-2016\/?sf_action=get_data&amp;sf_data=results&amp;_sft_product_cat=science\" target=\"_blank\" rel=\"noreferrer noopener\">Science Papers Published 2016 <\/a>(worldmapper.org) CC BY-NC-SA 4.0<\/figcaption><\/figure>\n\n\n\n<h2 class=\"wp-block-heading\">Matematiikka <\/h2>\n\n\n\n<p>Em. Science and engineering indicators -raportin mukaan <strong>matematiikan ja tilastotieteen<\/strong> alan julkaisuja oli kaikista julkaisuista <strong>3% <\/strong>vuonna 2022. Eniten julkaistaan terveystieteisiin liittyvi\u00e4 artikkeleita (n. 24% kaikista).<\/p>\n\n\n\n<p>Suomessa matematiikan julkaisut (489 kpl) olivat 1,1% kaikista yliopistojen julkaisuista (43 262 kpl) vuonna 2024. (<em>L\u00e4hde: OKM:n tilastotietokanta <a href=\"https:\/\/vipunen.fi\/fi-fi\/_layouts\/15\/xlviewer.aspx?id=\/fi-fi\/Raportit\/Yliopistokoulutus%20-%20julkaisut%20-%20tieteenala.xlsb\">Vipunen<\/a><\/em>).<\/p>\n\n\n\n<p class=\"has-text-align-right\">Seuraava sivu: <a href=\"https:\/\/blogs.uef.fi\/tiedonhaku-matematiikka\/hakusanat\/hakuaihe\/\">Hakuaiheen k\u00e4sittely<\/a>.<\/p>\n","protected":false},"excerpt":{"rendered":"<p>Eri tieteenaloilla on omat perinteens\u00e4 tavassa julkaista tutkimusty\u00f6n tulokset. Luonnontieteet TerveystieteetMets\u00e4tieteet Tekniikka Humanistiset tieteet Yhteiskuntatieteet Julkaiseminen on hidasta Kuten kirjat, matematiikan alan artikkelit ovat my\u00f6s pitk\u00e4n ty\u00f6n ja kypsyttelyn tulos. Silti matematiikan artikkelit saattavat n\u00e4ytt\u00e4\u00e4 hyvinkin pelkistetyilt\u00e4. Olisiko t\u00e4ss\u00e4 maailman lyhyin tieteellinen artikkeli: Lehdiss\u00e4 julkaiseminenkin on hidasta. Monet artikkelit tulevatkin n\u00e4ht\u00e4ville jo k\u00e4sikirjoitusvaiheessa. K\u00e4sikirjoitusten verkkoarkisto [&hellip;]<\/p>\n","protected":false},"author":127,"featured_media":0,"parent":577,"menu_order":4,"comment_status":"closed","ping_status":"closed","template":"","meta":{"_acf_changed":false,"footnotes":""},"class_list":["post-41","page","type-page","status-publish","hentry"],"acf":[],"yoast_head":"<!-- This site is optimized with the Yoast SEO plugin v27.3 - https:\/\/yoast.com\/product\/yoast-seo-wordpress\/ -->\n<title>Tieteelliset julkaisut eri aloilla - Matematiikan tiedonhaku \/ UEF kirjasto<\/title>\n<meta name=\"robots\" content=\"index, follow, max-snippet:-1, max-image-preview:large, max-video-preview:-1\" \/>\n<link rel=\"canonical\" href=\"https:\/\/blogs.uef.fi\/tiedonhaku-matematiikka\/tieteellinen-julkaiseminen-2\/tieteelliset-julkaisut-eri-aloilla\/\" \/>\n<meta property=\"og:locale\" content=\"fi_FI\" \/>\n<meta property=\"og:type\" content=\"article\" \/>\n<meta property=\"og:title\" content=\"Tieteelliset julkaisut eri aloilla - Matematiikan tiedonhaku \/ UEF kirjasto\" \/>\n<meta property=\"og:description\" content=\"Eri tieteenaloilla on omat perinteens\u00e4 tavassa julkaista tutkimusty\u00f6n tulokset. Luonnontieteet TerveystieteetMets\u00e4tieteet Tekniikka Humanistiset tieteet Yhteiskuntatieteet Julkaiseminen on hidasta Kuten kirjat, matematiikan alan artikkelit ovat my\u00f6s pitk\u00e4n ty\u00f6n ja kypsyttelyn tulos. Silti matematiikan artikkelit saattavat n\u00e4ytt\u00e4\u00e4 hyvinkin pelkistetyilt\u00e4. Olisiko t\u00e4ss\u00e4 maailman lyhyin tieteellinen artikkeli: Lehdiss\u00e4 julkaiseminenkin on hidasta. Monet artikkelit tulevatkin n\u00e4ht\u00e4ville jo k\u00e4sikirjoitusvaiheessa. K\u00e4sikirjoitusten verkkoarkisto [&hellip;]\" \/>\n<meta property=\"og:url\" content=\"https:\/\/blogs.uef.fi\/tiedonhaku-matematiikka\/tieteellinen-julkaiseminen-2\/tieteelliset-julkaisut-eri-aloilla\/\" \/>\n<meta property=\"og:site_name\" content=\"Matematiikan tiedonhaku \/ UEF kirjasto\" \/>\n<meta property=\"article:modified_time\" content=\"2025-07-03T13:52:53+00:00\" \/>\n<meta property=\"og:image\" content=\"https:\/\/blogs.uef.fi\/tiedonhaku-matematiikka\/wp-content\/uploads\/sites\/51\/2015\/09\/matlyhyt.jpg\" \/>\n\t<meta property=\"og:image:width\" content=\"655\" \/>\n\t<meta property=\"og:image:height\" content=\"369\" \/>\n\t<meta property=\"og:image:type\" content=\"image\/jpeg\" \/>\n<meta name=\"twitter:card\" content=\"summary_large_image\" \/>\n<meta name=\"twitter:label1\" content=\"Arvioitu lukuaika\" \/>\n\t<meta name=\"twitter:data1\" content=\"4 minuuttia\" \/>\n<script type=\"application\/ld+json\" class=\"yoast-schema-graph\">{\"@context\":\"https:\\\/\\\/schema.org\",\"@graph\":[{\"@type\":\"WebPage\",\"@id\":\"https:\\\/\\\/blogs.uef.fi\\\/tiedonhaku-matematiikka\\\/tieteellinen-julkaiseminen-2\\\/tieteelliset-julkaisut-eri-aloilla\\\/\",\"url\":\"https:\\\/\\\/blogs.uef.fi\\\/tiedonhaku-matematiikka\\\/tieteellinen-julkaiseminen-2\\\/tieteelliset-julkaisut-eri-aloilla\\\/\",\"name\":\"Tieteelliset julkaisut eri aloilla - Matematiikan tiedonhaku \\\/ UEF kirjasto\",\"isPartOf\":{\"@id\":\"https:\\\/\\\/blogs.uef.fi\\\/tiedonhaku-matematiikka\\\/#website\"},\"primaryImageOfPage\":{\"@id\":\"https:\\\/\\\/blogs.uef.fi\\\/tiedonhaku-matematiikka\\\/tieteellinen-julkaiseminen-2\\\/tieteelliset-julkaisut-eri-aloilla\\\/#primaryimage\"},\"image\":{\"@id\":\"https:\\\/\\\/blogs.uef.fi\\\/tiedonhaku-matematiikka\\\/tieteellinen-julkaiseminen-2\\\/tieteelliset-julkaisut-eri-aloilla\\\/#primaryimage\"},\"thumbnailUrl\":\"https:\\\/\\\/blogs.uef.fi\\\/tiedonhaku-matematiikka\\\/wp-content\\\/uploads\\\/sites\\\/51\\\/2015\\\/09\\\/matlyhyt.jpg\",\"datePublished\":\"2015-09-08T11:52:32+00:00\",\"dateModified\":\"2025-07-03T13:52:53+00:00\",\"breadcrumb\":{\"@id\":\"https:\\\/\\\/blogs.uef.fi\\\/tiedonhaku-matematiikka\\\/tieteellinen-julkaiseminen-2\\\/tieteelliset-julkaisut-eri-aloilla\\\/#breadcrumb\"},\"inLanguage\":\"fi\",\"potentialAction\":[{\"@type\":\"ReadAction\",\"target\":[\"https:\\\/\\\/blogs.uef.fi\\\/tiedonhaku-matematiikka\\\/tieteellinen-julkaiseminen-2\\\/tieteelliset-julkaisut-eri-aloilla\\\/\"]}]},{\"@type\":\"ImageObject\",\"inLanguage\":\"fi\",\"@id\":\"https:\\\/\\\/blogs.uef.fi\\\/tiedonhaku-matematiikka\\\/tieteellinen-julkaiseminen-2\\\/tieteelliset-julkaisut-eri-aloilla\\\/#primaryimage\",\"url\":\"https:\\\/\\\/blogs.uef.fi\\\/tiedonhaku-matematiikka\\\/wp-content\\\/uploads\\\/sites\\\/51\\\/2015\\\/09\\\/matlyhyt.jpg\",\"contentUrl\":\"https:\\\/\\\/blogs.uef.fi\\\/tiedonhaku-matematiikka\\\/wp-content\\\/uploads\\\/sites\\\/51\\\/2015\\\/09\\\/matlyhyt.jpg\",\"width\":655,\"height\":369,\"caption\":\"Julkaistu: Bulletin of the American Mathematical Society, Volume 72, Number 6 (1966), p. 1079.\"},{\"@type\":\"BreadcrumbList\",\"@id\":\"https:\\\/\\\/blogs.uef.fi\\\/tiedonhaku-matematiikka\\\/tieteellinen-julkaiseminen-2\\\/tieteelliset-julkaisut-eri-aloilla\\\/#breadcrumb\",\"itemListElement\":[{\"@type\":\"ListItem\",\"position\":1,\"name\":\"Home\",\"item\":\"https:\\\/\\\/blogs.uef.fi\\\/tiedonhaku-matematiikka\\\/\"},{\"@type\":\"ListItem\",\"position\":2,\"name\":\"Tieteellinen julkaiseminen\",\"item\":\"https:\\\/\\\/blogs.uef.fi\\\/tiedonhaku-matematiikka\\\/tieteellinen-julkaiseminen-2\\\/\"},{\"@type\":\"ListItem\",\"position\":3,\"name\":\"Tieteelliset julkaisut eri aloilla\"}]},{\"@type\":\"WebSite\",\"@id\":\"https:\\\/\\\/blogs.uef.fi\\\/tiedonhaku-matematiikka\\\/#website\",\"url\":\"https:\\\/\\\/blogs.uef.fi\\\/tiedonhaku-matematiikka\\\/\",\"name\":\"Matematiikan tiedonhaku \\\/ UEF kirjasto\",\"description\":\"Matematiikan tiedonhaku on kattava oppimateriaali tiedonhakuun matemaatikoille. Se sis\u00e4lt\u00e4\u00e4 yleiset tiedonhaun tekniikat sek\u00e4 kemian alan tiedonl\u00e4hteet ohjeineen ja esimerkkeineen.\",\"potentialAction\":[{\"@type\":\"SearchAction\",\"target\":{\"@type\":\"EntryPoint\",\"urlTemplate\":\"https:\\\/\\\/blogs.uef.fi\\\/tiedonhaku-matematiikka\\\/?s={search_term_string}\"},\"query-input\":{\"@type\":\"PropertyValueSpecification\",\"valueRequired\":true,\"valueName\":\"search_term_string\"}}],\"inLanguage\":\"fi\"}]}<\/script>\n<!-- \/ Yoast SEO plugin. -->","yoast_head_json":{"title":"Tieteelliset julkaisut eri aloilla - Matematiikan tiedonhaku \/ UEF kirjasto","robots":{"index":"index","follow":"follow","max-snippet":"max-snippet:-1","max-image-preview":"max-image-preview:large","max-video-preview":"max-video-preview:-1"},"canonical":"https:\/\/blogs.uef.fi\/tiedonhaku-matematiikka\/tieteellinen-julkaiseminen-2\/tieteelliset-julkaisut-eri-aloilla\/","og_locale":"fi_FI","og_type":"article","og_title":"Tieteelliset julkaisut eri aloilla - Matematiikan tiedonhaku \/ UEF kirjasto","og_description":"Eri tieteenaloilla on omat perinteens\u00e4 tavassa julkaista tutkimusty\u00f6n tulokset. Luonnontieteet TerveystieteetMets\u00e4tieteet Tekniikka Humanistiset tieteet Yhteiskuntatieteet Julkaiseminen on hidasta Kuten kirjat, matematiikan alan artikkelit ovat my\u00f6s pitk\u00e4n ty\u00f6n ja kypsyttelyn tulos. Silti matematiikan artikkelit saattavat n\u00e4ytt\u00e4\u00e4 hyvinkin pelkistetyilt\u00e4. Olisiko t\u00e4ss\u00e4 maailman lyhyin tieteellinen artikkeli: Lehdiss\u00e4 julkaiseminenkin on hidasta. Monet artikkelit tulevatkin n\u00e4ht\u00e4ville jo k\u00e4sikirjoitusvaiheessa. K\u00e4sikirjoitusten verkkoarkisto [&hellip;]","og_url":"https:\/\/blogs.uef.fi\/tiedonhaku-matematiikka\/tieteellinen-julkaiseminen-2\/tieteelliset-julkaisut-eri-aloilla\/","og_site_name":"Matematiikan tiedonhaku \/ UEF kirjasto","article_modified_time":"2025-07-03T13:52:53+00:00","og_image":[{"width":655,"height":369,"url":"https:\/\/blogs.uef.fi\/tiedonhaku-matematiikka\/wp-content\/uploads\/sites\/51\/2015\/09\/matlyhyt.jpg","type":"image\/jpeg"}],"twitter_card":"summary_large_image","twitter_misc":{"Arvioitu lukuaika":"4 minuuttia"},"schema":{"@context":"https:\/\/schema.org","@graph":[{"@type":"WebPage","@id":"https:\/\/blogs.uef.fi\/tiedonhaku-matematiikka\/tieteellinen-julkaiseminen-2\/tieteelliset-julkaisut-eri-aloilla\/","url":"https:\/\/blogs.uef.fi\/tiedonhaku-matematiikka\/tieteellinen-julkaiseminen-2\/tieteelliset-julkaisut-eri-aloilla\/","name":"Tieteelliset julkaisut eri aloilla - Matematiikan tiedonhaku \/ UEF kirjasto","isPartOf":{"@id":"https:\/\/blogs.uef.fi\/tiedonhaku-matematiikka\/#website"},"primaryImageOfPage":{"@id":"https:\/\/blogs.uef.fi\/tiedonhaku-matematiikka\/tieteellinen-julkaiseminen-2\/tieteelliset-julkaisut-eri-aloilla\/#primaryimage"},"image":{"@id":"https:\/\/blogs.uef.fi\/tiedonhaku-matematiikka\/tieteellinen-julkaiseminen-2\/tieteelliset-julkaisut-eri-aloilla\/#primaryimage"},"thumbnailUrl":"https:\/\/blogs.uef.fi\/tiedonhaku-matematiikka\/wp-content\/uploads\/sites\/51\/2015\/09\/matlyhyt.jpg","datePublished":"2015-09-08T11:52:32+00:00","dateModified":"2025-07-03T13:52:53+00:00","breadcrumb":{"@id":"https:\/\/blogs.uef.fi\/tiedonhaku-matematiikka\/tieteellinen-julkaiseminen-2\/tieteelliset-julkaisut-eri-aloilla\/#breadcrumb"},"inLanguage":"fi","potentialAction":[{"@type":"ReadAction","target":["https:\/\/blogs.uef.fi\/tiedonhaku-matematiikka\/tieteellinen-julkaiseminen-2\/tieteelliset-julkaisut-eri-aloilla\/"]}]},{"@type":"ImageObject","inLanguage":"fi","@id":"https:\/\/blogs.uef.fi\/tiedonhaku-matematiikka\/tieteellinen-julkaiseminen-2\/tieteelliset-julkaisut-eri-aloilla\/#primaryimage","url":"https:\/\/blogs.uef.fi\/tiedonhaku-matematiikka\/wp-content\/uploads\/sites\/51\/2015\/09\/matlyhyt.jpg","contentUrl":"https:\/\/blogs.uef.fi\/tiedonhaku-matematiikka\/wp-content\/uploads\/sites\/51\/2015\/09\/matlyhyt.jpg","width":655,"height":369,"caption":"Julkaistu: Bulletin of the American Mathematical Society, Volume 72, Number 6 (1966), p. 1079."},{"@type":"BreadcrumbList","@id":"https:\/\/blogs.uef.fi\/tiedonhaku-matematiikka\/tieteellinen-julkaiseminen-2\/tieteelliset-julkaisut-eri-aloilla\/#breadcrumb","itemListElement":[{"@type":"ListItem","position":1,"name":"Home","item":"https:\/\/blogs.uef.fi\/tiedonhaku-matematiikka\/"},{"@type":"ListItem","position":2,"name":"Tieteellinen julkaiseminen","item":"https:\/\/blogs.uef.fi\/tiedonhaku-matematiikka\/tieteellinen-julkaiseminen-2\/"},{"@type":"ListItem","position":3,"name":"Tieteelliset julkaisut eri aloilla"}]},{"@type":"WebSite","@id":"https:\/\/blogs.uef.fi\/tiedonhaku-matematiikka\/#website","url":"https:\/\/blogs.uef.fi\/tiedonhaku-matematiikka\/","name":"Matematiikan tiedonhaku \/ UEF kirjasto","description":"Matematiikan tiedonhaku on kattava oppimateriaali tiedonhakuun matemaatikoille. Se sis\u00e4lt\u00e4\u00e4 yleiset tiedonhaun tekniikat sek\u00e4 kemian alan tiedonl\u00e4hteet ohjeineen ja esimerkkeineen.","potentialAction":[{"@type":"SearchAction","target":{"@type":"EntryPoint","urlTemplate":"https:\/\/blogs.uef.fi\/tiedonhaku-matematiikka\/?s={search_term_string}"},"query-input":{"@type":"PropertyValueSpecification","valueRequired":true,"valueName":"search_term_string"}}],"inLanguage":"fi"}]}},"_links":{"self":[{"href":"https:\/\/blogs.uef.fi\/tiedonhaku-matematiikka\/wp-json\/wp\/v2\/pages\/41","targetHints":{"allow":["GET"]}}],"collection":[{"href":"https:\/\/blogs.uef.fi\/tiedonhaku-matematiikka\/wp-json\/wp\/v2\/pages"}],"about":[{"href":"https:\/\/blogs.uef.fi\/tiedonhaku-matematiikka\/wp-json\/wp\/v2\/types\/page"}],"author":[{"embeddable":true,"href":"https:\/\/blogs.uef.fi\/tiedonhaku-matematiikka\/wp-json\/wp\/v2\/users\/127"}],"replies":[{"embeddable":true,"href":"https:\/\/blogs.uef.fi\/tiedonhaku-matematiikka\/wp-json\/wp\/v2\/comments?post=41"}],"version-history":[{"count":2,"href":"https:\/\/blogs.uef.fi\/tiedonhaku-matematiikka\/wp-json\/wp\/v2\/pages\/41\/revisions"}],"predecessor-version":[{"id":3170,"href":"https:\/\/blogs.uef.fi\/tiedonhaku-matematiikka\/wp-json\/wp\/v2\/pages\/41\/revisions\/3170"}],"up":[{"embeddable":true,"href":"https:\/\/blogs.uef.fi\/tiedonhaku-matematiikka\/wp-json\/wp\/v2\/pages\/577"}],"wp:attachment":[{"href":"https:\/\/blogs.uef.fi\/tiedonhaku-matematiikka\/wp-json\/wp\/v2\/media?parent=41"}],"curies":[{"name":"wp","href":"https:\/\/api.w.org\/{rel}","templated":true}]}}