{"id":37,"date":"2015-09-08T11:40:26","date_gmt":"2015-09-08T11:40:26","guid":{"rendered":"https:\/\/ueflibrarymat.wordpress.com\/?page_id=37"},"modified":"2025-07-07T11:03:15","modified_gmt":"2025-07-07T08:03:15","slug":"tieteelliset-julkaisut","status":"publish","type":"page","link":"https:\/\/blogs.uef.fi\/tiedonhaku-matematiikka\/tieteellinen-julkaiseminen-2\/tieteelliset-julkaisut\/","title":{"rendered":"Tieteelliset julkaisut"},"content":{"rendered":"\n<p>Tieteellisen julkaisemisen ydin on <strong>uuden tiedon tuottaminen sek\u00e4 sen arvioiminen<\/strong> tiedeyhteis\u00f6ss\u00e4. Tutkimustieto jaetaan julkisuuteen <strong>eri reittej\u00e4 pitkin ja erilaisissa muodoissa<\/strong>. Siksi sit\u00e4 on my\u00f6s haettava useista eri l\u00e4hteist\u00e4.<\/p>\n\n\n\n<figure class=\"wp-block-image size-full alignnone wp-image-1067\"><img loading=\"lazy\" decoding=\"async\" width=\"1445\" height=\"586\" src=\"https:\/\/blogs.uef.fi\/tiedonhaku-matematiikka\/wp-content\/uploads\/sites\/51\/2021\/09\/tieto_julkaistaan.gif\" alt=\"Kaaviokuva. Aikajanalla j\u00e4rjestyksess\u00e4: tutkimusty\u00f6 \u2013 data \u2013 posteri\/konferenssiesitelm\u00e4 \u2013 k\u00e4sikirjoitus \u2013 vertaisarviointi \u2013 korjattu k\u00e4sikirjoitus \u2013 julkaisu lehdess\u00e4 \u2013 tieto l\u00f6ytyy kirjoista. Nuolin on osoitettu, ett\u00e4 tutkimusty\u00f6t\u00e4 ja vertaisarviointia lukuun ottamatta aineistot ovat haettavissa ja luettavissa.\" class=\"wp-image-1067\" style=\"object-fit:cover\" \/><figcaption class=\"wp-element-caption\"><em>Tutkimuksen eri vaiheissa tietoa julkaistaan eri tavoin. Yksitt\u00e4isen tutkimuksen tuloksen p\u00e4\u00e4tyminen vakiintuneeksi tiedoksi saattaa kaikkiaan kest\u00e4\u00e4 jopa vuosia. Huomaa, ett\u00e4 puhdas matemaattinen tutkimus perustuu p\u00e4\u00e4ttelyyn, laskemiseen ja analyysiin, eik\u00e4 siten tuota mitattua tai vaikkapa havainnoitua dataa, kuten kokeellinen tutkimusty\u00f6.<\/em><\/figcaption><\/figure>\n\n\n\n<p>Tutkimustieto julkaistaan tieteelliseen julkaisemiseen erikoistuneissa kanavissa, yleisimmin <strong>tieteellisiss\u00e4 lehdiss\u00e4<\/strong> (englanniksi <strong>scholarly journals<\/strong>). My\u00f6skin <strong>kirjoja eli monografioita<\/strong> julkaistaan, mutta kirjat harvemmin kertovat yksitt\u00e4isi\u00e4 uusia oivalluksia, vaan paremminkin kokoavat yhteen isompia kokonaisuuksia ja teorioita.<\/p>\n\n\n\n<h2 class=\"wp-block-heading\">Vertaisarviointi kertoo tieteellisyydest\u00e4<\/h2>\n\n\n\n<p>Vertaisarvioinnissa varmistetaan ulkopuolisten asiantuntijoiden avulla, ett\u00e4 tutkimusartikkeli on kelvollinen julkaistavaksi. Asiantuntijat ovat alan tunnustettuja tutkijoita. Englanniksi vertaisarviointii viitataan termeill\u00e4<strong> peer-review<\/strong> tai <strong>refereed<\/strong>.<\/p>\n\n\n\n<p><strong>Arviointik\u00e4yt\u00e4nt\u00f6<\/strong><\/p>\n\n\n\n<ul class=\"wp-block-list\">\n<li>Arvioijiksi valitaan alan tunnustettuja tutkijoita. Arvioijia on yleens\u00e4 ainakin kaksi. Artikkelin kirjoittaja ei saa tiet\u00e4\u00e4 heid\u00e4n henkil\u00f6llisyytt\u00e4\u00e4n.<\/li>\n\n\n\n<li>Asiantuntijat antavat julkaisuluvan arvoituaan tutkimuksen <strong>oikeellisuutta, merkitt\u00e4vyytt\u00e4 ja alkuper\u00e4isyytt\u00e4.<\/strong><\/li>\n\n\n\n<li>Kokeellisessa tutkimuksessa otetaan kantaa my\u00f6s koej\u00e4rjestelyyn ja aineiston edustavuuteen sek\u00e4 tutkimusmenetelmien p\u00e4tevyyteen.<\/li>\n<\/ul>\n\n\n\n<p>Arviointiprosessissa tarkistetaan lis\u00e4ksi, ett\u00e4 tekstin rakenne vastaa alan ja lehden tieteellisen kirjoittamisen k\u00e4yt\u00e4nt\u00f6j\u00e4.<\/p>\n\n\n\n<p>Vertaisarviointi ei ole t\u00e4ydellisen aukoton systeemi. Julkaistavaksi aiottujen k\u00e4sikirjoitusten m\u00e4\u00e4r\u00e4 on valtava ja aika ajoin puutteellinenkin artikkeli saattaa l\u00e4p\u00e4ist\u00e4 seulan.<\/p>\n\n\n\n<h3 class=\"wp-block-heading\">Lehtiartikkeleiden vertaisarviointi<\/h3>\n\n\n\n<p>Tiedon vertaisarvioinnista voi tarkistaa:<\/p>\n\n\n\n<ul class=\"wp-block-list\">\n<li>lehden omalta (julkaisijan) kotisivulta \/ lehdest\u00e4 itsest\u00e4\u00e4n\n<ul class=\"wp-block-list\">\n<li>markkinoilla on tosin runsaasti huijarilehti\u00e4, joiden kotisivuilla annetaan v\u00e4\u00e4r\u00e4\u00e4 tai harhaanjohtavaa tietoa, ks. lis\u00e4\u00e4 luvussa <a href=\"https:\/\/blogs.uef.fi\/tiedonhaku-kemia\/hakutulokset\/mika-on-luotettava-lahde\/\">Mik\u00e4 on luotettava l\u00e4hde<\/a>: saalistajalehdet<\/li>\n<\/ul>\n<\/li>\n\n\n\n<li>l\u00f6ytyyk\u00f6 lehti <a href=\"https:\/\/www.tsv.fi\/julkaisufoorumi\/haku.php\" target=\"_blank\" rel=\"noreferrer noopener\">Julkaisufoorumista<\/a> (linkki aukeaa uuteen ikkunaan)<\/li>\n\n\n\n<li>onko lehdell\u00e4 Impact Factor -tunnusluku; lue lis\u00e4\u00e4<a href=\"https:\/\/www.uef.fi\/fi\/kirjasto\/tutkimuksen-arviointi#accordion-7022\"> impaktifaktorista<\/a> kirjaston sivuilta<\/li>\n\n\n\n<li>joissakin tietokannoissa mainitaan, onko lehti\/artikkeli vertaisarvioitu (\u201dpeer reviewed\u201d tai \u201drefereed\u201d), tai<\/li>\n\n\n\n<li>hakua kirjallisuustietokannoissa voi rajata vain tieteellisiin lehtiin (scholarly journals)<\/li>\n<\/ul>\n\n\n\n<h3 class=\"wp-block-heading\">Kirjojen arviointi<\/h3>\n\n\n\n<p>Kirjojen laaduntarkkailu on kustantajien, kustannustoimittajien ja n\u00e4iden k\u00e4ytt\u00e4mien asiantuntijoiden vastuulla. Kirjat ovat harvemmin varsinaisesti vertaisarvioituja.<\/p>\n\n\n\n<p>Tieteellisi\u00e4 kustantajia ovat mm.:<\/p>\n\n\n\n<ul class=\"wp-block-list\">\n<li>tieteelliset kaupalliset kustantajat<\/li>\n\n\n\n<li>yliopistot<\/li>\n\n\n\n<li>kotimaiset ja ulkomaiset tieteelliset seurat<\/li>\n\n\n\n<li>tietyt tutkimuslaitokset yms.<\/li>\n\n\n\n<li>katso esimerkiksi <a href=\"https:\/\/tiedekustantajat.fi\/suomen-tiedekustantajien-liitto\/jasenet\/\" target=\"_blank\" rel=\"noreferrer noopener\">Suomen tiedekustantajien liiton j\u00e4senet<\/a> (linkki aukeaa uuteen ikkunaan).<\/li>\n<\/ul>\n\n\n\n<figure class=\"wp-block-image size-full\"><img loading=\"lazy\" decoding=\"async\" width=\"480\" height=\"192\" src=\"https:\/\/blogs.uef.fi\/tiedonhaku-matematiikka\/wp-content\/uploads\/sites\/51\/2020\/10\/vertaisarvioitu.jpg\" alt=\"Graafinen mustavalkoinen kuvio sek\u00e4 teksti vertaisarvioitu suomeksi, ruotsiksi ja englanniksi.\" class=\"wp-image-1033\" srcset=\"https:\/\/blogs.uef.fi\/tiedonhaku-matematiikka\/wp-content\/uploads\/sites\/51\/2020\/10\/vertaisarvioitu.jpg 480w, https:\/\/blogs.uef.fi\/tiedonhaku-matematiikka\/wp-content\/uploads\/sites\/51\/2020\/10\/vertaisarvioitu-300x120.jpg 300w\" sizes=\"auto, (max-width: 480px) 100vw, 480px\" \/><figcaption class=\"wp-element-caption\"><em>Kotimaisilla julkaisuilla on oma vertaisarvioinnista kertova tunnus, jonka my\u00f6nt\u00e4\u00e4 Tieteellisten seurain valtuuskunta.<\/em><\/figcaption><\/figure>\n\n\n\n<h2 class=\"wp-block-heading\">Tieteellisell\u00e4 julkaisulla on tietty rakenne<\/h2>\n\n\n\n<p>Tieteellisell\u00e4 kirjallisella esityksell\u00e4 on <strong>vakiintunut muoto<\/strong>, jota noudatetaan tieteellisiin lehtiin kirjoitettaessa. Yksityiskohtien osalta kullakin lehdell\u00e4 on omat tarkat kirjoitusohjeensa, jonka mukaisesti siihen tarjottavan artikkeli on laadittava. Kirjoitusohjeet l\u00f6ytyv\u00e4t kunkin lehden sivulta.<\/p>\n\n\n\n<p>Matematiikassa muoto on usein seuraava:<\/p>\n\n\n\n<ul class=\"wp-block-list\">\n<li>Otsikko, tekij\u00e4\/t, osoite &#8211; Title, Author(s), Affiliation<\/li>\n\n\n\n<li>Tiivistelm\u00e4, abstrakti &#8211; Abstract<\/li>\n\n\n\n<li>Johdanto &#8211; Introduction<\/li>\n\n\n\n<li>Itse tutkimusongelma ja sen k\u00e4sittely\/ratkaisu vaiheittain\n<ul class=\"wp-block-list\">\n<li>esim. <em>m\u00e4\u00e4ritelm\u00e4, lause, todistus<\/em> &#8211; <em>definition, theorem, proof<\/em><\/li>\n<\/ul>\n<\/li>\n\n\n\n<li>Johtop\u00e4\u00e4t\u00f6kset &#8211; Conclusions &#8211; ei v\u00e4ltt\u00e4m\u00e4t\u00f6n<\/li>\n\n\n\n<li>Kiitokset &#8211; Acknowledgements &#8211; ei v\u00e4ltt\u00e4m\u00e4t\u00f6n<\/li>\n\n\n\n<li>L\u00e4hdeluettelo &#8211; References<\/li>\n<\/ul>\n\n\n\n<p>Kokeellisessa tutkimusartikkelissa on lis\u00e4ksi seuraavia osioita:<\/p>\n\n\n\n<ul class=\"wp-block-list\">\n<li>Menetelm\u00e4t &#8211; Methods<\/li>\n\n\n\n<li>Tulokset ja niiden tarkastelu &#8211; Results, Discussion<\/li>\n<\/ul>\n\n\n\n<h2 class=\"wp-block-heading\">Samasta tutkimuksesta voi olla erilaisia versioita<\/h2>\n\n\n\n<p>On tavallista, ett\u00e4<strong> k\u00e4sikirjoitukseen<\/strong> tehd\u00e4\u00e4n pieni\u00e4 muutoksia arvioijien ehdotusten mukaan. Samasta tutkimuksesta voi olla saatavilla sek\u00e4 k\u00e4sikirjoitus ett\u00e4 korjattu versio.<\/p>\n\n\n\n<p>Artikkeli saa erilaisia nimityksi\u00e4 arvioinnin ja julkaisuprosessin vaiheeseen liittyen:<\/p>\n\n\n\n<ul class=\"wp-block-list\">\n<li>manuscript = preprint = k\u00e4sikirjoitus, jota ei viel\u00e4 arvioitu<\/li>\n\n\n\n<li>final draft = artikkelin sis\u00e4lt\u00f6 on korjattu arvioinnin j\u00e4lkeen<\/li>\n\n\n\n<li>article in press = artikkeli on arvioitu ja korjattu, ulkoasukin on lopullinen, mutta sit\u00e4 ei ole viel\u00e4 julkaistu<\/li>\n\n\n\n<li>final published version = artikkeli on julkaistu lehdess\u00e4 ja sill\u00e4 on olemassa mm. sivunumerot tai muu tunniste<\/li>\n<\/ul>\n\n\n\n<h2 class=\"wp-block-heading\">Muutkin julkaisut voivat olla k\u00e4ytt\u00f6kelpoisia l\u00e4hdeaineistoja<\/h2>\n\n\n\n<p>Puhdas matemaattinen tutkimus julkaistaan useimmiten tieteellisi\u00e4 kanavia pitkin. Soveltavaan matematiikkaan tai vaikkapa matematiikan opetukseen liittyen sek\u00e4 monilla muilla aloilla julkaistaan paljon my\u00f6s alan ammattilaisille, yrityksille ja viranomaisille.<br>Tutkimuslaitokset, ministeri\u00f6t, kunnat sek\u00e4 erilaiset j\u00e4rjest\u00f6t, seurat ja liitot julkaisevat <strong>selvitys- tai raporttityyppist\u00e4 kirjallisuutta<\/strong> ja my\u00f6s <strong>ammattilehdiss\u00e4<\/strong> julkaistaan artikkeleita. <br><br>T\u00e4llaisia l\u00e4hteit\u00e4 arvioitaessa t\u00e4rkeint\u00e4 on itse <strong>tekstin sis\u00e4lt\u00f6<\/strong>: kuinka luotettavasti ja yksiselitteisesti kohteena oleva asia pystyt\u00e4\u00e4n kuvaamaan, todentamaan ja perustelemaan.<\/p>\n\n\n\n<p class=\"has-text-align-right\">Seuraava sivu: <a href=\"https:\/\/blogs.uef.fi\/tiedonhaku-matematiikka\/tieteellinen-julkaiseminen-2\/julkaisutyypit\/\">Julkaisutyypit<\/a><\/p>\n","protected":false},"excerpt":{"rendered":"<p>Tieteellisen julkaisemisen ydin on uuden tiedon tuottaminen sek\u00e4 sen arvioiminen tiedeyhteis\u00f6ss\u00e4. Tutkimustieto jaetaan julkisuuteen eri reittej\u00e4 pitkin ja erilaisissa muodoissa. Siksi sit\u00e4 on my\u00f6s haettava useista eri l\u00e4hteist\u00e4. Tutkimustieto julkaistaan tieteelliseen julkaisemiseen erikoistuneissa kanavissa, yleisimmin tieteellisiss\u00e4 lehdiss\u00e4 (englanniksi scholarly journals). My\u00f6skin kirjoja eli monografioita julkaistaan, mutta kirjat harvemmin kertovat yksitt\u00e4isi\u00e4 uusia oivalluksia, vaan paremminkin kokoavat [&hellip;]<\/p>\n","protected":false},"author":127,"featured_media":0,"parent":577,"menu_order":1,"comment_status":"closed","ping_status":"closed","template":"","meta":{"_acf_changed":false,"footnotes":""},"class_list":["post-37","page","type-page","status-publish","hentry"],"acf":[],"yoast_head":"<!-- This site is optimized with the Yoast SEO plugin v27.3 - https:\/\/yoast.com\/product\/yoast-seo-wordpress\/ -->\n<title>Tieteelliset julkaisut - Matematiikan tiedonhaku \/ UEF kirjasto<\/title>\n<meta name=\"robots\" content=\"index, follow, max-snippet:-1, max-image-preview:large, max-video-preview:-1\" \/>\n<link rel=\"canonical\" href=\"https:\/\/blogs.uef.fi\/tiedonhaku-matematiikka\/tieteellinen-julkaiseminen-2\/tieteelliset-julkaisut\/\" \/>\n<meta property=\"og:locale\" content=\"fi_FI\" \/>\n<meta property=\"og:type\" content=\"article\" \/>\n<meta property=\"og:title\" content=\"Tieteelliset julkaisut - Matematiikan tiedonhaku \/ UEF kirjasto\" \/>\n<meta property=\"og:description\" content=\"Tieteellisen julkaisemisen ydin on uuden tiedon tuottaminen sek\u00e4 sen arvioiminen tiedeyhteis\u00f6ss\u00e4. Tutkimustieto jaetaan julkisuuteen eri reittej\u00e4 pitkin ja erilaisissa muodoissa. Siksi sit\u00e4 on my\u00f6s haettava useista eri l\u00e4hteist\u00e4. Tutkimustieto julkaistaan tieteelliseen julkaisemiseen erikoistuneissa kanavissa, yleisimmin tieteellisiss\u00e4 lehdiss\u00e4 (englanniksi scholarly journals). My\u00f6skin kirjoja eli monografioita julkaistaan, mutta kirjat harvemmin kertovat yksitt\u00e4isi\u00e4 uusia oivalluksia, vaan paremminkin kokoavat [&hellip;]\" \/>\n<meta property=\"og:url\" content=\"https:\/\/blogs.uef.fi\/tiedonhaku-matematiikka\/tieteellinen-julkaiseminen-2\/tieteelliset-julkaisut\/\" \/>\n<meta property=\"og:site_name\" content=\"Matematiikan tiedonhaku \/ UEF kirjasto\" \/>\n<meta property=\"article:modified_time\" content=\"2025-07-07T08:03:15+00:00\" \/>\n<meta property=\"og:image\" content=\"https:\/\/blogs.uef.fi\/tiedonhaku-matematiikka\/wp-content\/uploads\/sites\/51\/2021\/09\/tieto_julkaistaan.gif\" \/>\n\t<meta property=\"og:image:width\" content=\"1445\" \/>\n\t<meta property=\"og:image:height\" content=\"586\" \/>\n\t<meta property=\"og:image:type\" content=\"image\/gif\" \/>\n<meta name=\"twitter:card\" content=\"summary_large_image\" \/>\n<meta name=\"twitter:label1\" content=\"Arvioitu lukuaika\" \/>\n\t<meta name=\"twitter:data1\" content=\"4 minuuttia\" \/>\n<script type=\"application\/ld+json\" class=\"yoast-schema-graph\">{\"@context\":\"https:\\\/\\\/schema.org\",\"@graph\":[{\"@type\":\"WebPage\",\"@id\":\"https:\\\/\\\/blogs.uef.fi\\\/tiedonhaku-matematiikka\\\/tieteellinen-julkaiseminen-2\\\/tieteelliset-julkaisut\\\/\",\"url\":\"https:\\\/\\\/blogs.uef.fi\\\/tiedonhaku-matematiikka\\\/tieteellinen-julkaiseminen-2\\\/tieteelliset-julkaisut\\\/\",\"name\":\"Tieteelliset julkaisut - Matematiikan tiedonhaku \\\/ UEF kirjasto\",\"isPartOf\":{\"@id\":\"https:\\\/\\\/blogs.uef.fi\\\/tiedonhaku-matematiikka\\\/#website\"},\"primaryImageOfPage\":{\"@id\":\"https:\\\/\\\/blogs.uef.fi\\\/tiedonhaku-matematiikka\\\/tieteellinen-julkaiseminen-2\\\/tieteelliset-julkaisut\\\/#primaryimage\"},\"image\":{\"@id\":\"https:\\\/\\\/blogs.uef.fi\\\/tiedonhaku-matematiikka\\\/tieteellinen-julkaiseminen-2\\\/tieteelliset-julkaisut\\\/#primaryimage\"},\"thumbnailUrl\":\"https:\\\/\\\/blogs.uef.fi\\\/tiedonhaku-matematiikka\\\/wp-content\\\/uploads\\\/sites\\\/51\\\/2021\\\/09\\\/tieto_julkaistaan.gif\",\"datePublished\":\"2015-09-08T11:40:26+00:00\",\"dateModified\":\"2025-07-07T08:03:15+00:00\",\"breadcrumb\":{\"@id\":\"https:\\\/\\\/blogs.uef.fi\\\/tiedonhaku-matematiikka\\\/tieteellinen-julkaiseminen-2\\\/tieteelliset-julkaisut\\\/#breadcrumb\"},\"inLanguage\":\"fi\",\"potentialAction\":[{\"@type\":\"ReadAction\",\"target\":[\"https:\\\/\\\/blogs.uef.fi\\\/tiedonhaku-matematiikka\\\/tieteellinen-julkaiseminen-2\\\/tieteelliset-julkaisut\\\/\"]}]},{\"@type\":\"ImageObject\",\"inLanguage\":\"fi\",\"@id\":\"https:\\\/\\\/blogs.uef.fi\\\/tiedonhaku-matematiikka\\\/tieteellinen-julkaiseminen-2\\\/tieteelliset-julkaisut\\\/#primaryimage\",\"url\":\"https:\\\/\\\/blogs.uef.fi\\\/tiedonhaku-matematiikka\\\/wp-content\\\/uploads\\\/sites\\\/51\\\/2021\\\/09\\\/tieto_julkaistaan.gif\",\"contentUrl\":\"https:\\\/\\\/blogs.uef.fi\\\/tiedonhaku-matematiikka\\\/wp-content\\\/uploads\\\/sites\\\/51\\\/2021\\\/09\\\/tieto_julkaistaan.gif\",\"width\":1445,\"height\":586,\"caption\":\"Tutkimuksen eri vaiheissa tietoa julkaistaan eri tavoin. Yksitt\u00e4isen tutkimuksen tuloksen p\u00e4\u00e4tyminen vakiintuneeksi tiedoksi saattaa kaikkiaan kest\u00e4\u00e4 jopa vuosia.\"},{\"@type\":\"BreadcrumbList\",\"@id\":\"https:\\\/\\\/blogs.uef.fi\\\/tiedonhaku-matematiikka\\\/tieteellinen-julkaiseminen-2\\\/tieteelliset-julkaisut\\\/#breadcrumb\",\"itemListElement\":[{\"@type\":\"ListItem\",\"position\":1,\"name\":\"Home\",\"item\":\"https:\\\/\\\/blogs.uef.fi\\\/tiedonhaku-matematiikka\\\/\"},{\"@type\":\"ListItem\",\"position\":2,\"name\":\"Tieteellinen julkaiseminen\",\"item\":\"https:\\\/\\\/blogs.uef.fi\\\/tiedonhaku-matematiikka\\\/tieteellinen-julkaiseminen-2\\\/\"},{\"@type\":\"ListItem\",\"position\":3,\"name\":\"Tieteelliset julkaisut\"}]},{\"@type\":\"WebSite\",\"@id\":\"https:\\\/\\\/blogs.uef.fi\\\/tiedonhaku-matematiikka\\\/#website\",\"url\":\"https:\\\/\\\/blogs.uef.fi\\\/tiedonhaku-matematiikka\\\/\",\"name\":\"Matematiikan tiedonhaku \\\/ UEF kirjasto\",\"description\":\"Matematiikan tiedonhaku on kattava oppimateriaali tiedonhakuun matemaatikoille. Se sis\u00e4lt\u00e4\u00e4 yleiset tiedonhaun tekniikat sek\u00e4 kemian alan tiedonl\u00e4hteet ohjeineen ja esimerkkeineen.\",\"potentialAction\":[{\"@type\":\"SearchAction\",\"target\":{\"@type\":\"EntryPoint\",\"urlTemplate\":\"https:\\\/\\\/blogs.uef.fi\\\/tiedonhaku-matematiikka\\\/?s={search_term_string}\"},\"query-input\":{\"@type\":\"PropertyValueSpecification\",\"valueRequired\":true,\"valueName\":\"search_term_string\"}}],\"inLanguage\":\"fi\"}]}<\/script>\n<!-- \/ Yoast SEO plugin. -->","yoast_head_json":{"title":"Tieteelliset julkaisut - Matematiikan tiedonhaku \/ UEF kirjasto","robots":{"index":"index","follow":"follow","max-snippet":"max-snippet:-1","max-image-preview":"max-image-preview:large","max-video-preview":"max-video-preview:-1"},"canonical":"https:\/\/blogs.uef.fi\/tiedonhaku-matematiikka\/tieteellinen-julkaiseminen-2\/tieteelliset-julkaisut\/","og_locale":"fi_FI","og_type":"article","og_title":"Tieteelliset julkaisut - Matematiikan tiedonhaku \/ UEF kirjasto","og_description":"Tieteellisen julkaisemisen ydin on uuden tiedon tuottaminen sek\u00e4 sen arvioiminen tiedeyhteis\u00f6ss\u00e4. Tutkimustieto jaetaan julkisuuteen eri reittej\u00e4 pitkin ja erilaisissa muodoissa. Siksi sit\u00e4 on my\u00f6s haettava useista eri l\u00e4hteist\u00e4. Tutkimustieto julkaistaan tieteelliseen julkaisemiseen erikoistuneissa kanavissa, yleisimmin tieteellisiss\u00e4 lehdiss\u00e4 (englanniksi scholarly journals). My\u00f6skin kirjoja eli monografioita julkaistaan, mutta kirjat harvemmin kertovat yksitt\u00e4isi\u00e4 uusia oivalluksia, vaan paremminkin kokoavat [&hellip;]","og_url":"https:\/\/blogs.uef.fi\/tiedonhaku-matematiikka\/tieteellinen-julkaiseminen-2\/tieteelliset-julkaisut\/","og_site_name":"Matematiikan tiedonhaku \/ UEF kirjasto","article_modified_time":"2025-07-07T08:03:15+00:00","og_image":[{"width":1445,"height":586,"url":"https:\/\/blogs.uef.fi\/tiedonhaku-matematiikka\/wp-content\/uploads\/sites\/51\/2021\/09\/tieto_julkaistaan.gif","type":"image\/gif"}],"twitter_card":"summary_large_image","twitter_misc":{"Arvioitu lukuaika":"4 minuuttia"},"schema":{"@context":"https:\/\/schema.org","@graph":[{"@type":"WebPage","@id":"https:\/\/blogs.uef.fi\/tiedonhaku-matematiikka\/tieteellinen-julkaiseminen-2\/tieteelliset-julkaisut\/","url":"https:\/\/blogs.uef.fi\/tiedonhaku-matematiikka\/tieteellinen-julkaiseminen-2\/tieteelliset-julkaisut\/","name":"Tieteelliset julkaisut - Matematiikan tiedonhaku \/ UEF kirjasto","isPartOf":{"@id":"https:\/\/blogs.uef.fi\/tiedonhaku-matematiikka\/#website"},"primaryImageOfPage":{"@id":"https:\/\/blogs.uef.fi\/tiedonhaku-matematiikka\/tieteellinen-julkaiseminen-2\/tieteelliset-julkaisut\/#primaryimage"},"image":{"@id":"https:\/\/blogs.uef.fi\/tiedonhaku-matematiikka\/tieteellinen-julkaiseminen-2\/tieteelliset-julkaisut\/#primaryimage"},"thumbnailUrl":"https:\/\/blogs.uef.fi\/tiedonhaku-matematiikka\/wp-content\/uploads\/sites\/51\/2021\/09\/tieto_julkaistaan.gif","datePublished":"2015-09-08T11:40:26+00:00","dateModified":"2025-07-07T08:03:15+00:00","breadcrumb":{"@id":"https:\/\/blogs.uef.fi\/tiedonhaku-matematiikka\/tieteellinen-julkaiseminen-2\/tieteelliset-julkaisut\/#breadcrumb"},"inLanguage":"fi","potentialAction":[{"@type":"ReadAction","target":["https:\/\/blogs.uef.fi\/tiedonhaku-matematiikka\/tieteellinen-julkaiseminen-2\/tieteelliset-julkaisut\/"]}]},{"@type":"ImageObject","inLanguage":"fi","@id":"https:\/\/blogs.uef.fi\/tiedonhaku-matematiikka\/tieteellinen-julkaiseminen-2\/tieteelliset-julkaisut\/#primaryimage","url":"https:\/\/blogs.uef.fi\/tiedonhaku-matematiikka\/wp-content\/uploads\/sites\/51\/2021\/09\/tieto_julkaistaan.gif","contentUrl":"https:\/\/blogs.uef.fi\/tiedonhaku-matematiikka\/wp-content\/uploads\/sites\/51\/2021\/09\/tieto_julkaistaan.gif","width":1445,"height":586,"caption":"Tutkimuksen eri vaiheissa tietoa julkaistaan eri tavoin. Yksitt\u00e4isen tutkimuksen tuloksen p\u00e4\u00e4tyminen vakiintuneeksi tiedoksi saattaa kaikkiaan kest\u00e4\u00e4 jopa vuosia."},{"@type":"BreadcrumbList","@id":"https:\/\/blogs.uef.fi\/tiedonhaku-matematiikka\/tieteellinen-julkaiseminen-2\/tieteelliset-julkaisut\/#breadcrumb","itemListElement":[{"@type":"ListItem","position":1,"name":"Home","item":"https:\/\/blogs.uef.fi\/tiedonhaku-matematiikka\/"},{"@type":"ListItem","position":2,"name":"Tieteellinen julkaiseminen","item":"https:\/\/blogs.uef.fi\/tiedonhaku-matematiikka\/tieteellinen-julkaiseminen-2\/"},{"@type":"ListItem","position":3,"name":"Tieteelliset julkaisut"}]},{"@type":"WebSite","@id":"https:\/\/blogs.uef.fi\/tiedonhaku-matematiikka\/#website","url":"https:\/\/blogs.uef.fi\/tiedonhaku-matematiikka\/","name":"Matematiikan tiedonhaku \/ UEF kirjasto","description":"Matematiikan tiedonhaku on kattava oppimateriaali tiedonhakuun matemaatikoille. Se sis\u00e4lt\u00e4\u00e4 yleiset tiedonhaun tekniikat sek\u00e4 kemian alan tiedonl\u00e4hteet ohjeineen ja esimerkkeineen.","potentialAction":[{"@type":"SearchAction","target":{"@type":"EntryPoint","urlTemplate":"https:\/\/blogs.uef.fi\/tiedonhaku-matematiikka\/?s={search_term_string}"},"query-input":{"@type":"PropertyValueSpecification","valueRequired":true,"valueName":"search_term_string"}}],"inLanguage":"fi"}]}},"_links":{"self":[{"href":"https:\/\/blogs.uef.fi\/tiedonhaku-matematiikka\/wp-json\/wp\/v2\/pages\/37","targetHints":{"allow":["GET"]}}],"collection":[{"href":"https:\/\/blogs.uef.fi\/tiedonhaku-matematiikka\/wp-json\/wp\/v2\/pages"}],"about":[{"href":"https:\/\/blogs.uef.fi\/tiedonhaku-matematiikka\/wp-json\/wp\/v2\/types\/page"}],"author":[{"embeddable":true,"href":"https:\/\/blogs.uef.fi\/tiedonhaku-matematiikka\/wp-json\/wp\/v2\/users\/127"}],"replies":[{"embeddable":true,"href":"https:\/\/blogs.uef.fi\/tiedonhaku-matematiikka\/wp-json\/wp\/v2\/comments?post=37"}],"version-history":[{"count":1,"href":"https:\/\/blogs.uef.fi\/tiedonhaku-matematiikka\/wp-json\/wp\/v2\/pages\/37\/revisions"}],"predecessor-version":[{"id":3172,"href":"https:\/\/blogs.uef.fi\/tiedonhaku-matematiikka\/wp-json\/wp\/v2\/pages\/37\/revisions\/3172"}],"up":[{"embeddable":true,"href":"https:\/\/blogs.uef.fi\/tiedonhaku-matematiikka\/wp-json\/wp\/v2\/pages\/577"}],"wp:attachment":[{"href":"https:\/\/blogs.uef.fi\/tiedonhaku-matematiikka\/wp-json\/wp\/v2\/media?parent=37"}],"curies":[{"name":"wp","href":"https:\/\/api.w.org\/{rel}","templated":true}]}}