{"id":255,"date":"2015-09-25T11:22:20","date_gmt":"2015-09-25T11:22:20","guid":{"rendered":"https:\/\/ueflibrarymat.wordpress.com\/?page_id=255"},"modified":"2024-01-17T15:31:01","modified_gmt":"2024-01-17T13:31:01","slug":"hakuteosten-kaytto","status":"publish","type":"page","link":"https:\/\/blogs.uef.fi\/tiedonhaku-matematiikka\/hakukoneet\/hakuteosten-kaytto\/","title":{"rendered":"Hakuteosten k\u00e4ytt\u00f6"},"content":{"rendered":"\n<p>Hakuteoksista l\u00f6yt\u00e4\u00e4 helposti <strong>k\u00e4sitteit\u00e4 ja niiden m\u00e4\u00e4rityksi\u00e4, perustietoja sek\u00e4 faktoja<\/strong>. Artikkelit ovat usein melko suppeita, mutta hyv\u00e4 l\u00e4ht\u00f6kohta uuteen asiaan tutustumiseen.<\/p>\n\n\n\n<p>Hakuteokset voivat olla <strong>painettuja tai elektronisia<\/strong>; tietosanakirjoja (ensyklopedioita), k\u00e4sikirjoja, portaaleja, hakemistoja jne.<\/p>\n\n\n\n<h2 class=\"wp-block-heading\">Painetut hakuteokset<\/h2>\n\n\n\n<p>Painettuja hakuteoksia olisi helppo hakea luokitustunnuksen mukaan. UEF-Primossa ei kuitenkaan voi hakea luokitustunnusta, mutta <a href=\"https:\/\/finna.fi\/\" target=\"_blank\" rel=\"noreferrer noopener\">kansallisessa Finnassa<\/a> voi. Finna sis\u00e4lt\u00e4\u00e4 my\u00f6s UEF kirjaston kirjat, joten halutessasi voit rajata tuloksen vain omaan kirjastoon.<\/p>\n\n\n\n<p>K\u00e4ytt\u00f6kelpoisia sakusanoja ovat seuraavat tunnukset:<\/p>\n\n\n\n<ul class=\"wp-block-list\">\n<li>00A20\u00a0\u00a0\u00a0\u00a0\u00a0\u00a0 Dictionaries and other general reference works<\/li>\n\n\n\n<li>00A30\u00a0\u00a0\u00a0\u00a0\u00a0\u00a0 Philosophy of mathematics<\/li>\n\n\n\n<li>00A35\u00a0\u00a0\u00a0\u00a0\u00a0\u00a0 Methodology of mathematics, didactics<\/li>\n\n\n\n<li>01-00\u00a0\u00a0\u00a0\u00a0\u00a0\u00a0\u00a0 General reference works (handbooks, dictionaries, bibliographies, etc.)<\/li>\n<\/ul>\n\n\n\n<p>Hakutavaksi valitaan <strong>Tarkennettu haku<\/strong> ja hakusanaksi kirjoitetaan luokitustunnus (00a20), <strong>hakukent\u00e4ksi valitaan Luokitus<\/strong>.<\/p>\n\n\n\n<figure class=\"wp-block-image size-full\"><img loading=\"lazy\" decoding=\"async\" width=\"921\" height=\"648\" src=\"https:\/\/blogs.uef.fi\/tiedonhaku-matematiikka\/wp-content\/uploads\/sites\/51\/2021\/09\/MAT_finna_luokitus.png\" alt=\"Kuvakaappaus Finna-fi-tietokannasta, tarkennettu haku. Ylimm\u00e4lle riville on kirjoitettu hakusanaksi: 00a20. Hakukent\u00e4ksi on valittu: Luokitus.\" class=\"wp-image-1258\" style=\"object-fit:cover\" srcset=\"https:\/\/blogs.uef.fi\/tiedonhaku-matematiikka\/wp-content\/uploads\/sites\/51\/2021\/09\/MAT_finna_luokitus.png 921w, https:\/\/blogs.uef.fi\/tiedonhaku-matematiikka\/wp-content\/uploads\/sites\/51\/2021\/09\/MAT_finna_luokitus-300x211.png 300w, https:\/\/blogs.uef.fi\/tiedonhaku-matematiikka\/wp-content\/uploads\/sites\/51\/2021\/09\/MAT_finna_luokitus-768x540.png 768w\" sizes=\"auto, (max-width: 921px) 100vw, 921px\" \/><\/figure>\n\n\n\n<p>Rajaus tiettyyn kirjastoon tehd\u00e4\u00e4n haun j\u00e4lkeen kohdasta Organisaatio:<\/p>\n\n\n\n<figure class=\"wp-block-image size-full is-resized\"><img loading=\"lazy\" decoding=\"async\" width=\"1189\" height=\"893\" src=\"https:\/\/blogs.uef.fi\/tiedonhaku-matematiikka\/wp-content\/uploads\/sites\/51\/2021\/09\/MAT_finna_uef.png\" alt=\"Kuvakaappaus Finna-fi-tietokannasta. N\u00e4kyvill\u00e4 hakutuloksia. Vasemmalta valikosta aukaistu kohta \u2019Organisaatio\u2019, josta korostettuna valinta \u2019It\u00e4-Suomen yliopisto\u2019.\" class=\"wp-image-1261\" style=\"width:768px;height:576px\" srcset=\"https:\/\/blogs.uef.fi\/tiedonhaku-matematiikka\/wp-content\/uploads\/sites\/51\/2021\/09\/MAT_finna_uef.png 1189w, https:\/\/blogs.uef.fi\/tiedonhaku-matematiikka\/wp-content\/uploads\/sites\/51\/2021\/09\/MAT_finna_uef-300x225.png 300w, https:\/\/blogs.uef.fi\/tiedonhaku-matematiikka\/wp-content\/uploads\/sites\/51\/2021\/09\/MAT_finna_uef-1024x769.png 1024w, https:\/\/blogs.uef.fi\/tiedonhaku-matematiikka\/wp-content\/uploads\/sites\/51\/2021\/09\/MAT_finna_uef-768x577.png 768w\" sizes=\"auto, (max-width: 1189px) 100vw, 1189px\" \/><\/figure>\n\n\n\n<p>Useimmat hakuteokset on sijoitettu Joensuun&nbsp; kampuskirjastossa tiettyyn hyllyyn: P L 51 (= matematiikan lukusalikirjat). Hyllyn sis\u00e4lt\u00f6\u00e4 voit k\u00e4yd\u00e4 selaamassa kirjastossa tai tarkastella UEF-Primossa. Tee haku hyllytunnuksella, k\u00e4yt\u00e4 lainausmerkkej\u00e4:<\/p>\n\n\n\n<figure class=\"wp-block-image\"><img loading=\"lazy\" decoding=\"async\" width=\"1404\" height=\"665\" src=\"https:\/\/blogs.uef.fi\/tiedonhaku-matematiikka\/wp-content\/uploads\/sites\/51\/2021\/09\/MAT_primo_hyllyhaku.png\" alt=\"Kuva kaappaus UEF-Primosta. Hakuriville on kirjoitettu lainausmerkkeihin: \u201dp l 51. N\u00e4kyvill\u00e4 on tulosten m\u00e4\u00e4r\u00e4 193 ja ensimm\u00e4inen tulos: Handbook of dynamical systems. Kirjan sijainti n\u00e4kyy kohdassa \u2019Saatavilla kirjastossa\u2019.\" class=\"wp-image-1264\" srcset=\"https:\/\/blogs.uef.fi\/tiedonhaku-matematiikka\/wp-content\/uploads\/sites\/51\/2021\/09\/MAT_primo_hyllyhaku.png 1404w, https:\/\/blogs.uef.fi\/tiedonhaku-matematiikka\/wp-content\/uploads\/sites\/51\/2021\/09\/MAT_primo_hyllyhaku-300x142.png 300w, https:\/\/blogs.uef.fi\/tiedonhaku-matematiikka\/wp-content\/uploads\/sites\/51\/2021\/09\/MAT_primo_hyllyhaku-1024x485.png 1024w, https:\/\/blogs.uef.fi\/tiedonhaku-matematiikka\/wp-content\/uploads\/sites\/51\/2021\/09\/MAT_primo_hyllyhaku-768x364.png 768w\" sizes=\"auto, (max-width: 1404px) 100vw, 1404px\" \/><\/figure>\n\n\n\n<h2 class=\"wp-block-heading\">Hakuteokset verkossa<\/h2>\n\n\n\n<p>Verkkohakuteoksista esimerkkej\u00e4 ovat <a href=\"https:\/\/www.encyclopediaofmath.org\/index.php\/Main_Page\" target=\"_blank\" rel=\"noopener\">Encyclopedia of Mathematics<\/a> sek\u00e4 <a href=\"http:\/\/mathworld.wolfram.com\/\" target=\"_blank\" rel=\"noopener\">Wolfram Mathworld.<\/a><\/p>\n\n\n\n<p>N\u00e4iden kokotekstiin voi kohdistaa <strong>hakuja<\/strong>: voit siis hakea yksitt\u00e4ist\u00e4 termi\u00e4, henkil\u00f6\u00e4 jne. Voi edet\u00e4 my\u00f6s <strong>hakemiston<\/strong> kautta.<\/p>\n\n\n\n<figure class=\"wp-block-image alignnone size-large wp-image-257\"><img loading=\"lazy\" decoding=\"async\" width=\"797\" height=\"577\" src=\"https:\/\/blogs.uef.fi\/tiedonhaku-matematiikka\/wp-content\/uploads\/sites\/51\/2015\/09\/matencm.jpg?w=660\" alt=\"Kuvakaappaus Encyclopedia of mathematics -sivustolta. Hakuriville on kirjoitettu: boolean. N\u00e4kyvill\u00e4 ohjelman ehdottamia termivaihtoehtoja, jotka alkavat sanalla boolean. Valittu n\u00e4ist\u00e4 kohta: boolean algebra with operators. Toisessa kuvassa p\u00e4tk\u00e4 aakkosellista asiasanahakemistoa, n\u00e4kyvill\u00e4 kohta \u2019Boolean equation\u2019 to \u2019Cauchy charaterictic problem\u2019.\" class=\"wp-image-257\" \/><figcaption class=\"wp-element-caption\">Hakusanahaku (ylh\u00e4\u00e4ll\u00e4), asiahakemisto (alhaalla)<\/figcaption><\/figure>\n\n\n\n<p>Vinkki: Hakuteosten artikkeleissa on kerrottu l\u00e4hteet (references). Sielt\u00e4 saat vinkki\u00e4 kirjoista, jotka olisivat aiheeseen sopivia luettavia.<\/p>\n\n\n\n<hr class=\"wp-block-separator has-alpha-channel-opacity\" \/>\n\n\n\n<h2 class=\"wp-block-heading\">Matematiikan historia<\/h2>\n\n\n\n<p>Tietyn matemaattisen aiheen, teorian ym. historiaa voi my\u00f6s etsi\u00e4 hakuteoksista. Hakuteos voi olla yleinen tai sitten juuri matematiikan historiaan viittaava.<\/p>\n\n\n\n<p>N\u00e4it\u00e4 voi hakea <strong>kansallisesta Finnasta luokitushaulla<\/strong> kuten muitakin hakuteoksia.<\/p>\n\n\n\n<p><strong>Matematiikan historian hakuteoksiin viittaavat seuraavat luokitustunnukset:<\/strong><\/p>\n\n\n\n<ul class=\"wp-block-list\">\n<li>01A05\u00a0 General histories, source books&#8217;<\/li>\n\n\n\n<li>1A70\u00a0 Biographies, obituaries, personalia, bibliographies<\/li>\n\n\n\n<li>01A85\u00a0 Historiography<\/li>\n<\/ul>\n\n\n\n<p>UEF-Primossa voi k\u00e4ytt\u00e4\u00e4 <strong>sanahakua<\/strong>: <em>matematiikka historia<\/em><\/p>\n\n\n\n<p class=\"has-text-align-right\">Seuraava sivu: <a href=\"https:\/\/blogs.uef.fi\/tiedonhaku-matematiikka\/tekoaly-tiedonhaun-apuna\/\">Teko\u00e4ly tiedonhaun apuna<\/a><\/p>\n","protected":false},"excerpt":{"rendered":"<p>Hakuteoksista l\u00f6yt\u00e4\u00e4 helposti k\u00e4sitteit\u00e4 ja niiden m\u00e4\u00e4rityksi\u00e4, perustietoja sek\u00e4 faktoja. Artikkelit ovat usein melko suppeita, mutta hyv\u00e4 l\u00e4ht\u00f6kohta uuteen asiaan tutustumiseen. Hakuteokset voivat olla painettuja tai elektronisia; tietosanakirjoja (ensyklopedioita), k\u00e4sikirjoja, portaaleja, hakemistoja jne. Painetut hakuteokset Painettuja hakuteoksia olisi helppo hakea luokitustunnuksen mukaan. UEF-Primossa ei kuitenkaan voi hakea luokitustunnusta, mutta kansallisessa Finnassa voi. Finna sis\u00e4lt\u00e4\u00e4 my\u00f6s [&hellip;]<\/p>\n","protected":false},"author":127,"featured_media":0,"parent":589,"menu_order":0,"comment_status":"closed","ping_status":"closed","template":"","meta":{"_acf_changed":false,"footnotes":""},"class_list":["post-255","page","type-page","status-publish","hentry"],"acf":[],"yoast_head":"<!-- This site is optimized with the Yoast SEO plugin v27.3 - https:\/\/yoast.com\/product\/yoast-seo-wordpress\/ -->\n<title>Hakuteosten k\u00e4ytt\u00f6 - Matematiikan tiedonhaku \/ UEF kirjasto<\/title>\n<meta name=\"robots\" content=\"index, follow, max-snippet:-1, max-image-preview:large, max-video-preview:-1\" \/>\n<link rel=\"canonical\" href=\"https:\/\/blogs.uef.fi\/tiedonhaku-matematiikka\/hakukoneet\/hakuteosten-kaytto\/\" \/>\n<meta property=\"og:locale\" content=\"fi_FI\" \/>\n<meta property=\"og:type\" content=\"article\" \/>\n<meta property=\"og:title\" content=\"Hakuteosten k\u00e4ytt\u00f6 - Matematiikan tiedonhaku \/ UEF kirjasto\" \/>\n<meta property=\"og:description\" content=\"Hakuteoksista l\u00f6yt\u00e4\u00e4 helposti k\u00e4sitteit\u00e4 ja niiden m\u00e4\u00e4rityksi\u00e4, perustietoja sek\u00e4 faktoja. Artikkelit ovat usein melko suppeita, mutta hyv\u00e4 l\u00e4ht\u00f6kohta uuteen asiaan tutustumiseen. Hakuteokset voivat olla painettuja tai elektronisia; tietosanakirjoja (ensyklopedioita), k\u00e4sikirjoja, portaaleja, hakemistoja jne. Painetut hakuteokset Painettuja hakuteoksia olisi helppo hakea luokitustunnuksen mukaan. UEF-Primossa ei kuitenkaan voi hakea luokitustunnusta, mutta kansallisessa Finnassa voi. Finna sis\u00e4lt\u00e4\u00e4 my\u00f6s [&hellip;]\" \/>\n<meta property=\"og:url\" content=\"https:\/\/blogs.uef.fi\/tiedonhaku-matematiikka\/hakukoneet\/hakuteosten-kaytto\/\" \/>\n<meta property=\"og:site_name\" content=\"Matematiikan tiedonhaku \/ UEF kirjasto\" \/>\n<meta property=\"article:modified_time\" content=\"2024-01-17T13:31:01+00:00\" \/>\n<meta property=\"og:image\" content=\"https:\/\/blogs.uef.fi\/tiedonhaku-matematiikka\/wp-content\/uploads\/sites\/51\/2021\/09\/MAT_finna_luokitus.png\" \/>\n<meta name=\"twitter:card\" content=\"summary_large_image\" \/>\n<meta name=\"twitter:label1\" content=\"Arvioitu lukuaika\" \/>\n\t<meta name=\"twitter:data1\" content=\"3 minuuttia\" \/>\n<script type=\"application\/ld+json\" class=\"yoast-schema-graph\">{\"@context\":\"https:\\\/\\\/schema.org\",\"@graph\":[{\"@type\":\"WebPage\",\"@id\":\"https:\\\/\\\/blogs.uef.fi\\\/tiedonhaku-matematiikka\\\/hakukoneet\\\/hakuteosten-kaytto\\\/\",\"url\":\"https:\\\/\\\/blogs.uef.fi\\\/tiedonhaku-matematiikka\\\/hakukoneet\\\/hakuteosten-kaytto\\\/\",\"name\":\"Hakuteosten k\u00e4ytt\u00f6 - Matematiikan tiedonhaku \\\/ UEF kirjasto\",\"isPartOf\":{\"@id\":\"https:\\\/\\\/blogs.uef.fi\\\/tiedonhaku-matematiikka\\\/#website\"},\"primaryImageOfPage\":{\"@id\":\"https:\\\/\\\/blogs.uef.fi\\\/tiedonhaku-matematiikka\\\/hakukoneet\\\/hakuteosten-kaytto\\\/#primaryimage\"},\"image\":{\"@id\":\"https:\\\/\\\/blogs.uef.fi\\\/tiedonhaku-matematiikka\\\/hakukoneet\\\/hakuteosten-kaytto\\\/#primaryimage\"},\"thumbnailUrl\":\"https:\\\/\\\/blogs.uef.fi\\\/tiedonhaku-matematiikka\\\/wp-content\\\/uploads\\\/sites\\\/51\\\/2021\\\/09\\\/MAT_finna_luokitus.png\",\"datePublished\":\"2015-09-25T11:22:20+00:00\",\"dateModified\":\"2024-01-17T13:31:01+00:00\",\"breadcrumb\":{\"@id\":\"https:\\\/\\\/blogs.uef.fi\\\/tiedonhaku-matematiikka\\\/hakukoneet\\\/hakuteosten-kaytto\\\/#breadcrumb\"},\"inLanguage\":\"fi\",\"potentialAction\":[{\"@type\":\"ReadAction\",\"target\":[\"https:\\\/\\\/blogs.uef.fi\\\/tiedonhaku-matematiikka\\\/hakukoneet\\\/hakuteosten-kaytto\\\/\"]}]},{\"@type\":\"ImageObject\",\"inLanguage\":\"fi\",\"@id\":\"https:\\\/\\\/blogs.uef.fi\\\/tiedonhaku-matematiikka\\\/hakukoneet\\\/hakuteosten-kaytto\\\/#primaryimage\",\"url\":\"https:\\\/\\\/blogs.uef.fi\\\/tiedonhaku-matematiikka\\\/wp-content\\\/uploads\\\/sites\\\/51\\\/2021\\\/09\\\/MAT_finna_luokitus.png\",\"contentUrl\":\"https:\\\/\\\/blogs.uef.fi\\\/tiedonhaku-matematiikka\\\/wp-content\\\/uploads\\\/sites\\\/51\\\/2021\\\/09\\\/MAT_finna_luokitus.png\",\"width\":921,\"height\":648},{\"@type\":\"BreadcrumbList\",\"@id\":\"https:\\\/\\\/blogs.uef.fi\\\/tiedonhaku-matematiikka\\\/hakukoneet\\\/hakuteosten-kaytto\\\/#breadcrumb\",\"itemListElement\":[{\"@type\":\"ListItem\",\"position\":1,\"name\":\"Home\",\"item\":\"https:\\\/\\\/blogs.uef.fi\\\/tiedonhaku-matematiikka\\\/\"},{\"@type\":\"ListItem\",\"position\":2,\"name\":\"Hakukoneet\",\"item\":\"https:\\\/\\\/blogs.uef.fi\\\/tiedonhaku-matematiikka\\\/hakukoneet\\\/\"},{\"@type\":\"ListItem\",\"position\":3,\"name\":\"Hakuteosten k\u00e4ytt\u00f6\"}]},{\"@type\":\"WebSite\",\"@id\":\"https:\\\/\\\/blogs.uef.fi\\\/tiedonhaku-matematiikka\\\/#website\",\"url\":\"https:\\\/\\\/blogs.uef.fi\\\/tiedonhaku-matematiikka\\\/\",\"name\":\"Matematiikan tiedonhaku \\\/ UEF kirjasto\",\"description\":\"Matematiikan tiedonhaku on kattava oppimateriaali tiedonhakuun matemaatikoille. Se sis\u00e4lt\u00e4\u00e4 yleiset tiedonhaun tekniikat sek\u00e4 kemian alan tiedonl\u00e4hteet ohjeineen ja esimerkkeineen.\",\"potentialAction\":[{\"@type\":\"SearchAction\",\"target\":{\"@type\":\"EntryPoint\",\"urlTemplate\":\"https:\\\/\\\/blogs.uef.fi\\\/tiedonhaku-matematiikka\\\/?s={search_term_string}\"},\"query-input\":{\"@type\":\"PropertyValueSpecification\",\"valueRequired\":true,\"valueName\":\"search_term_string\"}}],\"inLanguage\":\"fi\"}]}<\/script>\n<!-- \/ Yoast SEO plugin. -->","yoast_head_json":{"title":"Hakuteosten k\u00e4ytt\u00f6 - Matematiikan tiedonhaku \/ UEF kirjasto","robots":{"index":"index","follow":"follow","max-snippet":"max-snippet:-1","max-image-preview":"max-image-preview:large","max-video-preview":"max-video-preview:-1"},"canonical":"https:\/\/blogs.uef.fi\/tiedonhaku-matematiikka\/hakukoneet\/hakuteosten-kaytto\/","og_locale":"fi_FI","og_type":"article","og_title":"Hakuteosten k\u00e4ytt\u00f6 - Matematiikan tiedonhaku \/ UEF kirjasto","og_description":"Hakuteoksista l\u00f6yt\u00e4\u00e4 helposti k\u00e4sitteit\u00e4 ja niiden m\u00e4\u00e4rityksi\u00e4, perustietoja sek\u00e4 faktoja. Artikkelit ovat usein melko suppeita, mutta hyv\u00e4 l\u00e4ht\u00f6kohta uuteen asiaan tutustumiseen. Hakuteokset voivat olla painettuja tai elektronisia; tietosanakirjoja (ensyklopedioita), k\u00e4sikirjoja, portaaleja, hakemistoja jne. Painetut hakuteokset Painettuja hakuteoksia olisi helppo hakea luokitustunnuksen mukaan. UEF-Primossa ei kuitenkaan voi hakea luokitustunnusta, mutta kansallisessa Finnassa voi. Finna sis\u00e4lt\u00e4\u00e4 my\u00f6s [&hellip;]","og_url":"https:\/\/blogs.uef.fi\/tiedonhaku-matematiikka\/hakukoneet\/hakuteosten-kaytto\/","og_site_name":"Matematiikan tiedonhaku \/ UEF kirjasto","article_modified_time":"2024-01-17T13:31:01+00:00","og_image":[{"url":"https:\/\/blogs.uef.fi\/tiedonhaku-matematiikka\/wp-content\/uploads\/sites\/51\/2021\/09\/MAT_finna_luokitus.png","type":"","width":"","height":""}],"twitter_card":"summary_large_image","twitter_misc":{"Arvioitu lukuaika":"3 minuuttia"},"schema":{"@context":"https:\/\/schema.org","@graph":[{"@type":"WebPage","@id":"https:\/\/blogs.uef.fi\/tiedonhaku-matematiikka\/hakukoneet\/hakuteosten-kaytto\/","url":"https:\/\/blogs.uef.fi\/tiedonhaku-matematiikka\/hakukoneet\/hakuteosten-kaytto\/","name":"Hakuteosten k\u00e4ytt\u00f6 - Matematiikan tiedonhaku \/ UEF kirjasto","isPartOf":{"@id":"https:\/\/blogs.uef.fi\/tiedonhaku-matematiikka\/#website"},"primaryImageOfPage":{"@id":"https:\/\/blogs.uef.fi\/tiedonhaku-matematiikka\/hakukoneet\/hakuteosten-kaytto\/#primaryimage"},"image":{"@id":"https:\/\/blogs.uef.fi\/tiedonhaku-matematiikka\/hakukoneet\/hakuteosten-kaytto\/#primaryimage"},"thumbnailUrl":"https:\/\/blogs.uef.fi\/tiedonhaku-matematiikka\/wp-content\/uploads\/sites\/51\/2021\/09\/MAT_finna_luokitus.png","datePublished":"2015-09-25T11:22:20+00:00","dateModified":"2024-01-17T13:31:01+00:00","breadcrumb":{"@id":"https:\/\/blogs.uef.fi\/tiedonhaku-matematiikka\/hakukoneet\/hakuteosten-kaytto\/#breadcrumb"},"inLanguage":"fi","potentialAction":[{"@type":"ReadAction","target":["https:\/\/blogs.uef.fi\/tiedonhaku-matematiikka\/hakukoneet\/hakuteosten-kaytto\/"]}]},{"@type":"ImageObject","inLanguage":"fi","@id":"https:\/\/blogs.uef.fi\/tiedonhaku-matematiikka\/hakukoneet\/hakuteosten-kaytto\/#primaryimage","url":"https:\/\/blogs.uef.fi\/tiedonhaku-matematiikka\/wp-content\/uploads\/sites\/51\/2021\/09\/MAT_finna_luokitus.png","contentUrl":"https:\/\/blogs.uef.fi\/tiedonhaku-matematiikka\/wp-content\/uploads\/sites\/51\/2021\/09\/MAT_finna_luokitus.png","width":921,"height":648},{"@type":"BreadcrumbList","@id":"https:\/\/blogs.uef.fi\/tiedonhaku-matematiikka\/hakukoneet\/hakuteosten-kaytto\/#breadcrumb","itemListElement":[{"@type":"ListItem","position":1,"name":"Home","item":"https:\/\/blogs.uef.fi\/tiedonhaku-matematiikka\/"},{"@type":"ListItem","position":2,"name":"Hakukoneet","item":"https:\/\/blogs.uef.fi\/tiedonhaku-matematiikka\/hakukoneet\/"},{"@type":"ListItem","position":3,"name":"Hakuteosten k\u00e4ytt\u00f6"}]},{"@type":"WebSite","@id":"https:\/\/blogs.uef.fi\/tiedonhaku-matematiikka\/#website","url":"https:\/\/blogs.uef.fi\/tiedonhaku-matematiikka\/","name":"Matematiikan tiedonhaku \/ UEF kirjasto","description":"Matematiikan tiedonhaku on kattava oppimateriaali tiedonhakuun matemaatikoille. Se sis\u00e4lt\u00e4\u00e4 yleiset tiedonhaun tekniikat sek\u00e4 kemian alan tiedonl\u00e4hteet ohjeineen ja esimerkkeineen.","potentialAction":[{"@type":"SearchAction","target":{"@type":"EntryPoint","urlTemplate":"https:\/\/blogs.uef.fi\/tiedonhaku-matematiikka\/?s={search_term_string}"},"query-input":{"@type":"PropertyValueSpecification","valueRequired":true,"valueName":"search_term_string"}}],"inLanguage":"fi"}]}},"_links":{"self":[{"href":"https:\/\/blogs.uef.fi\/tiedonhaku-matematiikka\/wp-json\/wp\/v2\/pages\/255","targetHints":{"allow":["GET"]}}],"collection":[{"href":"https:\/\/blogs.uef.fi\/tiedonhaku-matematiikka\/wp-json\/wp\/v2\/pages"}],"about":[{"href":"https:\/\/blogs.uef.fi\/tiedonhaku-matematiikka\/wp-json\/wp\/v2\/types\/page"}],"author":[{"embeddable":true,"href":"https:\/\/blogs.uef.fi\/tiedonhaku-matematiikka\/wp-json\/wp\/v2\/users\/127"}],"replies":[{"embeddable":true,"href":"https:\/\/blogs.uef.fi\/tiedonhaku-matematiikka\/wp-json\/wp\/v2\/comments?post=255"}],"version-history":[{"count":1,"href":"https:\/\/blogs.uef.fi\/tiedonhaku-matematiikka\/wp-json\/wp\/v2\/pages\/255\/revisions"}],"predecessor-version":[{"id":2813,"href":"https:\/\/blogs.uef.fi\/tiedonhaku-matematiikka\/wp-json\/wp\/v2\/pages\/255\/revisions\/2813"}],"up":[{"embeddable":true,"href":"https:\/\/blogs.uef.fi\/tiedonhaku-matematiikka\/wp-json\/wp\/v2\/pages\/589"}],"wp:attachment":[{"href":"https:\/\/blogs.uef.fi\/tiedonhaku-matematiikka\/wp-json\/wp\/v2\/media?parent=255"}],"curies":[{"name":"wp","href":"https:\/\/api.w.org\/{rel}","templated":true}]}}