{"id":238,"date":"2015-09-18T11:13:04","date_gmt":"2015-09-18T11:13:04","guid":{"rendered":"https:\/\/ueflibrarymat.wordpress.com\/?page_id=238"},"modified":"2023-09-14T14:53:41","modified_gmt":"2023-09-14T11:53:41","slug":"kayttooikeudet","status":"publish","type":"page","link":"https:\/\/blogs.uef.fi\/tiedonhaku-matematiikka\/hakutulokset\/kayttooikeudet\/","title":{"rendered":"K\u00e4ytt\u00f6oikeudet"},"content":{"rendered":"\n<p>Tekij\u00e4noikeuksien&nbsp; lis\u00e4ksi aineistojen k\u00e4ytt\u00f6\u00e4 s\u00e4\u00e4telev\u00e4t kustantajien ja aineiston tarjoajien oikeudet. N\u00e4m\u00e4 liittyv\u00e4t <strong>k\u00e4ytt\u00f6tarkoitukseen, tallentamiseen ja aineistojen jakamiseen<\/strong> edelleen.<\/p>\n\n\n\n<h2 class=\"wp-block-heading\">Hankittujen e-aineistojen k\u00e4ytt\u00f6oikeudet<\/h2>\n\n\n\n<h3 class=\"wp-block-heading\">Mit\u00e4 saa tehd\u00e4?<\/h3>\n\n\n\n<ul class=\"wp-block-list\">\n<li>k\u00e4ytt\u00e4\u00e4 opiskeluun ja tutkimukseen<\/li>\n\n\n\n<li>kohtuullisessa m\u00e4\u00e4rin tulostaa paperille ja tallentaa tiedostoon hakutuloksia ja artikkeleita<\/li>\n\n\n\n<li>tulostaa tai tallentaa osia e-kirjoista<\/li>\n\n\n\n<li>l\u00e4hett\u00e4\u00e4 yksitt\u00e4isi\u00e4 tiedostoja s\u00e4hk\u00f6isesti kollegalle h\u00e4nen omaan tutkimusk\u00e4ytt\u00f6\u00f6ns\u00e4, \u201dtieteellisen kommunikaation nimiss\u00e4\u201d<\/li>\n\n\n\n<li>tehd\u00e4 oppimisymp\u00e4rist\u00f6\u00f6n tai verkkosivuille linkin artikkeliin, e-kirjaan tms.<\/li>\n<\/ul>\n\n\n\n<h3 class=\"wp-block-heading\">Mit\u00e4 ei saa tehd\u00e4?<\/h3>\n\n\n\n<ul class=\"wp-block-list\">\n<li>k\u00e4ytt\u00e4\u00e4 kaupallisiin tarkoituksiin<\/li>\n\n\n\n<li>tallentaa hakutuloksia suuria m\u00e4\u00e4ri\u00e4 j\u00e4rjestelm\u00e4llisesti<\/li>\n\n\n\n<li>tallentaa tai tulostaa kokonaista e-kirjaa<\/li>\n\n\n\n<li>jakaa aineistoa muille kuin sen k\u00e4ytt\u00f6\u00f6n oikeutetuille<\/li>\n\n\n\n<li>tallentaa alkuper\u00e4ist\u00e4 artikkelia (esim. pdf) ja muita vastaavia e-aineistoja oppimisymp\u00e4rist\u00f6\u00f6n tai verkkosivuille<\/li>\n<\/ul>\n\n\n\n<h2 class=\"wp-block-heading\">Kuka saa k\u00e4ytt\u00e4\u00e4?<\/h2>\n\n\n\n<ul class=\"wp-block-list\">\n<li>Ostetut elektroniset aineistot ovat It\u00e4-Suomen yliopiston <strong>perus- ja jatko-opiskelijoiden sek\u00e4 henkil\u00f6kunnan<\/strong> k\u00e4ytett\u00e4viss\u00e4 yliopiston verkossa sek\u00e4 et\u00e4yhteydell\u00e4 muualtakin.<\/li>\n\n\n\n<li><strong>Ulkopuoliset asiakkaat<\/strong> saavat k\u00e4ytt\u00e4\u00e4 aineistoja kirjaston toimipisteiss\u00e4.<\/li>\n<\/ul>\n\n\n\n<p class=\"has-text-align-center\">&nbsp;<\/p>\n\n\n\n<p class=\"has-text-align-right\">T\u00e4m\u00e4 on viimeinen sivu.<br>Palaa <a href=\"https:\/\/blogs.uef.fi\/tiedonhaku-matematiikka\/\">etusivulle.<\/a><\/p>\n","protected":false},"excerpt":{"rendered":"<p>Tekij\u00e4noikeuksien&nbsp; lis\u00e4ksi aineistojen k\u00e4ytt\u00f6\u00e4 s\u00e4\u00e4telev\u00e4t kustantajien ja aineiston tarjoajien oikeudet. N\u00e4m\u00e4 liittyv\u00e4t k\u00e4ytt\u00f6tarkoitukseen, tallentamiseen ja aineistojen jakamiseen edelleen. Hankittujen e-aineistojen k\u00e4ytt\u00f6oikeudet Mit\u00e4 saa tehd\u00e4? Mit\u00e4 ei saa tehd\u00e4? Kuka saa k\u00e4ytt\u00e4\u00e4? &nbsp; T\u00e4m\u00e4 on viimeinen sivu.Palaa etusivulle.<\/p>\n","protected":false},"author":127,"featured_media":0,"parent":593,"menu_order":5,"comment_status":"closed","ping_status":"closed","template":"","meta":{"_acf_changed":false,"footnotes":""},"class_list":["post-238","page","type-page","status-publish","hentry"],"acf":[],"yoast_head":"<!-- This site is optimized with the Yoast SEO plugin v27.1.1 - https:\/\/yoast.com\/product\/yoast-seo-wordpress\/ -->\n<title>K\u00e4ytt\u00f6oikeudet - Matematiikan tiedonhaku \/ UEF kirjasto<\/title>\n<meta name=\"robots\" content=\"index, follow, max-snippet:-1, max-image-preview:large, max-video-preview:-1\" \/>\n<link rel=\"canonical\" href=\"https:\/\/blogs.uef.fi\/tiedonhaku-matematiikka\/hakutulokset\/kayttooikeudet\/\" \/>\n<meta property=\"og:locale\" content=\"fi_FI\" \/>\n<meta property=\"og:type\" content=\"article\" \/>\n<meta property=\"og:title\" content=\"K\u00e4ytt\u00f6oikeudet - Matematiikan tiedonhaku \/ UEF kirjasto\" \/>\n<meta property=\"og:description\" content=\"Tekij\u00e4noikeuksien&nbsp; lis\u00e4ksi aineistojen k\u00e4ytt\u00f6\u00e4 s\u00e4\u00e4telev\u00e4t kustantajien ja aineiston tarjoajien oikeudet. N\u00e4m\u00e4 liittyv\u00e4t k\u00e4ytt\u00f6tarkoitukseen, tallentamiseen ja aineistojen jakamiseen edelleen. Hankittujen e-aineistojen k\u00e4ytt\u00f6oikeudet Mit\u00e4 saa tehd\u00e4? Mit\u00e4 ei saa tehd\u00e4? Kuka saa k\u00e4ytt\u00e4\u00e4? &nbsp; T\u00e4m\u00e4 on viimeinen sivu.Palaa etusivulle.\" \/>\n<meta property=\"og:url\" content=\"https:\/\/blogs.uef.fi\/tiedonhaku-matematiikka\/hakutulokset\/kayttooikeudet\/\" \/>\n<meta property=\"og:site_name\" content=\"Matematiikan tiedonhaku \/ UEF kirjasto\" \/>\n<meta property=\"article:modified_time\" content=\"2023-09-14T11:53:41+00:00\" \/>\n<meta name=\"twitter:card\" content=\"summary_large_image\" \/>\n<meta name=\"twitter:label1\" content=\"Arvioitu lukuaika\" \/>\n\t<meta name=\"twitter:data1\" content=\"1 minuutti\" \/>\n<script type=\"application\/ld+json\" class=\"yoast-schema-graph\">{\"@context\":\"https:\/\/schema.org\",\"@graph\":[{\"@type\":\"WebPage\",\"@id\":\"https:\/\/blogs.uef.fi\/tiedonhaku-matematiikka\/hakutulokset\/kayttooikeudet\/\",\"url\":\"https:\/\/blogs.uef.fi\/tiedonhaku-matematiikka\/hakutulokset\/kayttooikeudet\/\",\"name\":\"K\u00e4ytt\u00f6oikeudet - Matematiikan tiedonhaku \/ UEF kirjasto\",\"isPartOf\":{\"@id\":\"https:\/\/blogs.uef.fi\/tiedonhaku-matematiikka\/#website\"},\"datePublished\":\"2015-09-18T11:13:04+00:00\",\"dateModified\":\"2023-09-14T11:53:41+00:00\",\"breadcrumb\":{\"@id\":\"https:\/\/blogs.uef.fi\/tiedonhaku-matematiikka\/hakutulokset\/kayttooikeudet\/#breadcrumb\"},\"inLanguage\":\"fi\",\"potentialAction\":[{\"@type\":\"ReadAction\",\"target\":[\"https:\/\/blogs.uef.fi\/tiedonhaku-matematiikka\/hakutulokset\/kayttooikeudet\/\"]}]},{\"@type\":\"BreadcrumbList\",\"@id\":\"https:\/\/blogs.uef.fi\/tiedonhaku-matematiikka\/hakutulokset\/kayttooikeudet\/#breadcrumb\",\"itemListElement\":[{\"@type\":\"ListItem\",\"position\":1,\"name\":\"Home\",\"item\":\"https:\/\/blogs.uef.fi\/tiedonhaku-matematiikka\/\"},{\"@type\":\"ListItem\",\"position\":2,\"name\":\"Hakutulokset\",\"item\":\"https:\/\/blogs.uef.fi\/tiedonhaku-matematiikka\/hakutulokset\/\"},{\"@type\":\"ListItem\",\"position\":3,\"name\":\"K\u00e4ytt\u00f6oikeudet\"}]},{\"@type\":\"WebSite\",\"@id\":\"https:\/\/blogs.uef.fi\/tiedonhaku-matematiikka\/#website\",\"url\":\"https:\/\/blogs.uef.fi\/tiedonhaku-matematiikka\/\",\"name\":\"Matematiikan tiedonhaku \/ UEF kirjasto\",\"description\":\"Matematiikan tiedonhaku on kattava oppimateriaali tiedonhakuun matemaatikoille. Se sis\u00e4lt\u00e4\u00e4 yleiset tiedonhaun tekniikat sek\u00e4 kemian alan tiedonl\u00e4hteet ohjeineen ja esimerkkeineen.\",\"potentialAction\":[{\"@type\":\"SearchAction\",\"target\":{\"@type\":\"EntryPoint\",\"urlTemplate\":\"https:\/\/blogs.uef.fi\/tiedonhaku-matematiikka\/?s={search_term_string}\"},\"query-input\":{\"@type\":\"PropertyValueSpecification\",\"valueRequired\":true,\"valueName\":\"search_term_string\"}}],\"inLanguage\":\"fi\"}]}<\/script>\n<!-- \/ Yoast SEO plugin. -->","yoast_head_json":{"title":"K\u00e4ytt\u00f6oikeudet - Matematiikan tiedonhaku \/ UEF kirjasto","robots":{"index":"index","follow":"follow","max-snippet":"max-snippet:-1","max-image-preview":"max-image-preview:large","max-video-preview":"max-video-preview:-1"},"canonical":"https:\/\/blogs.uef.fi\/tiedonhaku-matematiikka\/hakutulokset\/kayttooikeudet\/","og_locale":"fi_FI","og_type":"article","og_title":"K\u00e4ytt\u00f6oikeudet - Matematiikan tiedonhaku \/ UEF kirjasto","og_description":"Tekij\u00e4noikeuksien&nbsp; lis\u00e4ksi aineistojen k\u00e4ytt\u00f6\u00e4 s\u00e4\u00e4telev\u00e4t kustantajien ja aineiston tarjoajien oikeudet. N\u00e4m\u00e4 liittyv\u00e4t k\u00e4ytt\u00f6tarkoitukseen, tallentamiseen ja aineistojen jakamiseen edelleen. Hankittujen e-aineistojen k\u00e4ytt\u00f6oikeudet Mit\u00e4 saa tehd\u00e4? Mit\u00e4 ei saa tehd\u00e4? Kuka saa k\u00e4ytt\u00e4\u00e4? &nbsp; T\u00e4m\u00e4 on viimeinen sivu.Palaa etusivulle.","og_url":"https:\/\/blogs.uef.fi\/tiedonhaku-matematiikka\/hakutulokset\/kayttooikeudet\/","og_site_name":"Matematiikan tiedonhaku \/ UEF kirjasto","article_modified_time":"2023-09-14T11:53:41+00:00","twitter_card":"summary_large_image","twitter_misc":{"Arvioitu lukuaika":"1 minuutti"},"schema":{"@context":"https:\/\/schema.org","@graph":[{"@type":"WebPage","@id":"https:\/\/blogs.uef.fi\/tiedonhaku-matematiikka\/hakutulokset\/kayttooikeudet\/","url":"https:\/\/blogs.uef.fi\/tiedonhaku-matematiikka\/hakutulokset\/kayttooikeudet\/","name":"K\u00e4ytt\u00f6oikeudet - Matematiikan tiedonhaku \/ UEF kirjasto","isPartOf":{"@id":"https:\/\/blogs.uef.fi\/tiedonhaku-matematiikka\/#website"},"datePublished":"2015-09-18T11:13:04+00:00","dateModified":"2023-09-14T11:53:41+00:00","breadcrumb":{"@id":"https:\/\/blogs.uef.fi\/tiedonhaku-matematiikka\/hakutulokset\/kayttooikeudet\/#breadcrumb"},"inLanguage":"fi","potentialAction":[{"@type":"ReadAction","target":["https:\/\/blogs.uef.fi\/tiedonhaku-matematiikka\/hakutulokset\/kayttooikeudet\/"]}]},{"@type":"BreadcrumbList","@id":"https:\/\/blogs.uef.fi\/tiedonhaku-matematiikka\/hakutulokset\/kayttooikeudet\/#breadcrumb","itemListElement":[{"@type":"ListItem","position":1,"name":"Home","item":"https:\/\/blogs.uef.fi\/tiedonhaku-matematiikka\/"},{"@type":"ListItem","position":2,"name":"Hakutulokset","item":"https:\/\/blogs.uef.fi\/tiedonhaku-matematiikka\/hakutulokset\/"},{"@type":"ListItem","position":3,"name":"K\u00e4ytt\u00f6oikeudet"}]},{"@type":"WebSite","@id":"https:\/\/blogs.uef.fi\/tiedonhaku-matematiikka\/#website","url":"https:\/\/blogs.uef.fi\/tiedonhaku-matematiikka\/","name":"Matematiikan tiedonhaku \/ UEF kirjasto","description":"Matematiikan tiedonhaku on kattava oppimateriaali tiedonhakuun matemaatikoille. Se sis\u00e4lt\u00e4\u00e4 yleiset tiedonhaun tekniikat sek\u00e4 kemian alan tiedonl\u00e4hteet ohjeineen ja esimerkkeineen.","potentialAction":[{"@type":"SearchAction","target":{"@type":"EntryPoint","urlTemplate":"https:\/\/blogs.uef.fi\/tiedonhaku-matematiikka\/?s={search_term_string}"},"query-input":{"@type":"PropertyValueSpecification","valueRequired":true,"valueName":"search_term_string"}}],"inLanguage":"fi"}]}},"_links":{"self":[{"href":"https:\/\/blogs.uef.fi\/tiedonhaku-matematiikka\/wp-json\/wp\/v2\/pages\/238","targetHints":{"allow":["GET"]}}],"collection":[{"href":"https:\/\/blogs.uef.fi\/tiedonhaku-matematiikka\/wp-json\/wp\/v2\/pages"}],"about":[{"href":"https:\/\/blogs.uef.fi\/tiedonhaku-matematiikka\/wp-json\/wp\/v2\/types\/page"}],"author":[{"embeddable":true,"href":"https:\/\/blogs.uef.fi\/tiedonhaku-matematiikka\/wp-json\/wp\/v2\/users\/127"}],"replies":[{"embeddable":true,"href":"https:\/\/blogs.uef.fi\/tiedonhaku-matematiikka\/wp-json\/wp\/v2\/comments?post=238"}],"version-history":[{"count":2,"href":"https:\/\/blogs.uef.fi\/tiedonhaku-matematiikka\/wp-json\/wp\/v2\/pages\/238\/revisions"}],"predecessor-version":[{"id":2475,"href":"https:\/\/blogs.uef.fi\/tiedonhaku-matematiikka\/wp-json\/wp\/v2\/pages\/238\/revisions\/2475"}],"up":[{"embeddable":true,"href":"https:\/\/blogs.uef.fi\/tiedonhaku-matematiikka\/wp-json\/wp\/v2\/pages\/593"}],"wp:attachment":[{"href":"https:\/\/blogs.uef.fi\/tiedonhaku-matematiikka\/wp-json\/wp\/v2\/media?parent=238"}],"curies":[{"name":"wp","href":"https:\/\/api.w.org\/{rel}","templated":true}]}}