{"id":233,"date":"2015-09-18T11:04:30","date_gmt":"2015-09-18T11:04:30","guid":{"rendered":"https:\/\/ueflibrarymat.wordpress.com\/?page_id=233"},"modified":"2024-01-26T11:01:39","modified_gmt":"2024-01-26T09:01:39","slug":"tallentaminen","status":"publish","type":"page","link":"https:\/\/blogs.uef.fi\/tiedonhaku-matematiikka\/hakutulokset\/tallentaminen\/","title":{"rendered":"Tulosten tallentaminen"},"content":{"rendered":"\n<p>Tietokannoissa on mahdollista tallentaa kulloinkin tehdyt haut ja niiden tulokset <strong>hakuhistorian (Search history)<\/strong> kautta. Tallentaminen edellytt\u00e4\u00e4 oman k\u00e4ytt\u00e4j\u00e4tunnuksen luomista. Monissa tietokannoissa hakuhistoria on n\u00e4kyvill\u00e4 koko istunnon ajan ilman erillist\u00e4 k\u00e4ytt\u00e4j\u00e4tunnusta ja kirjautumista.<\/p>\n\n\n\n<figure class=\"wp-block-image size-full\"><img loading=\"lazy\" decoding=\"async\" width=\"1347\" height=\"712\" src=\"https:\/\/blogs.uef.fi\/tiedonhaku-matematiikka\/wp-content\/uploads\/sites\/51\/2024\/01\/hakuhistoriat.png\" alt=\"Kuvakappaukset kolmesta tietokannasta. Punainen rinkula osoittaa hakuhistorian paikan. Scopus: Search-sivun alalaita. Web of Science: vasen toimintopalkki, kolmas kuvake (kello-ikoni). ProQuest: toinen toimintorivi ylh\u00e4\u00e4ll\u00e4, kohta Recent searches.\" class=\"wp-image-2881\" srcset=\"https:\/\/blogs.uef.fi\/tiedonhaku-matematiikka\/wp-content\/uploads\/sites\/51\/2024\/01\/hakuhistoriat.png 1347w, https:\/\/blogs.uef.fi\/tiedonhaku-matematiikka\/wp-content\/uploads\/sites\/51\/2024\/01\/hakuhistoriat-300x159.png 300w, https:\/\/blogs.uef.fi\/tiedonhaku-matematiikka\/wp-content\/uploads\/sites\/51\/2024\/01\/hakuhistoriat-1024x541.png 1024w, https:\/\/blogs.uef.fi\/tiedonhaku-matematiikka\/wp-content\/uploads\/sites\/51\/2024\/01\/hakuhistoriat-768x406.png 768w\" sizes=\"auto, (max-width: 1347px) 100vw, 1347px\" \/><figcaption class=\"wp-element-caption\"><em>Hakuhistorioiden paikat Scopus, Web of Science- ja Proquest-tietokannoissa. Mathscinet-tietokannassa hakuhistoria kertyy hakulomakkeen alle, kuten Scopus-tietokannassa.<\/em><\/figcaption><\/figure>\n\n\n\n<p>Hakujen tuloksia voi my\u00f6s tulostaa, l\u00e4hett\u00e4\u00e4 s\u00e4hk\u00f6postilla itselleen tai muille, tai siirt\u00e4\u00e4 toiseen ohjelmaan, esimerkiksi viitteidenhallintaohjelmaan tai Exceliin. T\u00e4m\u00e4 ei vaadi erillist\u00e4 k\u00e4ytt\u00e4j\u00e4tunnusta.<\/p>\n\n\n\n<h2 class=\"wp-block-heading\">Viitteidenhallintaohjelma s\u00e4ilytt\u00e4\u00e4 l\u00f6yt\u00e4m\u00e4si julkaisut<\/h2>\n\n\n\n<p>Kun tekee hakuja useissa eri tietokannoissa, on k\u00e4tev\u00e4\u00e4 koota halutut tietueet yhteen paikkaan k\u00e4ytt\u00f6\u00e4 odottamaan. Viitteidenhallintaohjelmat on t\u00e4llaisia tallennusalustoja.<\/p>\n\n\n\n<p>K\u00e4ytett\u00e4vi\u00e4 viitteidenhallintaohjelmia on useita, esimerkiksi Zotero ja Mendeley. <\/p>\n\n\n\n<h3 class=\"wp-block-heading\">Tietojen siirto tietokannoista<\/h3>\n\n\n\n<p>Joissakin tietokannoissa on suora linkki viitteiden siirt\u00e4miseksi tiettyyn viitteidenhallintaohjelmaan. Jos sellaista ei ole, voidaan k\u00e4ytt\u00e4\u00e4 tallennusta tiedostoksi. <\/p>\n\n\n\n<p>MathSciNetissa toiminto l\u00f6ytyy linkin Export alta. Valitaan joko yksitt\u00e4iset tietueet tai koko sivu (Select all) ja tietojen siirtomuodoksi valitaan BibTex.<\/p>\n\n\n\n<figure class=\"wp-block-image size-full\"><img loading=\"lazy\" decoding=\"async\" width=\"851\" height=\"631\" src=\"https:\/\/blogs.uef.fi\/tiedonhaku-matematiikka\/wp-content\/uploads\/sites\/51\/2023\/09\/MAT_export.png\" alt=\"Kuvakaappaus MathSciNet-tietokannasta. N\u00e4kyvill\u00e4 listaus artikkeleista, joissa valintaruutu on klikattuna aktiiviseksi. Korostettuna linkki Export sek\u00e4 valinta BibTex toimintokuvakkeen Get citations vieress\u00e4.\" class=\"wp-image-2521\" srcset=\"https:\/\/blogs.uef.fi\/tiedonhaku-matematiikka\/wp-content\/uploads\/sites\/51\/2023\/09\/MAT_export.png 851w, https:\/\/blogs.uef.fi\/tiedonhaku-matematiikka\/wp-content\/uploads\/sites\/51\/2023\/09\/MAT_export-300x222.png 300w, https:\/\/blogs.uef.fi\/tiedonhaku-matematiikka\/wp-content\/uploads\/sites\/51\/2023\/09\/MAT_export-768x569.png 768w\" sizes=\"auto, (max-width: 851px) 100vw, 851px\" \/><figcaption class=\"wp-element-caption\">Kun painetaan toimintoa &#8217;Get citations&#8217;, voidaan kopioida tiedot leikep\u00f6yd\u00e4lle. T\u00e4m\u00e4n j\u00e4lkeen aukaistaan Zotero-ohjelma ja k\u00e4ytet\u00e4\u00e4n toimintoa File &#8211; Import from clipboard.<\/figcaption><\/figure>\n\n\n\n<p>Muissa tietokannoissa l\u00e4hdet\u00e4\u00e4n liikkeelle my\u00f6s Export-linkin kautta ja tiedosto tallennetaan .ris -formaattiin. Tiedosto voidaan sitten tuoda viitteidenhallintaohjelmaan Import-toiminnolla.<\/p>\n\n\n\n<p>Viitteidenhallintaohjelmaan siirret\u00e4\u00e4n varsinaisesti vain julkaisun viitetiedot, mutta artikkelin voi liitt\u00e4\u00e4 tiedostona mukaan j\u00e4lkeenp\u00e4in.<\/p>\n\n\n\n<p>Zotero-viitteidenhallintaohjelmassa selaimeen voi liitt\u00e4\u00e4 lis\u00e4osan Zotero Connector, joka vie n\u00e4yt\u00f6ll\u00e4 n\u00e4kyv\u00e4t tulokset suoraan Zoteroon. Kyseess\u00e4 voi olla tuloslistaus, kuten kuvassa, yksitt\u00e4inen viite tai vaikkapa nettisivu.<\/p>\n\n\n\n<figure class=\"wp-block-image size-full\"><img loading=\"lazy\" decoding=\"async\" width=\"1070\" height=\"483\" src=\"https:\/\/blogs.uef.fi\/tiedonhaku-matematiikka\/wp-content\/uploads\/sites\/51\/2022\/08\/MAT_zotero.png\" alt=\"Kuvakaappaus. N\u00e4kyvilla lista tietokantahaun tuloksia. Firefox-selaimen oikeasta yl\u00e4kulmasta on ympyr\u00f6ity keltainen kansio-kuvake. Kuvakkeesta nuoli Zoterosta leikattuun kuvaan, jossa sivun tulokset n\u00e4kyv\u00e4t tiiviin\u00e4 listana. Listan otsikko: Select which items you\u2019d like to add to your library. Selitt\u00e4v\u00e4 teksti: Zotero connectorin avulla voi vied\u00e4 n\u00e4yt\u00f6ll\u00e4 n\u00e4kyv\u00e4t tulokset helposti talteen.\" class=\"wp-image-1788\" style=\"object-fit:cover\" srcset=\"https:\/\/blogs.uef.fi\/tiedonhaku-matematiikka\/wp-content\/uploads\/sites\/51\/2022\/08\/MAT_zotero.png 1070w, https:\/\/blogs.uef.fi\/tiedonhaku-matematiikka\/wp-content\/uploads\/sites\/51\/2022\/08\/MAT_zotero-300x135.png 300w, https:\/\/blogs.uef.fi\/tiedonhaku-matematiikka\/wp-content\/uploads\/sites\/51\/2022\/08\/MAT_zotero-1024x462.png 1024w, https:\/\/blogs.uef.fi\/tiedonhaku-matematiikka\/wp-content\/uploads\/sites\/51\/2022\/08\/MAT_zotero-768x347.png 768w\" sizes=\"auto, (max-width: 1070px) 100vw, 1070px\" \/><figcaption class=\"wp-element-caption\"><em>Lis\u00e4osa n\u00e4kyy selaimessa pienen\u00e4 kuvakkeena, jonka ulkoasu vaihtelee hieman. T\u00e4ss\u00e4 esimerkiss\u00e4 se on keltainen kansio.<\/em><\/figcaption><\/figure>\n\n\n\n<p>Viitteidenhallintaohjelman avulla on my\u00f6s k\u00e4tev\u00e4\u00e4 tarkistaa, onko kyseinen viite jo ennest\u00e4\u00e4n tallessa \u2013 n\u00e4in sinun ei tarvitse mietti\u00e4 asiaa, kun valitset tuloksia siirrett\u00e4v\u00e4ksi tietokannassa.<\/p>\n\n\n\n<p>Lue kirjaston kotisivulta lis\u00e4\u00e4 <a href=\"https:\/\/www.uef.fi\/fi\/kirjasto\/lahdeviitteet#paragraph-13098\" target=\"_blank\" rel=\"noreferrer noopener\">Zotero- ja Mendeley-ohjelmista<\/a>.<\/p>\n\n\n\n<h3 class=\"wp-block-heading\">Tee l\u00e4hdeluettelo viitteidenhallintaohjelmassa<\/h3>\n\n\n\n<p>Paitsi s\u00e4il\u00f6\u00e4 hakujen tuloksia, <strong>viitteidenhallintaohjelman avulla voidaan my\u00f6s tehd\u00e4 valmiita l\u00e4hdeluetteloita<\/strong>. L\u00e4hdeluettelon muoto voidaan valita valmiista malleista tai tehd\u00e4 itse. L\u00e4hdeluettelon voi siirt\u00e4\u00e4 tekstink\u00e4sittelyohjelmaan, my\u00f6s Latexiin.<\/p>\n\n\n\n<p class=\"has-text-align-right\">Seuraava sivu: <a href=\"https:\/\/blogs.uef.fi\/tiedonhaku-matematiikka\/viittaaminen-2\/\">Viittaaminen ja tekij\u00e4noikeus<\/a><\/p>\n","protected":false},"excerpt":{"rendered":"<p>Tietokannoissa on mahdollista tallentaa kulloinkin tehdyt haut ja niiden tulokset hakuhistorian (Search history) kautta. Tallentaminen edellytt\u00e4\u00e4 oman k\u00e4ytt\u00e4j\u00e4tunnuksen luomista. Monissa tietokannoissa hakuhistoria on n\u00e4kyvill\u00e4 koko istunnon ajan ilman erillist\u00e4 k\u00e4ytt\u00e4j\u00e4tunnusta ja kirjautumista. Hakujen tuloksia voi my\u00f6s tulostaa, l\u00e4hett\u00e4\u00e4 s\u00e4hk\u00f6postilla itselleen tai muille, tai siirt\u00e4\u00e4 toiseen ohjelmaan, esimerkiksi viitteidenhallintaohjelmaan tai Exceliin. T\u00e4m\u00e4 ei vaadi erillist\u00e4 k\u00e4ytt\u00e4j\u00e4tunnusta. [&hellip;]<\/p>\n","protected":false},"author":127,"featured_media":0,"parent":593,"menu_order":3,"comment_status":"closed","ping_status":"closed","template":"","meta":{"_acf_changed":false,"footnotes":""},"class_list":["post-233","page","type-page","status-publish","hentry"],"acf":[],"yoast_head":"<!-- This site is optimized with the Yoast SEO plugin v27.1.1 - https:\/\/yoast.com\/product\/yoast-seo-wordpress\/ -->\n<title>Tulosten tallentaminen - Matematiikan tiedonhaku \/ UEF kirjasto<\/title>\n<meta name=\"robots\" content=\"index, follow, max-snippet:-1, max-image-preview:large, max-video-preview:-1\" \/>\n<link rel=\"canonical\" href=\"https:\/\/blogs.uef.fi\/tiedonhaku-matematiikka\/hakutulokset\/tallentaminen\/\" \/>\n<meta property=\"og:locale\" content=\"fi_FI\" \/>\n<meta property=\"og:type\" content=\"article\" \/>\n<meta property=\"og:title\" content=\"Tulosten tallentaminen - Matematiikan tiedonhaku \/ UEF kirjasto\" \/>\n<meta property=\"og:description\" content=\"Tietokannoissa on mahdollista tallentaa kulloinkin tehdyt haut ja niiden tulokset hakuhistorian (Search history) kautta. Tallentaminen edellytt\u00e4\u00e4 oman k\u00e4ytt\u00e4j\u00e4tunnuksen luomista. Monissa tietokannoissa hakuhistoria on n\u00e4kyvill\u00e4 koko istunnon ajan ilman erillist\u00e4 k\u00e4ytt\u00e4j\u00e4tunnusta ja kirjautumista. Hakujen tuloksia voi my\u00f6s tulostaa, l\u00e4hett\u00e4\u00e4 s\u00e4hk\u00f6postilla itselleen tai muille, tai siirt\u00e4\u00e4 toiseen ohjelmaan, esimerkiksi viitteidenhallintaohjelmaan tai Exceliin. T\u00e4m\u00e4 ei vaadi erillist\u00e4 k\u00e4ytt\u00e4j\u00e4tunnusta. [&hellip;]\" \/>\n<meta property=\"og:url\" content=\"https:\/\/blogs.uef.fi\/tiedonhaku-matematiikka\/hakutulokset\/tallentaminen\/\" \/>\n<meta property=\"og:site_name\" content=\"Matematiikan tiedonhaku \/ UEF kirjasto\" \/>\n<meta property=\"article:modified_time\" content=\"2024-01-26T09:01:39+00:00\" \/>\n<meta property=\"og:image\" content=\"https:\/\/blogs.uef.fi\/tiedonhaku-matematiikka\/wp-content\/uploads\/sites\/51\/2024\/01\/hakuhistoriat.png\" \/>\n<meta name=\"twitter:card\" content=\"summary_large_image\" \/>\n<meta name=\"twitter:label1\" content=\"Arvioitu lukuaika\" \/>\n\t<meta name=\"twitter:data1\" content=\"3 minuuttia\" \/>\n<script type=\"application\/ld+json\" class=\"yoast-schema-graph\">{\"@context\":\"https:\/\/schema.org\",\"@graph\":[{\"@type\":\"WebPage\",\"@id\":\"https:\/\/blogs.uef.fi\/tiedonhaku-matematiikka\/hakutulokset\/tallentaminen\/\",\"url\":\"https:\/\/blogs.uef.fi\/tiedonhaku-matematiikka\/hakutulokset\/tallentaminen\/\",\"name\":\"Tulosten tallentaminen - Matematiikan tiedonhaku \/ UEF kirjasto\",\"isPartOf\":{\"@id\":\"https:\/\/blogs.uef.fi\/tiedonhaku-matematiikka\/#website\"},\"primaryImageOfPage\":{\"@id\":\"https:\/\/blogs.uef.fi\/tiedonhaku-matematiikka\/hakutulokset\/tallentaminen\/#primaryimage\"},\"image\":{\"@id\":\"https:\/\/blogs.uef.fi\/tiedonhaku-matematiikka\/hakutulokset\/tallentaminen\/#primaryimage\"},\"thumbnailUrl\":\"https:\/\/blogs.uef.fi\/tiedonhaku-matematiikka\/wp-content\/uploads\/sites\/51\/2024\/01\/hakuhistoriat.png\",\"datePublished\":\"2015-09-18T11:04:30+00:00\",\"dateModified\":\"2024-01-26T09:01:39+00:00\",\"breadcrumb\":{\"@id\":\"https:\/\/blogs.uef.fi\/tiedonhaku-matematiikka\/hakutulokset\/tallentaminen\/#breadcrumb\"},\"inLanguage\":\"fi\",\"potentialAction\":[{\"@type\":\"ReadAction\",\"target\":[\"https:\/\/blogs.uef.fi\/tiedonhaku-matematiikka\/hakutulokset\/tallentaminen\/\"]}]},{\"@type\":\"ImageObject\",\"inLanguage\":\"fi\",\"@id\":\"https:\/\/blogs.uef.fi\/tiedonhaku-matematiikka\/hakutulokset\/tallentaminen\/#primaryimage\",\"url\":\"https:\/\/blogs.uef.fi\/tiedonhaku-matematiikka\/wp-content\/uploads\/sites\/51\/2024\/01\/hakuhistoriat.png\",\"contentUrl\":\"https:\/\/blogs.uef.fi\/tiedonhaku-matematiikka\/wp-content\/uploads\/sites\/51\/2024\/01\/hakuhistoriat.png\",\"width\":1347,\"height\":712},{\"@type\":\"BreadcrumbList\",\"@id\":\"https:\/\/blogs.uef.fi\/tiedonhaku-matematiikka\/hakutulokset\/tallentaminen\/#breadcrumb\",\"itemListElement\":[{\"@type\":\"ListItem\",\"position\":1,\"name\":\"Home\",\"item\":\"https:\/\/blogs.uef.fi\/tiedonhaku-matematiikka\/\"},{\"@type\":\"ListItem\",\"position\":2,\"name\":\"Hakutulokset\",\"item\":\"https:\/\/blogs.uef.fi\/tiedonhaku-matematiikka\/hakutulokset\/\"},{\"@type\":\"ListItem\",\"position\":3,\"name\":\"Tulosten tallentaminen\"}]},{\"@type\":\"WebSite\",\"@id\":\"https:\/\/blogs.uef.fi\/tiedonhaku-matematiikka\/#website\",\"url\":\"https:\/\/blogs.uef.fi\/tiedonhaku-matematiikka\/\",\"name\":\"Matematiikan tiedonhaku \/ UEF kirjasto\",\"description\":\"Matematiikan tiedonhaku on kattava oppimateriaali tiedonhakuun matemaatikoille. Se sis\u00e4lt\u00e4\u00e4 yleiset tiedonhaun tekniikat sek\u00e4 kemian alan tiedonl\u00e4hteet ohjeineen ja esimerkkeineen.\",\"potentialAction\":[{\"@type\":\"SearchAction\",\"target\":{\"@type\":\"EntryPoint\",\"urlTemplate\":\"https:\/\/blogs.uef.fi\/tiedonhaku-matematiikka\/?s={search_term_string}\"},\"query-input\":{\"@type\":\"PropertyValueSpecification\",\"valueRequired\":true,\"valueName\":\"search_term_string\"}}],\"inLanguage\":\"fi\"}]}<\/script>\n<!-- \/ Yoast SEO plugin. -->","yoast_head_json":{"title":"Tulosten tallentaminen - Matematiikan tiedonhaku \/ UEF kirjasto","robots":{"index":"index","follow":"follow","max-snippet":"max-snippet:-1","max-image-preview":"max-image-preview:large","max-video-preview":"max-video-preview:-1"},"canonical":"https:\/\/blogs.uef.fi\/tiedonhaku-matematiikka\/hakutulokset\/tallentaminen\/","og_locale":"fi_FI","og_type":"article","og_title":"Tulosten tallentaminen - Matematiikan tiedonhaku \/ UEF kirjasto","og_description":"Tietokannoissa on mahdollista tallentaa kulloinkin tehdyt haut ja niiden tulokset hakuhistorian (Search history) kautta. Tallentaminen edellytt\u00e4\u00e4 oman k\u00e4ytt\u00e4j\u00e4tunnuksen luomista. Monissa tietokannoissa hakuhistoria on n\u00e4kyvill\u00e4 koko istunnon ajan ilman erillist\u00e4 k\u00e4ytt\u00e4j\u00e4tunnusta ja kirjautumista. Hakujen tuloksia voi my\u00f6s tulostaa, l\u00e4hett\u00e4\u00e4 s\u00e4hk\u00f6postilla itselleen tai muille, tai siirt\u00e4\u00e4 toiseen ohjelmaan, esimerkiksi viitteidenhallintaohjelmaan tai Exceliin. T\u00e4m\u00e4 ei vaadi erillist\u00e4 k\u00e4ytt\u00e4j\u00e4tunnusta. [&hellip;]","og_url":"https:\/\/blogs.uef.fi\/tiedonhaku-matematiikka\/hakutulokset\/tallentaminen\/","og_site_name":"Matematiikan tiedonhaku \/ UEF kirjasto","article_modified_time":"2024-01-26T09:01:39+00:00","og_image":[{"url":"https:\/\/blogs.uef.fi\/tiedonhaku-matematiikka\/wp-content\/uploads\/sites\/51\/2024\/01\/hakuhistoriat.png","type":"","width":"","height":""}],"twitter_card":"summary_large_image","twitter_misc":{"Arvioitu lukuaika":"3 minuuttia"},"schema":{"@context":"https:\/\/schema.org","@graph":[{"@type":"WebPage","@id":"https:\/\/blogs.uef.fi\/tiedonhaku-matematiikka\/hakutulokset\/tallentaminen\/","url":"https:\/\/blogs.uef.fi\/tiedonhaku-matematiikka\/hakutulokset\/tallentaminen\/","name":"Tulosten tallentaminen - Matematiikan tiedonhaku \/ UEF kirjasto","isPartOf":{"@id":"https:\/\/blogs.uef.fi\/tiedonhaku-matematiikka\/#website"},"primaryImageOfPage":{"@id":"https:\/\/blogs.uef.fi\/tiedonhaku-matematiikka\/hakutulokset\/tallentaminen\/#primaryimage"},"image":{"@id":"https:\/\/blogs.uef.fi\/tiedonhaku-matematiikka\/hakutulokset\/tallentaminen\/#primaryimage"},"thumbnailUrl":"https:\/\/blogs.uef.fi\/tiedonhaku-matematiikka\/wp-content\/uploads\/sites\/51\/2024\/01\/hakuhistoriat.png","datePublished":"2015-09-18T11:04:30+00:00","dateModified":"2024-01-26T09:01:39+00:00","breadcrumb":{"@id":"https:\/\/blogs.uef.fi\/tiedonhaku-matematiikka\/hakutulokset\/tallentaminen\/#breadcrumb"},"inLanguage":"fi","potentialAction":[{"@type":"ReadAction","target":["https:\/\/blogs.uef.fi\/tiedonhaku-matematiikka\/hakutulokset\/tallentaminen\/"]}]},{"@type":"ImageObject","inLanguage":"fi","@id":"https:\/\/blogs.uef.fi\/tiedonhaku-matematiikka\/hakutulokset\/tallentaminen\/#primaryimage","url":"https:\/\/blogs.uef.fi\/tiedonhaku-matematiikka\/wp-content\/uploads\/sites\/51\/2024\/01\/hakuhistoriat.png","contentUrl":"https:\/\/blogs.uef.fi\/tiedonhaku-matematiikka\/wp-content\/uploads\/sites\/51\/2024\/01\/hakuhistoriat.png","width":1347,"height":712},{"@type":"BreadcrumbList","@id":"https:\/\/blogs.uef.fi\/tiedonhaku-matematiikka\/hakutulokset\/tallentaminen\/#breadcrumb","itemListElement":[{"@type":"ListItem","position":1,"name":"Home","item":"https:\/\/blogs.uef.fi\/tiedonhaku-matematiikka\/"},{"@type":"ListItem","position":2,"name":"Hakutulokset","item":"https:\/\/blogs.uef.fi\/tiedonhaku-matematiikka\/hakutulokset\/"},{"@type":"ListItem","position":3,"name":"Tulosten tallentaminen"}]},{"@type":"WebSite","@id":"https:\/\/blogs.uef.fi\/tiedonhaku-matematiikka\/#website","url":"https:\/\/blogs.uef.fi\/tiedonhaku-matematiikka\/","name":"Matematiikan tiedonhaku \/ UEF kirjasto","description":"Matematiikan tiedonhaku on kattava oppimateriaali tiedonhakuun matemaatikoille. Se sis\u00e4lt\u00e4\u00e4 yleiset tiedonhaun tekniikat sek\u00e4 kemian alan tiedonl\u00e4hteet ohjeineen ja esimerkkeineen.","potentialAction":[{"@type":"SearchAction","target":{"@type":"EntryPoint","urlTemplate":"https:\/\/blogs.uef.fi\/tiedonhaku-matematiikka\/?s={search_term_string}"},"query-input":{"@type":"PropertyValueSpecification","valueRequired":true,"valueName":"search_term_string"}}],"inLanguage":"fi"}]}},"_links":{"self":[{"href":"https:\/\/blogs.uef.fi\/tiedonhaku-matematiikka\/wp-json\/wp\/v2\/pages\/233","targetHints":{"allow":["GET"]}}],"collection":[{"href":"https:\/\/blogs.uef.fi\/tiedonhaku-matematiikka\/wp-json\/wp\/v2\/pages"}],"about":[{"href":"https:\/\/blogs.uef.fi\/tiedonhaku-matematiikka\/wp-json\/wp\/v2\/types\/page"}],"author":[{"embeddable":true,"href":"https:\/\/blogs.uef.fi\/tiedonhaku-matematiikka\/wp-json\/wp\/v2\/users\/127"}],"replies":[{"embeddable":true,"href":"https:\/\/blogs.uef.fi\/tiedonhaku-matematiikka\/wp-json\/wp\/v2\/comments?post=233"}],"version-history":[{"count":1,"href":"https:\/\/blogs.uef.fi\/tiedonhaku-matematiikka\/wp-json\/wp\/v2\/pages\/233\/revisions"}],"predecessor-version":[{"id":2887,"href":"https:\/\/blogs.uef.fi\/tiedonhaku-matematiikka\/wp-json\/wp\/v2\/pages\/233\/revisions\/2887"}],"up":[{"embeddable":true,"href":"https:\/\/blogs.uef.fi\/tiedonhaku-matematiikka\/wp-json\/wp\/v2\/pages\/593"}],"wp:attachment":[{"href":"https:\/\/blogs.uef.fi\/tiedonhaku-matematiikka\/wp-json\/wp\/v2\/media?parent=233"}],"curies":[{"name":"wp","href":"https:\/\/api.w.org\/{rel}","templated":true}]}}