{"id":199,"date":"2015-09-18T09:39:33","date_gmt":"2015-09-18T09:39:33","guid":{"rendered":"https:\/\/ueflibrarymat.wordpress.com\/?page_id=199"},"modified":"2024-07-01T13:06:48","modified_gmt":"2024-07-01T10:06:48","slug":"matematiikan-alan-tiedonlahteita","status":"publish","type":"page","link":"https:\/\/blogs.uef.fi\/tiedonhaku-matematiikka\/hakukoneet\/matematiikan-alan-tiedonlahteita\/","title":{"rendered":"Matematiikan alan tiedonl\u00e4hteit\u00e4"},"content":{"rendered":"\n<p>Kun puhutaan hakupalveluista, jotka ovat erikoistuneet <strong>v\u00e4litt\u00e4m\u00e4\u00e4n tietoa tieteellisist\u00e4 julkaisuista,<\/strong> puhutaan yleisimmin <strong>kirjallisuustietokannoista<\/strong> kuin hakukoneista.<\/p>\n\n\n\n<p>Tietokantaan on tallennettu joko<\/p>\n\n\n\n<ul class=\"wp-block-list\">\n<li>tieto julkaisun olemassa olosta (<strong>viite<\/strong>tietokanta) tai<\/li>\n\n\n\n<li>itse julkaisu (<strong>kokoteksti<\/strong>tietokanta).<\/li>\n<\/ul>\n\n\n\n<p>K\u00e4yt\u00e4nn\u00f6ss\u00e4 monet viitetietokannat sis\u00e4lt\u00e4v\u00e4t my\u00f6s kokotekstej\u00e4 ja kokotekstitietokannoissa voi olla aineistoja, jotka eiv\u00e4t avaudu.<\/p>\n\n\n\n<p>Linkit tietokantoihin ovat UEF-Primossa. Et\u00e4k\u00e4ytt\u00f6 yliopiston verkon ulkopuolelta onnistuu kirjautumalla ensiksi sis\u00e4\u00e4n UEF-Primoon.<\/p>\n\n\n\n<p>Katso tietokantalistaus kirjaston kotisivulta (sis\u00e4lt\u00e4\u00e4 linkit UEF-Primoon): <strong><a href=\"https:\/\/www.uef.fi\/fi\/kirjasto\/matematiikan-tiedonlahteet\" target=\"_blank\" rel=\"noopener\">Matematiikan tiedonl\u00e4hteet<\/a>.<\/strong><\/p>\n\n\n\n<p><span style=\"color: #000000\"><strong>Hakuohjeita n\u00e4ihin tietokantoihin on kurssin seuraavissa luvuissa, <em>Artikkelien haku<\/em> jne.<\/strong><\/span><\/p>\n\n\n\n<h2 class=\"wp-block-heading\">Hae kansainv\u00e4lisi\u00e4 artikkeleita n\u00e4ist\u00e4 tietokannoista<\/h2>\n\n\n\n<h3 class=\"wp-block-heading\">Viitetietokannat (reference database)<\/h3>\n\n\n\n<p>Viitetietokannat ovat <strong>kattavimpia tiedonl\u00e4hteit\u00e4<\/strong> olemassa olevaan tutkimuskirjallisuuteen, erityisesti artikkeleihin.<\/p>\n\n\n\n<p>Viitetietokannat<\/p>\n\n\n\n<ul class=\"wp-block-list\">\n<li>sis\u00e4lt\u00e4v\u00e4t tietoa siit\u00e4, mit\u00e4 ylip\u00e4\u00e4ns\u00e4 maailmalla on julkaistu<\/li>\n\n\n\n<li>kattavat eri maita ja kustantajia<\/li>\n\n\n\n<li>artikkeleita itsess\u00e4\u00e4n ne eiv\u00e4t v\u00e4ltt\u00e4m\u00e4tt\u00e4 sis\u00e4ll\u00e4, joskin suoria linkkej\u00e4 voi olla<\/li>\n\n\n\n<li>apua artikkelin j\u00e4ljitt\u00e4miseen tarjotaan.<\/li>\n<\/ul>\n\n\n\n<p>Viitteit\u00e4 haetaan artikkelin <strong>otsikon, asiasanojen ja tiivistelmien<\/strong> perusteella.<\/p>\n\n\n\n<p>Viitetietokantoja on kahdenlaisia: <strong>monitieteisi\u00e4<\/strong> (esimerkiksi Web of Science ja Scopus) sek\u00e4 <strong>alakohtaisia<\/strong>, kuten MathSciNet.<\/p>\n\n\n\n<h3 class=\"wp-block-heading\">Kokotekstitietokannat (full text databases)<\/h3>\n\n\n\n<p>Kokotekstitietokannassa artikkelit ovat tietokannassa kokonaisuudessaan luettavissa ja hakua voi tehd\u00e4 my\u00f6s artikkelin koko tekstin sis\u00e4lt\u00e4.<\/p>\n\n\n\n<p>Kokotekstihaku tuottaa usein runsaasti ei-aiheenmukaisia tuloksia, sill\u00e4 hakusanat voivat esiinty\u00e4 tekstiss\u00e4 t\u00e4ysin sattumanvaraisesti ilman asiayhteytt\u00e4 toisiinsa tai hakusana esiintyy tekstiss\u00e4 hakuaiheen kannalta merkityksett\u00f6m\u00e4ss\u00e4 roolissa. Kokotekstihaku voi kuitenkin olla tarpeen vaikkapa haettaessa yksitt\u00e4isi\u00e4 tarkkoja termej\u00e4, joita ei viitetietokannoista tunnu l\u00f6ytyv\u00e4n.<\/p>\n\n\n\n<p>Kokotekstitietokannat sis\u00e4lt\u00e4v\u00e4t yleens\u00e4 vain <strong>yhden kustantajan lehti\u00e4<\/strong> (esimerkiksi ScienceDirect-tietokannassa on vain Elsevier-kustantamon lehti\u00e4).<\/p>\n\n\n\n<p>Laajasti kokotekstej\u00e4 voi hakea Google Scholarista ja UEF-Primon kansainv\u00e4listen artikkeleiden hausta. N\u00e4iss\u00e4 kahdessa vastaan tulee kuitenkin my\u00f6s julkaisuja, joihin ei ole p\u00e4\u00e4sy\u00e4 verkon kautta, koska aineistoja ei ole hankittu UEFin k\u00e4ytt\u00f6\u00f6n.<\/p>\n\n\n\n<h2 class=\"wp-block-heading\">E-kirjatietokannoista kokonaisia kirjoja<\/h2>\n\n\n\n<p>Tiedot UEFille hankituista e-kirjoista l\u00f6ytyv\u00e4t yksitt\u00e4in UEF-Primosta. Haku on t\u00e4ll\u00f6in hakua viitetietojen (otsikko, tiivistelm\u00e4, asiasanat, sis\u00e4llysluettelo) avulla. On kuitenkin mahdollista tehd\u00e4 hakua my\u00f6s e-kirjojen kokoteksteist\u00e4. T\u00e4m\u00e4 onnistuu erillisten e-kirjatietokantojen kautta. E-kirjatietokannat sis\u00e4lt\u00e4v\u00e4t kirjoja monilta eri kustantajilta.<\/p>\n\n\n\n<h2 class=\"wp-block-heading\">Verkkoarkistoista k\u00e4sikirjoituksia ja opinn\u00e4ytteit\u00e4<\/h2>\n\n\n\n<p>Verkkoarkistot ovat ensisijaisesti dokumenttien (artikkelit, k\u00e4sikirjoitukset, rinnakkaistallenteet, opinn\u00e4ytteet ym.) tallennuspaikkoja. Niiss\u00e4 on my\u00f6s hakutoimintoja, mutta ne ovat yleens\u00e4 melko vaatimattomat. Siksi niiden kohdalla ei puhuta tietokannoista.<\/p>\n\n\n\n<p>Esimerkiksi verkkoarkisto ja jakelukanava arXiv sis\u00e4lt\u00e4\u00e4 matematiikan ja fysiikan alan artikkeleita k\u00e4sikirjoituksina. N\u00e4m\u00e4 eiv\u00e4t v\u00e4ltt\u00e4m\u00e4tt\u00e4 ole yksi yhteen viimeisimm\u00e4n, lehteen hyv\u00e4ksytyn version kanssa. Kuka tahansa voi julkaista tutkimuksensa arXivissa. Siell\u00e4 ei siis ole virallista vertaisarviointia, mutta kontrolli \u201dhuonojen\u201d artikkeleiden poistamiseksi j\u00e4lkik\u00e4teen on olemassa.<\/p>\n\n\n\n<p>Yksitt\u00e4iset organisaatiot yll\u00e4p\u00e4it\u00e4v\u00e4t usein omia verkkoarkistojaan. Niihin kootaan oman organisaation sis\u00e4ll\u00e4 tehtyj\u00e4 julkaisuja, yliopistoissa my\u00f6s opinn\u00e4ytteet. UEFin verkkoarkisto on nimelt\u00e4\u00e4n eRepo.<\/p>\n\n\n\n<h2 class=\"wp-block-heading\">Kirjastotietokannoista laajasti eri aineistoja<\/h2>\n\n\n\n<p>Kirjastotietokannat, kuten UEF-Primo, ovat ensisijaisia hakupalveluita kirjojen hakemiseen. Kirjoja ovat:<\/p>\n\n\n\n<ul class=\"wp-block-list\">\n<li>monografiat (tieteellinen kirja)<\/li>\n\n\n\n<li>oppikirjat<\/li>\n\n\n\n<li>sarjajulkaisut<\/li>\n\n\n\n<li>konferenssijulkaisut<\/li>\n\n\n\n<li>opinn\u00e4ytteet<\/li>\n<\/ul>\n\n\n\n<p>Monet e-kirjat on hankittu kokonaisina \u201dpaketteina\u201d, eli ne muodostavat oman tietokantansa. E-kirjoja voikin siksi hakea kirjastotietokannoista tai omina kokonaisuuksinaan, kokotekstitietokantoina (esimerkiksi Ebsco eBook Collection ja Ebook Central).<\/p>\n\n\n\n<p>Suomessa on oma kansallinen kulttuuriaineistojen hakupalvelu Finna. Se sis\u00e4lt\u00e4\u00e4 my\u00f6s useimpien suomalaisten kirjastojen tietokannat sek\u00e4 tietoja monista muista aineistoista, kuten kotimaisista artikkeleista, oppimateriaaleista ja arkistoaineistoista.<\/p>\n\n\n\n<h2 class=\"wp-block-heading\">Hakuteoksista m\u00e4\u00e4ritelmi\u00e4 ja tiivistelmi\u00e4<\/h2>\n\n\n\n<p>Hakuteoksia ovat esimerkiksi <strong>tietosanakirjat, ensyklopediat ja sanastot<\/strong>, jotka selitt\u00e4v\u00e4t termej\u00e4. Hakuteoksista l\u00f6yt\u00e4\u00e4 helposti mm. m\u00e4\u00e4ritelmi\u00e4 ja tiiviit\u00e4 kuvauksia erilaisista ilmi\u00f6ist\u00e4. Hakuteokset ovat hyvi\u00e4 apuv\u00e4lineit\u00e4, kun tutustutaan uuteen asiaan ensi kertaa.<\/p>\n\n\n\n<p>Tunnetuin hakuteos on Wikipedia. Varsinaiset tieteelliset hakuteokset ovat kuitenkin luotettavempia, sill\u00e4 niiss\u00e4 tiedon oikeellisuus on aina varmistettu asiantuntijoiden avulla.<\/p>\n\n\n\n<p>Erilaiset <strong>k\u00e4sikirjat<\/strong> (handbook) voivat my\u00f6s toimia hakuteoksina. K\u00e4sikirjoja on kuitenkin monenlaisia, eik\u00e4 k\u00e4sikirja useinkaan ole yht\u00e4 laaja-alainen kuin vaikkapa tietosanakirja. Toisaalta k\u00e4sikirja voi keskitty\u00e4 vain hyvin suppeaan aihealueeseen, mutta kertoa siit\u00e4 kattavasti.<\/p>\n\n\n\n<p class=\"has-text-align-right\">Seuraava sivu: <a href=\"https:\/\/blogs.uef.fi\/tiedonhaku-matematiikka\/kirjojen-hakeminen\/\">Kirjojen hakeminen<\/a><\/p>\n","protected":false},"excerpt":{"rendered":"<p>Kun puhutaan hakupalveluista, jotka ovat erikoistuneet v\u00e4litt\u00e4m\u00e4\u00e4n tietoa tieteellisist\u00e4 julkaisuista, puhutaan yleisimmin kirjallisuustietokannoista kuin hakukoneista. Tietokantaan on tallennettu joko K\u00e4yt\u00e4nn\u00f6ss\u00e4 monet viitetietokannat sis\u00e4lt\u00e4v\u00e4t my\u00f6s kokotekstej\u00e4 ja kokotekstitietokannoissa voi olla aineistoja, jotka eiv\u00e4t avaudu. Linkit tietokantoihin ovat UEF-Primossa. Et\u00e4k\u00e4ytt\u00f6 yliopiston verkon ulkopuolelta onnistuu kirjautumalla ensiksi sis\u00e4\u00e4n UEF-Primoon. Katso tietokantalistaus kirjaston kotisivulta (sis\u00e4lt\u00e4\u00e4 linkit UEF-Primoon): Matematiikan tiedonl\u00e4hteet. [&hellip;]<\/p>\n","protected":false},"author":127,"featured_media":0,"parent":589,"menu_order":0,"comment_status":"closed","ping_status":"closed","template":"","meta":{"_acf_changed":false,"footnotes":""},"class_list":["post-199","page","type-page","status-publish","hentry"],"acf":[],"yoast_head":"<!-- This site is optimized with the Yoast SEO plugin v27.1.1 - https:\/\/yoast.com\/product\/yoast-seo-wordpress\/ -->\n<title>Matematiikan alan tiedonl\u00e4hteit\u00e4 - Matematiikan tiedonhaku \/ UEF kirjasto<\/title>\n<meta name=\"robots\" content=\"index, follow, max-snippet:-1, max-image-preview:large, max-video-preview:-1\" \/>\n<link rel=\"canonical\" href=\"https:\/\/blogs.uef.fi\/tiedonhaku-matematiikka\/hakukoneet\/matematiikan-alan-tiedonlahteita\/\" \/>\n<meta property=\"og:locale\" content=\"fi_FI\" \/>\n<meta property=\"og:type\" content=\"article\" \/>\n<meta property=\"og:title\" content=\"Matematiikan alan tiedonl\u00e4hteit\u00e4 - Matematiikan tiedonhaku \/ UEF kirjasto\" \/>\n<meta property=\"og:description\" content=\"Kun puhutaan hakupalveluista, jotka ovat erikoistuneet v\u00e4litt\u00e4m\u00e4\u00e4n tietoa tieteellisist\u00e4 julkaisuista, puhutaan yleisimmin kirjallisuustietokannoista kuin hakukoneista. Tietokantaan on tallennettu joko K\u00e4yt\u00e4nn\u00f6ss\u00e4 monet viitetietokannat sis\u00e4lt\u00e4v\u00e4t my\u00f6s kokotekstej\u00e4 ja kokotekstitietokannoissa voi olla aineistoja, jotka eiv\u00e4t avaudu. Linkit tietokantoihin ovat UEF-Primossa. Et\u00e4k\u00e4ytt\u00f6 yliopiston verkon ulkopuolelta onnistuu kirjautumalla ensiksi sis\u00e4\u00e4n UEF-Primoon. Katso tietokantalistaus kirjaston kotisivulta (sis\u00e4lt\u00e4\u00e4 linkit UEF-Primoon): Matematiikan tiedonl\u00e4hteet. [&hellip;]\" \/>\n<meta property=\"og:url\" content=\"https:\/\/blogs.uef.fi\/tiedonhaku-matematiikka\/hakukoneet\/matematiikan-alan-tiedonlahteita\/\" \/>\n<meta property=\"og:site_name\" content=\"Matematiikan tiedonhaku \/ UEF kirjasto\" \/>\n<meta property=\"article:modified_time\" content=\"2024-07-01T10:06:48+00:00\" \/>\n<meta name=\"twitter:card\" content=\"summary_large_image\" \/>\n<meta name=\"twitter:label1\" content=\"Arvioitu lukuaika\" \/>\n\t<meta name=\"twitter:data1\" content=\"4 minuuttia\" \/>\n<script type=\"application\/ld+json\" class=\"yoast-schema-graph\">{\"@context\":\"https:\/\/schema.org\",\"@graph\":[{\"@type\":\"WebPage\",\"@id\":\"https:\/\/blogs.uef.fi\/tiedonhaku-matematiikka\/hakukoneet\/matematiikan-alan-tiedonlahteita\/\",\"url\":\"https:\/\/blogs.uef.fi\/tiedonhaku-matematiikka\/hakukoneet\/matematiikan-alan-tiedonlahteita\/\",\"name\":\"Matematiikan alan tiedonl\u00e4hteit\u00e4 - Matematiikan tiedonhaku \/ UEF kirjasto\",\"isPartOf\":{\"@id\":\"https:\/\/blogs.uef.fi\/tiedonhaku-matematiikka\/#website\"},\"datePublished\":\"2015-09-18T09:39:33+00:00\",\"dateModified\":\"2024-07-01T10:06:48+00:00\",\"breadcrumb\":{\"@id\":\"https:\/\/blogs.uef.fi\/tiedonhaku-matematiikka\/hakukoneet\/matematiikan-alan-tiedonlahteita\/#breadcrumb\"},\"inLanguage\":\"fi\",\"potentialAction\":[{\"@type\":\"ReadAction\",\"target\":[\"https:\/\/blogs.uef.fi\/tiedonhaku-matematiikka\/hakukoneet\/matematiikan-alan-tiedonlahteita\/\"]}]},{\"@type\":\"BreadcrumbList\",\"@id\":\"https:\/\/blogs.uef.fi\/tiedonhaku-matematiikka\/hakukoneet\/matematiikan-alan-tiedonlahteita\/#breadcrumb\",\"itemListElement\":[{\"@type\":\"ListItem\",\"position\":1,\"name\":\"Home\",\"item\":\"https:\/\/blogs.uef.fi\/tiedonhaku-matematiikka\/\"},{\"@type\":\"ListItem\",\"position\":2,\"name\":\"Hakukoneet\",\"item\":\"https:\/\/blogs.uef.fi\/tiedonhaku-matematiikka\/hakukoneet\/\"},{\"@type\":\"ListItem\",\"position\":3,\"name\":\"Matematiikan alan tiedonl\u00e4hteit\u00e4\"}]},{\"@type\":\"WebSite\",\"@id\":\"https:\/\/blogs.uef.fi\/tiedonhaku-matematiikka\/#website\",\"url\":\"https:\/\/blogs.uef.fi\/tiedonhaku-matematiikka\/\",\"name\":\"Matematiikan tiedonhaku \/ UEF kirjasto\",\"description\":\"Matematiikan tiedonhaku on kattava oppimateriaali tiedonhakuun matemaatikoille. Se sis\u00e4lt\u00e4\u00e4 yleiset tiedonhaun tekniikat sek\u00e4 kemian alan tiedonl\u00e4hteet ohjeineen ja esimerkkeineen.\",\"potentialAction\":[{\"@type\":\"SearchAction\",\"target\":{\"@type\":\"EntryPoint\",\"urlTemplate\":\"https:\/\/blogs.uef.fi\/tiedonhaku-matematiikka\/?s={search_term_string}\"},\"query-input\":{\"@type\":\"PropertyValueSpecification\",\"valueRequired\":true,\"valueName\":\"search_term_string\"}}],\"inLanguage\":\"fi\"}]}<\/script>\n<!-- \/ Yoast SEO plugin. -->","yoast_head_json":{"title":"Matematiikan alan tiedonl\u00e4hteit\u00e4 - Matematiikan tiedonhaku \/ UEF kirjasto","robots":{"index":"index","follow":"follow","max-snippet":"max-snippet:-1","max-image-preview":"max-image-preview:large","max-video-preview":"max-video-preview:-1"},"canonical":"https:\/\/blogs.uef.fi\/tiedonhaku-matematiikka\/hakukoneet\/matematiikan-alan-tiedonlahteita\/","og_locale":"fi_FI","og_type":"article","og_title":"Matematiikan alan tiedonl\u00e4hteit\u00e4 - Matematiikan tiedonhaku \/ UEF kirjasto","og_description":"Kun puhutaan hakupalveluista, jotka ovat erikoistuneet v\u00e4litt\u00e4m\u00e4\u00e4n tietoa tieteellisist\u00e4 julkaisuista, puhutaan yleisimmin kirjallisuustietokannoista kuin hakukoneista. Tietokantaan on tallennettu joko K\u00e4yt\u00e4nn\u00f6ss\u00e4 monet viitetietokannat sis\u00e4lt\u00e4v\u00e4t my\u00f6s kokotekstej\u00e4 ja kokotekstitietokannoissa voi olla aineistoja, jotka eiv\u00e4t avaudu. Linkit tietokantoihin ovat UEF-Primossa. Et\u00e4k\u00e4ytt\u00f6 yliopiston verkon ulkopuolelta onnistuu kirjautumalla ensiksi sis\u00e4\u00e4n UEF-Primoon. Katso tietokantalistaus kirjaston kotisivulta (sis\u00e4lt\u00e4\u00e4 linkit UEF-Primoon): Matematiikan tiedonl\u00e4hteet. [&hellip;]","og_url":"https:\/\/blogs.uef.fi\/tiedonhaku-matematiikka\/hakukoneet\/matematiikan-alan-tiedonlahteita\/","og_site_name":"Matematiikan tiedonhaku \/ UEF kirjasto","article_modified_time":"2024-07-01T10:06:48+00:00","twitter_card":"summary_large_image","twitter_misc":{"Arvioitu lukuaika":"4 minuuttia"},"schema":{"@context":"https:\/\/schema.org","@graph":[{"@type":"WebPage","@id":"https:\/\/blogs.uef.fi\/tiedonhaku-matematiikka\/hakukoneet\/matematiikan-alan-tiedonlahteita\/","url":"https:\/\/blogs.uef.fi\/tiedonhaku-matematiikka\/hakukoneet\/matematiikan-alan-tiedonlahteita\/","name":"Matematiikan alan tiedonl\u00e4hteit\u00e4 - Matematiikan tiedonhaku \/ UEF kirjasto","isPartOf":{"@id":"https:\/\/blogs.uef.fi\/tiedonhaku-matematiikka\/#website"},"datePublished":"2015-09-18T09:39:33+00:00","dateModified":"2024-07-01T10:06:48+00:00","breadcrumb":{"@id":"https:\/\/blogs.uef.fi\/tiedonhaku-matematiikka\/hakukoneet\/matematiikan-alan-tiedonlahteita\/#breadcrumb"},"inLanguage":"fi","potentialAction":[{"@type":"ReadAction","target":["https:\/\/blogs.uef.fi\/tiedonhaku-matematiikka\/hakukoneet\/matematiikan-alan-tiedonlahteita\/"]}]},{"@type":"BreadcrumbList","@id":"https:\/\/blogs.uef.fi\/tiedonhaku-matematiikka\/hakukoneet\/matematiikan-alan-tiedonlahteita\/#breadcrumb","itemListElement":[{"@type":"ListItem","position":1,"name":"Home","item":"https:\/\/blogs.uef.fi\/tiedonhaku-matematiikka\/"},{"@type":"ListItem","position":2,"name":"Hakukoneet","item":"https:\/\/blogs.uef.fi\/tiedonhaku-matematiikka\/hakukoneet\/"},{"@type":"ListItem","position":3,"name":"Matematiikan alan tiedonl\u00e4hteit\u00e4"}]},{"@type":"WebSite","@id":"https:\/\/blogs.uef.fi\/tiedonhaku-matematiikka\/#website","url":"https:\/\/blogs.uef.fi\/tiedonhaku-matematiikka\/","name":"Matematiikan tiedonhaku \/ UEF kirjasto","description":"Matematiikan tiedonhaku on kattava oppimateriaali tiedonhakuun matemaatikoille. Se sis\u00e4lt\u00e4\u00e4 yleiset tiedonhaun tekniikat sek\u00e4 kemian alan tiedonl\u00e4hteet ohjeineen ja esimerkkeineen.","potentialAction":[{"@type":"SearchAction","target":{"@type":"EntryPoint","urlTemplate":"https:\/\/blogs.uef.fi\/tiedonhaku-matematiikka\/?s={search_term_string}"},"query-input":{"@type":"PropertyValueSpecification","valueRequired":true,"valueName":"search_term_string"}}],"inLanguage":"fi"}]}},"_links":{"self":[{"href":"https:\/\/blogs.uef.fi\/tiedonhaku-matematiikka\/wp-json\/wp\/v2\/pages\/199","targetHints":{"allow":["GET"]}}],"collection":[{"href":"https:\/\/blogs.uef.fi\/tiedonhaku-matematiikka\/wp-json\/wp\/v2\/pages"}],"about":[{"href":"https:\/\/blogs.uef.fi\/tiedonhaku-matematiikka\/wp-json\/wp\/v2\/types\/page"}],"author":[{"embeddable":true,"href":"https:\/\/blogs.uef.fi\/tiedonhaku-matematiikka\/wp-json\/wp\/v2\/users\/127"}],"replies":[{"embeddable":true,"href":"https:\/\/blogs.uef.fi\/tiedonhaku-matematiikka\/wp-json\/wp\/v2\/comments?post=199"}],"version-history":[{"count":2,"href":"https:\/\/blogs.uef.fi\/tiedonhaku-matematiikka\/wp-json\/wp\/v2\/pages\/199\/revisions"}],"predecessor-version":[{"id":3069,"href":"https:\/\/blogs.uef.fi\/tiedonhaku-matematiikka\/wp-json\/wp\/v2\/pages\/199\/revisions\/3069"}],"up":[{"embeddable":true,"href":"https:\/\/blogs.uef.fi\/tiedonhaku-matematiikka\/wp-json\/wp\/v2\/pages\/589"}],"wp:attachment":[{"href":"https:\/\/blogs.uef.fi\/tiedonhaku-matematiikka\/wp-json\/wp\/v2\/media?parent=199"}],"curies":[{"name":"wp","href":"https:\/\/api.w.org\/{rel}","templated":true}]}}