{"id":186,"date":"2015-09-17T10:54:18","date_gmt":"2015-09-17T10:54:18","guid":{"rendered":"https:\/\/ueflibrarymat.wordpress.com\/?page_id=186"},"modified":"2024-01-17T15:12:37","modified_gmt":"2024-01-17T13:12:37","slug":"lisaa-hyvia-tuloksia","status":"publish","type":"page","link":"https:\/\/blogs.uef.fi\/tiedonhaku-matematiikka\/hakulauseet-2\/lisaa-hyvia-tuloksia\/","title":{"rendered":"Lis\u00e4\u00e4 hyvi\u00e4 tuloksia"},"content":{"rendered":"\n<p>Kun hakulauseesi tuottaa liian vain niukasti tuloksia, voit kokeilla seuraavia keinoja:<\/p>\n\n\n\n<ul class=\"wp-block-list\">\n<li><strong>tarkista kirjoitusvirheet ja sanan kirjoitusmuodot <\/strong>(yhteen vai erikseen, lyhenteet yms.)<\/li>\n\n\n\n<li><strong>mieti, onko sanalle rinnakkaista kirjoitus-\/ilmaisumuotoa<\/strong><br><br><em>lineaarimalli &#8211; lineaarinen malli<br>kolmiulotteisuus &#8211; 3-ulotteisuus &#8211; 3D<\/em><br><\/li>\n<\/ul>\n\n\n\n<ul class=\"wp-block-list\">\n<li><strong>etsi hakusanoillesi synonyymeja ja rinnakkaistermej\u00e4<\/strong> (lis\u00e4t\u00e4\u00e4n OR:lla) <br><br><em>biometria -&gt; biometria OR biostatistiikka<\/em><br><br>K\u00e4yt\u00e4 OR-operaattoria vain lis\u00e4\u00e4m\u00e4\u00e4n hakusanavaihtoehtoja, \u00e4l\u00e4 vaihda AND-operaattoreita suoraan OR-operaattoreiksi.<br><br><\/li>\n\n\n\n<li><strong>v\u00e4henn\u00e4 hakulausekkeesta AND-operaattorilla yhdistettyj\u00e4, rajaavia hakusanoja<\/strong> <br><br><em>matrix AND analysis AND methods -&gt; matrix AND methods<\/em><br><br><\/li>\n\n\n\n<li><strong>pura fraasit tai yhdyssanat,<\/strong> jos sanojen esiintyminen yhdess\u00e4 ei ole v\u00e4ltt\u00e4m\u00e4t\u00f6nt\u00e4 tai sanojen v\u00e4liss\u00e4 voisi olla jotain muutakin <br><br><em>\u201csignal processing\u201d -&gt; signal AND processing<\/em><br><em>vakuutusmatematiikka -&gt; vakuutusala AND matematiikka<\/em><br><br><\/li>\n\n\n\n<li><strong>k\u00e4yt\u00e4 sanankatkaisua<\/strong> <br><br><em>topologia -&gt;topolog*<\/em><br><br><\/li>\n\n\n\n<li><strong>mieti mihin laajempaan aihealueeseen ongelmasi kuuluu ja k\u00e4yt\u00e4 laajempaa hakutermi\u00e4<\/strong><br><br><em>monisto -&gt; topologinen avaruus<\/em><br><br><\/li>\n\n\n\n<li><strong>k\u00e4yt\u00e4 vapaasanahakua, jos olet k\u00e4ytt\u00e4nyt asiasanahakua tai muuta kentt\u00e4rajausta<\/strong><\/li>\n\n\n\n<li><strong>poista vuosi- ym. rajoitukset<\/strong><\/li>\n<\/ul>\n\n\n\n<h3 class=\"wp-block-heading\">Vinkki:<\/h3>\n\n\n\n<p>Joskus jokin <strong>yksitt\u00e4inen<\/strong> sana voi olla tietokannassa niin <strong>harvinainen,<\/strong> ett\u00e4 sen rinnalle ei kannata ottaa mit\u00e4\u00e4n muuta hakusanaa. <strong>Voit testata sanan yleisyytt\u00e4 tekem\u00e4ll\u00e4 yksinkertaisen sanahaun.<\/strong><\/p>\n\n\n\n<p class=\"has-text-align-right\">Seuraava sivu: <a href=\"https:\/\/blogs.uef.fi\/tiedonhaku-matematiikka\/uef-primo\/\">Aloita UEF-Primosta<\/a><\/p>\n","protected":false},"excerpt":{"rendered":"<p>Kun hakulauseesi tuottaa liian vain niukasti tuloksia, voit kokeilla seuraavia keinoja: Vinkki: Joskus jokin yksitt\u00e4inen sana voi olla tietokannassa niin harvinainen, ett\u00e4 sen rinnalle ei kannata ottaa mit\u00e4\u00e4n muuta hakusanaa. Voit testata sanan yleisyytt\u00e4 tekem\u00e4ll\u00e4 yksinkertaisen sanahaun. Seuraava sivu: Aloita UEF-Primosta<\/p>\n","protected":false},"author":127,"featured_media":0,"parent":585,"menu_order":0,"comment_status":"closed","ping_status":"closed","template":"","meta":{"_acf_changed":false,"footnotes":""},"class_list":["post-186","page","type-page","status-publish","hentry"],"acf":[],"yoast_head":"<!-- This site is optimized with the Yoast SEO plugin v27.1.1 - https:\/\/yoast.com\/product\/yoast-seo-wordpress\/ -->\n<title>Lis\u00e4\u00e4 hyvi\u00e4 tuloksia - Matematiikan tiedonhaku \/ UEF kirjasto<\/title>\n<meta name=\"robots\" content=\"index, follow, max-snippet:-1, max-image-preview:large, max-video-preview:-1\" \/>\n<link rel=\"canonical\" href=\"https:\/\/blogs.uef.fi\/tiedonhaku-matematiikka\/hakulauseet-2\/lisaa-hyvia-tuloksia\/\" \/>\n<meta property=\"og:locale\" content=\"fi_FI\" \/>\n<meta property=\"og:type\" content=\"article\" \/>\n<meta property=\"og:title\" content=\"Lis\u00e4\u00e4 hyvi\u00e4 tuloksia - Matematiikan tiedonhaku \/ UEF kirjasto\" \/>\n<meta property=\"og:description\" content=\"Kun hakulauseesi tuottaa liian vain niukasti tuloksia, voit kokeilla seuraavia keinoja: Vinkki: Joskus jokin yksitt\u00e4inen sana voi olla tietokannassa niin harvinainen, ett\u00e4 sen rinnalle ei kannata ottaa mit\u00e4\u00e4n muuta hakusanaa. Voit testata sanan yleisyytt\u00e4 tekem\u00e4ll\u00e4 yksinkertaisen sanahaun. Seuraava sivu: Aloita UEF-Primosta\" \/>\n<meta property=\"og:url\" content=\"https:\/\/blogs.uef.fi\/tiedonhaku-matematiikka\/hakulauseet-2\/lisaa-hyvia-tuloksia\/\" \/>\n<meta property=\"og:site_name\" content=\"Matematiikan tiedonhaku \/ UEF kirjasto\" \/>\n<meta property=\"article:modified_time\" content=\"2024-01-17T13:12:37+00:00\" \/>\n<meta name=\"twitter:card\" content=\"summary_large_image\" \/>\n<meta name=\"twitter:label1\" content=\"Arvioitu lukuaika\" \/>\n\t<meta name=\"twitter:data1\" content=\"1 minuutti\" \/>\n<script type=\"application\/ld+json\" class=\"yoast-schema-graph\">{\"@context\":\"https:\/\/schema.org\",\"@graph\":[{\"@type\":\"WebPage\",\"@id\":\"https:\/\/blogs.uef.fi\/tiedonhaku-matematiikka\/hakulauseet-2\/lisaa-hyvia-tuloksia\/\",\"url\":\"https:\/\/blogs.uef.fi\/tiedonhaku-matematiikka\/hakulauseet-2\/lisaa-hyvia-tuloksia\/\",\"name\":\"Lis\u00e4\u00e4 hyvi\u00e4 tuloksia - Matematiikan tiedonhaku \/ UEF kirjasto\",\"isPartOf\":{\"@id\":\"https:\/\/blogs.uef.fi\/tiedonhaku-matematiikka\/#website\"},\"datePublished\":\"2015-09-17T10:54:18+00:00\",\"dateModified\":\"2024-01-17T13:12:37+00:00\",\"breadcrumb\":{\"@id\":\"https:\/\/blogs.uef.fi\/tiedonhaku-matematiikka\/hakulauseet-2\/lisaa-hyvia-tuloksia\/#breadcrumb\"},\"inLanguage\":\"fi\",\"potentialAction\":[{\"@type\":\"ReadAction\",\"target\":[\"https:\/\/blogs.uef.fi\/tiedonhaku-matematiikka\/hakulauseet-2\/lisaa-hyvia-tuloksia\/\"]}]},{\"@type\":\"BreadcrumbList\",\"@id\":\"https:\/\/blogs.uef.fi\/tiedonhaku-matematiikka\/hakulauseet-2\/lisaa-hyvia-tuloksia\/#breadcrumb\",\"itemListElement\":[{\"@type\":\"ListItem\",\"position\":1,\"name\":\"Home\",\"item\":\"https:\/\/blogs.uef.fi\/tiedonhaku-matematiikka\/\"},{\"@type\":\"ListItem\",\"position\":2,\"name\":\"Hakulauseet\",\"item\":\"https:\/\/blogs.uef.fi\/tiedonhaku-matematiikka\/hakulauseet-2\/\"},{\"@type\":\"ListItem\",\"position\":3,\"name\":\"Lis\u00e4\u00e4 hyvi\u00e4 tuloksia\"}]},{\"@type\":\"WebSite\",\"@id\":\"https:\/\/blogs.uef.fi\/tiedonhaku-matematiikka\/#website\",\"url\":\"https:\/\/blogs.uef.fi\/tiedonhaku-matematiikka\/\",\"name\":\"Matematiikan tiedonhaku \/ UEF kirjasto\",\"description\":\"Matematiikan tiedonhaku on kattava oppimateriaali tiedonhakuun matemaatikoille. Se sis\u00e4lt\u00e4\u00e4 yleiset tiedonhaun tekniikat sek\u00e4 kemian alan tiedonl\u00e4hteet ohjeineen ja esimerkkeineen.\",\"potentialAction\":[{\"@type\":\"SearchAction\",\"target\":{\"@type\":\"EntryPoint\",\"urlTemplate\":\"https:\/\/blogs.uef.fi\/tiedonhaku-matematiikka\/?s={search_term_string}\"},\"query-input\":{\"@type\":\"PropertyValueSpecification\",\"valueRequired\":true,\"valueName\":\"search_term_string\"}}],\"inLanguage\":\"fi\"}]}<\/script>\n<!-- \/ Yoast SEO plugin. -->","yoast_head_json":{"title":"Lis\u00e4\u00e4 hyvi\u00e4 tuloksia - Matematiikan tiedonhaku \/ UEF kirjasto","robots":{"index":"index","follow":"follow","max-snippet":"max-snippet:-1","max-image-preview":"max-image-preview:large","max-video-preview":"max-video-preview:-1"},"canonical":"https:\/\/blogs.uef.fi\/tiedonhaku-matematiikka\/hakulauseet-2\/lisaa-hyvia-tuloksia\/","og_locale":"fi_FI","og_type":"article","og_title":"Lis\u00e4\u00e4 hyvi\u00e4 tuloksia - Matematiikan tiedonhaku \/ UEF kirjasto","og_description":"Kun hakulauseesi tuottaa liian vain niukasti tuloksia, voit kokeilla seuraavia keinoja: Vinkki: Joskus jokin yksitt\u00e4inen sana voi olla tietokannassa niin harvinainen, ett\u00e4 sen rinnalle ei kannata ottaa mit\u00e4\u00e4n muuta hakusanaa. Voit testata sanan yleisyytt\u00e4 tekem\u00e4ll\u00e4 yksinkertaisen sanahaun. Seuraava sivu: Aloita UEF-Primosta","og_url":"https:\/\/blogs.uef.fi\/tiedonhaku-matematiikka\/hakulauseet-2\/lisaa-hyvia-tuloksia\/","og_site_name":"Matematiikan tiedonhaku \/ UEF kirjasto","article_modified_time":"2024-01-17T13:12:37+00:00","twitter_card":"summary_large_image","twitter_misc":{"Arvioitu lukuaika":"1 minuutti"},"schema":{"@context":"https:\/\/schema.org","@graph":[{"@type":"WebPage","@id":"https:\/\/blogs.uef.fi\/tiedonhaku-matematiikka\/hakulauseet-2\/lisaa-hyvia-tuloksia\/","url":"https:\/\/blogs.uef.fi\/tiedonhaku-matematiikka\/hakulauseet-2\/lisaa-hyvia-tuloksia\/","name":"Lis\u00e4\u00e4 hyvi\u00e4 tuloksia - Matematiikan tiedonhaku \/ UEF kirjasto","isPartOf":{"@id":"https:\/\/blogs.uef.fi\/tiedonhaku-matematiikka\/#website"},"datePublished":"2015-09-17T10:54:18+00:00","dateModified":"2024-01-17T13:12:37+00:00","breadcrumb":{"@id":"https:\/\/blogs.uef.fi\/tiedonhaku-matematiikka\/hakulauseet-2\/lisaa-hyvia-tuloksia\/#breadcrumb"},"inLanguage":"fi","potentialAction":[{"@type":"ReadAction","target":["https:\/\/blogs.uef.fi\/tiedonhaku-matematiikka\/hakulauseet-2\/lisaa-hyvia-tuloksia\/"]}]},{"@type":"BreadcrumbList","@id":"https:\/\/blogs.uef.fi\/tiedonhaku-matematiikka\/hakulauseet-2\/lisaa-hyvia-tuloksia\/#breadcrumb","itemListElement":[{"@type":"ListItem","position":1,"name":"Home","item":"https:\/\/blogs.uef.fi\/tiedonhaku-matematiikka\/"},{"@type":"ListItem","position":2,"name":"Hakulauseet","item":"https:\/\/blogs.uef.fi\/tiedonhaku-matematiikka\/hakulauseet-2\/"},{"@type":"ListItem","position":3,"name":"Lis\u00e4\u00e4 hyvi\u00e4 tuloksia"}]},{"@type":"WebSite","@id":"https:\/\/blogs.uef.fi\/tiedonhaku-matematiikka\/#website","url":"https:\/\/blogs.uef.fi\/tiedonhaku-matematiikka\/","name":"Matematiikan tiedonhaku \/ UEF kirjasto","description":"Matematiikan tiedonhaku on kattava oppimateriaali tiedonhakuun matemaatikoille. Se sis\u00e4lt\u00e4\u00e4 yleiset tiedonhaun tekniikat sek\u00e4 kemian alan tiedonl\u00e4hteet ohjeineen ja esimerkkeineen.","potentialAction":[{"@type":"SearchAction","target":{"@type":"EntryPoint","urlTemplate":"https:\/\/blogs.uef.fi\/tiedonhaku-matematiikka\/?s={search_term_string}"},"query-input":{"@type":"PropertyValueSpecification","valueRequired":true,"valueName":"search_term_string"}}],"inLanguage":"fi"}]}},"_links":{"self":[{"href":"https:\/\/blogs.uef.fi\/tiedonhaku-matematiikka\/wp-json\/wp\/v2\/pages\/186","targetHints":{"allow":["GET"]}}],"collection":[{"href":"https:\/\/blogs.uef.fi\/tiedonhaku-matematiikka\/wp-json\/wp\/v2\/pages"}],"about":[{"href":"https:\/\/blogs.uef.fi\/tiedonhaku-matematiikka\/wp-json\/wp\/v2\/types\/page"}],"author":[{"embeddable":true,"href":"https:\/\/blogs.uef.fi\/tiedonhaku-matematiikka\/wp-json\/wp\/v2\/users\/127"}],"replies":[{"embeddable":true,"href":"https:\/\/blogs.uef.fi\/tiedonhaku-matematiikka\/wp-json\/wp\/v2\/comments?post=186"}],"version-history":[{"count":2,"href":"https:\/\/blogs.uef.fi\/tiedonhaku-matematiikka\/wp-json\/wp\/v2\/pages\/186\/revisions"}],"predecessor-version":[{"id":2771,"href":"https:\/\/blogs.uef.fi\/tiedonhaku-matematiikka\/wp-json\/wp\/v2\/pages\/186\/revisions\/2771"}],"up":[{"embeddable":true,"href":"https:\/\/blogs.uef.fi\/tiedonhaku-matematiikka\/wp-json\/wp\/v2\/pages\/585"}],"wp:attachment":[{"href":"https:\/\/blogs.uef.fi\/tiedonhaku-matematiikka\/wp-json\/wp\/v2\/media?parent=186"}],"curies":[{"name":"wp","href":"https:\/\/api.w.org\/{rel}","templated":true}]}}