{"id":182,"date":"2015-09-17T09:55:11","date_gmt":"2015-09-17T09:55:11","guid":{"rendered":"https:\/\/ueflibrarymat.wordpress.com\/?page_id=182"},"modified":"2024-07-04T11:35:48","modified_gmt":"2024-07-04T08:35:48","slug":"milloin-hakutulos-on-riittava","status":"publish","type":"page","link":"https:\/\/blogs.uef.fi\/tiedonhaku-matematiikka\/hakulauseet-2\/milloin-hakutulos-on-riittava\/","title":{"rendered":"Milloin hakutulos on riitt\u00e4v\u00e4?"},"content":{"rendered":"\n<p>Haun onnistuminen&nbsp; tulosten perusteella arvioituna riippuu haun tarkoituksesta. Joskus riitt\u00e4\u00e4 v\u00e4h\u00e4n, mutta <strong>tarkasti aiheeseen liittyvi\u00e4 tuloksia<\/strong>. Toisella kertaa on tarpeen saada esiin \u201d<strong>kaikki mahdollinen<\/strong>\u201d, vaikka osa tuloksista menisikin ohi aiheen.<\/p>\n\n\n\n<h2 class=\"wp-block-heading\">Haetko m\u00e4\u00e4r\u00e4\u00e4 vai aiheenmukaisuutta?<\/h2>\n\n\n\n<p>Usein tulosten m\u00e4\u00e4r\u00e4 ja aiheenmukaisuus eli relevanssi ovat toisilleen vastakkaiset lopputulemat. N\u00e4iden kahden <strong>sopivaa yhdistelm\u00e4\u00e4 haetaan muuntelemalla hakulauseita<\/strong> tietyin keinoin.<\/p>\n\n\n\n<figure class=\"wp-block-image size-full is-resized\"><img decoding=\"async\" src=\"https:\/\/blogs.uef.fi\/tiedonhaku-fysiikka\/wp-content\/uploads\/sites\/49\/2021\/08\/aihe_vs_maara.png\" alt=\"Koordinaatisto, jossa x-akselilla tulosten relevanssi ja y-akselilla tulosten m\u00e4\u00e4r\u00e4. Yksitt\u00e4inen havainto on merkitty raksilla. Havainnot muodostavat laskevan funktion mukaisen pilven: mit\u00e4 isompi y:n arvo, sen pienempi x:n arvo.\" class=\"wp-image-1859\" style=\"width:500px;height:undefinedpx\" \/><\/figure>\n\n\n\n<h2 class=\"wp-block-heading\">Tiedonhaku kirjallisuuskatsausta varten<\/h2>\n\n\n\n<p>Jos tehd\u00e4\u00e4n muuta kuin puhtaasti matemaattista opinn\u00e4ytety\u00f6t\u00e4, vaikkapa matematiikan opetukseen liittyv\u00e4 ty\u00f6, on opinn\u00e4ytteen yksi osa ns. <strong>kirjallisuuskatsaus<\/strong>, joka toimii johdantona k\u00e4sitelt\u00e4v\u00e4lle aiheelle.  Opinn\u00e4yte voi my\u00f6s koostua pelk\u00e4st\u00e4\u00e4n kirjallisuuskatsauksesta.<\/p>\n\n\n\n<p>Kirjallisuuskatsauksen idea on taustoittaa aihetta ja luoda kokonaiskuva k\u00e4sill\u00e4 olevasta kysymyksest\u00e4. T\u00e4h\u00e4n tarvitaan useita eri l\u00e4hteit\u00e4, jotta kokonaiskuva aiheesta hahmottuu tarkemmin ja luotettavammin.<\/p>\n\n\n\n<p> L\u00e4hteist\u00e4 voidaan hakea yhtenev\u00e4isyyksi\u00e4 ja toisaalta verrata kesken\u00e4\u00e4n ristiriitaisia tietoja, etsi\u00e4 erilaisia ratkaisumalleja sek\u00e4 havaita ongelmakohtia, joihin on aikaisemmin t\u00f6rm\u00e4tty. Yhdist\u00e4m\u00e4ll\u00e4 eri l\u00e4hteist\u00e4 tulevaa tietoa voidaan kehitell\u00e4 kokonaan uusia ajatuksia.<\/p>\n\n\n\n<p><strong>Lyhyemp\u00e4\u00e4 kirjallisuuskatsausta<\/strong> <strong>varten riitt\u00e4\u00e4, ett\u00e4 t\u00e4rkeimm\u00e4t l\u00e4hteet on luettu. <\/strong><br><br>T\u00e4m\u00e4kin vaatii useita tiedonhakuja, jota t\u00e4rkeimm\u00e4t l\u00e4hteet ylip\u00e4\u00e4ns\u00e4 nousevat esille. Julkaisuihin pit\u00e4\u00e4 my\u00f6s perehty\u00e4 tarkemmin, ennen kuin voi valita niist\u00e4 keskeiset. My\u00f6s ihan uusimpia julkaisuja kannattaa tutkailla.<\/p>\n\n\n\n<p><strong>Kattavaa kirjallisuuskatsausta<\/strong> <strong>varten tarvitaan laaja tiedonhaku, jolla selvitet\u00e4\u00e4n \u201dkaikki\u201d, mit\u00e4 aiheesta on julkaistu.<br><\/strong><br>Kattavassa tiedonhaussa haetaan mieluummin \u201cliian suuri\u201d hakutulos, jotta varmasti kaikki aiheeseen liittyv\u00e4 saadaan mukaan. Hakutulosta seulotaan ensin otsikon, sitten tiivistelm\u00e4n mukaan. Lopulta j\u00e4ljelle j\u00e4\u00e4v\u00e4t ne, jotka luetaan kokonaisuudessaan.<\/p>\n\n\n\n<h2 class=\"wp-block-heading\">Hyv\u00e4 tiedonhaku k\u00e4y l\u00e4pi:<\/h2>\n\n\n\n<ul class=\"wp-block-list\">\n<li><strong>Kotimaiset ja ulkomaiset<\/strong> tiedonl\u00e4hteet<\/li>\n\n\n\n<li>Eri<strong> tyyppiset<\/strong> tiedonl\u00e4hteet (kirjat, v\u00e4it\u00f6skirjat, konferenssiraportit, tieteelliset artikkelit ja vastaavat)<\/li>\n\n\n\n<li>Kattavasti aihetta kuvaavat<strong> hakusanat<\/strong> ja niiden erilaiset yhdistelm\u00e4t<\/li>\n<\/ul>\n\n\n\n<p>Hae siis esim. seuraavista l\u00e4hteist\u00e4:<\/p>\n\n\n\n<ul class=\"wp-block-list\">\n<li>UEF-Primo \/ kansallinen Finna<\/li>\n\n\n\n<li>MathSciNet \/ Web of Science \/ Scopus<\/li>\n\n\n\n<li>Google ja Google Scholar \/ Google Books<\/li>\n<\/ul>\n\n\n\n<p>Kasvatustieteen &#8221;oma&#8221; tietokanta on <strong>Eric<\/strong>. Se sis\u00e4lt\u00e4\u00e4 on my\u00f6s <strong>matematiikan opetukseen<\/strong> liittyv\u00e4\u00e4 kirjallisuutta.<\/p>\n\n\n\n<h3 class=\"wp-block-heading\">Kirjallisuuden k\u00e4ytt\u00f6 matemaattisessa opinn\u00e4ytteess\u00e4<\/h3>\n\n\n\n<p>Jos opinn\u00e4yte on puhtaasti matematiikkaan liittyv\u00e4, ei kirjallisuutta k\u00e4ytet\u00e4 kirjallisuuskatsauksen tavoin vertailemaan eri l\u00e4hteist\u00e4 tulevaa tietoa, vaan paremminkin etsit\u00e4\u00e4n vastauksia tiettyihin t\u00e4sm\u00e4llisiin ongelmiin ja ksymyksiin. Siten relevanssi on tuloksissa t\u00e4rke\u00e4mp\u00e4\u00e4 kuin runsas m\u00e4\u00e4r\u00e4. Laatuun kannattaa kiinnitt\u00e4\u00e4 huomiota sit\u00e4kin enemm\u00e4n, jotta voidaan luottaa, ett\u00e4 k\u00e4ytetty l\u00e4hde esitt\u00e4\u00e4 asian oikein.<\/p>\n\n\n\n<p class=\"has-text-align-right\">Seuraava sivu: <a href=\"https:\/\/blogs.uef.fi\/tiedonhaku-matematiikka\/tarkempia-tuloksia\/\">Hakulauseen muokkaus<\/a><\/p>\n","protected":false},"excerpt":{"rendered":"<p>Haun onnistuminen&nbsp; tulosten perusteella arvioituna riippuu haun tarkoituksesta. Joskus riitt\u00e4\u00e4 v\u00e4h\u00e4n, mutta tarkasti aiheeseen liittyvi\u00e4 tuloksia. Toisella kertaa on tarpeen saada esiin \u201dkaikki mahdollinen\u201d, vaikka osa tuloksista menisikin ohi aiheen. Haetko m\u00e4\u00e4r\u00e4\u00e4 vai aiheenmukaisuutta? Usein tulosten m\u00e4\u00e4r\u00e4 ja aiheenmukaisuus eli relevanssi ovat toisilleen vastakkaiset lopputulemat. N\u00e4iden kahden sopivaa yhdistelm\u00e4\u00e4 haetaan muuntelemalla hakulauseita tietyin keinoin. Tiedonhaku [&hellip;]<\/p>\n","protected":false},"author":127,"featured_media":0,"parent":585,"menu_order":5,"comment_status":"closed","ping_status":"closed","template":"","meta":{"_acf_changed":false,"footnotes":""},"class_list":["post-182","page","type-page","status-publish","hentry"],"acf":[],"yoast_head":"<!-- This site is optimized with the Yoast SEO plugin v27.3 - https:\/\/yoast.com\/product\/yoast-seo-wordpress\/ -->\n<title>Milloin hakutulos on riitt\u00e4v\u00e4? - Matematiikan tiedonhaku \/ UEF kirjasto<\/title>\n<meta name=\"robots\" content=\"index, follow, max-snippet:-1, max-image-preview:large, max-video-preview:-1\" \/>\n<link rel=\"canonical\" href=\"https:\/\/blogs.uef.fi\/tiedonhaku-matematiikka\/hakulauseet-2\/milloin-hakutulos-on-riittava\/\" \/>\n<meta property=\"og:locale\" content=\"fi_FI\" \/>\n<meta property=\"og:type\" content=\"article\" \/>\n<meta property=\"og:title\" content=\"Milloin hakutulos on riitt\u00e4v\u00e4? - Matematiikan tiedonhaku \/ UEF kirjasto\" \/>\n<meta property=\"og:description\" content=\"Haun onnistuminen&nbsp; tulosten perusteella arvioituna riippuu haun tarkoituksesta. Joskus riitt\u00e4\u00e4 v\u00e4h\u00e4n, mutta tarkasti aiheeseen liittyvi\u00e4 tuloksia. Toisella kertaa on tarpeen saada esiin \u201dkaikki mahdollinen\u201d, vaikka osa tuloksista menisikin ohi aiheen. Haetko m\u00e4\u00e4r\u00e4\u00e4 vai aiheenmukaisuutta? Usein tulosten m\u00e4\u00e4r\u00e4 ja aiheenmukaisuus eli relevanssi ovat toisilleen vastakkaiset lopputulemat. N\u00e4iden kahden sopivaa yhdistelm\u00e4\u00e4 haetaan muuntelemalla hakulauseita tietyin keinoin. Tiedonhaku [&hellip;]\" \/>\n<meta property=\"og:url\" content=\"https:\/\/blogs.uef.fi\/tiedonhaku-matematiikka\/hakulauseet-2\/milloin-hakutulos-on-riittava\/\" \/>\n<meta property=\"og:site_name\" content=\"Matematiikan tiedonhaku \/ UEF kirjasto\" \/>\n<meta property=\"article:modified_time\" content=\"2024-07-04T08:35:48+00:00\" \/>\n<meta property=\"og:image\" content=\"https:\/\/blogs.uef.fi\/tiedonhaku-fysiikka\/wp-content\/uploads\/sites\/49\/2021\/08\/aihe_vs_maara.png\" \/>\n<meta name=\"twitter:card\" content=\"summary_large_image\" \/>\n<meta name=\"twitter:label1\" content=\"Arvioitu lukuaika\" \/>\n\t<meta name=\"twitter:data1\" content=\"3 minuuttia\" \/>\n<script type=\"application\/ld+json\" class=\"yoast-schema-graph\">{\"@context\":\"https:\\\/\\\/schema.org\",\"@graph\":[{\"@type\":\"WebPage\",\"@id\":\"https:\\\/\\\/blogs.uef.fi\\\/tiedonhaku-matematiikka\\\/hakulauseet-2\\\/milloin-hakutulos-on-riittava\\\/\",\"url\":\"https:\\\/\\\/blogs.uef.fi\\\/tiedonhaku-matematiikka\\\/hakulauseet-2\\\/milloin-hakutulos-on-riittava\\\/\",\"name\":\"Milloin hakutulos on riitt\u00e4v\u00e4? - Matematiikan tiedonhaku \\\/ UEF kirjasto\",\"isPartOf\":{\"@id\":\"https:\\\/\\\/blogs.uef.fi\\\/tiedonhaku-matematiikka\\\/#website\"},\"primaryImageOfPage\":{\"@id\":\"https:\\\/\\\/blogs.uef.fi\\\/tiedonhaku-matematiikka\\\/hakulauseet-2\\\/milloin-hakutulos-on-riittava\\\/#primaryimage\"},\"image\":{\"@id\":\"https:\\\/\\\/blogs.uef.fi\\\/tiedonhaku-matematiikka\\\/hakulauseet-2\\\/milloin-hakutulos-on-riittava\\\/#primaryimage\"},\"thumbnailUrl\":\"https:\\\/\\\/blogs.uef.fi\\\/tiedonhaku-fysiikka\\\/wp-content\\\/uploads\\\/sites\\\/49\\\/2021\\\/08\\\/aihe_vs_maara.png\",\"datePublished\":\"2015-09-17T09:55:11+00:00\",\"dateModified\":\"2024-07-04T08:35:48+00:00\",\"breadcrumb\":{\"@id\":\"https:\\\/\\\/blogs.uef.fi\\\/tiedonhaku-matematiikka\\\/hakulauseet-2\\\/milloin-hakutulos-on-riittava\\\/#breadcrumb\"},\"inLanguage\":\"fi\",\"potentialAction\":[{\"@type\":\"ReadAction\",\"target\":[\"https:\\\/\\\/blogs.uef.fi\\\/tiedonhaku-matematiikka\\\/hakulauseet-2\\\/milloin-hakutulos-on-riittava\\\/\"]}]},{\"@type\":\"ImageObject\",\"inLanguage\":\"fi\",\"@id\":\"https:\\\/\\\/blogs.uef.fi\\\/tiedonhaku-matematiikka\\\/hakulauseet-2\\\/milloin-hakutulos-on-riittava\\\/#primaryimage\",\"url\":\"https:\\\/\\\/blogs.uef.fi\\\/tiedonhaku-fysiikka\\\/wp-content\\\/uploads\\\/sites\\\/49\\\/2021\\\/08\\\/aihe_vs_maara.png\",\"contentUrl\":\"https:\\\/\\\/blogs.uef.fi\\\/tiedonhaku-fysiikka\\\/wp-content\\\/uploads\\\/sites\\\/49\\\/2021\\\/08\\\/aihe_vs_maara.png\"},{\"@type\":\"BreadcrumbList\",\"@id\":\"https:\\\/\\\/blogs.uef.fi\\\/tiedonhaku-matematiikka\\\/hakulauseet-2\\\/milloin-hakutulos-on-riittava\\\/#breadcrumb\",\"itemListElement\":[{\"@type\":\"ListItem\",\"position\":1,\"name\":\"Home\",\"item\":\"https:\\\/\\\/blogs.uef.fi\\\/tiedonhaku-matematiikka\\\/\"},{\"@type\":\"ListItem\",\"position\":2,\"name\":\"Hakulauseet\",\"item\":\"https:\\\/\\\/blogs.uef.fi\\\/tiedonhaku-matematiikka\\\/hakulauseet-2\\\/\"},{\"@type\":\"ListItem\",\"position\":3,\"name\":\"Milloin hakutulos on riitt\u00e4v\u00e4?\"}]},{\"@type\":\"WebSite\",\"@id\":\"https:\\\/\\\/blogs.uef.fi\\\/tiedonhaku-matematiikka\\\/#website\",\"url\":\"https:\\\/\\\/blogs.uef.fi\\\/tiedonhaku-matematiikka\\\/\",\"name\":\"Matematiikan tiedonhaku \\\/ UEF kirjasto\",\"description\":\"Matematiikan tiedonhaku on kattava oppimateriaali tiedonhakuun matemaatikoille. Se sis\u00e4lt\u00e4\u00e4 yleiset tiedonhaun tekniikat sek\u00e4 kemian alan tiedonl\u00e4hteet ohjeineen ja esimerkkeineen.\",\"potentialAction\":[{\"@type\":\"SearchAction\",\"target\":{\"@type\":\"EntryPoint\",\"urlTemplate\":\"https:\\\/\\\/blogs.uef.fi\\\/tiedonhaku-matematiikka\\\/?s={search_term_string}\"},\"query-input\":{\"@type\":\"PropertyValueSpecification\",\"valueRequired\":true,\"valueName\":\"search_term_string\"}}],\"inLanguage\":\"fi\"}]}<\/script>\n<!-- \/ Yoast SEO plugin. -->","yoast_head_json":{"title":"Milloin hakutulos on riitt\u00e4v\u00e4? - Matematiikan tiedonhaku \/ UEF kirjasto","robots":{"index":"index","follow":"follow","max-snippet":"max-snippet:-1","max-image-preview":"max-image-preview:large","max-video-preview":"max-video-preview:-1"},"canonical":"https:\/\/blogs.uef.fi\/tiedonhaku-matematiikka\/hakulauseet-2\/milloin-hakutulos-on-riittava\/","og_locale":"fi_FI","og_type":"article","og_title":"Milloin hakutulos on riitt\u00e4v\u00e4? - Matematiikan tiedonhaku \/ UEF kirjasto","og_description":"Haun onnistuminen&nbsp; tulosten perusteella arvioituna riippuu haun tarkoituksesta. Joskus riitt\u00e4\u00e4 v\u00e4h\u00e4n, mutta tarkasti aiheeseen liittyvi\u00e4 tuloksia. Toisella kertaa on tarpeen saada esiin \u201dkaikki mahdollinen\u201d, vaikka osa tuloksista menisikin ohi aiheen. Haetko m\u00e4\u00e4r\u00e4\u00e4 vai aiheenmukaisuutta? Usein tulosten m\u00e4\u00e4r\u00e4 ja aiheenmukaisuus eli relevanssi ovat toisilleen vastakkaiset lopputulemat. N\u00e4iden kahden sopivaa yhdistelm\u00e4\u00e4 haetaan muuntelemalla hakulauseita tietyin keinoin. Tiedonhaku [&hellip;]","og_url":"https:\/\/blogs.uef.fi\/tiedonhaku-matematiikka\/hakulauseet-2\/milloin-hakutulos-on-riittava\/","og_site_name":"Matematiikan tiedonhaku \/ UEF kirjasto","article_modified_time":"2024-07-04T08:35:48+00:00","og_image":[{"url":"https:\/\/blogs.uef.fi\/tiedonhaku-fysiikka\/wp-content\/uploads\/sites\/49\/2021\/08\/aihe_vs_maara.png","type":"","width":"","height":""}],"twitter_card":"summary_large_image","twitter_misc":{"Arvioitu lukuaika":"3 minuuttia"},"schema":{"@context":"https:\/\/schema.org","@graph":[{"@type":"WebPage","@id":"https:\/\/blogs.uef.fi\/tiedonhaku-matematiikka\/hakulauseet-2\/milloin-hakutulos-on-riittava\/","url":"https:\/\/blogs.uef.fi\/tiedonhaku-matematiikka\/hakulauseet-2\/milloin-hakutulos-on-riittava\/","name":"Milloin hakutulos on riitt\u00e4v\u00e4? - Matematiikan tiedonhaku \/ UEF kirjasto","isPartOf":{"@id":"https:\/\/blogs.uef.fi\/tiedonhaku-matematiikka\/#website"},"primaryImageOfPage":{"@id":"https:\/\/blogs.uef.fi\/tiedonhaku-matematiikka\/hakulauseet-2\/milloin-hakutulos-on-riittava\/#primaryimage"},"image":{"@id":"https:\/\/blogs.uef.fi\/tiedonhaku-matematiikka\/hakulauseet-2\/milloin-hakutulos-on-riittava\/#primaryimage"},"thumbnailUrl":"https:\/\/blogs.uef.fi\/tiedonhaku-fysiikka\/wp-content\/uploads\/sites\/49\/2021\/08\/aihe_vs_maara.png","datePublished":"2015-09-17T09:55:11+00:00","dateModified":"2024-07-04T08:35:48+00:00","breadcrumb":{"@id":"https:\/\/blogs.uef.fi\/tiedonhaku-matematiikka\/hakulauseet-2\/milloin-hakutulos-on-riittava\/#breadcrumb"},"inLanguage":"fi","potentialAction":[{"@type":"ReadAction","target":["https:\/\/blogs.uef.fi\/tiedonhaku-matematiikka\/hakulauseet-2\/milloin-hakutulos-on-riittava\/"]}]},{"@type":"ImageObject","inLanguage":"fi","@id":"https:\/\/blogs.uef.fi\/tiedonhaku-matematiikka\/hakulauseet-2\/milloin-hakutulos-on-riittava\/#primaryimage","url":"https:\/\/blogs.uef.fi\/tiedonhaku-fysiikka\/wp-content\/uploads\/sites\/49\/2021\/08\/aihe_vs_maara.png","contentUrl":"https:\/\/blogs.uef.fi\/tiedonhaku-fysiikka\/wp-content\/uploads\/sites\/49\/2021\/08\/aihe_vs_maara.png"},{"@type":"BreadcrumbList","@id":"https:\/\/blogs.uef.fi\/tiedonhaku-matematiikka\/hakulauseet-2\/milloin-hakutulos-on-riittava\/#breadcrumb","itemListElement":[{"@type":"ListItem","position":1,"name":"Home","item":"https:\/\/blogs.uef.fi\/tiedonhaku-matematiikka\/"},{"@type":"ListItem","position":2,"name":"Hakulauseet","item":"https:\/\/blogs.uef.fi\/tiedonhaku-matematiikka\/hakulauseet-2\/"},{"@type":"ListItem","position":3,"name":"Milloin hakutulos on riitt\u00e4v\u00e4?"}]},{"@type":"WebSite","@id":"https:\/\/blogs.uef.fi\/tiedonhaku-matematiikka\/#website","url":"https:\/\/blogs.uef.fi\/tiedonhaku-matematiikka\/","name":"Matematiikan tiedonhaku \/ UEF kirjasto","description":"Matematiikan tiedonhaku on kattava oppimateriaali tiedonhakuun matemaatikoille. Se sis\u00e4lt\u00e4\u00e4 yleiset tiedonhaun tekniikat sek\u00e4 kemian alan tiedonl\u00e4hteet ohjeineen ja esimerkkeineen.","potentialAction":[{"@type":"SearchAction","target":{"@type":"EntryPoint","urlTemplate":"https:\/\/blogs.uef.fi\/tiedonhaku-matematiikka\/?s={search_term_string}"},"query-input":{"@type":"PropertyValueSpecification","valueRequired":true,"valueName":"search_term_string"}}],"inLanguage":"fi"}]}},"_links":{"self":[{"href":"https:\/\/blogs.uef.fi\/tiedonhaku-matematiikka\/wp-json\/wp\/v2\/pages\/182","targetHints":{"allow":["GET"]}}],"collection":[{"href":"https:\/\/blogs.uef.fi\/tiedonhaku-matematiikka\/wp-json\/wp\/v2\/pages"}],"about":[{"href":"https:\/\/blogs.uef.fi\/tiedonhaku-matematiikka\/wp-json\/wp\/v2\/types\/page"}],"author":[{"embeddable":true,"href":"https:\/\/blogs.uef.fi\/tiedonhaku-matematiikka\/wp-json\/wp\/v2\/users\/127"}],"replies":[{"embeddable":true,"href":"https:\/\/blogs.uef.fi\/tiedonhaku-matematiikka\/wp-json\/wp\/v2\/comments?post=182"}],"version-history":[{"count":2,"href":"https:\/\/blogs.uef.fi\/tiedonhaku-matematiikka\/wp-json\/wp\/v2\/pages\/182\/revisions"}],"predecessor-version":[{"id":3090,"href":"https:\/\/blogs.uef.fi\/tiedonhaku-matematiikka\/wp-json\/wp\/v2\/pages\/182\/revisions\/3090"}],"up":[{"embeddable":true,"href":"https:\/\/blogs.uef.fi\/tiedonhaku-matematiikka\/wp-json\/wp\/v2\/pages\/585"}],"wp:attachment":[{"href":"https:\/\/blogs.uef.fi\/tiedonhaku-matematiikka\/wp-json\/wp\/v2\/media?parent=182"}],"curies":[{"name":"wp","href":"https:\/\/api.w.org\/{rel}","templated":true}]}}