{"id":172,"date":"2015-09-17T09:15:13","date_gmt":"2015-09-17T09:15:13","guid":{"rendered":"https:\/\/ueflibrarymat.wordpress.com\/?page_id=172"},"modified":"2024-01-17T15:19:45","modified_gmt":"2024-01-17T13:19:45","slug":"sarjojen-ja-kokousjulkaisujen-hakeminen","status":"publish","type":"page","link":"https:\/\/blogs.uef.fi\/tiedonhaku-matematiikka\/hakukoneet\/sarjojen-ja-kokousjulkaisujen-hakeminen\/","title":{"rendered":"Sarjojen ja kokousjulkaisujen hakeminen"},"content":{"rendered":"\n<h2 class=\"wp-block-heading\">Sarjoissa julkaistut tutkimukset<\/h2>\n\n\n\n<p>Peruslinja nykyisin on, ett\u00e4 julkaisut ovat <strong>vapaasti verkossa luettavissa.<\/strong> Verkkojulkaiseminen yleistyi kuitenkin vaihtelevasti 2000-luvulla, eik\u00e4 vanhempia aineistoja ole tuotu takautuvasti verkkoon. <strong>Vanhemmat aineistot<\/strong> l\u00f6ytyv\u00e4t painettuina kirjastoista.<\/p>\n\n\n\n<h2 class=\"wp-block-heading\">Uudet sarjajulkaisut l\u00f6ytyv\u00e4t helpoiten yleisill\u00e4 hakukoneilla.<\/h2>\n\n\n\n<p>Muista silti, ett\u00e4 esim. Google k\u00e4ytt\u00e4\u00e4 <strong>tulosten j\u00e4rjest\u00e4miseen<\/strong> paitsi itse tekstiss\u00e4 esiintyvi\u00e4 sanoja, my\u00f6s viittauksia sivujen kesken ja sivujen k\u00e4ytt\u00f6astetta (=kuinka usein linkki\u00e4 on klikattu).<br><br>Jos kyseess\u00e4 on suhteellisen v\u00e4h\u00e4n k\u00e4ytetty julkaisu, voi k\u00e4yd\u00e4 niin, ett\u00e4 hakutuloslajittelu ei nosta hyv\u00e4\u00e4k\u00e4\u00e4n aineistoa niin korkealle kuin sis\u00e4ll\u00f6n perusteella kuuluisi. Kannattaa siis selailla tuloslistaa pidemm\u00e4lle.<br><br>Julkaisujen selaaminen suoraan haluamansa <strong>organisaation kotisivuilta<\/strong> on k\u00e4tev\u00e4\u00e4, jos haluaa v\u00e4ltt\u00e4\u00e4 hakukoneiden tuoman sekalaisen s\u00e4l\u00e4n.<\/p>\n\n\n\n<h2 class=\"wp-block-heading\">Hae vanhempia sarjajulkaisuja kirjastotietokannasta<\/h2>\n\n\n\n<p><strong>Erityisesti v\u00e4h\u00e4n vanhempia sarjoja kannattaa hakea UEF-Primosta.<\/strong> K\u00e4yt\u00e4 hakuna oletushakua (haku kirjaston kokoelmista). Voit kirjoittaa hakuun sarjan nimen tai yksitt\u00e4isen osan nimen.<\/p>\n\n\n\n<p>Uusiakin sarjajulkaisuja kirjastoissa on edelleen painettuna, mutta ei yht\u00e4 kattavasti kuin aiemmin. Vain ja ainoastaan verkossa julkaistua aineistoa, jota ovat mm. erilaiset raportit ym. selvitykset, ei yleens\u00e4 tallenneta UEF-Primoon.<\/p>\n\n\n\n<figure class=\"wp-block-image size-full is-resized\"><img loading=\"lazy\" decoding=\"async\" width=\"483\" height=\"693\" src=\"https:\/\/blogs.uef.fi\/tiedonhaku-matematiikka\/wp-content\/uploads\/sites\/51\/2015\/09\/sarja.png\" alt=\"Matematiikan ja luonnontieteiden ajankohtaista tutkimusta -kirjan kansikuva.\" class=\"wp-image-173\" style=\"width:121px;height:173px\" \/><figcaption class=\"wp-element-caption\">T\u00e4m\u00e4 julkaisu l\u00f6ytyy sek\u00e4 painettuna kirjastosta ett\u00e4 vapaasti verkosta<\/figcaption><\/figure>\n\n\n\n<p><\/p>\n\n\n\n<p>Sarjajulkaisua voi hakea<\/p>\n\n\n\n<ul class=\"wp-block-list\">\n<li><strong>sarjan<\/strong> nimell\u00e4<\/li>\n\n\n\n<li><strong>osan ja tekij\u00e4n<\/strong> nimell\u00e4<\/li>\n\n\n\n<li><strong>aiheenmukaisesti<\/strong> samoin kuin kirjoja<\/li>\n<\/ul>\n\n\n\n<figure class=\"wp-block-image size-full\"><img loading=\"lazy\" decoding=\"async\" width=\"1566\" height=\"572\" src=\"https:\/\/blogs.uef.fi\/tiedonhaku-matematiikka\/wp-content\/uploads\/sites\/51\/2021\/09\/MAt_sarja.png\" alt=\"Kuvakaappaus UEF-Primosta. Yksityiskohta kirjan tiedoista. Rivill\u00e4 Sarja kerrotaan ensiksi sarjan nimi, Tampereen yliopiston opettajankoulutuslaitoksen monisteita B. Numeroyhdistelm\u00e4 1239-4068 on sarjan nk. ISSN-tunnus. T\u00e4m\u00e4n per\u00e4ss\u00e4 on osan numero: 9. Seliteteksti: Huomaa my\u00f6s \u2019B\u2019 sarjan nimess\u00e4. Kuva kirjan saatavuustiedoista, siin\u00e4 korostettuna kohta \u2019P 37s Tampereen\u2026\u2019.\" class=\"wp-image-1240\" style=\"object-fit:cover\" srcset=\"https:\/\/blogs.uef.fi\/tiedonhaku-matematiikka\/wp-content\/uploads\/sites\/51\/2021\/09\/MAt_sarja.png 1566w, https:\/\/blogs.uef.fi\/tiedonhaku-matematiikka\/wp-content\/uploads\/sites\/51\/2021\/09\/MAt_sarja-300x110.png 300w, https:\/\/blogs.uef.fi\/tiedonhaku-matematiikka\/wp-content\/uploads\/sites\/51\/2021\/09\/MAt_sarja-1024x374.png 1024w, https:\/\/blogs.uef.fi\/tiedonhaku-matematiikka\/wp-content\/uploads\/sites\/51\/2021\/09\/MAt_sarja-768x281.png 768w, https:\/\/blogs.uef.fi\/tiedonhaku-matematiikka\/wp-content\/uploads\/sites\/51\/2021\/09\/MAt_sarja-1536x561.png 1536w\" sizes=\"auto, (max-width: 1566px) 100vw, 1566px\" \/><\/figure>\n\n\n\n<p>Osa sarjoista on kirjastossa sijoitettu yhten\u00e4isin\u00e4 sarjoina ns. <strong>sarjahyllyihin (<\/strong>tunnus pieni <strong>s).<\/strong> Osa sarjojen osista taas on <strong>hajautettu<\/strong> aiheen mukaan eri hyllyihin.<\/p>\n\n\n\n<h2 class=\"wp-block-heading\">KOKOUSJULKAISUT (konferenssit, proceedings)<\/h2>\n\n\n\n<p>Kokousjulkaisutkin ovat usein<strong> sarjoja;<\/strong> tietty konferenssi j\u00e4rjestet\u00e4\u00e4n vuosittain tai muutaman vuoden v\u00e4lein. <br><br>Konferenssijulkaisut sis\u00e4lt\u00e4v\u00e4t <strong>lyhyit\u00e4 artikkeleita:<\/strong> tiivistelmi\u00e4 pidetyist\u00e4 <strong>esitelmist\u00e4 sek\u00e4 postereista.<\/strong> Julkaisu voi olla painettu tai elektroninen.<br><br>Kokousjulkaisuja haetaan kuten sarjajulkaisujakin: <strong>hakukoneilla netist\u00e4, konferenssien kotisivuilta sek\u00e4 kirjasto- ja kirjallisuustietokannoista.<\/strong><\/p>\n\n\n\n<p class=\"has-text-align-right\">Seuraava sivu: <a href=\"https:\/\/blogs.uef.fi\/tiedonhaku-matematiikka\/vaitoskirjojen-ja-gradujen-hakeminen\/\">Opinn\u00e4ytteiden hakeminen<\/a><\/p>\n","protected":false},"excerpt":{"rendered":"<p>Sarjoissa julkaistut tutkimukset Peruslinja nykyisin on, ett\u00e4 julkaisut ovat vapaasti verkossa luettavissa. Verkkojulkaiseminen yleistyi kuitenkin vaihtelevasti 2000-luvulla, eik\u00e4 vanhempia aineistoja ole tuotu takautuvasti verkkoon. Vanhemmat aineistot l\u00f6ytyv\u00e4t painettuina kirjastoista. Uudet sarjajulkaisut l\u00f6ytyv\u00e4t helpoiten yleisill\u00e4 hakukoneilla. Muista silti, ett\u00e4 esim. Google k\u00e4ytt\u00e4\u00e4 tulosten j\u00e4rjest\u00e4miseen paitsi itse tekstiss\u00e4 esiintyvi\u00e4 sanoja, my\u00f6s viittauksia sivujen kesken ja sivujen k\u00e4ytt\u00f6astetta [&hellip;]<\/p>\n","protected":false},"author":127,"featured_media":0,"parent":589,"menu_order":0,"comment_status":"closed","ping_status":"closed","template":"","meta":{"_acf_changed":false,"footnotes":""},"class_list":["post-172","page","type-page","status-publish","hentry"],"acf":[],"yoast_head":"<!-- This site is optimized with the Yoast SEO plugin v27.1.1 - https:\/\/yoast.com\/product\/yoast-seo-wordpress\/ -->\n<title>Sarjojen ja kokousjulkaisujen hakeminen - Matematiikan tiedonhaku \/ UEF kirjasto<\/title>\n<meta name=\"robots\" content=\"index, follow, max-snippet:-1, max-image-preview:large, max-video-preview:-1\" \/>\n<link rel=\"canonical\" href=\"https:\/\/blogs.uef.fi\/tiedonhaku-matematiikka\/hakukoneet\/sarjojen-ja-kokousjulkaisujen-hakeminen\/\" \/>\n<meta property=\"og:locale\" content=\"fi_FI\" \/>\n<meta property=\"og:type\" content=\"article\" \/>\n<meta property=\"og:title\" content=\"Sarjojen ja kokousjulkaisujen hakeminen - Matematiikan tiedonhaku \/ UEF kirjasto\" \/>\n<meta property=\"og:description\" content=\"Sarjoissa julkaistut tutkimukset Peruslinja nykyisin on, ett\u00e4 julkaisut ovat vapaasti verkossa luettavissa. Verkkojulkaiseminen yleistyi kuitenkin vaihtelevasti 2000-luvulla, eik\u00e4 vanhempia aineistoja ole tuotu takautuvasti verkkoon. Vanhemmat aineistot l\u00f6ytyv\u00e4t painettuina kirjastoista. Uudet sarjajulkaisut l\u00f6ytyv\u00e4t helpoiten yleisill\u00e4 hakukoneilla. Muista silti, ett\u00e4 esim. Google k\u00e4ytt\u00e4\u00e4 tulosten j\u00e4rjest\u00e4miseen paitsi itse tekstiss\u00e4 esiintyvi\u00e4 sanoja, my\u00f6s viittauksia sivujen kesken ja sivujen k\u00e4ytt\u00f6astetta [&hellip;]\" \/>\n<meta property=\"og:url\" content=\"https:\/\/blogs.uef.fi\/tiedonhaku-matematiikka\/hakukoneet\/sarjojen-ja-kokousjulkaisujen-hakeminen\/\" \/>\n<meta property=\"og:site_name\" content=\"Matematiikan tiedonhaku \/ UEF kirjasto\" \/>\n<meta property=\"article:modified_time\" content=\"2024-01-17T13:19:45+00:00\" \/>\n<meta property=\"og:image\" content=\"https:\/\/blogs.uef.fi\/tiedonhaku-matematiikka\/wp-content\/uploads\/sites\/51\/2015\/09\/sarja.png\" \/>\n<meta name=\"twitter:card\" content=\"summary_large_image\" \/>\n<meta name=\"twitter:label1\" content=\"Arvioitu lukuaika\" \/>\n\t<meta name=\"twitter:data1\" content=\"2 minuuttia\" \/>\n<script type=\"application\/ld+json\" class=\"yoast-schema-graph\">{\"@context\":\"https:\/\/schema.org\",\"@graph\":[{\"@type\":\"WebPage\",\"@id\":\"https:\/\/blogs.uef.fi\/tiedonhaku-matematiikka\/hakukoneet\/sarjojen-ja-kokousjulkaisujen-hakeminen\/\",\"url\":\"https:\/\/blogs.uef.fi\/tiedonhaku-matematiikka\/hakukoneet\/sarjojen-ja-kokousjulkaisujen-hakeminen\/\",\"name\":\"Sarjojen ja kokousjulkaisujen hakeminen - Matematiikan tiedonhaku \/ UEF kirjasto\",\"isPartOf\":{\"@id\":\"https:\/\/blogs.uef.fi\/tiedonhaku-matematiikka\/#website\"},\"primaryImageOfPage\":{\"@id\":\"https:\/\/blogs.uef.fi\/tiedonhaku-matematiikka\/hakukoneet\/sarjojen-ja-kokousjulkaisujen-hakeminen\/#primaryimage\"},\"image\":{\"@id\":\"https:\/\/blogs.uef.fi\/tiedonhaku-matematiikka\/hakukoneet\/sarjojen-ja-kokousjulkaisujen-hakeminen\/#primaryimage\"},\"thumbnailUrl\":\"https:\/\/blogs.uef.fi\/tiedonhaku-matematiikka\/wp-content\/uploads\/sites\/51\/2015\/09\/sarja.png\",\"datePublished\":\"2015-09-17T09:15:13+00:00\",\"dateModified\":\"2024-01-17T13:19:45+00:00\",\"breadcrumb\":{\"@id\":\"https:\/\/blogs.uef.fi\/tiedonhaku-matematiikka\/hakukoneet\/sarjojen-ja-kokousjulkaisujen-hakeminen\/#breadcrumb\"},\"inLanguage\":\"fi\",\"potentialAction\":[{\"@type\":\"ReadAction\",\"target\":[\"https:\/\/blogs.uef.fi\/tiedonhaku-matematiikka\/hakukoneet\/sarjojen-ja-kokousjulkaisujen-hakeminen\/\"]}]},{\"@type\":\"ImageObject\",\"inLanguage\":\"fi\",\"@id\":\"https:\/\/blogs.uef.fi\/tiedonhaku-matematiikka\/hakukoneet\/sarjojen-ja-kokousjulkaisujen-hakeminen\/#primaryimage\",\"url\":\"https:\/\/blogs.uef.fi\/tiedonhaku-matematiikka\/wp-content\/uploads\/sites\/51\/2015\/09\/sarja.png\",\"contentUrl\":\"https:\/\/blogs.uef.fi\/tiedonhaku-matematiikka\/wp-content\/uploads\/sites\/51\/2015\/09\/sarja.png\",\"width\":483,\"height\":693},{\"@type\":\"BreadcrumbList\",\"@id\":\"https:\/\/blogs.uef.fi\/tiedonhaku-matematiikka\/hakukoneet\/sarjojen-ja-kokousjulkaisujen-hakeminen\/#breadcrumb\",\"itemListElement\":[{\"@type\":\"ListItem\",\"position\":1,\"name\":\"Home\",\"item\":\"https:\/\/blogs.uef.fi\/tiedonhaku-matematiikka\/\"},{\"@type\":\"ListItem\",\"position\":2,\"name\":\"Hakukoneet\",\"item\":\"https:\/\/blogs.uef.fi\/tiedonhaku-matematiikka\/hakukoneet\/\"},{\"@type\":\"ListItem\",\"position\":3,\"name\":\"Sarjojen ja kokousjulkaisujen hakeminen\"}]},{\"@type\":\"WebSite\",\"@id\":\"https:\/\/blogs.uef.fi\/tiedonhaku-matematiikka\/#website\",\"url\":\"https:\/\/blogs.uef.fi\/tiedonhaku-matematiikka\/\",\"name\":\"Matematiikan tiedonhaku \/ UEF kirjasto\",\"description\":\"Matematiikan tiedonhaku on kattava oppimateriaali tiedonhakuun matemaatikoille. Se sis\u00e4lt\u00e4\u00e4 yleiset tiedonhaun tekniikat sek\u00e4 kemian alan tiedonl\u00e4hteet ohjeineen ja esimerkkeineen.\",\"potentialAction\":[{\"@type\":\"SearchAction\",\"target\":{\"@type\":\"EntryPoint\",\"urlTemplate\":\"https:\/\/blogs.uef.fi\/tiedonhaku-matematiikka\/?s={search_term_string}\"},\"query-input\":{\"@type\":\"PropertyValueSpecification\",\"valueRequired\":true,\"valueName\":\"search_term_string\"}}],\"inLanguage\":\"fi\"}]}<\/script>\n<!-- \/ Yoast SEO plugin. -->","yoast_head_json":{"title":"Sarjojen ja kokousjulkaisujen hakeminen - Matematiikan tiedonhaku \/ UEF kirjasto","robots":{"index":"index","follow":"follow","max-snippet":"max-snippet:-1","max-image-preview":"max-image-preview:large","max-video-preview":"max-video-preview:-1"},"canonical":"https:\/\/blogs.uef.fi\/tiedonhaku-matematiikka\/hakukoneet\/sarjojen-ja-kokousjulkaisujen-hakeminen\/","og_locale":"fi_FI","og_type":"article","og_title":"Sarjojen ja kokousjulkaisujen hakeminen - Matematiikan tiedonhaku \/ UEF kirjasto","og_description":"Sarjoissa julkaistut tutkimukset Peruslinja nykyisin on, ett\u00e4 julkaisut ovat vapaasti verkossa luettavissa. Verkkojulkaiseminen yleistyi kuitenkin vaihtelevasti 2000-luvulla, eik\u00e4 vanhempia aineistoja ole tuotu takautuvasti verkkoon. Vanhemmat aineistot l\u00f6ytyv\u00e4t painettuina kirjastoista. Uudet sarjajulkaisut l\u00f6ytyv\u00e4t helpoiten yleisill\u00e4 hakukoneilla. Muista silti, ett\u00e4 esim. Google k\u00e4ytt\u00e4\u00e4 tulosten j\u00e4rjest\u00e4miseen paitsi itse tekstiss\u00e4 esiintyvi\u00e4 sanoja, my\u00f6s viittauksia sivujen kesken ja sivujen k\u00e4ytt\u00f6astetta [&hellip;]","og_url":"https:\/\/blogs.uef.fi\/tiedonhaku-matematiikka\/hakukoneet\/sarjojen-ja-kokousjulkaisujen-hakeminen\/","og_site_name":"Matematiikan tiedonhaku \/ UEF kirjasto","article_modified_time":"2024-01-17T13:19:45+00:00","og_image":[{"url":"https:\/\/blogs.uef.fi\/tiedonhaku-matematiikka\/wp-content\/uploads\/sites\/51\/2015\/09\/sarja.png","type":"","width":"","height":""}],"twitter_card":"summary_large_image","twitter_misc":{"Arvioitu lukuaika":"2 minuuttia"},"schema":{"@context":"https:\/\/schema.org","@graph":[{"@type":"WebPage","@id":"https:\/\/blogs.uef.fi\/tiedonhaku-matematiikka\/hakukoneet\/sarjojen-ja-kokousjulkaisujen-hakeminen\/","url":"https:\/\/blogs.uef.fi\/tiedonhaku-matematiikka\/hakukoneet\/sarjojen-ja-kokousjulkaisujen-hakeminen\/","name":"Sarjojen ja kokousjulkaisujen hakeminen - Matematiikan tiedonhaku \/ UEF kirjasto","isPartOf":{"@id":"https:\/\/blogs.uef.fi\/tiedonhaku-matematiikka\/#website"},"primaryImageOfPage":{"@id":"https:\/\/blogs.uef.fi\/tiedonhaku-matematiikka\/hakukoneet\/sarjojen-ja-kokousjulkaisujen-hakeminen\/#primaryimage"},"image":{"@id":"https:\/\/blogs.uef.fi\/tiedonhaku-matematiikka\/hakukoneet\/sarjojen-ja-kokousjulkaisujen-hakeminen\/#primaryimage"},"thumbnailUrl":"https:\/\/blogs.uef.fi\/tiedonhaku-matematiikka\/wp-content\/uploads\/sites\/51\/2015\/09\/sarja.png","datePublished":"2015-09-17T09:15:13+00:00","dateModified":"2024-01-17T13:19:45+00:00","breadcrumb":{"@id":"https:\/\/blogs.uef.fi\/tiedonhaku-matematiikka\/hakukoneet\/sarjojen-ja-kokousjulkaisujen-hakeminen\/#breadcrumb"},"inLanguage":"fi","potentialAction":[{"@type":"ReadAction","target":["https:\/\/blogs.uef.fi\/tiedonhaku-matematiikka\/hakukoneet\/sarjojen-ja-kokousjulkaisujen-hakeminen\/"]}]},{"@type":"ImageObject","inLanguage":"fi","@id":"https:\/\/blogs.uef.fi\/tiedonhaku-matematiikka\/hakukoneet\/sarjojen-ja-kokousjulkaisujen-hakeminen\/#primaryimage","url":"https:\/\/blogs.uef.fi\/tiedonhaku-matematiikka\/wp-content\/uploads\/sites\/51\/2015\/09\/sarja.png","contentUrl":"https:\/\/blogs.uef.fi\/tiedonhaku-matematiikka\/wp-content\/uploads\/sites\/51\/2015\/09\/sarja.png","width":483,"height":693},{"@type":"BreadcrumbList","@id":"https:\/\/blogs.uef.fi\/tiedonhaku-matematiikka\/hakukoneet\/sarjojen-ja-kokousjulkaisujen-hakeminen\/#breadcrumb","itemListElement":[{"@type":"ListItem","position":1,"name":"Home","item":"https:\/\/blogs.uef.fi\/tiedonhaku-matematiikka\/"},{"@type":"ListItem","position":2,"name":"Hakukoneet","item":"https:\/\/blogs.uef.fi\/tiedonhaku-matematiikka\/hakukoneet\/"},{"@type":"ListItem","position":3,"name":"Sarjojen ja kokousjulkaisujen hakeminen"}]},{"@type":"WebSite","@id":"https:\/\/blogs.uef.fi\/tiedonhaku-matematiikka\/#website","url":"https:\/\/blogs.uef.fi\/tiedonhaku-matematiikka\/","name":"Matematiikan tiedonhaku \/ UEF kirjasto","description":"Matematiikan tiedonhaku on kattava oppimateriaali tiedonhakuun matemaatikoille. Se sis\u00e4lt\u00e4\u00e4 yleiset tiedonhaun tekniikat sek\u00e4 kemian alan tiedonl\u00e4hteet ohjeineen ja esimerkkeineen.","potentialAction":[{"@type":"SearchAction","target":{"@type":"EntryPoint","urlTemplate":"https:\/\/blogs.uef.fi\/tiedonhaku-matematiikka\/?s={search_term_string}"},"query-input":{"@type":"PropertyValueSpecification","valueRequired":true,"valueName":"search_term_string"}}],"inLanguage":"fi"}]}},"_links":{"self":[{"href":"https:\/\/blogs.uef.fi\/tiedonhaku-matematiikka\/wp-json\/wp\/v2\/pages\/172","targetHints":{"allow":["GET"]}}],"collection":[{"href":"https:\/\/blogs.uef.fi\/tiedonhaku-matematiikka\/wp-json\/wp\/v2\/pages"}],"about":[{"href":"https:\/\/blogs.uef.fi\/tiedonhaku-matematiikka\/wp-json\/wp\/v2\/types\/page"}],"author":[{"embeddable":true,"href":"https:\/\/blogs.uef.fi\/tiedonhaku-matematiikka\/wp-json\/wp\/v2\/users\/127"}],"replies":[{"embeddable":true,"href":"https:\/\/blogs.uef.fi\/tiedonhaku-matematiikka\/wp-json\/wp\/v2\/comments?post=172"}],"version-history":[{"count":3,"href":"https:\/\/blogs.uef.fi\/tiedonhaku-matematiikka\/wp-json\/wp\/v2\/pages\/172\/revisions"}],"predecessor-version":[{"id":2989,"href":"https:\/\/blogs.uef.fi\/tiedonhaku-matematiikka\/wp-json\/wp\/v2\/pages\/172\/revisions\/2989"}],"up":[{"embeddable":true,"href":"https:\/\/blogs.uef.fi\/tiedonhaku-matematiikka\/wp-json\/wp\/v2\/pages\/589"}],"wp:attachment":[{"href":"https:\/\/blogs.uef.fi\/tiedonhaku-matematiikka\/wp-json\/wp\/v2\/media?parent=172"}],"curies":[{"name":"wp","href":"https:\/\/api.w.org\/{rel}","templated":true}]}}