{"id":17,"date":"2015-09-07T13:50:42","date_gmt":"2015-09-07T13:50:42","guid":{"rendered":"https:\/\/ueflibrarymat.wordpress.com\/?page_id=17"},"modified":"2026-03-06T10:09:05","modified_gmt":"2026-03-06T08:09:05","slug":"matematiikan-tiedonhaku","status":"publish","type":"page","link":"https:\/\/blogs.uef.fi\/tiedonhaku-matematiikka\/","title":{"rendered":"Opiskele tieteellisen tiedon hakua matematiikan alalla"},"content":{"rendered":"\n<p><strong>MATEMATIIKAN TIEDONHAKU<\/strong> \u2013verkkokurssi k\u00e4sittelee tekstein, esimerkein ja videoin tiedonhankintaa <strong>opiskelu- ja tutkimustarkoituksiin<\/strong> akateemisessa maailmassa. My\u00f6s opiskelun j\u00e4lkeen <strong>ty\u00f6el\u00e4m\u00e4ss\u00e4<\/strong> hyvist\u00e4 tiedonhankintataidoista on paljon etua!<\/p>\n\n\n\n<p>T\u00e4ss\u00e4 materiaalissa tutustut<\/p>\n\n\n\n<ul class=\"wp-block-list\">\n<li>tiedonhaun periaatteisiin <strong>hakuaiheen analysoinnin<\/strong> kautta<\/li>\n\n\n\n<li>keskeisiin <strong>tieteellisen tiedon l\u00e4hteisiin<\/strong><\/li>\n\n\n\n<li>yleisiin <strong>tiedonhaun tekniikoihin<\/strong>, joita voit soveltaa kaikenlaisessa tiedonhaussa<\/li>\n<\/ul>\n\n\n\n<p>Osa tiedonl\u00e4hteist\u00e4 on tarjolla vain yliopistoyhteis\u00f6n j\u00e4senille, mutta yh\u00e4 enemm\u00e4n tietoa l\u00f6ytyy <strong>my\u00f6s kaikille avoimista tiedonl\u00e4hteist\u00e4<\/strong>.<\/p>\n\n\n\n<h2 class=\"wp-block-heading\">Tieteellisen tiedonhankinnan erityispiirteit\u00e4 ovat:<\/h2>\n\n\n\n<ul class=\"wp-block-list\">\n<li>ymm\u00e4rrys, kuinka tieteellist\u00e4 tietoa julkaistaan<\/li>\n\n\n\n<li>tiet\u00e4mys, mist\u00e4 ja miten tieteellist\u00e4 tietoa kannattaa hakea<\/li>\n\n\n\n<li>kattavuus, jotta tietoa pystyt\u00e4\u00e4n arvioimaan monipuolisesti<\/li>\n\n\n\n<li>varmuus, ett\u00e4 noudattaa tiedon hy\u00f6dynt\u00e4misess\u00e4 oikeudellisia ja eettisi\u00e4 ohjeita<\/li>\n<\/ul>\n\n\n\n<figure class=\"wp-block-image alignnone wp-image-284 size-large\"><img decoding=\"async\" src=\"https:\/\/ueflibraryfys.files.wordpress.com\/2015\/07\/idea.png?w=584&amp;h=310\" alt=\"Kaaviokuva, jonka keski\u00f6ss\u00e4 tieteelliset julkaisut. Polku: oma aihe \u2013 hakusanat \u2013 hakulauseet \u2013 hakukoneet \/ tieteelliset julkaisut \u2013 tulokset \u2013 tallentaminen \u2013 k\u00e4ytt\u00f6.\" class=\"wp-image-284\" \/><figcaption class=\"wp-element-caption\"><em>Kurssin sis\u00e4lt\u00f6 tiivistettyn\u00e4.<\/em><\/figcaption><\/figure>\n\n\n\n<p class=\"has-text-align-left\">Navigoi oppimateriaalissa oikean yl\u00e4kulman hampurilasvalikoista tai aloita kurssi t\u00e4st\u00e4: <a href=\"https:\/\/blogs.uef.fi\/tiedonhaku-matematiikka\/tieteellinen-julkaiseminen-2\/tieteelliset-julkaisut\/\">Tieteelliset julkaisut<\/a><\/p>\n\n\n\n<p><\/p>\n\n\n\n<p>T\u00e4m\u00e4 oppimateriaali liitty UEF kirjaston kurssiin <a href=\"https:\/\/opas.peppi.uef.fi\/fi\/opintojakso\/8020320\/85646?period=2025-2026\" target=\"_blank\" rel=\"noreferrer noopener\">Matematiikan tiedonhaku<\/a> 8020320 (1 op). Opintojakson suorittaja: kurssiin liittyv\u00e4t teht\u00e4v\u00e4t ja ohjeet ovat <a href=\"https:\/\/elearn.uef.fi\/course\/view.php?id=12019\" target=\"_blank\" rel=\"noreferrer noopener\">eLearnissa<\/a> (linkki aukeaa uuteen v\u00e4lilehteen). Avaimen saat opettajalta kurssin alettua.<\/p>\n\n\n\n<p><a href=\"http:\/\/creativecommons.org\/licenses\/by\/4.0\/\" rel=\"license\"><img decoding=\"async\" src=\"https:\/\/i.creativecommons.org\/l\/by\/4.0\/80x15.png\" alt=\"Creative Commons -lisenssi\"><\/a><br>T\u00e4m\u00e4 teos on lisensoitu <a href=\"http:\/\/creativecommons.org\/licenses\/by\/4.0\/\" rel=\"license\">Creative Commons Nime\u00e4 4.0 Kansainv\u00e4linen -lisenssill\u00e4<\/a>.<\/p>\n\n\n\n<p><strong>Viittausohje<\/strong>: It\u00e4-Suomen yliopiston kirjasto. Matematiikan tiedonhaku [verkkosivusto]. Saatavilla: https:\/\/blogs.uef.fi\/tiedonhaku-matematiikka\/.<\/p>\n\n\n\n<p><strong>Kurssin tekij\u00e4:<\/strong> <em>Laura Parikka<\/em>, tietoasiantuntija It\u00e4-Suomen yliopiston kirjasto<br>Kiitokset: kirjaston opetus- ja tietopalvelut<\/p>\n\n\n\n<p>P\u00e4ivitetty viimeksi: 6.3.2026.<\/p>\n\n\n\n<figure class=\"wp-block-image aligncenter\"><img decoding=\"async\" src=\"https:\/\/ueflibraryfys.files.wordpress.com\/2015\/07\/uef-tunnus_mustalla.jpg?w=150&amp;h=141\" alt=\"UEF-tunnus_mustalla\" class=\"wp-image-443\" \/><\/figure>\n","protected":false},"excerpt":{"rendered":"<p>MATEMATIIKAN TIEDONHAKU \u2013verkkokurssi k\u00e4sittelee tekstein, esimerkein ja videoin tiedonhankintaa opiskelu- ja tutkimustarkoituksiin akateemisessa maailmassa. My\u00f6s opiskelun j\u00e4lkeen ty\u00f6el\u00e4m\u00e4ss\u00e4 hyvist\u00e4 tiedonhankintataidoista on paljon etua! T\u00e4ss\u00e4 materiaalissa tutustut Osa tiedonl\u00e4hteist\u00e4 on tarjolla vain yliopistoyhteis\u00f6n j\u00e4senille, mutta yh\u00e4 enemm\u00e4n tietoa l\u00f6ytyy my\u00f6s kaikille avoimista tiedonl\u00e4hteist\u00e4. Tieteellisen tiedonhankinnan erityispiirteit\u00e4 ovat: Navigoi oppimateriaalissa oikean yl\u00e4kulman hampurilasvalikoista tai aloita kurssi t\u00e4st\u00e4: [&hellip;]<\/p>\n","protected":false},"author":127,"featured_media":0,"parent":0,"menu_order":0,"comment_status":"closed","ping_status":"closed","template":"","meta":{"_acf_changed":false,"footnotes":""},"class_list":["post-17","page","type-page","status-publish","hentry"],"acf":[],"yoast_head":"<!-- This site is optimized with the Yoast SEO plugin v27.3 - https:\/\/yoast.com\/product\/yoast-seo-wordpress\/ -->\n<title>Opiskele tieteellisen tiedon hakua matematiikan alalla - Matematiikan tiedonhaku \/ UEF kirjasto<\/title>\n<meta name=\"robots\" content=\"index, follow, max-snippet:-1, max-image-preview:large, max-video-preview:-1\" \/>\n<link rel=\"canonical\" href=\"https:\/\/blogs.uef.fi\/tiedonhaku-matematiikka\/\" \/>\n<meta property=\"og:locale\" content=\"fi_FI\" \/>\n<meta property=\"og:type\" content=\"article\" \/>\n<meta property=\"og:title\" content=\"Opiskele tieteellisen tiedon hakua matematiikan alalla - Matematiikan tiedonhaku \/ UEF kirjasto\" \/>\n<meta property=\"og:description\" content=\"MATEMATIIKAN TIEDONHAKU \u2013verkkokurssi k\u00e4sittelee tekstein, esimerkein ja videoin tiedonhankintaa opiskelu- ja tutkimustarkoituksiin akateemisessa maailmassa. My\u00f6s opiskelun j\u00e4lkeen ty\u00f6el\u00e4m\u00e4ss\u00e4 hyvist\u00e4 tiedonhankintataidoista on paljon etua! T\u00e4ss\u00e4 materiaalissa tutustut Osa tiedonl\u00e4hteist\u00e4 on tarjolla vain yliopistoyhteis\u00f6n j\u00e4senille, mutta yh\u00e4 enemm\u00e4n tietoa l\u00f6ytyy my\u00f6s kaikille avoimista tiedonl\u00e4hteist\u00e4. Tieteellisen tiedonhankinnan erityispiirteit\u00e4 ovat: Navigoi oppimateriaalissa oikean yl\u00e4kulman hampurilasvalikoista tai aloita kurssi t\u00e4st\u00e4: [&hellip;]\" \/>\n<meta property=\"og:url\" content=\"https:\/\/blogs.uef.fi\/tiedonhaku-matematiikka\/\" \/>\n<meta property=\"og:site_name\" content=\"Matematiikan tiedonhaku \/ UEF kirjasto\" \/>\n<meta property=\"article:modified_time\" content=\"2026-03-06T08:09:05+00:00\" \/>\n<meta name=\"twitter:card\" content=\"summary_large_image\" \/>\n<meta name=\"twitter:label1\" content=\"Arvioitu lukuaika\" \/>\n\t<meta name=\"twitter:data1\" content=\"2 minuuttia\" \/>\n<script type=\"application\/ld+json\" class=\"yoast-schema-graph\">{\"@context\":\"https:\\\/\\\/schema.org\",\"@graph\":[{\"@type\":\"WebPage\",\"@id\":\"https:\\\/\\\/blogs.uef.fi\\\/tiedonhaku-matematiikka\\\/\",\"url\":\"https:\\\/\\\/blogs.uef.fi\\\/tiedonhaku-matematiikka\\\/\",\"name\":\"Opiskele tieteellisen tiedon hakua matematiikan alalla - Matematiikan tiedonhaku \\\/ UEF kirjasto\",\"isPartOf\":{\"@id\":\"https:\\\/\\\/blogs.uef.fi\\\/tiedonhaku-matematiikka\\\/#website\"},\"primaryImageOfPage\":{\"@id\":\"https:\\\/\\\/blogs.uef.fi\\\/tiedonhaku-matematiikka\\\/#primaryimage\"},\"image\":{\"@id\":\"https:\\\/\\\/blogs.uef.fi\\\/tiedonhaku-matematiikka\\\/#primaryimage\"},\"thumbnailUrl\":\"https:\\\/\\\/ueflibraryfys.files.wordpress.com\\\/2015\\\/07\\\/idea.png?w=584&amp;h=310\",\"datePublished\":\"2015-09-07T13:50:42+00:00\",\"dateModified\":\"2026-03-06T08:09:05+00:00\",\"breadcrumb\":{\"@id\":\"https:\\\/\\\/blogs.uef.fi\\\/tiedonhaku-matematiikka\\\/#breadcrumb\"},\"inLanguage\":\"fi\",\"potentialAction\":[{\"@type\":\"ReadAction\",\"target\":[\"https:\\\/\\\/blogs.uef.fi\\\/tiedonhaku-matematiikka\\\/\"]}]},{\"@type\":\"ImageObject\",\"inLanguage\":\"fi\",\"@id\":\"https:\\\/\\\/blogs.uef.fi\\\/tiedonhaku-matematiikka\\\/#primaryimage\",\"url\":\"https:\\\/\\\/ueflibraryfys.files.wordpress.com\\\/2015\\\/07\\\/idea.png?w=584&amp;h=310\",\"contentUrl\":\"https:\\\/\\\/ueflibraryfys.files.wordpress.com\\\/2015\\\/07\\\/idea.png?w=584&amp;h=310\"},{\"@type\":\"BreadcrumbList\",\"@id\":\"https:\\\/\\\/blogs.uef.fi\\\/tiedonhaku-matematiikka\\\/#breadcrumb\",\"itemListElement\":[{\"@type\":\"ListItem\",\"position\":1,\"name\":\"Home\",\"item\":\"https:\\\/\\\/blogs.uef.fi\\\/tiedonhaku-matematiikka\\\/\"},{\"@type\":\"ListItem\",\"position\":2,\"name\":\"Opiskele tieteellisen tiedon hakua matematiikan alalla\"}]},{\"@type\":\"WebSite\",\"@id\":\"https:\\\/\\\/blogs.uef.fi\\\/tiedonhaku-matematiikka\\\/#website\",\"url\":\"https:\\\/\\\/blogs.uef.fi\\\/tiedonhaku-matematiikka\\\/\",\"name\":\"Matematiikan tiedonhaku \\\/ UEF kirjasto\",\"description\":\"Matematiikan tiedonhaku on kattava oppimateriaali tiedonhakuun matemaatikoille. Se sis\u00e4lt\u00e4\u00e4 yleiset tiedonhaun tekniikat sek\u00e4 kemian alan tiedonl\u00e4hteet ohjeineen ja esimerkkeineen.\",\"potentialAction\":[{\"@type\":\"SearchAction\",\"target\":{\"@type\":\"EntryPoint\",\"urlTemplate\":\"https:\\\/\\\/blogs.uef.fi\\\/tiedonhaku-matematiikka\\\/?s={search_term_string}\"},\"query-input\":{\"@type\":\"PropertyValueSpecification\",\"valueRequired\":true,\"valueName\":\"search_term_string\"}}],\"inLanguage\":\"fi\"}]}<\/script>\n<!-- \/ Yoast SEO plugin. -->","yoast_head_json":{"title":"Opiskele tieteellisen tiedon hakua matematiikan alalla - Matematiikan tiedonhaku \/ UEF kirjasto","robots":{"index":"index","follow":"follow","max-snippet":"max-snippet:-1","max-image-preview":"max-image-preview:large","max-video-preview":"max-video-preview:-1"},"canonical":"https:\/\/blogs.uef.fi\/tiedonhaku-matematiikka\/","og_locale":"fi_FI","og_type":"article","og_title":"Opiskele tieteellisen tiedon hakua matematiikan alalla - Matematiikan tiedonhaku \/ UEF kirjasto","og_description":"MATEMATIIKAN TIEDONHAKU \u2013verkkokurssi k\u00e4sittelee tekstein, esimerkein ja videoin tiedonhankintaa opiskelu- ja tutkimustarkoituksiin akateemisessa maailmassa. My\u00f6s opiskelun j\u00e4lkeen ty\u00f6el\u00e4m\u00e4ss\u00e4 hyvist\u00e4 tiedonhankintataidoista on paljon etua! T\u00e4ss\u00e4 materiaalissa tutustut Osa tiedonl\u00e4hteist\u00e4 on tarjolla vain yliopistoyhteis\u00f6n j\u00e4senille, mutta yh\u00e4 enemm\u00e4n tietoa l\u00f6ytyy my\u00f6s kaikille avoimista tiedonl\u00e4hteist\u00e4. Tieteellisen tiedonhankinnan erityispiirteit\u00e4 ovat: Navigoi oppimateriaalissa oikean yl\u00e4kulman hampurilasvalikoista tai aloita kurssi t\u00e4st\u00e4: [&hellip;]","og_url":"https:\/\/blogs.uef.fi\/tiedonhaku-matematiikka\/","og_site_name":"Matematiikan tiedonhaku \/ UEF kirjasto","article_modified_time":"2026-03-06T08:09:05+00:00","twitter_card":"summary_large_image","twitter_misc":{"Arvioitu lukuaika":"2 minuuttia"},"schema":{"@context":"https:\/\/schema.org","@graph":[{"@type":"WebPage","@id":"https:\/\/blogs.uef.fi\/tiedonhaku-matematiikka\/","url":"https:\/\/blogs.uef.fi\/tiedonhaku-matematiikka\/","name":"Opiskele tieteellisen tiedon hakua matematiikan alalla - Matematiikan tiedonhaku \/ UEF kirjasto","isPartOf":{"@id":"https:\/\/blogs.uef.fi\/tiedonhaku-matematiikka\/#website"},"primaryImageOfPage":{"@id":"https:\/\/blogs.uef.fi\/tiedonhaku-matematiikka\/#primaryimage"},"image":{"@id":"https:\/\/blogs.uef.fi\/tiedonhaku-matematiikka\/#primaryimage"},"thumbnailUrl":"https:\/\/ueflibraryfys.files.wordpress.com\/2015\/07\/idea.png?w=584&amp;h=310","datePublished":"2015-09-07T13:50:42+00:00","dateModified":"2026-03-06T08:09:05+00:00","breadcrumb":{"@id":"https:\/\/blogs.uef.fi\/tiedonhaku-matematiikka\/#breadcrumb"},"inLanguage":"fi","potentialAction":[{"@type":"ReadAction","target":["https:\/\/blogs.uef.fi\/tiedonhaku-matematiikka\/"]}]},{"@type":"ImageObject","inLanguage":"fi","@id":"https:\/\/blogs.uef.fi\/tiedonhaku-matematiikka\/#primaryimage","url":"https:\/\/ueflibraryfys.files.wordpress.com\/2015\/07\/idea.png?w=584&amp;h=310","contentUrl":"https:\/\/ueflibraryfys.files.wordpress.com\/2015\/07\/idea.png?w=584&amp;h=310"},{"@type":"BreadcrumbList","@id":"https:\/\/blogs.uef.fi\/tiedonhaku-matematiikka\/#breadcrumb","itemListElement":[{"@type":"ListItem","position":1,"name":"Home","item":"https:\/\/blogs.uef.fi\/tiedonhaku-matematiikka\/"},{"@type":"ListItem","position":2,"name":"Opiskele tieteellisen tiedon hakua matematiikan alalla"}]},{"@type":"WebSite","@id":"https:\/\/blogs.uef.fi\/tiedonhaku-matematiikka\/#website","url":"https:\/\/blogs.uef.fi\/tiedonhaku-matematiikka\/","name":"Matematiikan tiedonhaku \/ UEF kirjasto","description":"Matematiikan tiedonhaku on kattava oppimateriaali tiedonhakuun matemaatikoille. Se sis\u00e4lt\u00e4\u00e4 yleiset tiedonhaun tekniikat sek\u00e4 kemian alan tiedonl\u00e4hteet ohjeineen ja esimerkkeineen.","potentialAction":[{"@type":"SearchAction","target":{"@type":"EntryPoint","urlTemplate":"https:\/\/blogs.uef.fi\/tiedonhaku-matematiikka\/?s={search_term_string}"},"query-input":{"@type":"PropertyValueSpecification","valueRequired":true,"valueName":"search_term_string"}}],"inLanguage":"fi"}]}},"_links":{"self":[{"href":"https:\/\/blogs.uef.fi\/tiedonhaku-matematiikka\/wp-json\/wp\/v2\/pages\/17","targetHints":{"allow":["GET"]}}],"collection":[{"href":"https:\/\/blogs.uef.fi\/tiedonhaku-matematiikka\/wp-json\/wp\/v2\/pages"}],"about":[{"href":"https:\/\/blogs.uef.fi\/tiedonhaku-matematiikka\/wp-json\/wp\/v2\/types\/page"}],"author":[{"embeddable":true,"href":"https:\/\/blogs.uef.fi\/tiedonhaku-matematiikka\/wp-json\/wp\/v2\/users\/127"}],"replies":[{"embeddable":true,"href":"https:\/\/blogs.uef.fi\/tiedonhaku-matematiikka\/wp-json\/wp\/v2\/comments?post=17"}],"version-history":[{"count":2,"href":"https:\/\/blogs.uef.fi\/tiedonhaku-matematiikka\/wp-json\/wp\/v2\/pages\/17\/revisions"}],"predecessor-version":[{"id":3183,"href":"https:\/\/blogs.uef.fi\/tiedonhaku-matematiikka\/wp-json\/wp\/v2\/pages\/17\/revisions\/3183"}],"wp:attachment":[{"href":"https:\/\/blogs.uef.fi\/tiedonhaku-matematiikka\/wp-json\/wp\/v2\/media?parent=17"}],"curies":[{"name":"wp","href":"https:\/\/api.w.org\/{rel}","templated":true}]}}