{"id":130,"date":"2015-09-16T09:34:53","date_gmt":"2015-09-16T09:34:53","guid":{"rendered":"https:\/\/ueflibrarymat.wordpress.com\/?page_id=130"},"modified":"2024-01-19T12:38:25","modified_gmt":"2024-01-19T10:38:25","slug":"hakutapoja","status":"publish","type":"page","link":"https:\/\/blogs.uef.fi\/tiedonhaku-matematiikka\/hakulauseet-2\/hakutapoja\/","title":{"rendered":"Hakutapoja"},"content":{"rendered":"\n<p>Tiedonhaun voi aloittaa eri tavoin. Aihetta kannattaa ensin hieman tunnustella, jotta p\u00e4\u00e4see jyv\u00e4lle siit\u00e4, kuinka juuri t\u00e4t\u00e4 aihetta kannattaisi l\u00e4hesty\u00e4 ja kehitell\u00e4 hakua edelleen. Haun muokkaamisen keinoja k\u00e4sitell\u00e4\u00e4n tarkemmin seuravissa luvuissa.<\/p>\n\n\n\n<ul class=\"wp-block-list\">\n<li>Kokeile yksitt\u00e4isi\u00e4 sanoja<\/li>\n\n\n\n<li>Kokeile yksinkertaisia hakulauseita: 1-2 AND-operaatiota<\/li>\n\n\n\n<li>Lis\u00e4\u00e4 tarpeen mukaan AND-operaatioita<\/li>\n\n\n\n<li>Ker\u00e4\u00e4 lis\u00e4\u00e4 mahdollisia hakusanoja<\/li>\n\n\n\n<li>Kokeile kattavampaa hakulausetta vaihtoehtoisin sanoin<\/li>\n\n\n\n<li>Muista hakukenttien, sanankatkaisun ja fraasien merkitys<\/li>\n<\/ul>\n\n\n\n<p><strong>Hakutulosta kannattaa varsinkin alussa tutkailla j\u00e4rjestettyn\u00e4 (sort by) aiheenmukaisuuden eli relevanssin mukaan.<\/strong> N\u00e4in voit nopeasti l\u00f6yt\u00e4\u00e4 joitakin hyvi\u00e4 osumia.<\/p>\n\n\n\n<p>Tulokset voi j\u00e4rjest\u00e4\u00e4 my\u00f6s julkaisuajankohdan mukaan uusimmat ensin, jos on tarpeen saada erityisesti ihan tuoreita julkaisuja.<br><br>Tietokantahakuja ja niiden tuloksia kannattaa k\u00e4ytt\u00e4\u00e4 hyv\u00e4ksi jo tutkimusty\u00f6n suunnittelu-, valmistelu- ja ideointivaiheessa. Se auttaa aiheen k\u00e4sitteiden ja hakusanojen hahmottelussa ja ker\u00e4\u00e4misess\u00e4.<\/p>\n\n\n\n<h2 class=\"wp-block-heading\">Kokeile yksinkertaista pikahakua<\/h2>\n\n\n\n<p>Hae <strong>yksitt\u00e4isell\u00e4 hakusanalla tai fraasilla<\/strong>, jotta saat k\u00e4sityksen, kuinka yleinen\/harvinainen aihealue on. Voit kokeilla ainakin t\u00e4rkeimpi\u00e4 k\u00e4sitteit\u00e4 erikseen. Yleistermej\u00e4 t\u00e4m\u00e4 ei koske, ne tarvitsevat aina rinnalleen tarkentavia hakusanoja. <\/p>\n\n\n\n<p><strong>Tuloksista voi l\u00f6yty\u00e4 muutamia hyvi\u00e4 osumia omaan aiheeseen.<\/strong><\/p>\n\n\n\n<figure class=\"wp-block-image size-full\"><img loading=\"lazy\" decoding=\"async\" width=\"1120\" height=\"518\" src=\"https:\/\/blogs.uef.fi\/tiedonhaku-matematiikka\/wp-content\/uploads\/sites\/51\/2020\/09\/MAT_UP_yksisana.jpg\" alt=\"Kuvakaappaus UEF-Primosta. Hakulause on: jonoteoria*, jolla on saatu 18 tulosta kirjaston kokoelmista. Selitetekstit: Haku vain yhdell\u00e4 sanalla. N\u00e4in pient\u00e4 tulosta ei tarvitse rajata muilla termeill\u00e4. Relevanssilajittelu n\u00e4ytt\u00e4\u00e4 parhaat tulokset ensin.\" class=\"wp-image-897\" style=\"object-fit:cover\" srcset=\"https:\/\/blogs.uef.fi\/tiedonhaku-matematiikka\/wp-content\/uploads\/sites\/51\/2020\/09\/MAT_UP_yksisana.jpg 1120w, https:\/\/blogs.uef.fi\/tiedonhaku-matematiikka\/wp-content\/uploads\/sites\/51\/2020\/09\/MAT_UP_yksisana-300x139.jpg 300w, https:\/\/blogs.uef.fi\/tiedonhaku-matematiikka\/wp-content\/uploads\/sites\/51\/2020\/09\/MAT_UP_yksisana-1024x474.jpg 1024w, https:\/\/blogs.uef.fi\/tiedonhaku-matematiikka\/wp-content\/uploads\/sites\/51\/2020\/09\/MAT_UP_yksisana-768x355.jpg 768w\" sizes=\"auto, (max-width: 1120px) 100vw, 1120px\" \/><\/figure>\n\n\n\n<p><strong>Lis\u00e4ksi voit kokeilla hakua kaikilla ydink\u00e4sitteill\u00e4: 1-3 AND-operaatiota. <\/strong><\/p>\n\n\n\n<p>T\u00e4llainen tunnusteleva haku, jonka avulla saadan ker\u00e4tty\u00e4 ehk\u00e4 joitakin hyvi\u00e4 osumia ja my\u00f6skin hyvi\u00e4 hakusanoja, on helppo tapa aloittaa hakeminen, vaikka tarve olisikin hakea aineistoja laajemmin ja kattavammin.<\/p>\n\n\n\n<h2 class=\"wp-block-heading\">Kasvata &#8221;helme\u00e4&#8221; eli j\u00e4ljityshaku<\/h2>\n\n\n\n<p>Helmenkasvatus on hyv\u00e4 hakutapa silloin, kun sinulla on valmiiksi tiedossa muutama hyv\u00e4 julkaisu tai jos olet sellaisen jo itse ensin l\u00f6yt\u00e4nyt vaikkapa pikahaulla. Tietokannasta katsotaan t\u00e4llaiseen  &#8221;helmeen&#8221; liittyvi\u00e4 <strong>asiasanoja sek\u00e4 l\u00e4hdeluetteloa ja muita apuneuvoja, joiden avulla voidaan j\u00e4ljitt\u00e4\u00e4 lis\u00e4\u00e4 samankaltaisia julkaisuja.<\/strong> Samoin voi tarkastella, <strong>kuka on aihetta tutkinut<\/strong> ja hakea lis\u00e4\u00e4 saman tekij\u00e4n julkaisuja. <\/p>\n\n\n\n<figure class=\"wp-block-image\"><img loading=\"lazy\" decoding=\"async\" width=\"1944\" height=\"1100\" src=\"https:\/\/blogs.uef.fi\/tiedonhaku-matematiikka\/wp-content\/uploads\/sites\/51\/2016\/08\/mathelmi.jpg\" alt=\"Kuvakaappaus. Hakulause: mathematic* AND \u201dlearning difficulties\u201d, jolla on saatu 17 osumaa. Esill\u00e4 yhden hakutuloksen tiedot: kirjan nimi on The Routledge international handbook of dyscalculia and mathematical learning difficulties. Aiheet-kent\u00e4st\u00e4 on poimittu sanoja ja tehty uusi hakulause: (mathematic* OR math OR matema*) AND (\u201dlearning difficulties\u201d OR anxiety OR \u201clearning disabilities\u201d OR acalculia OR oppimisvaikeudet). Haulla on saatu 149 tulosta.\" class=\"wp-image-374\" \/><figcaption class=\"wp-element-caption\"><em>Aiheenmukaisen kirjan tiedoista on napattu vaihtoehtoisia sanoja, jotka on yhditetty hakuun OR-operaattorilla.<\/em><\/figcaption><\/figure>\n\n\n\n<h2 class=\"wp-block-heading\">Aloita laajasta, tarkenna sitten<\/h2>\n\n\n\n<p>T\u00e4ss\u00e4 haussa on ideana, ett\u00e4 varmuuden vuoksi haetaan ensin melko v\u00e4lj\u00e4sti, jotta mit\u00e4\u00e4n t\u00e4rke\u00e4\u00e4 ei j\u00e4isi pois heti aluksi. Jos tulos osoittautuu kovin suureksi, tarkennetaan aihetta lis\u00e4\u00e4m\u00e4ll\u00e4 tarpeen mukaan lis\u00e4\u00e4 hakuk\u00e4sitteit\u00e4 (AND-operaatioita), tarkentamalla sanoja tai k\u00e4ytt\u00e4m\u00e4ll\u00e4  muita hakuteknisi\u00e4 ominaisuuksia tai tietokannan tarjoamia rajausty\u00f6kaluja.<\/p>\n\n\n\n<figure class=\"wp-block-image size-full\"><img loading=\"lazy\" decoding=\"async\" width=\"1007\" height=\"693\" src=\"https:\/\/blogs.uef.fi\/tiedonhaku-matematiikka\/wp-content\/uploads\/sites\/51\/2022\/09\/MAT_laaja.png\" alt=\"Kuvakaappauksia Web of Science -tietokannasta. Ensimm\u00e4inen: hakuriville kirjoitettu: Differential geometry\u201d AND mainifod. Haun kohdistus on Topic. Tuloksia t\u00e4ll\u00e4 haulla 1 050 kpl. Toinen kuva: Haku positiv* curve*, Title-kent\u00e4st\u00e4, AND manifold, Topic-kent\u00e4st\u00e4. Seliteteksti: Vaihdetaan yleinen hakusana tarkemmaksi ja ohjataan toinen hakusana vain otsikoihin. 149 tulosta. Kolmas kuva: Listalta \u2019Web of science categories\u2019 on valittu kohta statistics propability. Seliteteksti: K\u00e4ytet\u00e4\u00e4n rajauksia.\" class=\"wp-image-1840\" srcset=\"https:\/\/blogs.uef.fi\/tiedonhaku-matematiikka\/wp-content\/uploads\/sites\/51\/2022\/09\/MAT_laaja.png 1007w, https:\/\/blogs.uef.fi\/tiedonhaku-matematiikka\/wp-content\/uploads\/sites\/51\/2022\/09\/MAT_laaja-300x206.png 300w, https:\/\/blogs.uef.fi\/tiedonhaku-matematiikka\/wp-content\/uploads\/sites\/51\/2022\/09\/MAT_laaja-768x529.png 768w\" sizes=\"auto, (max-width: 1007px) 100vw, 1007px\" \/><figcaption class=\"wp-element-caption\">T<em>\u00e4ss\u00e4 esimerkiss\u00e4 tarkennetaan ensin hakusanaa ja sitten rajataan tuloksia aihealueen mukaan.<\/em><\/figcaption><\/figure>\n\n\n\n<h2 class=\"wp-block-heading\">Hae ensin tarkasti, laajenna tarvittaessa<\/h2>\n\n\n\n<p>T\u00e4ss\u00e4 l\u00e4hestymistavassa on t\u00e4rke\u00e4\u00e4 saada heti aluksi todella hyvin aiheenmukaisia tuloksia. T\u00e4m\u00e4 onnistuu k\u00e4ytt\u00e4m\u00e4ll\u00e4 tarkkoja hakusanoja ja spesifej\u00e4 termej\u00e4. T\u00e4st\u00e4 voidaan sitten tarpeen mukaan l\u00e4hte\u00e4 laajentamaan hakua k\u00e4ytt\u00e4m\u00e4ll\u00e4 v\u00e4ljempi\u00e4 hakuehtoja ja lis\u00e4\u00e4m\u00e4ll\u00e4 vaihtoehtoisia hakusanoja.<\/p>\n\n\n\n<figure class=\"wp-block-image size-full\"><img loading=\"lazy\" decoding=\"async\" width=\"966\" height=\"813\" src=\"https:\/\/blogs.uef.fi\/tiedonhaku-matematiikka\/wp-content\/uploads\/sites\/51\/2022\/09\/MAT_pieni.png\" alt=\"Kuvakaappaukset UEF-Primosta. Ensimm\u00e4inen haku on: normiavaruudet, jolla saatu kolme tulosta. Seliteteksti: Vaihdetaan hakusanaksi laajempi termit. Uusi haku on: metriset avaruudet. T\u00e4ll\u00e4 saatu 19 tulosta.\" class=\"wp-image-1843\" style=\"object-fit:cover\" srcset=\"https:\/\/blogs.uef.fi\/tiedonhaku-matematiikka\/wp-content\/uploads\/sites\/51\/2022\/09\/MAT_pieni.png 966w, https:\/\/blogs.uef.fi\/tiedonhaku-matematiikka\/wp-content\/uploads\/sites\/51\/2022\/09\/MAT_pieni-300x252.png 300w, https:\/\/blogs.uef.fi\/tiedonhaku-matematiikka\/wp-content\/uploads\/sites\/51\/2022\/09\/MAT_pieni-768x646.png 768w\" sizes=\"auto, (max-width: 966px) 100vw, 966px\" \/><figcaption class=\"wp-element-caption\"><em>Esimerkiksi, ellei tarkasti m\u00e4\u00e4ritelty haku anna tarpeeksi tuloksia, mietit\u00e4\u00e4n, mihin <strong>laajempaan aihealueeseen<\/strong> hakuaihe liittyy.<\/em><\/figcaption><\/figure>\n\n\n\n<h2 class=\"wp-block-heading\">Selaile, jos haullasi ei ole viel\u00e4 tarkkaa kohdetta<\/h2>\n\n\n\n<p>Vaikka erilaisia tieteellisi\u00e4 lehti\u00e4 on tarjolla lukematon m\u00e4\u00e4r\u00e4, usein alalla on tietyt tunnetut lehdet, joissa ainakin t\u00e4rkeimm\u00e4t artikkelit pyrit\u00e4\u00e4n julkaisemaan. T\u00e4llaisia t\u00e4rkeit\u00e4 lehti\u00e4 voi selailla (browse) aika ajoin. Kaikkea ei tarvitse l\u00f6yt\u00e4\u00e4 hakulauseiden avulla. <\/p>\n\n\n\n<p>Tietokannoissa voit my\u00f6s selailla (browse), esim. tietyn <strong>lehden artikkeleita tai aihealueita <\/strong>(englanniksi category tai Subject area).<strong><br><\/strong><\/p>\n\n\n\n<figure class=\"wp-block-image aligncenter size-full\"><img loading=\"lazy\" decoding=\"async\" width=\"1311\" height=\"751\" src=\"https:\/\/blogs.uef.fi\/tiedonhaku-matematiikka\/wp-content\/uploads\/sites\/51\/2020\/09\/Ebsco_ebook_browse.jpg\" alt=\"Kuvakappaus Ebook central -tietokannasta. Valikossa vasemmalla lukee: Browse by category. Sen alla lueteltu aiheita englanniksi. Oikealla otsikko: Highlights ja kuvia kirjojen kansista.\" class=\"wp-image-900\" srcset=\"https:\/\/blogs.uef.fi\/tiedonhaku-matematiikka\/wp-content\/uploads\/sites\/51\/2020\/09\/Ebsco_ebook_browse.jpg 1311w, https:\/\/blogs.uef.fi\/tiedonhaku-matematiikka\/wp-content\/uploads\/sites\/51\/2020\/09\/Ebsco_ebook_browse-300x172.jpg 300w, https:\/\/blogs.uef.fi\/tiedonhaku-matematiikka\/wp-content\/uploads\/sites\/51\/2020\/09\/Ebsco_ebook_browse-1024x587.jpg 1024w, https:\/\/blogs.uef.fi\/tiedonhaku-matematiikka\/wp-content\/uploads\/sites\/51\/2020\/09\/Ebsco_ebook_browse-768x440.jpg 768w\" sizes=\"auto, (max-width: 1311px) 100vw, 1311px\" \/><\/figure>\n\n\n\n<p class=\"has-text-align-right\">Seuraava sivu: <a href=\"https:\/\/blogs.uef.fi\/tiedonhaku-matematiikka\/milloin-hakutulos-on-riittava\/\">Milloin hakutulos on riitt\u00e4v\u00e4<\/a><\/p>\n","protected":false},"excerpt":{"rendered":"<p>Tiedonhaun voi aloittaa eri tavoin. Aihetta kannattaa ensin hieman tunnustella, jotta p\u00e4\u00e4see jyv\u00e4lle siit\u00e4, kuinka juuri t\u00e4t\u00e4 aihetta kannattaisi l\u00e4hesty\u00e4 ja kehitell\u00e4 hakua edelleen. Haun muokkaamisen keinoja k\u00e4sitell\u00e4\u00e4n tarkemmin seuravissa luvuissa. Hakutulosta kannattaa varsinkin alussa tutkailla j\u00e4rjestettyn\u00e4 (sort by) aiheenmukaisuuden eli relevanssin mukaan. N\u00e4in voit nopeasti l\u00f6yt\u00e4\u00e4 joitakin hyvi\u00e4 osumia. Tulokset voi j\u00e4rjest\u00e4\u00e4 my\u00f6s julkaisuajankohdan [&hellip;]<\/p>\n","protected":false},"author":127,"featured_media":0,"parent":585,"menu_order":4,"comment_status":"closed","ping_status":"closed","template":"","meta":{"_acf_changed":false,"footnotes":""},"class_list":["post-130","page","type-page","status-publish","hentry"],"acf":[],"yoast_head":"<!-- This site is optimized with the Yoast SEO plugin v27.3 - https:\/\/yoast.com\/product\/yoast-seo-wordpress\/ -->\n<title>Hakutapoja - Matematiikan tiedonhaku \/ UEF kirjasto<\/title>\n<meta name=\"robots\" content=\"index, follow, max-snippet:-1, max-image-preview:large, max-video-preview:-1\" \/>\n<link rel=\"canonical\" href=\"https:\/\/blogs.uef.fi\/tiedonhaku-matematiikka\/hakulauseet-2\/hakutapoja\/\" \/>\n<meta property=\"og:locale\" content=\"fi_FI\" \/>\n<meta property=\"og:type\" content=\"article\" \/>\n<meta property=\"og:title\" content=\"Hakutapoja - Matematiikan tiedonhaku \/ UEF kirjasto\" \/>\n<meta property=\"og:description\" content=\"Tiedonhaun voi aloittaa eri tavoin. Aihetta kannattaa ensin hieman tunnustella, jotta p\u00e4\u00e4see jyv\u00e4lle siit\u00e4, kuinka juuri t\u00e4t\u00e4 aihetta kannattaisi l\u00e4hesty\u00e4 ja kehitell\u00e4 hakua edelleen. Haun muokkaamisen keinoja k\u00e4sitell\u00e4\u00e4n tarkemmin seuravissa luvuissa. Hakutulosta kannattaa varsinkin alussa tutkailla j\u00e4rjestettyn\u00e4 (sort by) aiheenmukaisuuden eli relevanssin mukaan. N\u00e4in voit nopeasti l\u00f6yt\u00e4\u00e4 joitakin hyvi\u00e4 osumia. Tulokset voi j\u00e4rjest\u00e4\u00e4 my\u00f6s julkaisuajankohdan [&hellip;]\" \/>\n<meta property=\"og:url\" content=\"https:\/\/blogs.uef.fi\/tiedonhaku-matematiikka\/hakulauseet-2\/hakutapoja\/\" \/>\n<meta property=\"og:site_name\" content=\"Matematiikan tiedonhaku \/ UEF kirjasto\" \/>\n<meta property=\"article:modified_time\" content=\"2024-01-19T10:38:25+00:00\" \/>\n<meta property=\"og:image\" content=\"https:\/\/blogs.uef.fi\/tiedonhaku-matematiikka\/wp-content\/uploads\/sites\/51\/2020\/09\/MAT_UP_yksisana.jpg\" \/>\n<meta name=\"twitter:card\" content=\"summary_large_image\" \/>\n<meta name=\"twitter:label1\" content=\"Arvioitu lukuaika\" \/>\n\t<meta name=\"twitter:data1\" content=\"4 minuuttia\" \/>\n<script type=\"application\/ld+json\" class=\"yoast-schema-graph\">{\"@context\":\"https:\\\/\\\/schema.org\",\"@graph\":[{\"@type\":\"WebPage\",\"@id\":\"https:\\\/\\\/blogs.uef.fi\\\/tiedonhaku-matematiikka\\\/hakulauseet-2\\\/hakutapoja\\\/\",\"url\":\"https:\\\/\\\/blogs.uef.fi\\\/tiedonhaku-matematiikka\\\/hakulauseet-2\\\/hakutapoja\\\/\",\"name\":\"Hakutapoja - Matematiikan tiedonhaku \\\/ UEF kirjasto\",\"isPartOf\":{\"@id\":\"https:\\\/\\\/blogs.uef.fi\\\/tiedonhaku-matematiikka\\\/#website\"},\"primaryImageOfPage\":{\"@id\":\"https:\\\/\\\/blogs.uef.fi\\\/tiedonhaku-matematiikka\\\/hakulauseet-2\\\/hakutapoja\\\/#primaryimage\"},\"image\":{\"@id\":\"https:\\\/\\\/blogs.uef.fi\\\/tiedonhaku-matematiikka\\\/hakulauseet-2\\\/hakutapoja\\\/#primaryimage\"},\"thumbnailUrl\":\"https:\\\/\\\/blogs.uef.fi\\\/tiedonhaku-matematiikka\\\/wp-content\\\/uploads\\\/sites\\\/51\\\/2020\\\/09\\\/MAT_UP_yksisana.jpg\",\"datePublished\":\"2015-09-16T09:34:53+00:00\",\"dateModified\":\"2024-01-19T10:38:25+00:00\",\"breadcrumb\":{\"@id\":\"https:\\\/\\\/blogs.uef.fi\\\/tiedonhaku-matematiikka\\\/hakulauseet-2\\\/hakutapoja\\\/#breadcrumb\"},\"inLanguage\":\"fi\",\"potentialAction\":[{\"@type\":\"ReadAction\",\"target\":[\"https:\\\/\\\/blogs.uef.fi\\\/tiedonhaku-matematiikka\\\/hakulauseet-2\\\/hakutapoja\\\/\"]}]},{\"@type\":\"ImageObject\",\"inLanguage\":\"fi\",\"@id\":\"https:\\\/\\\/blogs.uef.fi\\\/tiedonhaku-matematiikka\\\/hakulauseet-2\\\/hakutapoja\\\/#primaryimage\",\"url\":\"https:\\\/\\\/blogs.uef.fi\\\/tiedonhaku-matematiikka\\\/wp-content\\\/uploads\\\/sites\\\/51\\\/2020\\\/09\\\/MAT_UP_yksisana.jpg\",\"contentUrl\":\"https:\\\/\\\/blogs.uef.fi\\\/tiedonhaku-matematiikka\\\/wp-content\\\/uploads\\\/sites\\\/51\\\/2020\\\/09\\\/MAT_UP_yksisana.jpg\",\"width\":1120,\"height\":518},{\"@type\":\"BreadcrumbList\",\"@id\":\"https:\\\/\\\/blogs.uef.fi\\\/tiedonhaku-matematiikka\\\/hakulauseet-2\\\/hakutapoja\\\/#breadcrumb\",\"itemListElement\":[{\"@type\":\"ListItem\",\"position\":1,\"name\":\"Home\",\"item\":\"https:\\\/\\\/blogs.uef.fi\\\/tiedonhaku-matematiikka\\\/\"},{\"@type\":\"ListItem\",\"position\":2,\"name\":\"Hakulauseet\",\"item\":\"https:\\\/\\\/blogs.uef.fi\\\/tiedonhaku-matematiikka\\\/hakulauseet-2\\\/\"},{\"@type\":\"ListItem\",\"position\":3,\"name\":\"Hakutapoja\"}]},{\"@type\":\"WebSite\",\"@id\":\"https:\\\/\\\/blogs.uef.fi\\\/tiedonhaku-matematiikka\\\/#website\",\"url\":\"https:\\\/\\\/blogs.uef.fi\\\/tiedonhaku-matematiikka\\\/\",\"name\":\"Matematiikan tiedonhaku \\\/ UEF kirjasto\",\"description\":\"Matematiikan tiedonhaku on kattava oppimateriaali tiedonhakuun matemaatikoille. Se sis\u00e4lt\u00e4\u00e4 yleiset tiedonhaun tekniikat sek\u00e4 kemian alan tiedonl\u00e4hteet ohjeineen ja esimerkkeineen.\",\"potentialAction\":[{\"@type\":\"SearchAction\",\"target\":{\"@type\":\"EntryPoint\",\"urlTemplate\":\"https:\\\/\\\/blogs.uef.fi\\\/tiedonhaku-matematiikka\\\/?s={search_term_string}\"},\"query-input\":{\"@type\":\"PropertyValueSpecification\",\"valueRequired\":true,\"valueName\":\"search_term_string\"}}],\"inLanguage\":\"fi\"}]}<\/script>\n<!-- \/ Yoast SEO plugin. -->","yoast_head_json":{"title":"Hakutapoja - Matematiikan tiedonhaku \/ UEF kirjasto","robots":{"index":"index","follow":"follow","max-snippet":"max-snippet:-1","max-image-preview":"max-image-preview:large","max-video-preview":"max-video-preview:-1"},"canonical":"https:\/\/blogs.uef.fi\/tiedonhaku-matematiikka\/hakulauseet-2\/hakutapoja\/","og_locale":"fi_FI","og_type":"article","og_title":"Hakutapoja - Matematiikan tiedonhaku \/ UEF kirjasto","og_description":"Tiedonhaun voi aloittaa eri tavoin. Aihetta kannattaa ensin hieman tunnustella, jotta p\u00e4\u00e4see jyv\u00e4lle siit\u00e4, kuinka juuri t\u00e4t\u00e4 aihetta kannattaisi l\u00e4hesty\u00e4 ja kehitell\u00e4 hakua edelleen. Haun muokkaamisen keinoja k\u00e4sitell\u00e4\u00e4n tarkemmin seuravissa luvuissa. Hakutulosta kannattaa varsinkin alussa tutkailla j\u00e4rjestettyn\u00e4 (sort by) aiheenmukaisuuden eli relevanssin mukaan. N\u00e4in voit nopeasti l\u00f6yt\u00e4\u00e4 joitakin hyvi\u00e4 osumia. Tulokset voi j\u00e4rjest\u00e4\u00e4 my\u00f6s julkaisuajankohdan [&hellip;]","og_url":"https:\/\/blogs.uef.fi\/tiedonhaku-matematiikka\/hakulauseet-2\/hakutapoja\/","og_site_name":"Matematiikan tiedonhaku \/ UEF kirjasto","article_modified_time":"2024-01-19T10:38:25+00:00","og_image":[{"url":"https:\/\/blogs.uef.fi\/tiedonhaku-matematiikka\/wp-content\/uploads\/sites\/51\/2020\/09\/MAT_UP_yksisana.jpg","type":"","width":"","height":""}],"twitter_card":"summary_large_image","twitter_misc":{"Arvioitu lukuaika":"4 minuuttia"},"schema":{"@context":"https:\/\/schema.org","@graph":[{"@type":"WebPage","@id":"https:\/\/blogs.uef.fi\/tiedonhaku-matematiikka\/hakulauseet-2\/hakutapoja\/","url":"https:\/\/blogs.uef.fi\/tiedonhaku-matematiikka\/hakulauseet-2\/hakutapoja\/","name":"Hakutapoja - Matematiikan tiedonhaku \/ UEF kirjasto","isPartOf":{"@id":"https:\/\/blogs.uef.fi\/tiedonhaku-matematiikka\/#website"},"primaryImageOfPage":{"@id":"https:\/\/blogs.uef.fi\/tiedonhaku-matematiikka\/hakulauseet-2\/hakutapoja\/#primaryimage"},"image":{"@id":"https:\/\/blogs.uef.fi\/tiedonhaku-matematiikka\/hakulauseet-2\/hakutapoja\/#primaryimage"},"thumbnailUrl":"https:\/\/blogs.uef.fi\/tiedonhaku-matematiikka\/wp-content\/uploads\/sites\/51\/2020\/09\/MAT_UP_yksisana.jpg","datePublished":"2015-09-16T09:34:53+00:00","dateModified":"2024-01-19T10:38:25+00:00","breadcrumb":{"@id":"https:\/\/blogs.uef.fi\/tiedonhaku-matematiikka\/hakulauseet-2\/hakutapoja\/#breadcrumb"},"inLanguage":"fi","potentialAction":[{"@type":"ReadAction","target":["https:\/\/blogs.uef.fi\/tiedonhaku-matematiikka\/hakulauseet-2\/hakutapoja\/"]}]},{"@type":"ImageObject","inLanguage":"fi","@id":"https:\/\/blogs.uef.fi\/tiedonhaku-matematiikka\/hakulauseet-2\/hakutapoja\/#primaryimage","url":"https:\/\/blogs.uef.fi\/tiedonhaku-matematiikka\/wp-content\/uploads\/sites\/51\/2020\/09\/MAT_UP_yksisana.jpg","contentUrl":"https:\/\/blogs.uef.fi\/tiedonhaku-matematiikka\/wp-content\/uploads\/sites\/51\/2020\/09\/MAT_UP_yksisana.jpg","width":1120,"height":518},{"@type":"BreadcrumbList","@id":"https:\/\/blogs.uef.fi\/tiedonhaku-matematiikka\/hakulauseet-2\/hakutapoja\/#breadcrumb","itemListElement":[{"@type":"ListItem","position":1,"name":"Home","item":"https:\/\/blogs.uef.fi\/tiedonhaku-matematiikka\/"},{"@type":"ListItem","position":2,"name":"Hakulauseet","item":"https:\/\/blogs.uef.fi\/tiedonhaku-matematiikka\/hakulauseet-2\/"},{"@type":"ListItem","position":3,"name":"Hakutapoja"}]},{"@type":"WebSite","@id":"https:\/\/blogs.uef.fi\/tiedonhaku-matematiikka\/#website","url":"https:\/\/blogs.uef.fi\/tiedonhaku-matematiikka\/","name":"Matematiikan tiedonhaku \/ UEF kirjasto","description":"Matematiikan tiedonhaku on kattava oppimateriaali tiedonhakuun matemaatikoille. Se sis\u00e4lt\u00e4\u00e4 yleiset tiedonhaun tekniikat sek\u00e4 kemian alan tiedonl\u00e4hteet ohjeineen ja esimerkkeineen.","potentialAction":[{"@type":"SearchAction","target":{"@type":"EntryPoint","urlTemplate":"https:\/\/blogs.uef.fi\/tiedonhaku-matematiikka\/?s={search_term_string}"},"query-input":{"@type":"PropertyValueSpecification","valueRequired":true,"valueName":"search_term_string"}}],"inLanguage":"fi"}]}},"_links":{"self":[{"href":"https:\/\/blogs.uef.fi\/tiedonhaku-matematiikka\/wp-json\/wp\/v2\/pages\/130","targetHints":{"allow":["GET"]}}],"collection":[{"href":"https:\/\/blogs.uef.fi\/tiedonhaku-matematiikka\/wp-json\/wp\/v2\/pages"}],"about":[{"href":"https:\/\/blogs.uef.fi\/tiedonhaku-matematiikka\/wp-json\/wp\/v2\/types\/page"}],"author":[{"embeddable":true,"href":"https:\/\/blogs.uef.fi\/tiedonhaku-matematiikka\/wp-json\/wp\/v2\/users\/127"}],"replies":[{"embeddable":true,"href":"https:\/\/blogs.uef.fi\/tiedonhaku-matematiikka\/wp-json\/wp\/v2\/comments?post=130"}],"version-history":[{"count":2,"href":"https:\/\/blogs.uef.fi\/tiedonhaku-matematiikka\/wp-json\/wp\/v2\/pages\/130\/revisions"}],"predecessor-version":[{"id":2862,"href":"https:\/\/blogs.uef.fi\/tiedonhaku-matematiikka\/wp-json\/wp\/v2\/pages\/130\/revisions\/2862"}],"up":[{"embeddable":true,"href":"https:\/\/blogs.uef.fi\/tiedonhaku-matematiikka\/wp-json\/wp\/v2\/pages\/585"}],"wp:attachment":[{"href":"https:\/\/blogs.uef.fi\/tiedonhaku-matematiikka\/wp-json\/wp\/v2\/media?parent=130"}],"curies":[{"name":"wp","href":"https:\/\/api.w.org\/{rel}","templated":true}]}}