{"id":121,"date":"2015-09-16T09:19:05","date_gmt":"2015-09-16T09:19:05","guid":{"rendered":"https:\/\/ueflibrarymat.wordpress.com\/?page_id=121"},"modified":"2024-01-19T12:36:24","modified_gmt":"2024-01-19T10:36:24","slug":"luokitukset","status":"publish","type":"page","link":"https:\/\/blogs.uef.fi\/tiedonhaku-matematiikka\/hakusanat\/luokitukset\/","title":{"rendered":"Luokitukset"},"content":{"rendered":"\n<p><strong>Julkaisun sis\u00e4lt\u00f6\u00e4<\/strong> voidaan kuvata paitsi sanallisesti, my\u00f6s erilaisin<strong> luokituskoodein<\/strong>. T\u00e4st\u00e4 seuraa, ett\u00e4 hakusana voi olla my\u00f6s koodi.<\/p>\n\n\n\n<p>Luokituksen idea on, ett\u00e4 kuvailtavat ilmi\u00f6t on j\u00e4rjestetty hierarkioiksi. <br><br>Ylemm\u00e4n tason ilmi\u00f6t kattavat halutun alueen kokonaisuudessa ja kunkin aiheen alle luodaan oma, aina vain tarkempiin aiheisiin menev\u00e4 alaluokitus.<\/p>\n\n\n\n<p>Kukin aihe eli luokka ilmaistaan <strong>koodilla, jossa voi olla numeroita tai kirjaimia tai molempia<\/strong>. V\u00e4liss\u00e4 voi olla pisteit\u00e4 tai muita v\u00e4limerkkej\u00e4. <\/p>\n\n\n\n<p>Esimerkiksi aihe:<em> alhaisdimensioisten monistojen topologia<\/em> ilmaistaan n\u00e4in:<\/p>\n\n\n\n<ul class=\"wp-block-list\">\n<li>55A (MSC-koodi)<\/li>\n\n\n\n<li>515.162 (UDK-koodi)<\/li>\n<\/ul>\n\n\n\n<p>Mit\u00e4 tarkempi aihe, sen pidempi on koodi: usein alemmat tasot luodaan lis\u00e4\u00e4m\u00e4ll\u00e4 ylemm\u00e4n koodin per\u00e4\u00e4n tarkenteita.<\/p>\n\n\n\n<figure class=\"wp-block-image aligncenter\"><img loading=\"lazy\" decoding=\"async\" width=\"406\" height=\"185\" src=\"https:\/\/blogs.uef.fi\/tiedonhaku-matematiikka\/wp-content\/uploads\/sites\/51\/2015\/09\/matudk.jpg\" alt=\"Teksti\u00e4. 5 (matematiikka, luonnontieteet; 51 matematiikka; 5i7 analyysi; 517.5 funktiot; 517.53 kompleksimuuttujan funktiot; 517.537 analyyttisten funktioiden sarjat ja jonot.\" class=\"wp-image-124\" \/><figcaption class=\"wp-element-caption\"><em>Ote UDK-luokituksesta.<\/em><\/figcaption><\/figure>\n\n\n\n<h2 class=\"wp-block-heading\">Matematiikassa k\u00e4ytet\u00e4\u00e4n luokituksia<\/h2>\n\n\n\n<p>Matematiikan alalle on olemassa oma luokitusj\u00e4rjestelm\u00e4, <a href=\"https:\/\/mathscinet.ams.org\/msc\/msc2020.html\" target=\"_blank\" rel=\"noreferrer noopener\">Mathematics Subject Classification<\/a> (MSC) (linkki aukeaa uuteen v\u00e4llehteen). MSC on k\u00e4yt\u00f6ss\u00e4 American Mathematical Societyn yll\u00e4pit\u00e4m\u00e4ss\u00e4 MathSciNet-tietokannassa.<\/p>\n\n\n\n<p>Koodia voi hakea joko vapaasanahaulla (anywhere) tai erityisen luokituskent\u00e4n kautta.<\/p>\n\n\n\n<figure class=\"wp-block-image size-full\"><img loading=\"lazy\" decoding=\"async\" width=\"1454\" height=\"768\" src=\"https:\/\/blogs.uef.fi\/tiedonhaku-matematiikka\/wp-content\/uploads\/sites\/51\/2023\/09\/MAT_msc_haku.png\" alt=\"Kuvakaappaus. Hakurivill\u00e4 teksti: pcsc:&quot;55a30&quot;. All fields -valikko n\u00e4kyy hakurivin alla.\" class=\"wp-image-2669\" srcset=\"https:\/\/blogs.uef.fi\/tiedonhaku-matematiikka\/wp-content\/uploads\/sites\/51\/2023\/09\/MAT_msc_haku.png 1454w, https:\/\/blogs.uef.fi\/tiedonhaku-matematiikka\/wp-content\/uploads\/sites\/51\/2023\/09\/MAT_msc_haku-300x158.png 300w, https:\/\/blogs.uef.fi\/tiedonhaku-matematiikka\/wp-content\/uploads\/sites\/51\/2023\/09\/MAT_msc_haku-1024x541.png 1024w, https:\/\/blogs.uef.fi\/tiedonhaku-matematiikka\/wp-content\/uploads\/sites\/51\/2023\/09\/MAT_msc_haku-768x406.png 768w\" sizes=\"auto, (max-width: 1454px) 100vw, 1454px\" \/><figcaption class=\"wp-element-caption\"><em>Luokitustunnuksella haku MathScinetista. Aukaisemalla All fields (oikealla) saa n\u00e4kyviin kentt\u00e4tunnukset, joista MSC Primary ja MSC Primary or Secondary ovat luokitustunnusten hakua varten. Hakutermi: 55A30 = Wild knots and surfaces, etc. ( in Low-dimensional topology, in Algebraic topology).<\/em><\/figcaption><\/figure>\n\n\n\n<figure class=\"wp-block-image size-full\"><img loading=\"lazy\" decoding=\"async\" width=\"1429\" height=\"301\" src=\"https:\/\/blogs.uef.fi\/tiedonhaku-matematiikka\/wp-content\/uploads\/sites\/51\/2023\/09\/MAT_msc_haku_classic.png\" alt=\"Kuvakaappaus. Nlej\u00e4 hakurivi\u00e4, joista ylimm\u00e4lle kirjoitettu 55a30. Vasemmalta valikosta valittuna hakukent\u00e4ksi MSC Primary.\" class=\"wp-image-2675\" srcset=\"https:\/\/blogs.uef.fi\/tiedonhaku-matematiikka\/wp-content\/uploads\/sites\/51\/2023\/09\/MAT_msc_haku_classic.png 1429w, https:\/\/blogs.uef.fi\/tiedonhaku-matematiikka\/wp-content\/uploads\/sites\/51\/2023\/09\/MAT_msc_haku_classic-300x63.png 300w, https:\/\/blogs.uef.fi\/tiedonhaku-matematiikka\/wp-content\/uploads\/sites\/51\/2023\/09\/MAT_msc_haku_classic-1024x216.png 1024w, https:\/\/blogs.uef.fi\/tiedonhaku-matematiikka\/wp-content\/uploads\/sites\/51\/2023\/09\/MAT_msc_haku_classic-768x162.png 768w\" sizes=\"auto, (max-width: 1429px) 100vw, 1429px\" \/><figcaption class=\"wp-element-caption\"><em>MathScinetin Classic-haussa kentt\u00e4 valitaan kullekin hakuriville valikosta vasemmalla.<\/em><\/figcaption><\/figure>\n\n\n\n<p>MSC:t\u00e4 on k\u00e4ytetty my\u00f6s UEF kirjastossa, mutta luokituskoodit eiv\u00e4t ole n\u00e4kyvill\u00e4 UEF-Primossa. Sen sijaan kansallisessa Finnassa ne n\u00e4kyv\u00e4t.<\/p>\n\n\n\n<figure class=\"wp-block-image aligncenter size-full is-resized\"><img loading=\"lazy\" decoding=\"async\" width=\"624\" height=\"518\" src=\"https:\/\/blogs.uef.fi\/tiedonhaku-matematiikka\/wp-content\/uploads\/sites\/51\/2022\/08\/MAT_finna_tietue.png\" alt=\"Kuvakaappaus. Kirjan Calculus tiedot. Luokitus-kent\u00e4ss\u00e4 kaksi rivi\u00e4. Toisella lukee: Matemaattinen analyysi (udk 517). Toisella lukee: msc 26-01.\" class=\"wp-image-1428\" style=\"width:500px\" srcset=\"https:\/\/blogs.uef.fi\/tiedonhaku-matematiikka\/wp-content\/uploads\/sites\/51\/2022\/08\/MAT_finna_tietue.png 624w, https:\/\/blogs.uef.fi\/tiedonhaku-matematiikka\/wp-content\/uploads\/sites\/51\/2022\/08\/MAT_finna_tietue-300x249.png 300w\" sizes=\"auto, (max-width: 624px) 100vw, 624px\" \/><figcaption class=\"wp-element-caption\"><em>Tietue Finnassa. Luokitustiedot (udk ja msc) ovat linkkej\u00e4, joiden avulla voi katsoa muita kirjoja, joilla on sama luokitustunnus.<\/em><\/figcaption><\/figure>\n\n\n\n<h2 class=\"wp-block-heading\">Kaikki alat kattava luokitus UDC\/UDK<\/h2>\n\n\n\n<p>Luokitus voi olla my\u00f6s universaali, eli se kattaa kaikki tiedonalat. T\u00e4llainen on <strong>UDC<\/strong> (<a href=\"http:\/\/www.udcsummary.info\/php\/index.php\" target=\"_blank\" rel=\"noopener noreferrer\">Universal decimal classification<\/a>, vain ylemm\u00e4t tasot n\u00e4ht\u00e4vill\u00e4) sek\u00e4 sen suomenkielinen sovellus <strong>UDK<\/strong>. UDK-luokituskoodeja on n\u00e4kyvill\u00e4 <strong>kansallisessa Finnassa<\/strong> (katso kuva yll\u00e4).<\/p>\n\n\n\n<p>Huomaa, ett\u00e4 UDK ja UDC eiv\u00e4t ole aivan yhtenev\u00e4iset, vaikka p\u00e4\u00e4tasot ovatkin samat. UDK-luokituksesta ei ole olemassa verkkoversiota.<\/p>\n\n\n\n<p>Luokitukset olivat aiemmin (<strong>ennen vuotta 2000<\/strong>) kirjastotietokantojen ja muidenkin kirjallisuustietokantojen p\u00e4\u00e4asiallinen sis\u00e4ll\u00f6nkuvausmenetelm\u00e4. Nyky\u00e4\u00e4n sis\u00e4lt\u00f6 kuvataan p\u00e4\u00e4osin sanallisesti asia- ja avainsanoin. Luokitusj\u00e4rjestelm\u00e4t ovatkin osittain vanhentuneita, koska niiden yll\u00e4pitoon ei en\u00e4\u00e4 panosteta. Poikkeuksen tekee yll\u00e4 mainittu MSC.<\/p>\n\n\n\n<p>My\u00f6s kampuskirjastojen <strong>hyllyluokitus<\/strong> perustuu UDK-luokituskaavaan, sielt\u00e4 ovat per\u00e4isin osin omituiseltakin vaikuttavat hyllytunnukset (P 159.9 = psykologia).<\/p>\n\n\n\n<div class=\"links-block\">\n\n    \n    <ul class=\"link-list\">\n        \n            \n            <li class=\"link-list-item\">\n                <a href=\"https:\/\/uef.cloud.panopto.eu\/Panopto\/Pages\/Viewer.aspx?id=3d8c8220-92fb-468e-8153-b03d00cacb3a\" class=\"link-reset link hover-scale-down\">\n                    <svg\n        width=\"43\" height=\"25\"\n        viewBox=\"0 0 43 25\"\n        xmlns=\"http:\/\/www.w3.org\/2000\/svg\">\n    <path\n        d=\"M30.027 0 43 12.5 30.027 25 27 22.083 34.351 15H0v-5h34.351L27 2.917z\"\n        fill=\"currentColor\"\n        fill-rule=\"evenodd\"\/>\n<\/svg>                    <div>Katso video luokitushaun k\u00e4yt\u00f6st\u00e4 ja luokituskoodien hakemisesta (4:25)<\/div>\n                <\/a>\n                <div class=\"link-info\">\n                                    <\/div>\n            <\/li>\n\n                <\/ul>\n<\/div>\n\n\n<p class=\"has-text-align-right\">Seuraava sivu: <a href=\"https:\/\/blogs.uef.fi\/tiedonhaku-matematiikka\/hakulauseet\/\">Hakusanojen yhdist\u00e4minen<\/a><\/p>\n","protected":false},"excerpt":{"rendered":"<p>Julkaisun sis\u00e4lt\u00f6\u00e4 voidaan kuvata paitsi sanallisesti, my\u00f6s erilaisin luokituskoodein. T\u00e4st\u00e4 seuraa, ett\u00e4 hakusana voi olla my\u00f6s koodi. Luokituksen idea on, ett\u00e4 kuvailtavat ilmi\u00f6t on j\u00e4rjestetty hierarkioiksi. Ylemm\u00e4n tason ilmi\u00f6t kattavat halutun alueen kokonaisuudessa ja kunkin aiheen alle luodaan oma, aina vain tarkempiin aiheisiin menev\u00e4 alaluokitus. Kukin aihe eli luokka ilmaistaan koodilla, jossa voi olla numeroita [&hellip;]<\/p>\n","protected":false},"author":127,"featured_media":0,"parent":581,"menu_order":7,"comment_status":"closed","ping_status":"closed","template":"","meta":{"_acf_changed":false,"footnotes":""},"class_list":["post-121","page","type-page","status-publish","hentry"],"acf":[],"yoast_head":"<!-- This site is optimized with the Yoast SEO plugin v27.3 - https:\/\/yoast.com\/product\/yoast-seo-wordpress\/ -->\n<title>Luokitukset - Matematiikan tiedonhaku \/ UEF kirjasto<\/title>\n<meta name=\"robots\" content=\"index, follow, max-snippet:-1, max-image-preview:large, max-video-preview:-1\" \/>\n<link rel=\"canonical\" href=\"https:\/\/blogs.uef.fi\/tiedonhaku-matematiikka\/hakusanat\/luokitukset\/\" \/>\n<meta property=\"og:locale\" content=\"fi_FI\" \/>\n<meta property=\"og:type\" content=\"article\" \/>\n<meta property=\"og:title\" content=\"Luokitukset - Matematiikan tiedonhaku \/ UEF kirjasto\" \/>\n<meta property=\"og:description\" content=\"Julkaisun sis\u00e4lt\u00f6\u00e4 voidaan kuvata paitsi sanallisesti, my\u00f6s erilaisin luokituskoodein. T\u00e4st\u00e4 seuraa, ett\u00e4 hakusana voi olla my\u00f6s koodi. Luokituksen idea on, ett\u00e4 kuvailtavat ilmi\u00f6t on j\u00e4rjestetty hierarkioiksi. Ylemm\u00e4n tason ilmi\u00f6t kattavat halutun alueen kokonaisuudessa ja kunkin aiheen alle luodaan oma, aina vain tarkempiin aiheisiin menev\u00e4 alaluokitus. Kukin aihe eli luokka ilmaistaan koodilla, jossa voi olla numeroita [&hellip;]\" \/>\n<meta property=\"og:url\" content=\"https:\/\/blogs.uef.fi\/tiedonhaku-matematiikka\/hakusanat\/luokitukset\/\" \/>\n<meta property=\"og:site_name\" content=\"Matematiikan tiedonhaku \/ UEF kirjasto\" \/>\n<meta property=\"article:modified_time\" content=\"2024-01-19T10:36:24+00:00\" \/>\n<meta property=\"og:image\" content=\"https:\/\/blogs.uef.fi\/tiedonhaku-matematiikka\/wp-content\/uploads\/sites\/51\/2015\/09\/matudk.jpg\" \/>\n<meta name=\"twitter:card\" content=\"summary_large_image\" \/>\n<meta name=\"twitter:label1\" content=\"Arvioitu lukuaika\" \/>\n\t<meta name=\"twitter:data1\" content=\"3 minuuttia\" \/>\n<script type=\"application\/ld+json\" class=\"yoast-schema-graph\">{\"@context\":\"https:\\\/\\\/schema.org\",\"@graph\":[{\"@type\":\"WebPage\",\"@id\":\"https:\\\/\\\/blogs.uef.fi\\\/tiedonhaku-matematiikka\\\/hakusanat\\\/luokitukset\\\/\",\"url\":\"https:\\\/\\\/blogs.uef.fi\\\/tiedonhaku-matematiikka\\\/hakusanat\\\/luokitukset\\\/\",\"name\":\"Luokitukset - Matematiikan tiedonhaku \\\/ UEF kirjasto\",\"isPartOf\":{\"@id\":\"https:\\\/\\\/blogs.uef.fi\\\/tiedonhaku-matematiikka\\\/#website\"},\"primaryImageOfPage\":{\"@id\":\"https:\\\/\\\/blogs.uef.fi\\\/tiedonhaku-matematiikka\\\/hakusanat\\\/luokitukset\\\/#primaryimage\"},\"image\":{\"@id\":\"https:\\\/\\\/blogs.uef.fi\\\/tiedonhaku-matematiikka\\\/hakusanat\\\/luokitukset\\\/#primaryimage\"},\"thumbnailUrl\":\"https:\\\/\\\/blogs.uef.fi\\\/tiedonhaku-matematiikka\\\/wp-content\\\/uploads\\\/sites\\\/51\\\/2015\\\/09\\\/matudk.jpg\",\"datePublished\":\"2015-09-16T09:19:05+00:00\",\"dateModified\":\"2024-01-19T10:36:24+00:00\",\"breadcrumb\":{\"@id\":\"https:\\\/\\\/blogs.uef.fi\\\/tiedonhaku-matematiikka\\\/hakusanat\\\/luokitukset\\\/#breadcrumb\"},\"inLanguage\":\"fi\",\"potentialAction\":[{\"@type\":\"ReadAction\",\"target\":[\"https:\\\/\\\/blogs.uef.fi\\\/tiedonhaku-matematiikka\\\/hakusanat\\\/luokitukset\\\/\"]}]},{\"@type\":\"ImageObject\",\"inLanguage\":\"fi\",\"@id\":\"https:\\\/\\\/blogs.uef.fi\\\/tiedonhaku-matematiikka\\\/hakusanat\\\/luokitukset\\\/#primaryimage\",\"url\":\"https:\\\/\\\/blogs.uef.fi\\\/tiedonhaku-matematiikka\\\/wp-content\\\/uploads\\\/sites\\\/51\\\/2015\\\/09\\\/matudk.jpg\",\"contentUrl\":\"https:\\\/\\\/blogs.uef.fi\\\/tiedonhaku-matematiikka\\\/wp-content\\\/uploads\\\/sites\\\/51\\\/2015\\\/09\\\/matudk.jpg\",\"width\":406,\"height\":185},{\"@type\":\"BreadcrumbList\",\"@id\":\"https:\\\/\\\/blogs.uef.fi\\\/tiedonhaku-matematiikka\\\/hakusanat\\\/luokitukset\\\/#breadcrumb\",\"itemListElement\":[{\"@type\":\"ListItem\",\"position\":1,\"name\":\"Home\",\"item\":\"https:\\\/\\\/blogs.uef.fi\\\/tiedonhaku-matematiikka\\\/\"},{\"@type\":\"ListItem\",\"position\":2,\"name\":\"Hakusanat\",\"item\":\"https:\\\/\\\/blogs.uef.fi\\\/tiedonhaku-matematiikka\\\/hakusanat\\\/\"},{\"@type\":\"ListItem\",\"position\":3,\"name\":\"Luokitukset\"}]},{\"@type\":\"WebSite\",\"@id\":\"https:\\\/\\\/blogs.uef.fi\\\/tiedonhaku-matematiikka\\\/#website\",\"url\":\"https:\\\/\\\/blogs.uef.fi\\\/tiedonhaku-matematiikka\\\/\",\"name\":\"Matematiikan tiedonhaku \\\/ UEF kirjasto\",\"description\":\"Matematiikan tiedonhaku on kattava oppimateriaali tiedonhakuun matemaatikoille. Se sis\u00e4lt\u00e4\u00e4 yleiset tiedonhaun tekniikat sek\u00e4 kemian alan tiedonl\u00e4hteet ohjeineen ja esimerkkeineen.\",\"potentialAction\":[{\"@type\":\"SearchAction\",\"target\":{\"@type\":\"EntryPoint\",\"urlTemplate\":\"https:\\\/\\\/blogs.uef.fi\\\/tiedonhaku-matematiikka\\\/?s={search_term_string}\"},\"query-input\":{\"@type\":\"PropertyValueSpecification\",\"valueRequired\":true,\"valueName\":\"search_term_string\"}}],\"inLanguage\":\"fi\"}]}<\/script>\n<!-- \/ Yoast SEO plugin. -->","yoast_head_json":{"title":"Luokitukset - Matematiikan tiedonhaku \/ UEF kirjasto","robots":{"index":"index","follow":"follow","max-snippet":"max-snippet:-1","max-image-preview":"max-image-preview:large","max-video-preview":"max-video-preview:-1"},"canonical":"https:\/\/blogs.uef.fi\/tiedonhaku-matematiikka\/hakusanat\/luokitukset\/","og_locale":"fi_FI","og_type":"article","og_title":"Luokitukset - Matematiikan tiedonhaku \/ UEF kirjasto","og_description":"Julkaisun sis\u00e4lt\u00f6\u00e4 voidaan kuvata paitsi sanallisesti, my\u00f6s erilaisin luokituskoodein. T\u00e4st\u00e4 seuraa, ett\u00e4 hakusana voi olla my\u00f6s koodi. Luokituksen idea on, ett\u00e4 kuvailtavat ilmi\u00f6t on j\u00e4rjestetty hierarkioiksi. Ylemm\u00e4n tason ilmi\u00f6t kattavat halutun alueen kokonaisuudessa ja kunkin aiheen alle luodaan oma, aina vain tarkempiin aiheisiin menev\u00e4 alaluokitus. Kukin aihe eli luokka ilmaistaan koodilla, jossa voi olla numeroita [&hellip;]","og_url":"https:\/\/blogs.uef.fi\/tiedonhaku-matematiikka\/hakusanat\/luokitukset\/","og_site_name":"Matematiikan tiedonhaku \/ UEF kirjasto","article_modified_time":"2024-01-19T10:36:24+00:00","og_image":[{"url":"https:\/\/blogs.uef.fi\/tiedonhaku-matematiikka\/wp-content\/uploads\/sites\/51\/2015\/09\/matudk.jpg","type":"","width":"","height":""}],"twitter_card":"summary_large_image","twitter_misc":{"Arvioitu lukuaika":"3 minuuttia"},"schema":{"@context":"https:\/\/schema.org","@graph":[{"@type":"WebPage","@id":"https:\/\/blogs.uef.fi\/tiedonhaku-matematiikka\/hakusanat\/luokitukset\/","url":"https:\/\/blogs.uef.fi\/tiedonhaku-matematiikka\/hakusanat\/luokitukset\/","name":"Luokitukset - Matematiikan tiedonhaku \/ UEF kirjasto","isPartOf":{"@id":"https:\/\/blogs.uef.fi\/tiedonhaku-matematiikka\/#website"},"primaryImageOfPage":{"@id":"https:\/\/blogs.uef.fi\/tiedonhaku-matematiikka\/hakusanat\/luokitukset\/#primaryimage"},"image":{"@id":"https:\/\/blogs.uef.fi\/tiedonhaku-matematiikka\/hakusanat\/luokitukset\/#primaryimage"},"thumbnailUrl":"https:\/\/blogs.uef.fi\/tiedonhaku-matematiikka\/wp-content\/uploads\/sites\/51\/2015\/09\/matudk.jpg","datePublished":"2015-09-16T09:19:05+00:00","dateModified":"2024-01-19T10:36:24+00:00","breadcrumb":{"@id":"https:\/\/blogs.uef.fi\/tiedonhaku-matematiikka\/hakusanat\/luokitukset\/#breadcrumb"},"inLanguage":"fi","potentialAction":[{"@type":"ReadAction","target":["https:\/\/blogs.uef.fi\/tiedonhaku-matematiikka\/hakusanat\/luokitukset\/"]}]},{"@type":"ImageObject","inLanguage":"fi","@id":"https:\/\/blogs.uef.fi\/tiedonhaku-matematiikka\/hakusanat\/luokitukset\/#primaryimage","url":"https:\/\/blogs.uef.fi\/tiedonhaku-matematiikka\/wp-content\/uploads\/sites\/51\/2015\/09\/matudk.jpg","contentUrl":"https:\/\/blogs.uef.fi\/tiedonhaku-matematiikka\/wp-content\/uploads\/sites\/51\/2015\/09\/matudk.jpg","width":406,"height":185},{"@type":"BreadcrumbList","@id":"https:\/\/blogs.uef.fi\/tiedonhaku-matematiikka\/hakusanat\/luokitukset\/#breadcrumb","itemListElement":[{"@type":"ListItem","position":1,"name":"Home","item":"https:\/\/blogs.uef.fi\/tiedonhaku-matematiikka\/"},{"@type":"ListItem","position":2,"name":"Hakusanat","item":"https:\/\/blogs.uef.fi\/tiedonhaku-matematiikka\/hakusanat\/"},{"@type":"ListItem","position":3,"name":"Luokitukset"}]},{"@type":"WebSite","@id":"https:\/\/blogs.uef.fi\/tiedonhaku-matematiikka\/#website","url":"https:\/\/blogs.uef.fi\/tiedonhaku-matematiikka\/","name":"Matematiikan tiedonhaku \/ UEF kirjasto","description":"Matematiikan tiedonhaku on kattava oppimateriaali tiedonhakuun matemaatikoille. Se sis\u00e4lt\u00e4\u00e4 yleiset tiedonhaun tekniikat sek\u00e4 kemian alan tiedonl\u00e4hteet ohjeineen ja esimerkkeineen.","potentialAction":[{"@type":"SearchAction","target":{"@type":"EntryPoint","urlTemplate":"https:\/\/blogs.uef.fi\/tiedonhaku-matematiikka\/?s={search_term_string}"},"query-input":{"@type":"PropertyValueSpecification","valueRequired":true,"valueName":"search_term_string"}}],"inLanguage":"fi"}]}},"_links":{"self":[{"href":"https:\/\/blogs.uef.fi\/tiedonhaku-matematiikka\/wp-json\/wp\/v2\/pages\/121","targetHints":{"allow":["GET"]}}],"collection":[{"href":"https:\/\/blogs.uef.fi\/tiedonhaku-matematiikka\/wp-json\/wp\/v2\/pages"}],"about":[{"href":"https:\/\/blogs.uef.fi\/tiedonhaku-matematiikka\/wp-json\/wp\/v2\/types\/page"}],"author":[{"embeddable":true,"href":"https:\/\/blogs.uef.fi\/tiedonhaku-matematiikka\/wp-json\/wp\/v2\/users\/127"}],"replies":[{"embeddable":true,"href":"https:\/\/blogs.uef.fi\/tiedonhaku-matematiikka\/wp-json\/wp\/v2\/comments?post=121"}],"version-history":[{"count":2,"href":"https:\/\/blogs.uef.fi\/tiedonhaku-matematiikka\/wp-json\/wp\/v2\/pages\/121\/revisions"}],"predecessor-version":[{"id":2853,"href":"https:\/\/blogs.uef.fi\/tiedonhaku-matematiikka\/wp-json\/wp\/v2\/pages\/121\/revisions\/2853"}],"up":[{"embeddable":true,"href":"https:\/\/blogs.uef.fi\/tiedonhaku-matematiikka\/wp-json\/wp\/v2\/pages\/581"}],"wp:attachment":[{"href":"https:\/\/blogs.uef.fi\/tiedonhaku-matematiikka\/wp-json\/wp\/v2\/media?parent=121"}],"curies":[{"name":"wp","href":"https:\/\/api.w.org\/{rel}","templated":true}]}}