{"id":115,"date":"2015-09-16T08:13:21","date_gmt":"2015-09-16T08:13:21","guid":{"rendered":"https:\/\/ueflibrarymat.wordpress.com\/?page_id=115"},"modified":"2024-05-17T12:54:46","modified_gmt":"2024-05-17T09:54:46","slug":"asiasanastot","status":"publish","type":"page","link":"https:\/\/blogs.uef.fi\/tiedonhaku-matematiikka\/hakusanat\/asiasanastot\/","title":{"rendered":"Asiasanastot"},"content":{"rendered":"\n<p>Asiasanastot (englanniksi usein<strong> <\/strong>Thesaurus)<strong> ovat luetteloita k\u00e4yt\u00f6ss\u00e4 olevista asiasanoista. Asiasanastoissa <\/strong>my\u00f6s<strong> m\u00e4\u00e4ritell\u00e4\u00e4n k\u00e4sitteit\u00e4<\/strong> ja kuvataan niiden v\u00e4lisi\u00e4 suhteita: assosiatiiviset k\u00e4sitteet (related), yl\u00e4k\u00e4sitteet (broader) ja alak\u00e4sitteet (narrower).<\/p>\n\n\n\n<h2 class=\"wp-block-heading\">Asiasanastot auttavat hakusanojen valinnassa<\/h2>\n\n\n\n<p>Asiasanastoista<\/p>\n\n\n\n<ul class=\"wp-block-list\">\n<li>etsit\u00e4\u00e4n <strong>oikeat hakusanat<\/strong> asiasanahakua varten<\/li>\n\n\n\n<li>haetaan <strong>vinkkej\u00e4<\/strong> hakusanoiksi ylip\u00e4\u00e4t\u00e4\u00e4n; my\u00f6s rinnakkaiset ja yl\u00e4- ja alak\u00e4sitteet voivat olla hy\u00f6dyllisi\u00e4<\/li>\n<\/ul>\n\n\n\n<p>Vaikka ei k\u00e4ytt\u00e4isik\u00e4\u00e4n varsinaista asiasanastoa apuna, kannattaa silti seurata tietokannoissa asiasanakentt\u00e4\u00e4. Sielt\u00e4 n\u00e4et helposti hyvi\u00e4 hakusanoja, joita voit k\u00e4ytt\u00e4\u00e4 haussasi.<\/p>\n\n\n\n<p><strong>Eri tietokannoissa erilainen asiasanapolitiikka<\/strong>. Esimerkiksi ERIC-tietokannassa on oma ERIC Thesaurus. Sen sijaan Web of Science \u2013tietokannassa ei ole k\u00e4yt\u00f6ss\u00e4 mit\u00e4\u00e4n m\u00e4\u00e4ritelty\u00e4 sanastoa, vain m\u00e4\u00e4rittelelm\u00e4tt\u00f6mi\u00e4 ns. avainsanoja. MathSciNet-tietokannassa ei ole asia- tai avainsanoja lainkaan, vain luokituksia (ks. seuraava luku).<\/p>\n\n\n\n<h2 class=\"wp-block-heading\">Yleinen suomalainen ontologia<\/h2>\n\n\n\n<p><a href=\"https:\/\/finto.fi\/yso\/fi\/\" target=\"_blank\" rel=\"noopener noreferrer\">Yleinen Suomalainen Ontologia (YSO) <\/a>on Suomessa k\u00e4ytett\u00e4v\u00e4 asiasanasto. YSOa k\u00e4ytet\u00e4\u00e4n sek\u00e4 UEF-Primon tietueissa ett\u00e4 kansallisessa Finnassa.<\/p>\n\n\n\n<p>YSO kattaa kaikkien tieteen- ja tiedonalojen keskeisimm\u00e4n terminologian. Matematiikan termien kattavuus on kuitenkin heikompi kuin muilla aloilla.<\/p>\n\n\n\n<p>Termeille saa my\u00f6s englannin- ja ruotsinkielisen vastineen.<\/p>\n\n\n\n<figure class=\"wp-block-image alignnone size-full wp-image-819\"><img loading=\"lazy\" decoding=\"async\" width=\"1263\" height=\"584\" src=\"https:\/\/blogs.uef.fi\/tiedonhaku-matematiikka\/wp-content\/uploads\/sites\/51\/2019\/06\/MATyso.png\" alt=\"Kuvakaappaus YSOsta. Oikealla ylh\u00e4\u00e4ll\u00e4 on hakuruutu, jossa haettu sanaa operaatioanalyysi. Sivun vasen laita esitt\u00e4\u00e4 matematiikan sanoja aakkosj\u00e4rjestyksess\u00e4. Sivun oikea laita kertoo tiedot haetusta termist\u00e4.\" class=\"wp-image-819\" style=\"object-fit:cover\" srcset=\"https:\/\/blogs.uef.fi\/tiedonhaku-matematiikka\/wp-content\/uploads\/sites\/51\/2019\/06\/MATyso.png 1263w, https:\/\/blogs.uef.fi\/tiedonhaku-matematiikka\/wp-content\/uploads\/sites\/51\/2019\/06\/MATyso-300x139.png 300w, https:\/\/blogs.uef.fi\/tiedonhaku-matematiikka\/wp-content\/uploads\/sites\/51\/2019\/06\/MATyso-768x355.png 768w, https:\/\/blogs.uef.fi\/tiedonhaku-matematiikka\/wp-content\/uploads\/sites\/51\/2019\/06\/MATyso-1024x473.png 1024w, https:\/\/blogs.uef.fi\/tiedonhaku-matematiikka\/wp-content\/uploads\/sites\/51\/2019\/06\/MATyso-822x380.png 822w\" sizes=\"auto, (max-width: 1263px) 100vw, 1263px\" \/><figcaption class=\"wp-element-caption\"><em>YSOsta voi hakea yksitt\u00e4ist\u00e4 sanaa (oikealla ylh\u00e4\u00e4ll\u00e4).<\/em><\/figcaption><\/figure>\n\n\n\n<h3 class=\"wp-block-heading\">YSOn k\u00e4ytt\u00f6ohje<\/h3>\n\n\n\n<p>K\u00c4YTETT\u00c4V\u00c4 TERMI kertoo sanaston hyv\u00e4ksym\u00e4n asiasanan tietylle k\u00e4sitteelle. OHJAUSTERMIT (kuvassa operaatiotutkimus) kertovat, mik\u00e4 sanan sijasta asiasanaa k\u00e4ytet\u00e4\u00e4n. Ohjaustermi\u00e4 ei siis voi tallentaa tietokantaan asiasanaksi (aihe), mutta sit\u00e4 voi hyvin k\u00e4ytt\u00e4\u00e4 hakusanana vapaasanahaussa.<\/p>\n\n\n\n<p><strong>Matematiikkaan liittyvi\u00e4 sanoja<\/strong> n\u00e4kee klikkaamalla YSO:n etusivulla ensin linkki\u00e4 \u2019Ryhm\u00e4t\u2019 ja sitten kohtaa \u201c04 Matematiikka. Tilastotiede\u201d.<\/p>\n\n\n\n<p>Asiasanastot el\u00e4v\u00e4t jatkuvasti: tapa asiasanoittaa tietty asia on voinut muuttua vuosien kuluessa, esim.<\/p>\n\n\n\n<ul class=\"wp-block-list\">\n<li>\u2019<em>koodausteoria<\/em>\u2019 tuli asiasanaksi vasta vuonna 2013<\/li>\n\n\n\n<li>sit\u00e4 ennen asiasanoitus saattoi olla vaikkapa vain: <em>&#8217;koodit&#8217;<\/em><\/li>\n<\/ul>\n\n\n\n<h2 class=\"wp-block-heading\"><span style=\"color: #333333\">Library of Congress Subject Headings on er\u00e4s kansainv\u00e4linen asiasanasto<\/span><\/h2>\n\n\n\n<p>Kongressin kirjaston asiasanoja k\u00e4ytet\u00e4\u00e4n laajalti erilaisissa tietokannoissa. Mm. UEF-Primoon on tallennettu n\u00e4it\u00e4 asiasanoja.<\/p>\n\n\n\n<p>Esimerkki sanaston sanasta:<\/p>\n\n\n\n<ul class=\"wp-block-list\">\n<li><em><strong>Game theory<\/strong><\/em><br>UF&nbsp; (=used for, k\u00e4ytet\u00e4\u00e4n n\u00e4iden sijasta) : <em>Games, Theory of; Theory of games<\/em><br>BT (= broader term, laajempi aihe, johon liittyy) : <em>Mathematical models; Mathematics<\/em><br>NT (=narrower term, tarkemmat termit, jotka liittyv\u00e4t aiheeseen): <em>Cooperative games (Mathematics); Differential games; Game-theoretical semantics; Games of chance (Mathematics); Games of strategy (Mathematics); Noncooperative games (Mathematics); Simulation games; Statistical decision<\/em><\/li>\n<\/ul>\n\n\n\n<h2 class=\"wp-block-heading\">Ent\u00e4 jos omalle aiheelle ei l\u00f6ydy sanastosta asiasanaa?<\/h2>\n\n\n\n<p>T\u00e4m\u00e4 on hyvin tavallista, varsinkin hyvin tarkkojen tai uusien termien kohdalla.<br>-&gt; <strong>Mill\u00e4 tahansa sanalla voi hakea sanahakuna\/vapaatekstihakuna.<\/strong><\/p>\n\n\n\n<p class=\"has-text-align-right\">Seuraava sivu: <a href=\"https:\/\/blogs.uef.fi\/tiedonhaku-matematiikka\/luokitukset\/\">Luokitukset<\/a><\/p>\n","protected":false},"excerpt":{"rendered":"<p>Asiasanastot (englanniksi usein Thesaurus) ovat luetteloita k\u00e4yt\u00f6ss\u00e4 olevista asiasanoista. Asiasanastoissa my\u00f6s m\u00e4\u00e4ritell\u00e4\u00e4n k\u00e4sitteit\u00e4 ja kuvataan niiden v\u00e4lisi\u00e4 suhteita: assosiatiiviset k\u00e4sitteet (related), yl\u00e4k\u00e4sitteet (broader) ja alak\u00e4sitteet (narrower). Asiasanastot auttavat hakusanojen valinnassa Asiasanastoista Vaikka ei k\u00e4ytt\u00e4isik\u00e4\u00e4n varsinaista asiasanastoa apuna, kannattaa silti seurata tietokannoissa asiasanakentt\u00e4\u00e4. Sielt\u00e4 n\u00e4et helposti hyvi\u00e4 hakusanoja, joita voit k\u00e4ytt\u00e4\u00e4 haussasi. Eri tietokannoissa erilainen asiasanapolitiikka. [&hellip;]<\/p>\n","protected":false},"author":127,"featured_media":0,"parent":581,"menu_order":6,"comment_status":"closed","ping_status":"closed","template":"","meta":{"_acf_changed":false,"footnotes":""},"class_list":["post-115","page","type-page","status-publish","hentry"],"acf":[],"yoast_head":"<!-- This site is optimized with the Yoast SEO plugin v27.3 - https:\/\/yoast.com\/product\/yoast-seo-wordpress\/ -->\n<title>Asiasanastot - Matematiikan tiedonhaku \/ UEF kirjasto<\/title>\n<meta name=\"robots\" content=\"index, follow, max-snippet:-1, max-image-preview:large, max-video-preview:-1\" \/>\n<link rel=\"canonical\" href=\"https:\/\/blogs.uef.fi\/tiedonhaku-matematiikka\/hakusanat\/asiasanastot\/\" \/>\n<meta property=\"og:locale\" content=\"fi_FI\" \/>\n<meta property=\"og:type\" content=\"article\" \/>\n<meta property=\"og:title\" content=\"Asiasanastot - Matematiikan tiedonhaku \/ UEF kirjasto\" \/>\n<meta property=\"og:description\" content=\"Asiasanastot (englanniksi usein Thesaurus) ovat luetteloita k\u00e4yt\u00f6ss\u00e4 olevista asiasanoista. Asiasanastoissa my\u00f6s m\u00e4\u00e4ritell\u00e4\u00e4n k\u00e4sitteit\u00e4 ja kuvataan niiden v\u00e4lisi\u00e4 suhteita: assosiatiiviset k\u00e4sitteet (related), yl\u00e4k\u00e4sitteet (broader) ja alak\u00e4sitteet (narrower). Asiasanastot auttavat hakusanojen valinnassa Asiasanastoista Vaikka ei k\u00e4ytt\u00e4isik\u00e4\u00e4n varsinaista asiasanastoa apuna, kannattaa silti seurata tietokannoissa asiasanakentt\u00e4\u00e4. Sielt\u00e4 n\u00e4et helposti hyvi\u00e4 hakusanoja, joita voit k\u00e4ytt\u00e4\u00e4 haussasi. Eri tietokannoissa erilainen asiasanapolitiikka. [&hellip;]\" \/>\n<meta property=\"og:url\" content=\"https:\/\/blogs.uef.fi\/tiedonhaku-matematiikka\/hakusanat\/asiasanastot\/\" \/>\n<meta property=\"og:site_name\" content=\"Matematiikan tiedonhaku \/ UEF kirjasto\" \/>\n<meta property=\"article:modified_time\" content=\"2024-05-17T09:54:46+00:00\" \/>\n<meta property=\"og:image\" content=\"https:\/\/blogs.uef.fi\/tiedonhaku-matematiikka\/wp-content\/uploads\/sites\/51\/2019\/06\/MATyso.png\" \/>\n<meta name=\"twitter:card\" content=\"summary_large_image\" \/>\n<meta name=\"twitter:label1\" content=\"Arvioitu lukuaika\" \/>\n\t<meta name=\"twitter:data1\" content=\"3 minuuttia\" \/>\n<script type=\"application\/ld+json\" class=\"yoast-schema-graph\">{\"@context\":\"https:\\\/\\\/schema.org\",\"@graph\":[{\"@type\":\"WebPage\",\"@id\":\"https:\\\/\\\/blogs.uef.fi\\\/tiedonhaku-matematiikka\\\/hakusanat\\\/asiasanastot\\\/\",\"url\":\"https:\\\/\\\/blogs.uef.fi\\\/tiedonhaku-matematiikka\\\/hakusanat\\\/asiasanastot\\\/\",\"name\":\"Asiasanastot - Matematiikan tiedonhaku \\\/ UEF kirjasto\",\"isPartOf\":{\"@id\":\"https:\\\/\\\/blogs.uef.fi\\\/tiedonhaku-matematiikka\\\/#website\"},\"primaryImageOfPage\":{\"@id\":\"https:\\\/\\\/blogs.uef.fi\\\/tiedonhaku-matematiikka\\\/hakusanat\\\/asiasanastot\\\/#primaryimage\"},\"image\":{\"@id\":\"https:\\\/\\\/blogs.uef.fi\\\/tiedonhaku-matematiikka\\\/hakusanat\\\/asiasanastot\\\/#primaryimage\"},\"thumbnailUrl\":\"https:\\\/\\\/blogs.uef.fi\\\/tiedonhaku-matematiikka\\\/wp-content\\\/uploads\\\/sites\\\/51\\\/2019\\\/06\\\/MATyso.png\",\"datePublished\":\"2015-09-16T08:13:21+00:00\",\"dateModified\":\"2024-05-17T09:54:46+00:00\",\"breadcrumb\":{\"@id\":\"https:\\\/\\\/blogs.uef.fi\\\/tiedonhaku-matematiikka\\\/hakusanat\\\/asiasanastot\\\/#breadcrumb\"},\"inLanguage\":\"fi\",\"potentialAction\":[{\"@type\":\"ReadAction\",\"target\":[\"https:\\\/\\\/blogs.uef.fi\\\/tiedonhaku-matematiikka\\\/hakusanat\\\/asiasanastot\\\/\"]}]},{\"@type\":\"ImageObject\",\"inLanguage\":\"fi\",\"@id\":\"https:\\\/\\\/blogs.uef.fi\\\/tiedonhaku-matematiikka\\\/hakusanat\\\/asiasanastot\\\/#primaryimage\",\"url\":\"https:\\\/\\\/blogs.uef.fi\\\/tiedonhaku-matematiikka\\\/wp-content\\\/uploads\\\/sites\\\/51\\\/2019\\\/06\\\/MATyso.png\",\"contentUrl\":\"https:\\\/\\\/blogs.uef.fi\\\/tiedonhaku-matematiikka\\\/wp-content\\\/uploads\\\/sites\\\/51\\\/2019\\\/06\\\/MATyso.png\",\"width\":1263,\"height\":584,\"caption\":\"YSOsta voi hakea yksitt\u00f6ist\u00e4 sanaa\"},{\"@type\":\"BreadcrumbList\",\"@id\":\"https:\\\/\\\/blogs.uef.fi\\\/tiedonhaku-matematiikka\\\/hakusanat\\\/asiasanastot\\\/#breadcrumb\",\"itemListElement\":[{\"@type\":\"ListItem\",\"position\":1,\"name\":\"Home\",\"item\":\"https:\\\/\\\/blogs.uef.fi\\\/tiedonhaku-matematiikka\\\/\"},{\"@type\":\"ListItem\",\"position\":2,\"name\":\"Hakusanat\",\"item\":\"https:\\\/\\\/blogs.uef.fi\\\/tiedonhaku-matematiikka\\\/hakusanat\\\/\"},{\"@type\":\"ListItem\",\"position\":3,\"name\":\"Asiasanastot\"}]},{\"@type\":\"WebSite\",\"@id\":\"https:\\\/\\\/blogs.uef.fi\\\/tiedonhaku-matematiikka\\\/#website\",\"url\":\"https:\\\/\\\/blogs.uef.fi\\\/tiedonhaku-matematiikka\\\/\",\"name\":\"Matematiikan tiedonhaku \\\/ UEF kirjasto\",\"description\":\"Matematiikan tiedonhaku on kattava oppimateriaali tiedonhakuun matemaatikoille. Se sis\u00e4lt\u00e4\u00e4 yleiset tiedonhaun tekniikat sek\u00e4 kemian alan tiedonl\u00e4hteet ohjeineen ja esimerkkeineen.\",\"potentialAction\":[{\"@type\":\"SearchAction\",\"target\":{\"@type\":\"EntryPoint\",\"urlTemplate\":\"https:\\\/\\\/blogs.uef.fi\\\/tiedonhaku-matematiikka\\\/?s={search_term_string}\"},\"query-input\":{\"@type\":\"PropertyValueSpecification\",\"valueRequired\":true,\"valueName\":\"search_term_string\"}}],\"inLanguage\":\"fi\"}]}<\/script>\n<!-- \/ Yoast SEO plugin. -->","yoast_head_json":{"title":"Asiasanastot - Matematiikan tiedonhaku \/ UEF kirjasto","robots":{"index":"index","follow":"follow","max-snippet":"max-snippet:-1","max-image-preview":"max-image-preview:large","max-video-preview":"max-video-preview:-1"},"canonical":"https:\/\/blogs.uef.fi\/tiedonhaku-matematiikka\/hakusanat\/asiasanastot\/","og_locale":"fi_FI","og_type":"article","og_title":"Asiasanastot - Matematiikan tiedonhaku \/ UEF kirjasto","og_description":"Asiasanastot (englanniksi usein Thesaurus) ovat luetteloita k\u00e4yt\u00f6ss\u00e4 olevista asiasanoista. Asiasanastoissa my\u00f6s m\u00e4\u00e4ritell\u00e4\u00e4n k\u00e4sitteit\u00e4 ja kuvataan niiden v\u00e4lisi\u00e4 suhteita: assosiatiiviset k\u00e4sitteet (related), yl\u00e4k\u00e4sitteet (broader) ja alak\u00e4sitteet (narrower). Asiasanastot auttavat hakusanojen valinnassa Asiasanastoista Vaikka ei k\u00e4ytt\u00e4isik\u00e4\u00e4n varsinaista asiasanastoa apuna, kannattaa silti seurata tietokannoissa asiasanakentt\u00e4\u00e4. Sielt\u00e4 n\u00e4et helposti hyvi\u00e4 hakusanoja, joita voit k\u00e4ytt\u00e4\u00e4 haussasi. Eri tietokannoissa erilainen asiasanapolitiikka. [&hellip;]","og_url":"https:\/\/blogs.uef.fi\/tiedonhaku-matematiikka\/hakusanat\/asiasanastot\/","og_site_name":"Matematiikan tiedonhaku \/ UEF kirjasto","article_modified_time":"2024-05-17T09:54:46+00:00","og_image":[{"url":"https:\/\/blogs.uef.fi\/tiedonhaku-matematiikka\/wp-content\/uploads\/sites\/51\/2019\/06\/MATyso.png","type":"","width":"","height":""}],"twitter_card":"summary_large_image","twitter_misc":{"Arvioitu lukuaika":"3 minuuttia"},"schema":{"@context":"https:\/\/schema.org","@graph":[{"@type":"WebPage","@id":"https:\/\/blogs.uef.fi\/tiedonhaku-matematiikka\/hakusanat\/asiasanastot\/","url":"https:\/\/blogs.uef.fi\/tiedonhaku-matematiikka\/hakusanat\/asiasanastot\/","name":"Asiasanastot - Matematiikan tiedonhaku \/ UEF kirjasto","isPartOf":{"@id":"https:\/\/blogs.uef.fi\/tiedonhaku-matematiikka\/#website"},"primaryImageOfPage":{"@id":"https:\/\/blogs.uef.fi\/tiedonhaku-matematiikka\/hakusanat\/asiasanastot\/#primaryimage"},"image":{"@id":"https:\/\/blogs.uef.fi\/tiedonhaku-matematiikka\/hakusanat\/asiasanastot\/#primaryimage"},"thumbnailUrl":"https:\/\/blogs.uef.fi\/tiedonhaku-matematiikka\/wp-content\/uploads\/sites\/51\/2019\/06\/MATyso.png","datePublished":"2015-09-16T08:13:21+00:00","dateModified":"2024-05-17T09:54:46+00:00","breadcrumb":{"@id":"https:\/\/blogs.uef.fi\/tiedonhaku-matematiikka\/hakusanat\/asiasanastot\/#breadcrumb"},"inLanguage":"fi","potentialAction":[{"@type":"ReadAction","target":["https:\/\/blogs.uef.fi\/tiedonhaku-matematiikka\/hakusanat\/asiasanastot\/"]}]},{"@type":"ImageObject","inLanguage":"fi","@id":"https:\/\/blogs.uef.fi\/tiedonhaku-matematiikka\/hakusanat\/asiasanastot\/#primaryimage","url":"https:\/\/blogs.uef.fi\/tiedonhaku-matematiikka\/wp-content\/uploads\/sites\/51\/2019\/06\/MATyso.png","contentUrl":"https:\/\/blogs.uef.fi\/tiedonhaku-matematiikka\/wp-content\/uploads\/sites\/51\/2019\/06\/MATyso.png","width":1263,"height":584,"caption":"YSOsta voi hakea yksitt\u00f6ist\u00e4 sanaa"},{"@type":"BreadcrumbList","@id":"https:\/\/blogs.uef.fi\/tiedonhaku-matematiikka\/hakusanat\/asiasanastot\/#breadcrumb","itemListElement":[{"@type":"ListItem","position":1,"name":"Home","item":"https:\/\/blogs.uef.fi\/tiedonhaku-matematiikka\/"},{"@type":"ListItem","position":2,"name":"Hakusanat","item":"https:\/\/blogs.uef.fi\/tiedonhaku-matematiikka\/hakusanat\/"},{"@type":"ListItem","position":3,"name":"Asiasanastot"}]},{"@type":"WebSite","@id":"https:\/\/blogs.uef.fi\/tiedonhaku-matematiikka\/#website","url":"https:\/\/blogs.uef.fi\/tiedonhaku-matematiikka\/","name":"Matematiikan tiedonhaku \/ UEF kirjasto","description":"Matematiikan tiedonhaku on kattava oppimateriaali tiedonhakuun matemaatikoille. Se sis\u00e4lt\u00e4\u00e4 yleiset tiedonhaun tekniikat sek\u00e4 kemian alan tiedonl\u00e4hteet ohjeineen ja esimerkkeineen.","potentialAction":[{"@type":"SearchAction","target":{"@type":"EntryPoint","urlTemplate":"https:\/\/blogs.uef.fi\/tiedonhaku-matematiikka\/?s={search_term_string}"},"query-input":{"@type":"PropertyValueSpecification","valueRequired":true,"valueName":"search_term_string"}}],"inLanguage":"fi"}]}},"_links":{"self":[{"href":"https:\/\/blogs.uef.fi\/tiedonhaku-matematiikka\/wp-json\/wp\/v2\/pages\/115","targetHints":{"allow":["GET"]}}],"collection":[{"href":"https:\/\/blogs.uef.fi\/tiedonhaku-matematiikka\/wp-json\/wp\/v2\/pages"}],"about":[{"href":"https:\/\/blogs.uef.fi\/tiedonhaku-matematiikka\/wp-json\/wp\/v2\/types\/page"}],"author":[{"embeddable":true,"href":"https:\/\/blogs.uef.fi\/tiedonhaku-matematiikka\/wp-json\/wp\/v2\/users\/127"}],"replies":[{"embeddable":true,"href":"https:\/\/blogs.uef.fi\/tiedonhaku-matematiikka\/wp-json\/wp\/v2\/comments?post=115"}],"version-history":[{"count":2,"href":"https:\/\/blogs.uef.fi\/tiedonhaku-matematiikka\/wp-json\/wp\/v2\/pages\/115\/revisions"}],"predecessor-version":[{"id":2956,"href":"https:\/\/blogs.uef.fi\/tiedonhaku-matematiikka\/wp-json\/wp\/v2\/pages\/115\/revisions\/2956"}],"up":[{"embeddable":true,"href":"https:\/\/blogs.uef.fi\/tiedonhaku-matematiikka\/wp-json\/wp\/v2\/pages\/581"}],"wp:attachment":[{"href":"https:\/\/blogs.uef.fi\/tiedonhaku-matematiikka\/wp-json\/wp\/v2\/media?parent=115"}],"curies":[{"name":"wp","href":"https:\/\/api.w.org\/{rel}","templated":true}]}}