{"id":110,"date":"2015-09-15T13:01:40","date_gmt":"2015-09-15T13:01:40","guid":{"rendered":"https:\/\/ueflibrarymat.wordpress.com\/?page_id=110"},"modified":"2024-05-17T14:27:24","modified_gmt":"2024-05-17T11:27:24","slug":"asiasanahaku","status":"publish","type":"page","link":"https:\/\/blogs.uef.fi\/tiedonhaku-matematiikka\/hakusanat\/asiasanahaku\/","title":{"rendered":"Asiasanahaku"},"content":{"rendered":"\n<p>Hakusanoina voi k\u00e4ytt\u00e4\u00e4 mit\u00e4 tahansa sanoja, jotka kuvaavat aihetta. Tietokantahauissa erityisen tehokkaita hakusanoja ovat ns. asiasanat.<\/p>\n\n\n\n<h2 class=\"wp-block-heading\">Asiasana kuvaa sis\u00e4lt\u00f6\u00e4<\/h2>\n\n\n\n<p>Asiasana on tehokas hakusanana, koska se:<\/p>\n\n\n\n<ul class=\"wp-block-list\">\n<li>tallennetaan tietueeseen kertomaan julkaisun sis\u00e4ll\u00f6st\u00e4 lyhyesti<\/li>\n\n\n\n<li>on aina samanmuotoinen<\/li>\n\n\n\n<li>kattaa useita vaihtoehtoisia, samaa tarkoittavia sanoja<\/li>\n<\/ul>\n\n\n\n<h2 class=\"wp-block-heading\">Asiasanat kerrotaan asiasanastoissa<\/h2>\n\n\n\n<p>Asiasanat m\u00e4\u00e4ritell\u00e4\u00e4n erityisiss\u00e4 hakemistoissa, joita kutsutaan <strong>asiasanastoiksi eli tesauruksiksi<\/strong>. Asiasanasto paitsi listaa sanoja, my\u00f6s kuvaa termien v\u00e4lisi\u00e4 suhteita: <em>assosiatiiviset k\u00e4sitteet<\/em> (related), <em>yl\u00e4k\u00e4sitteet <\/em>(broader) ja <em>alak\u00e4sitteet<\/em> (narrower).<\/p>\n\n\n\n<p><strong>Eri tietokannat k\u00e4ytt\u00e4v\u00e4t eri sanastoja.<\/strong> Esimerkiksi UEF-Primossa k\u00e4ytet\u00e4\u00e4n YSO-sanastoa (suomeksi) ja Library of Congress Subject headings -sanastoa (englanniksi). Web of Science -tietokannassa ei ole k\u00e4yt\u00f6ss\u00e4 mit\u00e4\u00e4n m\u00e4\u00e4ritelty\u00e4 sanastoa. Siksi sama sana ei toimi eri tietokannoissa samalla tavalla.<\/p>\n\n\n\n<h3 class=\"wp-block-heading\">Yleinen suomalainen ontologia YSO<\/h3>\n\n\n\n<p><a href=\"https:\/\/finto.fi\/yso\/fi\/\">Yleinen Suomalainen Ontologia YSO<\/a> (linkki aukeaa uuteen ikkunaan) on Suomessa k\u00e4ytett\u00e4v\u00e4 asiasanasto. YSOa k\u00e4ytet\u00e4\u00e4n sek\u00e4 UEF-Primon tietueissa ett\u00e4 kansallisessa Finnassa.<\/p>\n\n\n\n<p>YSO kattaa kaikkien tieteen- ja tiedonalojen keskeisimm\u00e4n terminologian. Matematiikan ja luonnontieteiden termien kattavuus on kuitenkin ohuempi kuin muilla aloilla.<\/p>\n\n\n\n<figure class=\"wp-block-image size-full\"><img loading=\"lazy\" decoding=\"async\" width=\"1263\" height=\"584\" src=\"https:\/\/blogs.uef.fi\/tiedonhaku-matematiikka\/wp-content\/uploads\/sites\/51\/2019\/06\/MATyso.png\" alt=\"Kuvakaappaus YSOsta. Oikealla ylh\u00e4\u00e4ll\u00e4 on hakuruutu, jossa haettu sanaa operaatioanalyysi. Sivun vasen laita esitt\u00e4\u00e4 matematiikan sanoja aakkosj\u00e4rjestyksess\u00e4. Sivun oikea laita kertoo tiedot haetusta termist\u00e4.\" class=\"wp-image-819\" srcset=\"https:\/\/blogs.uef.fi\/tiedonhaku-matematiikka\/wp-content\/uploads\/sites\/51\/2019\/06\/MATyso.png 1263w, https:\/\/blogs.uef.fi\/tiedonhaku-matematiikka\/wp-content\/uploads\/sites\/51\/2019\/06\/MATyso-300x139.png 300w, https:\/\/blogs.uef.fi\/tiedonhaku-matematiikka\/wp-content\/uploads\/sites\/51\/2019\/06\/MATyso-768x355.png 768w, https:\/\/blogs.uef.fi\/tiedonhaku-matematiikka\/wp-content\/uploads\/sites\/51\/2019\/06\/MATyso-1024x473.png 1024w, https:\/\/blogs.uef.fi\/tiedonhaku-matematiikka\/wp-content\/uploads\/sites\/51\/2019\/06\/MATyso-822x380.png 822w\" sizes=\"auto, (max-width: 1263px) 100vw, 1263px\" \/><figcaption class=\"wp-element-caption\"><em>YSOsta voi hakea yksitt\u00e4ist\u00e4 sanaa. Saat termille my\u00f6s ruotsin- ja englanninkielisen vastineen.<\/em><\/figcaption><\/figure>\n\n\n\n<p>K\u00c4YTETT\u00c4V\u00c4 TERMI kertoo sanaston hyv\u00e4ksym\u00e4n asiasanan tietylle k\u00e4sitteelle. OHJAUSTERMIT (kuvassa &#8217;operaatiotutkimus&#8217;) kertovat, mik\u00e4 sanan sijasta asiasanaa k\u00e4ytet\u00e4\u00e4n. Ohjaustermi\u00e4 ei siis voi tallentaa tietokantaan asiasanaksi (aihe), mutta sit\u00e4 voi hyvin k\u00e4ytt\u00e4\u00e4 vapaasanahaussa.<br><br>Matematiikkaan liittyvi\u00e4 sanoja voi selata klikkaamalla YSO:n etusivulla (ks. vasen palsta) ensin linkki\u00e4 \u2019Ryhm\u00e4t\u2019 ja sitten kohtaa &#8217;04 Matematiikka. Tilastotiede&#8217;.<\/p>\n\n\n\n<h2 class=\"wp-block-heading\">Asiasanastot auttavat hakusanojen valinnassa<\/h2>\n\n\n\n<p>Asiasanastoista:<\/p>\n\n\n\n<ul class=\"wp-block-list\">\n<li>etsit\u00e4\u00e4n <strong>oikeat hakusanat<\/strong> asiasanahakua varten<\/li>\n\n\n\n<li>haetaan <strong>vinkkej\u00e4<\/strong> hakusanoiksi ylip\u00e4\u00e4t\u00e4\u00e4n; my\u00f6s rinnakkaiset ja yl\u00e4- ja alak\u00e4sitteet voivat olla hy\u00f6dyllisi\u00e4<\/li>\n<\/ul>\n\n\n\n<p>Vaikka ei k\u00e4ytt\u00e4isik\u00e4\u00e4n varsinaista asiasanastoa apuna, kannattaa silti seurata tietokannoissa asiasanakentt\u00e4\u00e4. Sielt\u00e4 n\u00e4et helposti hyvi\u00e4 hakusanoja, joita voit k\u00e4ytt\u00e4\u00e4 haussasi.<\/p>\n\n\n\n<h3 class=\"wp-block-heading\">Ent\u00e4 jos omalle aiheelle ei l\u00f6ydy sanastosta asiasanaa?<\/h3>\n\n\n\n<p>T\u00e4m\u00e4 on hyvin tavallista, varsinkin hyvin tarkkojen tai uusien termien kohdalla. Mill\u00e4 tahansa sanalla voi hakea sanahakuna\/vapaasanahakuna.<\/p>\n\n\n\n<p><strong>Vapaasanahaku<\/strong> hakee sanaa kaikkialta julkaisujen tiedoista: tekij\u00e4n ja julkaisun nimest\u00e4, tiivistelm\u00e4st\u00e4, asiasanoista, kustantajan nimest\u00e4 jne. Voit k\u00e4ytt\u00e4\u00e4 hakusanoina mit\u00e4 tahansa luonnollisen kielen sanoja tai fraaseja. My\u00f6skin \u201dvirallisia\u201d asiasanoja voi k\u00e4ytt\u00e4\u00e4 vapaasanahaussa.<\/p>\n\n\n\n<h2 class=\"wp-block-heading\">Asiasanojen k\u00e4ytt\u00f6 tiedonhaussa<\/h2>\n\n\n\n<p>Asiasanoja voi k\u00e4ytt\u00e4\u00e4 kuten tavallisia hakusanoja. Halutessasi voit tehd\u00e4 erityist\u00e4 <strong>asiasanahakua, jossa hakusanoja haetaan vain tietyist\u00e4 tietueen kentist\u00e4.<\/strong><\/p>\n\n\n\n<p>Jos rajaat hakusi kohdistumaan asiasanakentt\u00e4\u00e4n, et voi k\u00e4ytt\u00e4\u00e4 mit\u00e4 tahansa luonnollisen kielen sanaa (tai ainakaan et niill\u00e4 v\u00e4ltt\u00e4m\u00e4tt\u00e4 saa tulosta). <strong>Asiasanahakuun sopivat parhaiten siis sanaston sanat.<\/strong><\/p>\n\n\n\n<p><strong>Tietokannoissa on oletushakuna vapaasanahaku ja asiasanahaku pit\u00e4\u00e4 valita erikseen. <\/strong>Asiasanakent\u00e4n voi useimmiten valita ns. tarkennetun haun kautta. Eri tietokannoissa asiasanakent\u00e4lle on erilaisia nimityksi\u00e4. UERF-Primossa asiasanoja haetaan Aihe-kent\u00e4n avulla . Kansainv\u00e4lisiss\u00e4 tietokannoissa asiasanan nimitys voi olla esimerkiksi Subject, Keyword, Topic tai Index term.<\/p>\n\n\n\n<figure class=\"wp-block-image size-full alignnone wp-image-882\"><img loading=\"lazy\" decoding=\"async\" width=\"883\" height=\"599\" src=\"https:\/\/blogs.uef.fi\/tiedonhaku-matematiikka\/wp-content\/uploads\/sites\/51\/2020\/09\/MAT_UP_tietue.jpg\" alt=\"Kuvakaappaus kirjan tiedoista UEF-Primossa. Selitetekstit. Otsikon sanat kertovat kirjan sis\u00e4ll\u00f6st\u00e4 ja l\u00f6ytyv\u00e4t vapaasanahaulla. Sis\u00e4llysluettelon sanat kertovat sis\u00e4ll\u00f6st\u00e4 ja l\u00f6ytyv\u00e4t vapaasanahaulla. Aiheet tarkoittavat asiasanastojen mukaisia, sis\u00e4lt\u00f6\u00e4 kuvaavia sanoja. Niit\u00e4 voi k\u00e4ytt\u00e4\u00e4 aihehaussa sek\u00e4 vapaasananhaussa.\" class=\"wp-image-882\" style=\"aspect-ratio:1.4743875278396437;object-fit:cover\" srcset=\"https:\/\/blogs.uef.fi\/tiedonhaku-matematiikka\/wp-content\/uploads\/sites\/51\/2020\/09\/MAT_UP_tietue.jpg 883w, https:\/\/blogs.uef.fi\/tiedonhaku-matematiikka\/wp-content\/uploads\/sites\/51\/2020\/09\/MAT_UP_tietue-300x204.jpg 300w, https:\/\/blogs.uef.fi\/tiedonhaku-matematiikka\/wp-content\/uploads\/sites\/51\/2020\/09\/MAT_UP_tietue-768x521.jpg 768w\" sizes=\"auto, (max-width: 883px) 100vw, 883px\" \/><figcaption class=\"wp-element-caption\"><em>Tietue UEF-Primosta<\/em>.<\/figcaption><\/figure>\n\n\n\n<h3 class=\"wp-block-heading\">Milloin asiasanhakua kannattaa k\u00e4ytt\u00e4\u00e4?<\/h3>\n\n\n\n<p>Rajaus asiasanaan \/ asiasanahaku <strong>kohdentaa hakua, parantaa usein relevanssia ja aiheen osuvuutta, mutta pienent\u00e4\u00e4 hakutulosta<\/strong>. Asiasanahaku toimii hyvin silloin, kun <strong>aihe on laaja-alainen tai hankalasti m\u00e4\u00e4ritelt\u00e4v\u00e4.<\/strong> <\/p>\n\n\n\n<p>Vapaasanahaku toimii hyvin silloin, kun haettava aihe on <strong>yksityiskohtainen ja tarkasti rajattu<\/strong>, tai kun k\u00e4sitteist\u00f6 ja sanasto kyseisell\u00e4 alalla on <strong>vakiintunutta<\/strong>.<\/p>\n\n\n\n<p>Jos k\u00e4ytet\u00e4\u00e4n <strong>samaa hakusanaa<\/strong> sek\u00e4 sanahaussa ett\u00e4 asiasanahaussa, <strong>sanahaku l\u00f6yt\u00e4\u00e4 enemm\u00e4n tuloksia<\/strong>. Asiasanahaun tulokset puolestaan ovat varmemmin aiheenmukaisia.<\/p>\n\n\n\n<ul class=\"wp-block-list\">\n<li>sanahaku: <em>&#8221;proof theory&#8221; <\/em>, 161 tulosta UEF-Primossa (8.9.2022)<\/li>\n\n\n\n<li>asiasana- eli aihehaku: <em>&#8221;proof theory&#8221; ,<\/em> 59 tulosta UEF-Primossa<\/li>\n<\/ul>\n\n\n\n<p>Tulosten m\u00e4\u00e4r\u00e4 riippuu paljon my\u00f6s <strong>sanavalinnasta<\/strong>: asiasana voi hyvinkin antaa enemm\u00e4n tuloksia kuin jokin toinen, samaan asiaan liittyv\u00e4 muu hakusana.<\/p>\n\n\n\n<ul class=\"wp-block-list\">\n<li>vapaasanahaku: \u201dhiilen kiertokulku\u201d , 29 tulosta UEF-Primosta (4.4.2022)<\/li>\n\n\n\n<li>asiasana- eli aihehaku: \u201dhiilen kierto\u201d , 58 tulosta UEF-Primosta (4.4.2022)<\/li>\n<\/ul>\n\n\n\n<p class=\"has-text-align-right\">Seuraava sivu: <a href=\"https:\/\/blogs.uef.fi\/tiedonhaku-matematiikka\/hakusanat\/luokitukset\/\">Luokitukset<\/a>.<\/p>\n","protected":false},"excerpt":{"rendered":"<p>Hakusanoina voi k\u00e4ytt\u00e4\u00e4 mit\u00e4 tahansa sanoja, jotka kuvaavat aihetta. Tietokantahauissa erityisen tehokkaita hakusanoja ovat ns. asiasanat. Asiasana kuvaa sis\u00e4lt\u00f6\u00e4 Asiasana on tehokas hakusanana, koska se: Asiasanat kerrotaan asiasanastoissa Asiasanat m\u00e4\u00e4ritell\u00e4\u00e4n erityisiss\u00e4 hakemistoissa, joita kutsutaan asiasanastoiksi eli tesauruksiksi. Asiasanasto paitsi listaa sanoja, my\u00f6s kuvaa termien v\u00e4lisi\u00e4 suhteita: assosiatiiviset k\u00e4sitteet (related), yl\u00e4k\u00e4sitteet (broader) ja alak\u00e4sitteet (narrower). Eri [&hellip;]<\/p>\n","protected":false},"author":127,"featured_media":0,"parent":581,"menu_order":5,"comment_status":"closed","ping_status":"closed","template":"","meta":{"_acf_changed":false,"footnotes":""},"class_list":["post-110","page","type-page","status-publish","hentry"],"acf":[],"yoast_head":"<!-- This site is optimized with the Yoast SEO plugin v27.3 - https:\/\/yoast.com\/product\/yoast-seo-wordpress\/ -->\n<title>Asiasanahaku - Matematiikan tiedonhaku \/ UEF kirjasto<\/title>\n<meta name=\"robots\" content=\"index, follow, max-snippet:-1, max-image-preview:large, max-video-preview:-1\" \/>\n<link rel=\"canonical\" href=\"https:\/\/blogs.uef.fi\/tiedonhaku-matematiikka\/hakusanat\/asiasanahaku\/\" \/>\n<meta property=\"og:locale\" content=\"fi_FI\" \/>\n<meta property=\"og:type\" content=\"article\" \/>\n<meta property=\"og:title\" content=\"Asiasanahaku - Matematiikan tiedonhaku \/ UEF kirjasto\" \/>\n<meta property=\"og:description\" content=\"Hakusanoina voi k\u00e4ytt\u00e4\u00e4 mit\u00e4 tahansa sanoja, jotka kuvaavat aihetta. Tietokantahauissa erityisen tehokkaita hakusanoja ovat ns. asiasanat. Asiasana kuvaa sis\u00e4lt\u00f6\u00e4 Asiasana on tehokas hakusanana, koska se: Asiasanat kerrotaan asiasanastoissa Asiasanat m\u00e4\u00e4ritell\u00e4\u00e4n erityisiss\u00e4 hakemistoissa, joita kutsutaan asiasanastoiksi eli tesauruksiksi. Asiasanasto paitsi listaa sanoja, my\u00f6s kuvaa termien v\u00e4lisi\u00e4 suhteita: assosiatiiviset k\u00e4sitteet (related), yl\u00e4k\u00e4sitteet (broader) ja alak\u00e4sitteet (narrower). Eri [&hellip;]\" \/>\n<meta property=\"og:url\" content=\"https:\/\/blogs.uef.fi\/tiedonhaku-matematiikka\/hakusanat\/asiasanahaku\/\" \/>\n<meta property=\"og:site_name\" content=\"Matematiikan tiedonhaku \/ UEF kirjasto\" \/>\n<meta property=\"article:modified_time\" content=\"2024-05-17T11:27:24+00:00\" \/>\n<meta property=\"og:image\" content=\"https:\/\/blogs.uef.fi\/tiedonhaku-matematiikka\/wp-content\/uploads\/sites\/51\/2019\/06\/MATyso.png\" \/>\n<meta name=\"twitter:card\" content=\"summary_large_image\" \/>\n<meta name=\"twitter:label1\" content=\"Arvioitu lukuaika\" \/>\n\t<meta name=\"twitter:data1\" content=\"4 minuuttia\" \/>\n<script type=\"application\/ld+json\" class=\"yoast-schema-graph\">{\"@context\":\"https:\\\/\\\/schema.org\",\"@graph\":[{\"@type\":\"WebPage\",\"@id\":\"https:\\\/\\\/blogs.uef.fi\\\/tiedonhaku-matematiikka\\\/hakusanat\\\/asiasanahaku\\\/\",\"url\":\"https:\\\/\\\/blogs.uef.fi\\\/tiedonhaku-matematiikka\\\/hakusanat\\\/asiasanahaku\\\/\",\"name\":\"Asiasanahaku - Matematiikan tiedonhaku \\\/ UEF kirjasto\",\"isPartOf\":{\"@id\":\"https:\\\/\\\/blogs.uef.fi\\\/tiedonhaku-matematiikka\\\/#website\"},\"primaryImageOfPage\":{\"@id\":\"https:\\\/\\\/blogs.uef.fi\\\/tiedonhaku-matematiikka\\\/hakusanat\\\/asiasanahaku\\\/#primaryimage\"},\"image\":{\"@id\":\"https:\\\/\\\/blogs.uef.fi\\\/tiedonhaku-matematiikka\\\/hakusanat\\\/asiasanahaku\\\/#primaryimage\"},\"thumbnailUrl\":\"https:\\\/\\\/blogs.uef.fi\\\/tiedonhaku-matematiikka\\\/wp-content\\\/uploads\\\/sites\\\/51\\\/2019\\\/06\\\/MATyso.png\",\"datePublished\":\"2015-09-15T13:01:40+00:00\",\"dateModified\":\"2024-05-17T11:27:24+00:00\",\"breadcrumb\":{\"@id\":\"https:\\\/\\\/blogs.uef.fi\\\/tiedonhaku-matematiikka\\\/hakusanat\\\/asiasanahaku\\\/#breadcrumb\"},\"inLanguage\":\"fi\",\"potentialAction\":[{\"@type\":\"ReadAction\",\"target\":[\"https:\\\/\\\/blogs.uef.fi\\\/tiedonhaku-matematiikka\\\/hakusanat\\\/asiasanahaku\\\/\"]}]},{\"@type\":\"ImageObject\",\"inLanguage\":\"fi\",\"@id\":\"https:\\\/\\\/blogs.uef.fi\\\/tiedonhaku-matematiikka\\\/hakusanat\\\/asiasanahaku\\\/#primaryimage\",\"url\":\"https:\\\/\\\/blogs.uef.fi\\\/tiedonhaku-matematiikka\\\/wp-content\\\/uploads\\\/sites\\\/51\\\/2019\\\/06\\\/MATyso.png\",\"contentUrl\":\"https:\\\/\\\/blogs.uef.fi\\\/tiedonhaku-matematiikka\\\/wp-content\\\/uploads\\\/sites\\\/51\\\/2019\\\/06\\\/MATyso.png\",\"width\":1263,\"height\":584,\"caption\":\"YSOsta voi hakea yksitt\u00f6ist\u00e4 sanaa\"},{\"@type\":\"BreadcrumbList\",\"@id\":\"https:\\\/\\\/blogs.uef.fi\\\/tiedonhaku-matematiikka\\\/hakusanat\\\/asiasanahaku\\\/#breadcrumb\",\"itemListElement\":[{\"@type\":\"ListItem\",\"position\":1,\"name\":\"Home\",\"item\":\"https:\\\/\\\/blogs.uef.fi\\\/tiedonhaku-matematiikka\\\/\"},{\"@type\":\"ListItem\",\"position\":2,\"name\":\"Hakusanat\",\"item\":\"https:\\\/\\\/blogs.uef.fi\\\/tiedonhaku-matematiikka\\\/hakusanat\\\/\"},{\"@type\":\"ListItem\",\"position\":3,\"name\":\"Asiasanahaku\"}]},{\"@type\":\"WebSite\",\"@id\":\"https:\\\/\\\/blogs.uef.fi\\\/tiedonhaku-matematiikka\\\/#website\",\"url\":\"https:\\\/\\\/blogs.uef.fi\\\/tiedonhaku-matematiikka\\\/\",\"name\":\"Matematiikan tiedonhaku \\\/ UEF kirjasto\",\"description\":\"Matematiikan tiedonhaku on kattava oppimateriaali tiedonhakuun matemaatikoille. Se sis\u00e4lt\u00e4\u00e4 yleiset tiedonhaun tekniikat sek\u00e4 kemian alan tiedonl\u00e4hteet ohjeineen ja esimerkkeineen.\",\"potentialAction\":[{\"@type\":\"SearchAction\",\"target\":{\"@type\":\"EntryPoint\",\"urlTemplate\":\"https:\\\/\\\/blogs.uef.fi\\\/tiedonhaku-matematiikka\\\/?s={search_term_string}\"},\"query-input\":{\"@type\":\"PropertyValueSpecification\",\"valueRequired\":true,\"valueName\":\"search_term_string\"}}],\"inLanguage\":\"fi\"}]}<\/script>\n<!-- \/ Yoast SEO plugin. -->","yoast_head_json":{"title":"Asiasanahaku - Matematiikan tiedonhaku \/ UEF kirjasto","robots":{"index":"index","follow":"follow","max-snippet":"max-snippet:-1","max-image-preview":"max-image-preview:large","max-video-preview":"max-video-preview:-1"},"canonical":"https:\/\/blogs.uef.fi\/tiedonhaku-matematiikka\/hakusanat\/asiasanahaku\/","og_locale":"fi_FI","og_type":"article","og_title":"Asiasanahaku - Matematiikan tiedonhaku \/ UEF kirjasto","og_description":"Hakusanoina voi k\u00e4ytt\u00e4\u00e4 mit\u00e4 tahansa sanoja, jotka kuvaavat aihetta. Tietokantahauissa erityisen tehokkaita hakusanoja ovat ns. asiasanat. Asiasana kuvaa sis\u00e4lt\u00f6\u00e4 Asiasana on tehokas hakusanana, koska se: Asiasanat kerrotaan asiasanastoissa Asiasanat m\u00e4\u00e4ritell\u00e4\u00e4n erityisiss\u00e4 hakemistoissa, joita kutsutaan asiasanastoiksi eli tesauruksiksi. Asiasanasto paitsi listaa sanoja, my\u00f6s kuvaa termien v\u00e4lisi\u00e4 suhteita: assosiatiiviset k\u00e4sitteet (related), yl\u00e4k\u00e4sitteet (broader) ja alak\u00e4sitteet (narrower). Eri [&hellip;]","og_url":"https:\/\/blogs.uef.fi\/tiedonhaku-matematiikka\/hakusanat\/asiasanahaku\/","og_site_name":"Matematiikan tiedonhaku \/ UEF kirjasto","article_modified_time":"2024-05-17T11:27:24+00:00","og_image":[{"url":"https:\/\/blogs.uef.fi\/tiedonhaku-matematiikka\/wp-content\/uploads\/sites\/51\/2019\/06\/MATyso.png","type":"","width":"","height":""}],"twitter_card":"summary_large_image","twitter_misc":{"Arvioitu lukuaika":"4 minuuttia"},"schema":{"@context":"https:\/\/schema.org","@graph":[{"@type":"WebPage","@id":"https:\/\/blogs.uef.fi\/tiedonhaku-matematiikka\/hakusanat\/asiasanahaku\/","url":"https:\/\/blogs.uef.fi\/tiedonhaku-matematiikka\/hakusanat\/asiasanahaku\/","name":"Asiasanahaku - Matematiikan tiedonhaku \/ UEF kirjasto","isPartOf":{"@id":"https:\/\/blogs.uef.fi\/tiedonhaku-matematiikka\/#website"},"primaryImageOfPage":{"@id":"https:\/\/blogs.uef.fi\/tiedonhaku-matematiikka\/hakusanat\/asiasanahaku\/#primaryimage"},"image":{"@id":"https:\/\/blogs.uef.fi\/tiedonhaku-matematiikka\/hakusanat\/asiasanahaku\/#primaryimage"},"thumbnailUrl":"https:\/\/blogs.uef.fi\/tiedonhaku-matematiikka\/wp-content\/uploads\/sites\/51\/2019\/06\/MATyso.png","datePublished":"2015-09-15T13:01:40+00:00","dateModified":"2024-05-17T11:27:24+00:00","breadcrumb":{"@id":"https:\/\/blogs.uef.fi\/tiedonhaku-matematiikka\/hakusanat\/asiasanahaku\/#breadcrumb"},"inLanguage":"fi","potentialAction":[{"@type":"ReadAction","target":["https:\/\/blogs.uef.fi\/tiedonhaku-matematiikka\/hakusanat\/asiasanahaku\/"]}]},{"@type":"ImageObject","inLanguage":"fi","@id":"https:\/\/blogs.uef.fi\/tiedonhaku-matematiikka\/hakusanat\/asiasanahaku\/#primaryimage","url":"https:\/\/blogs.uef.fi\/tiedonhaku-matematiikka\/wp-content\/uploads\/sites\/51\/2019\/06\/MATyso.png","contentUrl":"https:\/\/blogs.uef.fi\/tiedonhaku-matematiikka\/wp-content\/uploads\/sites\/51\/2019\/06\/MATyso.png","width":1263,"height":584,"caption":"YSOsta voi hakea yksitt\u00f6ist\u00e4 sanaa"},{"@type":"BreadcrumbList","@id":"https:\/\/blogs.uef.fi\/tiedonhaku-matematiikka\/hakusanat\/asiasanahaku\/#breadcrumb","itemListElement":[{"@type":"ListItem","position":1,"name":"Home","item":"https:\/\/blogs.uef.fi\/tiedonhaku-matematiikka\/"},{"@type":"ListItem","position":2,"name":"Hakusanat","item":"https:\/\/blogs.uef.fi\/tiedonhaku-matematiikka\/hakusanat\/"},{"@type":"ListItem","position":3,"name":"Asiasanahaku"}]},{"@type":"WebSite","@id":"https:\/\/blogs.uef.fi\/tiedonhaku-matematiikka\/#website","url":"https:\/\/blogs.uef.fi\/tiedonhaku-matematiikka\/","name":"Matematiikan tiedonhaku \/ UEF kirjasto","description":"Matematiikan tiedonhaku on kattava oppimateriaali tiedonhakuun matemaatikoille. Se sis\u00e4lt\u00e4\u00e4 yleiset tiedonhaun tekniikat sek\u00e4 kemian alan tiedonl\u00e4hteet ohjeineen ja esimerkkeineen.","potentialAction":[{"@type":"SearchAction","target":{"@type":"EntryPoint","urlTemplate":"https:\/\/blogs.uef.fi\/tiedonhaku-matematiikka\/?s={search_term_string}"},"query-input":{"@type":"PropertyValueSpecification","valueRequired":true,"valueName":"search_term_string"}}],"inLanguage":"fi"}]}},"_links":{"self":[{"href":"https:\/\/blogs.uef.fi\/tiedonhaku-matematiikka\/wp-json\/wp\/v2\/pages\/110","targetHints":{"allow":["GET"]}}],"collection":[{"href":"https:\/\/blogs.uef.fi\/tiedonhaku-matematiikka\/wp-json\/wp\/v2\/pages"}],"about":[{"href":"https:\/\/blogs.uef.fi\/tiedonhaku-matematiikka\/wp-json\/wp\/v2\/types\/page"}],"author":[{"embeddable":true,"href":"https:\/\/blogs.uef.fi\/tiedonhaku-matematiikka\/wp-json\/wp\/v2\/users\/127"}],"replies":[{"embeddable":true,"href":"https:\/\/blogs.uef.fi\/tiedonhaku-matematiikka\/wp-json\/wp\/v2\/comments?post=110"}],"version-history":[{"count":1,"href":"https:\/\/blogs.uef.fi\/tiedonhaku-matematiikka\/wp-json\/wp\/v2\/pages\/110\/revisions"}],"predecessor-version":[{"id":3016,"href":"https:\/\/blogs.uef.fi\/tiedonhaku-matematiikka\/wp-json\/wp\/v2\/pages\/110\/revisions\/3016"}],"up":[{"embeddable":true,"href":"https:\/\/blogs.uef.fi\/tiedonhaku-matematiikka\/wp-json\/wp\/v2\/pages\/581"}],"wp:attachment":[{"href":"https:\/\/blogs.uef.fi\/tiedonhaku-matematiikka\/wp-json\/wp\/v2\/media?parent=110"}],"curies":[{"name":"wp","href":"https:\/\/api.w.org\/{rel}","templated":true}]}}