{"id":106,"date":"2015-09-15T09:25:20","date_gmt":"2015-09-15T09:25:20","guid":{"rendered":"https:\/\/ueflibrarymat.wordpress.com\/?page_id=106"},"modified":"2024-01-19T12:34:18","modified_gmt":"2024-01-19T10:34:18","slug":"sanankatkaisu","status":"publish","type":"page","link":"https:\/\/blogs.uef.fi\/tiedonhaku-matematiikka\/hakusanat\/sanankatkaisu\/","title":{"rendered":"Sanankatkaisu"},"content":{"rendered":"\n<p>Sanat<strong> taipuvat tai esiintyv\u00e4t yhdyssanojen osina<\/strong>. Sanoista saa muokattua erilaisia <strong>johdannaisia<\/strong>. Kun halutaan hakea erilaisia taivutusmuotoja, on se ilmaistava hakusanan muodossa.<\/p>\n\n\n\n<ul class=\"wp-block-list\">\n<li><em>computer, computers, computerised, computerized, computation, computational <\/em>jne.<\/li>\n<\/ul>\n\n\n\n<h2 class=\"wp-block-heading\">Katkaise sana asteriskin avulla<\/h2>\n\n\n\n<p>Sanankatkaisu tapahtuu k\u00e4ytt\u00e4m\u00e4ll\u00e4 hakusanana <strong>sanan taipumatonta vartaloa, johon liitet\u00e4\u00e4n katkaisumerkki <\/strong>(truncation mark).<\/p>\n\n\n\n<p><strong>Katkaisumerkkin\u00e4 k\u00e4ytet\u00e4\u00e4n asteriskia (t\u00e4htimerkki):<\/strong>  <em>comput*<\/em><\/p>\n\n\n\n<p>Yleiss\u00e4\u00e4nt\u00f6 on, ett\u00e4 <strong>k\u00e4ytt\u00e4m\u00e4ll\u00e4 sanankatkaisua saadaan lis\u00e4\u00e4 hakutuloksia.<\/strong> Yht\u00e4 hakusanaa k\u00e4ytt\u00e4m\u00e4ll\u00e4 haetaan kerralla lukuisia erilaisia taivutusmuotoja ja muita variantteja.<\/p>\n\n\n\n<h3 class=\"wp-block-heading\">Miten sanat katkaistaan<\/h3>\n\n\n\n<p>Katkaisukohdan kanssa pit\u00e4\u00e4 olla tarkkana. Jos katkaisee liian aikaisin <em>(comp*)<\/em>, tulee <strong>v\u00e4\u00e4ri\u00e4 osumia<\/strong>. Jos liian my\u00f6h\u00e4\u00e4n (<em>computer*<\/em>), osa <strong>j\u00e4\u00e4 l\u00f6ytym\u00e4tt\u00e4<\/strong>.<\/p>\n\n\n\n<figure class=\"wp-block-image size-full is-resized\"><img loading=\"lazy\" decoding=\"async\" width=\"1040\" height=\"592\" src=\"https:\/\/blogs.uef.fi\/tiedonhaku-matematiikka\/wp-content\/uploads\/sites\/51\/2021\/09\/MATkatkaisu.png\" alt=\"Teksti\u00e4 sek\u00e4 tulosm\u00e4\u00e4ri\u00e4 symboloivat kirjapinokuvat. Hakusanat ja niiden tulosm\u00e4\u00e4r\u00e4t allekkain. Alkuluku 7. Alkuluvut 8. Alkuluvut* 8. Alkuluku* 11. Alkulu* 13. Viimeinen rivi korostettu.\" class=\"wp-image-1186\" style=\"width:500px\" srcset=\"https:\/\/blogs.uef.fi\/tiedonhaku-matematiikka\/wp-content\/uploads\/sites\/51\/2021\/09\/MATkatkaisu.png 1040w, https:\/\/blogs.uef.fi\/tiedonhaku-matematiikka\/wp-content\/uploads\/sites\/51\/2021\/09\/MATkatkaisu-300x171.png 300w, https:\/\/blogs.uef.fi\/tiedonhaku-matematiikka\/wp-content\/uploads\/sites\/51\/2021\/09\/MATkatkaisu-1024x583.png 1024w, https:\/\/blogs.uef.fi\/tiedonhaku-matematiikka\/wp-content\/uploads\/sites\/51\/2021\/09\/MATkatkaisu-768x437.png 768w\" sizes=\"auto, (max-width: 1040px) 100vw, 1040px\" \/><figcaption class=\"wp-element-caption\">Sopiva katkaisukohta alkuluku-sanalle on alkulu*.<\/figcaption><\/figure>\n\n\n\n<p>Sananvartalo on hyv\u00e4 yleiss\u00e4\u00e4nt\u00f6, mutta ei pid\u00e4 paikkaansa aina, esim. jos vartalo on hyvin lyhyt, kuten esimerkiksi sanassa <em><strong>t<\/strong>y\u00f6<\/em>.<\/p>\n\n\n\n<div class=\"links-block\">\n\n    \n    <ul class=\"link-list\">\n        \n            \n            <li class=\"link-list-item\">\n                <a href=\"https:\/\/uef.cloud.panopto.eu\/Panopto\/Pages\/Viewer.aspx?id=6aba094b-edad-4867-94ff-b03e006ca266\" class=\"link-reset link hover-scale-down\">\n                    <svg\n        width=\"43\" height=\"25\"\n        viewBox=\"0 0 43 25\"\n        xmlns=\"http:\/\/www.w3.org\/2000\/svg\">\n    <path\n        d=\"M30.027 0 43 12.5 30.027 25 27 22.083 34.351 15H0v-5h34.351L27 2.917z\"\n        fill=\"currentColor\"\n        fill-rule=\"evenodd\"\/>\n<\/svg>                    <div>Katso video sanankatkaisun vaikutuksesta tulosm\u00e4\u00e4riin (1:43)<\/div>\n                <\/a>\n                <div class=\"link-info\">\n                                    <\/div>\n            <\/li>\n\n                <\/ul>\n<\/div>\n\n\n<p>Sana voidaan katkaista ainakin <strong>lopusta<\/strong>, mutta usein my\u00f6s <strong>alusta tai keskelt\u00e4<\/strong>.<\/p>\n\n\n\n<p>Esimerkkej\u00e4:<\/p>\n\n\n\n<ul class=\"wp-block-list\">\n<li><em>ep\u00e4jatkuvuu*<\/em> = ep\u00e4jatkuvuus, ep\u00e4jatkuvuuden jne.<\/li>\n\n\n\n<li><em>*differentiaaliyht\u00e4l\u00f6*<\/em> = differentiaaliyhtl\u00f6, differentiaaliyht\u00e4l\u00f6t, osittaisdifferentiaaliyht\u00f6l\u00f6iden jne.<\/li>\n<\/ul>\n\n\n\n<h3 class=\"wp-block-heading\">Milloin sanat pit\u00e4\u00e4 katkaista<\/h3>\n\n\n\n<p>Kansainv\u00e4liset hakukoneet huomioivat sanojen taipumisen <strong>osittain automaatisesti<\/strong>. L\u00e4hes aina yksikk\u00f6muotoisena haettu sana l\u00f6yt\u00e4\u00e4 my\u00f6s monikon \u2013 ja p\u00e4invastoin.<\/p>\n\n\n\n<ul class=\"wp-block-list\">\n<li><em>equation<\/em>: hakee equations ja equations, ei hae equational<\/li>\n<\/ul>\n\n\n\n<p>Matematiikan alan omassa tietokannassa, <strong>MathSciNe<\/strong>t, t\u00e4m\u00e4 ei kuitenkaan p\u00e4de, joten katkaisumerkki\u00e4 t\u00e4ytyy k\u00e4ytt\u00e4\u00e4 ahkerasti!<\/p>\n\n\n\n<p>Sanankatkaisua tarvitaan aina v\u00e4hint\u00e4\u00e4n sanojen johdannaisia varten. My\u00f6s lainausmerkkien eli fraasien k\u00e4ytt\u00f6 lis\u00e4\u00e4 katkaisun tarvetta.<\/p>\n\n\n\n<div class=\"links-block\">\n\n    \n    <ul class=\"link-list\">\n        \n            \n            <li class=\"link-list-item\">\n                <a href=\"https:\/\/uef.cloud.panopto.eu\/Panopto\/Pages\/Viewer.aspx?id=aa6a01c1-4465-4244-bd14-b03d00cee07f\" class=\"link-reset link hover-scale-down\">\n                    <svg\n        width=\"43\" height=\"25\"\n        viewBox=\"0 0 43 25\"\n        xmlns=\"http:\/\/www.w3.org\/2000\/svg\">\n    <path\n        d=\"M30.027 0 43 12.5 30.027 25 27 22.083 34.351 15H0v-5h34.351L27 2.917z\"\n        fill=\"currentColor\"\n        fill-rule=\"evenodd\"\/>\n<\/svg>                    <div>Katso video sanankatkaisun k\u00e4yt\u00f6st\u00e4 eri tilanteissa (2:39)<\/div>\n                <\/a>\n                <div class=\"link-info\">\n                                    <\/div>\n            <\/li>\n\n                <\/ul>\n<\/div>\n\n\n<p>Erilaiset sananhakuautomatiikat <strong>eiv\u00e4t yleens\u00e4 p\u00e4de, jos hakusana on kirjoitettu lainausmerkkien sis\u00e4\u00e4n<\/strong> (fraasihaku).<\/p>\n\n\n\n<ul class=\"wp-block-list\">\n<li><em>\u201drational number\u201d<\/em>: hakee \u201drational number\u201d, ei hae \u201drational numbers\u201d<\/li>\n<\/ul>\n\n\n\n<p>Muita sanamuotoja hakukoneet osaavat hakea vaihtelevasti. Web of Science l\u00f6yt\u00e4\u00e4 automaattisesti verbien eri taivutusmuotoja. Finna.fi osaa hakea suomen kielen taivutusta automaattisesti. T\u00e4m\u00e4 <strong>automatiikka tuottaa joskus yll\u00e4tt\u00e4vi\u00e4 tuloksia<\/strong>. Katso video (kesto 6:57); kannattaa suurentaa koko ruudun kokoiseksi alalaidasta.<\/p>\n\n\n\n<p>Videossa k\u00e4ytet\u00e4\u00e4n esimerkkin\u00e4 UEF-Finna -hakukonetta. UEF-Finnaa ei en\u00e4\u00e4 ole, mutta kansallinen Finna.fi toimii kuten videolla. Videon loppupuolella Web of Science -tietokanta toimii my\u00f6skin samoin kuin videolla, vaikka k\u00e4ytt\u00f6liittym\u00e4 onkin hieman erin\u00e4k\u00f6inen.<\/p>\n\n\n<p><iframe loading=\"lazy\" title=\"Sanankatkaisu\" width=\"500\" height=\"281\" src=\"https:\/\/www.youtube.com\/embed\/gVLC60Z40l0?feature=oembed\" frameborder=\"0\" allow=\"accelerometer; autoplay; clipboard-write; encrypted-media; gyroscope; picture-in-picture; web-share\" referrerpolicy=\"strict-origin-when-cross-origin\" allowfullscreen><\/iframe><\/p>\n\n\n\n<p>UEF-Primo ei osaa taivuttaa suomen kielt\u00e4. Siksi <strong>UEF-Primossa pit\u00e4\u00e4 aina muistaa k\u00e4ytt\u00e4\u00e4 sanakatkaisua.<\/strong><\/p>\n\n\n\n<h2 class=\"wp-block-heading\">Korvausmerkkej\u00e4 voi k\u00e4ytt\u00e4\u00e4 sanankatkaisun sijasta<\/h2>\n\n\n\n<p>Jos sanankatkaisu antaa liian laajan tuloksen, voi katkaisun sijaan korvata yksitt\u00e4isi\u00e4 merkkej\u00e4 sanasta korvausmerkkien (wildcards) avulla.<\/p>\n\n\n\n<p>Korvausmerkkej\u00e4 voi k\u00e4ytt\u00e4\u00e4 esimerkiksi hakusanoissa, joiden kirjoitusasu vaihtelee, esim. brittil\u00e4inen englanti vs. amerikanenglanti: <em>organisation \u2013 organization<\/em>. Ongelmallisen merkin kohdalle hakusanaan voi sijoittaa korvausmerkin. T\u00e4st\u00e4 on hy\u00f6ty\u00e4 erityisesti silloin, jos katkaisumerkin k\u00e4ytt\u00e4minen toisi mukaan aiheeseen kuulumattomia sanoja, esimerkiksi <em>organi*<\/em> = organisation, organization, organism, organic, organising, organize jne.<\/p>\n\n\n\n<p>Korvausmerkkien symbolit vaihtelevat tietokannasta toiseen, eik\u00e4 niit\u00e4 aivan kaikkialla ole edes k\u00e4yt\u00f6ss\u00e4. Tietokannan k\u00e4ytt\u00f6ohjeesta (Help, Tips) korvausmerkit voi tarkistaa helposti.<\/p>\n\n\n\n<p>Monet kansainv\u00e4liset tietokannat (ei koske MathSciNet&#8217;ia) kuitenkin ottavat t\u00e4llaiset <strong>kirjoitusmuotovariantit huomioon automaattisesti<\/strong>, eik\u00e4 korvausmerkki\u00e4 tarvita. T\u00e4ss\u00e4kin tosin p\u00e4tee se, ett\u00e4 jos k\u00e4ytet\u00e4\u00e4n fraasia eli lainausmerkkej\u00e4, hakuautomatiikka ei toimi.<\/p>\n\n\n\n<ul class=\"wp-block-list\">\n<li><em>analyzing:<\/em> hakee sek\u00e4 analyzing ett\u00e4 analysing<\/li>\n\n\n\n<li><em>&#8221;mathematical analyzing&#8221;<\/em>: hakee &#8221;mathematical analyzing&#8221;, ei hae &#8221;mathematical analysing&#8221;<\/li>\n\n\n\n<li><em>&#8221;mathematical analy*ing&#8221;<\/em>: hakee &#8221;mathematical analyzing&#8221; sek\u00e4 &#8221;mathematical analysing&#8221;<\/li>\n<\/ul>\n\n\n\n<p>Fraasia voi n\u00e4iss\u00e4 tapauksissa hakea my\u00f6s toisella tavoin OR-operaattorin avulla.<\/p>\n\n\n\n<ul class=\"wp-block-list\">\n<li><em>&#8221;mathematical analyzing&#8221; OR &#8221;mathematical analysing&#8221;<\/em><\/li>\n<\/ul>\n\n\n\n<p>Korvausmerkkej\u00e4 on kahdenlaisia:<br>1) merkki korvaa sanasta <strong>t\u00e4sm\u00e4lleen yhden merkin<\/strong><\/p>\n\n\n\n<ul class=\"wp-block-list\">\n<li><em>organi_ation<\/em> = organization tai organisation<\/li>\n<\/ul>\n\n\n\n<p>2) merkki korvaa sanasta <strong>yhden tai nolla merkki\u00e4<\/strong><\/p>\n\n\n\n<ul class=\"wp-block-list\">\n<li><em>favo_rite = favorite tai favourite<\/em><\/li>\n<\/ul>\n\n\n\n<p class=\"has-text-align-right\">Seuraava sivu: <a href=\"https:\/\/blogs.uef.fi\/tiedonhaku-matematiikka\/asiasanahaku\/\">Asiasanahaku<\/a><\/p>\n","protected":false},"excerpt":{"rendered":"<p>Sanat taipuvat tai esiintyv\u00e4t yhdyssanojen osina. Sanoista saa muokattua erilaisia johdannaisia. Kun halutaan hakea erilaisia taivutusmuotoja, on se ilmaistava hakusanan muodossa. Katkaise sana asteriskin avulla Sanankatkaisu tapahtuu k\u00e4ytt\u00e4m\u00e4ll\u00e4 hakusanana sanan taipumatonta vartaloa, johon liitet\u00e4\u00e4n katkaisumerkki (truncation mark). Katkaisumerkkin\u00e4 k\u00e4ytet\u00e4\u00e4n asteriskia (t\u00e4htimerkki): comput* Yleiss\u00e4\u00e4nt\u00f6 on, ett\u00e4 k\u00e4ytt\u00e4m\u00e4ll\u00e4 sanankatkaisua saadaan lis\u00e4\u00e4 hakutuloksia. Yht\u00e4 hakusanaa k\u00e4ytt\u00e4m\u00e4ll\u00e4 haetaan kerralla [&hellip;]<\/p>\n","protected":false},"author":127,"featured_media":0,"parent":581,"menu_order":4,"comment_status":"closed","ping_status":"closed","template":"","meta":{"_acf_changed":false,"footnotes":""},"class_list":["post-106","page","type-page","status-publish","hentry"],"acf":[],"yoast_head":"<!-- This site is optimized with the Yoast SEO plugin v27.3 - https:\/\/yoast.com\/product\/yoast-seo-wordpress\/ -->\n<title>Sanankatkaisu - Matematiikan tiedonhaku \/ UEF kirjasto<\/title>\n<meta name=\"robots\" content=\"index, follow, max-snippet:-1, max-image-preview:large, max-video-preview:-1\" \/>\n<link rel=\"canonical\" href=\"https:\/\/blogs.uef.fi\/tiedonhaku-matematiikka\/hakusanat\/sanankatkaisu\/\" \/>\n<meta property=\"og:locale\" content=\"fi_FI\" \/>\n<meta property=\"og:type\" content=\"article\" \/>\n<meta property=\"og:title\" content=\"Sanankatkaisu - Matematiikan tiedonhaku \/ UEF kirjasto\" \/>\n<meta property=\"og:description\" content=\"Sanat taipuvat tai esiintyv\u00e4t yhdyssanojen osina. Sanoista saa muokattua erilaisia johdannaisia. Kun halutaan hakea erilaisia taivutusmuotoja, on se ilmaistava hakusanan muodossa. Katkaise sana asteriskin avulla Sanankatkaisu tapahtuu k\u00e4ytt\u00e4m\u00e4ll\u00e4 hakusanana sanan taipumatonta vartaloa, johon liitet\u00e4\u00e4n katkaisumerkki (truncation mark). Katkaisumerkkin\u00e4 k\u00e4ytet\u00e4\u00e4n asteriskia (t\u00e4htimerkki): comput* Yleiss\u00e4\u00e4nt\u00f6 on, ett\u00e4 k\u00e4ytt\u00e4m\u00e4ll\u00e4 sanankatkaisua saadaan lis\u00e4\u00e4 hakutuloksia. Yht\u00e4 hakusanaa k\u00e4ytt\u00e4m\u00e4ll\u00e4 haetaan kerralla [&hellip;]\" \/>\n<meta property=\"og:url\" content=\"https:\/\/blogs.uef.fi\/tiedonhaku-matematiikka\/hakusanat\/sanankatkaisu\/\" \/>\n<meta property=\"og:site_name\" content=\"Matematiikan tiedonhaku \/ UEF kirjasto\" \/>\n<meta property=\"article:modified_time\" content=\"2024-01-19T10:34:18+00:00\" \/>\n<meta property=\"og:image\" content=\"https:\/\/blogs.uef.fi\/tiedonhaku-matematiikka\/wp-content\/uploads\/sites\/51\/2021\/09\/MATkatkaisu.png\" \/>\n<meta name=\"twitter:card\" content=\"summary_large_image\" \/>\n<meta name=\"twitter:label1\" content=\"Arvioitu lukuaika\" \/>\n\t<meta name=\"twitter:data1\" content=\"4 minuuttia\" \/>\n<script type=\"application\/ld+json\" class=\"yoast-schema-graph\">{\"@context\":\"https:\\\/\\\/schema.org\",\"@graph\":[{\"@type\":\"WebPage\",\"@id\":\"https:\\\/\\\/blogs.uef.fi\\\/tiedonhaku-matematiikka\\\/hakusanat\\\/sanankatkaisu\\\/\",\"url\":\"https:\\\/\\\/blogs.uef.fi\\\/tiedonhaku-matematiikka\\\/hakusanat\\\/sanankatkaisu\\\/\",\"name\":\"Sanankatkaisu - Matematiikan tiedonhaku \\\/ UEF kirjasto\",\"isPartOf\":{\"@id\":\"https:\\\/\\\/blogs.uef.fi\\\/tiedonhaku-matematiikka\\\/#website\"},\"primaryImageOfPage\":{\"@id\":\"https:\\\/\\\/blogs.uef.fi\\\/tiedonhaku-matematiikka\\\/hakusanat\\\/sanankatkaisu\\\/#primaryimage\"},\"image\":{\"@id\":\"https:\\\/\\\/blogs.uef.fi\\\/tiedonhaku-matematiikka\\\/hakusanat\\\/sanankatkaisu\\\/#primaryimage\"},\"thumbnailUrl\":\"https:\\\/\\\/blogs.uef.fi\\\/tiedonhaku-matematiikka\\\/wp-content\\\/uploads\\\/sites\\\/51\\\/2021\\\/09\\\/MATkatkaisu.png\",\"datePublished\":\"2015-09-15T09:25:20+00:00\",\"dateModified\":\"2024-01-19T10:34:18+00:00\",\"breadcrumb\":{\"@id\":\"https:\\\/\\\/blogs.uef.fi\\\/tiedonhaku-matematiikka\\\/hakusanat\\\/sanankatkaisu\\\/#breadcrumb\"},\"inLanguage\":\"fi\",\"potentialAction\":[{\"@type\":\"ReadAction\",\"target\":[\"https:\\\/\\\/blogs.uef.fi\\\/tiedonhaku-matematiikka\\\/hakusanat\\\/sanankatkaisu\\\/\"]}]},{\"@type\":\"ImageObject\",\"inLanguage\":\"fi\",\"@id\":\"https:\\\/\\\/blogs.uef.fi\\\/tiedonhaku-matematiikka\\\/hakusanat\\\/sanankatkaisu\\\/#primaryimage\",\"url\":\"https:\\\/\\\/blogs.uef.fi\\\/tiedonhaku-matematiikka\\\/wp-content\\\/uploads\\\/sites\\\/51\\\/2021\\\/09\\\/MATkatkaisu.png\",\"contentUrl\":\"https:\\\/\\\/blogs.uef.fi\\\/tiedonhaku-matematiikka\\\/wp-content\\\/uploads\\\/sites\\\/51\\\/2021\\\/09\\\/MATkatkaisu.png\",\"width\":1040,\"height\":592},{\"@type\":\"BreadcrumbList\",\"@id\":\"https:\\\/\\\/blogs.uef.fi\\\/tiedonhaku-matematiikka\\\/hakusanat\\\/sanankatkaisu\\\/#breadcrumb\",\"itemListElement\":[{\"@type\":\"ListItem\",\"position\":1,\"name\":\"Home\",\"item\":\"https:\\\/\\\/blogs.uef.fi\\\/tiedonhaku-matematiikka\\\/\"},{\"@type\":\"ListItem\",\"position\":2,\"name\":\"Hakusanat\",\"item\":\"https:\\\/\\\/blogs.uef.fi\\\/tiedonhaku-matematiikka\\\/hakusanat\\\/\"},{\"@type\":\"ListItem\",\"position\":3,\"name\":\"Sanankatkaisu\"}]},{\"@type\":\"WebSite\",\"@id\":\"https:\\\/\\\/blogs.uef.fi\\\/tiedonhaku-matematiikka\\\/#website\",\"url\":\"https:\\\/\\\/blogs.uef.fi\\\/tiedonhaku-matematiikka\\\/\",\"name\":\"Matematiikan tiedonhaku \\\/ UEF kirjasto\",\"description\":\"Matematiikan tiedonhaku on kattava oppimateriaali tiedonhakuun matemaatikoille. Se sis\u00e4lt\u00e4\u00e4 yleiset tiedonhaun tekniikat sek\u00e4 kemian alan tiedonl\u00e4hteet ohjeineen ja esimerkkeineen.\",\"potentialAction\":[{\"@type\":\"SearchAction\",\"target\":{\"@type\":\"EntryPoint\",\"urlTemplate\":\"https:\\\/\\\/blogs.uef.fi\\\/tiedonhaku-matematiikka\\\/?s={search_term_string}\"},\"query-input\":{\"@type\":\"PropertyValueSpecification\",\"valueRequired\":true,\"valueName\":\"search_term_string\"}}],\"inLanguage\":\"fi\"}]}<\/script>\n<!-- \/ Yoast SEO plugin. -->","yoast_head_json":{"title":"Sanankatkaisu - Matematiikan tiedonhaku \/ UEF kirjasto","robots":{"index":"index","follow":"follow","max-snippet":"max-snippet:-1","max-image-preview":"max-image-preview:large","max-video-preview":"max-video-preview:-1"},"canonical":"https:\/\/blogs.uef.fi\/tiedonhaku-matematiikka\/hakusanat\/sanankatkaisu\/","og_locale":"fi_FI","og_type":"article","og_title":"Sanankatkaisu - Matematiikan tiedonhaku \/ UEF kirjasto","og_description":"Sanat taipuvat tai esiintyv\u00e4t yhdyssanojen osina. Sanoista saa muokattua erilaisia johdannaisia. Kun halutaan hakea erilaisia taivutusmuotoja, on se ilmaistava hakusanan muodossa. Katkaise sana asteriskin avulla Sanankatkaisu tapahtuu k\u00e4ytt\u00e4m\u00e4ll\u00e4 hakusanana sanan taipumatonta vartaloa, johon liitet\u00e4\u00e4n katkaisumerkki (truncation mark). Katkaisumerkkin\u00e4 k\u00e4ytet\u00e4\u00e4n asteriskia (t\u00e4htimerkki): comput* Yleiss\u00e4\u00e4nt\u00f6 on, ett\u00e4 k\u00e4ytt\u00e4m\u00e4ll\u00e4 sanankatkaisua saadaan lis\u00e4\u00e4 hakutuloksia. Yht\u00e4 hakusanaa k\u00e4ytt\u00e4m\u00e4ll\u00e4 haetaan kerralla [&hellip;]","og_url":"https:\/\/blogs.uef.fi\/tiedonhaku-matematiikka\/hakusanat\/sanankatkaisu\/","og_site_name":"Matematiikan tiedonhaku \/ UEF kirjasto","article_modified_time":"2024-01-19T10:34:18+00:00","og_image":[{"url":"https:\/\/blogs.uef.fi\/tiedonhaku-matematiikka\/wp-content\/uploads\/sites\/51\/2021\/09\/MATkatkaisu.png","type":"","width":"","height":""}],"twitter_card":"summary_large_image","twitter_misc":{"Arvioitu lukuaika":"4 minuuttia"},"schema":{"@context":"https:\/\/schema.org","@graph":[{"@type":"WebPage","@id":"https:\/\/blogs.uef.fi\/tiedonhaku-matematiikka\/hakusanat\/sanankatkaisu\/","url":"https:\/\/blogs.uef.fi\/tiedonhaku-matematiikka\/hakusanat\/sanankatkaisu\/","name":"Sanankatkaisu - Matematiikan tiedonhaku \/ UEF kirjasto","isPartOf":{"@id":"https:\/\/blogs.uef.fi\/tiedonhaku-matematiikka\/#website"},"primaryImageOfPage":{"@id":"https:\/\/blogs.uef.fi\/tiedonhaku-matematiikka\/hakusanat\/sanankatkaisu\/#primaryimage"},"image":{"@id":"https:\/\/blogs.uef.fi\/tiedonhaku-matematiikka\/hakusanat\/sanankatkaisu\/#primaryimage"},"thumbnailUrl":"https:\/\/blogs.uef.fi\/tiedonhaku-matematiikka\/wp-content\/uploads\/sites\/51\/2021\/09\/MATkatkaisu.png","datePublished":"2015-09-15T09:25:20+00:00","dateModified":"2024-01-19T10:34:18+00:00","breadcrumb":{"@id":"https:\/\/blogs.uef.fi\/tiedonhaku-matematiikka\/hakusanat\/sanankatkaisu\/#breadcrumb"},"inLanguage":"fi","potentialAction":[{"@type":"ReadAction","target":["https:\/\/blogs.uef.fi\/tiedonhaku-matematiikka\/hakusanat\/sanankatkaisu\/"]}]},{"@type":"ImageObject","inLanguage":"fi","@id":"https:\/\/blogs.uef.fi\/tiedonhaku-matematiikka\/hakusanat\/sanankatkaisu\/#primaryimage","url":"https:\/\/blogs.uef.fi\/tiedonhaku-matematiikka\/wp-content\/uploads\/sites\/51\/2021\/09\/MATkatkaisu.png","contentUrl":"https:\/\/blogs.uef.fi\/tiedonhaku-matematiikka\/wp-content\/uploads\/sites\/51\/2021\/09\/MATkatkaisu.png","width":1040,"height":592},{"@type":"BreadcrumbList","@id":"https:\/\/blogs.uef.fi\/tiedonhaku-matematiikka\/hakusanat\/sanankatkaisu\/#breadcrumb","itemListElement":[{"@type":"ListItem","position":1,"name":"Home","item":"https:\/\/blogs.uef.fi\/tiedonhaku-matematiikka\/"},{"@type":"ListItem","position":2,"name":"Hakusanat","item":"https:\/\/blogs.uef.fi\/tiedonhaku-matematiikka\/hakusanat\/"},{"@type":"ListItem","position":3,"name":"Sanankatkaisu"}]},{"@type":"WebSite","@id":"https:\/\/blogs.uef.fi\/tiedonhaku-matematiikka\/#website","url":"https:\/\/blogs.uef.fi\/tiedonhaku-matematiikka\/","name":"Matematiikan tiedonhaku \/ UEF kirjasto","description":"Matematiikan tiedonhaku on kattava oppimateriaali tiedonhakuun matemaatikoille. Se sis\u00e4lt\u00e4\u00e4 yleiset tiedonhaun tekniikat sek\u00e4 kemian alan tiedonl\u00e4hteet ohjeineen ja esimerkkeineen.","potentialAction":[{"@type":"SearchAction","target":{"@type":"EntryPoint","urlTemplate":"https:\/\/blogs.uef.fi\/tiedonhaku-matematiikka\/?s={search_term_string}"},"query-input":{"@type":"PropertyValueSpecification","valueRequired":true,"valueName":"search_term_string"}}],"inLanguage":"fi"}]}},"_links":{"self":[{"href":"https:\/\/blogs.uef.fi\/tiedonhaku-matematiikka\/wp-json\/wp\/v2\/pages\/106","targetHints":{"allow":["GET"]}}],"collection":[{"href":"https:\/\/blogs.uef.fi\/tiedonhaku-matematiikka\/wp-json\/wp\/v2\/pages"}],"about":[{"href":"https:\/\/blogs.uef.fi\/tiedonhaku-matematiikka\/wp-json\/wp\/v2\/types\/page"}],"author":[{"embeddable":true,"href":"https:\/\/blogs.uef.fi\/tiedonhaku-matematiikka\/wp-json\/wp\/v2\/users\/127"}],"replies":[{"embeddable":true,"href":"https:\/\/blogs.uef.fi\/tiedonhaku-matematiikka\/wp-json\/wp\/v2\/comments?post=106"}],"version-history":[{"count":2,"href":"https:\/\/blogs.uef.fi\/tiedonhaku-matematiikka\/wp-json\/wp\/v2\/pages\/106\/revisions"}],"predecessor-version":[{"id":2844,"href":"https:\/\/blogs.uef.fi\/tiedonhaku-matematiikka\/wp-json\/wp\/v2\/pages\/106\/revisions\/2844"}],"up":[{"embeddable":true,"href":"https:\/\/blogs.uef.fi\/tiedonhaku-matematiikka\/wp-json\/wp\/v2\/pages\/581"}],"wp:attachment":[{"href":"https:\/\/blogs.uef.fi\/tiedonhaku-matematiikka\/wp-json\/wp\/v2\/media?parent=106"}],"curies":[{"name":"wp","href":"https:\/\/api.w.org\/{rel}","templated":true}]}}