{"id":102,"date":"2015-09-15T08:56:55","date_gmt":"2015-09-15T08:56:55","guid":{"rendered":"https:\/\/ueflibrarymat.wordpress.com\/?page_id=102"},"modified":"2024-08-07T15:32:48","modified_gmt":"2024-08-07T12:32:48","slug":"sanaliitot","status":"publish","type":"page","link":"https:\/\/blogs.uef.fi\/tiedonhaku-matematiikka\/hakusanat\/sanaliitot\/","title":{"rendered":"Sanaliitot"},"content":{"rendered":"\n<p>Sanaliitto on sanapari tai -ryhm\u00e4, jonka merkitysseikat sitovat yhteen.<\/p>\n\n\n\n<p>Jotta <strong>sanaliiton eli fraasin (phrase)<\/strong> sanat pysyisiv\u00e4t haussa <strong>per\u00e4kk\u00e4in ja halutussa j\u00e4rjestyksess\u00e4<\/strong>, joudutaan hakuj\u00e4rjestelmiss\u00e4 m\u00e4\u00e4r\u00e4\u00e4m\u00e4\u00e4n t\u00e4m\u00e4 erikseen.<\/p>\n\n\n\n<p>Fraasin merkkin\u00e4 tiedonhaussa k\u00e4ytet\u00e4\u00e4n lainausmerkkej\u00e4&nbsp; sanaliiton ymp\u00e4rill\u00e4 : <br><em>&#8221;analyyttinen geometria&#8221;<\/em><\/p>\n\n\n\n<p>Fraasissa voi toki olla useampiakin sanoja kuin kaksi, esim. <em>\u201dcalculation of interest\u201d, &#8221;partial differential equation&#8221;.<\/em><\/p>\n\n\n\n<h2 class=\"wp-block-heading\">Fraasi tarkentaa tulosta<\/h2>\n\n\n\n<p>Fraasin merkitys tiedonhaussa on se, ett\u00e4 fraasin avulla hakua saadaan <strong>aiheeltaan tarkemmaksi.<\/strong> Samalla my\u00f6s hakutulosten <strong>m\u00e4\u00e4r\u00e4 pienenee.<\/strong><\/p>\n\n\n\n<p>Fraasin k\u00e4ytt\u00f6 voi my\u00f6s joissakin tapauksissa rajata hyvi\u00e4kin osumia pois hakutuloksesta. Koska fraasin sanojen j\u00e4rjestys on ehdoton, ei haku ymm\u00e4rr\u00e4 samankaltaisuutta esimerkiksi fraasien <em>\u201dpi approximation\u201d<\/em> ja <em>\u201dapproximation of pi&#8221;<\/em> v\u00e4lill\u00e4. My\u00f6s v\u00e4ljemm\u00e4t ilmaisut, kuten <em>\u201dtopological space&#8221;<\/em>, haettaessa fraasilla <em>\u201dtopological vector space\u201d<\/em> &#8211; ja p\u00e4invastoin &#8211; rajautuvat ulos. Fraasia k\u00e4ytett\u00e4ess\u00e4 voi siis joutua hakemaan useammalla fraasilla yht\u00e4 aikaa.<\/p>\n\n\n\n<div class=\"links-block\">\n\n    \n    <ul class=\"link-list\">\n        \n            \n            <li class=\"link-list-item\">\n                <a href=\"https:\/\/uef.cloud.panopto.eu\/Panopto\/Pages\/Viewer.aspx?id=2773b411-8a08-4589-88d3-b03e006dec5f\" class=\"link-reset link hover-scale-down\">\n                    <svg\n        width=\"43\" height=\"25\"\n        viewBox=\"0 0 43 25\"\n        xmlns=\"http:\/\/www.w3.org\/2000\/svg\">\n    <path\n        d=\"M30.027 0 43 12.5 30.027 25 27 22.083 34.351 15H0v-5h34.351L27 2.917z\"\n        fill=\"currentColor\"\n        fill-rule=\"evenodd\"\/>\n<\/svg>                    <div>Katso video fraasin vaikutuksesta tuloksiin eri tilanteissa (1:42)<\/div>\n                <\/a>\n                <div class=\"link-info\">\n                                    <\/div>\n            <\/li>\n\n                <\/ul>\n<\/div>\n\n\n<p>Ilman fraasia hakusanat voivat esiinty\u00e4 miss\u00e4 tahansa tekstin joukossa: eri kentiss\u00e4 tai l\u00e4hell\u00e4 tai kaukana toisistaan. T\u00e4ll\u00f6in sanojen merkitys voi olla erilainen kuin sanaliitossa.<\/p>\n\n\n\n<figure class=\"wp-block-image aligncenter wp-image-142 size-full\"><img loading=\"lazy\" decoding=\"async\" width=\"528\" height=\"212\" src=\"https:\/\/blogs.uef.fi\/tiedonhaku-matematiikka\/wp-content\/uploads\/sites\/51\/2015\/09\/matsanaliitto.jpg\" alt=\"Kaksi tekstinp\u00e4tk\u00e4\u00e4, joissa korostettuna sanat number ja theory. Ensimm\u00e4isess\u00e4 tekstiss\u00e4: we survey various developments in number theory. Toisessa tekstiss\u00e4: based on resource advantage theory and tested in a number of regression models.\" class=\"wp-image-142\" \/><figcaption class=\"wp-element-caption\"><em>Sanaliitto vs. yksitt\u00e4iset sanat: huomaa erilaiset merkitykset sanayhteydest\u00e4 riippuen.<\/em><\/figcaption><\/figure>\n\n\n\n<p>Ilman lainausmerkkej\u00e4 kahden sanan v\u00e4lill\u00e4 on AND-operaattori, vaikka sit\u00e4 ei n\u00e4kyville kirjoittaisikaan (lis\u00e4\u00e4 operaattoreista luvussa <a href=\"https:\/\/blogs.uef.fi\/tiedonhaku-matematiikka\/hakulauseet\/\" target=\"_blank\" rel=\"noreferrer noopener\">Hakusanojen yhdist\u00e4minen<\/a>)<\/p>\n\n\n\n<figure class=\"wp-block-image aligncenter wp-image-697 size-full\"><img loading=\"lazy\" decoding=\"async\" width=\"609\" height=\"164\" src=\"https:\/\/blogs.uef.fi\/tiedonhaku-matematiikka\/wp-content\/uploads\/sites\/51\/2018\/07\/MATfraasihaku.png\" alt=\"Kuva hakutulosten m\u00e4\u00e4rist\u00e4. Haku lainausmerkein \u201danalytic geometry\u201d, tuloksia 25 kpl. Haku ilman lainausmerkkej\u00e4 analytic geometry, tuloksia 118 kpl. Haku analytic AND geometry, tuloksia 118 kpl. \" class=\"wp-image-697\" srcset=\"https:\/\/blogs.uef.fi\/tiedonhaku-matematiikka\/wp-content\/uploads\/sites\/51\/2018\/07\/MATfraasihaku.png 609w, https:\/\/blogs.uef.fi\/tiedonhaku-matematiikka\/wp-content\/uploads\/sites\/51\/2018\/07\/MATfraasihaku-300x81.png 300w\" sizes=\"auto, (max-width: 609px) 100vw, 609px\" \/><figcaption class=\"wp-element-caption\"><em>Vertaa hakutulosten m\u00e4\u00e4r\u00e4\u00e4<\/em><\/figcaption><\/figure>\n\n\n\n<p>Katso video (n. 3min)<\/p>\n\n\n\n<figure class=\"wp-block-embed is-type-video is-provider-youtube wp-block-embed-youtube wp-embed-aspect-16-9 wp-has-aspect-ratio\"><div class=\"wp-block-embed__wrapper\">\n<iframe loading=\"lazy\" title=\"Fraasihaku\" width=\"500\" height=\"281\" src=\"https:\/\/www.youtube.com\/embed\/_xVJ_bPmNac?feature=oembed\" frameborder=\"0\" allow=\"accelerometer; autoplay; clipboard-write; encrypted-media; gyroscope; picture-in-picture; web-share\" referrerpolicy=\"strict-origin-when-cross-origin\" allowfullscreen><\/iframe>\n<\/div><\/figure>\n\n\n\n<h2 class=\"wp-block-heading\">Fraasin merkitseminen tietokannoissa<\/h2>\n\n\n\n<p>Kirjoita itse lainausmerkit sanaliiton ymp\u00e4rille. Lainausmerkki tarkoittaa t\u00e4ss\u00e4 2-n\u00e4pp\u00e4imen yl\u00e4puolista tuplaheittomerkki\u00e4.<\/p>\n\n\n\n<figure class=\"wp-block-image aligncenter size-full wp-image-703\"><img loading=\"lazy\" decoding=\"async\" width=\"856\" height=\"332\" src=\"https:\/\/blogs.uef.fi\/tiedonhaku-matematiikka\/wp-content\/uploads\/sites\/51\/2018\/07\/MATfraasiWOS.png\" alt=\"Kuvakaappaus tietokannasta. Hakuriville kirjoitettu \u201danalytic geometry\u201d, lainausmerkkien sis\u00e4\u00e4n.\" class=\"wp-image-703\" style=\"object-fit:cover\" srcset=\"https:\/\/blogs.uef.fi\/tiedonhaku-matematiikka\/wp-content\/uploads\/sites\/51\/2018\/07\/MATfraasiWOS.png 856w, https:\/\/blogs.uef.fi\/tiedonhaku-matematiikka\/wp-content\/uploads\/sites\/51\/2018\/07\/MATfraasiWOS-300x116.png 300w, https:\/\/blogs.uef.fi\/tiedonhaku-matematiikka\/wp-content\/uploads\/sites\/51\/2018\/07\/MATfraasiWOS-768x298.png 768w\" sizes=\"auto, (max-width: 856px) 100vw, 856px\" \/><figcaption class=\"wp-element-caption\"><em>Fraasin hakeminen Web of Science -tietokannasta.<\/em><\/figcaption><\/figure>\n\n\n\n<h3 class=\"wp-block-heading\"><span style=\"color: #333333\">Vinkki: <\/span><\/h3>\n\n\n\n<p><span style=\"color: #333333\">My\u00f6s Google ymm\u00e4rt\u00e4\u00e4 lainausmerkit.<\/span><\/p>\n\n\n\n<p class=\"has-text-align-right\">Seuraava sivu: <a href=\"https:\/\/blogs.uef.fi\/tiedonhaku-matematiikka\/sanankatkaisu\/\">Sanankatkaisu<\/a><\/p>\n","protected":false},"excerpt":{"rendered":"<p>Sanaliitto on sanapari tai -ryhm\u00e4, jonka merkitysseikat sitovat yhteen. Jotta sanaliiton eli fraasin (phrase) sanat pysyisiv\u00e4t haussa per\u00e4kk\u00e4in ja halutussa j\u00e4rjestyksess\u00e4, joudutaan hakuj\u00e4rjestelmiss\u00e4 m\u00e4\u00e4r\u00e4\u00e4m\u00e4\u00e4n t\u00e4m\u00e4 erikseen. Fraasin merkkin\u00e4 tiedonhaussa k\u00e4ytet\u00e4\u00e4n lainausmerkkej\u00e4&nbsp; sanaliiton ymp\u00e4rill\u00e4 : &#8221;analyyttinen geometria&#8221; Fraasissa voi toki olla useampiakin sanoja kuin kaksi, esim. \u201dcalculation of interest\u201d, &#8221;partial differential equation&#8221;. Fraasi tarkentaa tulosta Fraasin [&hellip;]<\/p>\n","protected":false},"author":127,"featured_media":0,"parent":581,"menu_order":2,"comment_status":"closed","ping_status":"closed","template":"","meta":{"_acf_changed":false,"footnotes":""},"class_list":["post-102","page","type-page","status-publish","hentry"],"acf":[],"yoast_head":"<!-- This site is optimized with the Yoast SEO plugin v27.3 - https:\/\/yoast.com\/product\/yoast-seo-wordpress\/ -->\n<title>Sanaliitot - Matematiikan tiedonhaku \/ UEF kirjasto<\/title>\n<meta name=\"robots\" content=\"index, follow, max-snippet:-1, max-image-preview:large, max-video-preview:-1\" \/>\n<link rel=\"canonical\" href=\"https:\/\/blogs.uef.fi\/tiedonhaku-matematiikka\/hakusanat\/sanaliitot\/\" \/>\n<meta property=\"og:locale\" content=\"fi_FI\" \/>\n<meta property=\"og:type\" content=\"article\" \/>\n<meta property=\"og:title\" content=\"Sanaliitot - Matematiikan tiedonhaku \/ UEF kirjasto\" \/>\n<meta property=\"og:description\" content=\"Sanaliitto on sanapari tai -ryhm\u00e4, jonka merkitysseikat sitovat yhteen. Jotta sanaliiton eli fraasin (phrase) sanat pysyisiv\u00e4t haussa per\u00e4kk\u00e4in ja halutussa j\u00e4rjestyksess\u00e4, joudutaan hakuj\u00e4rjestelmiss\u00e4 m\u00e4\u00e4r\u00e4\u00e4m\u00e4\u00e4n t\u00e4m\u00e4 erikseen. Fraasin merkkin\u00e4 tiedonhaussa k\u00e4ytet\u00e4\u00e4n lainausmerkkej\u00e4&nbsp; sanaliiton ymp\u00e4rill\u00e4 : &#8221;analyyttinen geometria&#8221; Fraasissa voi toki olla useampiakin sanoja kuin kaksi, esim. \u201dcalculation of interest\u201d, &#8221;partial differential equation&#8221;. Fraasi tarkentaa tulosta Fraasin [&hellip;]\" \/>\n<meta property=\"og:url\" content=\"https:\/\/blogs.uef.fi\/tiedonhaku-matematiikka\/hakusanat\/sanaliitot\/\" \/>\n<meta property=\"og:site_name\" content=\"Matematiikan tiedonhaku \/ UEF kirjasto\" \/>\n<meta property=\"article:modified_time\" content=\"2024-08-07T12:32:48+00:00\" \/>\n<meta property=\"og:image\" content=\"https:\/\/blogs.uef.fi\/tiedonhaku-matematiikka\/wp-content\/uploads\/sites\/51\/2015\/09\/matsanaliitto.jpg\" \/>\n<meta name=\"twitter:card\" content=\"summary_large_image\" \/>\n<meta name=\"twitter:label1\" content=\"Arvioitu lukuaika\" \/>\n\t<meta name=\"twitter:data1\" content=\"2 minuuttia\" \/>\n<script type=\"application\/ld+json\" class=\"yoast-schema-graph\">{\"@context\":\"https:\\\/\\\/schema.org\",\"@graph\":[{\"@type\":\"WebPage\",\"@id\":\"https:\\\/\\\/blogs.uef.fi\\\/tiedonhaku-matematiikka\\\/hakusanat\\\/sanaliitot\\\/\",\"url\":\"https:\\\/\\\/blogs.uef.fi\\\/tiedonhaku-matematiikka\\\/hakusanat\\\/sanaliitot\\\/\",\"name\":\"Sanaliitot - Matematiikan tiedonhaku \\\/ UEF kirjasto\",\"isPartOf\":{\"@id\":\"https:\\\/\\\/blogs.uef.fi\\\/tiedonhaku-matematiikka\\\/#website\"},\"primaryImageOfPage\":{\"@id\":\"https:\\\/\\\/blogs.uef.fi\\\/tiedonhaku-matematiikka\\\/hakusanat\\\/sanaliitot\\\/#primaryimage\"},\"image\":{\"@id\":\"https:\\\/\\\/blogs.uef.fi\\\/tiedonhaku-matematiikka\\\/hakusanat\\\/sanaliitot\\\/#primaryimage\"},\"thumbnailUrl\":\"https:\\\/\\\/blogs.uef.fi\\\/tiedonhaku-matematiikka\\\/wp-content\\\/uploads\\\/sites\\\/51\\\/2015\\\/09\\\/matsanaliitto.jpg\",\"datePublished\":\"2015-09-15T08:56:55+00:00\",\"dateModified\":\"2024-08-07T12:32:48+00:00\",\"breadcrumb\":{\"@id\":\"https:\\\/\\\/blogs.uef.fi\\\/tiedonhaku-matematiikka\\\/hakusanat\\\/sanaliitot\\\/#breadcrumb\"},\"inLanguage\":\"fi\",\"potentialAction\":[{\"@type\":\"ReadAction\",\"target\":[\"https:\\\/\\\/blogs.uef.fi\\\/tiedonhaku-matematiikka\\\/hakusanat\\\/sanaliitot\\\/\"]}]},{\"@type\":\"ImageObject\",\"inLanguage\":\"fi\",\"@id\":\"https:\\\/\\\/blogs.uef.fi\\\/tiedonhaku-matematiikka\\\/hakusanat\\\/sanaliitot\\\/#primaryimage\",\"url\":\"https:\\\/\\\/blogs.uef.fi\\\/tiedonhaku-matematiikka\\\/wp-content\\\/uploads\\\/sites\\\/51\\\/2015\\\/09\\\/matsanaliitto.jpg\",\"contentUrl\":\"https:\\\/\\\/blogs.uef.fi\\\/tiedonhaku-matematiikka\\\/wp-content\\\/uploads\\\/sites\\\/51\\\/2015\\\/09\\\/matsanaliitto.jpg\",\"width\":528,\"height\":212,\"caption\":\"Sanaliitto vs. yksitt\u00e4iset sanat\"},{\"@type\":\"BreadcrumbList\",\"@id\":\"https:\\\/\\\/blogs.uef.fi\\\/tiedonhaku-matematiikka\\\/hakusanat\\\/sanaliitot\\\/#breadcrumb\",\"itemListElement\":[{\"@type\":\"ListItem\",\"position\":1,\"name\":\"Home\",\"item\":\"https:\\\/\\\/blogs.uef.fi\\\/tiedonhaku-matematiikka\\\/\"},{\"@type\":\"ListItem\",\"position\":2,\"name\":\"Hakusanat\",\"item\":\"https:\\\/\\\/blogs.uef.fi\\\/tiedonhaku-matematiikka\\\/hakusanat\\\/\"},{\"@type\":\"ListItem\",\"position\":3,\"name\":\"Sanaliitot\"}]},{\"@type\":\"WebSite\",\"@id\":\"https:\\\/\\\/blogs.uef.fi\\\/tiedonhaku-matematiikka\\\/#website\",\"url\":\"https:\\\/\\\/blogs.uef.fi\\\/tiedonhaku-matematiikka\\\/\",\"name\":\"Matematiikan tiedonhaku \\\/ UEF kirjasto\",\"description\":\"Matematiikan tiedonhaku on kattava oppimateriaali tiedonhakuun matemaatikoille. Se sis\u00e4lt\u00e4\u00e4 yleiset tiedonhaun tekniikat sek\u00e4 kemian alan tiedonl\u00e4hteet ohjeineen ja esimerkkeineen.\",\"potentialAction\":[{\"@type\":\"SearchAction\",\"target\":{\"@type\":\"EntryPoint\",\"urlTemplate\":\"https:\\\/\\\/blogs.uef.fi\\\/tiedonhaku-matematiikka\\\/?s={search_term_string}\"},\"query-input\":{\"@type\":\"PropertyValueSpecification\",\"valueRequired\":true,\"valueName\":\"search_term_string\"}}],\"inLanguage\":\"fi\"}]}<\/script>\n<!-- \/ Yoast SEO plugin. -->","yoast_head_json":{"title":"Sanaliitot - Matematiikan tiedonhaku \/ UEF kirjasto","robots":{"index":"index","follow":"follow","max-snippet":"max-snippet:-1","max-image-preview":"max-image-preview:large","max-video-preview":"max-video-preview:-1"},"canonical":"https:\/\/blogs.uef.fi\/tiedonhaku-matematiikka\/hakusanat\/sanaliitot\/","og_locale":"fi_FI","og_type":"article","og_title":"Sanaliitot - Matematiikan tiedonhaku \/ UEF kirjasto","og_description":"Sanaliitto on sanapari tai -ryhm\u00e4, jonka merkitysseikat sitovat yhteen. Jotta sanaliiton eli fraasin (phrase) sanat pysyisiv\u00e4t haussa per\u00e4kk\u00e4in ja halutussa j\u00e4rjestyksess\u00e4, joudutaan hakuj\u00e4rjestelmiss\u00e4 m\u00e4\u00e4r\u00e4\u00e4m\u00e4\u00e4n t\u00e4m\u00e4 erikseen. Fraasin merkkin\u00e4 tiedonhaussa k\u00e4ytet\u00e4\u00e4n lainausmerkkej\u00e4&nbsp; sanaliiton ymp\u00e4rill\u00e4 : &#8221;analyyttinen geometria&#8221; Fraasissa voi toki olla useampiakin sanoja kuin kaksi, esim. \u201dcalculation of interest\u201d, &#8221;partial differential equation&#8221;. Fraasi tarkentaa tulosta Fraasin [&hellip;]","og_url":"https:\/\/blogs.uef.fi\/tiedonhaku-matematiikka\/hakusanat\/sanaliitot\/","og_site_name":"Matematiikan tiedonhaku \/ UEF kirjasto","article_modified_time":"2024-08-07T12:32:48+00:00","og_image":[{"url":"https:\/\/blogs.uef.fi\/tiedonhaku-matematiikka\/wp-content\/uploads\/sites\/51\/2015\/09\/matsanaliitto.jpg","type":"","width":"","height":""}],"twitter_card":"summary_large_image","twitter_misc":{"Arvioitu lukuaika":"2 minuuttia"},"schema":{"@context":"https:\/\/schema.org","@graph":[{"@type":"WebPage","@id":"https:\/\/blogs.uef.fi\/tiedonhaku-matematiikka\/hakusanat\/sanaliitot\/","url":"https:\/\/blogs.uef.fi\/tiedonhaku-matematiikka\/hakusanat\/sanaliitot\/","name":"Sanaliitot - Matematiikan tiedonhaku \/ UEF kirjasto","isPartOf":{"@id":"https:\/\/blogs.uef.fi\/tiedonhaku-matematiikka\/#website"},"primaryImageOfPage":{"@id":"https:\/\/blogs.uef.fi\/tiedonhaku-matematiikka\/hakusanat\/sanaliitot\/#primaryimage"},"image":{"@id":"https:\/\/blogs.uef.fi\/tiedonhaku-matematiikka\/hakusanat\/sanaliitot\/#primaryimage"},"thumbnailUrl":"https:\/\/blogs.uef.fi\/tiedonhaku-matematiikka\/wp-content\/uploads\/sites\/51\/2015\/09\/matsanaliitto.jpg","datePublished":"2015-09-15T08:56:55+00:00","dateModified":"2024-08-07T12:32:48+00:00","breadcrumb":{"@id":"https:\/\/blogs.uef.fi\/tiedonhaku-matematiikka\/hakusanat\/sanaliitot\/#breadcrumb"},"inLanguage":"fi","potentialAction":[{"@type":"ReadAction","target":["https:\/\/blogs.uef.fi\/tiedonhaku-matematiikka\/hakusanat\/sanaliitot\/"]}]},{"@type":"ImageObject","inLanguage":"fi","@id":"https:\/\/blogs.uef.fi\/tiedonhaku-matematiikka\/hakusanat\/sanaliitot\/#primaryimage","url":"https:\/\/blogs.uef.fi\/tiedonhaku-matematiikka\/wp-content\/uploads\/sites\/51\/2015\/09\/matsanaliitto.jpg","contentUrl":"https:\/\/blogs.uef.fi\/tiedonhaku-matematiikka\/wp-content\/uploads\/sites\/51\/2015\/09\/matsanaliitto.jpg","width":528,"height":212,"caption":"Sanaliitto vs. yksitt\u00e4iset sanat"},{"@type":"BreadcrumbList","@id":"https:\/\/blogs.uef.fi\/tiedonhaku-matematiikka\/hakusanat\/sanaliitot\/#breadcrumb","itemListElement":[{"@type":"ListItem","position":1,"name":"Home","item":"https:\/\/blogs.uef.fi\/tiedonhaku-matematiikka\/"},{"@type":"ListItem","position":2,"name":"Hakusanat","item":"https:\/\/blogs.uef.fi\/tiedonhaku-matematiikka\/hakusanat\/"},{"@type":"ListItem","position":3,"name":"Sanaliitot"}]},{"@type":"WebSite","@id":"https:\/\/blogs.uef.fi\/tiedonhaku-matematiikka\/#website","url":"https:\/\/blogs.uef.fi\/tiedonhaku-matematiikka\/","name":"Matematiikan tiedonhaku \/ UEF kirjasto","description":"Matematiikan tiedonhaku on kattava oppimateriaali tiedonhakuun matemaatikoille. Se sis\u00e4lt\u00e4\u00e4 yleiset tiedonhaun tekniikat sek\u00e4 kemian alan tiedonl\u00e4hteet ohjeineen ja esimerkkeineen.","potentialAction":[{"@type":"SearchAction","target":{"@type":"EntryPoint","urlTemplate":"https:\/\/blogs.uef.fi\/tiedonhaku-matematiikka\/?s={search_term_string}"},"query-input":{"@type":"PropertyValueSpecification","valueRequired":true,"valueName":"search_term_string"}}],"inLanguage":"fi"}]}},"_links":{"self":[{"href":"https:\/\/blogs.uef.fi\/tiedonhaku-matematiikka\/wp-json\/wp\/v2\/pages\/102","targetHints":{"allow":["GET"]}}],"collection":[{"href":"https:\/\/blogs.uef.fi\/tiedonhaku-matematiikka\/wp-json\/wp\/v2\/pages"}],"about":[{"href":"https:\/\/blogs.uef.fi\/tiedonhaku-matematiikka\/wp-json\/wp\/v2\/types\/page"}],"author":[{"embeddable":true,"href":"https:\/\/blogs.uef.fi\/tiedonhaku-matematiikka\/wp-json\/wp\/v2\/users\/127"}],"replies":[{"embeddable":true,"href":"https:\/\/blogs.uef.fi\/tiedonhaku-matematiikka\/wp-json\/wp\/v2\/comments?post=102"}],"version-history":[{"count":2,"href":"https:\/\/blogs.uef.fi\/tiedonhaku-matematiikka\/wp-json\/wp\/v2\/pages\/102\/revisions"}],"predecessor-version":[{"id":3129,"href":"https:\/\/blogs.uef.fi\/tiedonhaku-matematiikka\/wp-json\/wp\/v2\/pages\/102\/revisions\/3129"}],"up":[{"embeddable":true,"href":"https:\/\/blogs.uef.fi\/tiedonhaku-matematiikka\/wp-json\/wp\/v2\/pages\/581"}],"wp:attachment":[{"href":"https:\/\/blogs.uef.fi\/tiedonhaku-matematiikka\/wp-json\/wp\/v2\/media?parent=102"}],"curies":[{"name":"wp","href":"https:\/\/api.w.org\/{rel}","templated":true}]}}