{"id":95,"date":"2015-11-11T12:47:24","date_gmt":"2015-11-11T12:47:24","guid":{"rendered":"https:\/\/ueflibrarygeo.wordpress.com\/?page_id=95"},"modified":"2022-09-28T12:11:26","modified_gmt":"2022-09-28T09:11:26","slug":"tilastotietojen-hakeminen","status":"publish","type":"page","link":"https:\/\/blogs.uef.fi\/tiedonhaku-maantiede\/tilastotietojen-hakeminen\/","title":{"rendered":"Tilastotietojen hakeminen"},"content":{"rendered":"<h1>Tilastotietojen hakeminen<\/h1>\n<h2>Tilastotietokantoja<\/h2>\n<div>\n<p>Tilastotietokannoissa ei ole valmiita tilastotaulukoita, vaan tilasto kootaan istunnon aikana itse valitsemalla halutut muuttujat. Tilastokeskuksen kokoama ja yll\u00e4pit\u00e4m\u00e4 <strong><span style=\"color: #800080\"><a href=\"https:\/\/www.stat.fi\/tup\/statfin\/index.html\" target=\"_blank\" rel=\"noopener noreferrer\">StatFin<\/a>&#8211;<\/span><\/strong> (linkki aukeaa uuteen ikkunaan) on Suomea koskevien tilastotietojen tietokanta, josta saa tilastotietoja taulukkomuodossa.<\/p>\n<\/div>\n<div>\n<p>Tilastokeskuksesta voi my\u00f6s tilata mit\u00e4 moninaisempia aiheenmukaisia tilastoja. Monilla julkisorganisaatiolla\/virastoilla on omia, vapaasti k\u00e4ytett\u00e4vi\u00e4 verkkotilastotietokantoja.<\/p>\n<p>&nbsp;<\/p>\n<\/div>\n<h2>Tilastoja verkossa<\/h2>\n<p>Internetist\u00e4 l\u00f6ytyy tilastotietoa runsaasti.<br \/>\nKannattaa kuitenkin olla tarkkana tilastotietojen tuoreuden suhteen: ovatko ne uusinta tietoa?<br \/>\nVerkkotilastoista on my\u00f6s selvitett\u00e4v\u00e4 tiedon tuottaja: onko sivuston yll\u00e4pit\u00e4j\u00e4 itse tuottanut tilastot, vai onko se lainattu muualta?<br \/>\nKenell\u00e4 on tekij\u00e4noikeus tilastoon?<\/p>\n<h2>Kansainv\u00e4liset tilastot<\/h2>\n<p><a href=\"https:\/\/www.stat.fi\/tup\/kvportaali\/index.html\" target=\"_blank\" rel=\"noopener noreferrer\">Tietoja kansainv\u00e4lisist\u00e4 tilastoista (Tilastokeskus)<\/a> (linkki aukeaa uuteen ikkunaan).<\/p>\n<p>&nbsp;<\/p>\n<h2>Painetut tilastot<\/h2>\n<p>Kattavin tilastollinen sarja on nimelt\u00e4\u00e4n <strong>Suomen virallinen tilasto (SVT).<\/strong><\/p>\n<p>SVT l\u00f6ytyy painettuna Joensuun kampuskirjaston 1- kerroksen Avola-varastosta, p\u00e4\u00e4osin paikkamerkist\u00e4 <strong>P L 31s<\/strong>, eli se on lukusaliaineistoa. SVT on jaoteltu pienempiin osiin aiheittain. Vuoteen 1987 saakka jaottelu oli melko selke\u00e4 ja aihealueilla oli oma numeronsa. Tilastot ovat kirjaston <strong>hyllyss\u00e4 numeroj\u00e4rjestyksess\u00e4<\/strong>, esimerkiksi numero 2 on Varallisuustilastoa, nro 3 Maatalous, nro 6 V\u00e4est\u00f6 ja nro 18 Teollisuus, rakentaminen ja asuntotuotanto.<\/p>\n<p>Vuodesta <strong>1988<\/strong> aihealueita on tullut lis\u00e4\u00e4 ja entisi\u00e4kin on nimetty uusiksi. Hyllyyn P L 31s tilastot on sijoitettu <strong>aakkosj\u00e4rjestyksess\u00e4<\/strong>. Aakkostussana hyvin monien kohdalla on Tilastokeskus, ja vasta toissijaisena aakkostussana tulee itse tilaston aihe, esim. Asuminen, Tulot ja kulutus, V\u00e4est\u00f6 jne.<\/p>\n<p>Painettuja tilastoja ei ole tullut kirjastoon kattavasti vuoden 2011 j\u00e4lkeen, mutta mm. eri alojen tilastollisia vuosikirjoja on saatavilla painettuna edelleen.<\/p>\n<p><strong>Suomen tilastollinen vuosikirja <\/strong>on er\u00e4s t\u00e4llainen vuosikirja. T\u00e4h\u00e4n kirjaan on yksiin kansiin koottu keskeisi\u00e4 Suomea koskevia tunnuslukuja. Tilastollisesta vuosikirjasta on meill\u00e4 k\u00e4yt\u00f6ss\u00e4 my\u00f6s <a href=\"https:\/\/primo.uef.fi\/permalink\/358FIN_UOEF\/6aj5s5\/alma9911697873705966\" target=\"_blank\" rel=\"noopener noreferrer\">verkkoversio<\/a> (linkki aukeaa uuteen ikkunaan).<\/p>\n<h2>Ilmastotilastoja<\/h2>\n<p>Ilmatieteen laitoksen sivuilta on mahdollista<a href=\"http:\/\/ilmatieteenlaitos.fi\/havaintojen-lataus#!\/\" target=\"_blank\" rel=\"noopener noreferrer\"> ladata s\u00e4\u00e4tilastoja<\/a> (linkki aukeaa uuteen ikkunaan) havaintoasemittain 1960-luvulta l\u00e4htien.<\/p>\n<h3>Painettuja julkaisuja:<\/h3>\n<p><em><strong>Ilmastokatsaus<\/strong><\/em> (sijainti P J 5), jossa on p\u00e4iv\u00e4kohtaisia tietoja joiltakin paikkakunnilta sek\u00e4 artikkeleita ajankohtaisista s\u00e4\u00e4- ja ilmastoasioista, mm. luonnehdintoja kuluneen vuoden kasvukaudesta, sateisuudesta jne. Saatavilla vuodet 1973-2013; Varastokirjastossa 1966-1973.<\/p>\n<p>Vuoteen 2000 saakka ilmestyi julkaisu nimelt\u00e4 <em><strong>Suomen meteorologinen vuosikirja<\/strong><\/em> (sijainti P 55s), jossa oli s\u00e4\u00e4asemakohtaisia tietoja kuukausi- ja vuosikeskiarvoina.<\/p>\n<p>Vuonna 2002 ilmestyi julkaisu, johon on koottu pidemm\u00e4n aikav\u00e4lin vertailutiedot Suomen ilmastosta, keskiarvot vuosilta 1971-2000.<br \/>\nJulkaisun nimi on<em><strong> Ilmastotilastoja Suomesta<\/strong><\/em> ja sijainti P 55s.<\/p>\n","protected":false},"excerpt":{"rendered":"<p>Tilastotietojen hakeminen Tilastotietokantoja Tilastotietokannoissa ei ole valmiita tilastotaulukoita, vaan tilasto kootaan istunnon aikana itse valitsemalla halutut muuttujat. Tilastokeskuksen kokoama ja yll\u00e4pit\u00e4m\u00e4 StatFin&#8211; (linkki aukeaa uuteen ikkunaan) on Suomea koskevien tilastotietojen tietokanta, josta saa tilastotietoja taulukkomuodossa. Tilastokeskuksesta voi my\u00f6s tilata mit\u00e4 moninaisempia aiheenmukaisia tilastoja. Monilla julkisorganisaatiolla\/virastoilla on omia, vapaasti k\u00e4ytett\u00e4vi\u00e4 verkkotilastotietokantoja. &nbsp; Tilastoja verkossa Internetist\u00e4 l\u00f6ytyy [&hellip;]<\/p>\n","protected":false},"author":127,"featured_media":0,"parent":0,"menu_order":0,"comment_status":"closed","ping_status":"closed","template":"","meta":{"_acf_changed":false,"footnotes":""},"class_list":["post-95","page","type-page","status-publish","hentry"],"acf":[],"yoast_head":"<!-- This site is optimized with the Yoast SEO plugin v27.1.1 - https:\/\/yoast.com\/product\/yoast-seo-wordpress\/ -->\n<title>Tilastotietojen hakeminen - Maantieteen ja ymp\u00e4rist\u00f6politiikan tiedonhaku<\/title>\n<meta name=\"robots\" content=\"index, follow, max-snippet:-1, max-image-preview:large, max-video-preview:-1\" \/>\n<link rel=\"canonical\" href=\"https:\/\/blogs.uef.fi\/tiedonhaku-maantiede\/tilastotietojen-hakeminen\/\" \/>\n<meta property=\"og:locale\" content=\"fi_FI\" \/>\n<meta property=\"og:type\" content=\"article\" \/>\n<meta property=\"og:title\" content=\"Tilastotietojen hakeminen - Maantieteen ja ymp\u00e4rist\u00f6politiikan tiedonhaku\" \/>\n<meta property=\"og:description\" content=\"Tilastotietojen hakeminen Tilastotietokantoja Tilastotietokannoissa ei ole valmiita tilastotaulukoita, vaan tilasto kootaan istunnon aikana itse valitsemalla halutut muuttujat. Tilastokeskuksen kokoama ja yll\u00e4pit\u00e4m\u00e4 StatFin&#8211; (linkki aukeaa uuteen ikkunaan) on Suomea koskevien tilastotietojen tietokanta, josta saa tilastotietoja taulukkomuodossa. Tilastokeskuksesta voi my\u00f6s tilata mit\u00e4 moninaisempia aiheenmukaisia tilastoja. Monilla julkisorganisaatiolla\/virastoilla on omia, vapaasti k\u00e4ytett\u00e4vi\u00e4 verkkotilastotietokantoja. &nbsp; Tilastoja verkossa Internetist\u00e4 l\u00f6ytyy [&hellip;]\" \/>\n<meta property=\"og:url\" content=\"https:\/\/blogs.uef.fi\/tiedonhaku-maantiede\/tilastotietojen-hakeminen\/\" \/>\n<meta property=\"og:site_name\" content=\"Maantieteen ja ymp\u00e4rist\u00f6politiikan tiedonhaku\" \/>\n<meta property=\"article:modified_time\" content=\"2022-09-28T09:11:26+00:00\" \/>\n<meta name=\"twitter:card\" content=\"summary_large_image\" \/>\n<meta name=\"twitter:label1\" content=\"Arvioitu lukuaika\" \/>\n\t<meta name=\"twitter:data1\" content=\"3 minuuttia\" \/>\n<script type=\"application\/ld+json\" class=\"yoast-schema-graph\">{\"@context\":\"https:\/\/schema.org\",\"@graph\":[{\"@type\":\"WebPage\",\"@id\":\"https:\/\/blogs.uef.fi\/tiedonhaku-maantiede\/tilastotietojen-hakeminen\/\",\"url\":\"https:\/\/blogs.uef.fi\/tiedonhaku-maantiede\/tilastotietojen-hakeminen\/\",\"name\":\"Tilastotietojen hakeminen - Maantieteen ja ymp\u00e4rist\u00f6politiikan tiedonhaku\",\"isPartOf\":{\"@id\":\"https:\/\/blogs.uef.fi\/tiedonhaku-maantiede\/#website\"},\"datePublished\":\"2015-11-11T12:47:24+00:00\",\"dateModified\":\"2022-09-28T09:11:26+00:00\",\"breadcrumb\":{\"@id\":\"https:\/\/blogs.uef.fi\/tiedonhaku-maantiede\/tilastotietojen-hakeminen\/#breadcrumb\"},\"inLanguage\":\"fi\",\"potentialAction\":[{\"@type\":\"ReadAction\",\"target\":[\"https:\/\/blogs.uef.fi\/tiedonhaku-maantiede\/tilastotietojen-hakeminen\/\"]}]},{\"@type\":\"BreadcrumbList\",\"@id\":\"https:\/\/blogs.uef.fi\/tiedonhaku-maantiede\/tilastotietojen-hakeminen\/#breadcrumb\",\"itemListElement\":[{\"@type\":\"ListItem\",\"position\":1,\"name\":\"Home\",\"item\":\"https:\/\/blogs.uef.fi\/tiedonhaku-maantiede\/\"},{\"@type\":\"ListItem\",\"position\":2,\"name\":\"Tilastotietojen hakeminen\"}]},{\"@type\":\"WebSite\",\"@id\":\"https:\/\/blogs.uef.fi\/tiedonhaku-maantiede\/#website\",\"url\":\"https:\/\/blogs.uef.fi\/tiedonhaku-maantiede\/\",\"name\":\"Maantieteen ja ymp\u00e4rist\u00f6politiikan tiedonhaku\",\"description\":\"\",\"potentialAction\":[{\"@type\":\"SearchAction\",\"target\":{\"@type\":\"EntryPoint\",\"urlTemplate\":\"https:\/\/blogs.uef.fi\/tiedonhaku-maantiede\/?s={search_term_string}\"},\"query-input\":{\"@type\":\"PropertyValueSpecification\",\"valueRequired\":true,\"valueName\":\"search_term_string\"}}],\"inLanguage\":\"fi\"}]}<\/script>\n<!-- \/ Yoast SEO plugin. -->","yoast_head_json":{"title":"Tilastotietojen hakeminen - Maantieteen ja ymp\u00e4rist\u00f6politiikan tiedonhaku","robots":{"index":"index","follow":"follow","max-snippet":"max-snippet:-1","max-image-preview":"max-image-preview:large","max-video-preview":"max-video-preview:-1"},"canonical":"https:\/\/blogs.uef.fi\/tiedonhaku-maantiede\/tilastotietojen-hakeminen\/","og_locale":"fi_FI","og_type":"article","og_title":"Tilastotietojen hakeminen - Maantieteen ja ymp\u00e4rist\u00f6politiikan tiedonhaku","og_description":"Tilastotietojen hakeminen Tilastotietokantoja Tilastotietokannoissa ei ole valmiita tilastotaulukoita, vaan tilasto kootaan istunnon aikana itse valitsemalla halutut muuttujat. Tilastokeskuksen kokoama ja yll\u00e4pit\u00e4m\u00e4 StatFin&#8211; (linkki aukeaa uuteen ikkunaan) on Suomea koskevien tilastotietojen tietokanta, josta saa tilastotietoja taulukkomuodossa. Tilastokeskuksesta voi my\u00f6s tilata mit\u00e4 moninaisempia aiheenmukaisia tilastoja. Monilla julkisorganisaatiolla\/virastoilla on omia, vapaasti k\u00e4ytett\u00e4vi\u00e4 verkkotilastotietokantoja. &nbsp; Tilastoja verkossa Internetist\u00e4 l\u00f6ytyy [&hellip;]","og_url":"https:\/\/blogs.uef.fi\/tiedonhaku-maantiede\/tilastotietojen-hakeminen\/","og_site_name":"Maantieteen ja ymp\u00e4rist\u00f6politiikan tiedonhaku","article_modified_time":"2022-09-28T09:11:26+00:00","twitter_card":"summary_large_image","twitter_misc":{"Arvioitu lukuaika":"3 minuuttia"},"schema":{"@context":"https:\/\/schema.org","@graph":[{"@type":"WebPage","@id":"https:\/\/blogs.uef.fi\/tiedonhaku-maantiede\/tilastotietojen-hakeminen\/","url":"https:\/\/blogs.uef.fi\/tiedonhaku-maantiede\/tilastotietojen-hakeminen\/","name":"Tilastotietojen hakeminen - Maantieteen ja ymp\u00e4rist\u00f6politiikan tiedonhaku","isPartOf":{"@id":"https:\/\/blogs.uef.fi\/tiedonhaku-maantiede\/#website"},"datePublished":"2015-11-11T12:47:24+00:00","dateModified":"2022-09-28T09:11:26+00:00","breadcrumb":{"@id":"https:\/\/blogs.uef.fi\/tiedonhaku-maantiede\/tilastotietojen-hakeminen\/#breadcrumb"},"inLanguage":"fi","potentialAction":[{"@type":"ReadAction","target":["https:\/\/blogs.uef.fi\/tiedonhaku-maantiede\/tilastotietojen-hakeminen\/"]}]},{"@type":"BreadcrumbList","@id":"https:\/\/blogs.uef.fi\/tiedonhaku-maantiede\/tilastotietojen-hakeminen\/#breadcrumb","itemListElement":[{"@type":"ListItem","position":1,"name":"Home","item":"https:\/\/blogs.uef.fi\/tiedonhaku-maantiede\/"},{"@type":"ListItem","position":2,"name":"Tilastotietojen hakeminen"}]},{"@type":"WebSite","@id":"https:\/\/blogs.uef.fi\/tiedonhaku-maantiede\/#website","url":"https:\/\/blogs.uef.fi\/tiedonhaku-maantiede\/","name":"Maantieteen ja ymp\u00e4rist\u00f6politiikan tiedonhaku","description":"","potentialAction":[{"@type":"SearchAction","target":{"@type":"EntryPoint","urlTemplate":"https:\/\/blogs.uef.fi\/tiedonhaku-maantiede\/?s={search_term_string}"},"query-input":{"@type":"PropertyValueSpecification","valueRequired":true,"valueName":"search_term_string"}}],"inLanguage":"fi"}]}},"_links":{"self":[{"href":"https:\/\/blogs.uef.fi\/tiedonhaku-maantiede\/wp-json\/wp\/v2\/pages\/95","targetHints":{"allow":["GET"]}}],"collection":[{"href":"https:\/\/blogs.uef.fi\/tiedonhaku-maantiede\/wp-json\/wp\/v2\/pages"}],"about":[{"href":"https:\/\/blogs.uef.fi\/tiedonhaku-maantiede\/wp-json\/wp\/v2\/types\/page"}],"author":[{"embeddable":true,"href":"https:\/\/blogs.uef.fi\/tiedonhaku-maantiede\/wp-json\/wp\/v2\/users\/127"}],"replies":[{"embeddable":true,"href":"https:\/\/blogs.uef.fi\/tiedonhaku-maantiede\/wp-json\/wp\/v2\/comments?post=95"}],"version-history":[{"count":4,"href":"https:\/\/blogs.uef.fi\/tiedonhaku-maantiede\/wp-json\/wp\/v2\/pages\/95\/revisions"}],"predecessor-version":[{"id":1352,"href":"https:\/\/blogs.uef.fi\/tiedonhaku-maantiede\/wp-json\/wp\/v2\/pages\/95\/revisions\/1352"}],"wp:attachment":[{"href":"https:\/\/blogs.uef.fi\/tiedonhaku-maantiede\/wp-json\/wp\/v2\/media?parent=95"}],"curies":[{"name":"wp","href":"https:\/\/api.w.org\/{rel}","templated":true}]}}