{"id":92,"date":"2015-11-11T12:38:20","date_gmt":"2015-11-11T12:38:20","guid":{"rendered":"https:\/\/ueflibrarygeo.wordpress.com\/?page_id=92"},"modified":"2023-06-27T12:05:06","modified_gmt":"2023-06-27T09:05:06","slug":"vaitoskirjojen-ja-gradujen-hakeminen","status":"publish","type":"page","link":"https:\/\/blogs.uef.fi\/tiedonhaku-maantiede\/vaitoskirjojen-ja-gradujen-hakeminen\/","title":{"rendered":"V\u00e4it\u00f6skirjojen ja gradujen hakeminen"},"content":{"rendered":"\n<h2 class=\"wp-block-heading\">V\u00e4it\u00f6skirjat ja lisensiaatinty\u00f6t<\/h2>\n\n\n\n<p><strong>V\u00e4it\u00f6skirjaa<\/strong> pidet\u00e4\u00e4n ensimm\u00e4isen\u00e4 tutkijan itsen\u00e4isen\u00e4 tutkimuksena ja <strong>lisensiaattity\u00f6t\u00e4<\/strong> ensimm\u00e4isen\u00e4 siteerauksen kest\u00e4v\u00e4n\u00e4 tutkimuksena.<br>Nykyisin lisensiaattit\u00f6it\u00e4 julkaistaan melko v\u00e4h\u00e4n, yleens\u00e4 tehd\u00e4\u00e4n suoraan v\u00e4it\u00f6skirja.<\/p>\n\n\n\n<p>Monet v\u00e4it\u00f6skirjat ovat nyky\u00e4\u00e4n ns. <strong>nippuv\u00e4it\u00f6skirjoja<\/strong>, joiden keskeisen sis\u00e4ll\u00f6n v\u00e4ittelij\u00e4 on jo julkaissut tieteellisiss\u00e4 lehdiss\u00e4 artikkeleina.<br>V\u00e4it\u00f6skirja sis\u00e4lt\u00e4\u00e4 t\u00e4ll\u00f6in <strong>englanninkielisen tiivistelm\u00e4osan ja artikkelit.<\/strong><br>Aiemmin v\u00e4it\u00f6skirja oli yksi yhten\u00e4inen julkaisu.<\/p>\n\n\n\n<h2 class=\"wp-block-heading\">Gradut<\/h2>\n\n\n\n<p><strong>Pro gradu \u2013tutkielmat<\/strong> ovat opiskelijoiden harjoitust\u00f6it\u00e4, joten niit\u00e4 ei k\u00e4ytet\u00e4 tieteellisen ty\u00f6n l\u00e4htein\u00e4 kuin poikkeustapauksissa. Tarkista suhtautuminen ainelaitokseltasi, opettajalta\/ohjaajalta.<br>Kuitenkin hyv\u00e4tasoisten pro gradu -t\u00f6iden l\u00e4hdeluetteloista voi olla hy\u00f6ty\u00e4 ja voit katsoa graduista mallia muotoseikkoihin.<\/p>\n\n\n\n<p><strong>Kotimaisia opinn\u00e4ytteit\u00e4<\/strong>: v\u00e4it\u00f6skirjat, lisensiaatinty\u00f6t, gradut ja ammattikorkeakoulujen lopputy\u00f6t, voi hakea helposti <a href=\"https:\/\/finna.fi\/\" target=\"_blank\" rel=\"noopener noreferrer\">kansallisesta Finnasta<\/a> (linkki aukeaa uuteen ikkunaan).<\/p>\n\n\n\n<p><strong>UEF:in v\u00e4it\u00f6skirjat ja gradut (vuodesta 2012) julkaistaan <a href=\"https:\/\/erepo.uef.fi\/\">UEF Electronic publications \u2013julkaisuarkistossa <\/a><\/strong>(linkki aukeaa uuteen ikkunaan). Julkaisuja voi hakea aiheen mukaan.<\/p>\n\n\n\n<p><a href=\"https:\/\/erepo.uef.fi\/\" target=\"_blank\" rel=\"noopener noreferrer\">Maantieteen graduja<\/a> (linkki aukeaa uuteen ikkunaan)<\/p>\n\n\n\n<h2 class=\"wp-block-heading\">Hakeminen UEF-Primosta<\/h2>\n\n\n\n<p><strong>Tiedot vanhemmista opinn\u00e4ytet\u00f6ist\u00e4 l\u00f6ytyv\u00e4t yliopistokirjastojen kokoelmatietokannoista.<\/strong>&nbsp; UEF-Primossa haku onnistuu helposti rajauksen avulla. Tee ensin haku jollakin (yleisen tason) hakusanalla, esim. maantiede, ymp\u00e4rist\u00f6politiikka tms. ja rajaa hakutulos Aineistotyypin mukaan:<em> v\u00e4it\u00f6skirjat:<\/em><\/p>\n\n\n\n<figure class=\"wp-block-image aligncenter\"><img loading=\"lazy\" decoding=\"async\" width=\"1537\" height=\"935\" src=\"https:\/\/blogs.uef.fi\/tiedonhaku-maantiede\/wp-content\/uploads\/sites\/53\/2020\/01\/GEOopinnayterajaus.png\" alt=\"Esimerkki v\u00e4it\u00f6skirjan hakemisesta Primo -hakuohjelmalla.\" class=\"wp-image-821\" srcset=\"https:\/\/blogs.uef.fi\/tiedonhaku-maantiede\/wp-content\/uploads\/sites\/53\/2020\/01\/GEOopinnayterajaus.png 1537w, https:\/\/blogs.uef.fi\/tiedonhaku-maantiede\/wp-content\/uploads\/sites\/53\/2020\/01\/GEOopinnayterajaus-300x182.png 300w, https:\/\/blogs.uef.fi\/tiedonhaku-maantiede\/wp-content\/uploads\/sites\/53\/2020\/01\/GEOopinnayterajaus-768x467.png 768w, https:\/\/blogs.uef.fi\/tiedonhaku-maantiede\/wp-content\/uploads\/sites\/53\/2020\/01\/GEOopinnayterajaus-1024x623.png 1024w, https:\/\/blogs.uef.fi\/tiedonhaku-maantiede\/wp-content\/uploads\/sites\/53\/2020\/01\/GEOopinnayterajaus-625x380.png 625w\" sizes=\"auto, (max-width: 1537px) 100vw, 1537px\" \/><\/figure>\n\n\n\n<p>V\u00e4it\u00f6skirja julkaistaan usein ko. <strong>yliopiston omassa julkaisusarjassa<\/strong>. Muitakin vaihtoehtoja on: jos v\u00e4ittelij\u00e4 ty\u00f6skentelee jonkin muun <strong>julkisorganisaation<\/strong> palveluksessa, v\u00e4it\u00f6skirja voidaan julkaista t\u00e4m\u00e4n organisaation sarjassa. V\u00e4it\u00f6skirja on mahdollista julkaista my\u00f6s <strong>kaupallisen kustantajan kautta<\/strong>.<\/p>\n\n\n\n<p>Joensuun yliopiston maantieteen v\u00e4it\u00f6ksi\u00e4 on sarjassa:<\/p>\n\n\n\n<p>Julkaisuja \/ Joensuun yliopisto, maantieteen laitos.<\/p>\n\n\n\n<p>It\u00e4-Suomen yliopistossa sarja on:<\/p>\n\n\n\n<p>Publications of the University of Eastern Finland. Dissertations in Social Sciences and Business Studies.<\/p>\n","protected":false},"excerpt":{"rendered":"<p>V\u00e4it\u00f6skirjat ja lisensiaatinty\u00f6t V\u00e4it\u00f6skirjaa pidet\u00e4\u00e4n ensimm\u00e4isen\u00e4 tutkijan itsen\u00e4isen\u00e4 tutkimuksena ja lisensiaattity\u00f6t\u00e4 ensimm\u00e4isen\u00e4 siteerauksen kest\u00e4v\u00e4n\u00e4 tutkimuksena.Nykyisin lisensiaattit\u00f6it\u00e4 julkaistaan melko v\u00e4h\u00e4n, yleens\u00e4 tehd\u00e4\u00e4n suoraan v\u00e4it\u00f6skirja. Monet v\u00e4it\u00f6skirjat ovat nyky\u00e4\u00e4n ns. nippuv\u00e4it\u00f6skirjoja, joiden keskeisen sis\u00e4ll\u00f6n v\u00e4ittelij\u00e4 on jo julkaissut tieteellisiss\u00e4 lehdiss\u00e4 artikkeleina.V\u00e4it\u00f6skirja sis\u00e4lt\u00e4\u00e4 t\u00e4ll\u00f6in englanninkielisen tiivistelm\u00e4osan ja artikkelit.Aiemmin v\u00e4it\u00f6skirja oli yksi yhten\u00e4inen julkaisu. Gradut Pro gradu \u2013tutkielmat ovat [&hellip;]<\/p>\n","protected":false},"author":127,"featured_media":0,"parent":0,"menu_order":0,"comment_status":"closed","ping_status":"closed","template":"","meta":{"_acf_changed":false,"footnotes":""},"class_list":["post-92","page","type-page","status-publish","hentry"],"acf":[],"yoast_head":"<!-- This site is optimized with the Yoast SEO plugin v27.1.1 - https:\/\/yoast.com\/product\/yoast-seo-wordpress\/ -->\n<title>V\u00e4it\u00f6skirjojen ja gradujen hakeminen - Maantieteen ja ymp\u00e4rist\u00f6politiikan tiedonhaku<\/title>\n<meta name=\"robots\" content=\"index, follow, max-snippet:-1, max-image-preview:large, max-video-preview:-1\" \/>\n<link rel=\"canonical\" href=\"https:\/\/blogs.uef.fi\/tiedonhaku-maantiede\/vaitoskirjojen-ja-gradujen-hakeminen\/\" \/>\n<meta property=\"og:locale\" content=\"fi_FI\" \/>\n<meta property=\"og:type\" content=\"article\" \/>\n<meta property=\"og:title\" content=\"V\u00e4it\u00f6skirjojen ja gradujen hakeminen - Maantieteen ja ymp\u00e4rist\u00f6politiikan tiedonhaku\" \/>\n<meta property=\"og:description\" content=\"V\u00e4it\u00f6skirjat ja lisensiaatinty\u00f6t V\u00e4it\u00f6skirjaa pidet\u00e4\u00e4n ensimm\u00e4isen\u00e4 tutkijan itsen\u00e4isen\u00e4 tutkimuksena ja lisensiaattity\u00f6t\u00e4 ensimm\u00e4isen\u00e4 siteerauksen kest\u00e4v\u00e4n\u00e4 tutkimuksena.Nykyisin lisensiaattit\u00f6it\u00e4 julkaistaan melko v\u00e4h\u00e4n, yleens\u00e4 tehd\u00e4\u00e4n suoraan v\u00e4it\u00f6skirja. Monet v\u00e4it\u00f6skirjat ovat nyky\u00e4\u00e4n ns. nippuv\u00e4it\u00f6skirjoja, joiden keskeisen sis\u00e4ll\u00f6n v\u00e4ittelij\u00e4 on jo julkaissut tieteellisiss\u00e4 lehdiss\u00e4 artikkeleina.V\u00e4it\u00f6skirja sis\u00e4lt\u00e4\u00e4 t\u00e4ll\u00f6in englanninkielisen tiivistelm\u00e4osan ja artikkelit.Aiemmin v\u00e4it\u00f6skirja oli yksi yhten\u00e4inen julkaisu. Gradut Pro gradu \u2013tutkielmat ovat [&hellip;]\" \/>\n<meta property=\"og:url\" content=\"https:\/\/blogs.uef.fi\/tiedonhaku-maantiede\/vaitoskirjojen-ja-gradujen-hakeminen\/\" \/>\n<meta property=\"og:site_name\" content=\"Maantieteen ja ymp\u00e4rist\u00f6politiikan tiedonhaku\" \/>\n<meta property=\"article:modified_time\" content=\"2023-06-27T09:05:06+00:00\" \/>\n<meta property=\"og:image\" content=\"https:\/\/blogs.uef.fi\/tiedonhaku-maantiede\/wp-content\/uploads\/sites\/53\/2020\/01\/GEOopinnayterajaus.png\" \/>\n<meta name=\"twitter:card\" content=\"summary_large_image\" \/>\n<meta name=\"twitter:label1\" content=\"Arvioitu lukuaika\" \/>\n\t<meta name=\"twitter:data1\" content=\"2 minuuttia\" \/>\n<script type=\"application\/ld+json\" class=\"yoast-schema-graph\">{\"@context\":\"https:\/\/schema.org\",\"@graph\":[{\"@type\":\"WebPage\",\"@id\":\"https:\/\/blogs.uef.fi\/tiedonhaku-maantiede\/vaitoskirjojen-ja-gradujen-hakeminen\/\",\"url\":\"https:\/\/blogs.uef.fi\/tiedonhaku-maantiede\/vaitoskirjojen-ja-gradujen-hakeminen\/\",\"name\":\"V\u00e4it\u00f6skirjojen ja gradujen hakeminen - Maantieteen ja ymp\u00e4rist\u00f6politiikan tiedonhaku\",\"isPartOf\":{\"@id\":\"https:\/\/blogs.uef.fi\/tiedonhaku-maantiede\/#website\"},\"primaryImageOfPage\":{\"@id\":\"https:\/\/blogs.uef.fi\/tiedonhaku-maantiede\/vaitoskirjojen-ja-gradujen-hakeminen\/#primaryimage\"},\"image\":{\"@id\":\"https:\/\/blogs.uef.fi\/tiedonhaku-maantiede\/vaitoskirjojen-ja-gradujen-hakeminen\/#primaryimage\"},\"thumbnailUrl\":\"https:\/\/blogs.uef.fi\/tiedonhaku-maantiede\/wp-content\/uploads\/sites\/53\/2020\/01\/GEOopinnayterajaus.png\",\"datePublished\":\"2015-11-11T12:38:20+00:00\",\"dateModified\":\"2023-06-27T09:05:06+00:00\",\"breadcrumb\":{\"@id\":\"https:\/\/blogs.uef.fi\/tiedonhaku-maantiede\/vaitoskirjojen-ja-gradujen-hakeminen\/#breadcrumb\"},\"inLanguage\":\"fi\",\"potentialAction\":[{\"@type\":\"ReadAction\",\"target\":[\"https:\/\/blogs.uef.fi\/tiedonhaku-maantiede\/vaitoskirjojen-ja-gradujen-hakeminen\/\"]}]},{\"@type\":\"ImageObject\",\"inLanguage\":\"fi\",\"@id\":\"https:\/\/blogs.uef.fi\/tiedonhaku-maantiede\/vaitoskirjojen-ja-gradujen-hakeminen\/#primaryimage\",\"url\":\"https:\/\/blogs.uef.fi\/tiedonhaku-maantiede\/wp-content\/uploads\/sites\/53\/2020\/01\/GEOopinnayterajaus.png\",\"contentUrl\":\"https:\/\/blogs.uef.fi\/tiedonhaku-maantiede\/wp-content\/uploads\/sites\/53\/2020\/01\/GEOopinnayterajaus.png\",\"width\":1537,\"height\":935},{\"@type\":\"BreadcrumbList\",\"@id\":\"https:\/\/blogs.uef.fi\/tiedonhaku-maantiede\/vaitoskirjojen-ja-gradujen-hakeminen\/#breadcrumb\",\"itemListElement\":[{\"@type\":\"ListItem\",\"position\":1,\"name\":\"Home\",\"item\":\"https:\/\/blogs.uef.fi\/tiedonhaku-maantiede\/\"},{\"@type\":\"ListItem\",\"position\":2,\"name\":\"V\u00e4it\u00f6skirjojen ja gradujen hakeminen\"}]},{\"@type\":\"WebSite\",\"@id\":\"https:\/\/blogs.uef.fi\/tiedonhaku-maantiede\/#website\",\"url\":\"https:\/\/blogs.uef.fi\/tiedonhaku-maantiede\/\",\"name\":\"Maantieteen ja ymp\u00e4rist\u00f6politiikan tiedonhaku\",\"description\":\"\",\"potentialAction\":[{\"@type\":\"SearchAction\",\"target\":{\"@type\":\"EntryPoint\",\"urlTemplate\":\"https:\/\/blogs.uef.fi\/tiedonhaku-maantiede\/?s={search_term_string}\"},\"query-input\":{\"@type\":\"PropertyValueSpecification\",\"valueRequired\":true,\"valueName\":\"search_term_string\"}}],\"inLanguage\":\"fi\"}]}<\/script>\n<!-- \/ Yoast SEO plugin. -->","yoast_head_json":{"title":"V\u00e4it\u00f6skirjojen ja gradujen hakeminen - Maantieteen ja ymp\u00e4rist\u00f6politiikan tiedonhaku","robots":{"index":"index","follow":"follow","max-snippet":"max-snippet:-1","max-image-preview":"max-image-preview:large","max-video-preview":"max-video-preview:-1"},"canonical":"https:\/\/blogs.uef.fi\/tiedonhaku-maantiede\/vaitoskirjojen-ja-gradujen-hakeminen\/","og_locale":"fi_FI","og_type":"article","og_title":"V\u00e4it\u00f6skirjojen ja gradujen hakeminen - Maantieteen ja ymp\u00e4rist\u00f6politiikan tiedonhaku","og_description":"V\u00e4it\u00f6skirjat ja lisensiaatinty\u00f6t V\u00e4it\u00f6skirjaa pidet\u00e4\u00e4n ensimm\u00e4isen\u00e4 tutkijan itsen\u00e4isen\u00e4 tutkimuksena ja lisensiaattity\u00f6t\u00e4 ensimm\u00e4isen\u00e4 siteerauksen kest\u00e4v\u00e4n\u00e4 tutkimuksena.Nykyisin lisensiaattit\u00f6it\u00e4 julkaistaan melko v\u00e4h\u00e4n, yleens\u00e4 tehd\u00e4\u00e4n suoraan v\u00e4it\u00f6skirja. Monet v\u00e4it\u00f6skirjat ovat nyky\u00e4\u00e4n ns. nippuv\u00e4it\u00f6skirjoja, joiden keskeisen sis\u00e4ll\u00f6n v\u00e4ittelij\u00e4 on jo julkaissut tieteellisiss\u00e4 lehdiss\u00e4 artikkeleina.V\u00e4it\u00f6skirja sis\u00e4lt\u00e4\u00e4 t\u00e4ll\u00f6in englanninkielisen tiivistelm\u00e4osan ja artikkelit.Aiemmin v\u00e4it\u00f6skirja oli yksi yhten\u00e4inen julkaisu. Gradut Pro gradu \u2013tutkielmat ovat [&hellip;]","og_url":"https:\/\/blogs.uef.fi\/tiedonhaku-maantiede\/vaitoskirjojen-ja-gradujen-hakeminen\/","og_site_name":"Maantieteen ja ymp\u00e4rist\u00f6politiikan tiedonhaku","article_modified_time":"2023-06-27T09:05:06+00:00","og_image":[{"url":"https:\/\/blogs.uef.fi\/tiedonhaku-maantiede\/wp-content\/uploads\/sites\/53\/2020\/01\/GEOopinnayterajaus.png","type":"","width":"","height":""}],"twitter_card":"summary_large_image","twitter_misc":{"Arvioitu lukuaika":"2 minuuttia"},"schema":{"@context":"https:\/\/schema.org","@graph":[{"@type":"WebPage","@id":"https:\/\/blogs.uef.fi\/tiedonhaku-maantiede\/vaitoskirjojen-ja-gradujen-hakeminen\/","url":"https:\/\/blogs.uef.fi\/tiedonhaku-maantiede\/vaitoskirjojen-ja-gradujen-hakeminen\/","name":"V\u00e4it\u00f6skirjojen ja gradujen hakeminen - Maantieteen ja ymp\u00e4rist\u00f6politiikan tiedonhaku","isPartOf":{"@id":"https:\/\/blogs.uef.fi\/tiedonhaku-maantiede\/#website"},"primaryImageOfPage":{"@id":"https:\/\/blogs.uef.fi\/tiedonhaku-maantiede\/vaitoskirjojen-ja-gradujen-hakeminen\/#primaryimage"},"image":{"@id":"https:\/\/blogs.uef.fi\/tiedonhaku-maantiede\/vaitoskirjojen-ja-gradujen-hakeminen\/#primaryimage"},"thumbnailUrl":"https:\/\/blogs.uef.fi\/tiedonhaku-maantiede\/wp-content\/uploads\/sites\/53\/2020\/01\/GEOopinnayterajaus.png","datePublished":"2015-11-11T12:38:20+00:00","dateModified":"2023-06-27T09:05:06+00:00","breadcrumb":{"@id":"https:\/\/blogs.uef.fi\/tiedonhaku-maantiede\/vaitoskirjojen-ja-gradujen-hakeminen\/#breadcrumb"},"inLanguage":"fi","potentialAction":[{"@type":"ReadAction","target":["https:\/\/blogs.uef.fi\/tiedonhaku-maantiede\/vaitoskirjojen-ja-gradujen-hakeminen\/"]}]},{"@type":"ImageObject","inLanguage":"fi","@id":"https:\/\/blogs.uef.fi\/tiedonhaku-maantiede\/vaitoskirjojen-ja-gradujen-hakeminen\/#primaryimage","url":"https:\/\/blogs.uef.fi\/tiedonhaku-maantiede\/wp-content\/uploads\/sites\/53\/2020\/01\/GEOopinnayterajaus.png","contentUrl":"https:\/\/blogs.uef.fi\/tiedonhaku-maantiede\/wp-content\/uploads\/sites\/53\/2020\/01\/GEOopinnayterajaus.png","width":1537,"height":935},{"@type":"BreadcrumbList","@id":"https:\/\/blogs.uef.fi\/tiedonhaku-maantiede\/vaitoskirjojen-ja-gradujen-hakeminen\/#breadcrumb","itemListElement":[{"@type":"ListItem","position":1,"name":"Home","item":"https:\/\/blogs.uef.fi\/tiedonhaku-maantiede\/"},{"@type":"ListItem","position":2,"name":"V\u00e4it\u00f6skirjojen ja gradujen hakeminen"}]},{"@type":"WebSite","@id":"https:\/\/blogs.uef.fi\/tiedonhaku-maantiede\/#website","url":"https:\/\/blogs.uef.fi\/tiedonhaku-maantiede\/","name":"Maantieteen ja ymp\u00e4rist\u00f6politiikan tiedonhaku","description":"","potentialAction":[{"@type":"SearchAction","target":{"@type":"EntryPoint","urlTemplate":"https:\/\/blogs.uef.fi\/tiedonhaku-maantiede\/?s={search_term_string}"},"query-input":{"@type":"PropertyValueSpecification","valueRequired":true,"valueName":"search_term_string"}}],"inLanguage":"fi"}]}},"_links":{"self":[{"href":"https:\/\/blogs.uef.fi\/tiedonhaku-maantiede\/wp-json\/wp\/v2\/pages\/92","targetHints":{"allow":["GET"]}}],"collection":[{"href":"https:\/\/blogs.uef.fi\/tiedonhaku-maantiede\/wp-json\/wp\/v2\/pages"}],"about":[{"href":"https:\/\/blogs.uef.fi\/tiedonhaku-maantiede\/wp-json\/wp\/v2\/types\/page"}],"author":[{"embeddable":true,"href":"https:\/\/blogs.uef.fi\/tiedonhaku-maantiede\/wp-json\/wp\/v2\/users\/127"}],"replies":[{"embeddable":true,"href":"https:\/\/blogs.uef.fi\/tiedonhaku-maantiede\/wp-json\/wp\/v2\/comments?post=92"}],"version-history":[{"count":3,"href":"https:\/\/blogs.uef.fi\/tiedonhaku-maantiede\/wp-json\/wp\/v2\/pages\/92\/revisions"}],"predecessor-version":[{"id":2053,"href":"https:\/\/blogs.uef.fi\/tiedonhaku-maantiede\/wp-json\/wp\/v2\/pages\/92\/revisions\/2053"}],"wp:attachment":[{"href":"https:\/\/blogs.uef.fi\/tiedonhaku-maantiede\/wp-json\/wp\/v2\/media?parent=92"}],"curies":[{"name":"wp","href":"https:\/\/api.w.org\/{rel}","templated":true}]}}