{"id":90,"date":"2015-11-11T12:34:14","date_gmt":"2015-11-11T12:34:14","guid":{"rendered":"https:\/\/ueflibrarygeo.wordpress.com\/?page_id=90"},"modified":"2020-11-03T16:22:56","modified_gmt":"2020-11-03T14:22:56","slug":"sarjojen-ja-kokousjulkaisujen-hakeminen","status":"publish","type":"page","link":"https:\/\/blogs.uef.fi\/tiedonhaku-maantiede\/sarjojen-ja-kokousjulkaisujen-hakeminen\/","title":{"rendered":"Sarjojen ja kokousjulkaisujen hakeminen"},"content":{"rendered":"<h1>Sarjojen ja kokousjulkaisujen hakeminen<\/h1>\n<h2>Sarjajulkaisut<\/h2>\n<p>Tieteelliset sarjat ovat tutkimuslaitosten, yliopistojen, tieteellisten seurojen yms. oma v\u00e4yl\u00e4 tutkimustulosten julkaisemiseen. &#8221;Tieteellisimm\u00e4t\u201d uudet tulokset julkaistaan nykysin mieluiten artikkelina vertaisarvioiduissa lehdiss\u00e4, mutta sarjajulkaisujen kautta v\u00e4litet\u00e4\u00e4n edelleenkin runsaasti <strong>raportti-, selvitys- ja casetyyppist\u00e4 tutkimustietoa.<\/strong> Sarjajulkaisu ei useinkaan ole vertaisarvioitu, mutta silti k\u00e4ytt\u00f6kelpoinen l\u00e4hde.<\/p>\n<p>Peruslinja nyky\u00e4\u00e4n on, ett\u00e4 julkaisut ovat <strong>vapaasti verkossa luettavissa.<\/strong> Verkkojulkaiseminen yleistyi kuitenkin vaihtelevasti 2000-luvulla, eik\u00e4 vanhempia aineistoja ole tuotu takautuvasti verkkoon.<\/p>\n<p><span style=\"color: #000000\"><strong>Uudemmat sarjajulkaisut ovat siten usein l\u00f6ydett\u00e4viss\u00e4 yleisill\u00e4 hakukoneilla.<\/strong><\/span><\/p>\n<p>Muista silti, ett\u00e4 esim. Google k\u00e4ytt\u00e4\u00e4 <strong>tulosten j\u00e4rjest\u00e4miseen<\/strong> paitsi itse tekstiss\u00e4 esiintyvi\u00e4 sanoja, my\u00f6s viittauksia sivujen kesken ja sivujen k\u00e4ytt\u00f6astetta (=kuinka usein linkki\u00e4 on klikattu).<br \/>\nJos kyseess\u00e4 on suhteellisen v\u00e4h\u00e4n k\u00e4ytetty julkaisu, voi k\u00e4yd\u00e4 niin, ett\u00e4 hakutuloslajittelu ei nosta hyv\u00e4\u00e4k\u00e4\u00e4n aineistoa niin korkealle kuin sis\u00e4ll\u00f6n perusteella kuuluisi. Kannattaa siis selailla tuloslistaa pidemm\u00e4lle.<\/p>\n<p>Julkaisujen selaaminen suoraan haluamansa <strong>organisaation kotisivuilta<\/strong> on k\u00e4tev\u00e4\u00e4,<br \/>\njos haluaa v\u00e4ltt\u00e4\u00e4 hakukoneiden tuoman sekalaisen aineston.<\/p>\n<h3>Hakeminen kirjaston tietokannasta<\/h3>\n<div id=\"attachment_529\" style=\"width: 226px\" class=\"wp-caption alignright\"><img loading=\"lazy\" decoding=\"async\" aria-describedby=\"caption-attachment-529\" class=\"wp-image-529 size-medium\" src=\"https:\/\/blogs.uef.fi\/tiedonhaku-maantiede\/wp-content\/uploads\/sites\/53\/2018\/11\/GEOsarjajulk-216x300.png\" alt=\"Forum ifl -sarjan numerosta kansikuva.\" width=\"216\" height=\"300\" srcset=\"https:\/\/blogs.uef.fi\/tiedonhaku-maantiede\/wp-content\/uploads\/sites\/53\/2018\/11\/GEOsarjajulk-216x300.png 216w, https:\/\/blogs.uef.fi\/tiedonhaku-maantiede\/wp-content\/uploads\/sites\/53\/2018\/11\/GEOsarjajulk-274x380.png 274w, https:\/\/blogs.uef.fi\/tiedonhaku-maantiede\/wp-content\/uploads\/sites\/53\/2018\/11\/GEOsarjajulk.png 576w\" sizes=\"auto, (max-width: 216px) 100vw, 216px\" \/><p id=\"caption-attachment-529\" class=\"wp-caption-text\">T\u00e4m\u00e4n sarjajulkaisu l\u00f6ytyy sek\u00e4 painettuna kirjastosta ett\u00e4 vapaasti verkosta.<br \/>Sarjan nimi on Forum ifl; osan numero 23<\/p><\/div>\n<p><strong>Erityisesti v\u00e4h\u00e4n vanhempia sarjoja kannattaa hakea UEF-Primosta<\/strong>.\u00a0 Voit kirjoittaa hakuun sarjan nimen tai yksitt\u00e4isen osan nimen.<\/p>\n<p>Uusiakin sarjajulkaisuja kirjastoissa on edelleen painettuna, mutta ei yht\u00e4 kattavasti kuin aiemmin. Vain ja ainoastaan verkossa julkaistua aineistoa, jota ovat mm. erilaiset raportit ym. selvitykset, ei yleens\u00e4 tallenneta kirjaston tietokantaan.<\/p>\n<p>&nbsp;<\/p>\n<p>&nbsp;<\/p>\n<p>&nbsp;<\/p>\n<p>Sarjajulkaisusta tallennetaan kirjastotietokantaan kuhunkin tietueeseen sek\u00e4 <strong>sarjan nimi ett\u00e4 yksitt\u00e4isen osan nimi,<\/strong> joten molemmilla voi hakea. Huomaa, ett\u00e4 sarjaa ja sen osia osia <strong>k\u00e4sitell\u00e4\u00e4n kuten kirjoja,<\/strong> ei lehti\u00e4.<\/p>\n<p><img loading=\"lazy\" decoding=\"async\" class=\"alignnone wp-image-229 size-full\" src=\"https:\/\/blogs.uef.fi\/tiedonhaku-maantiede\/wp-content\/uploads\/sites\/53\/2016\/11\/metsarjauf.jpg\" alt=\"Esimerkki j\u00e4rjestysnumerosta sarjassa Primohaussa. \" width=\"827\" height=\"513\" srcset=\"https:\/\/blogs.uef.fi\/tiedonhaku-maantiede\/wp-content\/uploads\/sites\/53\/2016\/11\/metsarjauf.jpg 827w, https:\/\/blogs.uef.fi\/tiedonhaku-maantiede\/wp-content\/uploads\/sites\/53\/2016\/11\/metsarjauf-300x186.jpg 300w, https:\/\/blogs.uef.fi\/tiedonhaku-maantiede\/wp-content\/uploads\/sites\/53\/2016\/11\/metsarjauf-768x476.jpg 768w\" sizes=\"auto, (max-width: 827px) 100vw, 827px\" \/><\/p>\n<p>Osa sarjoista on kirjastossa sijoitettu yhten\u00e4isin\u00e4 sarjoina ns. <strong>sarjahyllyihin.<\/strong> Osa sarjojen osista taas on <strong>hajautettu<\/strong> aiheen mukaan eri hyllyihin.<\/p>\n<hr \/>\n<h2>Kokousjulkaisut (konferenssit, proceedings)<\/h2>\n<p>Kokousjulkaisutkin ovat usein<strong> sarjoja;<\/strong> tietty konferenssi j\u00e4rjestet\u00e4\u00e4n vuosittain tai muutaman vuoden v\u00e4lein. Konferenssijulkaisut sis\u00e4lt\u00e4v\u00e4t <strong>lyhyit\u00e4 artikkeleita:<\/strong> tiivistelmi\u00e4 pidetyist\u00e4 <strong>esitelmist\u00e4 sek\u00e4 postereista.<\/strong> Julkaisu voi olla painettu tai elektroninen.<\/p>\n<p>Kokousjulkaisuja haetaan kuten sarjajulkaisujakin: <strong>hakukoneilla netist\u00e4, konferenssien kotisivuilta sek\u00e4 kirjasto- ja kirjallisuustietokannoista<\/strong><\/p>\n","protected":false},"excerpt":{"rendered":"<p>Sarjojen ja kokousjulkaisujen hakeminen Sarjajulkaisut Tieteelliset sarjat ovat tutkimuslaitosten, yliopistojen, tieteellisten seurojen yms. oma v\u00e4yl\u00e4 tutkimustulosten julkaisemiseen. &#8221;Tieteellisimm\u00e4t\u201d uudet tulokset julkaistaan nykysin mieluiten artikkelina vertaisarvioiduissa lehdiss\u00e4, mutta sarjajulkaisujen kautta v\u00e4litet\u00e4\u00e4n edelleenkin runsaasti raportti-, selvitys- ja casetyyppist\u00e4 tutkimustietoa. Sarjajulkaisu ei useinkaan ole vertaisarvioitu, mutta silti k\u00e4ytt\u00f6kelpoinen l\u00e4hde. Peruslinja nyky\u00e4\u00e4n on, ett\u00e4 julkaisut ovat vapaasti verkossa luettavissa. [&hellip;]<\/p>\n","protected":false},"author":127,"featured_media":0,"parent":0,"menu_order":0,"comment_status":"closed","ping_status":"closed","template":"","meta":{"_acf_changed":false,"footnotes":""},"class_list":["post-90","page","type-page","status-publish","hentry"],"acf":[],"yoast_head":"<!-- This site is optimized with the Yoast SEO plugin v27.1.1 - https:\/\/yoast.com\/product\/yoast-seo-wordpress\/ -->\n<title>Sarjojen ja kokousjulkaisujen hakeminen - Maantieteen ja ymp\u00e4rist\u00f6politiikan tiedonhaku<\/title>\n<meta name=\"robots\" content=\"index, follow, max-snippet:-1, max-image-preview:large, max-video-preview:-1\" \/>\n<link rel=\"canonical\" href=\"https:\/\/blogs.uef.fi\/tiedonhaku-maantiede\/sarjojen-ja-kokousjulkaisujen-hakeminen\/\" \/>\n<meta property=\"og:locale\" content=\"fi_FI\" \/>\n<meta property=\"og:type\" content=\"article\" \/>\n<meta property=\"og:title\" content=\"Sarjojen ja kokousjulkaisujen hakeminen - Maantieteen ja ymp\u00e4rist\u00f6politiikan tiedonhaku\" \/>\n<meta property=\"og:description\" content=\"Sarjojen ja kokousjulkaisujen hakeminen Sarjajulkaisut Tieteelliset sarjat ovat tutkimuslaitosten, yliopistojen, tieteellisten seurojen yms. oma v\u00e4yl\u00e4 tutkimustulosten julkaisemiseen. &#8221;Tieteellisimm\u00e4t\u201d uudet tulokset julkaistaan nykysin mieluiten artikkelina vertaisarvioiduissa lehdiss\u00e4, mutta sarjajulkaisujen kautta v\u00e4litet\u00e4\u00e4n edelleenkin runsaasti raportti-, selvitys- ja casetyyppist\u00e4 tutkimustietoa. Sarjajulkaisu ei useinkaan ole vertaisarvioitu, mutta silti k\u00e4ytt\u00f6kelpoinen l\u00e4hde. Peruslinja nyky\u00e4\u00e4n on, ett\u00e4 julkaisut ovat vapaasti verkossa luettavissa. [&hellip;]\" \/>\n<meta property=\"og:url\" content=\"https:\/\/blogs.uef.fi\/tiedonhaku-maantiede\/sarjojen-ja-kokousjulkaisujen-hakeminen\/\" \/>\n<meta property=\"og:site_name\" content=\"Maantieteen ja ymp\u00e4rist\u00f6politiikan tiedonhaku\" \/>\n<meta property=\"article:modified_time\" content=\"2020-11-03T14:22:56+00:00\" \/>\n<meta property=\"og:image\" content=\"https:\/\/blogs.uef.fi\/tiedonhaku-maantiede\/wp-content\/uploads\/sites\/53\/2018\/11\/GEOsarjajulk-216x300.png\" \/>\n<meta name=\"twitter:card\" content=\"summary_large_image\" \/>\n<meta name=\"twitter:label1\" content=\"Arvioitu lukuaika\" \/>\n\t<meta name=\"twitter:data1\" content=\"2 minuuttia\" \/>\n<script type=\"application\/ld+json\" class=\"yoast-schema-graph\">{\"@context\":\"https:\/\/schema.org\",\"@graph\":[{\"@type\":\"WebPage\",\"@id\":\"https:\/\/blogs.uef.fi\/tiedonhaku-maantiede\/sarjojen-ja-kokousjulkaisujen-hakeminen\/\",\"url\":\"https:\/\/blogs.uef.fi\/tiedonhaku-maantiede\/sarjojen-ja-kokousjulkaisujen-hakeminen\/\",\"name\":\"Sarjojen ja kokousjulkaisujen hakeminen - Maantieteen ja ymp\u00e4rist\u00f6politiikan tiedonhaku\",\"isPartOf\":{\"@id\":\"https:\/\/blogs.uef.fi\/tiedonhaku-maantiede\/#website\"},\"primaryImageOfPage\":{\"@id\":\"https:\/\/blogs.uef.fi\/tiedonhaku-maantiede\/sarjojen-ja-kokousjulkaisujen-hakeminen\/#primaryimage\"},\"image\":{\"@id\":\"https:\/\/blogs.uef.fi\/tiedonhaku-maantiede\/sarjojen-ja-kokousjulkaisujen-hakeminen\/#primaryimage\"},\"thumbnailUrl\":\"https:\/\/blogs.uef.fi\/tiedonhaku-maantiede\/wp-content\/uploads\/sites\/53\/2018\/11\/GEOsarjajulk-216x300.png\",\"datePublished\":\"2015-11-11T12:34:14+00:00\",\"dateModified\":\"2020-11-03T14:22:56+00:00\",\"breadcrumb\":{\"@id\":\"https:\/\/blogs.uef.fi\/tiedonhaku-maantiede\/sarjojen-ja-kokousjulkaisujen-hakeminen\/#breadcrumb\"},\"inLanguage\":\"fi\",\"potentialAction\":[{\"@type\":\"ReadAction\",\"target\":[\"https:\/\/blogs.uef.fi\/tiedonhaku-maantiede\/sarjojen-ja-kokousjulkaisujen-hakeminen\/\"]}]},{\"@type\":\"ImageObject\",\"inLanguage\":\"fi\",\"@id\":\"https:\/\/blogs.uef.fi\/tiedonhaku-maantiede\/sarjojen-ja-kokousjulkaisujen-hakeminen\/#primaryimage\",\"url\":\"https:\/\/blogs.uef.fi\/tiedonhaku-maantiede\/wp-content\/uploads\/sites\/53\/2018\/11\/GEOsarjajulk.png\",\"contentUrl\":\"https:\/\/blogs.uef.fi\/tiedonhaku-maantiede\/wp-content\/uploads\/sites\/53\/2018\/11\/GEOsarjajulk.png\",\"width\":576,\"height\":799,\"caption\":\"T\u00e4m\u00e4n sarjajulkaisu l\u00f6ytyy sek\u00e4 painettuna kirjastosta ett\u00e4 vapaasti verkosta. Sarjan nimi on Forum ifl; osan numero 23\"},{\"@type\":\"BreadcrumbList\",\"@id\":\"https:\/\/blogs.uef.fi\/tiedonhaku-maantiede\/sarjojen-ja-kokousjulkaisujen-hakeminen\/#breadcrumb\",\"itemListElement\":[{\"@type\":\"ListItem\",\"position\":1,\"name\":\"Home\",\"item\":\"https:\/\/blogs.uef.fi\/tiedonhaku-maantiede\/\"},{\"@type\":\"ListItem\",\"position\":2,\"name\":\"Sarjojen ja kokousjulkaisujen hakeminen\"}]},{\"@type\":\"WebSite\",\"@id\":\"https:\/\/blogs.uef.fi\/tiedonhaku-maantiede\/#website\",\"url\":\"https:\/\/blogs.uef.fi\/tiedonhaku-maantiede\/\",\"name\":\"Maantieteen ja ymp\u00e4rist\u00f6politiikan tiedonhaku\",\"description\":\"\",\"potentialAction\":[{\"@type\":\"SearchAction\",\"target\":{\"@type\":\"EntryPoint\",\"urlTemplate\":\"https:\/\/blogs.uef.fi\/tiedonhaku-maantiede\/?s={search_term_string}\"},\"query-input\":{\"@type\":\"PropertyValueSpecification\",\"valueRequired\":true,\"valueName\":\"search_term_string\"}}],\"inLanguage\":\"fi\"}]}<\/script>\n<!-- \/ Yoast SEO plugin. -->","yoast_head_json":{"title":"Sarjojen ja kokousjulkaisujen hakeminen - Maantieteen ja ymp\u00e4rist\u00f6politiikan tiedonhaku","robots":{"index":"index","follow":"follow","max-snippet":"max-snippet:-1","max-image-preview":"max-image-preview:large","max-video-preview":"max-video-preview:-1"},"canonical":"https:\/\/blogs.uef.fi\/tiedonhaku-maantiede\/sarjojen-ja-kokousjulkaisujen-hakeminen\/","og_locale":"fi_FI","og_type":"article","og_title":"Sarjojen ja kokousjulkaisujen hakeminen - Maantieteen ja ymp\u00e4rist\u00f6politiikan tiedonhaku","og_description":"Sarjojen ja kokousjulkaisujen hakeminen Sarjajulkaisut Tieteelliset sarjat ovat tutkimuslaitosten, yliopistojen, tieteellisten seurojen yms. oma v\u00e4yl\u00e4 tutkimustulosten julkaisemiseen. &#8221;Tieteellisimm\u00e4t\u201d uudet tulokset julkaistaan nykysin mieluiten artikkelina vertaisarvioiduissa lehdiss\u00e4, mutta sarjajulkaisujen kautta v\u00e4litet\u00e4\u00e4n edelleenkin runsaasti raportti-, selvitys- ja casetyyppist\u00e4 tutkimustietoa. Sarjajulkaisu ei useinkaan ole vertaisarvioitu, mutta silti k\u00e4ytt\u00f6kelpoinen l\u00e4hde. Peruslinja nyky\u00e4\u00e4n on, ett\u00e4 julkaisut ovat vapaasti verkossa luettavissa. [&hellip;]","og_url":"https:\/\/blogs.uef.fi\/tiedonhaku-maantiede\/sarjojen-ja-kokousjulkaisujen-hakeminen\/","og_site_name":"Maantieteen ja ymp\u00e4rist\u00f6politiikan tiedonhaku","article_modified_time":"2020-11-03T14:22:56+00:00","og_image":[{"url":"https:\/\/blogs.uef.fi\/tiedonhaku-maantiede\/wp-content\/uploads\/sites\/53\/2018\/11\/GEOsarjajulk-216x300.png","type":"","width":"","height":""}],"twitter_card":"summary_large_image","twitter_misc":{"Arvioitu lukuaika":"2 minuuttia"},"schema":{"@context":"https:\/\/schema.org","@graph":[{"@type":"WebPage","@id":"https:\/\/blogs.uef.fi\/tiedonhaku-maantiede\/sarjojen-ja-kokousjulkaisujen-hakeminen\/","url":"https:\/\/blogs.uef.fi\/tiedonhaku-maantiede\/sarjojen-ja-kokousjulkaisujen-hakeminen\/","name":"Sarjojen ja kokousjulkaisujen hakeminen - Maantieteen ja ymp\u00e4rist\u00f6politiikan tiedonhaku","isPartOf":{"@id":"https:\/\/blogs.uef.fi\/tiedonhaku-maantiede\/#website"},"primaryImageOfPage":{"@id":"https:\/\/blogs.uef.fi\/tiedonhaku-maantiede\/sarjojen-ja-kokousjulkaisujen-hakeminen\/#primaryimage"},"image":{"@id":"https:\/\/blogs.uef.fi\/tiedonhaku-maantiede\/sarjojen-ja-kokousjulkaisujen-hakeminen\/#primaryimage"},"thumbnailUrl":"https:\/\/blogs.uef.fi\/tiedonhaku-maantiede\/wp-content\/uploads\/sites\/53\/2018\/11\/GEOsarjajulk-216x300.png","datePublished":"2015-11-11T12:34:14+00:00","dateModified":"2020-11-03T14:22:56+00:00","breadcrumb":{"@id":"https:\/\/blogs.uef.fi\/tiedonhaku-maantiede\/sarjojen-ja-kokousjulkaisujen-hakeminen\/#breadcrumb"},"inLanguage":"fi","potentialAction":[{"@type":"ReadAction","target":["https:\/\/blogs.uef.fi\/tiedonhaku-maantiede\/sarjojen-ja-kokousjulkaisujen-hakeminen\/"]}]},{"@type":"ImageObject","inLanguage":"fi","@id":"https:\/\/blogs.uef.fi\/tiedonhaku-maantiede\/sarjojen-ja-kokousjulkaisujen-hakeminen\/#primaryimage","url":"https:\/\/blogs.uef.fi\/tiedonhaku-maantiede\/wp-content\/uploads\/sites\/53\/2018\/11\/GEOsarjajulk.png","contentUrl":"https:\/\/blogs.uef.fi\/tiedonhaku-maantiede\/wp-content\/uploads\/sites\/53\/2018\/11\/GEOsarjajulk.png","width":576,"height":799,"caption":"T\u00e4m\u00e4n sarjajulkaisu l\u00f6ytyy sek\u00e4 painettuna kirjastosta ett\u00e4 vapaasti verkosta. Sarjan nimi on Forum ifl; osan numero 23"},{"@type":"BreadcrumbList","@id":"https:\/\/blogs.uef.fi\/tiedonhaku-maantiede\/sarjojen-ja-kokousjulkaisujen-hakeminen\/#breadcrumb","itemListElement":[{"@type":"ListItem","position":1,"name":"Home","item":"https:\/\/blogs.uef.fi\/tiedonhaku-maantiede\/"},{"@type":"ListItem","position":2,"name":"Sarjojen ja kokousjulkaisujen hakeminen"}]},{"@type":"WebSite","@id":"https:\/\/blogs.uef.fi\/tiedonhaku-maantiede\/#website","url":"https:\/\/blogs.uef.fi\/tiedonhaku-maantiede\/","name":"Maantieteen ja ymp\u00e4rist\u00f6politiikan tiedonhaku","description":"","potentialAction":[{"@type":"SearchAction","target":{"@type":"EntryPoint","urlTemplate":"https:\/\/blogs.uef.fi\/tiedonhaku-maantiede\/?s={search_term_string}"},"query-input":{"@type":"PropertyValueSpecification","valueRequired":true,"valueName":"search_term_string"}}],"inLanguage":"fi"}]}},"_links":{"self":[{"href":"https:\/\/blogs.uef.fi\/tiedonhaku-maantiede\/wp-json\/wp\/v2\/pages\/90","targetHints":{"allow":["GET"]}}],"collection":[{"href":"https:\/\/blogs.uef.fi\/tiedonhaku-maantiede\/wp-json\/wp\/v2\/pages"}],"about":[{"href":"https:\/\/blogs.uef.fi\/tiedonhaku-maantiede\/wp-json\/wp\/v2\/types\/page"}],"author":[{"embeddable":true,"href":"https:\/\/blogs.uef.fi\/tiedonhaku-maantiede\/wp-json\/wp\/v2\/users\/127"}],"replies":[{"embeddable":true,"href":"https:\/\/blogs.uef.fi\/tiedonhaku-maantiede\/wp-json\/wp\/v2\/comments?post=90"}],"version-history":[{"count":3,"href":"https:\/\/blogs.uef.fi\/tiedonhaku-maantiede\/wp-json\/wp\/v2\/pages\/90\/revisions"}],"predecessor-version":[{"id":2047,"href":"https:\/\/blogs.uef.fi\/tiedonhaku-maantiede\/wp-json\/wp\/v2\/pages\/90\/revisions\/2047"}],"wp:attachment":[{"href":"https:\/\/blogs.uef.fi\/tiedonhaku-maantiede\/wp-json\/wp\/v2\/media?parent=90"}],"curies":[{"name":"wp","href":"https:\/\/api.w.org\/{rel}","templated":true}]}}