{"id":86,"date":"2015-11-11T12:08:43","date_gmt":"2015-11-11T12:08:43","guid":{"rendered":"https:\/\/ueflibrarygeo.wordpress.com\/?page_id=86"},"modified":"2023-06-27T12:04:05","modified_gmt":"2023-06-27T09:04:05","slug":"kirjojen-hakeminen","status":"publish","type":"page","link":"https:\/\/blogs.uef.fi\/tiedonhaku-maantiede\/kirjojen-hakeminen\/","title":{"rendered":"Kirjojen hakeminen"},"content":{"rendered":"\n<p>Kirjat ovat hy\u00f6dyllisi\u00e4 l\u00e4hteit\u00e4, kun halutaan <strong>kokonaiskuva<\/strong> jostakin aiheesta, perustietoja ja -k\u00e4sitteit\u00e4, historiaa.<\/p>\n\n\n\n<h2 class=\"wp-block-heading\">K\u00e4yt\u00e4 kirjastotietokantoja<\/h2>\n\n\n\n<p>Kirjoja l\u00f6yt\u00e4\u00e4 helpoiten <strong>kirjastojen kokoelmatietokannoista<\/strong>. Jokaisella kirjastolla on ainakin toistaiseksi oma kokoelmatietokantansa, joista l\u00f6ytyy tietoja <strong>kirjojen lis\u00e4ksi my\u00f6s<\/strong>:<\/p>\n\n\n\n<ul class=\"wp-block-list\">\n<li><strong>julkaisusarjoissa<\/strong> ilmestyneist\u00e4 tutkimusraporteista ja selvityksist\u00e4 yms. (ei koske vain verkossa julkaistuja aineistoja<\/li>\n\n\n\n<li><strong>v\u00e4it\u00f6skirjoista<\/strong> ja muista <strong>opinn\u00e4ytet\u00f6ist\u00e4<\/strong><\/li>\n<\/ul>\n\n\n\n<p>UEFin kirjaston tietokanta on upotettu <strong>UEF-Primoon: haku kirjaston kokoelmista.<\/strong> UEF-Primossa n\u00e4kyy edell\u00e4mainittujen lis\u00e4ksi tiedot<\/p>\n\n\n\n<ul class=\"wp-block-list\">\n<li>lehdist\u00e4<\/li>\n\n\n\n<li>vapaakappaleista<\/li>\n<\/ul>\n\n\n\n<p>Lue lis\u00e4\u00e4 erityyppisten aineistojen j\u00e4ljitt\u00e4misest\u00e4 ja k\u00e4sillesaamisesta luvusta <a href=\"https:\/\/ueflibrarygeo.wordpress.com\/saatavuus\/\" target=\"_blank\" rel=\"noopener\">Saatavuus<\/a> (linkki aukeaa uuteen ikkunaan).<\/p>\n\n\n\n<h3 class=\"wp-block-heading\">Hakulauseet kirjastotietokannoissa <strong><br><\/strong><\/h3>\n\n\n\n<p>Tavallisessa kirjastotietokannassa kannattaa k\u00e4ytt\u00e4\u00e4 <strong>niukasti AND-operaatioita<\/strong> \u2013 poikkeuksiakin toki on.<br>Sen sijaan on hyv\u00e4 muistaa <strong>vaihtoehtoiset hakusanat ja OR-operaattori.<\/strong><\/p>\n\n\n\n<h4 class=\"wp-block-heading\">Kirjoja kannattaa hakea usein my\u00f6s omaa aihetta laajemmin<\/h4>\n\n\n\n<p>Kirjassa voi olla kappale aiheestasi, mutta tietokantaan tallennettu sis\u00e4ll\u00f6nkuvailu ei kerro asiasta kovin tarkasti, eik\u00e4 tietokantoihin ole tallennettu sis\u00e4llysluetteloita l\u00e4hesk\u00e4\u00e4n kaikista kirjoista.<br>Kokoomateosten yksitt\u00e4isi\u00e4 artikkeleita ei aina tallenneta erikseen kirjastotietokantaan, joten niidenkin sis\u00e4ll\u00f6nkuvailu on usein melko yleisell\u00e4 tasolla eik\u00e4 tee oikeutta yksitt\u00e4isille artikkeleille.<\/p>\n\n\n\n<h3 class=\"wp-block-heading\">Vinkkej\u00e4 hakuun UEF-Primossa:<\/h3>\n\n\n\n<ul class=\"wp-block-list\">\n<li>kaikki aineisto <strong>ei l\u00f6ydy suomenkielisill\u00e4<\/strong> hakusanoilla (vanhempi aineisto, e-kirjat, sis\u00e4llysluettelot)<\/li>\n\n\n\n<li>voit hyvin testata aluksi<strong> yksitt\u00e4isi\u00e4 selkeit\u00e4<\/strong> hakutermej\u00e4<\/li>\n\n\n\n<li>muista <strong>k\u00e4ytt\u00e4\u00e4 katkaisumerkki\u00e4<\/strong> taivutusmuotojen l\u00f6yt\u00e4miseksi<\/li>\n<\/ul>\n\n\n\n<h3 class=\"wp-block-heading\">Esimerkkej\u00e4:<strong><br><\/strong><\/h3>\n\n\n\n<h4 class=\"wp-block-heading\">Pikahaku<\/h4>\n\n\n\n<p>parilla sanalla. Sopii my\u00f6s yksitt\u00e4isen hakusanan kokeiluun (kun kyseess\u00e4 on &#8221;harvinainen&#8221; termi).<\/p>\n\n\n\n<figure class=\"wp-block-image aligncenter\"><img loading=\"lazy\" decoding=\"async\" width=\"1554\" height=\"261\" src=\"https:\/\/blogs.uef.fi\/tiedonhaku-maantiede\/wp-content\/uploads\/sites\/53\/2020\/01\/GEOprimopika.png\" alt=\"Esimerkkihaku sanan katkaisusta ja tilanteesta, jolloin ei tarvitse k\u00e4ytt\u00e4\u00e4 AND -operaattoria. \" class=\"wp-image-791\" srcset=\"https:\/\/blogs.uef.fi\/tiedonhaku-maantiede\/wp-content\/uploads\/sites\/53\/2020\/01\/GEOprimopika.png 1554w, https:\/\/blogs.uef.fi\/tiedonhaku-maantiede\/wp-content\/uploads\/sites\/53\/2020\/01\/GEOprimopika-300x50.png 300w, https:\/\/blogs.uef.fi\/tiedonhaku-maantiede\/wp-content\/uploads\/sites\/53\/2020\/01\/GEOprimopika-768x129.png 768w, https:\/\/blogs.uef.fi\/tiedonhaku-maantiede\/wp-content\/uploads\/sites\/53\/2020\/01\/GEOprimopika-1024x172.png 1024w, https:\/\/blogs.uef.fi\/tiedonhaku-maantiede\/wp-content\/uploads\/sites\/53\/2020\/01\/GEOprimopika-1180x198.png 1180w\" sizes=\"auto, (max-width: 1554px) 100vw, 1554px\" \/><\/figure>\n\n\n\n<h4 class=\"wp-block-heading\">Monipuolisempi haku:<\/h4>\n\n\n\n<figure class=\"wp-block-image aligncenter\"><img loading=\"lazy\" decoding=\"async\" width=\"1656\" height=\"254\" src=\"https:\/\/blogs.uef.fi\/tiedonhaku-maantiede\/wp-content\/uploads\/sites\/53\/2020\/01\/GEOprimopidempi.png\" alt=\"Esimerkki sulkujen k\u00e4yt\u00f6st\u00e4 OR-operaattorin k\u00e4yt\u00f6ss\u00e4. \" class=\"wp-image-793\" srcset=\"https:\/\/blogs.uef.fi\/tiedonhaku-maantiede\/wp-content\/uploads\/sites\/53\/2020\/01\/GEOprimopidempi.png 1656w, https:\/\/blogs.uef.fi\/tiedonhaku-maantiede\/wp-content\/uploads\/sites\/53\/2020\/01\/GEOprimopidempi-300x46.png 300w, https:\/\/blogs.uef.fi\/tiedonhaku-maantiede\/wp-content\/uploads\/sites\/53\/2020\/01\/GEOprimopidempi-768x118.png 768w, https:\/\/blogs.uef.fi\/tiedonhaku-maantiede\/wp-content\/uploads\/sites\/53\/2020\/01\/GEOprimopidempi-1024x157.png 1024w, https:\/\/blogs.uef.fi\/tiedonhaku-maantiede\/wp-content\/uploads\/sites\/53\/2020\/01\/GEOprimopidempi-1180x181.png 1180w\" sizes=\"auto, (max-width: 1656px) 100vw, 1656px\" \/><\/figure>\n\n\n\n<h4 class=\"wp-block-heading\">Tarkennettu haku:<\/h4>\n\n\n\n<figure class=\"wp-block-image aligncenter\"><img loading=\"lazy\" decoding=\"async\" width=\"1630\" height=\"679\" src=\"https:\/\/blogs.uef.fi\/tiedonhaku-maantiede\/wp-content\/uploads\/sites\/53\/2020\/01\/GEOprimotarkennettu.png\" alt=\"Esimerkki aihe -sanan k\u00e4yt\u00f6st\u00e4 ja korostettu operaattoreiden kirjoittamista isoilla kirjaimilla. \" class=\"wp-image-795\" srcset=\"https:\/\/blogs.uef.fi\/tiedonhaku-maantiede\/wp-content\/uploads\/sites\/53\/2020\/01\/GEOprimotarkennettu.png 1630w, https:\/\/blogs.uef.fi\/tiedonhaku-maantiede\/wp-content\/uploads\/sites\/53\/2020\/01\/GEOprimotarkennettu-300x125.png 300w, https:\/\/blogs.uef.fi\/tiedonhaku-maantiede\/wp-content\/uploads\/sites\/53\/2020\/01\/GEOprimotarkennettu-768x320.png 768w, https:\/\/blogs.uef.fi\/tiedonhaku-maantiede\/wp-content\/uploads\/sites\/53\/2020\/01\/GEOprimotarkennettu-1024x427.png 1024w, https:\/\/blogs.uef.fi\/tiedonhaku-maantiede\/wp-content\/uploads\/sites\/53\/2020\/01\/GEOprimotarkennettu-912x380.png 912w\" sizes=\"auto, (max-width: 1630px) 100vw, 1630px\" \/><\/figure>\n\n\n\n<p>My\u00f6s muilla kielill\u00e4 kannattaa hakea:<\/p>\n\n\n\n<figure class=\"wp-block-image aligncenter\"><img loading=\"lazy\" decoding=\"async\" width=\"654\" height=\"330\" src=\"https:\/\/blogs.uef.fi\/tiedonhaku-maantiede\/wp-content\/uploads\/sites\/53\/2020\/01\/GEOprimotarkengl.png\" alt=\"Esimerkki kirjasto kokoelma hausta englannin kielisill\u00e4 hakusanoilla. \" class=\"wp-image-797\" srcset=\"https:\/\/blogs.uef.fi\/tiedonhaku-maantiede\/wp-content\/uploads\/sites\/53\/2020\/01\/GEOprimotarkengl.png 654w, https:\/\/blogs.uef.fi\/tiedonhaku-maantiede\/wp-content\/uploads\/sites\/53\/2020\/01\/GEOprimotarkengl-300x151.png 300w\" sizes=\"auto, (max-width: 654px) 100vw, 654px\" \/><\/figure>\n\n\n\n<h2 class=\"wp-block-heading\">Kirjat suomalaisissa kirjastoissa<\/h2>\n\n\n\n<p>Kansallista<a href=\"https:\/\/finna.fi\/\" target=\"_blank\" rel=\"noopener noreferrer\"> Finnaa<\/a> (linkki aukeaa uuteen ikkunaan), suomalaisten kirjastojen yhteist\u00e4 hakupalvelua, voi my\u00f6s k\u00e4ytt\u00e4\u00e4 kirjojen hakuun.<\/p>\n\n\n\n<figure class=\"wp-block-image aligncenter\"><img loading=\"lazy\" decoding=\"async\" width=\"976\" height=\"447\" src=\"https:\/\/blogs.uef.fi\/tiedonhaku-maantiede\/wp-content\/uploads\/sites\/53\/2018\/11\/METfinna.png\" alt=\"Finnan hakusivu. \" class=\"wp-image-643\" srcset=\"https:\/\/blogs.uef.fi\/tiedonhaku-maantiede\/wp-content\/uploads\/sites\/53\/2018\/11\/METfinna.png 976w, https:\/\/blogs.uef.fi\/tiedonhaku-maantiede\/wp-content\/uploads\/sites\/53\/2018\/11\/METfinna-300x137.png 300w, https:\/\/blogs.uef.fi\/tiedonhaku-maantiede\/wp-content\/uploads\/sites\/53\/2018\/11\/METfinna-768x352.png 768w, https:\/\/blogs.uef.fi\/tiedonhaku-maantiede\/wp-content\/uploads\/sites\/53\/2018\/11\/METfinna-830x380.png 830w\" sizes=\"auto, (max-width: 976px) 100vw, 976px\" \/><\/figure>\n\n\n\n<p><br>Finnasta n\u00e4kyy heti, miss\u00e4 kirjastoissa kirjaa on, my\u00f6s It\u00e4-Suomen yliopiston kirjat. Huom! Et voi varata kirjaa kansallisen Finnan kautta, vaikka ohjelma sit\u00e4 ehdottaakin!<\/p>\n\n\n\n<h3 class=\"wp-block-heading\">Ohjeita Finnaan:<\/h3>\n\n\n\n<ul class=\"wp-block-list\">\n<li><strong>operaattoreita<\/strong> AND, OR ja NOT voi k\u00e4ytt\u00e4\u00e4, mutta NE PIT\u00c4\u00c4 <strong>KIRJOITTAA ISOLLA<\/strong><\/li>\n\n\n\n<li>oletusarvona <strong>sanojen v\u00e4lill\u00e4 on AND<\/strong>, jos mit\u00e4\u00e4n ei kirjoiteta<\/li>\n\n\n\n<li>fraasin merkkin\u00e4 ovat l<strong>ainausmerkit<\/strong>; fraasin sis\u00e4ll\u00e4 sanoja ei voi katkaista<\/li>\n\n\n\n<li><strong>katkaisumerkki on *<\/strong>, sanan voi katkaista lopusta ja keskelt\u00e4<\/li>\n\n\n\n<li>Finna tunnistaa suomen kielen <strong>sanojen taivutusmuotoja<\/strong> ja hakee automaattisesti yhdyssanojakin. Mutta:\n<ul class=\"wp-block-list\">\n<li>katkaistua sanaa se ei tunnista, joten <strong>katkaisumerkki\u00e4kin tarvitaan <\/strong><\/li>\n<\/ul>\n<\/li>\n\n\n\n<li><strong>englannin kielest\u00e4<\/strong> Finna hakeaa automaattisesti yksik\u00f6n\/monikon<\/li>\n\n\n\n<li>eri <strong>kirjoitusmuotoja<\/strong> se ei tunnista <em>(color\/colour<\/em>)<\/li>\n\n\n\n<li>mit\u00e4\u00e4n <strong>johdannaisia<\/strong> se ei tunnista (<em>algebra\/algebraic<\/em>)<\/li>\n\n\n\n<li><strong>kirjoitusvirheit\u00e4<\/strong> Finna ei osaa korjata<\/li>\n\n\n\n<li>haluttaessa hakea <strong>sanaa tarkasti, ilman<\/strong> yhdyssanoja ja taivutusmuotoja, k\u00e4ytet\u00e4\u00e4n lainausmerkkej\u00e4<\/li>\n\n\n\n<li>tietueissa voi n\u00e4ky\u00e4 ns.udk- luokituskoodeja, jotka ovat linkkej\u00e4: klikkaamalla voit l\u00f6yt\u00e4\u00e4 samankaltaisia julkaisuja<img loading=\"lazy\" decoding=\"async\" class=\"alignright wp-image-649 size-medium\" src=\"https:\/\/blogs.uef.fi\/tiedonhaku-maantiede\/wp-content\/uploads\/sites\/53\/2018\/11\/GEOudklinkit-300x213.png\" alt=\"Esimerkki teoksen udk -koodeista. \" width=\"300\" height=\"213\" srcset=\"https:\/\/blogs.uef.fi\/tiedonhaku-maantiede\/wp-content\/uploads\/sites\/53\/2018\/11\/GEOudklinkit-300x213.png 300w, https:\/\/blogs.uef.fi\/tiedonhaku-maantiede\/wp-content\/uploads\/sites\/53\/2018\/11\/GEOudklinkit.png 510w\" sizes=\"auto, (max-width: 300px) 100vw, 300px\" \/><\/li>\n<\/ul>\n\n\n\n<h4 class=\"wp-block-heading\">&nbsp;<\/h4>\n\n\n\n<h4 class=\"wp-block-heading\">Yhdyssanat Finnassa (suomen kieli)<\/h4>\n\n\n\n<ul class=\"wp-block-list\">\n<li>yhdyssana hakusanana hakee my\u00f6s sanan eri osat, siis: <strong>alkutila<\/strong> hakee paitsi yhdyssanan alkutila, my\u00f6s <strong>alku AND tila<\/strong> (taivutusmuotoineen)<\/li>\n\n\n\n<li>jos haluaa <em>vain<\/em> yhdyssanan, se onnistuu lainausmerkein <strong>\u201calkutila\u201d<\/strong> (ei taivutusmuotoja) tai katkaisumerkin avulla <strong>alkutil*<\/strong> (taivutusmuodot tulevat mukaan)<\/li>\n<\/ul>\n\n\n\n<h2 class=\"wp-block-heading\">E-kirjat<\/h2>\n\n\n\n<p>E-kirjojen tiedot on tallennettu UEF-Primoon (eiv\u00e4t n\u00e4y kansallisessa Finnassa!) ja l\u00f6yd\u00e4t niit\u00e4 sielt\u00e4 erityisesti jos k\u00e4yt\u00e4t englanninkielisi\u00e4 hakusanoja. Mutta jos haluat tehd\u00e4 hakua my\u00f6s kirjojen kokotekstist\u00e4, sinun pit\u00e4\u00e4 k\u00e4ytt\u00e4\u00e4 e-kirjatietokantojen omia k\u00e4ytt\u00f6liittymi\u00e4.<\/p>\n\n\n\n<p>Kokotekstihausta on hy\u00f6ty\u00e4 silloin, jos etsit kirjasta jotakin pienemp\u00e4\u00e4 yksityiskohtaa tai tietty\u00e4 yksitt\u00e4ist\u00e4 termi\u00e4, joka liittyy johonkin \u201dharvinaiseen\u201d, v\u00e4h\u00e4n k\u00e4siteltyyn asiaan<\/p>\n\n\n\n<h3 class=\"wp-block-heading\">E-kirjatietokannat<\/h3>\n\n\n\n<ul class=\"wp-block-list\">\n<li><a href=\"http:\/\/search.ebscohost.com\/login.aspx?authtype=ip,uid&amp;profile=ehost&amp;defaultdb=nlebk\" target=\"_blank\" rel=\"noopener noreferrer\">Ebsco eBook Collection<\/a> (linkki aukeaa uuteen ikkunaan)<\/li>\n\n\n\n<li><a href=\"http:\/\/ebookcentral.proquest.com\/lib\/uef-ebooks\" target=\"_blank\" rel=\"noopener noreferrer\">Ebook Central<\/a> (linkki aukeaa uuteen ikkunaan)<\/li>\n<\/ul>\n\n\n\n<h3 class=\"wp-block-heading\">Google Books<\/h3>\n\n\n\n<p><a href=\"http:\/\/books.google.fi\/\" target=\"_blank\" rel=\"noopener noreferrer\">Google Books<\/a>\u2018in (linkki aukeaa uuteen ikkunaan) avulla voit kohdistaa hakua kirjojen kokotekstiin, mik\u00e4 ei onnistu UEF-Primossa. Google Booksissa on luettavissa osia kirjoista, mutta jos tarvitset koko kirjan, voit etsi\u00e4 sit\u00e4 nimell\u00e4 kirjaston tietokannasta.<\/p>\n","protected":false},"excerpt":{"rendered":"<p>Kirjat ovat hy\u00f6dyllisi\u00e4 l\u00e4hteit\u00e4, kun halutaan kokonaiskuva jostakin aiheesta, perustietoja ja -k\u00e4sitteit\u00e4, historiaa. K\u00e4yt\u00e4 kirjastotietokantoja Kirjoja l\u00f6yt\u00e4\u00e4 helpoiten kirjastojen kokoelmatietokannoista. Jokaisella kirjastolla on ainakin toistaiseksi oma kokoelmatietokantansa, joista l\u00f6ytyy tietoja kirjojen lis\u00e4ksi my\u00f6s: UEFin kirjaston tietokanta on upotettu UEF-Primoon: haku kirjaston kokoelmista. UEF-Primossa n\u00e4kyy edell\u00e4mainittujen lis\u00e4ksi tiedot Lue lis\u00e4\u00e4 erityyppisten aineistojen j\u00e4ljitt\u00e4misest\u00e4 ja k\u00e4sillesaamisesta luvusta [&hellip;]<\/p>\n","protected":false},"author":127,"featured_media":0,"parent":0,"menu_order":0,"comment_status":"closed","ping_status":"closed","template":"","meta":{"_acf_changed":false,"footnotes":""},"class_list":["post-86","page","type-page","status-publish","hentry"],"acf":[],"yoast_head":"<!-- This site is optimized with the Yoast SEO plugin v27.3 - https:\/\/yoast.com\/product\/yoast-seo-wordpress\/ -->\n<title>Kirjojen hakeminen - Maantieteen ja ymp\u00e4rist\u00f6politiikan tiedonhaku<\/title>\n<meta name=\"robots\" content=\"index, follow, max-snippet:-1, max-image-preview:large, max-video-preview:-1\" \/>\n<link rel=\"canonical\" href=\"https:\/\/blogs.uef.fi\/tiedonhaku-maantiede\/kirjojen-hakeminen\/\" \/>\n<meta property=\"og:locale\" content=\"fi_FI\" \/>\n<meta property=\"og:type\" content=\"article\" \/>\n<meta property=\"og:title\" content=\"Kirjojen hakeminen - Maantieteen ja ymp\u00e4rist\u00f6politiikan tiedonhaku\" \/>\n<meta property=\"og:description\" content=\"Kirjat ovat hy\u00f6dyllisi\u00e4 l\u00e4hteit\u00e4, kun halutaan kokonaiskuva jostakin aiheesta, perustietoja ja -k\u00e4sitteit\u00e4, historiaa. K\u00e4yt\u00e4 kirjastotietokantoja Kirjoja l\u00f6yt\u00e4\u00e4 helpoiten kirjastojen kokoelmatietokannoista. Jokaisella kirjastolla on ainakin toistaiseksi oma kokoelmatietokantansa, joista l\u00f6ytyy tietoja kirjojen lis\u00e4ksi my\u00f6s: UEFin kirjaston tietokanta on upotettu UEF-Primoon: haku kirjaston kokoelmista. UEF-Primossa n\u00e4kyy edell\u00e4mainittujen lis\u00e4ksi tiedot Lue lis\u00e4\u00e4 erityyppisten aineistojen j\u00e4ljitt\u00e4misest\u00e4 ja k\u00e4sillesaamisesta luvusta [&hellip;]\" \/>\n<meta property=\"og:url\" content=\"https:\/\/blogs.uef.fi\/tiedonhaku-maantiede\/kirjojen-hakeminen\/\" \/>\n<meta property=\"og:site_name\" content=\"Maantieteen ja ymp\u00e4rist\u00f6politiikan tiedonhaku\" \/>\n<meta property=\"article:modified_time\" content=\"2023-06-27T09:04:05+00:00\" \/>\n<meta property=\"og:image\" content=\"https:\/\/blogs.uef.fi\/tiedonhaku-maantiede\/wp-content\/uploads\/sites\/53\/2020\/01\/GEOprimopika.png\" \/>\n<meta name=\"twitter:card\" content=\"summary_large_image\" \/>\n<meta name=\"twitter:label1\" content=\"Arvioitu lukuaika\" \/>\n\t<meta name=\"twitter:data1\" content=\"5 minuuttia\" \/>\n<script type=\"application\/ld+json\" class=\"yoast-schema-graph\">{\"@context\":\"https:\\\/\\\/schema.org\",\"@graph\":[{\"@type\":\"WebPage\",\"@id\":\"https:\\\/\\\/blogs.uef.fi\\\/tiedonhaku-maantiede\\\/kirjojen-hakeminen\\\/\",\"url\":\"https:\\\/\\\/blogs.uef.fi\\\/tiedonhaku-maantiede\\\/kirjojen-hakeminen\\\/\",\"name\":\"Kirjojen hakeminen - Maantieteen ja ymp\u00e4rist\u00f6politiikan tiedonhaku\",\"isPartOf\":{\"@id\":\"https:\\\/\\\/blogs.uef.fi\\\/tiedonhaku-maantiede\\\/#website\"},\"primaryImageOfPage\":{\"@id\":\"https:\\\/\\\/blogs.uef.fi\\\/tiedonhaku-maantiede\\\/kirjojen-hakeminen\\\/#primaryimage\"},\"image\":{\"@id\":\"https:\\\/\\\/blogs.uef.fi\\\/tiedonhaku-maantiede\\\/kirjojen-hakeminen\\\/#primaryimage\"},\"thumbnailUrl\":\"https:\\\/\\\/blogs.uef.fi\\\/tiedonhaku-maantiede\\\/wp-content\\\/uploads\\\/sites\\\/53\\\/2020\\\/01\\\/GEOprimopika.png\",\"datePublished\":\"2015-11-11T12:08:43+00:00\",\"dateModified\":\"2023-06-27T09:04:05+00:00\",\"breadcrumb\":{\"@id\":\"https:\\\/\\\/blogs.uef.fi\\\/tiedonhaku-maantiede\\\/kirjojen-hakeminen\\\/#breadcrumb\"},\"inLanguage\":\"fi\",\"potentialAction\":[{\"@type\":\"ReadAction\",\"target\":[\"https:\\\/\\\/blogs.uef.fi\\\/tiedonhaku-maantiede\\\/kirjojen-hakeminen\\\/\"]}]},{\"@type\":\"ImageObject\",\"inLanguage\":\"fi\",\"@id\":\"https:\\\/\\\/blogs.uef.fi\\\/tiedonhaku-maantiede\\\/kirjojen-hakeminen\\\/#primaryimage\",\"url\":\"https:\\\/\\\/blogs.uef.fi\\\/tiedonhaku-maantiede\\\/wp-content\\\/uploads\\\/sites\\\/53\\\/2020\\\/01\\\/GEOprimopika.png\",\"contentUrl\":\"https:\\\/\\\/blogs.uef.fi\\\/tiedonhaku-maantiede\\\/wp-content\\\/uploads\\\/sites\\\/53\\\/2020\\\/01\\\/GEOprimopika.png\",\"width\":1554,\"height\":261},{\"@type\":\"BreadcrumbList\",\"@id\":\"https:\\\/\\\/blogs.uef.fi\\\/tiedonhaku-maantiede\\\/kirjojen-hakeminen\\\/#breadcrumb\",\"itemListElement\":[{\"@type\":\"ListItem\",\"position\":1,\"name\":\"Home\",\"item\":\"https:\\\/\\\/blogs.uef.fi\\\/tiedonhaku-maantiede\\\/\"},{\"@type\":\"ListItem\",\"position\":2,\"name\":\"Kirjojen hakeminen\"}]},{\"@type\":\"WebSite\",\"@id\":\"https:\\\/\\\/blogs.uef.fi\\\/tiedonhaku-maantiede\\\/#website\",\"url\":\"https:\\\/\\\/blogs.uef.fi\\\/tiedonhaku-maantiede\\\/\",\"name\":\"Maantieteen ja ymp\u00e4rist\u00f6politiikan tiedonhaku\",\"description\":\"\",\"potentialAction\":[{\"@type\":\"SearchAction\",\"target\":{\"@type\":\"EntryPoint\",\"urlTemplate\":\"https:\\\/\\\/blogs.uef.fi\\\/tiedonhaku-maantiede\\\/?s={search_term_string}\"},\"query-input\":{\"@type\":\"PropertyValueSpecification\",\"valueRequired\":true,\"valueName\":\"search_term_string\"}}],\"inLanguage\":\"fi\"}]}<\/script>\n<!-- \/ Yoast SEO plugin. -->","yoast_head_json":{"title":"Kirjojen hakeminen - Maantieteen ja ymp\u00e4rist\u00f6politiikan tiedonhaku","robots":{"index":"index","follow":"follow","max-snippet":"max-snippet:-1","max-image-preview":"max-image-preview:large","max-video-preview":"max-video-preview:-1"},"canonical":"https:\/\/blogs.uef.fi\/tiedonhaku-maantiede\/kirjojen-hakeminen\/","og_locale":"fi_FI","og_type":"article","og_title":"Kirjojen hakeminen - Maantieteen ja ymp\u00e4rist\u00f6politiikan tiedonhaku","og_description":"Kirjat ovat hy\u00f6dyllisi\u00e4 l\u00e4hteit\u00e4, kun halutaan kokonaiskuva jostakin aiheesta, perustietoja ja -k\u00e4sitteit\u00e4, historiaa. K\u00e4yt\u00e4 kirjastotietokantoja Kirjoja l\u00f6yt\u00e4\u00e4 helpoiten kirjastojen kokoelmatietokannoista. Jokaisella kirjastolla on ainakin toistaiseksi oma kokoelmatietokantansa, joista l\u00f6ytyy tietoja kirjojen lis\u00e4ksi my\u00f6s: UEFin kirjaston tietokanta on upotettu UEF-Primoon: haku kirjaston kokoelmista. UEF-Primossa n\u00e4kyy edell\u00e4mainittujen lis\u00e4ksi tiedot Lue lis\u00e4\u00e4 erityyppisten aineistojen j\u00e4ljitt\u00e4misest\u00e4 ja k\u00e4sillesaamisesta luvusta [&hellip;]","og_url":"https:\/\/blogs.uef.fi\/tiedonhaku-maantiede\/kirjojen-hakeminen\/","og_site_name":"Maantieteen ja ymp\u00e4rist\u00f6politiikan tiedonhaku","article_modified_time":"2023-06-27T09:04:05+00:00","og_image":[{"url":"https:\/\/blogs.uef.fi\/tiedonhaku-maantiede\/wp-content\/uploads\/sites\/53\/2020\/01\/GEOprimopika.png","type":"","width":"","height":""}],"twitter_card":"summary_large_image","twitter_misc":{"Arvioitu lukuaika":"5 minuuttia"},"schema":{"@context":"https:\/\/schema.org","@graph":[{"@type":"WebPage","@id":"https:\/\/blogs.uef.fi\/tiedonhaku-maantiede\/kirjojen-hakeminen\/","url":"https:\/\/blogs.uef.fi\/tiedonhaku-maantiede\/kirjojen-hakeminen\/","name":"Kirjojen hakeminen - Maantieteen ja ymp\u00e4rist\u00f6politiikan tiedonhaku","isPartOf":{"@id":"https:\/\/blogs.uef.fi\/tiedonhaku-maantiede\/#website"},"primaryImageOfPage":{"@id":"https:\/\/blogs.uef.fi\/tiedonhaku-maantiede\/kirjojen-hakeminen\/#primaryimage"},"image":{"@id":"https:\/\/blogs.uef.fi\/tiedonhaku-maantiede\/kirjojen-hakeminen\/#primaryimage"},"thumbnailUrl":"https:\/\/blogs.uef.fi\/tiedonhaku-maantiede\/wp-content\/uploads\/sites\/53\/2020\/01\/GEOprimopika.png","datePublished":"2015-11-11T12:08:43+00:00","dateModified":"2023-06-27T09:04:05+00:00","breadcrumb":{"@id":"https:\/\/blogs.uef.fi\/tiedonhaku-maantiede\/kirjojen-hakeminen\/#breadcrumb"},"inLanguage":"fi","potentialAction":[{"@type":"ReadAction","target":["https:\/\/blogs.uef.fi\/tiedonhaku-maantiede\/kirjojen-hakeminen\/"]}]},{"@type":"ImageObject","inLanguage":"fi","@id":"https:\/\/blogs.uef.fi\/tiedonhaku-maantiede\/kirjojen-hakeminen\/#primaryimage","url":"https:\/\/blogs.uef.fi\/tiedonhaku-maantiede\/wp-content\/uploads\/sites\/53\/2020\/01\/GEOprimopika.png","contentUrl":"https:\/\/blogs.uef.fi\/tiedonhaku-maantiede\/wp-content\/uploads\/sites\/53\/2020\/01\/GEOprimopika.png","width":1554,"height":261},{"@type":"BreadcrumbList","@id":"https:\/\/blogs.uef.fi\/tiedonhaku-maantiede\/kirjojen-hakeminen\/#breadcrumb","itemListElement":[{"@type":"ListItem","position":1,"name":"Home","item":"https:\/\/blogs.uef.fi\/tiedonhaku-maantiede\/"},{"@type":"ListItem","position":2,"name":"Kirjojen hakeminen"}]},{"@type":"WebSite","@id":"https:\/\/blogs.uef.fi\/tiedonhaku-maantiede\/#website","url":"https:\/\/blogs.uef.fi\/tiedonhaku-maantiede\/","name":"Maantieteen ja ymp\u00e4rist\u00f6politiikan tiedonhaku","description":"","potentialAction":[{"@type":"SearchAction","target":{"@type":"EntryPoint","urlTemplate":"https:\/\/blogs.uef.fi\/tiedonhaku-maantiede\/?s={search_term_string}"},"query-input":{"@type":"PropertyValueSpecification","valueRequired":true,"valueName":"search_term_string"}}],"inLanguage":"fi"}]}},"_links":{"self":[{"href":"https:\/\/blogs.uef.fi\/tiedonhaku-maantiede\/wp-json\/wp\/v2\/pages\/86","targetHints":{"allow":["GET"]}}],"collection":[{"href":"https:\/\/blogs.uef.fi\/tiedonhaku-maantiede\/wp-json\/wp\/v2\/pages"}],"about":[{"href":"https:\/\/blogs.uef.fi\/tiedonhaku-maantiede\/wp-json\/wp\/v2\/types\/page"}],"author":[{"embeddable":true,"href":"https:\/\/blogs.uef.fi\/tiedonhaku-maantiede\/wp-json\/wp\/v2\/users\/127"}],"replies":[{"embeddable":true,"href":"https:\/\/blogs.uef.fi\/tiedonhaku-maantiede\/wp-json\/wp\/v2\/comments?post=86"}],"version-history":[{"count":3,"href":"https:\/\/blogs.uef.fi\/tiedonhaku-maantiede\/wp-json\/wp\/v2\/pages\/86\/revisions"}],"predecessor-version":[{"id":2044,"href":"https:\/\/blogs.uef.fi\/tiedonhaku-maantiede\/wp-json\/wp\/v2\/pages\/86\/revisions\/2044"}],"wp:attachment":[{"href":"https:\/\/blogs.uef.fi\/tiedonhaku-maantiede\/wp-json\/wp\/v2\/media?parent=86"}],"curies":[{"name":"wp","href":"https:\/\/api.w.org\/{rel}","templated":true}]}}