{"id":78,"date":"2015-11-11T11:40:45","date_gmt":"2015-11-11T11:40:45","guid":{"rendered":"https:\/\/ueflibrarygeo.wordpress.com\/?page_id=78"},"modified":"2023-06-27T12:03:29","modified_gmt":"2023-06-27T09:03:29","slug":"artikkelien-hakeminen","status":"publish","type":"page","link":"https:\/\/blogs.uef.fi\/tiedonhaku-maantiede\/artikkelien-hakeminen\/","title":{"rendered":"Artikkelien hakeminen"},"content":{"rendered":"\n<p><strong>Artikkelit ovat arvostettuja<\/strong> ja paljon k\u00e4ytettyj\u00e4 l\u00e4hteit\u00e4 maantieteess\u00e4 ja ymp\u00e4rist\u00f6politiikassa. Ne v\u00e4litt\u00e4v\u00e4t tietoa jostakin <strong>tarkoin rajatusta<\/strong> aiheesta, tuottavat <strong>uutta tietoa<\/strong> ja yleens\u00e4 olettavat, ett\u00e4 lukijalla on jo perustiedot aihepiirist\u00e4 hallussaan.<br>Laajoja katsauksia johonkin hyvin yleiseen aiheeseen, kuten \u2018maaseutumaantiede\u2018, l\u00f6ytyy harvemmin artikkeleista.<\/p>\n\n\n\n<h2 class=\"wp-block-heading\">Kansainv\u00e4listen artikkeleiden haku<\/h2>\n\n\n\n<p>Artikkeleita hakiessa voi k\u00e4ytt\u00e4\u00e4 <strong>tarkkoja hakutermej\u00e4 ja useitakin AND-operaatioita.<\/strong> My\u00f6s <strong>fraasien<\/strong> k\u00e4ytt\u00f6\u00e4 AND-operaatioiden sijaan voi harkita. <strong>Vaihtoehtoiset ilmaisumuodot<\/strong> ovat kuitenkin my\u00f6s t\u00e4rkeit\u00e4. Haun tulosta voi rajata kohdistamalla hakua vain <strong>Title (otsikko) -kentt\u00e4\u00e4n<\/strong>.<\/p>\n\n\n\n<h2 class=\"wp-block-heading\">Esimerkkihakuja:<\/h2>\n\n\n\n<h4 class=\"wp-block-heading\"><strong>Web of Science<\/strong> -tietokanta:<\/h4>\n\n\n\n<p>My\u00f6s <strong>ProQuest<\/strong>-tietokannat toimivat t\u00e4ll\u00e4 tavoin.<\/p>\n\n\n\n<figure class=\"wp-block-image alignleft\"><img loading=\"lazy\" decoding=\"async\" width=\"1295\" height=\"648\" src=\"https:\/\/blogs.uef.fi\/tiedonhaku-maantiede\/wp-content\/uploads\/sites\/53\/2015\/11\/wosesim1.jpg\" alt=\"Hakuesimerkki Web of Sience -tietokannasta.\" class=\"wp-image-83\" title=\"Web of Science -esimerkkihaku.\" \/><\/figure>\n\n\n\n<h4 class=\"wp-block-heading\">&nbsp;<\/h4>\n\n\n\n<h3 class=\"wp-block-heading\"><strong>Scopus<\/strong>-tietokanta:<\/h3>\n\n\n\n<figure class=\"wp-block-image alignleft\"><img loading=\"lazy\" decoding=\"async\" width=\"847\" height=\"596\" src=\"https:\/\/blogs.uef.fi\/tiedonhaku-maantiede\/wp-content\/uploads\/sites\/53\/2018\/11\/GEOscopus.png\" alt=\"Esimerkkihaku Scopus -tietokannasta.\" class=\"wp-image-517\" srcset=\"https:\/\/blogs.uef.fi\/tiedonhaku-maantiede\/wp-content\/uploads\/sites\/53\/2018\/11\/GEOscopus.png 847w, https:\/\/blogs.uef.fi\/tiedonhaku-maantiede\/wp-content\/uploads\/sites\/53\/2018\/11\/GEOscopus-300x211.png 300w, https:\/\/blogs.uef.fi\/tiedonhaku-maantiede\/wp-content\/uploads\/sites\/53\/2018\/11\/GEOscopus-768x540.png 768w, https:\/\/blogs.uef.fi\/tiedonhaku-maantiede\/wp-content\/uploads\/sites\/53\/2018\/11\/GEOscopus-540x380.png 540w\" sizes=\"auto, (max-width: 847px) 100vw, 847px\" \/><\/figure>\n\n\n\n<h3 class=\"wp-block-heading\">Proquest-tietokanta:<\/h3>\n\n\n\n<figure class=\"wp-block-image alignleft\"><img loading=\"lazy\" decoding=\"async\" width=\"1213\" height=\"665\" src=\"https:\/\/blogs.uef.fi\/tiedonhaku-maantiede\/wp-content\/uploads\/sites\/53\/2019\/11\/PQ.png\" alt=\"Esimerkkihaku ProQuest -tietokannasta.\" class=\"wp-image-737\" srcset=\"https:\/\/blogs.uef.fi\/tiedonhaku-maantiede\/wp-content\/uploads\/sites\/53\/2019\/11\/PQ.png 1213w, https:\/\/blogs.uef.fi\/tiedonhaku-maantiede\/wp-content\/uploads\/sites\/53\/2019\/11\/PQ-300x164.png 300w, https:\/\/blogs.uef.fi\/tiedonhaku-maantiede\/wp-content\/uploads\/sites\/53\/2019\/11\/PQ-768x421.png 768w, https:\/\/blogs.uef.fi\/tiedonhaku-maantiede\/wp-content\/uploads\/sites\/53\/2019\/11\/PQ-1024x561.png 1024w, https:\/\/blogs.uef.fi\/tiedonhaku-maantiede\/wp-content\/uploads\/sites\/53\/2019\/11\/PQ-693x380.png 693w\" sizes=\"auto, (max-width: 1213px) 100vw, 1213px\" \/><\/figure>\n\n\n\n<h3 class=\"wp-block-heading\">Ebsco Academic search Premier -tietokanta:<\/h3>\n\n\n\n<figure class=\"wp-block-image alignleft\"><img loading=\"lazy\" decoding=\"async\" width=\"1072\" height=\"381\" src=\"https:\/\/blogs.uef.fi\/tiedonhaku-maantiede\/wp-content\/uploads\/sites\/53\/2019\/11\/SYebsco.jpg\" alt=\"Esimerkkihaku Academic search Premier -tietokannasta. \" class=\"wp-image-735\" srcset=\"https:\/\/blogs.uef.fi\/tiedonhaku-maantiede\/wp-content\/uploads\/sites\/53\/2019\/11\/SYebsco.jpg 1072w, https:\/\/blogs.uef.fi\/tiedonhaku-maantiede\/wp-content\/uploads\/sites\/53\/2019\/11\/SYebsco-300x107.jpg 300w, https:\/\/blogs.uef.fi\/tiedonhaku-maantiede\/wp-content\/uploads\/sites\/53\/2019\/11\/SYebsco-768x273.jpg 768w, https:\/\/blogs.uef.fi\/tiedonhaku-maantiede\/wp-content\/uploads\/sites\/53\/2019\/11\/SYebsco-1024x364.jpg 1024w, https:\/\/blogs.uef.fi\/tiedonhaku-maantiede\/wp-content\/uploads\/sites\/53\/2019\/11\/SYebsco-1069x380.jpg 1069w\" sizes=\"auto, (max-width: 1072px) 100vw, 1072px\" \/><\/figure>\n\n\n\n<p><strong>Hakutekniikat<\/strong> ovat kansainv\u00e4lisiss\u00e4 tietokannoissa hyvin samankaltaisia:<\/p>\n\n\n\n<ul class=\"wp-block-list\">\n<li>katkaisumerkki *, fraasi lainausmerkkeihin<\/li>\n\n\n\n<li>yksikk\u00f6muotoinen sana l\u00f6yt\u00e4\u00e4 my\u00f6s monikon ja p\u00e4invastoin; joskus my\u00f6s muita johdannaisia: migrant \u2013 migrants<\/li>\n\n\n\n<li>ylesimm\u00e4t kirjoitusasun vaihtelut tunnistetaan automaattisesti: color \u2013 colour<\/li>\n\n\n\n<li>huom! bio-based ja biobased ovat kuitenkin aina kaksi eri hakusanaa<\/li>\n<\/ul>\n\n\n\n<p>Suuren samankaltaisuuden vuoksi on sit\u00e4kin t\u00e4rke\u00e4mp\u00e4\u00e4 olla selvill\u00e4 my\u00f6s pienist\u00e4 <strong>eroavaisuuksista:<\/strong><\/p>\n\n\n\n<ul class=\"wp-block-list\">\n<li>OR-operaatio toteutetaan ennen AND-operaatiota (Scopus)<\/li>\n\n\n\n<li>lainausmerkkien k\u00e4ytt\u00f6 kumoaa yksikk\u00f6-monikko -automatiikan (Web of Science &amp; ProQuest)<\/li>\n<\/ul>\n","protected":false},"excerpt":{"rendered":"<p>Artikkelit ovat arvostettuja ja paljon k\u00e4ytettyj\u00e4 l\u00e4hteit\u00e4 maantieteess\u00e4 ja ymp\u00e4rist\u00f6politiikassa. Ne v\u00e4litt\u00e4v\u00e4t tietoa jostakin tarkoin rajatusta aiheesta, tuottavat uutta tietoa ja yleens\u00e4 olettavat, ett\u00e4 lukijalla on jo perustiedot aihepiirist\u00e4 hallussaan.Laajoja katsauksia johonkin hyvin yleiseen aiheeseen, kuten \u2018maaseutumaantiede\u2018, l\u00f6ytyy harvemmin artikkeleista. Kansainv\u00e4listen artikkeleiden haku Artikkeleita hakiessa voi k\u00e4ytt\u00e4\u00e4 tarkkoja hakutermej\u00e4 ja useitakin AND-operaatioita. My\u00f6s fraasien k\u00e4ytt\u00f6\u00e4 [&hellip;]<\/p>\n","protected":false},"author":127,"featured_media":0,"parent":0,"menu_order":0,"comment_status":"closed","ping_status":"closed","template":"","meta":{"_acf_changed":false,"footnotes":""},"class_list":["post-78","page","type-page","status-publish","hentry"],"acf":[],"yoast_head":"<!-- This site is optimized with the Yoast SEO plugin v27.3 - https:\/\/yoast.com\/product\/yoast-seo-wordpress\/ -->\n<title>Artikkelien hakeminen - Maantieteen ja ymp\u00e4rist\u00f6politiikan tiedonhaku<\/title>\n<meta name=\"robots\" content=\"index, follow, max-snippet:-1, max-image-preview:large, max-video-preview:-1\" \/>\n<link rel=\"canonical\" href=\"https:\/\/blogs.uef.fi\/tiedonhaku-maantiede\/artikkelien-hakeminen\/\" \/>\n<meta property=\"og:locale\" content=\"fi_FI\" \/>\n<meta property=\"og:type\" content=\"article\" \/>\n<meta property=\"og:title\" content=\"Artikkelien hakeminen - Maantieteen ja ymp\u00e4rist\u00f6politiikan tiedonhaku\" \/>\n<meta property=\"og:description\" content=\"Artikkelit ovat arvostettuja ja paljon k\u00e4ytettyj\u00e4 l\u00e4hteit\u00e4 maantieteess\u00e4 ja ymp\u00e4rist\u00f6politiikassa. Ne v\u00e4litt\u00e4v\u00e4t tietoa jostakin tarkoin rajatusta aiheesta, tuottavat uutta tietoa ja yleens\u00e4 olettavat, ett\u00e4 lukijalla on jo perustiedot aihepiirist\u00e4 hallussaan.Laajoja katsauksia johonkin hyvin yleiseen aiheeseen, kuten \u2018maaseutumaantiede\u2018, l\u00f6ytyy harvemmin artikkeleista. Kansainv\u00e4listen artikkeleiden haku Artikkeleita hakiessa voi k\u00e4ytt\u00e4\u00e4 tarkkoja hakutermej\u00e4 ja useitakin AND-operaatioita. My\u00f6s fraasien k\u00e4ytt\u00f6\u00e4 [&hellip;]\" \/>\n<meta property=\"og:url\" content=\"https:\/\/blogs.uef.fi\/tiedonhaku-maantiede\/artikkelien-hakeminen\/\" \/>\n<meta property=\"og:site_name\" content=\"Maantieteen ja ymp\u00e4rist\u00f6politiikan tiedonhaku\" \/>\n<meta property=\"article:modified_time\" content=\"2023-06-27T09:03:29+00:00\" \/>\n<meta property=\"og:image\" content=\"https:\/\/blogs.uef.fi\/tiedonhaku-maantiede\/wp-content\/uploads\/sites\/53\/2015\/11\/wosesim1.jpg\" \/>\n<meta name=\"twitter:card\" content=\"summary_large_image\" \/>\n<meta name=\"twitter:label1\" content=\"Arvioitu lukuaika\" \/>\n\t<meta name=\"twitter:data1\" content=\"2 minuuttia\" \/>\n<script type=\"application\/ld+json\" class=\"yoast-schema-graph\">{\"@context\":\"https:\\\/\\\/schema.org\",\"@graph\":[{\"@type\":\"WebPage\",\"@id\":\"https:\\\/\\\/blogs.uef.fi\\\/tiedonhaku-maantiede\\\/artikkelien-hakeminen\\\/\",\"url\":\"https:\\\/\\\/blogs.uef.fi\\\/tiedonhaku-maantiede\\\/artikkelien-hakeminen\\\/\",\"name\":\"Artikkelien hakeminen - Maantieteen ja ymp\u00e4rist\u00f6politiikan tiedonhaku\",\"isPartOf\":{\"@id\":\"https:\\\/\\\/blogs.uef.fi\\\/tiedonhaku-maantiede\\\/#website\"},\"primaryImageOfPage\":{\"@id\":\"https:\\\/\\\/blogs.uef.fi\\\/tiedonhaku-maantiede\\\/artikkelien-hakeminen\\\/#primaryimage\"},\"image\":{\"@id\":\"https:\\\/\\\/blogs.uef.fi\\\/tiedonhaku-maantiede\\\/artikkelien-hakeminen\\\/#primaryimage\"},\"thumbnailUrl\":\"https:\\\/\\\/blogs.uef.fi\\\/tiedonhaku-maantiede\\\/wp-content\\\/uploads\\\/sites\\\/53\\\/2015\\\/11\\\/wosesim1.jpg\",\"datePublished\":\"2015-11-11T11:40:45+00:00\",\"dateModified\":\"2023-06-27T09:03:29+00:00\",\"breadcrumb\":{\"@id\":\"https:\\\/\\\/blogs.uef.fi\\\/tiedonhaku-maantiede\\\/artikkelien-hakeminen\\\/#breadcrumb\"},\"inLanguage\":\"fi\",\"potentialAction\":[{\"@type\":\"ReadAction\",\"target\":[\"https:\\\/\\\/blogs.uef.fi\\\/tiedonhaku-maantiede\\\/artikkelien-hakeminen\\\/\"]}]},{\"@type\":\"ImageObject\",\"inLanguage\":\"fi\",\"@id\":\"https:\\\/\\\/blogs.uef.fi\\\/tiedonhaku-maantiede\\\/artikkelien-hakeminen\\\/#primaryimage\",\"url\":\"https:\\\/\\\/blogs.uef.fi\\\/tiedonhaku-maantiede\\\/wp-content\\\/uploads\\\/sites\\\/53\\\/2015\\\/11\\\/wosesim1.jpg\",\"contentUrl\":\"https:\\\/\\\/blogs.uef.fi\\\/tiedonhaku-maantiede\\\/wp-content\\\/uploads\\\/sites\\\/53\\\/2015\\\/11\\\/wosesim1.jpg\",\"width\":1295,\"height\":648},{\"@type\":\"BreadcrumbList\",\"@id\":\"https:\\\/\\\/blogs.uef.fi\\\/tiedonhaku-maantiede\\\/artikkelien-hakeminen\\\/#breadcrumb\",\"itemListElement\":[{\"@type\":\"ListItem\",\"position\":1,\"name\":\"Home\",\"item\":\"https:\\\/\\\/blogs.uef.fi\\\/tiedonhaku-maantiede\\\/\"},{\"@type\":\"ListItem\",\"position\":2,\"name\":\"Artikkelien hakeminen\"}]},{\"@type\":\"WebSite\",\"@id\":\"https:\\\/\\\/blogs.uef.fi\\\/tiedonhaku-maantiede\\\/#website\",\"url\":\"https:\\\/\\\/blogs.uef.fi\\\/tiedonhaku-maantiede\\\/\",\"name\":\"Maantieteen ja ymp\u00e4rist\u00f6politiikan tiedonhaku\",\"description\":\"\",\"potentialAction\":[{\"@type\":\"SearchAction\",\"target\":{\"@type\":\"EntryPoint\",\"urlTemplate\":\"https:\\\/\\\/blogs.uef.fi\\\/tiedonhaku-maantiede\\\/?s={search_term_string}\"},\"query-input\":{\"@type\":\"PropertyValueSpecification\",\"valueRequired\":true,\"valueName\":\"search_term_string\"}}],\"inLanguage\":\"fi\"}]}<\/script>\n<!-- \/ Yoast SEO plugin. -->","yoast_head_json":{"title":"Artikkelien hakeminen - Maantieteen ja ymp\u00e4rist\u00f6politiikan tiedonhaku","robots":{"index":"index","follow":"follow","max-snippet":"max-snippet:-1","max-image-preview":"max-image-preview:large","max-video-preview":"max-video-preview:-1"},"canonical":"https:\/\/blogs.uef.fi\/tiedonhaku-maantiede\/artikkelien-hakeminen\/","og_locale":"fi_FI","og_type":"article","og_title":"Artikkelien hakeminen - Maantieteen ja ymp\u00e4rist\u00f6politiikan tiedonhaku","og_description":"Artikkelit ovat arvostettuja ja paljon k\u00e4ytettyj\u00e4 l\u00e4hteit\u00e4 maantieteess\u00e4 ja ymp\u00e4rist\u00f6politiikassa. Ne v\u00e4litt\u00e4v\u00e4t tietoa jostakin tarkoin rajatusta aiheesta, tuottavat uutta tietoa ja yleens\u00e4 olettavat, ett\u00e4 lukijalla on jo perustiedot aihepiirist\u00e4 hallussaan.Laajoja katsauksia johonkin hyvin yleiseen aiheeseen, kuten \u2018maaseutumaantiede\u2018, l\u00f6ytyy harvemmin artikkeleista. Kansainv\u00e4listen artikkeleiden haku Artikkeleita hakiessa voi k\u00e4ytt\u00e4\u00e4 tarkkoja hakutermej\u00e4 ja useitakin AND-operaatioita. My\u00f6s fraasien k\u00e4ytt\u00f6\u00e4 [&hellip;]","og_url":"https:\/\/blogs.uef.fi\/tiedonhaku-maantiede\/artikkelien-hakeminen\/","og_site_name":"Maantieteen ja ymp\u00e4rist\u00f6politiikan tiedonhaku","article_modified_time":"2023-06-27T09:03:29+00:00","og_image":[{"url":"https:\/\/blogs.uef.fi\/tiedonhaku-maantiede\/wp-content\/uploads\/sites\/53\/2015\/11\/wosesim1.jpg","type":"","width":"","height":""}],"twitter_card":"summary_large_image","twitter_misc":{"Arvioitu lukuaika":"2 minuuttia"},"schema":{"@context":"https:\/\/schema.org","@graph":[{"@type":"WebPage","@id":"https:\/\/blogs.uef.fi\/tiedonhaku-maantiede\/artikkelien-hakeminen\/","url":"https:\/\/blogs.uef.fi\/tiedonhaku-maantiede\/artikkelien-hakeminen\/","name":"Artikkelien hakeminen - Maantieteen ja ymp\u00e4rist\u00f6politiikan tiedonhaku","isPartOf":{"@id":"https:\/\/blogs.uef.fi\/tiedonhaku-maantiede\/#website"},"primaryImageOfPage":{"@id":"https:\/\/blogs.uef.fi\/tiedonhaku-maantiede\/artikkelien-hakeminen\/#primaryimage"},"image":{"@id":"https:\/\/blogs.uef.fi\/tiedonhaku-maantiede\/artikkelien-hakeminen\/#primaryimage"},"thumbnailUrl":"https:\/\/blogs.uef.fi\/tiedonhaku-maantiede\/wp-content\/uploads\/sites\/53\/2015\/11\/wosesim1.jpg","datePublished":"2015-11-11T11:40:45+00:00","dateModified":"2023-06-27T09:03:29+00:00","breadcrumb":{"@id":"https:\/\/blogs.uef.fi\/tiedonhaku-maantiede\/artikkelien-hakeminen\/#breadcrumb"},"inLanguage":"fi","potentialAction":[{"@type":"ReadAction","target":["https:\/\/blogs.uef.fi\/tiedonhaku-maantiede\/artikkelien-hakeminen\/"]}]},{"@type":"ImageObject","inLanguage":"fi","@id":"https:\/\/blogs.uef.fi\/tiedonhaku-maantiede\/artikkelien-hakeminen\/#primaryimage","url":"https:\/\/blogs.uef.fi\/tiedonhaku-maantiede\/wp-content\/uploads\/sites\/53\/2015\/11\/wosesim1.jpg","contentUrl":"https:\/\/blogs.uef.fi\/tiedonhaku-maantiede\/wp-content\/uploads\/sites\/53\/2015\/11\/wosesim1.jpg","width":1295,"height":648},{"@type":"BreadcrumbList","@id":"https:\/\/blogs.uef.fi\/tiedonhaku-maantiede\/artikkelien-hakeminen\/#breadcrumb","itemListElement":[{"@type":"ListItem","position":1,"name":"Home","item":"https:\/\/blogs.uef.fi\/tiedonhaku-maantiede\/"},{"@type":"ListItem","position":2,"name":"Artikkelien hakeminen"}]},{"@type":"WebSite","@id":"https:\/\/blogs.uef.fi\/tiedonhaku-maantiede\/#website","url":"https:\/\/blogs.uef.fi\/tiedonhaku-maantiede\/","name":"Maantieteen ja ymp\u00e4rist\u00f6politiikan tiedonhaku","description":"","potentialAction":[{"@type":"SearchAction","target":{"@type":"EntryPoint","urlTemplate":"https:\/\/blogs.uef.fi\/tiedonhaku-maantiede\/?s={search_term_string}"},"query-input":{"@type":"PropertyValueSpecification","valueRequired":true,"valueName":"search_term_string"}}],"inLanguage":"fi"}]}},"_links":{"self":[{"href":"https:\/\/blogs.uef.fi\/tiedonhaku-maantiede\/wp-json\/wp\/v2\/pages\/78","targetHints":{"allow":["GET"]}}],"collection":[{"href":"https:\/\/blogs.uef.fi\/tiedonhaku-maantiede\/wp-json\/wp\/v2\/pages"}],"about":[{"href":"https:\/\/blogs.uef.fi\/tiedonhaku-maantiede\/wp-json\/wp\/v2\/types\/page"}],"author":[{"embeddable":true,"href":"https:\/\/blogs.uef.fi\/tiedonhaku-maantiede\/wp-json\/wp\/v2\/users\/127"}],"replies":[{"embeddable":true,"href":"https:\/\/blogs.uef.fi\/tiedonhaku-maantiede\/wp-json\/wp\/v2\/comments?post=78"}],"version-history":[{"count":3,"href":"https:\/\/blogs.uef.fi\/tiedonhaku-maantiede\/wp-json\/wp\/v2\/pages\/78\/revisions"}],"predecessor-version":[{"id":2038,"href":"https:\/\/blogs.uef.fi\/tiedonhaku-maantiede\/wp-json\/wp\/v2\/pages\/78\/revisions\/2038"}],"wp:attachment":[{"href":"https:\/\/blogs.uef.fi\/tiedonhaku-maantiede\/wp-json\/wp\/v2\/media?parent=78"}],"curies":[{"name":"wp","href":"https:\/\/api.w.org\/{rel}","templated":true}]}}