{"id":73,"date":"2015-11-11T11:29:26","date_gmt":"2015-11-11T11:29:26","guid":{"rendered":"https:\/\/ueflibrarygeo.wordpress.com\/?page_id=73"},"modified":"2023-06-27T11:57:50","modified_gmt":"2023-06-27T08:57:50","slug":"kayttoliittymien-hakulogiikka","status":"publish","type":"page","link":"https:\/\/blogs.uef.fi\/tiedonhaku-maantiede\/kayttoliittymien-hakulogiikka\/","title":{"rendered":"K\u00e4ytt\u00f6liittymien hakulogiikka"},"content":{"rendered":"\n<p>K\u00e4ytt\u00f6liittymi\u00e4 eli hakulomakkeita on tietokannoissa useampia, ja niiden nimitykset ja toimintatavat ovat tietokantakohtaisia.<\/p>\n\n\n\n<p>Tutuin versio on <strong>pikahakuun<\/strong> viittaava \u201cyhden rivin\u201d hakulomake. Se muistuttaa ulkoisesti Google-hakua, mutta on kuitenkin erilainen! \u00c4l\u00e4 k\u00e4yt\u00e4 luonnollista kielt\u00e4, vaan yksitt\u00e4isi\u00e4 termej\u00e4, jotka yhdistet\u00e4\u00e4n operaattorein. Operaattorit ja sulut pit\u00e4\u00e4 kirjoittaa itse. Muista my\u00f6s katkaisumerkki, jos se on tarpeen.<\/p>\n\n\n\n<figure class=\"wp-block-image alignleft\"><img decoding=\"async\" src=\"https:\/\/ueflibraryfys.files.wordpress.com\/2015\/09\/basic1.jpg?w=855\" alt=\"Esimerkki Boolen operaattoreiden k\u00e4yt\u00f6st\u00e4 ja fraasihausta yhden rivin hakulomakkeella.\" class=\"wp-image-456\" \/><\/figure>\n\n\n\n<p>Useille <strong>ohjaaville hakulomakkeille<\/strong> on helpompi muodostaa loogisia hakuja, jos hakulause sis\u00e4lt\u00e4\u00e4 muitakin kuin AND-operaatioita. Operaattoreita ja hakukentti\u00e4 on helppo valita valmiista valikoista.<\/p>\n\n\n\n<figure class=\"wp-block-image alignleft\"><img decoding=\"async\" src=\"https:\/\/ueflibraryfys.files.wordpress.com\/2015\/09\/advance.jpg?w=855\" alt=\"Esimerkki Boolen operaattoreiden ja fraasihaun k\u00e4yt\u00f6st\u00e4 ohjaavassa hakulomakkeessa. \" class=\"wp-image-454\" \/><\/figure>\n\n\n\n<p>Ohjaavillakin lomakkeilla voi sattua logiikkavirheit\u00e4. Varminta on kirjoittaa samaan k\u00e4sitteeseen viittaavat vaihtoehtoiset sanat (OR-operaatiot) aina samalle riville. Sanojen v\u00e4liin kirjoitetaan itse OR-sana, Rivien v\u00e4lill\u00e4 on AND-operaattori.<\/p>\n\n\n\n<p><strong>Perusidea on kuitenkin aina sama palvelusta riippumatta<\/strong>. Kukin k\u00e4site kirjoitetaan omalle rivilleen, OR-operaattori sijoitetaan saman k\u00e4sitteen eri vaihtoehtoisten ilmaisujen v\u00e4lille.<\/p>\n\n\n\n<figure class=\"wp-block-image alignleft\"><img loading=\"lazy\" decoding=\"async\" width=\"722\" height=\"335\" src=\"https:\/\/blogs.uef.fi\/tiedonhaku-maantiede\/wp-content\/uploads\/sites\/53\/2018\/11\/ADModel.jpg\" alt=\"Esimerkki OR ja AND -operaattoreiden k\u00e4yt\u00f6st\u00e4. \" class=\"wp-image-485\" srcset=\"https:\/\/blogs.uef.fi\/tiedonhaku-maantiede\/wp-content\/uploads\/sites\/53\/2018\/11\/ADModel.jpg 722w, https:\/\/blogs.uef.fi\/tiedonhaku-maantiede\/wp-content\/uploads\/sites\/53\/2018\/11\/ADModel-300x139.jpg 300w\" sizes=\"auto, (max-width: 722px) 100vw, 722px\" \/><\/figure>\n","protected":false},"excerpt":{"rendered":"<p>K\u00e4ytt\u00f6liittymi\u00e4 eli hakulomakkeita on tietokannoissa useampia, ja niiden nimitykset ja toimintatavat ovat tietokantakohtaisia. Tutuin versio on pikahakuun viittaava \u201cyhden rivin\u201d hakulomake. Se muistuttaa ulkoisesti Google-hakua, mutta on kuitenkin erilainen! \u00c4l\u00e4 k\u00e4yt\u00e4 luonnollista kielt\u00e4, vaan yksitt\u00e4isi\u00e4 termej\u00e4, jotka yhdistet\u00e4\u00e4n operaattorein. Operaattorit ja sulut pit\u00e4\u00e4 kirjoittaa itse. Muista my\u00f6s katkaisumerkki, jos se on tarpeen. Useille ohjaaville hakulomakkeille [&hellip;]<\/p>\n","protected":false},"author":127,"featured_media":0,"parent":0,"menu_order":0,"comment_status":"closed","ping_status":"closed","template":"","meta":{"_acf_changed":false,"footnotes":""},"class_list":["post-73","page","type-page","status-publish","hentry"],"acf":[],"yoast_head":"<!-- This site is optimized with the Yoast SEO plugin v27.3 - https:\/\/yoast.com\/product\/yoast-seo-wordpress\/ -->\n<title>K\u00e4ytt\u00f6liittymien hakulogiikka - Maantieteen ja ymp\u00e4rist\u00f6politiikan tiedonhaku<\/title>\n<meta name=\"robots\" content=\"index, follow, max-snippet:-1, max-image-preview:large, max-video-preview:-1\" \/>\n<link rel=\"canonical\" href=\"https:\/\/blogs.uef.fi\/tiedonhaku-maantiede\/kayttoliittymien-hakulogiikka\/\" \/>\n<meta property=\"og:locale\" content=\"fi_FI\" \/>\n<meta property=\"og:type\" content=\"article\" \/>\n<meta property=\"og:title\" content=\"K\u00e4ytt\u00f6liittymien hakulogiikka - Maantieteen ja ymp\u00e4rist\u00f6politiikan tiedonhaku\" \/>\n<meta property=\"og:description\" content=\"K\u00e4ytt\u00f6liittymi\u00e4 eli hakulomakkeita on tietokannoissa useampia, ja niiden nimitykset ja toimintatavat ovat tietokantakohtaisia. Tutuin versio on pikahakuun viittaava \u201cyhden rivin\u201d hakulomake. Se muistuttaa ulkoisesti Google-hakua, mutta on kuitenkin erilainen! \u00c4l\u00e4 k\u00e4yt\u00e4 luonnollista kielt\u00e4, vaan yksitt\u00e4isi\u00e4 termej\u00e4, jotka yhdistet\u00e4\u00e4n operaattorein. Operaattorit ja sulut pit\u00e4\u00e4 kirjoittaa itse. Muista my\u00f6s katkaisumerkki, jos se on tarpeen. Useille ohjaaville hakulomakkeille [&hellip;]\" \/>\n<meta property=\"og:url\" content=\"https:\/\/blogs.uef.fi\/tiedonhaku-maantiede\/kayttoliittymien-hakulogiikka\/\" \/>\n<meta property=\"og:site_name\" content=\"Maantieteen ja ymp\u00e4rist\u00f6politiikan tiedonhaku\" \/>\n<meta property=\"article:modified_time\" content=\"2023-06-27T08:57:50+00:00\" \/>\n<meta property=\"og:image\" content=\"https:\/\/ueflibraryfys.files.wordpress.com\/2015\/09\/basic1.jpg?w=855\" \/>\n<meta name=\"twitter:card\" content=\"summary_large_image\" \/>\n<meta name=\"twitter:label1\" content=\"Arvioitu lukuaika\" \/>\n\t<meta name=\"twitter:data1\" content=\"2 minuuttia\" \/>\n<script type=\"application\/ld+json\" class=\"yoast-schema-graph\">{\"@context\":\"https:\\\/\\\/schema.org\",\"@graph\":[{\"@type\":\"WebPage\",\"@id\":\"https:\\\/\\\/blogs.uef.fi\\\/tiedonhaku-maantiede\\\/kayttoliittymien-hakulogiikka\\\/\",\"url\":\"https:\\\/\\\/blogs.uef.fi\\\/tiedonhaku-maantiede\\\/kayttoliittymien-hakulogiikka\\\/\",\"name\":\"K\u00e4ytt\u00f6liittymien hakulogiikka - Maantieteen ja ymp\u00e4rist\u00f6politiikan tiedonhaku\",\"isPartOf\":{\"@id\":\"https:\\\/\\\/blogs.uef.fi\\\/tiedonhaku-maantiede\\\/#website\"},\"primaryImageOfPage\":{\"@id\":\"https:\\\/\\\/blogs.uef.fi\\\/tiedonhaku-maantiede\\\/kayttoliittymien-hakulogiikka\\\/#primaryimage\"},\"image\":{\"@id\":\"https:\\\/\\\/blogs.uef.fi\\\/tiedonhaku-maantiede\\\/kayttoliittymien-hakulogiikka\\\/#primaryimage\"},\"thumbnailUrl\":\"https:\\\/\\\/ueflibraryfys.files.wordpress.com\\\/2015\\\/09\\\/basic1.jpg?w=855\",\"datePublished\":\"2015-11-11T11:29:26+00:00\",\"dateModified\":\"2023-06-27T08:57:50+00:00\",\"breadcrumb\":{\"@id\":\"https:\\\/\\\/blogs.uef.fi\\\/tiedonhaku-maantiede\\\/kayttoliittymien-hakulogiikka\\\/#breadcrumb\"},\"inLanguage\":\"fi\",\"potentialAction\":[{\"@type\":\"ReadAction\",\"target\":[\"https:\\\/\\\/blogs.uef.fi\\\/tiedonhaku-maantiede\\\/kayttoliittymien-hakulogiikka\\\/\"]}]},{\"@type\":\"ImageObject\",\"inLanguage\":\"fi\",\"@id\":\"https:\\\/\\\/blogs.uef.fi\\\/tiedonhaku-maantiede\\\/kayttoliittymien-hakulogiikka\\\/#primaryimage\",\"url\":\"https:\\\/\\\/ueflibraryfys.files.wordpress.com\\\/2015\\\/09\\\/basic1.jpg?w=855\",\"contentUrl\":\"https:\\\/\\\/ueflibraryfys.files.wordpress.com\\\/2015\\\/09\\\/basic1.jpg?w=855\"},{\"@type\":\"BreadcrumbList\",\"@id\":\"https:\\\/\\\/blogs.uef.fi\\\/tiedonhaku-maantiede\\\/kayttoliittymien-hakulogiikka\\\/#breadcrumb\",\"itemListElement\":[{\"@type\":\"ListItem\",\"position\":1,\"name\":\"Home\",\"item\":\"https:\\\/\\\/blogs.uef.fi\\\/tiedonhaku-maantiede\\\/\"},{\"@type\":\"ListItem\",\"position\":2,\"name\":\"K\u00e4ytt\u00f6liittymien hakulogiikka\"}]},{\"@type\":\"WebSite\",\"@id\":\"https:\\\/\\\/blogs.uef.fi\\\/tiedonhaku-maantiede\\\/#website\",\"url\":\"https:\\\/\\\/blogs.uef.fi\\\/tiedonhaku-maantiede\\\/\",\"name\":\"Maantieteen ja ymp\u00e4rist\u00f6politiikan tiedonhaku\",\"description\":\"\",\"potentialAction\":[{\"@type\":\"SearchAction\",\"target\":{\"@type\":\"EntryPoint\",\"urlTemplate\":\"https:\\\/\\\/blogs.uef.fi\\\/tiedonhaku-maantiede\\\/?s={search_term_string}\"},\"query-input\":{\"@type\":\"PropertyValueSpecification\",\"valueRequired\":true,\"valueName\":\"search_term_string\"}}],\"inLanguage\":\"fi\"}]}<\/script>\n<!-- \/ Yoast SEO plugin. -->","yoast_head_json":{"title":"K\u00e4ytt\u00f6liittymien hakulogiikka - Maantieteen ja ymp\u00e4rist\u00f6politiikan tiedonhaku","robots":{"index":"index","follow":"follow","max-snippet":"max-snippet:-1","max-image-preview":"max-image-preview:large","max-video-preview":"max-video-preview:-1"},"canonical":"https:\/\/blogs.uef.fi\/tiedonhaku-maantiede\/kayttoliittymien-hakulogiikka\/","og_locale":"fi_FI","og_type":"article","og_title":"K\u00e4ytt\u00f6liittymien hakulogiikka - Maantieteen ja ymp\u00e4rist\u00f6politiikan tiedonhaku","og_description":"K\u00e4ytt\u00f6liittymi\u00e4 eli hakulomakkeita on tietokannoissa useampia, ja niiden nimitykset ja toimintatavat ovat tietokantakohtaisia. Tutuin versio on pikahakuun viittaava \u201cyhden rivin\u201d hakulomake. Se muistuttaa ulkoisesti Google-hakua, mutta on kuitenkin erilainen! \u00c4l\u00e4 k\u00e4yt\u00e4 luonnollista kielt\u00e4, vaan yksitt\u00e4isi\u00e4 termej\u00e4, jotka yhdistet\u00e4\u00e4n operaattorein. Operaattorit ja sulut pit\u00e4\u00e4 kirjoittaa itse. Muista my\u00f6s katkaisumerkki, jos se on tarpeen. Useille ohjaaville hakulomakkeille [&hellip;]","og_url":"https:\/\/blogs.uef.fi\/tiedonhaku-maantiede\/kayttoliittymien-hakulogiikka\/","og_site_name":"Maantieteen ja ymp\u00e4rist\u00f6politiikan tiedonhaku","article_modified_time":"2023-06-27T08:57:50+00:00","og_image":[{"url":"https:\/\/ueflibraryfys.files.wordpress.com\/2015\/09\/basic1.jpg?w=855","type":"","width":"","height":""}],"twitter_card":"summary_large_image","twitter_misc":{"Arvioitu lukuaika":"2 minuuttia"},"schema":{"@context":"https:\/\/schema.org","@graph":[{"@type":"WebPage","@id":"https:\/\/blogs.uef.fi\/tiedonhaku-maantiede\/kayttoliittymien-hakulogiikka\/","url":"https:\/\/blogs.uef.fi\/tiedonhaku-maantiede\/kayttoliittymien-hakulogiikka\/","name":"K\u00e4ytt\u00f6liittymien hakulogiikka - Maantieteen ja ymp\u00e4rist\u00f6politiikan tiedonhaku","isPartOf":{"@id":"https:\/\/blogs.uef.fi\/tiedonhaku-maantiede\/#website"},"primaryImageOfPage":{"@id":"https:\/\/blogs.uef.fi\/tiedonhaku-maantiede\/kayttoliittymien-hakulogiikka\/#primaryimage"},"image":{"@id":"https:\/\/blogs.uef.fi\/tiedonhaku-maantiede\/kayttoliittymien-hakulogiikka\/#primaryimage"},"thumbnailUrl":"https:\/\/ueflibraryfys.files.wordpress.com\/2015\/09\/basic1.jpg?w=855","datePublished":"2015-11-11T11:29:26+00:00","dateModified":"2023-06-27T08:57:50+00:00","breadcrumb":{"@id":"https:\/\/blogs.uef.fi\/tiedonhaku-maantiede\/kayttoliittymien-hakulogiikka\/#breadcrumb"},"inLanguage":"fi","potentialAction":[{"@type":"ReadAction","target":["https:\/\/blogs.uef.fi\/tiedonhaku-maantiede\/kayttoliittymien-hakulogiikka\/"]}]},{"@type":"ImageObject","inLanguage":"fi","@id":"https:\/\/blogs.uef.fi\/tiedonhaku-maantiede\/kayttoliittymien-hakulogiikka\/#primaryimage","url":"https:\/\/ueflibraryfys.files.wordpress.com\/2015\/09\/basic1.jpg?w=855","contentUrl":"https:\/\/ueflibraryfys.files.wordpress.com\/2015\/09\/basic1.jpg?w=855"},{"@type":"BreadcrumbList","@id":"https:\/\/blogs.uef.fi\/tiedonhaku-maantiede\/kayttoliittymien-hakulogiikka\/#breadcrumb","itemListElement":[{"@type":"ListItem","position":1,"name":"Home","item":"https:\/\/blogs.uef.fi\/tiedonhaku-maantiede\/"},{"@type":"ListItem","position":2,"name":"K\u00e4ytt\u00f6liittymien hakulogiikka"}]},{"@type":"WebSite","@id":"https:\/\/blogs.uef.fi\/tiedonhaku-maantiede\/#website","url":"https:\/\/blogs.uef.fi\/tiedonhaku-maantiede\/","name":"Maantieteen ja ymp\u00e4rist\u00f6politiikan tiedonhaku","description":"","potentialAction":[{"@type":"SearchAction","target":{"@type":"EntryPoint","urlTemplate":"https:\/\/blogs.uef.fi\/tiedonhaku-maantiede\/?s={search_term_string}"},"query-input":{"@type":"PropertyValueSpecification","valueRequired":true,"valueName":"search_term_string"}}],"inLanguage":"fi"}]}},"_links":{"self":[{"href":"https:\/\/blogs.uef.fi\/tiedonhaku-maantiede\/wp-json\/wp\/v2\/pages\/73","targetHints":{"allow":["GET"]}}],"collection":[{"href":"https:\/\/blogs.uef.fi\/tiedonhaku-maantiede\/wp-json\/wp\/v2\/pages"}],"about":[{"href":"https:\/\/blogs.uef.fi\/tiedonhaku-maantiede\/wp-json\/wp\/v2\/types\/page"}],"author":[{"embeddable":true,"href":"https:\/\/blogs.uef.fi\/tiedonhaku-maantiede\/wp-json\/wp\/v2\/users\/127"}],"replies":[{"embeddable":true,"href":"https:\/\/blogs.uef.fi\/tiedonhaku-maantiede\/wp-json\/wp\/v2\/comments?post=73"}],"version-history":[{"count":3,"href":"https:\/\/blogs.uef.fi\/tiedonhaku-maantiede\/wp-json\/wp\/v2\/pages\/73\/revisions"}],"predecessor-version":[{"id":2002,"href":"https:\/\/blogs.uef.fi\/tiedonhaku-maantiede\/wp-json\/wp\/v2\/pages\/73\/revisions\/2002"}],"wp:attachment":[{"href":"https:\/\/blogs.uef.fi\/tiedonhaku-maantiede\/wp-json\/wp\/v2\/media?parent=73"}],"curies":[{"name":"wp","href":"https:\/\/api.w.org\/{rel}","templated":true}]}}