{"id":68,"date":"2015-11-11T07:59:28","date_gmt":"2015-11-11T07:59:28","guid":{"rendered":"https:\/\/ueflibrarygeo.wordpress.com\/?page_id=68"},"modified":"2021-11-19T16:44:30","modified_gmt":"2021-11-19T14:44:30","slug":"hakulauseet","status":"publish","type":"page","link":"https:\/\/blogs.uef.fi\/tiedonhaku-maantiede\/hakulauseet\/","title":{"rendered":"Hakusanojen yhdist\u00e4minen"},"content":{"rendered":"<h1>Hakusanojen yhdist\u00e4minen<\/h1>\n<p>&nbsp;<\/p>\n<p><strong>Hakusanat ja niit\u00e4 yhdist\u00e4v\u00e4t operaattorit<\/strong> muodostavat hakulauseen. Operaattoreita eli Boolen logiikkaa k\u00e4ytet\u00e4\u00e4n kaikissa tietokannoissa, joten sen osaaminen on yksi tiedonhaun perustaidoista.<\/p>\n<p>Esimerkkej\u00e4 hakulauseista:<\/p>\n<p style=\"padding-left: 30px\">maank\u00e4ytt\u00f6<br \/>\nmaantieto AND opetus<br \/>\n(ilmastopolitiikka OR ymp\u00e4rist\u00f6politiikka) AND maatalous<br \/>\nkaivokset AND &#8221;yhteiskunnalliset vaikutukset&#8221;<br \/>\n(kaivo* OR mine* OR mining) AND (sosiaali* OR yhteiskunnalli* OR social) AND (vaikutu* OR effect* OR aspect*)<\/p>\n<div class=\"mceTemp\">\n<div id=\"attachment_163\" style=\"width: 136px\" class=\"wp-caption alignright\"><img loading=\"lazy\" decoding=\"async\" aria-describedby=\"caption-attachment-163\" class=\"wp-image-163 size-full\" src=\"https:\/\/ueflibraryfys.files.wordpress.com\/2015\/08\/bo1.jpg?w=584\" alt=\"And -operaattorin toimintaperiaate osoitettuan kahden limitt\u00e4isen ympyr\u00e4n avulla. \" width=\"126\" height=\"82\" \/><p id=\"caption-attachment-163\" class=\"wp-caption-text\">maantieto AND opetus<\/p><\/div>\n<\/div>\n<p><strong>AND-operaattori<\/strong> edellytt\u00e4\u00e4, ett\u00e4 hakusanojen tulee esiinty\u00e4 tietueessa yht\u00e4 aikaa. (Tietue = yhden kirjan\/artikkelin jne. tiedot tietokannassa.) Mit\u00e4 enemm\u00e4n eri rajaavia k\u00e4sitteitt\u00e4 haussa k\u00e4ytet\u00e4\u00e4n, sen tarkempaa hakua ollaan tekem\u00e4ss\u00e4 ja sit\u00e4 pienempi (ainakin teoriassa) on tulosjoukon koko.<\/p>\n<div class=\"mceTemp\">\n<div id=\"attachment_164\" style=\"width: 140px\" class=\"wp-caption alignright\"><img loading=\"lazy\" decoding=\"async\" aria-describedby=\"caption-attachment-164\" class=\"wp-image-164 size-full\" src=\"https:\/\/ueflibraryfys.files.wordpress.com\/2015\/08\/bo3.jpg?w=584\" alt=\"Or -operaattorin toimintaperiaate osoitettuan kahden limitt\u00e4isen ympyr\u00e4n avulla. \" width=\"130\" height=\"78\" \/><p id=\"caption-attachment-164\" class=\"wp-caption-text\">ilmastopolitiikka OR ymp\u00e4rist\u00f6politiikka<\/p><\/div>\n<\/div>\n<p><strong>OR-operaattori<\/strong> hyv\u00e4ksyy lopputulokseen ne tietueet, joissa on v\u00e4hint\u00e4\u00e4n jompi kumpi hakusanoista.<br \/>\nMutta my\u00f6s ne tietueet, joissa molemmat sanat esiintyv\u00e4t yht\u00e4 aikaa, ovat k\u00e4yp\u00e4isi\u00e4. OR-operaattorilla yhdistet\u00e4\u00e4n samaa (yl\u00e4)k\u00e4sitett\u00e4 kuvaavat vaihtoehtoiset hakusanat. Mit\u00e4 useampia vaihtoehtoisia ilmaisumuotoja otetaan mukaan, sen laajempi on haun tulos.<\/p>\n<div class=\"mceTemp\">\n<div id=\"attachment_165\" style=\"width: 140px\" class=\"wp-caption alignright\"><img loading=\"lazy\" decoding=\"async\" aria-describedby=\"caption-attachment-165\" class=\"wp-image-165 size-full\" src=\"https:\/\/ueflibraryfys.files.wordpress.com\/2015\/08\/bo4.jpg?w=584\" alt=\"Not -operaattorin toimintaperiaate osoitettuan kahden limitt\u00e4isen ympyr\u00e4n avulla. \" width=\"130\" height=\"81\" \/><p id=\"caption-attachment-165\" class=\"wp-caption-text\">maatalous NOT puutarhatuotanto<\/p><\/div>\n<\/div>\n<p><strong>NOT-operaatiossa<\/strong> edellytet\u00e4\u00e4n, ett\u00e4 tietty sana ei saa esiinty\u00e4 tietueessa lainkaan.<br \/>\nNot-operaatiota tarvitaan harvemmin ja sit\u00e4 kannattaakin k\u00e4ytt\u00e4\u00e4 harkiten, koska se voi sulkea hakutuloksesta pois my\u00f6s hy\u00f6dyllisi\u00e4 tietueita.<\/p>\n<p>Katso video (n. 2,5 min) operaattoreista:<\/p>\n<p><iframe loading=\"lazy\" title=\"It\u00e4-Suomen yliopiston kirjasto: Boolen logiikka\" width=\"500\" height=\"375\" src=\"https:\/\/www.youtube.com\/embed\/BuPJeCj90wo?feature=oembed\" frameborder=\"0\" allow=\"accelerometer; autoplay; clipboard-write; encrypted-media; gyroscope; picture-in-picture; web-share\" referrerpolicy=\"strict-origin-when-cross-origin\" allowfullscreen><\/iframe><\/p>\n<hr \/>\n<div id=\"attachment_69\" style=\"width: 113px\" class=\"wp-caption alignleft\"><img loading=\"lazy\" decoding=\"async\" aria-describedby=\"caption-attachment-69\" class=\"wp-image-69 size-full\" src=\"https:\/\/blogs.uef.fi\/tiedonhaku-maantiede\/wp-content\/uploads\/sites\/53\/2015\/11\/bo5.jpg\" alt=\"(ilmastopolitiikka OR ymp\u00e4rist\u00f6politiikka) AND talous -operaattoreiden toimintaperiaate osoitettuan kolmen limitt\u00e4isen ympyr\u00e4n avulla. \" width=\"103\" height=\"98\" \/><p id=\"caption-attachment-69\" class=\"wp-caption-text\">(ilmastopolitiikka OR ymp\u00e4rist\u00f6politiikka) AND talous<\/p><\/div>\n<p>Samaan hakulauseeseen voi yhdist\u00e4\u00e4 <strong>useita operaatioita. <\/strong>Jos hakulauseessa on yht\u00e4 aikaa AND- ja OR-operaattori, haun loogisuus pit\u00e4\u00e4 viel\u00e4 varmistaa. Yleens\u00e4 t\u00e4ll\u00f6in tavoitellaan kuvan kaltaista tilannetta (vasemmalla).<\/p>\n<p>Usein AND-operaatio suoritetaan ennen OR-operaatiota kirjoitusj\u00e4rjestyksest\u00e4 riippumatta. Haussa, jossa on sek\u00e4 AND- ett\u00e4 OR-operaatio, on hakutuloksen loogisuuden kannalta t\u00e4rke\u00e4\u00e4, ett\u00e4 <strong>OR-operaatio toteutuu ensin.<\/strong> T\u00e4m\u00e4n saa aikaiseksi sulkumerkeill\u00e4 tai sanojen oikealla ryhmittelyll\u00e4 (Advanced-haku).<\/p>\n<div class=\"mceTemp\">\n<div id=\"attachment_169\" style=\"width: 116px\" class=\"wp-caption alignright\"><img loading=\"lazy\" decoding=\"async\" aria-describedby=\"caption-attachment-169\" class=\"wp-image-169 size-full\" src=\"https:\/\/ueflibraryfys.files.wordpress.com\/2015\/08\/bo6.jpg?w=584\" alt=\"ilmastopolitiikka OR ymp\u00e4rist\u00f6politiikka AND talous -operaattoreiden toimintaperiaate osoitettuan kolmen limitt\u00e4isen ympyr\u00e4n avulla. \" width=\"106\" height=\"98\" \/><p id=\"caption-attachment-169\" class=\"wp-caption-text\">ilmastopolitiikka OR ymp\u00e4rist\u00f6politiikka AND talous<\/p><\/div>\n<\/div>\n<p>Jos sulkuja ei ole, k\u00e4y siten, ett\u00e4 saadaan tietoa taloudesta ja ymp\u00e4rist\u00f6politiikasta (t\u00e4m\u00e4 on ok!) sek\u00e4 kaikkea mahdollista tietoa ilmastopolitiikasta. Hakulause \u201cvuotaa\u201d (oikealla):<\/p>\n<hr \/>\n<p><strong>Hakulauseen kirjoitustapa riippuu aina tietokannasta.<\/strong><\/p>\n<p>Kun kirjoitat hakuun useampia sanoja, tied\u00e4tk\u00f6, mit\u00e4 itse asiassa olet k\u00e4sket ohjelman hakea?<\/p>\n<ul>\n<li>Onko kyseess\u00e4<strong> fraasi vai and-operaatio<\/strong>?<\/li>\n<li><strong>Miss\u00e4 j\u00e4rjestyksess\u00e4<\/strong> operaatiot toteutuvat, toimiiko haun logiikka?<\/li>\n<li>Tulevatko sanan taivutusmuodot mukaan automaattisesti, mik\u00e4 on <strong>katkaisumerkki<\/strong>?<\/li>\n<li><strong>Mist\u00e4 kentist\u00e4<\/strong> hakusanoja haetaan?<\/li>\n<\/ul>\n<p>Perusasiat voivat selvit\u00e4 hakun\u00e4yt\u00f6n ohjeita seuraamalla. Kunkin tietokannan Help-osiosta l\u00f6ytyy lis\u00e4\u00e4 vinkkej\u00e4<\/p>\n","protected":false},"excerpt":{"rendered":"<p>Hakusanojen yhdist\u00e4minen &nbsp; Hakusanat ja niit\u00e4 yhdist\u00e4v\u00e4t operaattorit muodostavat hakulauseen. Operaattoreita eli Boolen logiikkaa k\u00e4ytet\u00e4\u00e4n kaikissa tietokannoissa, joten sen osaaminen on yksi tiedonhaun perustaidoista. Esimerkkej\u00e4 hakulauseista: maank\u00e4ytt\u00f6 maantieto AND opetus (ilmastopolitiikka OR ymp\u00e4rist\u00f6politiikka) AND maatalous kaivokset AND &#8221;yhteiskunnalliset vaikutukset&#8221; (kaivo* OR mine* OR mining) AND (sosiaali* OR yhteiskunnalli* OR social) AND (vaikutu* OR effect* OR [&hellip;]<\/p>\n","protected":false},"author":127,"featured_media":0,"parent":0,"menu_order":0,"comment_status":"closed","ping_status":"open","template":"","meta":{"_acf_changed":false,"footnotes":""},"class_list":["post-68","page","type-page","status-publish","hentry"],"acf":[],"yoast_head":"<!-- This site is optimized with the Yoast SEO plugin v27.3 - https:\/\/yoast.com\/product\/yoast-seo-wordpress\/ -->\n<title>Hakusanojen yhdist\u00e4minen - Maantieteen ja ymp\u00e4rist\u00f6politiikan tiedonhaku<\/title>\n<meta name=\"robots\" content=\"index, follow, max-snippet:-1, max-image-preview:large, max-video-preview:-1\" \/>\n<link rel=\"canonical\" href=\"https:\/\/blogs.uef.fi\/tiedonhaku-maantiede\/hakulauseet\/\" \/>\n<meta property=\"og:locale\" content=\"fi_FI\" \/>\n<meta property=\"og:type\" content=\"article\" \/>\n<meta property=\"og:title\" content=\"Hakusanojen yhdist\u00e4minen - Maantieteen ja ymp\u00e4rist\u00f6politiikan tiedonhaku\" \/>\n<meta property=\"og:description\" content=\"Hakusanojen yhdist\u00e4minen &nbsp; Hakusanat ja niit\u00e4 yhdist\u00e4v\u00e4t operaattorit muodostavat hakulauseen. Operaattoreita eli Boolen logiikkaa k\u00e4ytet\u00e4\u00e4n kaikissa tietokannoissa, joten sen osaaminen on yksi tiedonhaun perustaidoista. Esimerkkej\u00e4 hakulauseista: maank\u00e4ytt\u00f6 maantieto AND opetus (ilmastopolitiikka OR ymp\u00e4rist\u00f6politiikka) AND maatalous kaivokset AND &#8221;yhteiskunnalliset vaikutukset&#8221; (kaivo* OR mine* OR mining) AND (sosiaali* OR yhteiskunnalli* OR social) AND (vaikutu* OR effect* OR [&hellip;]\" \/>\n<meta property=\"og:url\" content=\"https:\/\/blogs.uef.fi\/tiedonhaku-maantiede\/hakulauseet\/\" \/>\n<meta property=\"og:site_name\" content=\"Maantieteen ja ymp\u00e4rist\u00f6politiikan tiedonhaku\" \/>\n<meta property=\"article:modified_time\" content=\"2021-11-19T14:44:30+00:00\" \/>\n<meta property=\"og:image\" content=\"https:\/\/ueflibraryfys.files.wordpress.com\/2015\/08\/bo1.jpg?w=584\" \/>\n<meta name=\"twitter:card\" content=\"summary_large_image\" \/>\n<meta name=\"twitter:label1\" content=\"Arvioitu lukuaika\" \/>\n\t<meta name=\"twitter:data1\" content=\"2 minuuttia\" \/>\n<script type=\"application\/ld+json\" class=\"yoast-schema-graph\">{\"@context\":\"https:\\\/\\\/schema.org\",\"@graph\":[{\"@type\":\"WebPage\",\"@id\":\"https:\\\/\\\/blogs.uef.fi\\\/tiedonhaku-maantiede\\\/hakulauseet\\\/\",\"url\":\"https:\\\/\\\/blogs.uef.fi\\\/tiedonhaku-maantiede\\\/hakulauseet\\\/\",\"name\":\"Hakusanojen yhdist\u00e4minen - Maantieteen ja ymp\u00e4rist\u00f6politiikan tiedonhaku\",\"isPartOf\":{\"@id\":\"https:\\\/\\\/blogs.uef.fi\\\/tiedonhaku-maantiede\\\/#website\"},\"primaryImageOfPage\":{\"@id\":\"https:\\\/\\\/blogs.uef.fi\\\/tiedonhaku-maantiede\\\/hakulauseet\\\/#primaryimage\"},\"image\":{\"@id\":\"https:\\\/\\\/blogs.uef.fi\\\/tiedonhaku-maantiede\\\/hakulauseet\\\/#primaryimage\"},\"thumbnailUrl\":\"https:\\\/\\\/ueflibraryfys.files.wordpress.com\\\/2015\\\/08\\\/bo1.jpg?w=584\",\"datePublished\":\"2015-11-11T07:59:28+00:00\",\"dateModified\":\"2021-11-19T14:44:30+00:00\",\"breadcrumb\":{\"@id\":\"https:\\\/\\\/blogs.uef.fi\\\/tiedonhaku-maantiede\\\/hakulauseet\\\/#breadcrumb\"},\"inLanguage\":\"fi\",\"potentialAction\":[{\"@type\":\"ReadAction\",\"target\":[\"https:\\\/\\\/blogs.uef.fi\\\/tiedonhaku-maantiede\\\/hakulauseet\\\/\"]}]},{\"@type\":\"ImageObject\",\"inLanguage\":\"fi\",\"@id\":\"https:\\\/\\\/blogs.uef.fi\\\/tiedonhaku-maantiede\\\/hakulauseet\\\/#primaryimage\",\"url\":\"https:\\\/\\\/ueflibraryfys.files.wordpress.com\\\/2015\\\/08\\\/bo1.jpg?w=584\",\"contentUrl\":\"https:\\\/\\\/ueflibraryfys.files.wordpress.com\\\/2015\\\/08\\\/bo1.jpg?w=584\"},{\"@type\":\"BreadcrumbList\",\"@id\":\"https:\\\/\\\/blogs.uef.fi\\\/tiedonhaku-maantiede\\\/hakulauseet\\\/#breadcrumb\",\"itemListElement\":[{\"@type\":\"ListItem\",\"position\":1,\"name\":\"Home\",\"item\":\"https:\\\/\\\/blogs.uef.fi\\\/tiedonhaku-maantiede\\\/\"},{\"@type\":\"ListItem\",\"position\":2,\"name\":\"Hakusanojen yhdist\u00e4minen\"}]},{\"@type\":\"WebSite\",\"@id\":\"https:\\\/\\\/blogs.uef.fi\\\/tiedonhaku-maantiede\\\/#website\",\"url\":\"https:\\\/\\\/blogs.uef.fi\\\/tiedonhaku-maantiede\\\/\",\"name\":\"Maantieteen ja ymp\u00e4rist\u00f6politiikan tiedonhaku\",\"description\":\"\",\"potentialAction\":[{\"@type\":\"SearchAction\",\"target\":{\"@type\":\"EntryPoint\",\"urlTemplate\":\"https:\\\/\\\/blogs.uef.fi\\\/tiedonhaku-maantiede\\\/?s={search_term_string}\"},\"query-input\":{\"@type\":\"PropertyValueSpecification\",\"valueRequired\":true,\"valueName\":\"search_term_string\"}}],\"inLanguage\":\"fi\"}]}<\/script>\n<!-- \/ Yoast SEO plugin. -->","yoast_head_json":{"title":"Hakusanojen yhdist\u00e4minen - Maantieteen ja ymp\u00e4rist\u00f6politiikan tiedonhaku","robots":{"index":"index","follow":"follow","max-snippet":"max-snippet:-1","max-image-preview":"max-image-preview:large","max-video-preview":"max-video-preview:-1"},"canonical":"https:\/\/blogs.uef.fi\/tiedonhaku-maantiede\/hakulauseet\/","og_locale":"fi_FI","og_type":"article","og_title":"Hakusanojen yhdist\u00e4minen - Maantieteen ja ymp\u00e4rist\u00f6politiikan tiedonhaku","og_description":"Hakusanojen yhdist\u00e4minen &nbsp; Hakusanat ja niit\u00e4 yhdist\u00e4v\u00e4t operaattorit muodostavat hakulauseen. Operaattoreita eli Boolen logiikkaa k\u00e4ytet\u00e4\u00e4n kaikissa tietokannoissa, joten sen osaaminen on yksi tiedonhaun perustaidoista. Esimerkkej\u00e4 hakulauseista: maank\u00e4ytt\u00f6 maantieto AND opetus (ilmastopolitiikka OR ymp\u00e4rist\u00f6politiikka) AND maatalous kaivokset AND &#8221;yhteiskunnalliset vaikutukset&#8221; (kaivo* OR mine* OR mining) AND (sosiaali* OR yhteiskunnalli* OR social) AND (vaikutu* OR effect* OR [&hellip;]","og_url":"https:\/\/blogs.uef.fi\/tiedonhaku-maantiede\/hakulauseet\/","og_site_name":"Maantieteen ja ymp\u00e4rist\u00f6politiikan tiedonhaku","article_modified_time":"2021-11-19T14:44:30+00:00","og_image":[{"url":"https:\/\/ueflibraryfys.files.wordpress.com\/2015\/08\/bo1.jpg?w=584","type":"","width":"","height":""}],"twitter_card":"summary_large_image","twitter_misc":{"Arvioitu lukuaika":"2 minuuttia"},"schema":{"@context":"https:\/\/schema.org","@graph":[{"@type":"WebPage","@id":"https:\/\/blogs.uef.fi\/tiedonhaku-maantiede\/hakulauseet\/","url":"https:\/\/blogs.uef.fi\/tiedonhaku-maantiede\/hakulauseet\/","name":"Hakusanojen yhdist\u00e4minen - Maantieteen ja ymp\u00e4rist\u00f6politiikan tiedonhaku","isPartOf":{"@id":"https:\/\/blogs.uef.fi\/tiedonhaku-maantiede\/#website"},"primaryImageOfPage":{"@id":"https:\/\/blogs.uef.fi\/tiedonhaku-maantiede\/hakulauseet\/#primaryimage"},"image":{"@id":"https:\/\/blogs.uef.fi\/tiedonhaku-maantiede\/hakulauseet\/#primaryimage"},"thumbnailUrl":"https:\/\/ueflibraryfys.files.wordpress.com\/2015\/08\/bo1.jpg?w=584","datePublished":"2015-11-11T07:59:28+00:00","dateModified":"2021-11-19T14:44:30+00:00","breadcrumb":{"@id":"https:\/\/blogs.uef.fi\/tiedonhaku-maantiede\/hakulauseet\/#breadcrumb"},"inLanguage":"fi","potentialAction":[{"@type":"ReadAction","target":["https:\/\/blogs.uef.fi\/tiedonhaku-maantiede\/hakulauseet\/"]}]},{"@type":"ImageObject","inLanguage":"fi","@id":"https:\/\/blogs.uef.fi\/tiedonhaku-maantiede\/hakulauseet\/#primaryimage","url":"https:\/\/ueflibraryfys.files.wordpress.com\/2015\/08\/bo1.jpg?w=584","contentUrl":"https:\/\/ueflibraryfys.files.wordpress.com\/2015\/08\/bo1.jpg?w=584"},{"@type":"BreadcrumbList","@id":"https:\/\/blogs.uef.fi\/tiedonhaku-maantiede\/hakulauseet\/#breadcrumb","itemListElement":[{"@type":"ListItem","position":1,"name":"Home","item":"https:\/\/blogs.uef.fi\/tiedonhaku-maantiede\/"},{"@type":"ListItem","position":2,"name":"Hakusanojen yhdist\u00e4minen"}]},{"@type":"WebSite","@id":"https:\/\/blogs.uef.fi\/tiedonhaku-maantiede\/#website","url":"https:\/\/blogs.uef.fi\/tiedonhaku-maantiede\/","name":"Maantieteen ja ymp\u00e4rist\u00f6politiikan tiedonhaku","description":"","potentialAction":[{"@type":"SearchAction","target":{"@type":"EntryPoint","urlTemplate":"https:\/\/blogs.uef.fi\/tiedonhaku-maantiede\/?s={search_term_string}"},"query-input":{"@type":"PropertyValueSpecification","valueRequired":true,"valueName":"search_term_string"}}],"inLanguage":"fi"}]}},"_links":{"self":[{"href":"https:\/\/blogs.uef.fi\/tiedonhaku-maantiede\/wp-json\/wp\/v2\/pages\/68","targetHints":{"allow":["GET"]}}],"collection":[{"href":"https:\/\/blogs.uef.fi\/tiedonhaku-maantiede\/wp-json\/wp\/v2\/pages"}],"about":[{"href":"https:\/\/blogs.uef.fi\/tiedonhaku-maantiede\/wp-json\/wp\/v2\/types\/page"}],"author":[{"embeddable":true,"href":"https:\/\/blogs.uef.fi\/tiedonhaku-maantiede\/wp-json\/wp\/v2\/users\/127"}],"replies":[{"embeddable":true,"href":"https:\/\/blogs.uef.fi\/tiedonhaku-maantiede\/wp-json\/wp\/v2\/comments?post=68"}],"version-history":[{"count":3,"href":"https:\/\/blogs.uef.fi\/tiedonhaku-maantiede\/wp-json\/wp\/v2\/pages\/68\/revisions"}],"predecessor-version":[{"id":1996,"href":"https:\/\/blogs.uef.fi\/tiedonhaku-maantiede\/wp-json\/wp\/v2\/pages\/68\/revisions\/1996"}],"wp:attachment":[{"href":"https:\/\/blogs.uef.fi\/tiedonhaku-maantiede\/wp-json\/wp\/v2\/media?parent=68"}],"curies":[{"name":"wp","href":"https:\/\/api.w.org\/{rel}","templated":true}]}}