{"id":65,"date":"2015-11-11T07:51:48","date_gmt":"2015-11-11T07:51:48","guid":{"rendered":"https:\/\/ueflibrarygeo.wordpress.com\/?page_id=65"},"modified":"2020-11-02T13:05:48","modified_gmt":"2020-11-02T11:05:48","slug":"hakutapoja","status":"publish","type":"page","link":"https:\/\/blogs.uef.fi\/tiedonhaku-maantiede\/hakutapoja\/","title":{"rendered":"Hakutapoja"},"content":{"rendered":"<h1>Hakutapoja<\/h1>\n<p>&nbsp;<\/p>\n<p>Tiedonhakuja voi l\u00e4hesty\u00e4 eri tavoin:<\/p>\n<h2>\u201cQuick and simple\u201d<\/h2>\n<p>Haetaan <strong>yksitt\u00e4isell\u00e4 hakusanalla tai fraasilla<\/strong>, jotta saadaan k\u00e4sitys, kuinka yleinen\/harvinainen aihealue on. Tuloksista voi l\u00f6yty\u00e4 <strong>muutamia hyvi\u00e4<\/strong> osumia omaan aiheeseen.<\/p>\n<p><img loading=\"lazy\" decoding=\"async\" class=\"aligncenter wp-image-815 size-full\" src=\"https:\/\/blogs.uef.fi\/tiedonhaku-maantiede\/wp-content\/uploads\/sites\/53\/2020\/01\/GEOyksi.png\" alt=\"Uef Primo haku aapasuo* -hakusanalla, joka toi viisi hakutulosta. \" width=\"1641\" height=\"568\" srcset=\"https:\/\/blogs.uef.fi\/tiedonhaku-maantiede\/wp-content\/uploads\/sites\/53\/2020\/01\/GEOyksi.png 1641w, https:\/\/blogs.uef.fi\/tiedonhaku-maantiede\/wp-content\/uploads\/sites\/53\/2020\/01\/GEOyksi-300x104.png 300w, https:\/\/blogs.uef.fi\/tiedonhaku-maantiede\/wp-content\/uploads\/sites\/53\/2020\/01\/GEOyksi-768x266.png 768w, https:\/\/blogs.uef.fi\/tiedonhaku-maantiede\/wp-content\/uploads\/sites\/53\/2020\/01\/GEOyksi-1024x354.png 1024w, https:\/\/blogs.uef.fi\/tiedonhaku-maantiede\/wp-content\/uploads\/sites\/53\/2020\/01\/GEOyksi-1098x380.png 1098w\" sizes=\"auto, (max-width: 1641px) 100vw, 1641px\" \/><\/p>\n<h3><\/h3>\n<h2>Laajemmasta suppeampaan<\/h2>\n<p>Aluksi valitaan tarpeeksi <strong>suuri aihealue, ja aletaan rajata<\/strong> sit\u00e4 tarkentavilla ja rajaavilla k\u00e4sitteill\u00e4 (tai esim. kielell\u00e4, julkaisuvuodella yms.)<\/p>\n<p><img loading=\"lazy\" decoding=\"async\" class=\"alignnone wp-image-259 size-full\" src=\"https:\/\/blogs.uef.fi\/tiedonhaku-maantiede\/wp-content\/uploads\/sites\/53\/2016\/11\/laajasta.jpg\" alt=\"Laajaa Web of Science -hakutulosta pienennet\u00e4\u00e4n toisella hakusanalla ja rajauksilla\" width=\"859\" height=\"746\" srcset=\"https:\/\/blogs.uef.fi\/tiedonhaku-maantiede\/wp-content\/uploads\/sites\/53\/2016\/11\/laajasta.jpg 859w, https:\/\/blogs.uef.fi\/tiedonhaku-maantiede\/wp-content\/uploads\/sites\/53\/2016\/11\/laajasta-300x261.jpg 300w, https:\/\/blogs.uef.fi\/tiedonhaku-maantiede\/wp-content\/uploads\/sites\/53\/2016\/11\/laajasta-768x667.jpg 768w\" sizes=\"auto, (max-width: 859px) 100vw, 859px\" \/><\/p>\n<h3><\/h3>\n<h2>Suppeammasta laajempaan<\/h2>\n<p>Ellei tarkasti m\u00e4\u00e4ritelty haku anna tarpeeksi tuloksia, mietit\u00e4\u00e4n, mihin <strong>laajempaan aihealueeseen<\/strong> hakuaihe liittyy.<\/p>\n<p><img loading=\"lazy\" decoding=\"async\" class=\"aligncenter wp-image-817 size-full\" src=\"https:\/\/blogs.uef.fi\/tiedonhaku-maantiede\/wp-content\/uploads\/sites\/53\/2020\/01\/GEOlaajenna.png\" alt=\"Hakutuloksia saadaan enemm\u00e4n lis\u00e4\u00e4m\u00e4ll\u00e4 hakulausekkeeseen laajempi termi. \" width=\"1255\" height=\"1059\" srcset=\"https:\/\/blogs.uef.fi\/tiedonhaku-maantiede\/wp-content\/uploads\/sites\/53\/2020\/01\/GEOlaajenna.png 1255w, https:\/\/blogs.uef.fi\/tiedonhaku-maantiede\/wp-content\/uploads\/sites\/53\/2020\/01\/GEOlaajenna-300x253.png 300w, https:\/\/blogs.uef.fi\/tiedonhaku-maantiede\/wp-content\/uploads\/sites\/53\/2020\/01\/GEOlaajenna-768x648.png 768w, https:\/\/blogs.uef.fi\/tiedonhaku-maantiede\/wp-content\/uploads\/sites\/53\/2020\/01\/GEOlaajenna-1024x864.png 1024w, https:\/\/blogs.uef.fi\/tiedonhaku-maantiede\/wp-content\/uploads\/sites\/53\/2020\/01\/GEOlaajenna-450x380.png 450w\" sizes=\"auto, (max-width: 1255px) 100vw, 1255px\" \/><\/p>\n<h3><\/h3>\n<h2>\u201cHelmenkasvatus\u201d\/j\u00e4ljityshaku<\/h2>\n<p>L\u00e4hdet\u00e4\u00e4n liikkeelle niukoista tiedoista ja t\u00e4ydennet\u00e4\u00e4n hakua ja hakutermej\u00e4 haun aikana saatujen tulosten perusteella. Seurataan aineiston tarjoamia <strong>johtolankoja uusiin relevantteihin l\u00e4hteisiin<\/strong>. Tuloksesta saadaan vihjeit\u00e4 uusiksi <strong>hakusanoiksi, tiedonl\u00e4hteiksi, tekij\u00f6iksi, julkaisusarjan tai organisaation<\/strong> l\u00f6yt\u00e4miseksi tai omien ideoiden t\u00e4sment\u00e4miseksi.<\/p>\n<p>\u2013 Hyv\u00e4n kirjan tai artikkelin l\u00f6ydytty\u00e4 haetaan sen <strong>kirjoittajan<\/strong> muita julkaisuja, tai katsotaan l\u00e4hteen sis\u00e4lt\u00f6\u00e4 kuvaavia <strong>asiasanoja,<\/strong> ja haetaan niill\u00e4 lis\u00e4\u00e4 aineistoa.<\/p>\n<p>\u2013 Mielenkiintoisen julkaisun <strong>l\u00e4hdeluettelo<\/strong> johtaa uusiin julkaisuihin ja uusiin hakusanoihin.<\/p>\n<p><img loading=\"lazy\" decoding=\"async\" class=\"alignnone wp-image-262 size-full\" src=\"https:\/\/blogs.uef.fi\/tiedonhaku-maantiede\/wp-content\/uploads\/sites\/53\/2016\/11\/helmi.jpg\" alt=\"Aiheet -kohdasta voi l\u00f6yt\u00e4\u00e4 asiasanoja, jotka kasvattavat hakutulosta. \" width=\"841\" height=\"812\" srcset=\"https:\/\/blogs.uef.fi\/tiedonhaku-maantiede\/wp-content\/uploads\/sites\/53\/2016\/11\/helmi.jpg 841w, https:\/\/blogs.uef.fi\/tiedonhaku-maantiede\/wp-content\/uploads\/sites\/53\/2016\/11\/helmi-300x290.jpg 300w, https:\/\/blogs.uef.fi\/tiedonhaku-maantiede\/wp-content\/uploads\/sites\/53\/2016\/11\/helmi-768x742.jpg 768w\" sizes=\"auto, (max-width: 841px) 100vw, 841px\" \/><\/p>\n<h3><\/h3>\n<h2>Selailu<\/h2>\n<p>Tietokannoissa voit my\u00f6s selailla (browse), esim. tietyn <strong>lehden artikkeleita tai aihealueita.<\/strong><\/p>\n<hr \/>\n<p>Tietokantahakuja ja niiden tuloksia kannattaa k\u00e4ytt\u00e4\u00e4 hyv\u00e4ksi jo tutkimusty\u00f6n suunnittelu-, valmistelu- ja ideointivaiheessa. Se auttaa aiheen k\u00e4sitteiden ja hakusanojen hahmottelussa ja ker\u00e4\u00e4misess\u00e4<\/p>\n","protected":false},"excerpt":{"rendered":"<p>Hakutapoja &nbsp; Tiedonhakuja voi l\u00e4hesty\u00e4 eri tavoin: \u201cQuick and simple\u201d Haetaan yksitt\u00e4isell\u00e4 hakusanalla tai fraasilla, jotta saadaan k\u00e4sitys, kuinka yleinen\/harvinainen aihealue on. Tuloksista voi l\u00f6yty\u00e4 muutamia hyvi\u00e4 osumia omaan aiheeseen. Laajemmasta suppeampaan Aluksi valitaan tarpeeksi suuri aihealue, ja aletaan rajata sit\u00e4 tarkentavilla ja rajaavilla k\u00e4sitteill\u00e4 (tai esim. kielell\u00e4, julkaisuvuodella yms.) Suppeammasta laajempaan Ellei tarkasti m\u00e4\u00e4ritelty [&hellip;]<\/p>\n","protected":false},"author":127,"featured_media":0,"parent":0,"menu_order":0,"comment_status":"closed","ping_status":"closed","template":"","meta":{"_acf_changed":false,"footnotes":""},"class_list":["post-65","page","type-page","status-publish","hentry"],"acf":[],"yoast_head":"<!-- This site is optimized with the Yoast SEO plugin v27.1.1 - https:\/\/yoast.com\/product\/yoast-seo-wordpress\/ -->\n<title>Hakutapoja - Maantieteen ja ymp\u00e4rist\u00f6politiikan tiedonhaku<\/title>\n<meta name=\"robots\" content=\"index, follow, max-snippet:-1, max-image-preview:large, max-video-preview:-1\" \/>\n<link rel=\"canonical\" href=\"https:\/\/blogs.uef.fi\/tiedonhaku-maantiede\/hakutapoja\/\" \/>\n<meta property=\"og:locale\" content=\"fi_FI\" \/>\n<meta property=\"og:type\" content=\"article\" \/>\n<meta property=\"og:title\" content=\"Hakutapoja - Maantieteen ja ymp\u00e4rist\u00f6politiikan tiedonhaku\" \/>\n<meta property=\"og:description\" content=\"Hakutapoja &nbsp; Tiedonhakuja voi l\u00e4hesty\u00e4 eri tavoin: \u201cQuick and simple\u201d Haetaan yksitt\u00e4isell\u00e4 hakusanalla tai fraasilla, jotta saadaan k\u00e4sitys, kuinka yleinen\/harvinainen aihealue on. Tuloksista voi l\u00f6yty\u00e4 muutamia hyvi\u00e4 osumia omaan aiheeseen. Laajemmasta suppeampaan Aluksi valitaan tarpeeksi suuri aihealue, ja aletaan rajata sit\u00e4 tarkentavilla ja rajaavilla k\u00e4sitteill\u00e4 (tai esim. kielell\u00e4, julkaisuvuodella yms.) Suppeammasta laajempaan Ellei tarkasti m\u00e4\u00e4ritelty [&hellip;]\" \/>\n<meta property=\"og:url\" content=\"https:\/\/blogs.uef.fi\/tiedonhaku-maantiede\/hakutapoja\/\" \/>\n<meta property=\"og:site_name\" content=\"Maantieteen ja ymp\u00e4rist\u00f6politiikan tiedonhaku\" \/>\n<meta property=\"article:modified_time\" content=\"2020-11-02T11:05:48+00:00\" \/>\n<meta property=\"og:image\" content=\"https:\/\/blogs.uef.fi\/tiedonhaku-maantiede\/wp-content\/uploads\/sites\/53\/2020\/01\/GEOyksi.png\" \/>\n<meta name=\"twitter:card\" content=\"summary_large_image\" \/>\n<meta name=\"twitter:label1\" content=\"Arvioitu lukuaika\" \/>\n\t<meta name=\"twitter:data1\" content=\"1 minuutti\" \/>\n<script type=\"application\/ld+json\" class=\"yoast-schema-graph\">{\"@context\":\"https:\/\/schema.org\",\"@graph\":[{\"@type\":\"WebPage\",\"@id\":\"https:\/\/blogs.uef.fi\/tiedonhaku-maantiede\/hakutapoja\/\",\"url\":\"https:\/\/blogs.uef.fi\/tiedonhaku-maantiede\/hakutapoja\/\",\"name\":\"Hakutapoja - Maantieteen ja ymp\u00e4rist\u00f6politiikan tiedonhaku\",\"isPartOf\":{\"@id\":\"https:\/\/blogs.uef.fi\/tiedonhaku-maantiede\/#website\"},\"primaryImageOfPage\":{\"@id\":\"https:\/\/blogs.uef.fi\/tiedonhaku-maantiede\/hakutapoja\/#primaryimage\"},\"image\":{\"@id\":\"https:\/\/blogs.uef.fi\/tiedonhaku-maantiede\/hakutapoja\/#primaryimage\"},\"thumbnailUrl\":\"https:\/\/blogs.uef.fi\/tiedonhaku-maantiede\/wp-content\/uploads\/sites\/53\/2020\/01\/GEOyksi.png\",\"datePublished\":\"2015-11-11T07:51:48+00:00\",\"dateModified\":\"2020-11-02T11:05:48+00:00\",\"breadcrumb\":{\"@id\":\"https:\/\/blogs.uef.fi\/tiedonhaku-maantiede\/hakutapoja\/#breadcrumb\"},\"inLanguage\":\"fi\",\"potentialAction\":[{\"@type\":\"ReadAction\",\"target\":[\"https:\/\/blogs.uef.fi\/tiedonhaku-maantiede\/hakutapoja\/\"]}]},{\"@type\":\"ImageObject\",\"inLanguage\":\"fi\",\"@id\":\"https:\/\/blogs.uef.fi\/tiedonhaku-maantiede\/hakutapoja\/#primaryimage\",\"url\":\"https:\/\/blogs.uef.fi\/tiedonhaku-maantiede\/wp-content\/uploads\/sites\/53\/2020\/01\/GEOyksi.png\",\"contentUrl\":\"https:\/\/blogs.uef.fi\/tiedonhaku-maantiede\/wp-content\/uploads\/sites\/53\/2020\/01\/GEOyksi.png\",\"width\":1641,\"height\":568},{\"@type\":\"BreadcrumbList\",\"@id\":\"https:\/\/blogs.uef.fi\/tiedonhaku-maantiede\/hakutapoja\/#breadcrumb\",\"itemListElement\":[{\"@type\":\"ListItem\",\"position\":1,\"name\":\"Home\",\"item\":\"https:\/\/blogs.uef.fi\/tiedonhaku-maantiede\/\"},{\"@type\":\"ListItem\",\"position\":2,\"name\":\"Hakutapoja\"}]},{\"@type\":\"WebSite\",\"@id\":\"https:\/\/blogs.uef.fi\/tiedonhaku-maantiede\/#website\",\"url\":\"https:\/\/blogs.uef.fi\/tiedonhaku-maantiede\/\",\"name\":\"Maantieteen ja ymp\u00e4rist\u00f6politiikan tiedonhaku\",\"description\":\"\",\"potentialAction\":[{\"@type\":\"SearchAction\",\"target\":{\"@type\":\"EntryPoint\",\"urlTemplate\":\"https:\/\/blogs.uef.fi\/tiedonhaku-maantiede\/?s={search_term_string}\"},\"query-input\":{\"@type\":\"PropertyValueSpecification\",\"valueRequired\":true,\"valueName\":\"search_term_string\"}}],\"inLanguage\":\"fi\"}]}<\/script>\n<!-- \/ Yoast SEO plugin. -->","yoast_head_json":{"title":"Hakutapoja - Maantieteen ja ymp\u00e4rist\u00f6politiikan tiedonhaku","robots":{"index":"index","follow":"follow","max-snippet":"max-snippet:-1","max-image-preview":"max-image-preview:large","max-video-preview":"max-video-preview:-1"},"canonical":"https:\/\/blogs.uef.fi\/tiedonhaku-maantiede\/hakutapoja\/","og_locale":"fi_FI","og_type":"article","og_title":"Hakutapoja - Maantieteen ja ymp\u00e4rist\u00f6politiikan tiedonhaku","og_description":"Hakutapoja &nbsp; Tiedonhakuja voi l\u00e4hesty\u00e4 eri tavoin: \u201cQuick and simple\u201d Haetaan yksitt\u00e4isell\u00e4 hakusanalla tai fraasilla, jotta saadaan k\u00e4sitys, kuinka yleinen\/harvinainen aihealue on. Tuloksista voi l\u00f6yty\u00e4 muutamia hyvi\u00e4 osumia omaan aiheeseen. Laajemmasta suppeampaan Aluksi valitaan tarpeeksi suuri aihealue, ja aletaan rajata sit\u00e4 tarkentavilla ja rajaavilla k\u00e4sitteill\u00e4 (tai esim. kielell\u00e4, julkaisuvuodella yms.) Suppeammasta laajempaan Ellei tarkasti m\u00e4\u00e4ritelty [&hellip;]","og_url":"https:\/\/blogs.uef.fi\/tiedonhaku-maantiede\/hakutapoja\/","og_site_name":"Maantieteen ja ymp\u00e4rist\u00f6politiikan tiedonhaku","article_modified_time":"2020-11-02T11:05:48+00:00","og_image":[{"url":"https:\/\/blogs.uef.fi\/tiedonhaku-maantiede\/wp-content\/uploads\/sites\/53\/2020\/01\/GEOyksi.png","type":"","width":"","height":""}],"twitter_card":"summary_large_image","twitter_misc":{"Arvioitu lukuaika":"1 minuutti"},"schema":{"@context":"https:\/\/schema.org","@graph":[{"@type":"WebPage","@id":"https:\/\/blogs.uef.fi\/tiedonhaku-maantiede\/hakutapoja\/","url":"https:\/\/blogs.uef.fi\/tiedonhaku-maantiede\/hakutapoja\/","name":"Hakutapoja - Maantieteen ja ymp\u00e4rist\u00f6politiikan tiedonhaku","isPartOf":{"@id":"https:\/\/blogs.uef.fi\/tiedonhaku-maantiede\/#website"},"primaryImageOfPage":{"@id":"https:\/\/blogs.uef.fi\/tiedonhaku-maantiede\/hakutapoja\/#primaryimage"},"image":{"@id":"https:\/\/blogs.uef.fi\/tiedonhaku-maantiede\/hakutapoja\/#primaryimage"},"thumbnailUrl":"https:\/\/blogs.uef.fi\/tiedonhaku-maantiede\/wp-content\/uploads\/sites\/53\/2020\/01\/GEOyksi.png","datePublished":"2015-11-11T07:51:48+00:00","dateModified":"2020-11-02T11:05:48+00:00","breadcrumb":{"@id":"https:\/\/blogs.uef.fi\/tiedonhaku-maantiede\/hakutapoja\/#breadcrumb"},"inLanguage":"fi","potentialAction":[{"@type":"ReadAction","target":["https:\/\/blogs.uef.fi\/tiedonhaku-maantiede\/hakutapoja\/"]}]},{"@type":"ImageObject","inLanguage":"fi","@id":"https:\/\/blogs.uef.fi\/tiedonhaku-maantiede\/hakutapoja\/#primaryimage","url":"https:\/\/blogs.uef.fi\/tiedonhaku-maantiede\/wp-content\/uploads\/sites\/53\/2020\/01\/GEOyksi.png","contentUrl":"https:\/\/blogs.uef.fi\/tiedonhaku-maantiede\/wp-content\/uploads\/sites\/53\/2020\/01\/GEOyksi.png","width":1641,"height":568},{"@type":"BreadcrumbList","@id":"https:\/\/blogs.uef.fi\/tiedonhaku-maantiede\/hakutapoja\/#breadcrumb","itemListElement":[{"@type":"ListItem","position":1,"name":"Home","item":"https:\/\/blogs.uef.fi\/tiedonhaku-maantiede\/"},{"@type":"ListItem","position":2,"name":"Hakutapoja"}]},{"@type":"WebSite","@id":"https:\/\/blogs.uef.fi\/tiedonhaku-maantiede\/#website","url":"https:\/\/blogs.uef.fi\/tiedonhaku-maantiede\/","name":"Maantieteen ja ymp\u00e4rist\u00f6politiikan tiedonhaku","description":"","potentialAction":[{"@type":"SearchAction","target":{"@type":"EntryPoint","urlTemplate":"https:\/\/blogs.uef.fi\/tiedonhaku-maantiede\/?s={search_term_string}"},"query-input":{"@type":"PropertyValueSpecification","valueRequired":true,"valueName":"search_term_string"}}],"inLanguage":"fi"}]}},"_links":{"self":[{"href":"https:\/\/blogs.uef.fi\/tiedonhaku-maantiede\/wp-json\/wp\/v2\/pages\/65","targetHints":{"allow":["GET"]}}],"collection":[{"href":"https:\/\/blogs.uef.fi\/tiedonhaku-maantiede\/wp-json\/wp\/v2\/pages"}],"about":[{"href":"https:\/\/blogs.uef.fi\/tiedonhaku-maantiede\/wp-json\/wp\/v2\/types\/page"}],"author":[{"embeddable":true,"href":"https:\/\/blogs.uef.fi\/tiedonhaku-maantiede\/wp-json\/wp\/v2\/users\/127"}],"replies":[{"embeddable":true,"href":"https:\/\/blogs.uef.fi\/tiedonhaku-maantiede\/wp-json\/wp\/v2\/comments?post=65"}],"version-history":[{"count":3,"href":"https:\/\/blogs.uef.fi\/tiedonhaku-maantiede\/wp-json\/wp\/v2\/pages\/65\/revisions"}],"predecessor-version":[{"id":2011,"href":"https:\/\/blogs.uef.fi\/tiedonhaku-maantiede\/wp-json\/wp\/v2\/pages\/65\/revisions\/2011"}],"wp:attachment":[{"href":"https:\/\/blogs.uef.fi\/tiedonhaku-maantiede\/wp-json\/wp\/v2\/media?parent=65"}],"curies":[{"name":"wp","href":"https:\/\/api.w.org\/{rel}","templated":true}]}}