{"id":631,"date":"2018-11-22T15:51:41","date_gmt":"2018-11-22T13:51:41","guid":{"rendered":"https:\/\/blogs.uef.fi\/tiedonhaku-maantiede\/?page_id=631"},"modified":"2023-06-27T12:24:09","modified_gmt":"2023-06-27T09:24:09","slug":"vapaa-paasy-aineistoihin","status":"publish","type":"page","link":"https:\/\/blogs.uef.fi\/tiedonhaku-maantiede\/vapaa-paasy-aineistoihin\/","title":{"rendered":"Vapaa p\u00e4\u00e4sy aineistoihin"},"content":{"rendered":"\n<p>Suomalaisessa tiede- ja tutkimusmaailmassa on periaatteena, ett\u00e4<strong> julkisin varoin rahoitettu tutkimus pit\u00e4isi olla kaikkien hy\u00f6dynnett\u00e4viss\u00e4 avoimesti<\/strong>. Ks. <a href=\"http:\/\/minedu.fi\/artikkeli\/-\/asset_publisher\/tiedejulkaisun-tekijanoikeudenhaltijalle-aina-oikeus-ei-kaupalliseen-rinnakkaistallentamiseen\" target=\"_blank\" rel=\"noopener noreferrer\">OKM:n tiedote 13.6.2017<\/a> (linkki aukeaa uuteen ikkunaan). T\u00e4m\u00e4 koskee uusinta tutkimustietoa, vanhempaa materiaalia on saatavilla vaihtelevasti, maksumuurien takana tai vain painettuina kirjastoista.<\/p>\n\n\n\n<p><strong>Kansainv\u00e4lisesti<\/strong> katsottuna suurin osa tieteellisist\u00e4 artikkeleista ja muista julkaisuista on edelleen vain tilaajien k\u00e4yt\u00f6ss\u00e4. Tilanne kuitenkin muuttuu koko ajan avoimempaan suuntaan.<\/p>\n\n\n\n<p>Tieteen avoimuus hy\u00f6dytt\u00e4\u00e4 ty\u00f6ntekij\u00f6it\u00e4 erityisesti sellaisissa organisaatiossa ja yrityksiss\u00e4, joissa ei ole mahdollisuutta hankkia kalliita tiedejulkaisuja k\u00e4ytt\u00f6\u00f6n. Ks. lis\u00e4\u00e4 <a href=\"https:\/\/blogs.uef.fi\/tiedonhaku-maantiede\/avoimet-julkaisut\/\" target=\"_blank\" rel=\"noopener noreferrer\">Avoimet julkaisut<\/a> (linkki aukeaa uuteen ikkunaan).<\/p>\n\n\n\n<p>Avoimia julkaisuja voit hakea helposti <strong>Googlella<\/strong>, kun tied\u00e4t julkaisun nimen. Tietoa ja julkaisuja jaetaan paljon <strong>verkkoyhteis\u00f6palveluissa<\/strong>, esim. ResearchGate ja Academia.edu, joissa verkostoitumalla saat helposti tietoa uusista julkaisuista.<\/p>\n\n\n\n<p><strong>Aiheenmukaista tiedonhakua <\/strong>voi tehd\u00e4 useista eri avoimista tiedonl\u00e4hteist\u00e4.<\/p>\n\n\n\n<p>Kansainv\u00e4liset tiedonl\u00e4hteet:<\/p>\n\n\n\n<ul class=\"wp-block-list\">\n<li><a href=\"https:\/\/www.base-search.net\/\" target=\"_blank\" rel=\"noopener noreferrer\">BASE<\/a> (Bielefeld Academic Search Engine); (linkki aukeaa uuteen ikkunaan)<\/li>\n\n\n\n<li><a href=\"https:\/\/core.ac.uk\/\" target=\"_blank\" rel=\"noopener noreferrer\">CORE<\/a> (Collection of Open access Research papers); (linkki aukeaa uuteen ikkunaan)<\/li>\n\n\n\n<li><a href=\"https:\/\/scholar.google.fi\/\" target=\"_blank\" rel=\"noopener noreferrer\">Google Scholar<\/a> (linkki aukeaa uuteen ikkunaan)<\/li>\n<\/ul>\n\n\n\n<p>Kotimaiset tiedonl\u00e4hteet:<\/p>\n\n\n\n<ul class=\"wp-block-list\">\n<li><a href=\"http:\/\/juuli.fi\/\" target=\"_blank\" rel=\"noopener noreferrer\">Juuli<\/a> (kotimaisten tutkimusorganisaatioiden julkaisutietoja v. 2011 l\u00e4htien, my\u00f6s artikkelit); (linkki aukeaa uuteen ikkunaan)<\/li>\n\n\n\n<li><a href=\"https:\/\/journal.fi\/\" target=\"_blank\" rel=\"noopener noreferrer\">journal.fi<\/a> (kotimaisia tiedelehti\u00e4 verkossa); (linkki aukeaa uuteen ikkunaan)<\/li>\n\n\n\n<li><a href=\"https:\/\/finna.fi\/\" target=\"_blank\" rel=\"noopener noreferrer\">Finna.fi<\/a> (kansallinen tietovaranto); (linkki aukeaa uuteen ikkunaan)<\/li>\n<\/ul>\n\n\n\n<p><a href=\"https:\/\/www.uef.fi\/fi\/web\/kirjasto\/oatiedonhaku\" target=\"_blank\" rel=\"noopener noreferrer\">Avoimen tiedon hakuoppaasta<\/a> (linkki aukeaa uuteen ikkunaan) l\u00f6yd\u00e4t lis\u00e4\u00e4 vinkkej\u00e4 avointen julkaisujen j\u00e4ljitt\u00e4miseen.<\/p>\n","protected":false},"excerpt":{"rendered":"<p>Suomalaisessa tiede- ja tutkimusmaailmassa on periaatteena, ett\u00e4 julkisin varoin rahoitettu tutkimus pit\u00e4isi olla kaikkien hy\u00f6dynnett\u00e4viss\u00e4 avoimesti. Ks. OKM:n tiedote 13.6.2017 (linkki aukeaa uuteen ikkunaan). T\u00e4m\u00e4 koskee uusinta tutkimustietoa, vanhempaa materiaalia on saatavilla vaihtelevasti, maksumuurien takana tai vain painettuina kirjastoista. Kansainv\u00e4lisesti katsottuna suurin osa tieteellisist\u00e4 artikkeleista ja muista julkaisuista on edelleen vain tilaajien k\u00e4yt\u00f6ss\u00e4. Tilanne kuitenkin [&hellip;]<\/p>\n","protected":false},"author":127,"featured_media":0,"parent":0,"menu_order":0,"comment_status":"closed","ping_status":"closed","template":"","meta":{"_acf_changed":false,"footnotes":""},"class_list":["post-631","page","type-page","status-publish","hentry"],"acf":[],"yoast_head":"<!-- This site is optimized with the Yoast SEO plugin v27.1.1 - https:\/\/yoast.com\/product\/yoast-seo-wordpress\/ -->\n<title>Vapaa p\u00e4\u00e4sy aineistoihin - Maantieteen ja ymp\u00e4rist\u00f6politiikan tiedonhaku<\/title>\n<meta name=\"robots\" content=\"index, follow, max-snippet:-1, max-image-preview:large, max-video-preview:-1\" \/>\n<link rel=\"canonical\" href=\"https:\/\/blogs.uef.fi\/tiedonhaku-maantiede\/vapaa-paasy-aineistoihin\/\" \/>\n<meta property=\"og:locale\" content=\"fi_FI\" \/>\n<meta property=\"og:type\" content=\"article\" \/>\n<meta property=\"og:title\" content=\"Vapaa p\u00e4\u00e4sy aineistoihin - Maantieteen ja ymp\u00e4rist\u00f6politiikan tiedonhaku\" \/>\n<meta property=\"og:description\" content=\"Suomalaisessa tiede- ja tutkimusmaailmassa on periaatteena, ett\u00e4 julkisin varoin rahoitettu tutkimus pit\u00e4isi olla kaikkien hy\u00f6dynnett\u00e4viss\u00e4 avoimesti. Ks. OKM:n tiedote 13.6.2017 (linkki aukeaa uuteen ikkunaan). T\u00e4m\u00e4 koskee uusinta tutkimustietoa, vanhempaa materiaalia on saatavilla vaihtelevasti, maksumuurien takana tai vain painettuina kirjastoista. Kansainv\u00e4lisesti katsottuna suurin osa tieteellisist\u00e4 artikkeleista ja muista julkaisuista on edelleen vain tilaajien k\u00e4yt\u00f6ss\u00e4. Tilanne kuitenkin [&hellip;]\" \/>\n<meta property=\"og:url\" content=\"https:\/\/blogs.uef.fi\/tiedonhaku-maantiede\/vapaa-paasy-aineistoihin\/\" \/>\n<meta property=\"og:site_name\" content=\"Maantieteen ja ymp\u00e4rist\u00f6politiikan tiedonhaku\" \/>\n<meta property=\"article:modified_time\" content=\"2023-06-27T09:24:09+00:00\" \/>\n<meta name=\"twitter:card\" content=\"summary_large_image\" \/>\n<meta name=\"twitter:label1\" content=\"Arvioitu lukuaika\" \/>\n\t<meta name=\"twitter:data1\" content=\"2 minuuttia\" \/>\n<script type=\"application\/ld+json\" class=\"yoast-schema-graph\">{\"@context\":\"https:\/\/schema.org\",\"@graph\":[{\"@type\":\"WebPage\",\"@id\":\"https:\/\/blogs.uef.fi\/tiedonhaku-maantiede\/vapaa-paasy-aineistoihin\/\",\"url\":\"https:\/\/blogs.uef.fi\/tiedonhaku-maantiede\/vapaa-paasy-aineistoihin\/\",\"name\":\"Vapaa p\u00e4\u00e4sy aineistoihin - Maantieteen ja ymp\u00e4rist\u00f6politiikan tiedonhaku\",\"isPartOf\":{\"@id\":\"https:\/\/blogs.uef.fi\/tiedonhaku-maantiede\/#website\"},\"datePublished\":\"2018-11-22T13:51:41+00:00\",\"dateModified\":\"2023-06-27T09:24:09+00:00\",\"breadcrumb\":{\"@id\":\"https:\/\/blogs.uef.fi\/tiedonhaku-maantiede\/vapaa-paasy-aineistoihin\/#breadcrumb\"},\"inLanguage\":\"fi\",\"potentialAction\":[{\"@type\":\"ReadAction\",\"target\":[\"https:\/\/blogs.uef.fi\/tiedonhaku-maantiede\/vapaa-paasy-aineistoihin\/\"]}]},{\"@type\":\"BreadcrumbList\",\"@id\":\"https:\/\/blogs.uef.fi\/tiedonhaku-maantiede\/vapaa-paasy-aineistoihin\/#breadcrumb\",\"itemListElement\":[{\"@type\":\"ListItem\",\"position\":1,\"name\":\"Home\",\"item\":\"https:\/\/blogs.uef.fi\/tiedonhaku-maantiede\/\"},{\"@type\":\"ListItem\",\"position\":2,\"name\":\"Vapaa p\u00e4\u00e4sy aineistoihin\"}]},{\"@type\":\"WebSite\",\"@id\":\"https:\/\/blogs.uef.fi\/tiedonhaku-maantiede\/#website\",\"url\":\"https:\/\/blogs.uef.fi\/tiedonhaku-maantiede\/\",\"name\":\"Maantieteen ja ymp\u00e4rist\u00f6politiikan tiedonhaku\",\"description\":\"\",\"potentialAction\":[{\"@type\":\"SearchAction\",\"target\":{\"@type\":\"EntryPoint\",\"urlTemplate\":\"https:\/\/blogs.uef.fi\/tiedonhaku-maantiede\/?s={search_term_string}\"},\"query-input\":{\"@type\":\"PropertyValueSpecification\",\"valueRequired\":true,\"valueName\":\"search_term_string\"}}],\"inLanguage\":\"fi\"}]}<\/script>\n<!-- \/ Yoast SEO plugin. -->","yoast_head_json":{"title":"Vapaa p\u00e4\u00e4sy aineistoihin - Maantieteen ja ymp\u00e4rist\u00f6politiikan tiedonhaku","robots":{"index":"index","follow":"follow","max-snippet":"max-snippet:-1","max-image-preview":"max-image-preview:large","max-video-preview":"max-video-preview:-1"},"canonical":"https:\/\/blogs.uef.fi\/tiedonhaku-maantiede\/vapaa-paasy-aineistoihin\/","og_locale":"fi_FI","og_type":"article","og_title":"Vapaa p\u00e4\u00e4sy aineistoihin - Maantieteen ja ymp\u00e4rist\u00f6politiikan tiedonhaku","og_description":"Suomalaisessa tiede- ja tutkimusmaailmassa on periaatteena, ett\u00e4 julkisin varoin rahoitettu tutkimus pit\u00e4isi olla kaikkien hy\u00f6dynnett\u00e4viss\u00e4 avoimesti. Ks. OKM:n tiedote 13.6.2017 (linkki aukeaa uuteen ikkunaan). T\u00e4m\u00e4 koskee uusinta tutkimustietoa, vanhempaa materiaalia on saatavilla vaihtelevasti, maksumuurien takana tai vain painettuina kirjastoista. Kansainv\u00e4lisesti katsottuna suurin osa tieteellisist\u00e4 artikkeleista ja muista julkaisuista on edelleen vain tilaajien k\u00e4yt\u00f6ss\u00e4. Tilanne kuitenkin [&hellip;]","og_url":"https:\/\/blogs.uef.fi\/tiedonhaku-maantiede\/vapaa-paasy-aineistoihin\/","og_site_name":"Maantieteen ja ymp\u00e4rist\u00f6politiikan tiedonhaku","article_modified_time":"2023-06-27T09:24:09+00:00","twitter_card":"summary_large_image","twitter_misc":{"Arvioitu lukuaika":"2 minuuttia"},"schema":{"@context":"https:\/\/schema.org","@graph":[{"@type":"WebPage","@id":"https:\/\/blogs.uef.fi\/tiedonhaku-maantiede\/vapaa-paasy-aineistoihin\/","url":"https:\/\/blogs.uef.fi\/tiedonhaku-maantiede\/vapaa-paasy-aineistoihin\/","name":"Vapaa p\u00e4\u00e4sy aineistoihin - Maantieteen ja ymp\u00e4rist\u00f6politiikan tiedonhaku","isPartOf":{"@id":"https:\/\/blogs.uef.fi\/tiedonhaku-maantiede\/#website"},"datePublished":"2018-11-22T13:51:41+00:00","dateModified":"2023-06-27T09:24:09+00:00","breadcrumb":{"@id":"https:\/\/blogs.uef.fi\/tiedonhaku-maantiede\/vapaa-paasy-aineistoihin\/#breadcrumb"},"inLanguage":"fi","potentialAction":[{"@type":"ReadAction","target":["https:\/\/blogs.uef.fi\/tiedonhaku-maantiede\/vapaa-paasy-aineistoihin\/"]}]},{"@type":"BreadcrumbList","@id":"https:\/\/blogs.uef.fi\/tiedonhaku-maantiede\/vapaa-paasy-aineistoihin\/#breadcrumb","itemListElement":[{"@type":"ListItem","position":1,"name":"Home","item":"https:\/\/blogs.uef.fi\/tiedonhaku-maantiede\/"},{"@type":"ListItem","position":2,"name":"Vapaa p\u00e4\u00e4sy aineistoihin"}]},{"@type":"WebSite","@id":"https:\/\/blogs.uef.fi\/tiedonhaku-maantiede\/#website","url":"https:\/\/blogs.uef.fi\/tiedonhaku-maantiede\/","name":"Maantieteen ja ymp\u00e4rist\u00f6politiikan tiedonhaku","description":"","potentialAction":[{"@type":"SearchAction","target":{"@type":"EntryPoint","urlTemplate":"https:\/\/blogs.uef.fi\/tiedonhaku-maantiede\/?s={search_term_string}"},"query-input":{"@type":"PropertyValueSpecification","valueRequired":true,"valueName":"search_term_string"}}],"inLanguage":"fi"}]}},"_links":{"self":[{"href":"https:\/\/blogs.uef.fi\/tiedonhaku-maantiede\/wp-json\/wp\/v2\/pages\/631","targetHints":{"allow":["GET"]}}],"collection":[{"href":"https:\/\/blogs.uef.fi\/tiedonhaku-maantiede\/wp-json\/wp\/v2\/pages"}],"about":[{"href":"https:\/\/blogs.uef.fi\/tiedonhaku-maantiede\/wp-json\/wp\/v2\/types\/page"}],"author":[{"embeddable":true,"href":"https:\/\/blogs.uef.fi\/tiedonhaku-maantiede\/wp-json\/wp\/v2\/users\/127"}],"replies":[{"embeddable":true,"href":"https:\/\/blogs.uef.fi\/tiedonhaku-maantiede\/wp-json\/wp\/v2\/comments?post=631"}],"version-history":[{"count":2,"href":"https:\/\/blogs.uef.fi\/tiedonhaku-maantiede\/wp-json\/wp\/v2\/pages\/631\/revisions"}],"predecessor-version":[{"id":2068,"href":"https:\/\/blogs.uef.fi\/tiedonhaku-maantiede\/wp-json\/wp\/v2\/pages\/631\/revisions\/2068"}],"wp:attachment":[{"href":"https:\/\/blogs.uef.fi\/tiedonhaku-maantiede\/wp-json\/wp\/v2\/media?parent=631"}],"curies":[{"name":"wp","href":"https:\/\/api.w.org\/{rel}","templated":true}]}}