{"id":623,"date":"2018-11-22T15:45:31","date_gmt":"2018-11-22T13:45:31","guid":{"rendered":"https:\/\/blogs.uef.fi\/tiedonhaku-maantiede\/?page_id=623"},"modified":"2023-06-27T11:58:26","modified_gmt":"2023-06-27T08:58:26","slug":"hakukentat","status":"publish","type":"page","link":"https:\/\/blogs.uef.fi\/tiedonhaku-maantiede\/hakukentat\/","title":{"rendered":"Hakukent\u00e4t"},"content":{"rendered":"\n<p>Tietokannassa yksitt\u00e4inen tietue koostuu kentist\u00e4. Julkaisutietokantoihin tallennetaan tietoja sek\u00e4<strong> julkaisun aiheesta<\/strong>, ett\u00e4 siit\u00e4, <strong>miss\u00e4 ja milloin julkaisu on ilmestynyt.<\/strong><\/p>\n\n\n\n<p><strong>Otsikko- ja Asiasanakentist\u00e4<\/strong> (Title &amp; subject) hakeminen aiheenmukaisessa haussa antaa kaikista <strong>tarkimman tuloksen<\/strong>. Kumpikin kentt\u00e4 sis\u00e4lt\u00e4\u00e4 sanoja, jotka ovat keskeisi\u00e4 my\u00f6s julkaisun sis\u00e4ll\u00f6ss\u00e4. Hakusanojen kohdistaminen n\u00e4ihin kenttiin on erityisen hy\u00f6dyllist\u00e4 silloin, kun haussa muutoin tulee paljon ja\/tai ep\u00e4tarkkoja tuloksia. Joitakin k\u00e4ytt\u00f6kelpoisiakin julkaisuja voi toisaalta j\u00e4\u00e4d\u00e4 l\u00f6ytym\u00e4tt\u00e4, jos kentt\u00e4 on rajattu n\u00e4in tarkasti.<\/p>\n\n\n\n<p><strong>Tiivistelm\u00e4ss\u00e4<\/strong> (Abstract) esiintyv\u00e4 sana voi olla keskeinen koko sis\u00e4ll\u00f6n kannalta tai sitten ei \u2013 paljon riippuu hakuaiheesta. T\u00e4ll\u00f6in useampien hakusanojen k\u00e4ytt\u00f6 auttaa tarkentamaan aihetta.<\/p>\n\n\n\n<p><strong>Kokotekstist\u00e4 tai julkaisun kaikista tiedoista<\/strong> (FullText &amp; All Fields) hakeminen on tarpeellista ainakin silloin, kun hakuaihe (ja -termi) on hyvin harvinainen.<\/p>\n\n\n\n<p>Hakukenttien k\u00e4ytt\u00f6, esimerkki Scopus-tietokannasta:<\/p>\n\n\n\n<figure class=\"wp-block-image aligncenter\"><img loading=\"lazy\" decoding=\"async\" width=\"1119\" height=\"815\" src=\"https:\/\/blogs.uef.fi\/tiedonhaku-maantiede\/wp-content\/uploads\/sites\/53\/2020\/01\/GEOkentat.png\" alt=\"Esimerkki hakukenttien k\u00e4yt\u00f6st\u00e4 Scopus -tietokannassa fraasihaulla sek\u00e4 AND -operaattorilla. \" class=\"wp-image-811\" srcset=\"https:\/\/blogs.uef.fi\/tiedonhaku-maantiede\/wp-content\/uploads\/sites\/53\/2020\/01\/GEOkentat.png 1119w, https:\/\/blogs.uef.fi\/tiedonhaku-maantiede\/wp-content\/uploads\/sites\/53\/2020\/01\/GEOkentat-300x218.png 300w, https:\/\/blogs.uef.fi\/tiedonhaku-maantiede\/wp-content\/uploads\/sites\/53\/2020\/01\/GEOkentat-768x559.png 768w, https:\/\/blogs.uef.fi\/tiedonhaku-maantiede\/wp-content\/uploads\/sites\/53\/2020\/01\/GEOkentat-1024x746.png 1024w, https:\/\/blogs.uef.fi\/tiedonhaku-maantiede\/wp-content\/uploads\/sites\/53\/2020\/01\/GEOkentat-522x380.png 522w\" sizes=\"auto, (max-width: 1119px) 100vw, 1119px\" \/><\/figure>\n","protected":false},"excerpt":{"rendered":"<p>Tietokannassa yksitt\u00e4inen tietue koostuu kentist\u00e4. Julkaisutietokantoihin tallennetaan tietoja sek\u00e4 julkaisun aiheesta, ett\u00e4 siit\u00e4, miss\u00e4 ja milloin julkaisu on ilmestynyt. Otsikko- ja Asiasanakentist\u00e4 (Title &amp; subject) hakeminen aiheenmukaisessa haussa antaa kaikista tarkimman tuloksen. Kumpikin kentt\u00e4 sis\u00e4lt\u00e4\u00e4 sanoja, jotka ovat keskeisi\u00e4 my\u00f6s julkaisun sis\u00e4ll\u00f6ss\u00e4. Hakusanojen kohdistaminen n\u00e4ihin kenttiin on erityisen hy\u00f6dyllist\u00e4 silloin, kun haussa muutoin tulee paljon [&hellip;]<\/p>\n","protected":false},"author":127,"featured_media":0,"parent":0,"menu_order":0,"comment_status":"closed","ping_status":"closed","template":"","meta":{"_acf_changed":false,"footnotes":""},"class_list":["post-623","page","type-page","status-publish","hentry"],"acf":[],"yoast_head":"<!-- This site is optimized with the Yoast SEO plugin v27.1.1 - https:\/\/yoast.com\/product\/yoast-seo-wordpress\/ -->\n<title>Hakukent\u00e4t - Maantieteen ja ymp\u00e4rist\u00f6politiikan tiedonhaku<\/title>\n<meta name=\"robots\" content=\"index, follow, max-snippet:-1, max-image-preview:large, max-video-preview:-1\" \/>\n<link rel=\"canonical\" href=\"https:\/\/blogs.uef.fi\/tiedonhaku-maantiede\/hakukentat\/\" \/>\n<meta property=\"og:locale\" content=\"fi_FI\" \/>\n<meta property=\"og:type\" content=\"article\" \/>\n<meta property=\"og:title\" content=\"Hakukent\u00e4t - Maantieteen ja ymp\u00e4rist\u00f6politiikan tiedonhaku\" \/>\n<meta property=\"og:description\" content=\"Tietokannassa yksitt\u00e4inen tietue koostuu kentist\u00e4. Julkaisutietokantoihin tallennetaan tietoja sek\u00e4 julkaisun aiheesta, ett\u00e4 siit\u00e4, miss\u00e4 ja milloin julkaisu on ilmestynyt. Otsikko- ja Asiasanakentist\u00e4 (Title &amp; subject) hakeminen aiheenmukaisessa haussa antaa kaikista tarkimman tuloksen. Kumpikin kentt\u00e4 sis\u00e4lt\u00e4\u00e4 sanoja, jotka ovat keskeisi\u00e4 my\u00f6s julkaisun sis\u00e4ll\u00f6ss\u00e4. Hakusanojen kohdistaminen n\u00e4ihin kenttiin on erityisen hy\u00f6dyllist\u00e4 silloin, kun haussa muutoin tulee paljon [&hellip;]\" \/>\n<meta property=\"og:url\" content=\"https:\/\/blogs.uef.fi\/tiedonhaku-maantiede\/hakukentat\/\" \/>\n<meta property=\"og:site_name\" content=\"Maantieteen ja ymp\u00e4rist\u00f6politiikan tiedonhaku\" \/>\n<meta property=\"article:modified_time\" content=\"2023-06-27T08:58:26+00:00\" \/>\n<meta property=\"og:image\" content=\"https:\/\/blogs.uef.fi\/tiedonhaku-maantiede\/wp-content\/uploads\/sites\/53\/2020\/01\/GEOkentat.png\" \/>\n<meta name=\"twitter:card\" content=\"summary_large_image\" \/>\n<meta name=\"twitter:label1\" content=\"Arvioitu lukuaika\" \/>\n\t<meta name=\"twitter:data1\" content=\"1 minuutti\" \/>\n<script type=\"application\/ld+json\" class=\"yoast-schema-graph\">{\"@context\":\"https:\/\/schema.org\",\"@graph\":[{\"@type\":\"WebPage\",\"@id\":\"https:\/\/blogs.uef.fi\/tiedonhaku-maantiede\/hakukentat\/\",\"url\":\"https:\/\/blogs.uef.fi\/tiedonhaku-maantiede\/hakukentat\/\",\"name\":\"Hakukent\u00e4t - Maantieteen ja ymp\u00e4rist\u00f6politiikan tiedonhaku\",\"isPartOf\":{\"@id\":\"https:\/\/blogs.uef.fi\/tiedonhaku-maantiede\/#website\"},\"primaryImageOfPage\":{\"@id\":\"https:\/\/blogs.uef.fi\/tiedonhaku-maantiede\/hakukentat\/#primaryimage\"},\"image\":{\"@id\":\"https:\/\/blogs.uef.fi\/tiedonhaku-maantiede\/hakukentat\/#primaryimage\"},\"thumbnailUrl\":\"https:\/\/blogs.uef.fi\/tiedonhaku-maantiede\/wp-content\/uploads\/sites\/53\/2020\/01\/GEOkentat.png\",\"datePublished\":\"2018-11-22T13:45:31+00:00\",\"dateModified\":\"2023-06-27T08:58:26+00:00\",\"breadcrumb\":{\"@id\":\"https:\/\/blogs.uef.fi\/tiedonhaku-maantiede\/hakukentat\/#breadcrumb\"},\"inLanguage\":\"fi\",\"potentialAction\":[{\"@type\":\"ReadAction\",\"target\":[\"https:\/\/blogs.uef.fi\/tiedonhaku-maantiede\/hakukentat\/\"]}]},{\"@type\":\"ImageObject\",\"inLanguage\":\"fi\",\"@id\":\"https:\/\/blogs.uef.fi\/tiedonhaku-maantiede\/hakukentat\/#primaryimage\",\"url\":\"https:\/\/blogs.uef.fi\/tiedonhaku-maantiede\/wp-content\/uploads\/sites\/53\/2020\/01\/GEOkentat.png\",\"contentUrl\":\"https:\/\/blogs.uef.fi\/tiedonhaku-maantiede\/wp-content\/uploads\/sites\/53\/2020\/01\/GEOkentat.png\",\"width\":1119,\"height\":815},{\"@type\":\"BreadcrumbList\",\"@id\":\"https:\/\/blogs.uef.fi\/tiedonhaku-maantiede\/hakukentat\/#breadcrumb\",\"itemListElement\":[{\"@type\":\"ListItem\",\"position\":1,\"name\":\"Home\",\"item\":\"https:\/\/blogs.uef.fi\/tiedonhaku-maantiede\/\"},{\"@type\":\"ListItem\",\"position\":2,\"name\":\"Hakukent\u00e4t\"}]},{\"@type\":\"WebSite\",\"@id\":\"https:\/\/blogs.uef.fi\/tiedonhaku-maantiede\/#website\",\"url\":\"https:\/\/blogs.uef.fi\/tiedonhaku-maantiede\/\",\"name\":\"Maantieteen ja ymp\u00e4rist\u00f6politiikan tiedonhaku\",\"description\":\"\",\"potentialAction\":[{\"@type\":\"SearchAction\",\"target\":{\"@type\":\"EntryPoint\",\"urlTemplate\":\"https:\/\/blogs.uef.fi\/tiedonhaku-maantiede\/?s={search_term_string}\"},\"query-input\":{\"@type\":\"PropertyValueSpecification\",\"valueRequired\":true,\"valueName\":\"search_term_string\"}}],\"inLanguage\":\"fi\"}]}<\/script>\n<!-- \/ Yoast SEO plugin. -->","yoast_head_json":{"title":"Hakukent\u00e4t - Maantieteen ja ymp\u00e4rist\u00f6politiikan tiedonhaku","robots":{"index":"index","follow":"follow","max-snippet":"max-snippet:-1","max-image-preview":"max-image-preview:large","max-video-preview":"max-video-preview:-1"},"canonical":"https:\/\/blogs.uef.fi\/tiedonhaku-maantiede\/hakukentat\/","og_locale":"fi_FI","og_type":"article","og_title":"Hakukent\u00e4t - Maantieteen ja ymp\u00e4rist\u00f6politiikan tiedonhaku","og_description":"Tietokannassa yksitt\u00e4inen tietue koostuu kentist\u00e4. Julkaisutietokantoihin tallennetaan tietoja sek\u00e4 julkaisun aiheesta, ett\u00e4 siit\u00e4, miss\u00e4 ja milloin julkaisu on ilmestynyt. Otsikko- ja Asiasanakentist\u00e4 (Title &amp; subject) hakeminen aiheenmukaisessa haussa antaa kaikista tarkimman tuloksen. Kumpikin kentt\u00e4 sis\u00e4lt\u00e4\u00e4 sanoja, jotka ovat keskeisi\u00e4 my\u00f6s julkaisun sis\u00e4ll\u00f6ss\u00e4. Hakusanojen kohdistaminen n\u00e4ihin kenttiin on erityisen hy\u00f6dyllist\u00e4 silloin, kun haussa muutoin tulee paljon [&hellip;]","og_url":"https:\/\/blogs.uef.fi\/tiedonhaku-maantiede\/hakukentat\/","og_site_name":"Maantieteen ja ymp\u00e4rist\u00f6politiikan tiedonhaku","article_modified_time":"2023-06-27T08:58:26+00:00","og_image":[{"url":"https:\/\/blogs.uef.fi\/tiedonhaku-maantiede\/wp-content\/uploads\/sites\/53\/2020\/01\/GEOkentat.png","type":"","width":"","height":""}],"twitter_card":"summary_large_image","twitter_misc":{"Arvioitu lukuaika":"1 minuutti"},"schema":{"@context":"https:\/\/schema.org","@graph":[{"@type":"WebPage","@id":"https:\/\/blogs.uef.fi\/tiedonhaku-maantiede\/hakukentat\/","url":"https:\/\/blogs.uef.fi\/tiedonhaku-maantiede\/hakukentat\/","name":"Hakukent\u00e4t - Maantieteen ja ymp\u00e4rist\u00f6politiikan tiedonhaku","isPartOf":{"@id":"https:\/\/blogs.uef.fi\/tiedonhaku-maantiede\/#website"},"primaryImageOfPage":{"@id":"https:\/\/blogs.uef.fi\/tiedonhaku-maantiede\/hakukentat\/#primaryimage"},"image":{"@id":"https:\/\/blogs.uef.fi\/tiedonhaku-maantiede\/hakukentat\/#primaryimage"},"thumbnailUrl":"https:\/\/blogs.uef.fi\/tiedonhaku-maantiede\/wp-content\/uploads\/sites\/53\/2020\/01\/GEOkentat.png","datePublished":"2018-11-22T13:45:31+00:00","dateModified":"2023-06-27T08:58:26+00:00","breadcrumb":{"@id":"https:\/\/blogs.uef.fi\/tiedonhaku-maantiede\/hakukentat\/#breadcrumb"},"inLanguage":"fi","potentialAction":[{"@type":"ReadAction","target":["https:\/\/blogs.uef.fi\/tiedonhaku-maantiede\/hakukentat\/"]}]},{"@type":"ImageObject","inLanguage":"fi","@id":"https:\/\/blogs.uef.fi\/tiedonhaku-maantiede\/hakukentat\/#primaryimage","url":"https:\/\/blogs.uef.fi\/tiedonhaku-maantiede\/wp-content\/uploads\/sites\/53\/2020\/01\/GEOkentat.png","contentUrl":"https:\/\/blogs.uef.fi\/tiedonhaku-maantiede\/wp-content\/uploads\/sites\/53\/2020\/01\/GEOkentat.png","width":1119,"height":815},{"@type":"BreadcrumbList","@id":"https:\/\/blogs.uef.fi\/tiedonhaku-maantiede\/hakukentat\/#breadcrumb","itemListElement":[{"@type":"ListItem","position":1,"name":"Home","item":"https:\/\/blogs.uef.fi\/tiedonhaku-maantiede\/"},{"@type":"ListItem","position":2,"name":"Hakukent\u00e4t"}]},{"@type":"WebSite","@id":"https:\/\/blogs.uef.fi\/tiedonhaku-maantiede\/#website","url":"https:\/\/blogs.uef.fi\/tiedonhaku-maantiede\/","name":"Maantieteen ja ymp\u00e4rist\u00f6politiikan tiedonhaku","description":"","potentialAction":[{"@type":"SearchAction","target":{"@type":"EntryPoint","urlTemplate":"https:\/\/blogs.uef.fi\/tiedonhaku-maantiede\/?s={search_term_string}"},"query-input":{"@type":"PropertyValueSpecification","valueRequired":true,"valueName":"search_term_string"}}],"inLanguage":"fi"}]}},"_links":{"self":[{"href":"https:\/\/blogs.uef.fi\/tiedonhaku-maantiede\/wp-json\/wp\/v2\/pages\/623","targetHints":{"allow":["GET"]}}],"collection":[{"href":"https:\/\/blogs.uef.fi\/tiedonhaku-maantiede\/wp-json\/wp\/v2\/pages"}],"about":[{"href":"https:\/\/blogs.uef.fi\/tiedonhaku-maantiede\/wp-json\/wp\/v2\/types\/page"}],"author":[{"embeddable":true,"href":"https:\/\/blogs.uef.fi\/tiedonhaku-maantiede\/wp-json\/wp\/v2\/users\/127"}],"replies":[{"embeddable":true,"href":"https:\/\/blogs.uef.fi\/tiedonhaku-maantiede\/wp-json\/wp\/v2\/comments?post=623"}],"version-history":[{"count":2,"href":"https:\/\/blogs.uef.fi\/tiedonhaku-maantiede\/wp-json\/wp\/v2\/pages\/623\/revisions"}],"predecessor-version":[{"id":2008,"href":"https:\/\/blogs.uef.fi\/tiedonhaku-maantiede\/wp-json\/wp\/v2\/pages\/623\/revisions\/2008"}],"wp:attachment":[{"href":"https:\/\/blogs.uef.fi\/tiedonhaku-maantiede\/wp-json\/wp\/v2\/media?parent=623"}],"curies":[{"name":"wp","href":"https:\/\/api.w.org\/{rel}","templated":true}]}}