{"id":609,"date":"2018-11-22T15:38:30","date_gmt":"2018-11-22T13:38:30","guid":{"rendered":"https:\/\/blogs.uef.fi\/tiedonhaku-maantiede\/?page_id=609"},"modified":"2023-06-27T11:02:41","modified_gmt":"2023-06-27T08:02:41","slug":"avoimet-julkaisut","status":"publish","type":"page","link":"https:\/\/blogs.uef.fi\/tiedonhaku-maantiede\/avoimet-julkaisut\/","title":{"rendered":"Avoimet julkaisut"},"content":{"rendered":"\n<p>Tieteelliset artikkelit julkaistaan t\u00e4t\u00e4 tarkoitusta varten perustetuissa lehdiss\u00e4, joita hallitsevat muutamat suuret kaupalliset kustantajat. Tieteelliset lehdet ovat maksullisia ja niihin on p\u00e4\u00e4sy vain esimerkiksi yliopiston henkil\u00f6kunnalla ja opiskelijoilla. <strong>Suuri osa tieteellisest\u00e4 tiedosta on siis maksumuurin takana,<\/strong> t\u00e4ll\u00e4 hetkell\u00e4. T\u00e4m\u00e4 vaikeuttaa merkitt\u00e4v\u00e4sti tieteellisen tiedon hy\u00f6dynt\u00e4mist\u00e4 esim. yrityksiss\u00e4. On nurinkurista, ett\u00e4 tutkija luovuttaa artikkelinsa julkaistavaksi lehteen ilman mit\u00e4\u00e4n korvausta ja yliopisto ostaa samaisen lehden tutkijoidensa k\u00e4ytt\u00f6\u00f6n, usein huomattavan kalliilla hinnalla. Lehden toimittaminen ja yll\u00e4pito ei toki ole ilmaista, mutta arvostettujen lehtien asema omalla alallaan saa aikaan sen, ett\u00e4 ne on \u201dpakko\u201d hankkia \u2013 kustantaja voi siis hinnoitella voittomarginaalinsa kuten haluaa. T\u00e4m\u00e4n kustantajien ylivallan murtamiseksi on viime vuosina noussut<strong> uusia julkaisemisen tapoja, jotka takaavat tutkimusjulkaisujen avoimen saannin paitsi yliopistoille, my\u00f6s kaikille muille k\u00e4ytt\u00e4jille.<\/strong><\/p>\n\n\n\n<h2 class=\"wp-block-heading\">Open access: avoin julkaiseminen \/ avoin saatavuus<\/h2>\n\n\n\n<p><strong>OA-lehdet ovat lukijoille t\u00e4ysin avoimia<\/strong>. Kustannukset katetaan artikkelin julkaisumaksuilla. T\u00e4m\u00e4 ei kuitenkaan tarkoita, ett\u00e4 rahalla saisi mink\u00e4 tahansa artikkelin julkaistua. <strong>Monissa OA-lehdiss\u00e4 on normaali vertaisarviointik\u00e4yt\u00e4nt\u00f6 ja ne ovat tieteellisesti korkeatasoisia. <\/strong>Joissakin maksullisissa lehdiss\u00e4 on mahdollista julkaista yksitt\u00e4isi\u00e4 artikkeleita avoimesti. T\u00e4m\u00e4 on kuva Ultramicroscopy-lehdest\u00e4:<\/p>\n\n\n\n<figure class=\"wp-block-image aligncenter\"><img loading=\"lazy\" decoding=\"async\" width=\"1080\" height=\"475\" src=\"https:\/\/blogs.uef.fi\/tiedonhaku-maantiede\/wp-content\/uploads\/sites\/53\/2018\/11\/FYSoa.png\" alt=\"Ultramicroscopy-lehden n\u00e4kym\u00e4st\u00e4 k\u00e4y ilmi mihin teoksiin on lukuoikeus ja mitk\u00e4 ovat avoimia kaikille. \" class=\"wp-image-611\" srcset=\"https:\/\/blogs.uef.fi\/tiedonhaku-maantiede\/wp-content\/uploads\/sites\/53\/2018\/11\/FYSoa.png 1080w, https:\/\/blogs.uef.fi\/tiedonhaku-maantiede\/wp-content\/uploads\/sites\/53\/2018\/11\/FYSoa-300x132.png 300w, https:\/\/blogs.uef.fi\/tiedonhaku-maantiede\/wp-content\/uploads\/sites\/53\/2018\/11\/FYSoa-768x338.png 768w, https:\/\/blogs.uef.fi\/tiedonhaku-maantiede\/wp-content\/uploads\/sites\/53\/2018\/11\/FYSoa-1024x450.png 1024w, https:\/\/blogs.uef.fi\/tiedonhaku-maantiede\/wp-content\/uploads\/sites\/53\/2018\/11\/FYSoa-864x380.png 864w\" sizes=\"auto, (max-width: 1080px) 100vw, 1080px\" \/><\/figure>\n\n\n\n<p><a href=\"https:\/\/www.uef.fi\/fi\/web\/kirjasto\/oatiedonhaku\" target=\"_blank\" rel=\"noopener noreferrer\"><strong>Avoimen tiedon hakuoppaassa<\/strong><\/a> (linkki aukeaa uuteen ikkunaan) kerrotaan erilaisista hakupalveluista.<\/p>\n\n\n\n<h2 class=\"wp-block-heading\">Rinnakkaistallentaminen<\/h2>\n\n\n\n<p>Maksumuurin takana oleva artikkeli on mahdollista <strong>tallentaa julkaisuarkistoon<\/strong>, josta se on vapaasti luettavissa, mahdollisesti hieman viiveell\u00e4 alkuper\u00e4iseen julkaisuun verraten. UEFin julkaisuarkisto on nimelt\u00e4\u00e4n <a href=\"https:\/\/erepo.uef.fi\/?locale-attribute=fi\" target=\"_blank\" rel=\"noopener noreferrer\">UEF eRepository<\/a> (linkki aukeaa uuteen ikkunaan).<\/p>\n\n\n\n<h2 class=\"wp-block-heading\">Vertaisjakelu<\/h2>\n\n\n\n<p>Tutkija voi laittaa omia artikkeleitaan n\u00e4kyville omille kotisivuilleen tai esimerkiksi akateemisten verkostoitumispalvelujen, kuten ResearchGate, kautta.<\/p>\n\n\n\n<p>Avoin julkaiseminen on osa laajempaa tieteen avoimutta.<br>Lue lis\u00e4\u00e4 t\u00e4\u00e4lt\u00e4:<\/p>\n\n\n\n<p><a href=\"http:\/\/www.uef.fi\/web\/open-uef\/home\" target=\"_blank\" rel=\"noopener noreferrer\">Open UEF<\/a> (linkki aukeaa uuteen ikkunaan)<\/p>\n\n\n\n<p><a href=\"http:\/\/avointiede.fi\/\" target=\"_blank\" rel=\"noopener noreferrer\">ATT \u2013 avoin tiede ja tutkimus<\/a> (linkki aukeaa uuteen ikkunaan)<\/p>\n\n\n\n<p>Opiskelijana voit osaltasi edist\u00e4\u00e4 tieteen avoimuutta julkaisemalla oman gradusi avoimesti!<\/p>\n","protected":false},"excerpt":{"rendered":"<p>Tieteelliset artikkelit julkaistaan t\u00e4t\u00e4 tarkoitusta varten perustetuissa lehdiss\u00e4, joita hallitsevat muutamat suuret kaupalliset kustantajat. Tieteelliset lehdet ovat maksullisia ja niihin on p\u00e4\u00e4sy vain esimerkiksi yliopiston henkil\u00f6kunnalla ja opiskelijoilla. Suuri osa tieteellisest\u00e4 tiedosta on siis maksumuurin takana, t\u00e4ll\u00e4 hetkell\u00e4. T\u00e4m\u00e4 vaikeuttaa merkitt\u00e4v\u00e4sti tieteellisen tiedon hy\u00f6dynt\u00e4mist\u00e4 esim. yrityksiss\u00e4. On nurinkurista, ett\u00e4 tutkija luovuttaa artikkelinsa julkaistavaksi lehteen ilman [&hellip;]<\/p>\n","protected":false},"author":127,"featured_media":0,"parent":0,"menu_order":0,"comment_status":"closed","ping_status":"closed","template":"","meta":{"_acf_changed":false,"footnotes":""},"class_list":["post-609","page","type-page","status-publish","hentry"],"acf":[],"yoast_head":"<!-- This site is optimized with the Yoast SEO plugin v27.1.1 - https:\/\/yoast.com\/product\/yoast-seo-wordpress\/ -->\n<title>Avoimet julkaisut - Maantieteen ja ymp\u00e4rist\u00f6politiikan tiedonhaku<\/title>\n<meta name=\"robots\" content=\"index, follow, max-snippet:-1, max-image-preview:large, max-video-preview:-1\" \/>\n<link rel=\"canonical\" href=\"https:\/\/blogs.uef.fi\/tiedonhaku-maantiede\/avoimet-julkaisut\/\" \/>\n<meta property=\"og:locale\" content=\"fi_FI\" \/>\n<meta property=\"og:type\" content=\"article\" \/>\n<meta property=\"og:title\" content=\"Avoimet julkaisut - Maantieteen ja ymp\u00e4rist\u00f6politiikan tiedonhaku\" \/>\n<meta property=\"og:description\" content=\"Tieteelliset artikkelit julkaistaan t\u00e4t\u00e4 tarkoitusta varten perustetuissa lehdiss\u00e4, joita hallitsevat muutamat suuret kaupalliset kustantajat. Tieteelliset lehdet ovat maksullisia ja niihin on p\u00e4\u00e4sy vain esimerkiksi yliopiston henkil\u00f6kunnalla ja opiskelijoilla. Suuri osa tieteellisest\u00e4 tiedosta on siis maksumuurin takana, t\u00e4ll\u00e4 hetkell\u00e4. T\u00e4m\u00e4 vaikeuttaa merkitt\u00e4v\u00e4sti tieteellisen tiedon hy\u00f6dynt\u00e4mist\u00e4 esim. yrityksiss\u00e4. On nurinkurista, ett\u00e4 tutkija luovuttaa artikkelinsa julkaistavaksi lehteen ilman [&hellip;]\" \/>\n<meta property=\"og:url\" content=\"https:\/\/blogs.uef.fi\/tiedonhaku-maantiede\/avoimet-julkaisut\/\" \/>\n<meta property=\"og:site_name\" content=\"Maantieteen ja ymp\u00e4rist\u00f6politiikan tiedonhaku\" \/>\n<meta property=\"article:modified_time\" content=\"2023-06-27T08:02:41+00:00\" \/>\n<meta property=\"og:image\" content=\"https:\/\/blogs.uef.fi\/tiedonhaku-maantiede\/wp-content\/uploads\/sites\/53\/2018\/11\/FYSoa.png\" \/>\n<meta name=\"twitter:card\" content=\"summary_large_image\" \/>\n<meta name=\"twitter:label1\" content=\"Arvioitu lukuaika\" \/>\n\t<meta name=\"twitter:data1\" content=\"2 minuuttia\" \/>\n<script type=\"application\/ld+json\" class=\"yoast-schema-graph\">{\"@context\":\"https:\/\/schema.org\",\"@graph\":[{\"@type\":\"WebPage\",\"@id\":\"https:\/\/blogs.uef.fi\/tiedonhaku-maantiede\/avoimet-julkaisut\/\",\"url\":\"https:\/\/blogs.uef.fi\/tiedonhaku-maantiede\/avoimet-julkaisut\/\",\"name\":\"Avoimet julkaisut - Maantieteen ja ymp\u00e4rist\u00f6politiikan tiedonhaku\",\"isPartOf\":{\"@id\":\"https:\/\/blogs.uef.fi\/tiedonhaku-maantiede\/#website\"},\"primaryImageOfPage\":{\"@id\":\"https:\/\/blogs.uef.fi\/tiedonhaku-maantiede\/avoimet-julkaisut\/#primaryimage\"},\"image\":{\"@id\":\"https:\/\/blogs.uef.fi\/tiedonhaku-maantiede\/avoimet-julkaisut\/#primaryimage\"},\"thumbnailUrl\":\"https:\/\/blogs.uef.fi\/tiedonhaku-maantiede\/wp-content\/uploads\/sites\/53\/2018\/11\/FYSoa.png\",\"datePublished\":\"2018-11-22T13:38:30+00:00\",\"dateModified\":\"2023-06-27T08:02:41+00:00\",\"breadcrumb\":{\"@id\":\"https:\/\/blogs.uef.fi\/tiedonhaku-maantiede\/avoimet-julkaisut\/#breadcrumb\"},\"inLanguage\":\"fi\",\"potentialAction\":[{\"@type\":\"ReadAction\",\"target\":[\"https:\/\/blogs.uef.fi\/tiedonhaku-maantiede\/avoimet-julkaisut\/\"]}]},{\"@type\":\"ImageObject\",\"inLanguage\":\"fi\",\"@id\":\"https:\/\/blogs.uef.fi\/tiedonhaku-maantiede\/avoimet-julkaisut\/#primaryimage\",\"url\":\"https:\/\/blogs.uef.fi\/tiedonhaku-maantiede\/wp-content\/uploads\/sites\/53\/2018\/11\/FYSoa.png\",\"contentUrl\":\"https:\/\/blogs.uef.fi\/tiedonhaku-maantiede\/wp-content\/uploads\/sites\/53\/2018\/11\/FYSoa.png\",\"width\":1080,\"height\":475},{\"@type\":\"BreadcrumbList\",\"@id\":\"https:\/\/blogs.uef.fi\/tiedonhaku-maantiede\/avoimet-julkaisut\/#breadcrumb\",\"itemListElement\":[{\"@type\":\"ListItem\",\"position\":1,\"name\":\"Home\",\"item\":\"https:\/\/blogs.uef.fi\/tiedonhaku-maantiede\/\"},{\"@type\":\"ListItem\",\"position\":2,\"name\":\"Avoimet julkaisut\"}]},{\"@type\":\"WebSite\",\"@id\":\"https:\/\/blogs.uef.fi\/tiedonhaku-maantiede\/#website\",\"url\":\"https:\/\/blogs.uef.fi\/tiedonhaku-maantiede\/\",\"name\":\"Maantieteen ja ymp\u00e4rist\u00f6politiikan tiedonhaku\",\"description\":\"\",\"potentialAction\":[{\"@type\":\"SearchAction\",\"target\":{\"@type\":\"EntryPoint\",\"urlTemplate\":\"https:\/\/blogs.uef.fi\/tiedonhaku-maantiede\/?s={search_term_string}\"},\"query-input\":{\"@type\":\"PropertyValueSpecification\",\"valueRequired\":true,\"valueName\":\"search_term_string\"}}],\"inLanguage\":\"fi\"}]}<\/script>\n<!-- \/ Yoast SEO plugin. -->","yoast_head_json":{"title":"Avoimet julkaisut - Maantieteen ja ymp\u00e4rist\u00f6politiikan tiedonhaku","robots":{"index":"index","follow":"follow","max-snippet":"max-snippet:-1","max-image-preview":"max-image-preview:large","max-video-preview":"max-video-preview:-1"},"canonical":"https:\/\/blogs.uef.fi\/tiedonhaku-maantiede\/avoimet-julkaisut\/","og_locale":"fi_FI","og_type":"article","og_title":"Avoimet julkaisut - Maantieteen ja ymp\u00e4rist\u00f6politiikan tiedonhaku","og_description":"Tieteelliset artikkelit julkaistaan t\u00e4t\u00e4 tarkoitusta varten perustetuissa lehdiss\u00e4, joita hallitsevat muutamat suuret kaupalliset kustantajat. Tieteelliset lehdet ovat maksullisia ja niihin on p\u00e4\u00e4sy vain esimerkiksi yliopiston henkil\u00f6kunnalla ja opiskelijoilla. Suuri osa tieteellisest\u00e4 tiedosta on siis maksumuurin takana, t\u00e4ll\u00e4 hetkell\u00e4. T\u00e4m\u00e4 vaikeuttaa merkitt\u00e4v\u00e4sti tieteellisen tiedon hy\u00f6dynt\u00e4mist\u00e4 esim. yrityksiss\u00e4. On nurinkurista, ett\u00e4 tutkija luovuttaa artikkelinsa julkaistavaksi lehteen ilman [&hellip;]","og_url":"https:\/\/blogs.uef.fi\/tiedonhaku-maantiede\/avoimet-julkaisut\/","og_site_name":"Maantieteen ja ymp\u00e4rist\u00f6politiikan tiedonhaku","article_modified_time":"2023-06-27T08:02:41+00:00","og_image":[{"url":"https:\/\/blogs.uef.fi\/tiedonhaku-maantiede\/wp-content\/uploads\/sites\/53\/2018\/11\/FYSoa.png","type":"","width":"","height":""}],"twitter_card":"summary_large_image","twitter_misc":{"Arvioitu lukuaika":"2 minuuttia"},"schema":{"@context":"https:\/\/schema.org","@graph":[{"@type":"WebPage","@id":"https:\/\/blogs.uef.fi\/tiedonhaku-maantiede\/avoimet-julkaisut\/","url":"https:\/\/blogs.uef.fi\/tiedonhaku-maantiede\/avoimet-julkaisut\/","name":"Avoimet julkaisut - Maantieteen ja ymp\u00e4rist\u00f6politiikan tiedonhaku","isPartOf":{"@id":"https:\/\/blogs.uef.fi\/tiedonhaku-maantiede\/#website"},"primaryImageOfPage":{"@id":"https:\/\/blogs.uef.fi\/tiedonhaku-maantiede\/avoimet-julkaisut\/#primaryimage"},"image":{"@id":"https:\/\/blogs.uef.fi\/tiedonhaku-maantiede\/avoimet-julkaisut\/#primaryimage"},"thumbnailUrl":"https:\/\/blogs.uef.fi\/tiedonhaku-maantiede\/wp-content\/uploads\/sites\/53\/2018\/11\/FYSoa.png","datePublished":"2018-11-22T13:38:30+00:00","dateModified":"2023-06-27T08:02:41+00:00","breadcrumb":{"@id":"https:\/\/blogs.uef.fi\/tiedonhaku-maantiede\/avoimet-julkaisut\/#breadcrumb"},"inLanguage":"fi","potentialAction":[{"@type":"ReadAction","target":["https:\/\/blogs.uef.fi\/tiedonhaku-maantiede\/avoimet-julkaisut\/"]}]},{"@type":"ImageObject","inLanguage":"fi","@id":"https:\/\/blogs.uef.fi\/tiedonhaku-maantiede\/avoimet-julkaisut\/#primaryimage","url":"https:\/\/blogs.uef.fi\/tiedonhaku-maantiede\/wp-content\/uploads\/sites\/53\/2018\/11\/FYSoa.png","contentUrl":"https:\/\/blogs.uef.fi\/tiedonhaku-maantiede\/wp-content\/uploads\/sites\/53\/2018\/11\/FYSoa.png","width":1080,"height":475},{"@type":"BreadcrumbList","@id":"https:\/\/blogs.uef.fi\/tiedonhaku-maantiede\/avoimet-julkaisut\/#breadcrumb","itemListElement":[{"@type":"ListItem","position":1,"name":"Home","item":"https:\/\/blogs.uef.fi\/tiedonhaku-maantiede\/"},{"@type":"ListItem","position":2,"name":"Avoimet julkaisut"}]},{"@type":"WebSite","@id":"https:\/\/blogs.uef.fi\/tiedonhaku-maantiede\/#website","url":"https:\/\/blogs.uef.fi\/tiedonhaku-maantiede\/","name":"Maantieteen ja ymp\u00e4rist\u00f6politiikan tiedonhaku","description":"","potentialAction":[{"@type":"SearchAction","target":{"@type":"EntryPoint","urlTemplate":"https:\/\/blogs.uef.fi\/tiedonhaku-maantiede\/?s={search_term_string}"},"query-input":{"@type":"PropertyValueSpecification","valueRequired":true,"valueName":"search_term_string"}}],"inLanguage":"fi"}]}},"_links":{"self":[{"href":"https:\/\/blogs.uef.fi\/tiedonhaku-maantiede\/wp-json\/wp\/v2\/pages\/609","targetHints":{"allow":["GET"]}}],"collection":[{"href":"https:\/\/blogs.uef.fi\/tiedonhaku-maantiede\/wp-json\/wp\/v2\/pages"}],"about":[{"href":"https:\/\/blogs.uef.fi\/tiedonhaku-maantiede\/wp-json\/wp\/v2\/types\/page"}],"author":[{"embeddable":true,"href":"https:\/\/blogs.uef.fi\/tiedonhaku-maantiede\/wp-json\/wp\/v2\/users\/127"}],"replies":[{"embeddable":true,"href":"https:\/\/blogs.uef.fi\/tiedonhaku-maantiede\/wp-json\/wp\/v2\/comments?post=609"}],"version-history":[{"count":3,"href":"https:\/\/blogs.uef.fi\/tiedonhaku-maantiede\/wp-json\/wp\/v2\/pages\/609\/revisions"}],"predecessor-version":[{"id":1964,"href":"https:\/\/blogs.uef.fi\/tiedonhaku-maantiede\/wp-json\/wp\/v2\/pages\/609\/revisions\/1964"}],"wp:attachment":[{"href":"https:\/\/blogs.uef.fi\/tiedonhaku-maantiede\/wp-json\/wp\/v2\/media?parent=609"}],"curies":[{"name":"wp","href":"https:\/\/api.w.org\/{rel}","templated":true}]}}