{"id":53,"date":"2015-11-11T07:38:27","date_gmt":"2015-11-11T07:38:27","guid":{"rendered":"https:\/\/ueflibrarygeo.wordpress.com\/?page_id=53"},"modified":"2021-11-19T16:49:29","modified_gmt":"2021-11-19T14:49:29","slug":"asiasanat","status":"publish","type":"page","link":"https:\/\/blogs.uef.fi\/tiedonhaku-maantiede\/asiasanat\/","title":{"rendered":"Asiasana- vs. sanahaku"},"content":{"rendered":"<h1>Asiasana- vs. sanahaku<\/h1>\n<h2>Sanahaku <strong>(vapaateksti, keyword, free text..) <\/strong><\/h2>\n<p>hakee sanaa<\/p>\n<ul>\n<li><strong>kaikk<\/strong><strong>ialta<\/strong> julkaisujen tiedoista:<\/li>\n<li>tekij\u00e4n ja julkaisun nimest\u00e4, tiivistelm\u00e4st\u00e4, asiasanoista, kustantajan nimest\u00e4 jne.<\/li>\n<li>t\u00e4sm\u00e4lleen annetussa muodossa, joten mieti<strong> sanan taipumiset<\/strong> yms. ja k\u00e4yt\u00e4 katkaisumerkki\u00e4.<\/li>\n<li>on<strong> oletus<\/strong><strong>hakuna<\/strong> tietokannoissa yleens\u00e4<\/li>\n<\/ul>\n<p><strong>Mit\u00e4 tahansa<\/strong> luonnollisen kielen sanoja tai fraaseja voi k\u00e4ytt\u00e4\u00e4.<\/p>\n<ul>\n<li>Aiheen kannalta merkityksett\u00f6mi\u00e4 sanoja (stop words, esim. <em>a, an, the, in, on<\/em>) ei k\u00e4ytet\u00e4 haussa, ei yksin\u00e4\u00e4n eik\u00e4 sanaliittojen osina.<\/li>\n<li>Kannattaa kysy\u00e4 my\u00f6s ty\u00f6n ohjaajalta, mill\u00e4 sanoilla aiheesta voisi hakea.<\/li>\n<\/ul>\n<ul>\n<li><strong>Synonyymit<\/strong> pit\u00e4\u00e4 mietti\u00e4 ja hakea erikseen.<\/li>\n<li><strong>Homonyymit<\/strong> tulevat mukaan \u2013 tietokone ei erota merkityksi\u00e4<br \/>\n<h2><strong><img loading=\"lazy\" decoding=\"async\" class=\"alignright wp-image-54 \" src=\"https:\/\/blogs.uef.fi\/tiedonhaku-maantiede\/wp-content\/uploads\/sites\/53\/2015\/11\/asiasana.jpg\" alt=\"Koira etsii ja kaivaa luita maasta. \" width=\"184\" height=\"216\" \/><\/strong><\/h2>\n<\/li>\n<\/ul>\n<p>Vapaasanahaku toimii hyvin silloin, kun haettava aihe on <strong>yksityiskohtainen ja tarkasti rajattu<\/strong>, tai kun k\u00e4sitteist\u00f6 ja sanasto kyseisell\u00e4 alalla on <strong>vakiintunutta<\/strong>.<\/p>\n<p>&nbsp;<\/p>\n<hr \/>\n<h2>Asiasanahaku (subject terms\/headings, descriptors)<\/h2>\n<p>Tallennettaessa julkaisun tietoja tietokantoihin k\u00e4ytet\u00e4\u00e4n <strong>ennalta m\u00e4\u00e4r\u00e4ttyj\u00e4<\/strong> asiasanoja <strong>kuvailemaan niiden aihetta\/sis\u00e4lt\u00f6\u00e4<\/strong>, jotta tieto l\u00f6ytyisi paremmin.<br \/>\n<strong>Asiasanahaku kohdistuu vain asiasanoihin<\/strong>, jotka on tallennettu erilliseen asiasanakentt\u00e4\u00e4n.<\/p>\n<ul>\n<li>Useimmissa tietokannoissa asiasanahakuun p\u00e4\u00e4st\u00e4\u00e4n tarkennetun haun (advanced search) puolelta (ja siell\u00e4 yleens\u00e4 valitaan pudotusvalikosta hakukent\u00e4ksi esim. subject terms tai asiasana)<\/li>\n<li>Hakusanoiksi pit\u00e4\u00e4 t\u00e4ll\u00f6in valita ao. tietokannan k\u00e4ytt\u00e4m\u00e4n asiasanaston tai tesauruksen termej\u00e4, asiasanoja.<\/li>\n<li>Eri tietokannat k\u00e4ytt\u00e4v\u00e4t eri sanastoja. Sama sana ei toimi eri tietokannoissa samalla tavalla.<\/li>\n<li>Jos rajaat hakusi kohdistumaan asiasanakentt\u00e4\u00e4n, et voi k\u00e4ytt\u00e4\u00e4 mit\u00e4 tahansa luonnollisen kielen sanaa (tai ainakaan et niill\u00e4 v\u00e4ltt\u00e4m\u00e4tt\u00e4 saa tulosta).<\/li>\n<\/ul>\n<p><img loading=\"lazy\" decoding=\"async\" class=\"alignnone wp-image-201 size-large\" src=\"https:\/\/blogs.uef.fi\/tiedonhaku-maantiede\/wp-content\/uploads\/sites\/53\/2016\/07\/geoasias-1024x688.jpg\" alt=\"Otsikko, luokitus, aiheet ja sis\u00e4llysluettelo antavat tarkentavaa tietoa hakutuloksesta. \" width=\"525\" height=\"353\" srcset=\"https:\/\/blogs.uef.fi\/tiedonhaku-maantiede\/wp-content\/uploads\/sites\/53\/2016\/07\/geoasias-1024x688.jpg 1024w, https:\/\/blogs.uef.fi\/tiedonhaku-maantiede\/wp-content\/uploads\/sites\/53\/2016\/07\/geoasias-300x202.jpg 300w, https:\/\/blogs.uef.fi\/tiedonhaku-maantiede\/wp-content\/uploads\/sites\/53\/2016\/07\/geoasias-768x516.jpg 768w, https:\/\/blogs.uef.fi\/tiedonhaku-maantiede\/wp-content\/uploads\/sites\/53\/2016\/07\/geoasias.jpg 1563w\" sizes=\"auto, (max-width: 525px) 100vw, 525px\" \/><\/p>\n<p>Asiasanahaku toimii hyvin silloin, kun <strong>aihe on laaja-alainen tai hankalasti m\u00e4\u00e4ritelt\u00e4v\u00e4.<\/strong><\/p>\n<p>Jos k\u00e4ytet\u00e4\u00e4n samaa hakusanaa sek\u00e4 sanahaussa ett\u00e4 asiasanahaussa, <strong>sanahaku l\u00f6yt\u00e4\u00e4 enemm\u00e4n tuloksia<\/strong>, varsinkin silloin, jos on k\u00e4ytetty sanankatkaisua. Asiasanahaun tulokset puolestaan ovat <strong>aiheenmukaisia.<\/strong><\/p>\n<p>Paljon riippuu kuitenkin <strong>sanavalinnasta<\/strong>: asiasana voi hyvinkin antaa enemm\u00e4n tuloksia kuin jokin toinen, samaan asiaan liittyv\u00e4 muu hakusana.<\/p>\n<p style=\"padding-left: 30px\">asiasanahaku: lomailu, 157 tulosta UEF-Primosta (2.1.2019)<br \/>\nsanahaku: lomanviet*, <em>8<\/em> tulosta UEF-Primosta (2.1.2019)<em><br \/>\n<\/em><\/p>\n<p>Rajaus asiasanaan \/ asiasanahaku <strong>kohdentaa hakua, parantaa usein relevanssia ja aiheen osuvuutta, mutta pienent\u00e4\u00e4 hakutulosta<\/strong>.<\/p>\n","protected":false},"excerpt":{"rendered":"<p>Asiasana- vs. sanahaku Sanahaku (vapaateksti, keyword, free text..) hakee sanaa kaikkialta julkaisujen tiedoista: tekij\u00e4n ja julkaisun nimest\u00e4, tiivistelm\u00e4st\u00e4, asiasanoista, kustantajan nimest\u00e4 jne. t\u00e4sm\u00e4lleen annetussa muodossa, joten mieti sanan taipumiset yms. ja k\u00e4yt\u00e4 katkaisumerkki\u00e4. on oletushakuna tietokannoissa yleens\u00e4 Mit\u00e4 tahansa luonnollisen kielen sanoja tai fraaseja voi k\u00e4ytt\u00e4\u00e4. Aiheen kannalta merkityksett\u00f6mi\u00e4 sanoja (stop words, esim. a, an, [&hellip;]<\/p>\n","protected":false},"author":127,"featured_media":0,"parent":0,"menu_order":0,"comment_status":"closed","ping_status":"closed","template":"","meta":{"_acf_changed":false,"footnotes":""},"class_list":["post-53","page","type-page","status-publish","hentry"],"acf":[],"yoast_head":"<!-- This site is optimized with the Yoast SEO plugin v27.1.1 - https:\/\/yoast.com\/product\/yoast-seo-wordpress\/ -->\n<title>Asiasana- vs. sanahaku - Maantieteen ja ymp\u00e4rist\u00f6politiikan tiedonhaku<\/title>\n<meta name=\"robots\" content=\"index, follow, max-snippet:-1, max-image-preview:large, max-video-preview:-1\" \/>\n<link rel=\"canonical\" href=\"https:\/\/blogs.uef.fi\/tiedonhaku-maantiede\/asiasanat\/\" \/>\n<meta property=\"og:locale\" content=\"fi_FI\" \/>\n<meta property=\"og:type\" content=\"article\" \/>\n<meta property=\"og:title\" content=\"Asiasana- vs. sanahaku - Maantieteen ja ymp\u00e4rist\u00f6politiikan tiedonhaku\" \/>\n<meta property=\"og:description\" content=\"Asiasana- vs. sanahaku Sanahaku (vapaateksti, keyword, free text..) hakee sanaa kaikkialta julkaisujen tiedoista: tekij\u00e4n ja julkaisun nimest\u00e4, tiivistelm\u00e4st\u00e4, asiasanoista, kustantajan nimest\u00e4 jne. t\u00e4sm\u00e4lleen annetussa muodossa, joten mieti sanan taipumiset yms. ja k\u00e4yt\u00e4 katkaisumerkki\u00e4. on oletushakuna tietokannoissa yleens\u00e4 Mit\u00e4 tahansa luonnollisen kielen sanoja tai fraaseja voi k\u00e4ytt\u00e4\u00e4. Aiheen kannalta merkityksett\u00f6mi\u00e4 sanoja (stop words, esim. a, an, [&hellip;]\" \/>\n<meta property=\"og:url\" content=\"https:\/\/blogs.uef.fi\/tiedonhaku-maantiede\/asiasanat\/\" \/>\n<meta property=\"og:site_name\" content=\"Maantieteen ja ymp\u00e4rist\u00f6politiikan tiedonhaku\" \/>\n<meta property=\"article:modified_time\" content=\"2021-11-19T14:49:29+00:00\" \/>\n<meta property=\"og:image\" content=\"https:\/\/blogs.uef.fi\/tiedonhaku-maantiede\/wp-content\/uploads\/sites\/53\/2015\/11\/asiasana.jpg\" \/>\n<meta name=\"twitter:card\" content=\"summary_large_image\" \/>\n<meta name=\"twitter:label1\" content=\"Arvioitu lukuaika\" \/>\n\t<meta name=\"twitter:data1\" content=\"2 minuuttia\" \/>\n<script type=\"application\/ld+json\" class=\"yoast-schema-graph\">{\"@context\":\"https:\/\/schema.org\",\"@graph\":[{\"@type\":\"WebPage\",\"@id\":\"https:\/\/blogs.uef.fi\/tiedonhaku-maantiede\/asiasanat\/\",\"url\":\"https:\/\/blogs.uef.fi\/tiedonhaku-maantiede\/asiasanat\/\",\"name\":\"Asiasana- vs. sanahaku - Maantieteen ja ymp\u00e4rist\u00f6politiikan tiedonhaku\",\"isPartOf\":{\"@id\":\"https:\/\/blogs.uef.fi\/tiedonhaku-maantiede\/#website\"},\"primaryImageOfPage\":{\"@id\":\"https:\/\/blogs.uef.fi\/tiedonhaku-maantiede\/asiasanat\/#primaryimage\"},\"image\":{\"@id\":\"https:\/\/blogs.uef.fi\/tiedonhaku-maantiede\/asiasanat\/#primaryimage\"},\"thumbnailUrl\":\"https:\/\/blogs.uef.fi\/tiedonhaku-maantiede\/wp-content\/uploads\/sites\/53\/2015\/11\/asiasana.jpg\",\"datePublished\":\"2015-11-11T07:38:27+00:00\",\"dateModified\":\"2021-11-19T14:49:29+00:00\",\"breadcrumb\":{\"@id\":\"https:\/\/blogs.uef.fi\/tiedonhaku-maantiede\/asiasanat\/#breadcrumb\"},\"inLanguage\":\"fi\",\"potentialAction\":[{\"@type\":\"ReadAction\",\"target\":[\"https:\/\/blogs.uef.fi\/tiedonhaku-maantiede\/asiasanat\/\"]}]},{\"@type\":\"ImageObject\",\"inLanguage\":\"fi\",\"@id\":\"https:\/\/blogs.uef.fi\/tiedonhaku-maantiede\/asiasanat\/#primaryimage\",\"url\":\"https:\/\/blogs.uef.fi\/tiedonhaku-maantiede\/wp-content\/uploads\/sites\/53\/2015\/11\/asiasana.jpg\",\"contentUrl\":\"https:\/\/blogs.uef.fi\/tiedonhaku-maantiede\/wp-content\/uploads\/sites\/53\/2015\/11\/asiasana.jpg\",\"width\":364,\"height\":427},{\"@type\":\"BreadcrumbList\",\"@id\":\"https:\/\/blogs.uef.fi\/tiedonhaku-maantiede\/asiasanat\/#breadcrumb\",\"itemListElement\":[{\"@type\":\"ListItem\",\"position\":1,\"name\":\"Home\",\"item\":\"https:\/\/blogs.uef.fi\/tiedonhaku-maantiede\/\"},{\"@type\":\"ListItem\",\"position\":2,\"name\":\"Asiasana- vs. sanahaku\"}]},{\"@type\":\"WebSite\",\"@id\":\"https:\/\/blogs.uef.fi\/tiedonhaku-maantiede\/#website\",\"url\":\"https:\/\/blogs.uef.fi\/tiedonhaku-maantiede\/\",\"name\":\"Maantieteen ja ymp\u00e4rist\u00f6politiikan tiedonhaku\",\"description\":\"\",\"potentialAction\":[{\"@type\":\"SearchAction\",\"target\":{\"@type\":\"EntryPoint\",\"urlTemplate\":\"https:\/\/blogs.uef.fi\/tiedonhaku-maantiede\/?s={search_term_string}\"},\"query-input\":{\"@type\":\"PropertyValueSpecification\",\"valueRequired\":true,\"valueName\":\"search_term_string\"}}],\"inLanguage\":\"fi\"}]}<\/script>\n<!-- \/ Yoast SEO plugin. -->","yoast_head_json":{"title":"Asiasana- vs. sanahaku - Maantieteen ja ymp\u00e4rist\u00f6politiikan tiedonhaku","robots":{"index":"index","follow":"follow","max-snippet":"max-snippet:-1","max-image-preview":"max-image-preview:large","max-video-preview":"max-video-preview:-1"},"canonical":"https:\/\/blogs.uef.fi\/tiedonhaku-maantiede\/asiasanat\/","og_locale":"fi_FI","og_type":"article","og_title":"Asiasana- vs. sanahaku - Maantieteen ja ymp\u00e4rist\u00f6politiikan tiedonhaku","og_description":"Asiasana- vs. sanahaku Sanahaku (vapaateksti, keyword, free text..) hakee sanaa kaikkialta julkaisujen tiedoista: tekij\u00e4n ja julkaisun nimest\u00e4, tiivistelm\u00e4st\u00e4, asiasanoista, kustantajan nimest\u00e4 jne. t\u00e4sm\u00e4lleen annetussa muodossa, joten mieti sanan taipumiset yms. ja k\u00e4yt\u00e4 katkaisumerkki\u00e4. on oletushakuna tietokannoissa yleens\u00e4 Mit\u00e4 tahansa luonnollisen kielen sanoja tai fraaseja voi k\u00e4ytt\u00e4\u00e4. Aiheen kannalta merkityksett\u00f6mi\u00e4 sanoja (stop words, esim. a, an, [&hellip;]","og_url":"https:\/\/blogs.uef.fi\/tiedonhaku-maantiede\/asiasanat\/","og_site_name":"Maantieteen ja ymp\u00e4rist\u00f6politiikan tiedonhaku","article_modified_time":"2021-11-19T14:49:29+00:00","og_image":[{"url":"https:\/\/blogs.uef.fi\/tiedonhaku-maantiede\/wp-content\/uploads\/sites\/53\/2015\/11\/asiasana.jpg","type":"","width":"","height":""}],"twitter_card":"summary_large_image","twitter_misc":{"Arvioitu lukuaika":"2 minuuttia"},"schema":{"@context":"https:\/\/schema.org","@graph":[{"@type":"WebPage","@id":"https:\/\/blogs.uef.fi\/tiedonhaku-maantiede\/asiasanat\/","url":"https:\/\/blogs.uef.fi\/tiedonhaku-maantiede\/asiasanat\/","name":"Asiasana- vs. sanahaku - Maantieteen ja ymp\u00e4rist\u00f6politiikan tiedonhaku","isPartOf":{"@id":"https:\/\/blogs.uef.fi\/tiedonhaku-maantiede\/#website"},"primaryImageOfPage":{"@id":"https:\/\/blogs.uef.fi\/tiedonhaku-maantiede\/asiasanat\/#primaryimage"},"image":{"@id":"https:\/\/blogs.uef.fi\/tiedonhaku-maantiede\/asiasanat\/#primaryimage"},"thumbnailUrl":"https:\/\/blogs.uef.fi\/tiedonhaku-maantiede\/wp-content\/uploads\/sites\/53\/2015\/11\/asiasana.jpg","datePublished":"2015-11-11T07:38:27+00:00","dateModified":"2021-11-19T14:49:29+00:00","breadcrumb":{"@id":"https:\/\/blogs.uef.fi\/tiedonhaku-maantiede\/asiasanat\/#breadcrumb"},"inLanguage":"fi","potentialAction":[{"@type":"ReadAction","target":["https:\/\/blogs.uef.fi\/tiedonhaku-maantiede\/asiasanat\/"]}]},{"@type":"ImageObject","inLanguage":"fi","@id":"https:\/\/blogs.uef.fi\/tiedonhaku-maantiede\/asiasanat\/#primaryimage","url":"https:\/\/blogs.uef.fi\/tiedonhaku-maantiede\/wp-content\/uploads\/sites\/53\/2015\/11\/asiasana.jpg","contentUrl":"https:\/\/blogs.uef.fi\/tiedonhaku-maantiede\/wp-content\/uploads\/sites\/53\/2015\/11\/asiasana.jpg","width":364,"height":427},{"@type":"BreadcrumbList","@id":"https:\/\/blogs.uef.fi\/tiedonhaku-maantiede\/asiasanat\/#breadcrumb","itemListElement":[{"@type":"ListItem","position":1,"name":"Home","item":"https:\/\/blogs.uef.fi\/tiedonhaku-maantiede\/"},{"@type":"ListItem","position":2,"name":"Asiasana- vs. sanahaku"}]},{"@type":"WebSite","@id":"https:\/\/blogs.uef.fi\/tiedonhaku-maantiede\/#website","url":"https:\/\/blogs.uef.fi\/tiedonhaku-maantiede\/","name":"Maantieteen ja ymp\u00e4rist\u00f6politiikan tiedonhaku","description":"","potentialAction":[{"@type":"SearchAction","target":{"@type":"EntryPoint","urlTemplate":"https:\/\/blogs.uef.fi\/tiedonhaku-maantiede\/?s={search_term_string}"},"query-input":{"@type":"PropertyValueSpecification","valueRequired":true,"valueName":"search_term_string"}}],"inLanguage":"fi"}]}},"_links":{"self":[{"href":"https:\/\/blogs.uef.fi\/tiedonhaku-maantiede\/wp-json\/wp\/v2\/pages\/53","targetHints":{"allow":["GET"]}}],"collection":[{"href":"https:\/\/blogs.uef.fi\/tiedonhaku-maantiede\/wp-json\/wp\/v2\/pages"}],"about":[{"href":"https:\/\/blogs.uef.fi\/tiedonhaku-maantiede\/wp-json\/wp\/v2\/types\/page"}],"author":[{"embeddable":true,"href":"https:\/\/blogs.uef.fi\/tiedonhaku-maantiede\/wp-json\/wp\/v2\/users\/127"}],"replies":[{"embeddable":true,"href":"https:\/\/blogs.uef.fi\/tiedonhaku-maantiede\/wp-json\/wp\/v2\/comments?post=53"}],"version-history":[{"count":4,"href":"https:\/\/blogs.uef.fi\/tiedonhaku-maantiede\/wp-json\/wp\/v2\/pages\/53\/revisions"}],"predecessor-version":[{"id":1990,"href":"https:\/\/blogs.uef.fi\/tiedonhaku-maantiede\/wp-json\/wp\/v2\/pages\/53\/revisions\/1990"}],"wp:attachment":[{"href":"https:\/\/blogs.uef.fi\/tiedonhaku-maantiede\/wp-json\/wp\/v2\/media?parent=53"}],"curies":[{"name":"wp","href":"https:\/\/api.w.org\/{rel}","templated":true}]}}