{"id":41,"date":"2015-11-11T07:23:48","date_gmt":"2015-11-11T07:23:48","guid":{"rendered":"https:\/\/ueflibrarygeo.wordpress.com\/?page_id=41"},"modified":"2023-06-27T11:53:23","modified_gmt":"2023-06-27T08:53:23","slug":"sanojen-keksiminen","status":"publish","type":"page","link":"https:\/\/blogs.uef.fi\/tiedonhaku-maantiede\/sanojen-keksiminen\/","title":{"rendered":"Sanojen keksiminen"},"content":{"rendered":"\n<figure class=\"wp-block-image alignleft\"><img loading=\"lazy\" decoding=\"async\" width=\"189\" height=\"242\" src=\"https:\/\/blogs.uef.fi\/tiedonhaku-maantiede\/wp-content\/uploads\/sites\/53\/2015\/11\/dogsanat.png\" alt=\"Koira ajattelee ruokaa. \" class=\"wp-image-42\" \/><\/figure>\n\n\n\n<p>Tiedonhakijan pit\u00e4\u00e4 k\u00e4\u00e4nt\u00e4\u00e4 omat ajatuksensa, k\u00e4sitteet, <strong>kielellisiksi ilmauksi<\/strong><strong>ksi<\/strong> ja sit\u00e4 kautta hakusanoiksi. Hakuj\u00e4rjestelm\u00e4ss\u00e4 hakusana voi toimia kuten yksinkertainen merkkijono. Tiedonhakijan on <strong>itse m\u00e4\u00e4r\u00e4tt\u00e4v\u00e4 kaikki merkkijonot<\/strong>, joita haetaan.<\/p>\n\n\n\n<p>Hakusana voi olla my\u00f6s <strong>l\u00e4ht\u00f6kohta<\/strong>, jonka avulla hakuj\u00e4rjestelm\u00e4 l\u00f6yt\u00e4\u00e4 sanasta erilaisia <strong>taivutusmuotoja ja johdannaisia<\/strong>. Varsinaisesti j\u00e4rjestelm\u00e4 ei kuitenkaan ymm\u00e4rr\u00e4 eik\u00e4 hae k\u00e4sitteit\u00e4 tai <a href=\"http:\/\/www.hs.fi\/fingerpori\/s1349760743374\" target=\"_blank\" rel=\"noopener noreferrer\">merkityksi\u00e4 (hs.fi:fingerpori; <\/a>linkki aukeaa uuteen ikkunaan). T\u00e4m\u00e4 tuo tulokseen my\u00f6s aiheeseen liittym\u00e4tt\u00f6mi\u00e4 osumia.<\/p>\n\n\n\n<p>Tiedon l\u00f6ytyvyys perustuu siis tiettyjen merkkijonojen esiintyvyyteen dokumenteissa tai niiden (meta)tiedoissa. K\u00e4\u00e4nt\u00e4en, dokumentin aihe voi olla sis\u00e4ll\u00f6lt\u00e4\u00e4n aiheenmukainen, mutta jos hakusanaa ei sen tiedoista l\u00f6ydy, itse dokumenttikin j\u00e4\u00e4 l\u00f6ytym\u00e4tt\u00e4.<\/p>\n\n\n\n<p><strong>K\u00e4site itsess\u00e4\u00e4n<\/strong> on usein ensimm\u00e4inen hyv\u00e4 hakusana.<\/p>\n\n\n\n<p><strong>Vaihtoehtoiset hakutermit<\/strong> ovat kuitenkin l\u00e4hes aina v\u00e4ltt\u00e4m\u00e4tt\u00f6mi\u00e4:<\/p>\n\n\n\n<ul class=\"wp-block-list\">\n<li><strong>kieli<\/strong> on ensimm\u00e4inen kysymys. Englantia ja suomea ainakin tarvitaan<\/li>\n\n\n\n<li><strong>synonyymit<\/strong>: kuntainliitto = kuntayhtym\u00e4<\/li>\n\n\n\n<li><strong>l\u00e4heiset, samaan liittyv\u00e4t k\u00e4sitteet<\/strong>: kulttuuriymp\u00e4rist\u00f6 &#8211; perinnemaisema<\/li>\n\n\n\n<li><strong>vastakkainen k\u00e4site<\/strong> voi olla hy\u00f6dyksi joskus: asumistiheys &#8211; asumisv\u00e4ljyys<\/li>\n\n\n\n<li><strong>erilaiset kirjoitusmuodot<\/strong>: maakunnan suunnittelu &#8211; maakuntasuunnittelu; organization &#8211; organisation<\/li>\n\n\n\n<li><strong>lyhenteet<\/strong>: GIS = geographic information systems<\/li>\n<\/ul>\n\n\n\n<p>HUOM. Lyhenteiden k\u00e4ytt\u00f6\u00e4 kannattaa v\u00e4ltt\u00e4\u00e4, jos ne ovat moniselitteisi\u00e4 (esim. lyhenne ALS tarkoittaa ainakin k\u00e4sitteit\u00e4 \u201cAirborne Laser Scanning\u201d, \u201c<span class=\"st\">Amyotrofinen lateraaliskleroosi<\/span>\u201c, \u201cAngular Leaf Spot\u201d ja \u201cAcetolactate synthase\u201d).<br>Pidemm\u00e4n tekstin joukosta aukikirjoitettu muoto yleens\u00e4 l\u00f6ytyy. Mutta jos haku kohdistuu vain otsikkoon, voi olla tarpeen kokeilla my\u00f6s lyhenteell\u00e4:<\/p>\n\n\n\n<figure class=\"wp-block-image aligncenter\"><img loading=\"lazy\" decoding=\"async\" width=\"527\" height=\"126\" src=\"https:\/\/blogs.uef.fi\/tiedonhaku-maantiede\/wp-content\/uploads\/sites\/53\/2015\/11\/lyhenne.jpg\" alt=\"Esimerkki hakutuloksesta.\" class=\"wp-image-43\" \/><\/figure>\n\n\n\n<p>Kun termej\u00e4 alkaa kerty\u00e4 enemm\u00e4n, on hyv\u00e4 idea koota sanoja taulukkoon, jotta kokonaisuus \u2013 p\u00e4\u00e4k\u00e4sitteet ja niihin liittyv\u00e4t termit \u2013 pysyy hallinnassa:<\/p>\n\n\n\n<figure class=\"wp-block-image aligncenter\"><img loading=\"lazy\" decoding=\"async\" width=\"602\" height=\"189\" src=\"https:\/\/blogs.uef.fi\/tiedonhaku-maantiede\/wp-content\/uploads\/sites\/53\/2018\/11\/GEOsanoja.png\" alt=\"Taulukko yl\u00e4- ja alak\u00e4sitteist\u00e4. \" class=\"wp-image-449\" srcset=\"https:\/\/blogs.uef.fi\/tiedonhaku-maantiede\/wp-content\/uploads\/sites\/53\/2018\/11\/GEOsanoja.png 602w, https:\/\/blogs.uef.fi\/tiedonhaku-maantiede\/wp-content\/uploads\/sites\/53\/2018\/11\/GEOsanoja-300x94.png 300w\" sizes=\"auto, (max-width: 602px) 100vw, 602px\" \/><\/figure>\n\n\n\n<h2 class=\"wp-block-heading\"><span style=\"color: #000000\">Apuneuvoja hakusanojen m\u00e4\u00e4rittelyyn: <\/span><strong><br><\/strong><\/h2>\n\n\n\n<ul class=\"wp-block-list\">\n<li><strong>Sanakirjat<\/strong> (esim. MOT sanakirjasto), k\u00e4sikirjat, hakuteokset (esim. Wikipedia)<\/li>\n\n\n\n<li><strong>Oppikirjat<\/strong><br>Taustatietoa ja alan k\u00e4sitteist\u00f6\u00e4 l\u00f6ytyy alan oppikirjoista, tietosanakirjoista ja muista hakuteoksista. Ne auttavat keskeisten k\u00e4sitteiden ja niiden synonyymien pohtimisessa. Samalla on hyv\u00e4 selvitt\u00e4\u00e4 termien laajemmat ja suppeammat k\u00e4sitteet sek\u00e4 vaihtoehtoiset ilmaisut.<\/li>\n\n\n\n<li>Jo l\u00f6ydettyjen julkaisujen<strong> sis\u00e4llysluettelot ja l\u00e4hdeluettelot<\/strong><\/li>\n\n\n\n<li><strong>Asiasanastot<\/strong><\/li>\n\n\n\n<li>Jo l\u00f6ytyneiden julkaisujen tiedot tietokannoissa, erityisesti<strong> aihetta kuvaavat sanat<\/strong> (subject)<\/li>\n<\/ul>\n\n\n\n<figure class=\"wp-block-image\"><img loading=\"lazy\" decoding=\"async\" width=\"856\" height=\"626\" src=\"https:\/\/blogs.uef.fi\/tiedonhaku-maantiede\/wp-content\/uploads\/sites\/53\/2016\/11\/geoasiasanat.jpg\" alt=\"Esimerkki kuinka kirjahaun aiheet -kohdasta voi l\u00f6yt\u00e4\u00e4 asiasanoja. \" class=\"wp-image-222\" srcset=\"https:\/\/blogs.uef.fi\/tiedonhaku-maantiede\/wp-content\/uploads\/sites\/53\/2016\/11\/geoasiasanat.jpg 856w, https:\/\/blogs.uef.fi\/tiedonhaku-maantiede\/wp-content\/uploads\/sites\/53\/2016\/11\/geoasiasanat-300x219.jpg 300w, https:\/\/blogs.uef.fi\/tiedonhaku-maantiede\/wp-content\/uploads\/sites\/53\/2016\/11\/geoasiasanat-768x562.jpg 768w\" sizes=\"auto, (max-width: 856px) 100vw, 856px\" \/><\/figure>\n\n\n\n<p>Hakusanojen l\u00f6yt\u00e4minen kaaviona:<\/p>\n\n\n\n<figure class=\"wp-block-image aligncenter\"><img loading=\"lazy\" decoding=\"async\" width=\"1109\" height=\"535\" src=\"https:\/\/blogs.uef.fi\/tiedonhaku-maantiede\/wp-content\/uploads\/sites\/53\/2018\/11\/analyysi.png\" alt=\"Hakusanojen l\u00f6yt\u00e4misen prosessi aiheesta erilaisiin hakusanoihin kaaviomuodossa. \" class=\"wp-image-443\" srcset=\"https:\/\/blogs.uef.fi\/tiedonhaku-maantiede\/wp-content\/uploads\/sites\/53\/2018\/11\/analyysi.png 1109w, https:\/\/blogs.uef.fi\/tiedonhaku-maantiede\/wp-content\/uploads\/sites\/53\/2018\/11\/analyysi-300x145.png 300w, https:\/\/blogs.uef.fi\/tiedonhaku-maantiede\/wp-content\/uploads\/sites\/53\/2018\/11\/analyysi-768x370.png 768w, https:\/\/blogs.uef.fi\/tiedonhaku-maantiede\/wp-content\/uploads\/sites\/53\/2018\/11\/analyysi-1024x494.png 1024w, https:\/\/blogs.uef.fi\/tiedonhaku-maantiede\/wp-content\/uploads\/sites\/53\/2018\/11\/analyysi-788x380.png 788w\" sizes=\"auto, (max-width: 1109px) 100vw, 1109px\" \/><\/figure>\n","protected":false},"excerpt":{"rendered":"<p>Tiedonhakijan pit\u00e4\u00e4 k\u00e4\u00e4nt\u00e4\u00e4 omat ajatuksensa, k\u00e4sitteet, kielellisiksi ilmauksiksi ja sit\u00e4 kautta hakusanoiksi. Hakuj\u00e4rjestelm\u00e4ss\u00e4 hakusana voi toimia kuten yksinkertainen merkkijono. Tiedonhakijan on itse m\u00e4\u00e4r\u00e4tt\u00e4v\u00e4 kaikki merkkijonot, joita haetaan. Hakusana voi olla my\u00f6s l\u00e4ht\u00f6kohta, jonka avulla hakuj\u00e4rjestelm\u00e4 l\u00f6yt\u00e4\u00e4 sanasta erilaisia taivutusmuotoja ja johdannaisia. Varsinaisesti j\u00e4rjestelm\u00e4 ei kuitenkaan ymm\u00e4rr\u00e4 eik\u00e4 hae k\u00e4sitteit\u00e4 tai merkityksi\u00e4 (hs.fi:fingerpori; linkki aukeaa uuteen [&hellip;]<\/p>\n","protected":false},"author":127,"featured_media":0,"parent":0,"menu_order":0,"comment_status":"closed","ping_status":"closed","template":"","meta":{"_acf_changed":false,"footnotes":""},"class_list":["post-41","page","type-page","status-publish","hentry"],"acf":[],"yoast_head":"<!-- This site is optimized with the Yoast SEO plugin v27.3 - https:\/\/yoast.com\/product\/yoast-seo-wordpress\/ -->\n<title>Sanojen keksiminen - Maantieteen ja ymp\u00e4rist\u00f6politiikan tiedonhaku<\/title>\n<meta name=\"robots\" content=\"index, follow, max-snippet:-1, max-image-preview:large, max-video-preview:-1\" \/>\n<link rel=\"canonical\" href=\"https:\/\/blogs.uef.fi\/tiedonhaku-maantiede\/sanojen-keksiminen\/\" \/>\n<meta property=\"og:locale\" content=\"fi_FI\" \/>\n<meta property=\"og:type\" content=\"article\" \/>\n<meta property=\"og:title\" content=\"Sanojen keksiminen - Maantieteen ja ymp\u00e4rist\u00f6politiikan tiedonhaku\" \/>\n<meta property=\"og:description\" content=\"Tiedonhakijan pit\u00e4\u00e4 k\u00e4\u00e4nt\u00e4\u00e4 omat ajatuksensa, k\u00e4sitteet, kielellisiksi ilmauksiksi ja sit\u00e4 kautta hakusanoiksi. Hakuj\u00e4rjestelm\u00e4ss\u00e4 hakusana voi toimia kuten yksinkertainen merkkijono. Tiedonhakijan on itse m\u00e4\u00e4r\u00e4tt\u00e4v\u00e4 kaikki merkkijonot, joita haetaan. Hakusana voi olla my\u00f6s l\u00e4ht\u00f6kohta, jonka avulla hakuj\u00e4rjestelm\u00e4 l\u00f6yt\u00e4\u00e4 sanasta erilaisia taivutusmuotoja ja johdannaisia. Varsinaisesti j\u00e4rjestelm\u00e4 ei kuitenkaan ymm\u00e4rr\u00e4 eik\u00e4 hae k\u00e4sitteit\u00e4 tai merkityksi\u00e4 (hs.fi:fingerpori; linkki aukeaa uuteen [&hellip;]\" \/>\n<meta property=\"og:url\" content=\"https:\/\/blogs.uef.fi\/tiedonhaku-maantiede\/sanojen-keksiminen\/\" \/>\n<meta property=\"og:site_name\" content=\"Maantieteen ja ymp\u00e4rist\u00f6politiikan tiedonhaku\" \/>\n<meta property=\"article:modified_time\" content=\"2023-06-27T08:53:23+00:00\" \/>\n<meta property=\"og:image\" content=\"https:\/\/blogs.uef.fi\/tiedonhaku-maantiede\/wp-content\/uploads\/sites\/53\/2015\/11\/dogsanat.png\" \/>\n<meta name=\"twitter:card\" content=\"summary_large_image\" \/>\n<meta name=\"twitter:label1\" content=\"Arvioitu lukuaika\" \/>\n\t<meta name=\"twitter:data1\" content=\"3 minuuttia\" \/>\n<script type=\"application\/ld+json\" class=\"yoast-schema-graph\">{\"@context\":\"https:\\\/\\\/schema.org\",\"@graph\":[{\"@type\":\"WebPage\",\"@id\":\"https:\\\/\\\/blogs.uef.fi\\\/tiedonhaku-maantiede\\\/sanojen-keksiminen\\\/\",\"url\":\"https:\\\/\\\/blogs.uef.fi\\\/tiedonhaku-maantiede\\\/sanojen-keksiminen\\\/\",\"name\":\"Sanojen keksiminen - Maantieteen ja ymp\u00e4rist\u00f6politiikan tiedonhaku\",\"isPartOf\":{\"@id\":\"https:\\\/\\\/blogs.uef.fi\\\/tiedonhaku-maantiede\\\/#website\"},\"primaryImageOfPage\":{\"@id\":\"https:\\\/\\\/blogs.uef.fi\\\/tiedonhaku-maantiede\\\/sanojen-keksiminen\\\/#primaryimage\"},\"image\":{\"@id\":\"https:\\\/\\\/blogs.uef.fi\\\/tiedonhaku-maantiede\\\/sanojen-keksiminen\\\/#primaryimage\"},\"thumbnailUrl\":\"https:\\\/\\\/blogs.uef.fi\\\/tiedonhaku-maantiede\\\/wp-content\\\/uploads\\\/sites\\\/53\\\/2015\\\/11\\\/dogsanat.png\",\"datePublished\":\"2015-11-11T07:23:48+00:00\",\"dateModified\":\"2023-06-27T08:53:23+00:00\",\"breadcrumb\":{\"@id\":\"https:\\\/\\\/blogs.uef.fi\\\/tiedonhaku-maantiede\\\/sanojen-keksiminen\\\/#breadcrumb\"},\"inLanguage\":\"fi\",\"potentialAction\":[{\"@type\":\"ReadAction\",\"target\":[\"https:\\\/\\\/blogs.uef.fi\\\/tiedonhaku-maantiede\\\/sanojen-keksiminen\\\/\"]}]},{\"@type\":\"ImageObject\",\"inLanguage\":\"fi\",\"@id\":\"https:\\\/\\\/blogs.uef.fi\\\/tiedonhaku-maantiede\\\/sanojen-keksiminen\\\/#primaryimage\",\"url\":\"https:\\\/\\\/blogs.uef.fi\\\/tiedonhaku-maantiede\\\/wp-content\\\/uploads\\\/sites\\\/53\\\/2015\\\/11\\\/dogsanat.png\",\"contentUrl\":\"https:\\\/\\\/blogs.uef.fi\\\/tiedonhaku-maantiede\\\/wp-content\\\/uploads\\\/sites\\\/53\\\/2015\\\/11\\\/dogsanat.png\",\"width\":189,\"height\":242},{\"@type\":\"BreadcrumbList\",\"@id\":\"https:\\\/\\\/blogs.uef.fi\\\/tiedonhaku-maantiede\\\/sanojen-keksiminen\\\/#breadcrumb\",\"itemListElement\":[{\"@type\":\"ListItem\",\"position\":1,\"name\":\"Home\",\"item\":\"https:\\\/\\\/blogs.uef.fi\\\/tiedonhaku-maantiede\\\/\"},{\"@type\":\"ListItem\",\"position\":2,\"name\":\"Sanojen keksiminen\"}]},{\"@type\":\"WebSite\",\"@id\":\"https:\\\/\\\/blogs.uef.fi\\\/tiedonhaku-maantiede\\\/#website\",\"url\":\"https:\\\/\\\/blogs.uef.fi\\\/tiedonhaku-maantiede\\\/\",\"name\":\"Maantieteen ja ymp\u00e4rist\u00f6politiikan tiedonhaku\",\"description\":\"\",\"potentialAction\":[{\"@type\":\"SearchAction\",\"target\":{\"@type\":\"EntryPoint\",\"urlTemplate\":\"https:\\\/\\\/blogs.uef.fi\\\/tiedonhaku-maantiede\\\/?s={search_term_string}\"},\"query-input\":{\"@type\":\"PropertyValueSpecification\",\"valueRequired\":true,\"valueName\":\"search_term_string\"}}],\"inLanguage\":\"fi\"}]}<\/script>\n<!-- \/ Yoast SEO plugin. -->","yoast_head_json":{"title":"Sanojen keksiminen - Maantieteen ja ymp\u00e4rist\u00f6politiikan tiedonhaku","robots":{"index":"index","follow":"follow","max-snippet":"max-snippet:-1","max-image-preview":"max-image-preview:large","max-video-preview":"max-video-preview:-1"},"canonical":"https:\/\/blogs.uef.fi\/tiedonhaku-maantiede\/sanojen-keksiminen\/","og_locale":"fi_FI","og_type":"article","og_title":"Sanojen keksiminen - Maantieteen ja ymp\u00e4rist\u00f6politiikan tiedonhaku","og_description":"Tiedonhakijan pit\u00e4\u00e4 k\u00e4\u00e4nt\u00e4\u00e4 omat ajatuksensa, k\u00e4sitteet, kielellisiksi ilmauksiksi ja sit\u00e4 kautta hakusanoiksi. Hakuj\u00e4rjestelm\u00e4ss\u00e4 hakusana voi toimia kuten yksinkertainen merkkijono. Tiedonhakijan on itse m\u00e4\u00e4r\u00e4tt\u00e4v\u00e4 kaikki merkkijonot, joita haetaan. Hakusana voi olla my\u00f6s l\u00e4ht\u00f6kohta, jonka avulla hakuj\u00e4rjestelm\u00e4 l\u00f6yt\u00e4\u00e4 sanasta erilaisia taivutusmuotoja ja johdannaisia. Varsinaisesti j\u00e4rjestelm\u00e4 ei kuitenkaan ymm\u00e4rr\u00e4 eik\u00e4 hae k\u00e4sitteit\u00e4 tai merkityksi\u00e4 (hs.fi:fingerpori; linkki aukeaa uuteen [&hellip;]","og_url":"https:\/\/blogs.uef.fi\/tiedonhaku-maantiede\/sanojen-keksiminen\/","og_site_name":"Maantieteen ja ymp\u00e4rist\u00f6politiikan tiedonhaku","article_modified_time":"2023-06-27T08:53:23+00:00","og_image":[{"url":"https:\/\/blogs.uef.fi\/tiedonhaku-maantiede\/wp-content\/uploads\/sites\/53\/2015\/11\/dogsanat.png","type":"","width":"","height":""}],"twitter_card":"summary_large_image","twitter_misc":{"Arvioitu lukuaika":"3 minuuttia"},"schema":{"@context":"https:\/\/schema.org","@graph":[{"@type":"WebPage","@id":"https:\/\/blogs.uef.fi\/tiedonhaku-maantiede\/sanojen-keksiminen\/","url":"https:\/\/blogs.uef.fi\/tiedonhaku-maantiede\/sanojen-keksiminen\/","name":"Sanojen keksiminen - Maantieteen ja ymp\u00e4rist\u00f6politiikan tiedonhaku","isPartOf":{"@id":"https:\/\/blogs.uef.fi\/tiedonhaku-maantiede\/#website"},"primaryImageOfPage":{"@id":"https:\/\/blogs.uef.fi\/tiedonhaku-maantiede\/sanojen-keksiminen\/#primaryimage"},"image":{"@id":"https:\/\/blogs.uef.fi\/tiedonhaku-maantiede\/sanojen-keksiminen\/#primaryimage"},"thumbnailUrl":"https:\/\/blogs.uef.fi\/tiedonhaku-maantiede\/wp-content\/uploads\/sites\/53\/2015\/11\/dogsanat.png","datePublished":"2015-11-11T07:23:48+00:00","dateModified":"2023-06-27T08:53:23+00:00","breadcrumb":{"@id":"https:\/\/blogs.uef.fi\/tiedonhaku-maantiede\/sanojen-keksiminen\/#breadcrumb"},"inLanguage":"fi","potentialAction":[{"@type":"ReadAction","target":["https:\/\/blogs.uef.fi\/tiedonhaku-maantiede\/sanojen-keksiminen\/"]}]},{"@type":"ImageObject","inLanguage":"fi","@id":"https:\/\/blogs.uef.fi\/tiedonhaku-maantiede\/sanojen-keksiminen\/#primaryimage","url":"https:\/\/blogs.uef.fi\/tiedonhaku-maantiede\/wp-content\/uploads\/sites\/53\/2015\/11\/dogsanat.png","contentUrl":"https:\/\/blogs.uef.fi\/tiedonhaku-maantiede\/wp-content\/uploads\/sites\/53\/2015\/11\/dogsanat.png","width":189,"height":242},{"@type":"BreadcrumbList","@id":"https:\/\/blogs.uef.fi\/tiedonhaku-maantiede\/sanojen-keksiminen\/#breadcrumb","itemListElement":[{"@type":"ListItem","position":1,"name":"Home","item":"https:\/\/blogs.uef.fi\/tiedonhaku-maantiede\/"},{"@type":"ListItem","position":2,"name":"Sanojen keksiminen"}]},{"@type":"WebSite","@id":"https:\/\/blogs.uef.fi\/tiedonhaku-maantiede\/#website","url":"https:\/\/blogs.uef.fi\/tiedonhaku-maantiede\/","name":"Maantieteen ja ymp\u00e4rist\u00f6politiikan tiedonhaku","description":"","potentialAction":[{"@type":"SearchAction","target":{"@type":"EntryPoint","urlTemplate":"https:\/\/blogs.uef.fi\/tiedonhaku-maantiede\/?s={search_term_string}"},"query-input":{"@type":"PropertyValueSpecification","valueRequired":true,"valueName":"search_term_string"}}],"inLanguage":"fi"}]}},"_links":{"self":[{"href":"https:\/\/blogs.uef.fi\/tiedonhaku-maantiede\/wp-json\/wp\/v2\/pages\/41","targetHints":{"allow":["GET"]}}],"collection":[{"href":"https:\/\/blogs.uef.fi\/tiedonhaku-maantiede\/wp-json\/wp\/v2\/pages"}],"about":[{"href":"https:\/\/blogs.uef.fi\/tiedonhaku-maantiede\/wp-json\/wp\/v2\/types\/page"}],"author":[{"embeddable":true,"href":"https:\/\/blogs.uef.fi\/tiedonhaku-maantiede\/wp-json\/wp\/v2\/users\/127"}],"replies":[{"embeddable":true,"href":"https:\/\/blogs.uef.fi\/tiedonhaku-maantiede\/wp-json\/wp\/v2\/comments?post=41"}],"version-history":[{"count":3,"href":"https:\/\/blogs.uef.fi\/tiedonhaku-maantiede\/wp-json\/wp\/v2\/pages\/41\/revisions"}],"predecessor-version":[{"id":1978,"href":"https:\/\/blogs.uef.fi\/tiedonhaku-maantiede\/wp-json\/wp\/v2\/pages\/41\/revisions\/1978"}],"wp:attachment":[{"href":"https:\/\/blogs.uef.fi\/tiedonhaku-maantiede\/wp-json\/wp\/v2\/media?parent=41"}],"curies":[{"name":"wp","href":"https:\/\/api.w.org\/{rel}","templated":true}]}}