{"id":4,"date":"2015-11-09T12:03:08","date_gmt":"2015-11-09T12:03:08","guid":{"rendered":"https:\/\/ueflibrarygeo.wordpress.com\/?page_id=4"},"modified":"2023-06-27T08:49:20","modified_gmt":"2023-06-27T05:49:20","slug":"maantieteen-ja-ymparistopolitiikan-tiedonhaku","status":"publish","type":"page","link":"https:\/\/blogs.uef.fi\/tiedonhaku-maantiede\/","title":{"rendered":"Etusivu"},"content":{"rendered":"\n<p>Maantieteen ja ymp\u00e4rist\u00f6politiikan tiedonhaku-kurssi k\u00e4sittelee tekstein, esimerkein ja videoin tiedonhankintaa <strong>opiskelu- ja tutkimustarkoituksiin<\/strong> akateemisessa maailmassa. My\u00f6s opiskelun j\u00e4lkeen <strong>ty\u00f6el\u00e4m\u00e4ss\u00e4<\/strong> hyvist\u00e4 tiedonhankintataidoista on paljon etua!<\/p>\n\n\n\n<p>T\u00e4ss\u00e4 materiaalissa tutustut tiedonhaun periaatteisiin<strong> hakuaiheen analysoinnin<\/strong> kautta, keskeisiin <strong>tieteellisen tiedon l\u00e4hteisiin<\/strong> sek\u00e4 yleisiin<strong> tiedonhaun tekniikoihin<\/strong>, joita voit soveltaa kaikenlaisessa tiedonhaussa. Osa tiedonl\u00e4hteist\u00e4 on tarjolla vain yliopistoyhteis\u00f6n j\u00e4senille, mutta yh\u00e4 enemm\u00e4n tietoa l\u00f6ytyy my\u00f6s <strong>kaikille avoimista tiedonl\u00e4hteist\u00e4<\/strong><\/p>\n\n\n\n<h2 class=\"wp-block-heading\">Tieteellisen tiedonhankinnan erityispiirteit\u00e4 ovat:<\/h2>\n\n\n\n<ul class=\"wp-block-list\">\n<li>ymm\u00e4rrys, kuinka tieteellist\u00e4 tietoa julkaistaan<\/li>\n\n\n\n<li>tiet\u00e4mys, mist\u00e4 ja miten tieteellist\u00e4 tietoa kannattaa hakea<\/li>\n\n\n\n<li>varmuus, ett\u00e4 noudattaa tiedon hy\u00f6dynt\u00e4misess\u00e4 oikeudellisia ja eettisi\u00e4 ohjeita<\/li>\n<\/ul>\n\n\n\n<h1 class=\"wp-block-heading\"><img loading=\"lazy\" decoding=\"async\" class=\"aligncenter wp-image-6 size-full\" src=\"https:\/\/blogs.uef.fi\/tiedonhaku-maantiede\/wp-content\/uploads\/sites\/53\/2015\/11\/idea.png\" alt=\"Kuvio tiedonhaun johdonmukaisesta maailmasta. \" width=\"1004\" height=\"533\"><\/h1>\n\n\n\n<p><strong>T\u00e4m\u00e4 oppimateriaali on avoin kaikille<\/strong>. Kuitenkin, koska se on tehty tiedonhaun peruskurssia varten It\u00e4-Suomen yliopistossa, monet tiedonl\u00e4hteet, joita luvussa \u2019Hakukoneet\u2019 esitell\u00e4\u00e4n, ovat vain yliopistoyhteis\u00f6n k\u00e4yt\u00f6ss\u00e4.<\/p>\n\n\n\n<p><strong>Opintojakson Maantieteen ja ymp\u00e4rist\u00f6politiikan tiedonhaku 8020020 (1 op) suorittaja: tarkemmat suoritusohjeet l\u00f6yd\u00e4t kurssin Moodle-alustalta.<\/strong><\/p>\n\n\n\n<p><a href=\"http:\/\/creativecommons.org\/licenses\/by-sa\/4.0\/\" target=\"_blank\" rel=\"license noopener\"><img decoding=\"async\" style=\"border-width: 0\" src=\"https:\/\/i.creativecommons.org\/l\/by-sa\/4.0\/80x15.png\" alt=\"Creative Commons -lisenssi\"><\/a><br>T\u00e4m\u00e4 teos on lisensoitu <a href=\"http:\/\/creativecommons.org\/licenses\/by-sa\/4.0\/\" target=\"_blank\" rel=\"license noopener\">Creative Commons Nime\u00e4-JaaSamoin 4.0 Kansainv\u00e4linen -lisenssill\u00e4<\/a> (linkki aukeaa uuteen ikkunaan).<\/p>\n\n\n\n<p>Kurssin tekij\u00e4: Laura Parikka, tietoasiantuntija It\u00e4-Suomen yliopiston kirjasto<\/p>\n\n\n\n<p>Sivustoa p\u00e4ivitt\u00e4nyt: Marika Mahlavuori, tietoasiantuntija It\u00e4-Suomen yliopiston kirjasto<\/p>\n\n\n\n<p>Valokuva: Katri Parikka, piirroskuvat: Riitta Holopainen<\/p>\n\n\n\n<p>Kiitokset: kirjaston opetus- ja tietopalvelut<\/p>\n\n\n\n<p>P\u00e4ivitetty viimeksi: 27.6.2023<\/p>\n\n\n\n<figure class=\"wp-block-image aligncenter\"><img decoding=\"async\" src=\"https:\/\/ueflibrarygeo.files.wordpress.com\/2015\/11\/uef-tunnus_mustalla.jpg?w=150\" alt=\"UEF-tunnus_mustalla\" class=\"wp-image-7\" \/><\/figure>\n","protected":false},"excerpt":{"rendered":"<p>Maantieteen ja ymp\u00e4rist\u00f6politiikan tiedonhaku-kurssi k\u00e4sittelee tekstein, esimerkein ja videoin tiedonhankintaa opiskelu- ja tutkimustarkoituksiin akateemisessa maailmassa. My\u00f6s opiskelun j\u00e4lkeen ty\u00f6el\u00e4m\u00e4ss\u00e4 hyvist\u00e4 tiedonhankintataidoista on paljon etua! T\u00e4ss\u00e4 materiaalissa tutustut tiedonhaun periaatteisiin hakuaiheen analysoinnin kautta, keskeisiin tieteellisen tiedon l\u00e4hteisiin sek\u00e4 yleisiin tiedonhaun tekniikoihin, joita voit soveltaa kaikenlaisessa tiedonhaussa. Osa tiedonl\u00e4hteist\u00e4 on tarjolla vain yliopistoyhteis\u00f6n j\u00e4senille, mutta yh\u00e4 enemm\u00e4n [&hellip;]<\/p>\n","protected":false},"author":127,"featured_media":0,"parent":0,"menu_order":0,"comment_status":"closed","ping_status":"closed","template":"","meta":{"_acf_changed":false,"footnotes":""},"class_list":["post-4","page","type-page","status-publish","hentry"],"acf":[],"yoast_head":"<!-- This site is optimized with the Yoast SEO plugin v27.1.1 - https:\/\/yoast.com\/product\/yoast-seo-wordpress\/ -->\n<title>Etusivu - Maantieteen ja ymp\u00e4rist\u00f6politiikan tiedonhaku<\/title>\n<meta name=\"robots\" content=\"index, follow, max-snippet:-1, max-image-preview:large, max-video-preview:-1\" \/>\n<link rel=\"canonical\" href=\"https:\/\/blogs.uef.fi\/tiedonhaku-maantiede\/\" \/>\n<meta property=\"og:locale\" content=\"fi_FI\" \/>\n<meta property=\"og:type\" content=\"article\" \/>\n<meta property=\"og:title\" content=\"Etusivu - Maantieteen ja ymp\u00e4rist\u00f6politiikan tiedonhaku\" \/>\n<meta property=\"og:description\" content=\"Maantieteen ja ymp\u00e4rist\u00f6politiikan tiedonhaku-kurssi k\u00e4sittelee tekstein, esimerkein ja videoin tiedonhankintaa opiskelu- ja tutkimustarkoituksiin akateemisessa maailmassa. My\u00f6s opiskelun j\u00e4lkeen ty\u00f6el\u00e4m\u00e4ss\u00e4 hyvist\u00e4 tiedonhankintataidoista on paljon etua! T\u00e4ss\u00e4 materiaalissa tutustut tiedonhaun periaatteisiin hakuaiheen analysoinnin kautta, keskeisiin tieteellisen tiedon l\u00e4hteisiin sek\u00e4 yleisiin tiedonhaun tekniikoihin, joita voit soveltaa kaikenlaisessa tiedonhaussa. Osa tiedonl\u00e4hteist\u00e4 on tarjolla vain yliopistoyhteis\u00f6n j\u00e4senille, mutta yh\u00e4 enemm\u00e4n [&hellip;]\" \/>\n<meta property=\"og:url\" content=\"https:\/\/blogs.uef.fi\/tiedonhaku-maantiede\/\" \/>\n<meta property=\"og:site_name\" content=\"Maantieteen ja ymp\u00e4rist\u00f6politiikan tiedonhaku\" \/>\n<meta property=\"article:modified_time\" content=\"2023-06-27T05:49:20+00:00\" \/>\n<meta property=\"og:image\" content=\"https:\/\/blogs.uef.fi\/tiedonhaku-maantiede\/wp-content\/uploads\/sites\/53\/2015\/11\/idea.png\" \/>\n<meta name=\"twitter:card\" content=\"summary_large_image\" \/>\n<meta name=\"twitter:label1\" content=\"Arvioitu lukuaika\" \/>\n\t<meta name=\"twitter:data1\" content=\"2 minuuttia\" \/>\n<script type=\"application\/ld+json\" class=\"yoast-schema-graph\">{\"@context\":\"https:\/\/schema.org\",\"@graph\":[{\"@type\":\"WebPage\",\"@id\":\"https:\/\/blogs.uef.fi\/tiedonhaku-maantiede\/\",\"url\":\"https:\/\/blogs.uef.fi\/tiedonhaku-maantiede\/\",\"name\":\"Etusivu - Maantieteen ja ymp\u00e4rist\u00f6politiikan tiedonhaku\",\"isPartOf\":{\"@id\":\"https:\/\/blogs.uef.fi\/tiedonhaku-maantiede\/#website\"},\"primaryImageOfPage\":{\"@id\":\"https:\/\/blogs.uef.fi\/tiedonhaku-maantiede\/#primaryimage\"},\"image\":{\"@id\":\"https:\/\/blogs.uef.fi\/tiedonhaku-maantiede\/#primaryimage\"},\"thumbnailUrl\":\"https:\/\/blogs.uef.fi\/tiedonhaku-maantiede\/wp-content\/uploads\/sites\/53\/2015\/11\/idea.png\",\"datePublished\":\"2015-11-09T12:03:08+00:00\",\"dateModified\":\"2023-06-27T05:49:20+00:00\",\"breadcrumb\":{\"@id\":\"https:\/\/blogs.uef.fi\/tiedonhaku-maantiede\/#breadcrumb\"},\"inLanguage\":\"fi\",\"potentialAction\":[{\"@type\":\"ReadAction\",\"target\":[\"https:\/\/blogs.uef.fi\/tiedonhaku-maantiede\/\"]}]},{\"@type\":\"ImageObject\",\"inLanguage\":\"fi\",\"@id\":\"https:\/\/blogs.uef.fi\/tiedonhaku-maantiede\/#primaryimage\",\"url\":\"https:\/\/blogs.uef.fi\/tiedonhaku-maantiede\/wp-content\/uploads\/sites\/53\/2015\/11\/idea.png\",\"contentUrl\":\"https:\/\/blogs.uef.fi\/tiedonhaku-maantiede\/wp-content\/uploads\/sites\/53\/2015\/11\/idea.png\",\"width\":1004,\"height\":533},{\"@type\":\"BreadcrumbList\",\"@id\":\"https:\/\/blogs.uef.fi\/tiedonhaku-maantiede\/#breadcrumb\",\"itemListElement\":[{\"@type\":\"ListItem\",\"position\":1,\"name\":\"Home\",\"item\":\"https:\/\/blogs.uef.fi\/tiedonhaku-maantiede\/\"},{\"@type\":\"ListItem\",\"position\":2,\"name\":\"Etusivu\"}]},{\"@type\":\"WebSite\",\"@id\":\"https:\/\/blogs.uef.fi\/tiedonhaku-maantiede\/#website\",\"url\":\"https:\/\/blogs.uef.fi\/tiedonhaku-maantiede\/\",\"name\":\"Maantieteen ja ymp\u00e4rist\u00f6politiikan tiedonhaku\",\"description\":\"\",\"potentialAction\":[{\"@type\":\"SearchAction\",\"target\":{\"@type\":\"EntryPoint\",\"urlTemplate\":\"https:\/\/blogs.uef.fi\/tiedonhaku-maantiede\/?s={search_term_string}\"},\"query-input\":{\"@type\":\"PropertyValueSpecification\",\"valueRequired\":true,\"valueName\":\"search_term_string\"}}],\"inLanguage\":\"fi\"}]}<\/script>\n<!-- \/ Yoast SEO plugin. -->","yoast_head_json":{"title":"Etusivu - Maantieteen ja ymp\u00e4rist\u00f6politiikan tiedonhaku","robots":{"index":"index","follow":"follow","max-snippet":"max-snippet:-1","max-image-preview":"max-image-preview:large","max-video-preview":"max-video-preview:-1"},"canonical":"https:\/\/blogs.uef.fi\/tiedonhaku-maantiede\/","og_locale":"fi_FI","og_type":"article","og_title":"Etusivu - Maantieteen ja ymp\u00e4rist\u00f6politiikan tiedonhaku","og_description":"Maantieteen ja ymp\u00e4rist\u00f6politiikan tiedonhaku-kurssi k\u00e4sittelee tekstein, esimerkein ja videoin tiedonhankintaa opiskelu- ja tutkimustarkoituksiin akateemisessa maailmassa. My\u00f6s opiskelun j\u00e4lkeen ty\u00f6el\u00e4m\u00e4ss\u00e4 hyvist\u00e4 tiedonhankintataidoista on paljon etua! T\u00e4ss\u00e4 materiaalissa tutustut tiedonhaun periaatteisiin hakuaiheen analysoinnin kautta, keskeisiin tieteellisen tiedon l\u00e4hteisiin sek\u00e4 yleisiin tiedonhaun tekniikoihin, joita voit soveltaa kaikenlaisessa tiedonhaussa. Osa tiedonl\u00e4hteist\u00e4 on tarjolla vain yliopistoyhteis\u00f6n j\u00e4senille, mutta yh\u00e4 enemm\u00e4n [&hellip;]","og_url":"https:\/\/blogs.uef.fi\/tiedonhaku-maantiede\/","og_site_name":"Maantieteen ja ymp\u00e4rist\u00f6politiikan tiedonhaku","article_modified_time":"2023-06-27T05:49:20+00:00","og_image":[{"url":"https:\/\/blogs.uef.fi\/tiedonhaku-maantiede\/wp-content\/uploads\/sites\/53\/2015\/11\/idea.png","type":"","width":"","height":""}],"twitter_card":"summary_large_image","twitter_misc":{"Arvioitu lukuaika":"2 minuuttia"},"schema":{"@context":"https:\/\/schema.org","@graph":[{"@type":"WebPage","@id":"https:\/\/blogs.uef.fi\/tiedonhaku-maantiede\/","url":"https:\/\/blogs.uef.fi\/tiedonhaku-maantiede\/","name":"Etusivu - Maantieteen ja ymp\u00e4rist\u00f6politiikan tiedonhaku","isPartOf":{"@id":"https:\/\/blogs.uef.fi\/tiedonhaku-maantiede\/#website"},"primaryImageOfPage":{"@id":"https:\/\/blogs.uef.fi\/tiedonhaku-maantiede\/#primaryimage"},"image":{"@id":"https:\/\/blogs.uef.fi\/tiedonhaku-maantiede\/#primaryimage"},"thumbnailUrl":"https:\/\/blogs.uef.fi\/tiedonhaku-maantiede\/wp-content\/uploads\/sites\/53\/2015\/11\/idea.png","datePublished":"2015-11-09T12:03:08+00:00","dateModified":"2023-06-27T05:49:20+00:00","breadcrumb":{"@id":"https:\/\/blogs.uef.fi\/tiedonhaku-maantiede\/#breadcrumb"},"inLanguage":"fi","potentialAction":[{"@type":"ReadAction","target":["https:\/\/blogs.uef.fi\/tiedonhaku-maantiede\/"]}]},{"@type":"ImageObject","inLanguage":"fi","@id":"https:\/\/blogs.uef.fi\/tiedonhaku-maantiede\/#primaryimage","url":"https:\/\/blogs.uef.fi\/tiedonhaku-maantiede\/wp-content\/uploads\/sites\/53\/2015\/11\/idea.png","contentUrl":"https:\/\/blogs.uef.fi\/tiedonhaku-maantiede\/wp-content\/uploads\/sites\/53\/2015\/11\/idea.png","width":1004,"height":533},{"@type":"BreadcrumbList","@id":"https:\/\/blogs.uef.fi\/tiedonhaku-maantiede\/#breadcrumb","itemListElement":[{"@type":"ListItem","position":1,"name":"Home","item":"https:\/\/blogs.uef.fi\/tiedonhaku-maantiede\/"},{"@type":"ListItem","position":2,"name":"Etusivu"}]},{"@type":"WebSite","@id":"https:\/\/blogs.uef.fi\/tiedonhaku-maantiede\/#website","url":"https:\/\/blogs.uef.fi\/tiedonhaku-maantiede\/","name":"Maantieteen ja ymp\u00e4rist\u00f6politiikan tiedonhaku","description":"","potentialAction":[{"@type":"SearchAction","target":{"@type":"EntryPoint","urlTemplate":"https:\/\/blogs.uef.fi\/tiedonhaku-maantiede\/?s={search_term_string}"},"query-input":{"@type":"PropertyValueSpecification","valueRequired":true,"valueName":"search_term_string"}}],"inLanguage":"fi"}]}},"_links":{"self":[{"href":"https:\/\/blogs.uef.fi\/tiedonhaku-maantiede\/wp-json\/wp\/v2\/pages\/4","targetHints":{"allow":["GET"]}}],"collection":[{"href":"https:\/\/blogs.uef.fi\/tiedonhaku-maantiede\/wp-json\/wp\/v2\/pages"}],"about":[{"href":"https:\/\/blogs.uef.fi\/tiedonhaku-maantiede\/wp-json\/wp\/v2\/types\/page"}],"author":[{"embeddable":true,"href":"https:\/\/blogs.uef.fi\/tiedonhaku-maantiede\/wp-json\/wp\/v2\/users\/127"}],"replies":[{"embeddable":true,"href":"https:\/\/blogs.uef.fi\/tiedonhaku-maantiede\/wp-json\/wp\/v2\/comments?post=4"}],"version-history":[{"count":2,"href":"https:\/\/blogs.uef.fi\/tiedonhaku-maantiede\/wp-json\/wp\/v2\/pages\/4\/revisions"}],"predecessor-version":[{"id":2155,"href":"https:\/\/blogs.uef.fi\/tiedonhaku-maantiede\/wp-json\/wp\/v2\/pages\/4\/revisions\/2155"}],"wp:attachment":[{"href":"https:\/\/blogs.uef.fi\/tiedonhaku-maantiede\/wp-json\/wp\/v2\/media?parent=4"}],"curies":[{"name":"wp","href":"https:\/\/api.w.org\/{rel}","templated":true}]}}