{"id":288,"date":"2017-08-04T09:54:31","date_gmt":"2017-08-04T09:54:31","guid":{"rendered":"https:\/\/ueflibrarygeo.wordpress.com\/?page_id=288"},"modified":"2023-01-04T14:33:44","modified_gmt":"2023-01-04T12:33:44","slug":"kotimaiset-lehdet","status":"publish","type":"page","link":"https:\/\/blogs.uef.fi\/tiedonhaku-maantiede\/kotimaiset-lehdet\/","title":{"rendered":"Kotimaiset lehdet ja artikkelit"},"content":{"rendered":"<h1>Kotimaiset lehdet ja artikkelit<\/h1>\n<h2>Artikkeleiden haku<\/h2>\n<p><strong>Kotimaisissa lehdiss\u00e4<\/strong> julkaistuja artikkeleita voit hakea <strong>kansallisen Finnan<\/strong> kautta: <a href=\"http:\/\/finna.fi\" target=\"_blank\" rel=\"noopener noreferrer\">Finna.fi<\/a> (linkki aukeaa uuteen ikkunaan). Finnassa voit rajata haun pelk\u00e4st\u00e4\u00e4n artikkeleihin.<\/p>\n<p>Finnan sis\u00e4lt\u00e4m\u00e4t artikkelit ovat per\u00e4isin nk. Arto-tietokannasta. Artolla ei ole omaa k\u00e4ytt\u00f6liittym\u00e4\u00e4, vaan tiedot haetaan aina kansallisen Finnan kautta.<\/p>\n<p><strong>T\u00e4rke\u00e4\u00e4: Suomea koskevaa ja\/tai suomalaisten tutkijoiden tekem\u00e4\u00e4 tutkimusta julkaistaan my\u00f6s kansainv\u00e4lisiss\u00e4 lehdiss\u00e4.<\/strong> Siksi haku vain kotimaisista aineistoista ei useinkaan riit\u00e4.<\/p>\n<p><strong>Verkossa luettavia<\/strong> kotimaisia tiedelehti\u00e4 on koottu <a href=\"http:\/\/journal.fi\/\" target=\"_blank\" rel=\"noopener noreferrer\"><strong>Journal.fi<\/strong><\/a> -portaaliin (linkki aukeaa uuteen ikkunaan). Osassa lehti\u00e4 ei p\u00e4\u00e4se lukemaan uusimpia numeroita vapaasti. Lehti\u00e4 on kaikkiaan noin <em>6<\/em>0. Esimerkkej\u00e4 lehdist\u00e4:<\/p>\n<p style=\"padding-left: 30px\">Alue ja ymp\u00e4rist\u00f6 (2005 alkaen)<br \/>\nFennia (1965 alkaen)<br \/>\nNordia Geographical Publications (2002 alkaen)<br \/>\nTerra (2018 alkaen)<em><br \/>\n<\/em><\/p>\n<p style=\"padding-left: 30px\">\n<hr \/>\n<h2>Alueellisia tietokantoja<\/h2>\n<p>Sis\u00e4lt\u00e4v\u00e4t tietty\u00e4 aluetta koskevia aineistoja monelta kantilta, my\u00f6s tietoja sanomalehdist\u00e4, lehtiartikkeleista ja kirjoista. Aluetietokantoja yll\u00e4pit\u00e4v\u00e4t maakuntakirjastot. Kaikilla maakunnilla ei ole omaa aluetietokantaa. Alueellisia aineistoja l\u00f6ytyy luonnollisesti my\u00f6s <a href=\"http:\/\/finna.fi\" target=\"_blank\" rel=\"noopener noreferrer\">Finna.fi-<\/a>palvelusta (linkki aukeaa uuteen ikkunaan)<\/p>\n<p><strong><a href=\"http:\/\/kakonen.jns.fi\/\" target=\"_blank\" rel=\"noopener noreferrer\">K\u00e4k\u00f6nen<\/a> (Pohjois-Karjala + Laatokan Karjala);<\/strong> (linkki aukeaa uuteen ikkunaan)<br \/>\n<strong><a href=\"http:\/\/www.porstuakirjastot.fi\/items\/browse?collection=2\" target=\"_blank\" rel=\"noopener noreferrer\">Porstua<\/a> (Pohjanmaa) <\/strong>(linkki aukeaa uuteen ikkunaan)\u00a0<strong><br \/>\n<\/strong><\/p>\n<hr \/>\n<h2>Sanomalehdet<\/h2>\n<p>Sanomalehtien artikkeleita ei k\u00e4ytet\u00e4 tutkimuksen l\u00e4hdekirjallisuutena kuin poikkeustapauksessa. Tutkimuksen kohteena sanomalehtikirjoittelu sen sijaan voi olla, esimerkiksi: &#8221;Nyt on aika keskustella oman l\u00e4\u00e4nin merkityksest\u00e4&#8221; : sanomalehtikeskustelu vuoden 1997 l\u00e4\u00e4niuudistuksesta kolmessa pohjoiskarjalaisessa lehdess\u00e4 \/ Katri Ikonen (pro gradu 2010).<\/p>\n<p>Sanomalehtien <strong>verkkosivuilla<\/strong> voi olla omia arkistoja joko vapaasti k\u00e4ytett\u00e4viss\u00e4 tai vain tilaajien k\u00e4ytt\u00f6\u00f6n. Suurin osa sanomalehtikirjoituksista on tavoitettavissa vain lehti\u00e4 selaamalla.<\/p>\n<p>Sanomalehdet s\u00e4ilytet\u00e4\u00e4n <strong>kirjastoissa mikrofilmein\u00e4<\/strong>. Joensuun kampuskirjastossa ovat mm. seuraavat mikrofilmatut lehdet:<\/p>\n<p>Helsingin sanomat 1904-<br \/>\nKarjalainen 1918-<br \/>\nKarjalan maa 1918-<br \/>\nPohjois-Karjala 1899-1989<br \/>\nUusi Pohjois-Karjala 1990-1995<br \/>\nSuomen sosialidemokraatti 1918-1988<br \/>\nDemari 1988-<br \/>\nSuomenmaa 1965-<br \/>\nUusi Suomi 1919-1991<\/p>\n<p>Hyvin vanhat lehdet ovat saatavilla <strong>digitaalisessa muodossa: Historiallinen sanomalehtikirjasto<\/strong>, kaikki suomalaiset sanomalehdet vuosilta 1771 \u2013 19209 joka on vapaasti k\u00e4ytett\u00e4viss\u00e4.<\/p>\n<p><strong>Sanoma- ja aikakauslehti\u00e4 v. 1930 alkaen<\/strong> voi lukea digitaalisina ns. vapaakappalety\u00f6asemilta kampuskirjastoissa.<\/p>\n<h3>Helsingin Sanomien tekstiarkisto<\/h3>\n<p>Sis\u00e4lt\u00e4\u00e4 tietoja Hesarin artikkeleista vuodesta 1990 l\u00e4htien. Ei p\u00e4\u00e4sy\u00e4 artikkeleiden kokoteksteihin.<\/p>\n<h3>ePress<\/h3>\n<p>Yli 100 kotimaista sanomalehte\u00e4 luettavissa kahden kuukauden ajan. Hakutoiminto on, mutta se koskee vain n\u00e4it\u00e4 uusimpia lehti\u00e4. Ei et\u00e4k\u00e4ytt\u00f6\u00e4.<\/p>\n<h3>Pressreader<\/h3>\n<p>Pressreader (ent. PressDisplay) sis\u00e4lt\u00e4\u00e4 yli 5000 aikakaus- ja sanomalehte\u00e4 100 eri maasta yli 60 eri kielell\u00e4. Suomalaisiakin lehti\u00e4 on, mutta t\u00e4rkeimm\u00e4t lehdet puuttuvat. Lehdet ovat luettavissa 60-90 p\u00e4iv\u00e4n ajan niiden ilmestymisest\u00e4 l\u00e4htien. Tietokannassa on yksinkertainen hakutoiminto.<\/p>\n","protected":false},"excerpt":{"rendered":"<p>Kotimaiset lehdet ja artikkelit Artikkeleiden haku Kotimaisissa lehdiss\u00e4 julkaistuja artikkeleita voit hakea kansallisen Finnan kautta: Finna.fi (linkki aukeaa uuteen ikkunaan). Finnassa voit rajata haun pelk\u00e4st\u00e4\u00e4n artikkeleihin. Finnan sis\u00e4lt\u00e4m\u00e4t artikkelit ovat per\u00e4isin nk. Arto-tietokannasta. Artolla ei ole omaa k\u00e4ytt\u00f6liittym\u00e4\u00e4, vaan tiedot haetaan aina kansallisen Finnan kautta. T\u00e4rke\u00e4\u00e4: Suomea koskevaa ja\/tai suomalaisten tutkijoiden tekem\u00e4\u00e4 tutkimusta julkaistaan my\u00f6s [&hellip;]<\/p>\n","protected":false},"author":127,"featured_media":0,"parent":0,"menu_order":0,"comment_status":"closed","ping_status":"closed","template":"","meta":{"_acf_changed":false,"footnotes":""},"class_list":["post-288","page","type-page","status-publish","hentry"],"acf":[],"yoast_head":"<!-- This site is optimized with the Yoast SEO plugin v27.1.1 - https:\/\/yoast.com\/product\/yoast-seo-wordpress\/ -->\n<title>Kotimaiset lehdet ja artikkelit - Maantieteen ja ymp\u00e4rist\u00f6politiikan tiedonhaku<\/title>\n<meta name=\"robots\" content=\"index, follow, max-snippet:-1, max-image-preview:large, max-video-preview:-1\" \/>\n<link rel=\"canonical\" href=\"https:\/\/blogs.uef.fi\/tiedonhaku-maantiede\/kotimaiset-lehdet\/\" \/>\n<meta property=\"og:locale\" content=\"fi_FI\" \/>\n<meta property=\"og:type\" content=\"article\" \/>\n<meta property=\"og:title\" content=\"Kotimaiset lehdet ja artikkelit - Maantieteen ja ymp\u00e4rist\u00f6politiikan tiedonhaku\" \/>\n<meta property=\"og:description\" content=\"Kotimaiset lehdet ja artikkelit Artikkeleiden haku Kotimaisissa lehdiss\u00e4 julkaistuja artikkeleita voit hakea kansallisen Finnan kautta: Finna.fi (linkki aukeaa uuteen ikkunaan). Finnassa voit rajata haun pelk\u00e4st\u00e4\u00e4n artikkeleihin. Finnan sis\u00e4lt\u00e4m\u00e4t artikkelit ovat per\u00e4isin nk. Arto-tietokannasta. Artolla ei ole omaa k\u00e4ytt\u00f6liittym\u00e4\u00e4, vaan tiedot haetaan aina kansallisen Finnan kautta. T\u00e4rke\u00e4\u00e4: Suomea koskevaa ja\/tai suomalaisten tutkijoiden tekem\u00e4\u00e4 tutkimusta julkaistaan my\u00f6s [&hellip;]\" \/>\n<meta property=\"og:url\" content=\"https:\/\/blogs.uef.fi\/tiedonhaku-maantiede\/kotimaiset-lehdet\/\" \/>\n<meta property=\"og:site_name\" content=\"Maantieteen ja ymp\u00e4rist\u00f6politiikan tiedonhaku\" \/>\n<meta property=\"article:modified_time\" content=\"2023-01-04T12:33:44+00:00\" \/>\n<meta name=\"twitter:card\" content=\"summary_large_image\" \/>\n<meta name=\"twitter:label1\" content=\"Arvioitu lukuaika\" \/>\n\t<meta name=\"twitter:data1\" content=\"3 minuuttia\" \/>\n<script type=\"application\/ld+json\" class=\"yoast-schema-graph\">{\"@context\":\"https:\/\/schema.org\",\"@graph\":[{\"@type\":\"WebPage\",\"@id\":\"https:\/\/blogs.uef.fi\/tiedonhaku-maantiede\/kotimaiset-lehdet\/\",\"url\":\"https:\/\/blogs.uef.fi\/tiedonhaku-maantiede\/kotimaiset-lehdet\/\",\"name\":\"Kotimaiset lehdet ja artikkelit - Maantieteen ja ymp\u00e4rist\u00f6politiikan tiedonhaku\",\"isPartOf\":{\"@id\":\"https:\/\/blogs.uef.fi\/tiedonhaku-maantiede\/#website\"},\"datePublished\":\"2017-08-04T09:54:31+00:00\",\"dateModified\":\"2023-01-04T12:33:44+00:00\",\"breadcrumb\":{\"@id\":\"https:\/\/blogs.uef.fi\/tiedonhaku-maantiede\/kotimaiset-lehdet\/#breadcrumb\"},\"inLanguage\":\"fi\",\"potentialAction\":[{\"@type\":\"ReadAction\",\"target\":[\"https:\/\/blogs.uef.fi\/tiedonhaku-maantiede\/kotimaiset-lehdet\/\"]}]},{\"@type\":\"BreadcrumbList\",\"@id\":\"https:\/\/blogs.uef.fi\/tiedonhaku-maantiede\/kotimaiset-lehdet\/#breadcrumb\",\"itemListElement\":[{\"@type\":\"ListItem\",\"position\":1,\"name\":\"Home\",\"item\":\"https:\/\/blogs.uef.fi\/tiedonhaku-maantiede\/\"},{\"@type\":\"ListItem\",\"position\":2,\"name\":\"Kotimaiset lehdet ja artikkelit\"}]},{\"@type\":\"WebSite\",\"@id\":\"https:\/\/blogs.uef.fi\/tiedonhaku-maantiede\/#website\",\"url\":\"https:\/\/blogs.uef.fi\/tiedonhaku-maantiede\/\",\"name\":\"Maantieteen ja ymp\u00e4rist\u00f6politiikan tiedonhaku\",\"description\":\"\",\"potentialAction\":[{\"@type\":\"SearchAction\",\"target\":{\"@type\":\"EntryPoint\",\"urlTemplate\":\"https:\/\/blogs.uef.fi\/tiedonhaku-maantiede\/?s={search_term_string}\"},\"query-input\":{\"@type\":\"PropertyValueSpecification\",\"valueRequired\":true,\"valueName\":\"search_term_string\"}}],\"inLanguage\":\"fi\"}]}<\/script>\n<!-- \/ Yoast SEO plugin. -->","yoast_head_json":{"title":"Kotimaiset lehdet ja artikkelit - Maantieteen ja ymp\u00e4rist\u00f6politiikan tiedonhaku","robots":{"index":"index","follow":"follow","max-snippet":"max-snippet:-1","max-image-preview":"max-image-preview:large","max-video-preview":"max-video-preview:-1"},"canonical":"https:\/\/blogs.uef.fi\/tiedonhaku-maantiede\/kotimaiset-lehdet\/","og_locale":"fi_FI","og_type":"article","og_title":"Kotimaiset lehdet ja artikkelit - Maantieteen ja ymp\u00e4rist\u00f6politiikan tiedonhaku","og_description":"Kotimaiset lehdet ja artikkelit Artikkeleiden haku Kotimaisissa lehdiss\u00e4 julkaistuja artikkeleita voit hakea kansallisen Finnan kautta: Finna.fi (linkki aukeaa uuteen ikkunaan). Finnassa voit rajata haun pelk\u00e4st\u00e4\u00e4n artikkeleihin. Finnan sis\u00e4lt\u00e4m\u00e4t artikkelit ovat per\u00e4isin nk. Arto-tietokannasta. Artolla ei ole omaa k\u00e4ytt\u00f6liittym\u00e4\u00e4, vaan tiedot haetaan aina kansallisen Finnan kautta. T\u00e4rke\u00e4\u00e4: Suomea koskevaa ja\/tai suomalaisten tutkijoiden tekem\u00e4\u00e4 tutkimusta julkaistaan my\u00f6s [&hellip;]","og_url":"https:\/\/blogs.uef.fi\/tiedonhaku-maantiede\/kotimaiset-lehdet\/","og_site_name":"Maantieteen ja ymp\u00e4rist\u00f6politiikan tiedonhaku","article_modified_time":"2023-01-04T12:33:44+00:00","twitter_card":"summary_large_image","twitter_misc":{"Arvioitu lukuaika":"3 minuuttia"},"schema":{"@context":"https:\/\/schema.org","@graph":[{"@type":"WebPage","@id":"https:\/\/blogs.uef.fi\/tiedonhaku-maantiede\/kotimaiset-lehdet\/","url":"https:\/\/blogs.uef.fi\/tiedonhaku-maantiede\/kotimaiset-lehdet\/","name":"Kotimaiset lehdet ja artikkelit - Maantieteen ja ymp\u00e4rist\u00f6politiikan tiedonhaku","isPartOf":{"@id":"https:\/\/blogs.uef.fi\/tiedonhaku-maantiede\/#website"},"datePublished":"2017-08-04T09:54:31+00:00","dateModified":"2023-01-04T12:33:44+00:00","breadcrumb":{"@id":"https:\/\/blogs.uef.fi\/tiedonhaku-maantiede\/kotimaiset-lehdet\/#breadcrumb"},"inLanguage":"fi","potentialAction":[{"@type":"ReadAction","target":["https:\/\/blogs.uef.fi\/tiedonhaku-maantiede\/kotimaiset-lehdet\/"]}]},{"@type":"BreadcrumbList","@id":"https:\/\/blogs.uef.fi\/tiedonhaku-maantiede\/kotimaiset-lehdet\/#breadcrumb","itemListElement":[{"@type":"ListItem","position":1,"name":"Home","item":"https:\/\/blogs.uef.fi\/tiedonhaku-maantiede\/"},{"@type":"ListItem","position":2,"name":"Kotimaiset lehdet ja artikkelit"}]},{"@type":"WebSite","@id":"https:\/\/blogs.uef.fi\/tiedonhaku-maantiede\/#website","url":"https:\/\/blogs.uef.fi\/tiedonhaku-maantiede\/","name":"Maantieteen ja ymp\u00e4rist\u00f6politiikan tiedonhaku","description":"","potentialAction":[{"@type":"SearchAction","target":{"@type":"EntryPoint","urlTemplate":"https:\/\/blogs.uef.fi\/tiedonhaku-maantiede\/?s={search_term_string}"},"query-input":{"@type":"PropertyValueSpecification","valueRequired":true,"valueName":"search_term_string"}}],"inLanguage":"fi"}]}},"_links":{"self":[{"href":"https:\/\/blogs.uef.fi\/tiedonhaku-maantiede\/wp-json\/wp\/v2\/pages\/288","targetHints":{"allow":["GET"]}}],"collection":[{"href":"https:\/\/blogs.uef.fi\/tiedonhaku-maantiede\/wp-json\/wp\/v2\/pages"}],"about":[{"href":"https:\/\/blogs.uef.fi\/tiedonhaku-maantiede\/wp-json\/wp\/v2\/types\/page"}],"author":[{"embeddable":true,"href":"https:\/\/blogs.uef.fi\/tiedonhaku-maantiede\/wp-json\/wp\/v2\/users\/127"}],"replies":[{"embeddable":true,"href":"https:\/\/blogs.uef.fi\/tiedonhaku-maantiede\/wp-json\/wp\/v2\/comments?post=288"}],"version-history":[{"count":4,"href":"https:\/\/blogs.uef.fi\/tiedonhaku-maantiede\/wp-json\/wp\/v2\/pages\/288\/revisions"}],"predecessor-version":[{"id":2032,"href":"https:\/\/blogs.uef.fi\/tiedonhaku-maantiede\/wp-json\/wp\/v2\/pages\/288\/revisions\/2032"}],"wp:attachment":[{"href":"https:\/\/blogs.uef.fi\/tiedonhaku-maantiede\/wp-json\/wp\/v2\/media?parent=288"}],"curies":[{"name":"wp","href":"https:\/\/api.w.org\/{rel}","templated":true}]}}