{"id":2314,"date":"2023-06-27T16:48:04","date_gmt":"2023-06-27T13:48:04","guid":{"rendered":"https:\/\/blogs.uef.fi\/tiedonhaku-maantiede\/?page_id=2314"},"modified":"2023-06-27T16:48:05","modified_gmt":"2023-06-27T13:48:05","slug":"hakusanojen-yhdistaminen","status":"publish","type":"page","link":"https:\/\/blogs.uef.fi\/tiedonhaku-maantiede\/hakusanojen-yhdistaminen\/","title":{"rendered":"Hakusanojen yhdist\u00e4minen"},"content":{"rendered":"\n<p><strong>Hakusanat ja niit\u00e4 yhdist\u00e4v\u00e4t operaattorit<\/strong>&nbsp;muodostavat hakulauseen. Operaattoreita eli Boolen logiikkaa k\u00e4ytet\u00e4\u00e4n kaikissa tietokannoissa, joten sen osaaminen on yksi tiedonhaun perustaidoista.<\/p>\n\n\n\n<p>Esimerkkej\u00e4 hakulauseista:<\/p>\n\n\n\n<p>maank\u00e4ytt\u00f6<br>maantieto AND opetus<br>(ilmastopolitiikka OR ymp\u00e4rist\u00f6politiikka) AND maatalous<br>kaivokset AND \u201dyhteiskunnalliset vaikutukset\u201d<br>(kaivo* OR mine* OR mining) AND (sosiaali* OR yhteiskunnalli* OR social) AND (vaikutu* OR effect* OR aspect*)<\/p>\n\n\n\n<figure class=\"wp-block-image size-full\"><img loading=\"lazy\" decoding=\"async\" width=\"160\" height=\"100\" src=\"https:\/\/blogs.uef.fi\/tiedonhaku-maantiede\/wp-content\/uploads\/sites\/53\/2023\/06\/AND.png\" alt=\"AND operaattori\" class=\"wp-image-2317\" \/><\/figure>\n\n\n\n<p id=\"caption-attachment-163\">maantieto AND opetus<\/p>\n\n\n\n<p><strong>AND-operaattori<\/strong>&nbsp;edellytt\u00e4\u00e4, ett\u00e4 hakusanojen tulee esiinty\u00e4 tietueessa yht\u00e4 aikaa. (Tietue = yhden kirjan\/artikkelin jne. tiedot tietokannassa.) Mit\u00e4 enemm\u00e4n eri rajaavia k\u00e4sitteitt\u00e4 haussa k\u00e4ytet\u00e4\u00e4n, sen tarkempaa hakua ollaan tekem\u00e4ss\u00e4 ja sit\u00e4 pienempi (ainakin teoriassa) on tulosjoukon koko.<\/p>\n\n\n\n<figure class=\"wp-block-image size-full\"><img loading=\"lazy\" decoding=\"async\" width=\"154\" height=\"93\" src=\"https:\/\/blogs.uef.fi\/tiedonhaku-maantiede\/wp-content\/uploads\/sites\/53\/2023\/06\/OR.png\" alt=\"OR operaattori\" class=\"wp-image-2320\" \/><\/figure>\n\n\n\n<p id=\"caption-attachment-164\">ilmastopolitiikka OR ymp\u00e4rist\u00f6politiikka<\/p>\n\n\n\n<p><strong>OR-operaattori<\/strong>&nbsp;hyv\u00e4ksyy lopputulokseen ne tietueet, joissa on v\u00e4hint\u00e4\u00e4n jompi kumpi hakusanoista.<br>Mutta my\u00f6s ne tietueet, joissa molemmat sanat esiintyv\u00e4t yht\u00e4 aikaa, ovat k\u00e4yp\u00e4isi\u00e4. OR-operaattorilla yhdistet\u00e4\u00e4n samaa (yl\u00e4)k\u00e4sitett\u00e4 kuvaavat vaihtoehtoiset hakusanat. Mit\u00e4 useampia vaihtoehtoisia ilmaisumuotoja otetaan mukaan, sen laajempi on haun tulos.<\/p>\n\n\n\n<figure class=\"wp-block-image size-full\"><img loading=\"lazy\" decoding=\"async\" width=\"151\" height=\"99\" src=\"https:\/\/blogs.uef.fi\/tiedonhaku-maantiede\/wp-content\/uploads\/sites\/53\/2023\/06\/NOT.png\" alt=\"NOT operaattori\" class=\"wp-image-2323\" \/><\/figure>\n\n\n\n<p id=\"caption-attachment-165\">maatalous NOT puutarhatuotanto<\/p>\n\n\n\n<p><strong>NOT-operaatiossa<\/strong>&nbsp;edellytet\u00e4\u00e4n, ett\u00e4 tietty sana ei saa esiinty\u00e4 tietueessa lainkaan.<br>Not-operaatiota tarvitaan harvemmin ja sit\u00e4 kannattaakin k\u00e4ytt\u00e4\u00e4 harkiten, koska se voi sulkea hakutuloksesta pois my\u00f6s hy\u00f6dyllisi\u00e4 tietueita.<\/p>\n\n\n\n<p>Katso video (n. 2,5 min) operaattoreista:<\/p>\n\n\n<div class=\"embed-container\">\n    <iframe loading=\"lazy\" title=\"It\u00e4-Suomen yliopiston kirjasto: Boolen logiikka\" width=\"520\" height=\"390\" src=\"https:\/\/www.youtube.com\/embed\/BuPJeCj90wo?feature=oembed&#038;controls=1&#038;hd=1&#038;autohide=1\" frameborder=\"0\" allow=\"accelerometer; autoplay; clipboard-write; encrypted-media; gyroscope; picture-in-picture; web-share\" referrerpolicy=\"strict-origin-when-cross-origin\" allowfullscreen frameborder=\"0\"><\/iframe><\/div>\n\n\n\n\n<figure class=\"wp-block-image size-full\"><img loading=\"lazy\" decoding=\"async\" width=\"141\" height=\"138\" src=\"https:\/\/blogs.uef.fi\/tiedonhaku-maantiede\/wp-content\/uploads\/sites\/53\/2023\/06\/OR-ja-AND.png\" alt=\"OR ja AND operaattorin yhteisk\u00e4ytt\u00f6. \" class=\"wp-image-2326\" \/><\/figure>\n\n\n\n<p id=\"caption-attachment-69\">(ilmastopolitiikka OR ymp\u00e4rist\u00f6politiikka) AND talous<\/p>\n\n\n\n<p>Samaan hakulauseeseen voi yhdist\u00e4\u00e4&nbsp;<strong>useita operaatioita.&nbsp;<\/strong>Jos hakulauseessa on yht\u00e4 aikaa AND- ja OR-operaattori, haun loogisuus pit\u00e4\u00e4 viel\u00e4 varmistaa. Yleens\u00e4 t\u00e4ll\u00f6in tavoitellaan kuvan kaltaista tilannetta (vasemmalla).<\/p>\n\n\n\n<p>Usein AND-operaatio suoritetaan ennen OR-operaatiota kirjoitusj\u00e4rjestyksest\u00e4 riippumatta. Haussa, jossa on sek\u00e4 AND- ett\u00e4 OR-operaatio, on hakutuloksen loogisuuden kannalta t\u00e4rke\u00e4\u00e4, ett\u00e4&nbsp;<strong>OR-operaatio toteutuu ensin.<\/strong>&nbsp;T\u00e4m\u00e4n saa aikaiseksi sulkumerkeill\u00e4 tai sanojen oikealla ryhmittelyll\u00e4 (Advanced-haku).<\/p>\n\n\n\n<figure class=\"wp-block-image size-full\"><img loading=\"lazy\" decoding=\"async\" width=\"145\" height=\"138\" src=\"https:\/\/blogs.uef.fi\/tiedonhaku-maantiede\/wp-content\/uploads\/sites\/53\/2023\/06\/OR-ja-AND-2.png\" alt=\"OR ja AND operaattorin yhteisk\u00e4ytt\u00f6.\" class=\"wp-image-2329\" \/><\/figure>\n\n\n\n<p id=\"caption-attachment-169\">ilmastopolitiikka OR ymp\u00e4rist\u00f6politiikka AND talous<\/p>\n\n\n\n<p>Jos sulkuja ei ole, k\u00e4y siten, ett\u00e4 saadaan tietoa taloudesta ja ymp\u00e4rist\u00f6politiikasta (t\u00e4m\u00e4 on ok!) sek\u00e4 kaikkea mahdollista tietoa ilmastopolitiikasta. Hakulause \u201cvuotaa\u201d (oikealla):<\/p>\n\n\n\n<p><strong>Hakulauseen kirjoitustapa riippuu aina tietokannasta.<\/strong><\/p>\n\n\n\n<p>Kun kirjoitat hakuun useampia sanoja, tied\u00e4tk\u00f6, mit\u00e4 itse asiassa olet k\u00e4sket ohjelman hakea?<\/p>\n\n\n\n<ul class=\"wp-block-list\">\n<li>Onko kyseess\u00e4<strong>&nbsp;fraasi vai and-operaatio<\/strong>?<\/li>\n\n\n\n<li><strong>Miss\u00e4 j\u00e4rjestyksess\u00e4<\/strong>&nbsp;operaatiot toteutuvat, toimiiko haun logiikka?<\/li>\n\n\n\n<li>Tulevatko sanan taivutusmuodot mukaan automaattisesti, mik\u00e4 on&nbsp;<strong>katkaisumerkki<\/strong>?<\/li>\n\n\n\n<li><strong>Mist\u00e4 kentist\u00e4<\/strong>&nbsp;hakusanoja haetaan?<\/li>\n<\/ul>\n\n\n\n<p>Perusasiat voivat selvit\u00e4 hakun\u00e4yt\u00f6n ohjeita seuraamalla. Kunkin tietokannan Help-osiosta l\u00f6ytyy lis\u00e4\u00e4 vinkkej\u00e4,<\/p>\n","protected":false},"excerpt":{"rendered":"<p>Hakusanat ja niit\u00e4 yhdist\u00e4v\u00e4t operaattorit&nbsp;muodostavat hakulauseen. Operaattoreita eli Boolen logiikkaa k\u00e4ytet\u00e4\u00e4n kaikissa tietokannoissa, joten sen osaaminen on yksi tiedonhaun perustaidoista. Esimerkkej\u00e4 hakulauseista: maank\u00e4ytt\u00f6maantieto AND opetus(ilmastopolitiikka OR ymp\u00e4rist\u00f6politiikka) AND maatalouskaivokset AND \u201dyhteiskunnalliset vaikutukset\u201d(kaivo* OR mine* OR mining) AND (sosiaali* OR yhteiskunnalli* OR social) AND (vaikutu* OR effect* OR aspect*) maantieto AND opetus AND-operaattori&nbsp;edellytt\u00e4\u00e4, ett\u00e4 hakusanojen tulee [&hellip;]<\/p>\n","protected":false},"author":403,"featured_media":0,"parent":0,"menu_order":0,"comment_status":"closed","ping_status":"closed","template":"","meta":{"_acf_changed":false,"footnotes":""},"class_list":["post-2314","page","type-page","status-publish","hentry"],"acf":[],"yoast_head":"<!-- This site is optimized with the Yoast SEO plugin v27.3 - https:\/\/yoast.com\/product\/yoast-seo-wordpress\/ -->\n<title>Hakusanojen yhdist\u00e4minen - Maantieteen ja ymp\u00e4rist\u00f6politiikan tiedonhaku<\/title>\n<meta name=\"robots\" content=\"index, follow, max-snippet:-1, max-image-preview:large, max-video-preview:-1\" \/>\n<link rel=\"canonical\" href=\"https:\/\/blogs.uef.fi\/tiedonhaku-maantiede\/hakusanojen-yhdistaminen\/\" \/>\n<meta property=\"og:locale\" content=\"fi_FI\" \/>\n<meta property=\"og:type\" content=\"article\" \/>\n<meta property=\"og:title\" content=\"Hakusanojen yhdist\u00e4minen - Maantieteen ja ymp\u00e4rist\u00f6politiikan tiedonhaku\" \/>\n<meta property=\"og:description\" content=\"Hakusanat ja niit\u00e4 yhdist\u00e4v\u00e4t operaattorit&nbsp;muodostavat hakulauseen. Operaattoreita eli Boolen logiikkaa k\u00e4ytet\u00e4\u00e4n kaikissa tietokannoissa, joten sen osaaminen on yksi tiedonhaun perustaidoista. Esimerkkej\u00e4 hakulauseista: maank\u00e4ytt\u00f6maantieto AND opetus(ilmastopolitiikka OR ymp\u00e4rist\u00f6politiikka) AND maatalouskaivokset AND \u201dyhteiskunnalliset vaikutukset\u201d(kaivo* OR mine* OR mining) AND (sosiaali* OR yhteiskunnalli* OR social) AND (vaikutu* OR effect* OR aspect*) maantieto AND opetus AND-operaattori&nbsp;edellytt\u00e4\u00e4, ett\u00e4 hakusanojen tulee [&hellip;]\" \/>\n<meta property=\"og:url\" content=\"https:\/\/blogs.uef.fi\/tiedonhaku-maantiede\/hakusanojen-yhdistaminen\/\" \/>\n<meta property=\"og:site_name\" content=\"Maantieteen ja ymp\u00e4rist\u00f6politiikan tiedonhaku\" \/>\n<meta property=\"article:modified_time\" content=\"2023-06-27T13:48:05+00:00\" \/>\n<meta property=\"og:image\" content=\"https:\/\/blogs.uef.fi\/tiedonhaku-maantiede\/wp-content\/uploads\/sites\/53\/2023\/06\/AND.png\" \/>\n<meta name=\"twitter:card\" content=\"summary_large_image\" \/>\n<meta name=\"twitter:label1\" content=\"Arvioitu lukuaika\" \/>\n\t<meta name=\"twitter:data1\" content=\"4 minuuttia\" \/>\n<script type=\"application\/ld+json\" class=\"yoast-schema-graph\">{\"@context\":\"https:\\\/\\\/schema.org\",\"@graph\":[{\"@type\":\"WebPage\",\"@id\":\"https:\\\/\\\/blogs.uef.fi\\\/tiedonhaku-maantiede\\\/hakusanojen-yhdistaminen\\\/\",\"url\":\"https:\\\/\\\/blogs.uef.fi\\\/tiedonhaku-maantiede\\\/hakusanojen-yhdistaminen\\\/\",\"name\":\"Hakusanojen yhdist\u00e4minen - Maantieteen ja ymp\u00e4rist\u00f6politiikan tiedonhaku\",\"isPartOf\":{\"@id\":\"https:\\\/\\\/blogs.uef.fi\\\/tiedonhaku-maantiede\\\/#website\"},\"primaryImageOfPage\":{\"@id\":\"https:\\\/\\\/blogs.uef.fi\\\/tiedonhaku-maantiede\\\/hakusanojen-yhdistaminen\\\/#primaryimage\"},\"image\":{\"@id\":\"https:\\\/\\\/blogs.uef.fi\\\/tiedonhaku-maantiede\\\/hakusanojen-yhdistaminen\\\/#primaryimage\"},\"thumbnailUrl\":\"https:\\\/\\\/blogs.uef.fi\\\/tiedonhaku-maantiede\\\/wp-content\\\/uploads\\\/sites\\\/53\\\/2023\\\/06\\\/AND.png\",\"datePublished\":\"2023-06-27T13:48:04+00:00\",\"dateModified\":\"2023-06-27T13:48:05+00:00\",\"breadcrumb\":{\"@id\":\"https:\\\/\\\/blogs.uef.fi\\\/tiedonhaku-maantiede\\\/hakusanojen-yhdistaminen\\\/#breadcrumb\"},\"inLanguage\":\"fi\",\"potentialAction\":[{\"@type\":\"ReadAction\",\"target\":[\"https:\\\/\\\/blogs.uef.fi\\\/tiedonhaku-maantiede\\\/hakusanojen-yhdistaminen\\\/\"]}]},{\"@type\":\"ImageObject\",\"inLanguage\":\"fi\",\"@id\":\"https:\\\/\\\/blogs.uef.fi\\\/tiedonhaku-maantiede\\\/hakusanojen-yhdistaminen\\\/#primaryimage\",\"url\":\"https:\\\/\\\/blogs.uef.fi\\\/tiedonhaku-maantiede\\\/wp-content\\\/uploads\\\/sites\\\/53\\\/2023\\\/06\\\/AND.png\",\"contentUrl\":\"https:\\\/\\\/blogs.uef.fi\\\/tiedonhaku-maantiede\\\/wp-content\\\/uploads\\\/sites\\\/53\\\/2023\\\/06\\\/AND.png\",\"width\":160,\"height\":100,\"caption\":\"AND operaattori\"},{\"@type\":\"BreadcrumbList\",\"@id\":\"https:\\\/\\\/blogs.uef.fi\\\/tiedonhaku-maantiede\\\/hakusanojen-yhdistaminen\\\/#breadcrumb\",\"itemListElement\":[{\"@type\":\"ListItem\",\"position\":1,\"name\":\"Home\",\"item\":\"https:\\\/\\\/blogs.uef.fi\\\/tiedonhaku-maantiede\\\/\"},{\"@type\":\"ListItem\",\"position\":2,\"name\":\"Hakusanojen yhdist\u00e4minen\"}]},{\"@type\":\"WebSite\",\"@id\":\"https:\\\/\\\/blogs.uef.fi\\\/tiedonhaku-maantiede\\\/#website\",\"url\":\"https:\\\/\\\/blogs.uef.fi\\\/tiedonhaku-maantiede\\\/\",\"name\":\"Maantieteen ja ymp\u00e4rist\u00f6politiikan tiedonhaku\",\"description\":\"\",\"potentialAction\":[{\"@type\":\"SearchAction\",\"target\":{\"@type\":\"EntryPoint\",\"urlTemplate\":\"https:\\\/\\\/blogs.uef.fi\\\/tiedonhaku-maantiede\\\/?s={search_term_string}\"},\"query-input\":{\"@type\":\"PropertyValueSpecification\",\"valueRequired\":true,\"valueName\":\"search_term_string\"}}],\"inLanguage\":\"fi\"}]}<\/script>\n<!-- \/ Yoast SEO plugin. -->","yoast_head_json":{"title":"Hakusanojen yhdist\u00e4minen - Maantieteen ja ymp\u00e4rist\u00f6politiikan tiedonhaku","robots":{"index":"index","follow":"follow","max-snippet":"max-snippet:-1","max-image-preview":"max-image-preview:large","max-video-preview":"max-video-preview:-1"},"canonical":"https:\/\/blogs.uef.fi\/tiedonhaku-maantiede\/hakusanojen-yhdistaminen\/","og_locale":"fi_FI","og_type":"article","og_title":"Hakusanojen yhdist\u00e4minen - Maantieteen ja ymp\u00e4rist\u00f6politiikan tiedonhaku","og_description":"Hakusanat ja niit\u00e4 yhdist\u00e4v\u00e4t operaattorit&nbsp;muodostavat hakulauseen. Operaattoreita eli Boolen logiikkaa k\u00e4ytet\u00e4\u00e4n kaikissa tietokannoissa, joten sen osaaminen on yksi tiedonhaun perustaidoista. Esimerkkej\u00e4 hakulauseista: maank\u00e4ytt\u00f6maantieto AND opetus(ilmastopolitiikka OR ymp\u00e4rist\u00f6politiikka) AND maatalouskaivokset AND \u201dyhteiskunnalliset vaikutukset\u201d(kaivo* OR mine* OR mining) AND (sosiaali* OR yhteiskunnalli* OR social) AND (vaikutu* OR effect* OR aspect*) maantieto AND opetus AND-operaattori&nbsp;edellytt\u00e4\u00e4, ett\u00e4 hakusanojen tulee [&hellip;]","og_url":"https:\/\/blogs.uef.fi\/tiedonhaku-maantiede\/hakusanojen-yhdistaminen\/","og_site_name":"Maantieteen ja ymp\u00e4rist\u00f6politiikan tiedonhaku","article_modified_time":"2023-06-27T13:48:05+00:00","og_image":[{"url":"https:\/\/blogs.uef.fi\/tiedonhaku-maantiede\/wp-content\/uploads\/sites\/53\/2023\/06\/AND.png","type":"","width":"","height":""}],"twitter_card":"summary_large_image","twitter_misc":{"Arvioitu lukuaika":"4 minuuttia"},"schema":{"@context":"https:\/\/schema.org","@graph":[{"@type":"WebPage","@id":"https:\/\/blogs.uef.fi\/tiedonhaku-maantiede\/hakusanojen-yhdistaminen\/","url":"https:\/\/blogs.uef.fi\/tiedonhaku-maantiede\/hakusanojen-yhdistaminen\/","name":"Hakusanojen yhdist\u00e4minen - Maantieteen ja ymp\u00e4rist\u00f6politiikan tiedonhaku","isPartOf":{"@id":"https:\/\/blogs.uef.fi\/tiedonhaku-maantiede\/#website"},"primaryImageOfPage":{"@id":"https:\/\/blogs.uef.fi\/tiedonhaku-maantiede\/hakusanojen-yhdistaminen\/#primaryimage"},"image":{"@id":"https:\/\/blogs.uef.fi\/tiedonhaku-maantiede\/hakusanojen-yhdistaminen\/#primaryimage"},"thumbnailUrl":"https:\/\/blogs.uef.fi\/tiedonhaku-maantiede\/wp-content\/uploads\/sites\/53\/2023\/06\/AND.png","datePublished":"2023-06-27T13:48:04+00:00","dateModified":"2023-06-27T13:48:05+00:00","breadcrumb":{"@id":"https:\/\/blogs.uef.fi\/tiedonhaku-maantiede\/hakusanojen-yhdistaminen\/#breadcrumb"},"inLanguage":"fi","potentialAction":[{"@type":"ReadAction","target":["https:\/\/blogs.uef.fi\/tiedonhaku-maantiede\/hakusanojen-yhdistaminen\/"]}]},{"@type":"ImageObject","inLanguage":"fi","@id":"https:\/\/blogs.uef.fi\/tiedonhaku-maantiede\/hakusanojen-yhdistaminen\/#primaryimage","url":"https:\/\/blogs.uef.fi\/tiedonhaku-maantiede\/wp-content\/uploads\/sites\/53\/2023\/06\/AND.png","contentUrl":"https:\/\/blogs.uef.fi\/tiedonhaku-maantiede\/wp-content\/uploads\/sites\/53\/2023\/06\/AND.png","width":160,"height":100,"caption":"AND operaattori"},{"@type":"BreadcrumbList","@id":"https:\/\/blogs.uef.fi\/tiedonhaku-maantiede\/hakusanojen-yhdistaminen\/#breadcrumb","itemListElement":[{"@type":"ListItem","position":1,"name":"Home","item":"https:\/\/blogs.uef.fi\/tiedonhaku-maantiede\/"},{"@type":"ListItem","position":2,"name":"Hakusanojen yhdist\u00e4minen"}]},{"@type":"WebSite","@id":"https:\/\/blogs.uef.fi\/tiedonhaku-maantiede\/#website","url":"https:\/\/blogs.uef.fi\/tiedonhaku-maantiede\/","name":"Maantieteen ja ymp\u00e4rist\u00f6politiikan tiedonhaku","description":"","potentialAction":[{"@type":"SearchAction","target":{"@type":"EntryPoint","urlTemplate":"https:\/\/blogs.uef.fi\/tiedonhaku-maantiede\/?s={search_term_string}"},"query-input":{"@type":"PropertyValueSpecification","valueRequired":true,"valueName":"search_term_string"}}],"inLanguage":"fi"}]}},"_links":{"self":[{"href":"https:\/\/blogs.uef.fi\/tiedonhaku-maantiede\/wp-json\/wp\/v2\/pages\/2314","targetHints":{"allow":["GET"]}}],"collection":[{"href":"https:\/\/blogs.uef.fi\/tiedonhaku-maantiede\/wp-json\/wp\/v2\/pages"}],"about":[{"href":"https:\/\/blogs.uef.fi\/tiedonhaku-maantiede\/wp-json\/wp\/v2\/types\/page"}],"author":[{"embeddable":true,"href":"https:\/\/blogs.uef.fi\/tiedonhaku-maantiede\/wp-json\/wp\/v2\/users\/403"}],"replies":[{"embeddable":true,"href":"https:\/\/blogs.uef.fi\/tiedonhaku-maantiede\/wp-json\/wp\/v2\/comments?post=2314"}],"version-history":[{"count":2,"href":"https:\/\/blogs.uef.fi\/tiedonhaku-maantiede\/wp-json\/wp\/v2\/pages\/2314\/revisions"}],"predecessor-version":[{"id":2335,"href":"https:\/\/blogs.uef.fi\/tiedonhaku-maantiede\/wp-json\/wp\/v2\/pages\/2314\/revisions\/2335"}],"wp:attachment":[{"href":"https:\/\/blogs.uef.fi\/tiedonhaku-maantiede\/wp-json\/wp\/v2\/media?parent=2314"}],"curies":[{"name":"wp","href":"https:\/\/api.w.org\/{rel}","templated":true}]}}