{"id":2281,"date":"2023-06-27T16:25:29","date_gmt":"2023-06-27T13:25:29","guid":{"rendered":"https:\/\/blogs.uef.fi\/tiedonhaku-maantiede\/?page_id=2281"},"modified":"2023-06-27T16:25:30","modified_gmt":"2023-06-27T13:25:30","slug":"sanaliitot-2","status":"publish","type":"page","link":"https:\/\/blogs.uef.fi\/tiedonhaku-maantiede\/sanaliitot-2\/","title":{"rendered":"Sanaliitot"},"content":{"rendered":"\n<p>Sanaliitto on sanapari tai -ryhm\u00e4, jonka merkitysseikat sitovat yhteen.<\/p>\n\n\n\n<figure class=\"wp-block-image size-large\"><img loading=\"lazy\" decoding=\"async\" width=\"1024\" height=\"242\" src=\"https:\/\/blogs.uef.fi\/tiedonhaku-maantiede\/wp-content\/uploads\/sites\/53\/2023\/06\/sanaparit-1024x242.png\" alt=\"Esimerkki sanapareista ja yksitt\u00e4isist\u00e4 hakusanoista. \" class=\"wp-image-2284\" srcset=\"https:\/\/blogs.uef.fi\/tiedonhaku-maantiede\/wp-content\/uploads\/sites\/53\/2023\/06\/sanaparit-1024x242.png 1024w, https:\/\/blogs.uef.fi\/tiedonhaku-maantiede\/wp-content\/uploads\/sites\/53\/2023\/06\/sanaparit-300x71.png 300w, https:\/\/blogs.uef.fi\/tiedonhaku-maantiede\/wp-content\/uploads\/sites\/53\/2023\/06\/sanaparit-768x182.png 768w, https:\/\/blogs.uef.fi\/tiedonhaku-maantiede\/wp-content\/uploads\/sites\/53\/2023\/06\/sanaparit.png 1039w\" sizes=\"auto, (max-width: 1024px) 100vw, 1024px\" \/><\/figure>\n\n\n\n<p id=\"caption-attachment-182\">Sanaliitto vs. yksitt\u00e4iset sanat<\/p>\n\n\n\n<p>Jotta sanaliiton eli<strong>&nbsp;fraasin (phrase)<\/strong>&nbsp;sanat pysyisiv\u00e4t haussa&nbsp;<strong>per\u00e4kk\u00e4in ja halutussa j\u00e4rjestyksess\u00e4<\/strong>, joudutaan joissakin hakuj\u00e4rjestelmiss\u00e4 m\u00e4\u00e4r\u00e4\u00e4m\u00e4\u00e4n t\u00e4m\u00e4 erikseen.<\/p>\n\n\n\n<p><strong>Fraasinhaun merkkin\u00e4 hakuj\u00e4rjestelmille k\u00e4ytet\u00e4\u00e4n yleisesti lainausmerkkej\u00e4:<\/strong><\/p>\n\n\n\n<p>\u201calueelliset vaikutukset\u201d<br>\u201dland use policy\u201d<\/p>\n\n\n\n<p>Ilman lainausmerkkej\u00e4 kahden sanan v\u00e4lill\u00e4 on l\u00e4hes aina AND-operaattori, vaikka sit\u00e4 ei n\u00e4kyville kirjoittaisikaan (lis\u00e4\u00e4 operaattoreista luvussa&nbsp;<a href=\"https:\/\/blogs.uef.fi\/tiedonhaku-maantiede\/hakulauseet\/\" target=\"_blank\" rel=\"noreferrer noopener\">Hakusanojen yhdist\u00e4minen;<\/a>&nbsp;linkki aukeaa uuteen ikkunaan)<\/p>\n\n\n\n<figure class=\"wp-block-image size-full\"><img loading=\"lazy\" decoding=\"async\" width=\"432\" height=\"279\" src=\"https:\/\/blogs.uef.fi\/tiedonhaku-maantiede\/wp-content\/uploads\/sites\/53\/2023\/06\/erilaisia-hakutapoja.png\" alt=\"Esimerkki fraasihausta ja hausta ilman fraaseja. \" class=\"wp-image-2287\" srcset=\"https:\/\/blogs.uef.fi\/tiedonhaku-maantiede\/wp-content\/uploads\/sites\/53\/2023\/06\/erilaisia-hakutapoja.png 432w, https:\/\/blogs.uef.fi\/tiedonhaku-maantiede\/wp-content\/uploads\/sites\/53\/2023\/06\/erilaisia-hakutapoja-300x194.png 300w\" sizes=\"auto, (max-width: 432px) 100vw, 432px\" \/><\/figure>\n\n\n\n<p id=\"caption-attachment-455\">Vertaa hakutulosten m\u00e4\u00e4r\u00e4\u00e4<\/p>\n\n\n\n<p>Katso video fraasihausta (n. 3min). Videolla on esimerkki UEF-Finnasta; sama periaate toimii yht\u00e4 lailla mm. UEF-Primossa.<\/p>\n\n\n<div class=\"embed-container\">\n    <iframe loading=\"lazy\" title=\"Fraasihaku\" width=\"640\" height=\"360\" src=\"https:\/\/www.youtube.com\/embed\/_xVJ_bPmNac?feature=oembed&#038;controls=1&#038;hd=1&#038;autohide=1\" frameborder=\"0\" allow=\"accelerometer; autoplay; clipboard-write; encrypted-media; gyroscope; picture-in-picture; web-share\" referrerpolicy=\"strict-origin-when-cross-origin\" allowfullscreen frameborder=\"0\"><\/iframe><\/div>\n\n\n<p>Vinkki: my\u00f6s Google ymm\u00e4rt\u00e4\u00e4 lainausmerkit.<\/p>\n\n\n\n<p>Fraasien k\u00e4yt\u00f6ss\u00e4 sattuu jonkin verran virheit\u00e4 eri hakuj\u00e4rjestelmiss\u00e4.<\/p>\n\n\n\n<h2 class=\"wp-block-heading\"><strong>T\u00e4ss\u00e4 oikeita malleja:<\/strong><\/h2>\n\n\n\n<p>UEF-primo:<\/p>\n\n\n\n<figure class=\"wp-block-image size-full\"><img loading=\"lazy\" decoding=\"async\" width=\"1011\" height=\"214\" src=\"https:\/\/blogs.uef.fi\/tiedonhaku-maantiede\/wp-content\/uploads\/sites\/53\/2023\/06\/fraasihaku-Primossa.png\" alt=\"Fraasihaku Primossa.\" class=\"wp-image-2290\" srcset=\"https:\/\/blogs.uef.fi\/tiedonhaku-maantiede\/wp-content\/uploads\/sites\/53\/2023\/06\/fraasihaku-Primossa.png 1011w, https:\/\/blogs.uef.fi\/tiedonhaku-maantiede\/wp-content\/uploads\/sites\/53\/2023\/06\/fraasihaku-Primossa-300x64.png 300w, https:\/\/blogs.uef.fi\/tiedonhaku-maantiede\/wp-content\/uploads\/sites\/53\/2023\/06\/fraasihaku-Primossa-768x163.png 768w\" sizes=\"auto, (max-width: 1011px) 100vw, 1011px\" \/><\/figure>\n\n\n\n<p id=\"caption-attachment-801\">Fraasin sis\u00e4ll\u00e4 ei voi k\u00e4ytt\u00e4\u00e4 sanankatkaisua (*) UEF-Primossa<\/p>\n\n\n\n<p>Scopus (sama Web of Sciencessa ja ProQuestissa):<\/p>\n\n\n\n<figure class=\"wp-block-image size-full\"><img loading=\"lazy\" decoding=\"async\" width=\"906\" height=\"393\" src=\"https:\/\/blogs.uef.fi\/tiedonhaku-maantiede\/wp-content\/uploads\/sites\/53\/2023\/06\/fraasihaku-Scopuksessa.png\" alt=\"Fraasihaku Scopus-tietokannassa.\" class=\"wp-image-2293\" srcset=\"https:\/\/blogs.uef.fi\/tiedonhaku-maantiede\/wp-content\/uploads\/sites\/53\/2023\/06\/fraasihaku-Scopuksessa.png 906w, https:\/\/blogs.uef.fi\/tiedonhaku-maantiede\/wp-content\/uploads\/sites\/53\/2023\/06\/fraasihaku-Scopuksessa-300x130.png 300w, https:\/\/blogs.uef.fi\/tiedonhaku-maantiede\/wp-content\/uploads\/sites\/53\/2023\/06\/fraasihaku-Scopuksessa-768x333.png 768w\" sizes=\"auto, (max-width: 906px) 100vw, 906px\" \/><\/figure>\n\n\n\n<p>CAB Abstracts:<\/p>\n\n\n\n<figure class=\"wp-block-image size-full\"><img loading=\"lazy\" decoding=\"async\" width=\"910\" height=\"232\" src=\"https:\/\/blogs.uef.fi\/tiedonhaku-maantiede\/wp-content\/uploads\/sites\/53\/2023\/06\/CAP-abstract.png\" alt=\"Ei fraaseja CAP Abstractissa. \" class=\"wp-image-2296\" srcset=\"https:\/\/blogs.uef.fi\/tiedonhaku-maantiede\/wp-content\/uploads\/sites\/53\/2023\/06\/CAP-abstract.png 910w, https:\/\/blogs.uef.fi\/tiedonhaku-maantiede\/wp-content\/uploads\/sites\/53\/2023\/06\/CAP-abstract-300x76.png 300w, https:\/\/blogs.uef.fi\/tiedonhaku-maantiede\/wp-content\/uploads\/sites\/53\/2023\/06\/CAP-abstract-768x196.png 768w\" sizes=\"auto, (max-width: 910px) 100vw, 910px\" \/><\/figure>\n","protected":false},"excerpt":{"rendered":"<p>Sanaliitto on sanapari tai -ryhm\u00e4, jonka merkitysseikat sitovat yhteen. Sanaliitto vs. yksitt\u00e4iset sanat Jotta sanaliiton eli&nbsp;fraasin (phrase)&nbsp;sanat pysyisiv\u00e4t haussa&nbsp;per\u00e4kk\u00e4in ja halutussa j\u00e4rjestyksess\u00e4, joudutaan joissakin hakuj\u00e4rjestelmiss\u00e4 m\u00e4\u00e4r\u00e4\u00e4m\u00e4\u00e4n t\u00e4m\u00e4 erikseen. Fraasinhaun merkkin\u00e4 hakuj\u00e4rjestelmille k\u00e4ytet\u00e4\u00e4n yleisesti lainausmerkkej\u00e4: \u201calueelliset vaikutukset\u201d\u201dland use policy\u201d Ilman lainausmerkkej\u00e4 kahden sanan v\u00e4lill\u00e4 on l\u00e4hes aina AND-operaattori, vaikka sit\u00e4 ei n\u00e4kyville kirjoittaisikaan (lis\u00e4\u00e4 operaattoreista luvussa&nbsp;Hakusanojen [&hellip;]<\/p>\n","protected":false},"author":403,"featured_media":0,"parent":0,"menu_order":0,"comment_status":"closed","ping_status":"closed","template":"","meta":{"_acf_changed":false,"footnotes":""},"class_list":["post-2281","page","type-page","status-publish","hentry"],"acf":[],"yoast_head":"<!-- This site is optimized with the Yoast SEO plugin v27.1.1 - https:\/\/yoast.com\/product\/yoast-seo-wordpress\/ -->\n<title>Sanaliitot - Maantieteen ja ymp\u00e4rist\u00f6politiikan tiedonhaku<\/title>\n<meta name=\"robots\" content=\"index, follow, max-snippet:-1, max-image-preview:large, max-video-preview:-1\" \/>\n<link rel=\"canonical\" href=\"https:\/\/blogs.uef.fi\/tiedonhaku-maantiede\/sanaliitot-2\/\" \/>\n<meta property=\"og:locale\" content=\"fi_FI\" \/>\n<meta property=\"og:type\" content=\"article\" \/>\n<meta property=\"og:title\" content=\"Sanaliitot - Maantieteen ja ymp\u00e4rist\u00f6politiikan tiedonhaku\" \/>\n<meta property=\"og:description\" content=\"Sanaliitto on sanapari tai -ryhm\u00e4, jonka merkitysseikat sitovat yhteen. Sanaliitto vs. yksitt\u00e4iset sanat Jotta sanaliiton eli&nbsp;fraasin (phrase)&nbsp;sanat pysyisiv\u00e4t haussa&nbsp;per\u00e4kk\u00e4in ja halutussa j\u00e4rjestyksess\u00e4, joudutaan joissakin hakuj\u00e4rjestelmiss\u00e4 m\u00e4\u00e4r\u00e4\u00e4m\u00e4\u00e4n t\u00e4m\u00e4 erikseen. Fraasinhaun merkkin\u00e4 hakuj\u00e4rjestelmille k\u00e4ytet\u00e4\u00e4n yleisesti lainausmerkkej\u00e4: \u201calueelliset vaikutukset\u201d\u201dland use policy\u201d Ilman lainausmerkkej\u00e4 kahden sanan v\u00e4lill\u00e4 on l\u00e4hes aina AND-operaattori, vaikka sit\u00e4 ei n\u00e4kyville kirjoittaisikaan (lis\u00e4\u00e4 operaattoreista luvussa&nbsp;Hakusanojen [&hellip;]\" \/>\n<meta property=\"og:url\" content=\"https:\/\/blogs.uef.fi\/tiedonhaku-maantiede\/sanaliitot-2\/\" \/>\n<meta property=\"og:site_name\" content=\"Maantieteen ja ymp\u00e4rist\u00f6politiikan tiedonhaku\" \/>\n<meta property=\"article:modified_time\" content=\"2023-06-27T13:25:30+00:00\" \/>\n<meta property=\"og:image\" content=\"https:\/\/blogs.uef.fi\/tiedonhaku-maantiede\/wp-content\/uploads\/sites\/53\/2023\/06\/sanaparit-1024x242.png\" \/>\n<meta name=\"twitter:card\" content=\"summary_large_image\" \/>\n<meta name=\"twitter:label1\" content=\"Arvioitu lukuaika\" \/>\n\t<meta name=\"twitter:data1\" content=\"2 minuuttia\" \/>\n<script type=\"application\/ld+json\" class=\"yoast-schema-graph\">{\"@context\":\"https:\/\/schema.org\",\"@graph\":[{\"@type\":\"WebPage\",\"@id\":\"https:\/\/blogs.uef.fi\/tiedonhaku-maantiede\/sanaliitot-2\/\",\"url\":\"https:\/\/blogs.uef.fi\/tiedonhaku-maantiede\/sanaliitot-2\/\",\"name\":\"Sanaliitot - Maantieteen ja ymp\u00e4rist\u00f6politiikan tiedonhaku\",\"isPartOf\":{\"@id\":\"https:\/\/blogs.uef.fi\/tiedonhaku-maantiede\/#website\"},\"primaryImageOfPage\":{\"@id\":\"https:\/\/blogs.uef.fi\/tiedonhaku-maantiede\/sanaliitot-2\/#primaryimage\"},\"image\":{\"@id\":\"https:\/\/blogs.uef.fi\/tiedonhaku-maantiede\/sanaliitot-2\/#primaryimage\"},\"thumbnailUrl\":\"https:\/\/blogs.uef.fi\/tiedonhaku-maantiede\/wp-content\/uploads\/sites\/53\/2023\/06\/sanaparit-1024x242.png\",\"datePublished\":\"2023-06-27T13:25:29+00:00\",\"dateModified\":\"2023-06-27T13:25:30+00:00\",\"breadcrumb\":{\"@id\":\"https:\/\/blogs.uef.fi\/tiedonhaku-maantiede\/sanaliitot-2\/#breadcrumb\"},\"inLanguage\":\"fi\",\"potentialAction\":[{\"@type\":\"ReadAction\",\"target\":[\"https:\/\/blogs.uef.fi\/tiedonhaku-maantiede\/sanaliitot-2\/\"]}]},{\"@type\":\"ImageObject\",\"inLanguage\":\"fi\",\"@id\":\"https:\/\/blogs.uef.fi\/tiedonhaku-maantiede\/sanaliitot-2\/#primaryimage\",\"url\":\"https:\/\/blogs.uef.fi\/tiedonhaku-maantiede\/wp-content\/uploads\/sites\/53\/2023\/06\/sanaparit.png\",\"contentUrl\":\"https:\/\/blogs.uef.fi\/tiedonhaku-maantiede\/wp-content\/uploads\/sites\/53\/2023\/06\/sanaparit.png\",\"width\":1039,\"height\":246,\"caption\":\"Esimerkki sanapareista ja yksitt\u00e4isist\u00e4 hakusanoista.\"},{\"@type\":\"BreadcrumbList\",\"@id\":\"https:\/\/blogs.uef.fi\/tiedonhaku-maantiede\/sanaliitot-2\/#breadcrumb\",\"itemListElement\":[{\"@type\":\"ListItem\",\"position\":1,\"name\":\"Home\",\"item\":\"https:\/\/blogs.uef.fi\/tiedonhaku-maantiede\/\"},{\"@type\":\"ListItem\",\"position\":2,\"name\":\"Sanaliitot\"}]},{\"@type\":\"WebSite\",\"@id\":\"https:\/\/blogs.uef.fi\/tiedonhaku-maantiede\/#website\",\"url\":\"https:\/\/blogs.uef.fi\/tiedonhaku-maantiede\/\",\"name\":\"Maantieteen ja ymp\u00e4rist\u00f6politiikan tiedonhaku\",\"description\":\"\",\"potentialAction\":[{\"@type\":\"SearchAction\",\"target\":{\"@type\":\"EntryPoint\",\"urlTemplate\":\"https:\/\/blogs.uef.fi\/tiedonhaku-maantiede\/?s={search_term_string}\"},\"query-input\":{\"@type\":\"PropertyValueSpecification\",\"valueRequired\":true,\"valueName\":\"search_term_string\"}}],\"inLanguage\":\"fi\"}]}<\/script>\n<!-- \/ Yoast SEO plugin. -->","yoast_head_json":{"title":"Sanaliitot - Maantieteen ja ymp\u00e4rist\u00f6politiikan tiedonhaku","robots":{"index":"index","follow":"follow","max-snippet":"max-snippet:-1","max-image-preview":"max-image-preview:large","max-video-preview":"max-video-preview:-1"},"canonical":"https:\/\/blogs.uef.fi\/tiedonhaku-maantiede\/sanaliitot-2\/","og_locale":"fi_FI","og_type":"article","og_title":"Sanaliitot - Maantieteen ja ymp\u00e4rist\u00f6politiikan tiedonhaku","og_description":"Sanaliitto on sanapari tai -ryhm\u00e4, jonka merkitysseikat sitovat yhteen. Sanaliitto vs. yksitt\u00e4iset sanat Jotta sanaliiton eli&nbsp;fraasin (phrase)&nbsp;sanat pysyisiv\u00e4t haussa&nbsp;per\u00e4kk\u00e4in ja halutussa j\u00e4rjestyksess\u00e4, joudutaan joissakin hakuj\u00e4rjestelmiss\u00e4 m\u00e4\u00e4r\u00e4\u00e4m\u00e4\u00e4n t\u00e4m\u00e4 erikseen. Fraasinhaun merkkin\u00e4 hakuj\u00e4rjestelmille k\u00e4ytet\u00e4\u00e4n yleisesti lainausmerkkej\u00e4: \u201calueelliset vaikutukset\u201d\u201dland use policy\u201d Ilman lainausmerkkej\u00e4 kahden sanan v\u00e4lill\u00e4 on l\u00e4hes aina AND-operaattori, vaikka sit\u00e4 ei n\u00e4kyville kirjoittaisikaan (lis\u00e4\u00e4 operaattoreista luvussa&nbsp;Hakusanojen [&hellip;]","og_url":"https:\/\/blogs.uef.fi\/tiedonhaku-maantiede\/sanaliitot-2\/","og_site_name":"Maantieteen ja ymp\u00e4rist\u00f6politiikan tiedonhaku","article_modified_time":"2023-06-27T13:25:30+00:00","og_image":[{"url":"https:\/\/blogs.uef.fi\/tiedonhaku-maantiede\/wp-content\/uploads\/sites\/53\/2023\/06\/sanaparit-1024x242.png","type":"","width":"","height":""}],"twitter_card":"summary_large_image","twitter_misc":{"Arvioitu lukuaika":"2 minuuttia"},"schema":{"@context":"https:\/\/schema.org","@graph":[{"@type":"WebPage","@id":"https:\/\/blogs.uef.fi\/tiedonhaku-maantiede\/sanaliitot-2\/","url":"https:\/\/blogs.uef.fi\/tiedonhaku-maantiede\/sanaliitot-2\/","name":"Sanaliitot - Maantieteen ja ymp\u00e4rist\u00f6politiikan tiedonhaku","isPartOf":{"@id":"https:\/\/blogs.uef.fi\/tiedonhaku-maantiede\/#website"},"primaryImageOfPage":{"@id":"https:\/\/blogs.uef.fi\/tiedonhaku-maantiede\/sanaliitot-2\/#primaryimage"},"image":{"@id":"https:\/\/blogs.uef.fi\/tiedonhaku-maantiede\/sanaliitot-2\/#primaryimage"},"thumbnailUrl":"https:\/\/blogs.uef.fi\/tiedonhaku-maantiede\/wp-content\/uploads\/sites\/53\/2023\/06\/sanaparit-1024x242.png","datePublished":"2023-06-27T13:25:29+00:00","dateModified":"2023-06-27T13:25:30+00:00","breadcrumb":{"@id":"https:\/\/blogs.uef.fi\/tiedonhaku-maantiede\/sanaliitot-2\/#breadcrumb"},"inLanguage":"fi","potentialAction":[{"@type":"ReadAction","target":["https:\/\/blogs.uef.fi\/tiedonhaku-maantiede\/sanaliitot-2\/"]}]},{"@type":"ImageObject","inLanguage":"fi","@id":"https:\/\/blogs.uef.fi\/tiedonhaku-maantiede\/sanaliitot-2\/#primaryimage","url":"https:\/\/blogs.uef.fi\/tiedonhaku-maantiede\/wp-content\/uploads\/sites\/53\/2023\/06\/sanaparit.png","contentUrl":"https:\/\/blogs.uef.fi\/tiedonhaku-maantiede\/wp-content\/uploads\/sites\/53\/2023\/06\/sanaparit.png","width":1039,"height":246,"caption":"Esimerkki sanapareista ja yksitt\u00e4isist\u00e4 hakusanoista."},{"@type":"BreadcrumbList","@id":"https:\/\/blogs.uef.fi\/tiedonhaku-maantiede\/sanaliitot-2\/#breadcrumb","itemListElement":[{"@type":"ListItem","position":1,"name":"Home","item":"https:\/\/blogs.uef.fi\/tiedonhaku-maantiede\/"},{"@type":"ListItem","position":2,"name":"Sanaliitot"}]},{"@type":"WebSite","@id":"https:\/\/blogs.uef.fi\/tiedonhaku-maantiede\/#website","url":"https:\/\/blogs.uef.fi\/tiedonhaku-maantiede\/","name":"Maantieteen ja ymp\u00e4rist\u00f6politiikan tiedonhaku","description":"","potentialAction":[{"@type":"SearchAction","target":{"@type":"EntryPoint","urlTemplate":"https:\/\/blogs.uef.fi\/tiedonhaku-maantiede\/?s={search_term_string}"},"query-input":{"@type":"PropertyValueSpecification","valueRequired":true,"valueName":"search_term_string"}}],"inLanguage":"fi"}]}},"_links":{"self":[{"href":"https:\/\/blogs.uef.fi\/tiedonhaku-maantiede\/wp-json\/wp\/v2\/pages\/2281","targetHints":{"allow":["GET"]}}],"collection":[{"href":"https:\/\/blogs.uef.fi\/tiedonhaku-maantiede\/wp-json\/wp\/v2\/pages"}],"about":[{"href":"https:\/\/blogs.uef.fi\/tiedonhaku-maantiede\/wp-json\/wp\/v2\/types\/page"}],"author":[{"embeddable":true,"href":"https:\/\/blogs.uef.fi\/tiedonhaku-maantiede\/wp-json\/wp\/v2\/users\/403"}],"replies":[{"embeddable":true,"href":"https:\/\/blogs.uef.fi\/tiedonhaku-maantiede\/wp-json\/wp\/v2\/comments?post=2281"}],"version-history":[{"count":2,"href":"https:\/\/blogs.uef.fi\/tiedonhaku-maantiede\/wp-json\/wp\/v2\/pages\/2281\/revisions"}],"predecessor-version":[{"id":2302,"href":"https:\/\/blogs.uef.fi\/tiedonhaku-maantiede\/wp-json\/wp\/v2\/pages\/2281\/revisions\/2302"}],"wp:attachment":[{"href":"https:\/\/blogs.uef.fi\/tiedonhaku-maantiede\/wp-json\/wp\/v2\/media?parent=2281"}],"curies":[{"name":"wp","href":"https:\/\/api.w.org\/{rel}","templated":true}]}}