{"id":2158,"date":"2023-06-27T13:48:36","date_gmt":"2023-06-27T10:48:36","guid":{"rendered":"https:\/\/blogs.uef.fi\/tiedonhaku-maantiede\/?page_id=2158"},"modified":"2023-06-27T13:48:37","modified_gmt":"2023-06-27T10:48:37","slug":"asiasana-vs-sanahaku","status":"publish","type":"page","link":"https:\/\/blogs.uef.fi\/tiedonhaku-maantiede\/asiasana-vs-sanahaku\/","title":{"rendered":"Asiasana- vs. sanahaku"},"content":{"rendered":"\n<h2 class=\"wp-block-heading\">Sanahaku\u00a0<strong>(vapaateksti, keyword, free text..)<\/strong><\/h2>\n\n\n\n<p>hakee sanaa<\/p>\n\n\n\n<ul class=\"wp-block-list\">\n<li><strong>kaikk<\/strong><strong>ialta<\/strong>&nbsp;julkaisujen tiedoista:<\/li>\n\n\n\n<li>tekij\u00e4n ja julkaisun nimest\u00e4, tiivistelm\u00e4st\u00e4, asiasanoista, kustantajan nimest\u00e4 jne.<\/li>\n\n\n\n<li>t\u00e4sm\u00e4lleen annetussa muodossa, joten mieti<strong>&nbsp;sanan taipumiset<\/strong>&nbsp;yms. ja k\u00e4yt\u00e4 katkaisumerkki\u00e4.<\/li>\n\n\n\n<li>on<strong>&nbsp;oletus<\/strong><strong>hakuna<\/strong>&nbsp;tietokannoissa yleens\u00e4<\/li>\n<\/ul>\n\n\n\n<p><strong>Mit\u00e4 tahansa<\/strong>\u00a0luonnollisen kielen sanoja tai fraaseja voi k\u00e4ytt\u00e4\u00e4.<\/p>\n\n\n\n<ul class=\"wp-block-list\">\n<li>Aiheen kannalta merkityksett\u00f6mi\u00e4 sanoja (stop words, esim.&nbsp;<em>a, an, the, in, on<\/em>) ei k\u00e4ytet\u00e4 haussa, ei yksin\u00e4\u00e4n eik\u00e4 sanaliittojen osina.<\/li>\n\n\n\n<li>Kannattaa kysy\u00e4 my\u00f6s ty\u00f6n ohjaajalta, mill\u00e4 sanoilla aiheesta voisi hakea.<\/li>\n\n\n\n<li><strong>Synonyymit<\/strong>&nbsp;pit\u00e4\u00e4 mietti\u00e4 ja hakea erikseen.<\/li>\n\n\n\n<li><strong>Homonyymit<\/strong>&nbsp;tulevat mukaan \u2013 tietokone ei erota merkityksi\u00e4<\/li>\n<\/ul>\n\n\n\n<p>Vapaasanahaku toimii hyvin silloin, kun haettava aihe on\u00a0<strong>yksityiskohtainen ja tarkasti rajattu<\/strong>, tai kun k\u00e4sitteist\u00f6 ja sanasto kyseisell\u00e4 alalla on\u00a0<strong>vakiintunutta<\/strong>.<\/p>\n\n\n\n<h2 class=\"wp-block-heading\">Asiasanahaku (subject terms\/headings, descriptors)<\/h2>\n\n\n\n<p>Tallennettaessa julkaisun tietoja tietokantoihin k\u00e4ytet\u00e4\u00e4n\u00a0<strong>ennalta m\u00e4\u00e4r\u00e4ttyj\u00e4<\/strong>\u00a0asiasanoja\u00a0<strong>kuvailemaan niiden aihetta\/sis\u00e4lt\u00f6\u00e4<\/strong>, jotta tieto l\u00f6ytyisi paremmin.<br><strong>Asiasanahaku kohdistuu vain asiasanoihin<\/strong>, jotka on tallennettu erilliseen asiasanakentt\u00e4\u00e4n.<\/p>\n\n\n\n<ul class=\"wp-block-list\">\n<li>Useimmissa tietokannoissa asiasanahakuun p\u00e4\u00e4st\u00e4\u00e4n tarkennetun haun (advanced search) puolelta (ja siell\u00e4 yleens\u00e4 valitaan pudotusvalikosta hakukent\u00e4ksi esim. subject terms tai asiasana)<\/li>\n\n\n\n<li>Hakusanoiksi pit\u00e4\u00e4 t\u00e4ll\u00f6in valita ao. tietokannan k\u00e4ytt\u00e4m\u00e4n asiasanaston tai tesauruksen termej\u00e4, asiasanoja.<\/li>\n\n\n\n<li>Eri tietokannat k\u00e4ytt\u00e4v\u00e4t eri sanastoja. Sama sana ei toimi eri tietokannoissa samalla tavalla.<\/li>\n\n\n\n<li>Jos rajaat hakusi kohdistumaan asiasanakentt\u00e4\u00e4n, et voi k\u00e4ytt\u00e4\u00e4 mit\u00e4 tahansa luonnollisen kielen sanaa (tai ainakaan et niill\u00e4 v\u00e4ltt\u00e4m\u00e4tt\u00e4 saa tulosta).<\/li>\n<\/ul>\n\n\n\n<figure class=\"wp-block-image size-full\"><img loading=\"lazy\" decoding=\"async\" width=\"640\" height=\"435\" src=\"https:\/\/blogs.uef.fi\/tiedonhaku-maantiede\/wp-content\/uploads\/sites\/53\/2023\/06\/asiasanahaku.png\" alt=\"Esimerkki asiasanahausta.\" class=\"wp-image-2161\" srcset=\"https:\/\/blogs.uef.fi\/tiedonhaku-maantiede\/wp-content\/uploads\/sites\/53\/2023\/06\/asiasanahaku.png 640w, https:\/\/blogs.uef.fi\/tiedonhaku-maantiede\/wp-content\/uploads\/sites\/53\/2023\/06\/asiasanahaku-300x204.png 300w\" sizes=\"auto, (max-width: 640px) 100vw, 640px\" \/><\/figure>\n\n\n\n<p>Asiasanahaku toimii hyvin silloin, kun&nbsp;<strong>aihe on laaja-alainen tai hankalasti m\u00e4\u00e4ritelt\u00e4v\u00e4.<\/strong><\/p>\n\n\n\n<p>Jos k\u00e4ytet\u00e4\u00e4n samaa hakusanaa sek\u00e4 sanahaussa ett\u00e4 asiasanahaussa,&nbsp;<strong>sanahaku l\u00f6yt\u00e4\u00e4 enemm\u00e4n tuloksia<\/strong>, varsinkin silloin, jos on k\u00e4ytetty sanankatkaisua. Asiasanahaun tulokset puolestaan ovat&nbsp;<strong>aiheenmukaisia.<\/strong><\/p>\n\n\n\n<p>Paljon riippuu kuitenkin&nbsp;<strong>sanavalinnasta<\/strong>: asiasana voi hyvinkin antaa enemm\u00e4n tuloksia kuin jokin toinen, samaan asiaan liittyv\u00e4 muu hakusana.<\/p>\n\n\n\n<p>asiasanahaku: lomailu, 157 tulosta UEF-Primosta (2.1.2019)<br>sanahaku: lomanviet*,&nbsp;<em>8<\/em>&nbsp;tulosta UEF-Primosta (2.1.2019)<em><\/em><\/p>\n\n\n\n<p>Rajaus asiasanaan \/ asiasanahaku&nbsp;<strong>kohdentaa hakua, parantaa usein relevanssia ja aiheen osuvuutta, mutta pienent\u00e4\u00e4 hakutulosta<\/strong>.<\/p>\n","protected":false},"excerpt":{"rendered":"<p>Sanahaku\u00a0(vapaateksti, keyword, free text..) hakee sanaa Mit\u00e4 tahansa\u00a0luonnollisen kielen sanoja tai fraaseja voi k\u00e4ytt\u00e4\u00e4. Vapaasanahaku toimii hyvin silloin, kun haettava aihe on\u00a0yksityiskohtainen ja tarkasti rajattu, tai kun k\u00e4sitteist\u00f6 ja sanasto kyseisell\u00e4 alalla on\u00a0vakiintunutta. Asiasanahaku (subject terms\/headings, descriptors) Tallennettaessa julkaisun tietoja tietokantoihin k\u00e4ytet\u00e4\u00e4n\u00a0ennalta m\u00e4\u00e4r\u00e4ttyj\u00e4\u00a0asiasanoja\u00a0kuvailemaan niiden aihetta\/sis\u00e4lt\u00f6\u00e4, jotta tieto l\u00f6ytyisi paremmin.Asiasanahaku kohdistuu vain asiasanoihin, jotka on tallennettu [&hellip;]<\/p>\n","protected":false},"author":403,"featured_media":0,"parent":0,"menu_order":0,"comment_status":"closed","ping_status":"closed","template":"","meta":{"_acf_changed":false,"footnotes":""},"class_list":["post-2158","page","type-page","status-publish","hentry"],"acf":[],"yoast_head":"<!-- This site is optimized with the Yoast SEO plugin v27.1.1 - https:\/\/yoast.com\/product\/yoast-seo-wordpress\/ -->\n<title>Asiasana- vs. sanahaku - Maantieteen ja ymp\u00e4rist\u00f6politiikan tiedonhaku<\/title>\n<meta name=\"robots\" content=\"index, follow, max-snippet:-1, max-image-preview:large, max-video-preview:-1\" \/>\n<link rel=\"canonical\" href=\"https:\/\/blogs.uef.fi\/tiedonhaku-maantiede\/asiasana-vs-sanahaku\/\" \/>\n<meta property=\"og:locale\" content=\"fi_FI\" \/>\n<meta property=\"og:type\" content=\"article\" \/>\n<meta property=\"og:title\" content=\"Asiasana- vs. sanahaku - Maantieteen ja ymp\u00e4rist\u00f6politiikan tiedonhaku\" \/>\n<meta property=\"og:description\" content=\"Sanahaku\u00a0(vapaateksti, keyword, free text..) hakee sanaa Mit\u00e4 tahansa\u00a0luonnollisen kielen sanoja tai fraaseja voi k\u00e4ytt\u00e4\u00e4. Vapaasanahaku toimii hyvin silloin, kun haettava aihe on\u00a0yksityiskohtainen ja tarkasti rajattu, tai kun k\u00e4sitteist\u00f6 ja sanasto kyseisell\u00e4 alalla on\u00a0vakiintunutta. Asiasanahaku (subject terms\/headings, descriptors) Tallennettaessa julkaisun tietoja tietokantoihin k\u00e4ytet\u00e4\u00e4n\u00a0ennalta m\u00e4\u00e4r\u00e4ttyj\u00e4\u00a0asiasanoja\u00a0kuvailemaan niiden aihetta\/sis\u00e4lt\u00f6\u00e4, jotta tieto l\u00f6ytyisi paremmin.Asiasanahaku kohdistuu vain asiasanoihin, jotka on tallennettu [&hellip;]\" \/>\n<meta property=\"og:url\" content=\"https:\/\/blogs.uef.fi\/tiedonhaku-maantiede\/asiasana-vs-sanahaku\/\" \/>\n<meta property=\"og:site_name\" content=\"Maantieteen ja ymp\u00e4rist\u00f6politiikan tiedonhaku\" \/>\n<meta property=\"article:modified_time\" content=\"2023-06-27T10:48:37+00:00\" \/>\n<meta property=\"og:image\" content=\"https:\/\/blogs.uef.fi\/tiedonhaku-maantiede\/wp-content\/uploads\/sites\/53\/2023\/06\/asiasanahaku.png\" \/>\n<meta name=\"twitter:card\" content=\"summary_large_image\" \/>\n<meta name=\"twitter:label1\" content=\"Arvioitu lukuaika\" \/>\n\t<meta name=\"twitter:data1\" content=\"2 minuuttia\" \/>\n<script type=\"application\/ld+json\" class=\"yoast-schema-graph\">{\"@context\":\"https:\/\/schema.org\",\"@graph\":[{\"@type\":\"WebPage\",\"@id\":\"https:\/\/blogs.uef.fi\/tiedonhaku-maantiede\/asiasana-vs-sanahaku\/\",\"url\":\"https:\/\/blogs.uef.fi\/tiedonhaku-maantiede\/asiasana-vs-sanahaku\/\",\"name\":\"Asiasana- vs. sanahaku - Maantieteen ja ymp\u00e4rist\u00f6politiikan tiedonhaku\",\"isPartOf\":{\"@id\":\"https:\/\/blogs.uef.fi\/tiedonhaku-maantiede\/#website\"},\"primaryImageOfPage\":{\"@id\":\"https:\/\/blogs.uef.fi\/tiedonhaku-maantiede\/asiasana-vs-sanahaku\/#primaryimage\"},\"image\":{\"@id\":\"https:\/\/blogs.uef.fi\/tiedonhaku-maantiede\/asiasana-vs-sanahaku\/#primaryimage\"},\"thumbnailUrl\":\"https:\/\/blogs.uef.fi\/tiedonhaku-maantiede\/wp-content\/uploads\/sites\/53\/2023\/06\/asiasanahaku.png\",\"datePublished\":\"2023-06-27T10:48:36+00:00\",\"dateModified\":\"2023-06-27T10:48:37+00:00\",\"breadcrumb\":{\"@id\":\"https:\/\/blogs.uef.fi\/tiedonhaku-maantiede\/asiasana-vs-sanahaku\/#breadcrumb\"},\"inLanguage\":\"fi\",\"potentialAction\":[{\"@type\":\"ReadAction\",\"target\":[\"https:\/\/blogs.uef.fi\/tiedonhaku-maantiede\/asiasana-vs-sanahaku\/\"]}]},{\"@type\":\"ImageObject\",\"inLanguage\":\"fi\",\"@id\":\"https:\/\/blogs.uef.fi\/tiedonhaku-maantiede\/asiasana-vs-sanahaku\/#primaryimage\",\"url\":\"https:\/\/blogs.uef.fi\/tiedonhaku-maantiede\/wp-content\/uploads\/sites\/53\/2023\/06\/asiasanahaku.png\",\"contentUrl\":\"https:\/\/blogs.uef.fi\/tiedonhaku-maantiede\/wp-content\/uploads\/sites\/53\/2023\/06\/asiasanahaku.png\",\"width\":640,\"height\":435,\"caption\":\"Esimerkki asiasanahausta.\"},{\"@type\":\"BreadcrumbList\",\"@id\":\"https:\/\/blogs.uef.fi\/tiedonhaku-maantiede\/asiasana-vs-sanahaku\/#breadcrumb\",\"itemListElement\":[{\"@type\":\"ListItem\",\"position\":1,\"name\":\"Home\",\"item\":\"https:\/\/blogs.uef.fi\/tiedonhaku-maantiede\/\"},{\"@type\":\"ListItem\",\"position\":2,\"name\":\"Asiasana- vs. sanahaku\"}]},{\"@type\":\"WebSite\",\"@id\":\"https:\/\/blogs.uef.fi\/tiedonhaku-maantiede\/#website\",\"url\":\"https:\/\/blogs.uef.fi\/tiedonhaku-maantiede\/\",\"name\":\"Maantieteen ja ymp\u00e4rist\u00f6politiikan tiedonhaku\",\"description\":\"\",\"potentialAction\":[{\"@type\":\"SearchAction\",\"target\":{\"@type\":\"EntryPoint\",\"urlTemplate\":\"https:\/\/blogs.uef.fi\/tiedonhaku-maantiede\/?s={search_term_string}\"},\"query-input\":{\"@type\":\"PropertyValueSpecification\",\"valueRequired\":true,\"valueName\":\"search_term_string\"}}],\"inLanguage\":\"fi\"}]}<\/script>\n<!-- \/ Yoast SEO plugin. -->","yoast_head_json":{"title":"Asiasana- vs. sanahaku - Maantieteen ja ymp\u00e4rist\u00f6politiikan tiedonhaku","robots":{"index":"index","follow":"follow","max-snippet":"max-snippet:-1","max-image-preview":"max-image-preview:large","max-video-preview":"max-video-preview:-1"},"canonical":"https:\/\/blogs.uef.fi\/tiedonhaku-maantiede\/asiasana-vs-sanahaku\/","og_locale":"fi_FI","og_type":"article","og_title":"Asiasana- vs. sanahaku - Maantieteen ja ymp\u00e4rist\u00f6politiikan tiedonhaku","og_description":"Sanahaku\u00a0(vapaateksti, keyword, free text..) hakee sanaa Mit\u00e4 tahansa\u00a0luonnollisen kielen sanoja tai fraaseja voi k\u00e4ytt\u00e4\u00e4. Vapaasanahaku toimii hyvin silloin, kun haettava aihe on\u00a0yksityiskohtainen ja tarkasti rajattu, tai kun k\u00e4sitteist\u00f6 ja sanasto kyseisell\u00e4 alalla on\u00a0vakiintunutta. Asiasanahaku (subject terms\/headings, descriptors) Tallennettaessa julkaisun tietoja tietokantoihin k\u00e4ytet\u00e4\u00e4n\u00a0ennalta m\u00e4\u00e4r\u00e4ttyj\u00e4\u00a0asiasanoja\u00a0kuvailemaan niiden aihetta\/sis\u00e4lt\u00f6\u00e4, jotta tieto l\u00f6ytyisi paremmin.Asiasanahaku kohdistuu vain asiasanoihin, jotka on tallennettu [&hellip;]","og_url":"https:\/\/blogs.uef.fi\/tiedonhaku-maantiede\/asiasana-vs-sanahaku\/","og_site_name":"Maantieteen ja ymp\u00e4rist\u00f6politiikan tiedonhaku","article_modified_time":"2023-06-27T10:48:37+00:00","og_image":[{"url":"https:\/\/blogs.uef.fi\/tiedonhaku-maantiede\/wp-content\/uploads\/sites\/53\/2023\/06\/asiasanahaku.png","type":"","width":"","height":""}],"twitter_card":"summary_large_image","twitter_misc":{"Arvioitu lukuaika":"2 minuuttia"},"schema":{"@context":"https:\/\/schema.org","@graph":[{"@type":"WebPage","@id":"https:\/\/blogs.uef.fi\/tiedonhaku-maantiede\/asiasana-vs-sanahaku\/","url":"https:\/\/blogs.uef.fi\/tiedonhaku-maantiede\/asiasana-vs-sanahaku\/","name":"Asiasana- vs. sanahaku - Maantieteen ja ymp\u00e4rist\u00f6politiikan tiedonhaku","isPartOf":{"@id":"https:\/\/blogs.uef.fi\/tiedonhaku-maantiede\/#website"},"primaryImageOfPage":{"@id":"https:\/\/blogs.uef.fi\/tiedonhaku-maantiede\/asiasana-vs-sanahaku\/#primaryimage"},"image":{"@id":"https:\/\/blogs.uef.fi\/tiedonhaku-maantiede\/asiasana-vs-sanahaku\/#primaryimage"},"thumbnailUrl":"https:\/\/blogs.uef.fi\/tiedonhaku-maantiede\/wp-content\/uploads\/sites\/53\/2023\/06\/asiasanahaku.png","datePublished":"2023-06-27T10:48:36+00:00","dateModified":"2023-06-27T10:48:37+00:00","breadcrumb":{"@id":"https:\/\/blogs.uef.fi\/tiedonhaku-maantiede\/asiasana-vs-sanahaku\/#breadcrumb"},"inLanguage":"fi","potentialAction":[{"@type":"ReadAction","target":["https:\/\/blogs.uef.fi\/tiedonhaku-maantiede\/asiasana-vs-sanahaku\/"]}]},{"@type":"ImageObject","inLanguage":"fi","@id":"https:\/\/blogs.uef.fi\/tiedonhaku-maantiede\/asiasana-vs-sanahaku\/#primaryimage","url":"https:\/\/blogs.uef.fi\/tiedonhaku-maantiede\/wp-content\/uploads\/sites\/53\/2023\/06\/asiasanahaku.png","contentUrl":"https:\/\/blogs.uef.fi\/tiedonhaku-maantiede\/wp-content\/uploads\/sites\/53\/2023\/06\/asiasanahaku.png","width":640,"height":435,"caption":"Esimerkki asiasanahausta."},{"@type":"BreadcrumbList","@id":"https:\/\/blogs.uef.fi\/tiedonhaku-maantiede\/asiasana-vs-sanahaku\/#breadcrumb","itemListElement":[{"@type":"ListItem","position":1,"name":"Home","item":"https:\/\/blogs.uef.fi\/tiedonhaku-maantiede\/"},{"@type":"ListItem","position":2,"name":"Asiasana- vs. sanahaku"}]},{"@type":"WebSite","@id":"https:\/\/blogs.uef.fi\/tiedonhaku-maantiede\/#website","url":"https:\/\/blogs.uef.fi\/tiedonhaku-maantiede\/","name":"Maantieteen ja ymp\u00e4rist\u00f6politiikan tiedonhaku","description":"","potentialAction":[{"@type":"SearchAction","target":{"@type":"EntryPoint","urlTemplate":"https:\/\/blogs.uef.fi\/tiedonhaku-maantiede\/?s={search_term_string}"},"query-input":{"@type":"PropertyValueSpecification","valueRequired":true,"valueName":"search_term_string"}}],"inLanguage":"fi"}]}},"_links":{"self":[{"href":"https:\/\/blogs.uef.fi\/tiedonhaku-maantiede\/wp-json\/wp\/v2\/pages\/2158","targetHints":{"allow":["GET"]}}],"collection":[{"href":"https:\/\/blogs.uef.fi\/tiedonhaku-maantiede\/wp-json\/wp\/v2\/pages"}],"about":[{"href":"https:\/\/blogs.uef.fi\/tiedonhaku-maantiede\/wp-json\/wp\/v2\/types\/page"}],"author":[{"embeddable":true,"href":"https:\/\/blogs.uef.fi\/tiedonhaku-maantiede\/wp-json\/wp\/v2\/users\/403"}],"replies":[{"embeddable":true,"href":"https:\/\/blogs.uef.fi\/tiedonhaku-maantiede\/wp-json\/wp\/v2\/comments?post=2158"}],"version-history":[{"count":1,"href":"https:\/\/blogs.uef.fi\/tiedonhaku-maantiede\/wp-json\/wp\/v2\/pages\/2158\/revisions"}],"predecessor-version":[{"id":2164,"href":"https:\/\/blogs.uef.fi\/tiedonhaku-maantiede\/wp-json\/wp\/v2\/pages\/2158\/revisions\/2164"}],"wp:attachment":[{"href":"https:\/\/blogs.uef.fi\/tiedonhaku-maantiede\/wp-json\/wp\/v2\/media?parent=2158"}],"curies":[{"name":"wp","href":"https:\/\/api.w.org\/{rel}","templated":true}]}}