{"id":2134,"date":"2023-06-27T13:27:55","date_gmt":"2023-06-27T10:27:55","guid":{"rendered":"https:\/\/blogs.uef.fi\/tiedonhaku-maantiede\/?page_id=2134"},"modified":"2023-06-27T13:27:56","modified_gmt":"2023-06-27T10:27:56","slug":"vertaisarviointi-on-laadun-tae","status":"publish","type":"page","link":"https:\/\/blogs.uef.fi\/tiedonhaku-maantiede\/vertaisarviointi-on-laadun-tae\/","title":{"rendered":"Vertaisarviointi on laadun tae"},"content":{"rendered":"\n<p>Vertaisarvioinnissa varmistetaan&nbsp;<strong>ulkopuolisten asiantuntijoiden<\/strong>&nbsp;avulla, ett\u00e4 tutkimusartikkeli on kelvollinen julkaistavaksi. Asiantuntijat ovat alan (tunnustettuja) tutkijoita. Arvioijia on yleens\u00e4 ainakin kaksi. Artikkelin kirjoittaja ei saa tiet\u00e4\u00e4 heid\u00e4n henkil\u00f6llisyytt\u00e4\u00e4n.<\/p>\n\n\n\n<p>Asiantuntijat arvoivat tutkimuksen&nbsp;<strong>oikeellisuutta, merkitt\u00e4vyytt\u00e4 ja alkuper\u00e4isyytt\u00e4<\/strong>, ja antavat sen perusteella julkaisuluvan.<\/p>\n\n\n\n<p>Arviointiprosessissa tarkistetaan my\u00f6s, ett\u00e4 tekstin rakenne vastaa alan ja lehden tieteellisen kirjoittamisen k\u00e4yt\u00e4nt\u00f6j\u00e4.<\/p>\n\n\n\n<p>Arvioinnissa k\u00e4yd\u00e4\u00e4n l\u00e4pi tutkimuksen (<a href=\"http:\/\/www.metla.fi\/aikakauskirja\/full\/ff10\/ff101003.pdf\" target=\"_blank\" rel=\"noreferrer noopener\">Korpilahti Eeva, 2010;<\/a>&nbsp;linkki aukeaa uuteen ikkunaan):<\/p>\n\n\n\n<ul class=\"wp-block-list\">\n<li>toistettavuus<\/li>\n\n\n\n<li>objektiivisuus<\/li>\n\n\n\n<li>koej\u00e4rjestelyn oikeellisuus<\/li>\n\n\n\n<li>aineiston edustavuus<\/li>\n\n\n\n<li>analyysimenetelm\u00e4n p\u00e4tevyys<\/li>\n\n\n\n<li>tulosten oikeellisuus ja johdonmukaisuus<\/li>\n\n\n\n<li>johtop\u00e4\u00e4t\u00f6sten loogisuus<\/li>\n\n\n\n<li>tulosten uutuusarvo<\/li>\n<\/ul>\n\n\n\n<p>Vertaisarviointi ei ole t\u00e4ydellisen aukoton systeemi. Julkaistavaksi aiottujen k\u00e4sikirjoitusten m\u00e4\u00e4r\u00e4 on valtava ja aika ajoin puutteellinenkin artikkeli saattaa l\u00e4p\u00e4ist\u00e4 seulan.<\/p>\n\n\n\n<h2 class=\"wp-block-heading\">Mist\u00e4 tietoa vertaisarvioinnista?<\/h2>\n\n\n\n<h3 class=\"wp-block-heading\">Lehdet:<\/h3>\n\n\n\n<p>tiedot vertaisarvioinnista voi tarkistaa:<\/p>\n\n\n\n<ul class=\"wp-block-list\">\n<li>lehden omalta (julkaisijan) kotisivulta \/ lehdest\u00e4 itsest\u00e4\u00e4n\n<ul class=\"wp-block-list\">\n<li>markkinoilla on tosin runsaasti huijarilehti\u00e4, joiden kotisivuilla annetaan v\u00e4\u00e4r\u00e4\u00e4 tai harhaanjohtavaa tietoa, ks. lis\u00e4\u00e4 luvussa&nbsp;<a href=\"https:\/\/blogs.uef.fi\/tiedonhaku-maantiede\/onko-lahde-luotettava\/\" target=\"_blank\" rel=\"noreferrer noopener\">Onko l\u00e4hde luotettava<\/a>&nbsp;(linkki aukeaa uuteen ikkunaan), saalistajalehdet<\/li>\n<\/ul>\n<\/li>\n\n\n\n<li>onko lehdell\u00e4&nbsp;<a href=\"https:\/\/fi.wikipedia.org\/wiki\/Vaikuttavuuskerroin\" target=\"_blank\" rel=\"noreferrer noopener\">Impact Factor<\/a>&nbsp;-tunnusluku (linkki aukeaa uuteen ikkunaan) (<a href=\"http:\/\/www.uef.fi\/fi\/web\/kirjasto\/nain-loydat-lehden-impact-factor-arvon\" target=\"_blank\" rel=\"noreferrer noopener\">Journal citation reports<\/a>&nbsp;-tietokannasta; linkki aukeaa uuteen ikkunaan)<\/li>\n\n\n\n<li>joissakin tietokannoissa mainitaan, onko lehti \u201dpeer reviewed\u201d tai \u201crefereed\u201d<\/li>\n\n\n\n<li>tietokannoissa hakua voi rajata vain tieteellisiin lehtiin<\/li>\n<\/ul>\n\n\n\n<p>Varsinaisten<strong>&nbsp;tutkimusartikkelien<\/strong>&nbsp;lis\u00e4ksi tieteelliset lehdet voivat sis\u00e4lt\u00e4\u00e4 my\u00f6s erilaisia&nbsp;<strong>katsauksia, uutisia, kirjeit\u00e4 ja keskustelua.<\/strong><\/p>\n\n\n\n<p><strong>Julkaisufoorumi<\/strong>\u00a0kertoo tarkemmin tieteellisten lehtien tasosta ja arvostuksesta. Ks. lis\u00e4\u00e4\u00a0<a href=\"https:\/\/ueflibrary.wordpress.com\/2014\/01\/30\/mista-tarkistaa-lehden-tieteellinen-taso\/\" target=\"_blank\" rel=\"noreferrer noopener\">blogista<\/a>\u00a0(linkki aukeaa uuteen ikkunaan).<\/p>\n\n\n\n<h3 class=\"wp-block-heading\">Kirjojen<\/h3>\n\n\n\n<p>laaduntarkkailu on&nbsp;<strong>kustantajien<\/strong>, kustannustoimittajien ja n\u00e4iden k\u00e4ytt\u00e4mien asiantuntijoiden vastuulla.<\/p>\n\n\n\n<p>Tieteellisi\u00e4 kustantajia ovat mm.:<\/p>\n\n\n\n<ul class=\"wp-block-list\">\n<li>tieteelliset kaupalliset kustantajat<\/li>\n\n\n\n<li>yliopistot<\/li>\n\n\n\n<li>kotimaiset ja ulkomaiset tieteelliset seurat<\/li>\n\n\n\n<li>tietyt tutkimuslaitokset yms. (ks.&nbsp;<a href=\"http:\/\/www.tiedekustantajat.fi\/\" target=\"_blank\" rel=\"noreferrer noopener\">Suomen tiedekustantajat;<\/a>&nbsp;linkki aukeaa uuteen ikkunaan).<\/li>\n<\/ul>\n","protected":false},"excerpt":{"rendered":"<p>Vertaisarvioinnissa varmistetaan&nbsp;ulkopuolisten asiantuntijoiden&nbsp;avulla, ett\u00e4 tutkimusartikkeli on kelvollinen julkaistavaksi. Asiantuntijat ovat alan (tunnustettuja) tutkijoita. Arvioijia on yleens\u00e4 ainakin kaksi. Artikkelin kirjoittaja ei saa tiet\u00e4\u00e4 heid\u00e4n henkil\u00f6llisyytt\u00e4\u00e4n. Asiantuntijat arvoivat tutkimuksen&nbsp;oikeellisuutta, merkitt\u00e4vyytt\u00e4 ja alkuper\u00e4isyytt\u00e4, ja antavat sen perusteella julkaisuluvan. Arviointiprosessissa tarkistetaan my\u00f6s, ett\u00e4 tekstin rakenne vastaa alan ja lehden tieteellisen kirjoittamisen k\u00e4yt\u00e4nt\u00f6j\u00e4. Arvioinnissa k\u00e4yd\u00e4\u00e4n l\u00e4pi tutkimuksen (Korpilahti Eeva, [&hellip;]<\/p>\n","protected":false},"author":403,"featured_media":0,"parent":0,"menu_order":0,"comment_status":"closed","ping_status":"closed","template":"","meta":{"_acf_changed":false,"footnotes":""},"class_list":["post-2134","page","type-page","status-publish","hentry"],"acf":[],"yoast_head":"<!-- This site is optimized with the Yoast SEO plugin v27.1.1 - https:\/\/yoast.com\/product\/yoast-seo-wordpress\/ -->\n<title>Vertaisarviointi on laadun tae - Maantieteen ja ymp\u00e4rist\u00f6politiikan tiedonhaku<\/title>\n<meta name=\"robots\" content=\"index, follow, max-snippet:-1, max-image-preview:large, max-video-preview:-1\" \/>\n<link rel=\"canonical\" href=\"https:\/\/blogs.uef.fi\/tiedonhaku-maantiede\/vertaisarviointi-on-laadun-tae\/\" \/>\n<meta property=\"og:locale\" content=\"fi_FI\" \/>\n<meta property=\"og:type\" content=\"article\" \/>\n<meta property=\"og:title\" content=\"Vertaisarviointi on laadun tae - Maantieteen ja ymp\u00e4rist\u00f6politiikan tiedonhaku\" \/>\n<meta property=\"og:description\" content=\"Vertaisarvioinnissa varmistetaan&nbsp;ulkopuolisten asiantuntijoiden&nbsp;avulla, ett\u00e4 tutkimusartikkeli on kelvollinen julkaistavaksi. Asiantuntijat ovat alan (tunnustettuja) tutkijoita. Arvioijia on yleens\u00e4 ainakin kaksi. Artikkelin kirjoittaja ei saa tiet\u00e4\u00e4 heid\u00e4n henkil\u00f6llisyytt\u00e4\u00e4n. Asiantuntijat arvoivat tutkimuksen&nbsp;oikeellisuutta, merkitt\u00e4vyytt\u00e4 ja alkuper\u00e4isyytt\u00e4, ja antavat sen perusteella julkaisuluvan. Arviointiprosessissa tarkistetaan my\u00f6s, ett\u00e4 tekstin rakenne vastaa alan ja lehden tieteellisen kirjoittamisen k\u00e4yt\u00e4nt\u00f6j\u00e4. Arvioinnissa k\u00e4yd\u00e4\u00e4n l\u00e4pi tutkimuksen (Korpilahti Eeva, [&hellip;]\" \/>\n<meta property=\"og:url\" content=\"https:\/\/blogs.uef.fi\/tiedonhaku-maantiede\/vertaisarviointi-on-laadun-tae\/\" \/>\n<meta property=\"og:site_name\" content=\"Maantieteen ja ymp\u00e4rist\u00f6politiikan tiedonhaku\" \/>\n<meta property=\"article:modified_time\" content=\"2023-06-27T10:27:56+00:00\" \/>\n<meta name=\"twitter:card\" content=\"summary_large_image\" \/>\n<meta name=\"twitter:label1\" content=\"Arvioitu lukuaika\" \/>\n\t<meta name=\"twitter:data1\" content=\"2 minuuttia\" \/>\n<script type=\"application\/ld+json\" class=\"yoast-schema-graph\">{\"@context\":\"https:\/\/schema.org\",\"@graph\":[{\"@type\":\"WebPage\",\"@id\":\"https:\/\/blogs.uef.fi\/tiedonhaku-maantiede\/vertaisarviointi-on-laadun-tae\/\",\"url\":\"https:\/\/blogs.uef.fi\/tiedonhaku-maantiede\/vertaisarviointi-on-laadun-tae\/\",\"name\":\"Vertaisarviointi on laadun tae - Maantieteen ja ymp\u00e4rist\u00f6politiikan tiedonhaku\",\"isPartOf\":{\"@id\":\"https:\/\/blogs.uef.fi\/tiedonhaku-maantiede\/#website\"},\"datePublished\":\"2023-06-27T10:27:55+00:00\",\"dateModified\":\"2023-06-27T10:27:56+00:00\",\"breadcrumb\":{\"@id\":\"https:\/\/blogs.uef.fi\/tiedonhaku-maantiede\/vertaisarviointi-on-laadun-tae\/#breadcrumb\"},\"inLanguage\":\"fi\",\"potentialAction\":[{\"@type\":\"ReadAction\",\"target\":[\"https:\/\/blogs.uef.fi\/tiedonhaku-maantiede\/vertaisarviointi-on-laadun-tae\/\"]}]},{\"@type\":\"BreadcrumbList\",\"@id\":\"https:\/\/blogs.uef.fi\/tiedonhaku-maantiede\/vertaisarviointi-on-laadun-tae\/#breadcrumb\",\"itemListElement\":[{\"@type\":\"ListItem\",\"position\":1,\"name\":\"Home\",\"item\":\"https:\/\/blogs.uef.fi\/tiedonhaku-maantiede\/\"},{\"@type\":\"ListItem\",\"position\":2,\"name\":\"Vertaisarviointi on laadun tae\"}]},{\"@type\":\"WebSite\",\"@id\":\"https:\/\/blogs.uef.fi\/tiedonhaku-maantiede\/#website\",\"url\":\"https:\/\/blogs.uef.fi\/tiedonhaku-maantiede\/\",\"name\":\"Maantieteen ja ymp\u00e4rist\u00f6politiikan tiedonhaku\",\"description\":\"\",\"potentialAction\":[{\"@type\":\"SearchAction\",\"target\":{\"@type\":\"EntryPoint\",\"urlTemplate\":\"https:\/\/blogs.uef.fi\/tiedonhaku-maantiede\/?s={search_term_string}\"},\"query-input\":{\"@type\":\"PropertyValueSpecification\",\"valueRequired\":true,\"valueName\":\"search_term_string\"}}],\"inLanguage\":\"fi\"}]}<\/script>\n<!-- \/ Yoast SEO plugin. -->","yoast_head_json":{"title":"Vertaisarviointi on laadun tae - Maantieteen ja ymp\u00e4rist\u00f6politiikan tiedonhaku","robots":{"index":"index","follow":"follow","max-snippet":"max-snippet:-1","max-image-preview":"max-image-preview:large","max-video-preview":"max-video-preview:-1"},"canonical":"https:\/\/blogs.uef.fi\/tiedonhaku-maantiede\/vertaisarviointi-on-laadun-tae\/","og_locale":"fi_FI","og_type":"article","og_title":"Vertaisarviointi on laadun tae - Maantieteen ja ymp\u00e4rist\u00f6politiikan tiedonhaku","og_description":"Vertaisarvioinnissa varmistetaan&nbsp;ulkopuolisten asiantuntijoiden&nbsp;avulla, ett\u00e4 tutkimusartikkeli on kelvollinen julkaistavaksi. Asiantuntijat ovat alan (tunnustettuja) tutkijoita. Arvioijia on yleens\u00e4 ainakin kaksi. Artikkelin kirjoittaja ei saa tiet\u00e4\u00e4 heid\u00e4n henkil\u00f6llisyytt\u00e4\u00e4n. Asiantuntijat arvoivat tutkimuksen&nbsp;oikeellisuutta, merkitt\u00e4vyytt\u00e4 ja alkuper\u00e4isyytt\u00e4, ja antavat sen perusteella julkaisuluvan. Arviointiprosessissa tarkistetaan my\u00f6s, ett\u00e4 tekstin rakenne vastaa alan ja lehden tieteellisen kirjoittamisen k\u00e4yt\u00e4nt\u00f6j\u00e4. Arvioinnissa k\u00e4yd\u00e4\u00e4n l\u00e4pi tutkimuksen (Korpilahti Eeva, [&hellip;]","og_url":"https:\/\/blogs.uef.fi\/tiedonhaku-maantiede\/vertaisarviointi-on-laadun-tae\/","og_site_name":"Maantieteen ja ymp\u00e4rist\u00f6politiikan tiedonhaku","article_modified_time":"2023-06-27T10:27:56+00:00","twitter_card":"summary_large_image","twitter_misc":{"Arvioitu lukuaika":"2 minuuttia"},"schema":{"@context":"https:\/\/schema.org","@graph":[{"@type":"WebPage","@id":"https:\/\/blogs.uef.fi\/tiedonhaku-maantiede\/vertaisarviointi-on-laadun-tae\/","url":"https:\/\/blogs.uef.fi\/tiedonhaku-maantiede\/vertaisarviointi-on-laadun-tae\/","name":"Vertaisarviointi on laadun tae - Maantieteen ja ymp\u00e4rist\u00f6politiikan tiedonhaku","isPartOf":{"@id":"https:\/\/blogs.uef.fi\/tiedonhaku-maantiede\/#website"},"datePublished":"2023-06-27T10:27:55+00:00","dateModified":"2023-06-27T10:27:56+00:00","breadcrumb":{"@id":"https:\/\/blogs.uef.fi\/tiedonhaku-maantiede\/vertaisarviointi-on-laadun-tae\/#breadcrumb"},"inLanguage":"fi","potentialAction":[{"@type":"ReadAction","target":["https:\/\/blogs.uef.fi\/tiedonhaku-maantiede\/vertaisarviointi-on-laadun-tae\/"]}]},{"@type":"BreadcrumbList","@id":"https:\/\/blogs.uef.fi\/tiedonhaku-maantiede\/vertaisarviointi-on-laadun-tae\/#breadcrumb","itemListElement":[{"@type":"ListItem","position":1,"name":"Home","item":"https:\/\/blogs.uef.fi\/tiedonhaku-maantiede\/"},{"@type":"ListItem","position":2,"name":"Vertaisarviointi on laadun tae"}]},{"@type":"WebSite","@id":"https:\/\/blogs.uef.fi\/tiedonhaku-maantiede\/#website","url":"https:\/\/blogs.uef.fi\/tiedonhaku-maantiede\/","name":"Maantieteen ja ymp\u00e4rist\u00f6politiikan tiedonhaku","description":"","potentialAction":[{"@type":"SearchAction","target":{"@type":"EntryPoint","urlTemplate":"https:\/\/blogs.uef.fi\/tiedonhaku-maantiede\/?s={search_term_string}"},"query-input":{"@type":"PropertyValueSpecification","valueRequired":true,"valueName":"search_term_string"}}],"inLanguage":"fi"}]}},"_links":{"self":[{"href":"https:\/\/blogs.uef.fi\/tiedonhaku-maantiede\/wp-json\/wp\/v2\/pages\/2134","targetHints":{"allow":["GET"]}}],"collection":[{"href":"https:\/\/blogs.uef.fi\/tiedonhaku-maantiede\/wp-json\/wp\/v2\/pages"}],"about":[{"href":"https:\/\/blogs.uef.fi\/tiedonhaku-maantiede\/wp-json\/wp\/v2\/types\/page"}],"author":[{"embeddable":true,"href":"https:\/\/blogs.uef.fi\/tiedonhaku-maantiede\/wp-json\/wp\/v2\/users\/403"}],"replies":[{"embeddable":true,"href":"https:\/\/blogs.uef.fi\/tiedonhaku-maantiede\/wp-json\/wp\/v2\/comments?post=2134"}],"version-history":[{"count":1,"href":"https:\/\/blogs.uef.fi\/tiedonhaku-maantiede\/wp-json\/wp\/v2\/pages\/2134\/revisions"}],"predecessor-version":[{"id":2137,"href":"https:\/\/blogs.uef.fi\/tiedonhaku-maantiede\/wp-json\/wp\/v2\/pages\/2134\/revisions\/2137"}],"wp:attachment":[{"href":"https:\/\/blogs.uef.fi\/tiedonhaku-maantiede\/wp-json\/wp\/v2\/media?parent=2134"}],"curies":[{"name":"wp","href":"https:\/\/api.w.org\/{rel}","templated":true}]}}