{"id":2110,"date":"2023-06-27T13:06:16","date_gmt":"2023-06-27T10:06:16","guid":{"rendered":"https:\/\/blogs.uef.fi\/tiedonhaku-maantiede\/?page_id=2110"},"modified":"2023-06-27T13:06:16","modified_gmt":"2023-06-27T10:06:16","slug":"tulosten-tallentaminen","status":"publish","type":"page","link":"https:\/\/blogs.uef.fi\/tiedonhaku-maantiede\/tulosten-tallentaminen\/","title":{"rendered":"Tulosten tallentaminen"},"content":{"rendered":"\n<h2 class=\"wp-block-heading\">Tulosten tallentaminen ja Zotero<\/h2>\n\n\n\n<p>Tietokannoissa on mahdollista tallentaa kulloinkin tehdyt haut ja niiden tulokset<strong>\u00a0hakuhistorian (Search history) kautta.<\/strong>\u00a0T\u00e4m\u00e4 voi vaatia oman k\u00e4ytt\u00e4j\u00e4tunnuksen luomista. Hakuja ja tuloksia voi my\u00f6s tulostaa ja l\u00e4hett\u00e4\u00e4 s\u00e4hk\u00f6postilla itselleen tai muille.<\/p>\n\n\n\n<h2 class=\"wp-block-heading\">Viiteidenhallinta<\/h2>\n\n\n\n<p id=\"yui_3_13_0_2_1409901021779_458\">Kun tekee hakuja useissa eri tietokannoissa, on k\u00e4tev\u00e4\u00e4 koota halutut tietueet yhteen paikkaan k\u00e4ytt\u00f6\u00e4 odottamaan.&nbsp;<strong>Viitteidenhallintaohjelma Zotero<\/strong>&nbsp;on t\u00e4llainen tallennusalusta, vastaava palvelu on my\u00f6s esim. Mendeley.<\/p>\n\n\n\n<p>Zoteroon luodaan itselle&nbsp;<strong>oma k\u00e4ytt\u00e4j\u00e4tunnus<\/strong>. T\u00e4m\u00e4n j\u00e4lkeen on mahdollista siirt\u00e4\u00e4 sinne tietueita aina kun tekee hakuja, tietokannasta riippumatta.<\/p>\n\n\n\n<p>Zoteron avulla voi my\u00f6s tarkistaa, onko kyseinen tietue jo ennest\u00e4\u00e4n tallennettuna omiin viitteisiin.<\/p>\n\n\n\n<h2 class=\"wp-block-heading\">L\u00e4hdeluettelot ja viittaukset<\/h2>\n\n\n\n<p>Paitsi s\u00e4il\u00f6\u00e4 hakujen tuloksia,&nbsp;<strong>Zoteron&nbsp;<\/strong><strong>avulla voidaan my\u00f6s tehd\u00e4 valmiita l\u00e4hdeluetteloita<\/strong>. L\u00e4hdeluettelon muoto voidaan valita valmiista malleista tai tehd\u00e4 itse. L\u00e4hdeluettelon voi siirt\u00e4\u00e4 tekstink\u00e4sittelyohjelmaan.<\/p>\n\n\n\n<p>Viel\u00e4 pidemm\u00e4lle voidaan menn\u00e4, jos k\u00e4ytet\u00e4\u00e4n RefWorkisin apuohjelmaa&nbsp;<strong>Zotero-viittauslis\u00e4kkeell\u00e4<\/strong>. T\u00e4m\u00e4n avulla saadaan siirretty\u00e4 viittaukset suoraan kirjoitettavan tekstin joukkoon. Apuohjelma toimii yhdess\u00e4 Word-tekstink\u00e4sittelyohjelman kanssa.<\/p>\n\n\n\n<p><a href=\"https:\/\/www.uef.fi\/fi\/kirjasto\/lahdeviitteet\" target=\"_blank\" rel=\"noreferrer noopener\">Lis\u00e4tietoja Zoterosta<\/a>&nbsp;(linkki aukeaa uuteen ikkunaan).<\/p>\n","protected":false},"excerpt":{"rendered":"<p>Tulosten tallentaminen ja Zotero Tietokannoissa on mahdollista tallentaa kulloinkin tehdyt haut ja niiden tulokset\u00a0hakuhistorian (Search history) kautta.\u00a0T\u00e4m\u00e4 voi vaatia oman k\u00e4ytt\u00e4j\u00e4tunnuksen luomista. Hakuja ja tuloksia voi my\u00f6s tulostaa ja l\u00e4hett\u00e4\u00e4 s\u00e4hk\u00f6postilla itselleen tai muille. Viiteidenhallinta Kun tekee hakuja useissa eri tietokannoissa, on k\u00e4tev\u00e4\u00e4 koota halutut tietueet yhteen paikkaan k\u00e4ytt\u00f6\u00e4 odottamaan.&nbsp;Viitteidenhallintaohjelma Zotero&nbsp;on t\u00e4llainen tallennusalusta, vastaava palvelu [&hellip;]<\/p>\n","protected":false},"author":403,"featured_media":0,"parent":0,"menu_order":0,"comment_status":"closed","ping_status":"closed","template":"","meta":{"_acf_changed":false,"footnotes":""},"class_list":["post-2110","page","type-page","status-publish","hentry"],"acf":[],"yoast_head":"<!-- This site is optimized with the Yoast SEO plugin v27.3 - https:\/\/yoast.com\/product\/yoast-seo-wordpress\/ -->\n<title>Tulosten tallentaminen - Maantieteen ja ymp\u00e4rist\u00f6politiikan tiedonhaku<\/title>\n<meta name=\"robots\" content=\"index, follow, max-snippet:-1, max-image-preview:large, max-video-preview:-1\" \/>\n<link rel=\"canonical\" href=\"https:\/\/blogs.uef.fi\/tiedonhaku-maantiede\/tulosten-tallentaminen\/\" \/>\n<meta property=\"og:locale\" content=\"fi_FI\" \/>\n<meta property=\"og:type\" content=\"article\" \/>\n<meta property=\"og:title\" content=\"Tulosten tallentaminen - Maantieteen ja ymp\u00e4rist\u00f6politiikan tiedonhaku\" \/>\n<meta property=\"og:description\" content=\"Tulosten tallentaminen ja Zotero Tietokannoissa on mahdollista tallentaa kulloinkin tehdyt haut ja niiden tulokset\u00a0hakuhistorian (Search history) kautta.\u00a0T\u00e4m\u00e4 voi vaatia oman k\u00e4ytt\u00e4j\u00e4tunnuksen luomista. Hakuja ja tuloksia voi my\u00f6s tulostaa ja l\u00e4hett\u00e4\u00e4 s\u00e4hk\u00f6postilla itselleen tai muille. Viiteidenhallinta Kun tekee hakuja useissa eri tietokannoissa, on k\u00e4tev\u00e4\u00e4 koota halutut tietueet yhteen paikkaan k\u00e4ytt\u00f6\u00e4 odottamaan.&nbsp;Viitteidenhallintaohjelma Zotero&nbsp;on t\u00e4llainen tallennusalusta, vastaava palvelu [&hellip;]\" \/>\n<meta property=\"og:url\" content=\"https:\/\/blogs.uef.fi\/tiedonhaku-maantiede\/tulosten-tallentaminen\/\" \/>\n<meta property=\"og:site_name\" content=\"Maantieteen ja ymp\u00e4rist\u00f6politiikan tiedonhaku\" \/>\n<meta name=\"twitter:card\" content=\"summary_large_image\" \/>\n<meta name=\"twitter:label1\" content=\"Arvioitu lukuaika\" \/>\n\t<meta name=\"twitter:data1\" content=\"1 minuutti\" \/>\n<script type=\"application\/ld+json\" class=\"yoast-schema-graph\">{\"@context\":\"https:\\\/\\\/schema.org\",\"@graph\":[{\"@type\":\"WebPage\",\"@id\":\"https:\\\/\\\/blogs.uef.fi\\\/tiedonhaku-maantiede\\\/tulosten-tallentaminen\\\/\",\"url\":\"https:\\\/\\\/blogs.uef.fi\\\/tiedonhaku-maantiede\\\/tulosten-tallentaminen\\\/\",\"name\":\"Tulosten tallentaminen - Maantieteen ja ymp\u00e4rist\u00f6politiikan tiedonhaku\",\"isPartOf\":{\"@id\":\"https:\\\/\\\/blogs.uef.fi\\\/tiedonhaku-maantiede\\\/#website\"},\"datePublished\":\"2023-06-27T10:06:16+00:00\",\"breadcrumb\":{\"@id\":\"https:\\\/\\\/blogs.uef.fi\\\/tiedonhaku-maantiede\\\/tulosten-tallentaminen\\\/#breadcrumb\"},\"inLanguage\":\"fi\",\"potentialAction\":[{\"@type\":\"ReadAction\",\"target\":[\"https:\\\/\\\/blogs.uef.fi\\\/tiedonhaku-maantiede\\\/tulosten-tallentaminen\\\/\"]}]},{\"@type\":\"BreadcrumbList\",\"@id\":\"https:\\\/\\\/blogs.uef.fi\\\/tiedonhaku-maantiede\\\/tulosten-tallentaminen\\\/#breadcrumb\",\"itemListElement\":[{\"@type\":\"ListItem\",\"position\":1,\"name\":\"Home\",\"item\":\"https:\\\/\\\/blogs.uef.fi\\\/tiedonhaku-maantiede\\\/\"},{\"@type\":\"ListItem\",\"position\":2,\"name\":\"Tulosten tallentaminen\"}]},{\"@type\":\"WebSite\",\"@id\":\"https:\\\/\\\/blogs.uef.fi\\\/tiedonhaku-maantiede\\\/#website\",\"url\":\"https:\\\/\\\/blogs.uef.fi\\\/tiedonhaku-maantiede\\\/\",\"name\":\"Maantieteen ja ymp\u00e4rist\u00f6politiikan tiedonhaku\",\"description\":\"\",\"potentialAction\":[{\"@type\":\"SearchAction\",\"target\":{\"@type\":\"EntryPoint\",\"urlTemplate\":\"https:\\\/\\\/blogs.uef.fi\\\/tiedonhaku-maantiede\\\/?s={search_term_string}\"},\"query-input\":{\"@type\":\"PropertyValueSpecification\",\"valueRequired\":true,\"valueName\":\"search_term_string\"}}],\"inLanguage\":\"fi\"}]}<\/script>\n<!-- \/ Yoast SEO plugin. -->","yoast_head_json":{"title":"Tulosten tallentaminen - Maantieteen ja ymp\u00e4rist\u00f6politiikan tiedonhaku","robots":{"index":"index","follow":"follow","max-snippet":"max-snippet:-1","max-image-preview":"max-image-preview:large","max-video-preview":"max-video-preview:-1"},"canonical":"https:\/\/blogs.uef.fi\/tiedonhaku-maantiede\/tulosten-tallentaminen\/","og_locale":"fi_FI","og_type":"article","og_title":"Tulosten tallentaminen - Maantieteen ja ymp\u00e4rist\u00f6politiikan tiedonhaku","og_description":"Tulosten tallentaminen ja Zotero Tietokannoissa on mahdollista tallentaa kulloinkin tehdyt haut ja niiden tulokset\u00a0hakuhistorian (Search history) kautta.\u00a0T\u00e4m\u00e4 voi vaatia oman k\u00e4ytt\u00e4j\u00e4tunnuksen luomista. Hakuja ja tuloksia voi my\u00f6s tulostaa ja l\u00e4hett\u00e4\u00e4 s\u00e4hk\u00f6postilla itselleen tai muille. Viiteidenhallinta Kun tekee hakuja useissa eri tietokannoissa, on k\u00e4tev\u00e4\u00e4 koota halutut tietueet yhteen paikkaan k\u00e4ytt\u00f6\u00e4 odottamaan.&nbsp;Viitteidenhallintaohjelma Zotero&nbsp;on t\u00e4llainen tallennusalusta, vastaava palvelu [&hellip;]","og_url":"https:\/\/blogs.uef.fi\/tiedonhaku-maantiede\/tulosten-tallentaminen\/","og_site_name":"Maantieteen ja ymp\u00e4rist\u00f6politiikan tiedonhaku","twitter_card":"summary_large_image","twitter_misc":{"Arvioitu lukuaika":"1 minuutti"},"schema":{"@context":"https:\/\/schema.org","@graph":[{"@type":"WebPage","@id":"https:\/\/blogs.uef.fi\/tiedonhaku-maantiede\/tulosten-tallentaminen\/","url":"https:\/\/blogs.uef.fi\/tiedonhaku-maantiede\/tulosten-tallentaminen\/","name":"Tulosten tallentaminen - Maantieteen ja ymp\u00e4rist\u00f6politiikan tiedonhaku","isPartOf":{"@id":"https:\/\/blogs.uef.fi\/tiedonhaku-maantiede\/#website"},"datePublished":"2023-06-27T10:06:16+00:00","breadcrumb":{"@id":"https:\/\/blogs.uef.fi\/tiedonhaku-maantiede\/tulosten-tallentaminen\/#breadcrumb"},"inLanguage":"fi","potentialAction":[{"@type":"ReadAction","target":["https:\/\/blogs.uef.fi\/tiedonhaku-maantiede\/tulosten-tallentaminen\/"]}]},{"@type":"BreadcrumbList","@id":"https:\/\/blogs.uef.fi\/tiedonhaku-maantiede\/tulosten-tallentaminen\/#breadcrumb","itemListElement":[{"@type":"ListItem","position":1,"name":"Home","item":"https:\/\/blogs.uef.fi\/tiedonhaku-maantiede\/"},{"@type":"ListItem","position":2,"name":"Tulosten tallentaminen"}]},{"@type":"WebSite","@id":"https:\/\/blogs.uef.fi\/tiedonhaku-maantiede\/#website","url":"https:\/\/blogs.uef.fi\/tiedonhaku-maantiede\/","name":"Maantieteen ja ymp\u00e4rist\u00f6politiikan tiedonhaku","description":"","potentialAction":[{"@type":"SearchAction","target":{"@type":"EntryPoint","urlTemplate":"https:\/\/blogs.uef.fi\/tiedonhaku-maantiede\/?s={search_term_string}"},"query-input":{"@type":"PropertyValueSpecification","valueRequired":true,"valueName":"search_term_string"}}],"inLanguage":"fi"}]}},"_links":{"self":[{"href":"https:\/\/blogs.uef.fi\/tiedonhaku-maantiede\/wp-json\/wp\/v2\/pages\/2110","targetHints":{"allow":["GET"]}}],"collection":[{"href":"https:\/\/blogs.uef.fi\/tiedonhaku-maantiede\/wp-json\/wp\/v2\/pages"}],"about":[{"href":"https:\/\/blogs.uef.fi\/tiedonhaku-maantiede\/wp-json\/wp\/v2\/types\/page"}],"author":[{"embeddable":true,"href":"https:\/\/blogs.uef.fi\/tiedonhaku-maantiede\/wp-json\/wp\/v2\/users\/403"}],"replies":[{"embeddable":true,"href":"https:\/\/blogs.uef.fi\/tiedonhaku-maantiede\/wp-json\/wp\/v2\/comments?post=2110"}],"version-history":[{"count":2,"href":"https:\/\/blogs.uef.fi\/tiedonhaku-maantiede\/wp-json\/wp\/v2\/pages\/2110\/revisions"}],"predecessor-version":[{"id":2119,"href":"https:\/\/blogs.uef.fi\/tiedonhaku-maantiede\/wp-json\/wp\/v2\/pages\/2110\/revisions\/2119"}],"wp:attachment":[{"href":"https:\/\/blogs.uef.fi\/tiedonhaku-maantiede\/wp-json\/wp\/v2\/media?parent=2110"}],"curies":[{"name":"wp","href":"https:\/\/api.w.org\/{rel}","templated":true}]}}