{"id":2077,"date":"2023-06-27T12:44:05","date_gmt":"2023-06-27T09:44:05","guid":{"rendered":"https:\/\/blogs.uef.fi\/tiedonhaku-maantiede\/?page_id=2077"},"modified":"2023-06-27T12:56:51","modified_gmt":"2023-06-27T09:56:51","slug":"kayttooikeudet-2","status":"publish","type":"page","link":"https:\/\/blogs.uef.fi\/tiedonhaku-maantiede\/kayttooikeudet-2\/","title":{"rendered":"K\u00e4ytt\u00f6oikeudet"},"content":{"rendered":"\n<h2 class=\"wp-block-heading\">Verkkojulkaisujen k\u00e4ytt\u00f6<\/h2>\n\n\n\n<p>Kirjaston hankkimien elektronisen julkaisujen (e-kirjojen, e-lehtien, hakuteoksien, sanakirjojen) sek\u00e4 tietokantojen k\u00e4ytt\u00f6\u00e4 s\u00e4\u00e4telev\u00e4t erilliset sopimusehdot:<\/p>\n\n\n\n<figure class=\"wp-block-image size-full\"><img loading=\"lazy\" decoding=\"async\" width=\"958\" height=\"328\" src=\"https:\/\/blogs.uef.fi\/tiedonhaku-maantiede\/wp-content\/uploads\/sites\/53\/2023\/06\/saa_tehda_ei_saa_tehda.png\" alt=\"Listaus julkaisujen k\u00e4ytt\u00f6oikeuksista.  \" class=\"wp-image-2095\" srcset=\"https:\/\/blogs.uef.fi\/tiedonhaku-maantiede\/wp-content\/uploads\/sites\/53\/2023\/06\/saa_tehda_ei_saa_tehda.png 958w, https:\/\/blogs.uef.fi\/tiedonhaku-maantiede\/wp-content\/uploads\/sites\/53\/2023\/06\/saa_tehda_ei_saa_tehda-300x103.png 300w, https:\/\/blogs.uef.fi\/tiedonhaku-maantiede\/wp-content\/uploads\/sites\/53\/2023\/06\/saa_tehda_ei_saa_tehda-768x263.png 768w\" sizes=\"auto, (max-width: 958px) 100vw, 958px\" \/><\/figure>\n\n\n\n<p>K\u00e4ytt\u00f6ehdot poikkeavat aineistoittain.\u00a0<strong>FinELib-aineistojen<\/strong><a href=\"https:\/\/www.kiwi.fi\/pages\/viewpage.action?pageId=43451158\" target=\"_blank\" rel=\"noreferrer noopener\">\u00a0k\u00e4ytt\u00f6ehdot<\/a>\u00a0(linkki aukeaa uuteen ikkunaan).<\/p>\n\n\n\n<p><strong>Kuka saa k\u00e4ytt\u00e4\u00e4?<\/strong><\/p>\n\n\n\n<ul class=\"wp-block-list\">\n<li>Lisensioidut elektroniset aineistot ovat It\u00e4-Suomen yliopiston&nbsp;<strong>perus- ja jatko-opiskelijoiden sek\u00e4 henkil\u00f6kunnan<\/strong>&nbsp;k\u00e4ytett\u00e4viss\u00e4 yliopiston verkossa sek\u00e4 et\u00e4yhteydell\u00e4 muualtakin.<\/li>\n\n\n\n<li><strong>Ulkopuoliset asiakkaat<\/strong>&nbsp;saavat k\u00e4ytt\u00e4\u00e4 aineistoja kirjaston toimipisteiss\u00e4 olevilla asiakasmikroilla.<\/li>\n<\/ul>\n","protected":false},"excerpt":{"rendered":"<p>Verkkojulkaisujen k\u00e4ytt\u00f6 Kirjaston hankkimien elektronisen julkaisujen (e-kirjojen, e-lehtien, hakuteoksien, sanakirjojen) sek\u00e4 tietokantojen k\u00e4ytt\u00f6\u00e4 s\u00e4\u00e4telev\u00e4t erilliset sopimusehdot: K\u00e4ytt\u00f6ehdot poikkeavat aineistoittain.\u00a0FinELib-aineistojen\u00a0k\u00e4ytt\u00f6ehdot\u00a0(linkki aukeaa uuteen ikkunaan). Kuka saa k\u00e4ytt\u00e4\u00e4?<\/p>\n","protected":false},"author":403,"featured_media":0,"parent":0,"menu_order":0,"comment_status":"closed","ping_status":"closed","template":"","meta":{"_acf_changed":false,"footnotes":""},"class_list":["post-2077","page","type-page","status-publish","hentry"],"acf":[],"yoast_head":"<!-- This site is optimized with the Yoast SEO plugin v27.1.1 - https:\/\/yoast.com\/product\/yoast-seo-wordpress\/ -->\n<title>K\u00e4ytt\u00f6oikeudet - Maantieteen ja ymp\u00e4rist\u00f6politiikan tiedonhaku<\/title>\n<meta name=\"robots\" content=\"index, follow, max-snippet:-1, max-image-preview:large, max-video-preview:-1\" \/>\n<link rel=\"canonical\" href=\"https:\/\/blogs.uef.fi\/tiedonhaku-maantiede\/kayttooikeudet-2\/\" \/>\n<meta property=\"og:locale\" content=\"fi_FI\" \/>\n<meta property=\"og:type\" content=\"article\" \/>\n<meta property=\"og:title\" content=\"K\u00e4ytt\u00f6oikeudet - Maantieteen ja ymp\u00e4rist\u00f6politiikan tiedonhaku\" \/>\n<meta property=\"og:description\" content=\"Verkkojulkaisujen k\u00e4ytt\u00f6 Kirjaston hankkimien elektronisen julkaisujen (e-kirjojen, e-lehtien, hakuteoksien, sanakirjojen) sek\u00e4 tietokantojen k\u00e4ytt\u00f6\u00e4 s\u00e4\u00e4telev\u00e4t erilliset sopimusehdot: K\u00e4ytt\u00f6ehdot poikkeavat aineistoittain.\u00a0FinELib-aineistojen\u00a0k\u00e4ytt\u00f6ehdot\u00a0(linkki aukeaa uuteen ikkunaan). Kuka saa k\u00e4ytt\u00e4\u00e4?\" \/>\n<meta property=\"og:url\" content=\"https:\/\/blogs.uef.fi\/tiedonhaku-maantiede\/kayttooikeudet-2\/\" \/>\n<meta property=\"og:site_name\" content=\"Maantieteen ja ymp\u00e4rist\u00f6politiikan tiedonhaku\" \/>\n<meta property=\"article:modified_time\" content=\"2023-06-27T09:56:51+00:00\" \/>\n<meta property=\"og:image\" content=\"https:\/\/blogs.uef.fi\/tiedonhaku-maantiede\/wp-content\/uploads\/sites\/53\/2023\/06\/saa_tehda_ei_saa_tehda.png\" \/>\n<meta name=\"twitter:card\" content=\"summary_large_image\" \/>\n<meta name=\"twitter:label1\" content=\"Arvioitu lukuaika\" \/>\n\t<meta name=\"twitter:data1\" content=\"1 minuutti\" \/>\n<script type=\"application\/ld+json\" class=\"yoast-schema-graph\">{\"@context\":\"https:\/\/schema.org\",\"@graph\":[{\"@type\":\"WebPage\",\"@id\":\"https:\/\/blogs.uef.fi\/tiedonhaku-maantiede\/kayttooikeudet-2\/\",\"url\":\"https:\/\/blogs.uef.fi\/tiedonhaku-maantiede\/kayttooikeudet-2\/\",\"name\":\"K\u00e4ytt\u00f6oikeudet - Maantieteen ja ymp\u00e4rist\u00f6politiikan tiedonhaku\",\"isPartOf\":{\"@id\":\"https:\/\/blogs.uef.fi\/tiedonhaku-maantiede\/#website\"},\"primaryImageOfPage\":{\"@id\":\"https:\/\/blogs.uef.fi\/tiedonhaku-maantiede\/kayttooikeudet-2\/#primaryimage\"},\"image\":{\"@id\":\"https:\/\/blogs.uef.fi\/tiedonhaku-maantiede\/kayttooikeudet-2\/#primaryimage\"},\"thumbnailUrl\":\"https:\/\/blogs.uef.fi\/tiedonhaku-maantiede\/wp-content\/uploads\/sites\/53\/2023\/06\/saa_tehda_ei_saa_tehda.png\",\"datePublished\":\"2023-06-27T09:44:05+00:00\",\"dateModified\":\"2023-06-27T09:56:51+00:00\",\"breadcrumb\":{\"@id\":\"https:\/\/blogs.uef.fi\/tiedonhaku-maantiede\/kayttooikeudet-2\/#breadcrumb\"},\"inLanguage\":\"fi\",\"potentialAction\":[{\"@type\":\"ReadAction\",\"target\":[\"https:\/\/blogs.uef.fi\/tiedonhaku-maantiede\/kayttooikeudet-2\/\"]}]},{\"@type\":\"ImageObject\",\"inLanguage\":\"fi\",\"@id\":\"https:\/\/blogs.uef.fi\/tiedonhaku-maantiede\/kayttooikeudet-2\/#primaryimage\",\"url\":\"https:\/\/blogs.uef.fi\/tiedonhaku-maantiede\/wp-content\/uploads\/sites\/53\/2023\/06\/saa_tehda_ei_saa_tehda.png\",\"contentUrl\":\"https:\/\/blogs.uef.fi\/tiedonhaku-maantiede\/wp-content\/uploads\/sites\/53\/2023\/06\/saa_tehda_ei_saa_tehda.png\",\"width\":958,\"height\":328,\"caption\":\"Listaus julkaisujen k\u00e4ytt\u00f6oikeuksista.\"},{\"@type\":\"BreadcrumbList\",\"@id\":\"https:\/\/blogs.uef.fi\/tiedonhaku-maantiede\/kayttooikeudet-2\/#breadcrumb\",\"itemListElement\":[{\"@type\":\"ListItem\",\"position\":1,\"name\":\"Home\",\"item\":\"https:\/\/blogs.uef.fi\/tiedonhaku-maantiede\/\"},{\"@type\":\"ListItem\",\"position\":2,\"name\":\"K\u00e4ytt\u00f6oikeudet\"}]},{\"@type\":\"WebSite\",\"@id\":\"https:\/\/blogs.uef.fi\/tiedonhaku-maantiede\/#website\",\"url\":\"https:\/\/blogs.uef.fi\/tiedonhaku-maantiede\/\",\"name\":\"Maantieteen ja ymp\u00e4rist\u00f6politiikan tiedonhaku\",\"description\":\"\",\"potentialAction\":[{\"@type\":\"SearchAction\",\"target\":{\"@type\":\"EntryPoint\",\"urlTemplate\":\"https:\/\/blogs.uef.fi\/tiedonhaku-maantiede\/?s={search_term_string}\"},\"query-input\":{\"@type\":\"PropertyValueSpecification\",\"valueRequired\":true,\"valueName\":\"search_term_string\"}}],\"inLanguage\":\"fi\"}]}<\/script>\n<!-- \/ Yoast SEO plugin. -->","yoast_head_json":{"title":"K\u00e4ytt\u00f6oikeudet - Maantieteen ja ymp\u00e4rist\u00f6politiikan tiedonhaku","robots":{"index":"index","follow":"follow","max-snippet":"max-snippet:-1","max-image-preview":"max-image-preview:large","max-video-preview":"max-video-preview:-1"},"canonical":"https:\/\/blogs.uef.fi\/tiedonhaku-maantiede\/kayttooikeudet-2\/","og_locale":"fi_FI","og_type":"article","og_title":"K\u00e4ytt\u00f6oikeudet - Maantieteen ja ymp\u00e4rist\u00f6politiikan tiedonhaku","og_description":"Verkkojulkaisujen k\u00e4ytt\u00f6 Kirjaston hankkimien elektronisen julkaisujen (e-kirjojen, e-lehtien, hakuteoksien, sanakirjojen) sek\u00e4 tietokantojen k\u00e4ytt\u00f6\u00e4 s\u00e4\u00e4telev\u00e4t erilliset sopimusehdot: K\u00e4ytt\u00f6ehdot poikkeavat aineistoittain.\u00a0FinELib-aineistojen\u00a0k\u00e4ytt\u00f6ehdot\u00a0(linkki aukeaa uuteen ikkunaan). Kuka saa k\u00e4ytt\u00e4\u00e4?","og_url":"https:\/\/blogs.uef.fi\/tiedonhaku-maantiede\/kayttooikeudet-2\/","og_site_name":"Maantieteen ja ymp\u00e4rist\u00f6politiikan tiedonhaku","article_modified_time":"2023-06-27T09:56:51+00:00","og_image":[{"url":"https:\/\/blogs.uef.fi\/tiedonhaku-maantiede\/wp-content\/uploads\/sites\/53\/2023\/06\/saa_tehda_ei_saa_tehda.png","type":"","width":"","height":""}],"twitter_card":"summary_large_image","twitter_misc":{"Arvioitu lukuaika":"1 minuutti"},"schema":{"@context":"https:\/\/schema.org","@graph":[{"@type":"WebPage","@id":"https:\/\/blogs.uef.fi\/tiedonhaku-maantiede\/kayttooikeudet-2\/","url":"https:\/\/blogs.uef.fi\/tiedonhaku-maantiede\/kayttooikeudet-2\/","name":"K\u00e4ytt\u00f6oikeudet - Maantieteen ja ymp\u00e4rist\u00f6politiikan tiedonhaku","isPartOf":{"@id":"https:\/\/blogs.uef.fi\/tiedonhaku-maantiede\/#website"},"primaryImageOfPage":{"@id":"https:\/\/blogs.uef.fi\/tiedonhaku-maantiede\/kayttooikeudet-2\/#primaryimage"},"image":{"@id":"https:\/\/blogs.uef.fi\/tiedonhaku-maantiede\/kayttooikeudet-2\/#primaryimage"},"thumbnailUrl":"https:\/\/blogs.uef.fi\/tiedonhaku-maantiede\/wp-content\/uploads\/sites\/53\/2023\/06\/saa_tehda_ei_saa_tehda.png","datePublished":"2023-06-27T09:44:05+00:00","dateModified":"2023-06-27T09:56:51+00:00","breadcrumb":{"@id":"https:\/\/blogs.uef.fi\/tiedonhaku-maantiede\/kayttooikeudet-2\/#breadcrumb"},"inLanguage":"fi","potentialAction":[{"@type":"ReadAction","target":["https:\/\/blogs.uef.fi\/tiedonhaku-maantiede\/kayttooikeudet-2\/"]}]},{"@type":"ImageObject","inLanguage":"fi","@id":"https:\/\/blogs.uef.fi\/tiedonhaku-maantiede\/kayttooikeudet-2\/#primaryimage","url":"https:\/\/blogs.uef.fi\/tiedonhaku-maantiede\/wp-content\/uploads\/sites\/53\/2023\/06\/saa_tehda_ei_saa_tehda.png","contentUrl":"https:\/\/blogs.uef.fi\/tiedonhaku-maantiede\/wp-content\/uploads\/sites\/53\/2023\/06\/saa_tehda_ei_saa_tehda.png","width":958,"height":328,"caption":"Listaus julkaisujen k\u00e4ytt\u00f6oikeuksista."},{"@type":"BreadcrumbList","@id":"https:\/\/blogs.uef.fi\/tiedonhaku-maantiede\/kayttooikeudet-2\/#breadcrumb","itemListElement":[{"@type":"ListItem","position":1,"name":"Home","item":"https:\/\/blogs.uef.fi\/tiedonhaku-maantiede\/"},{"@type":"ListItem","position":2,"name":"K\u00e4ytt\u00f6oikeudet"}]},{"@type":"WebSite","@id":"https:\/\/blogs.uef.fi\/tiedonhaku-maantiede\/#website","url":"https:\/\/blogs.uef.fi\/tiedonhaku-maantiede\/","name":"Maantieteen ja ymp\u00e4rist\u00f6politiikan tiedonhaku","description":"","potentialAction":[{"@type":"SearchAction","target":{"@type":"EntryPoint","urlTemplate":"https:\/\/blogs.uef.fi\/tiedonhaku-maantiede\/?s={search_term_string}"},"query-input":{"@type":"PropertyValueSpecification","valueRequired":true,"valueName":"search_term_string"}}],"inLanguage":"fi"}]}},"_links":{"self":[{"href":"https:\/\/blogs.uef.fi\/tiedonhaku-maantiede\/wp-json\/wp\/v2\/pages\/2077","targetHints":{"allow":["GET"]}}],"collection":[{"href":"https:\/\/blogs.uef.fi\/tiedonhaku-maantiede\/wp-json\/wp\/v2\/pages"}],"about":[{"href":"https:\/\/blogs.uef.fi\/tiedonhaku-maantiede\/wp-json\/wp\/v2\/types\/page"}],"author":[{"embeddable":true,"href":"https:\/\/blogs.uef.fi\/tiedonhaku-maantiede\/wp-json\/wp\/v2\/users\/403"}],"replies":[{"embeddable":true,"href":"https:\/\/blogs.uef.fi\/tiedonhaku-maantiede\/wp-json\/wp\/v2\/comments?post=2077"}],"version-history":[{"count":2,"href":"https:\/\/blogs.uef.fi\/tiedonhaku-maantiede\/wp-json\/wp\/v2\/pages\/2077\/revisions"}],"predecessor-version":[{"id":2101,"href":"https:\/\/blogs.uef.fi\/tiedonhaku-maantiede\/wp-json\/wp\/v2\/pages\/2077\/revisions\/2101"}],"wp:attachment":[{"href":"https:\/\/blogs.uef.fi\/tiedonhaku-maantiede\/wp-json\/wp\/v2\/media?parent=2077"}],"curies":[{"name":"wp","href":"https:\/\/api.w.org\/{rel}","templated":true}]}}