{"id":18,"date":"2015-11-11T06:33:02","date_gmt":"2015-11-11T06:33:02","guid":{"rendered":"https:\/\/ueflibrarygeo.wordpress.com\/?page_id=18"},"modified":"2020-11-13T15:48:43","modified_gmt":"2020-11-13T13:48:43","slug":"julkaisutyypit","status":"publish","type":"page","link":"https:\/\/blogs.uef.fi\/tiedonhaku-maantiede\/julkaisutyypit\/","title":{"rendered":"Julkaisutyypit"},"content":{"rendered":"<h1>Artikkelit<\/h1>\n<div id=\"attachment_20\" style=\"width: 160px\" class=\"wp-caption alignright\"><img loading=\"lazy\" decoding=\"async\" aria-describedby=\"caption-attachment-20\" class=\"wp-image-20 size-full\" src=\"https:\/\/blogs.uef.fi\/tiedonhaku-maantiede\/wp-content\/uploads\/sites\/53\/2015\/11\/soccultgeo.jpg\" alt=\"Social &amp; Cultural Geography -lehden kansio sivu on kirkkaan sininen. \" width=\"150\" height=\"197\" \/><p id=\"caption-attachment-20\" class=\"wp-caption-text\">T\u00e4m\u00e4 lehti on meill\u00e4 saatavana kokonaisuudessa verkossa sek\u00e4 painettuna vuoteen 2010 saakka.<\/p><\/div>\n<p><strong>Tieteellisen lehden <em>(journal)<\/em><\/strong> sis\u00e4lt\u00f6 jakautuu yksitt\u00e4isiin artikkeleihin. Artikkeleita on kahta p\u00e4\u00e4tyyppi\u00e4: alkuper\u00e4isartikkeleita ja katsaus- eli review-artikkeleita.<\/p>\n<p><strong>Alkuper\u00e4isartikkeli <em>(original\/research paper\/article)<\/em><\/strong> on lyhyehk\u00f6, keskim\u00e4\u00e4rin 7-20 sivun mittainen esitys jostain kyseisen lehden tieteenalaan liittyv\u00e4st\u00e4 selke\u00e4sti rajatusta ongelmasta. Alkuper\u00e4isartikkeli sis\u00e4lt\u00e4\u00e4 joko t\u00e4ysin uusia tutkimustuloksia tai vanhojen tulosten uutta tulkintaa<\/p>\n<p>Pelk\u00e4st\u00e4\u00e4n alkuper\u00e4isartikkeleita lukemalla on hankalaa saada yleisk\u00e4sityst\u00e4 laajemmista aiheista ja tiet\u00e4myksen tasosta tieteenalalla. T\u00e4ss\u00e4 ongelmassa auttavat <strong>katsausartikkelit<\/strong> <em><strong>(review articles)<\/strong>.<\/em> Niit\u00e4 laativat tieteenalojen kokeneet asiantuntijat. Katsausartikkelia varten k\u00e4yd\u00e4\u00e4n l\u00e4pi kaikki t\u00e4rkeimm\u00e4t kyseiseen aiheeseen liittyv\u00e4t alkuper\u00e4isartikkelit. Niiss\u00e4 esitetyt tulokset kootaan sitten yhteen katsausartikkeliksi. Katsaukset ovat yleens\u00e4 pitki\u00e4, kymmenien sivujen mittaisia, ja niiss\u00e4 on kattavat l\u00e4hdeluettelot. Katsausartikkeleita julkaistaan sek\u00e4 tavanomaisissa tieteellisiss\u00e4 lehdiss\u00e4 ett\u00e4 erityisiss\u00e4 katsaussarjoissa. <a href=\"http:\/\/www.annualreviews.org\/\" target=\"_blank\" rel=\"noopener noreferrer\">Annual Reviews<\/a> (linkki aukeaa uuteen ikkunaan) on yksi tunnetuimmista katsaussarjoista.<\/p>\n<p>Muita artikkelityyppej\u00e4 mm.:<br \/>\n<strong>tiedonanto<\/strong> (<em>research note<\/em>) esim. ennakkotietoja tutkimuksesta, <strong>kirje p\u00e4\u00e4toimittajalle<\/strong> (<em>letter to the editor<\/em>) nostetaan jokin asia esille, <strong>keskustelu<\/strong> (<em>brief communication, discussion<\/em>) kommentti julkaistuun artikkeliin ja vastaus.<\/p>\n<p>Arkikieless\u00e4 tieteellisi\u00e4 lehti\u00e4 kutsutaan usein sarjoiksi, mik\u00e4 voi aiheuttaa sekaannuksia (ks. alla sarjajulkaisuista).<\/p>\n<hr \/>\n<h2>Kirjat<\/h2>\n<div id=\"attachment_21\" style=\"width: 197px\" class=\"wp-caption alignright\"><img loading=\"lazy\" decoding=\"async\" aria-describedby=\"caption-attachment-21\" class=\"wp-image-21 \" src=\"https:\/\/blogs.uef.fi\/tiedonhaku-maantiede\/wp-content\/uploads\/sites\/53\/2015\/11\/maankirja1.jpg\" alt=\"Luonnonvarojen hallinnan legimiteetti -kirjan kansikuvassa on nelj\u00e4 pitk\u00e4\u00e4 tunnelmaan rauhallista luontokuvakaistaletta. \" width=\"187\" height=\"284\" \/><p id=\"caption-attachment-21\" class=\"wp-caption-text\">T\u00e4m\u00e4 kirja on toimitettu. Saatavana vain painettuna.<\/p><\/div>\n<p>Kirja eli monografia kirjoitetaan yleens\u00e4 siin\u00e4 vaiheessa, kun <strong>tiet\u00e4mys aiheesta on yleisesti hyv\u00e4ksytty\u00e4 ja vakiintunutta<\/strong>. Kirjan julkaiseminen vie aikaa, ja kirjatiedoilta yleens\u00e4 my\u00f6s odotetaan tietty\u00e4 pysyvyytt\u00e4.<\/p>\n<p>Yliopistollinen <strong>opiskelu<\/strong> useimmilla aloilla perustuu viel\u00e4 nyky\u00e4\u00e4n suuressa m\u00e4\u00e4rin kirjojen lukemiseen ja niiden tietosis\u00e4ll\u00f6n omaksumiseen.<\/p>\n<p>Sen mukaan, miten tietosis\u00e4lt\u00f6 on tuotettu, kirjat voidaan jakaa tekij\u00e4n tai tekij\u00f6iden itsens\u00e4 kirjoittamiin (authored) ja toimitettuihin (edited). Toimitetut kirjat ovat usein <strong>kokoomateoksia,<\/strong> joissa on useita itsen\u00e4isi\u00e4 eri tekij\u00f6iden kirjoittamia lukuja. Toimittaja on sitten koonnut n\u00e4m\u00e4 luvut kokonaisuudeksi yhden otsikon alle.<\/p>\n<div><strong>Hakuteoksista<\/strong> on hyv\u00e4 etsi\u00e4 yksitt\u00e4isi\u00e4 perustietoja, m\u00e4\u00e4ritelmi\u00e4 ym.<\/div>\n<div><\/div>\n<div>Kirjoja on sek\u00e4 painettuna, ett\u00e4 yh\u00e4 useammin e-kirjoina. Katso <a href=\"http:\/\/ueflibrary.wordpress.com\/2014\/03\/21\/e-kasikirjoja-yhteiskunta-kayttaytymis-ja-kauppatieteisiin\/\" target=\"_blank\" rel=\"noopener noreferrer\">blogia<\/a> (linkki aukeaa uuteen ikkunaan)<\/div>\n<div><\/div>\n<hr \/>\n<h2>Sarjat<\/h2>\n<div id=\"attachment_22\" style=\"width: 217px\" class=\"wp-caption alignright\"><img loading=\"lazy\" decoding=\"async\" aria-describedby=\"caption-attachment-22\" class=\"size-medium wp-image-22\" src=\"https:\/\/ueflibrarygeo.files.wordpress.com\/2015\/11\/nordia.jpg?w=207\" alt=\"Kotimainen sarjajulkaisu, ilmestyy nykyisin sek\u00e4 painettuna ett\u00e4 vapaasti verkossa.\" width=\"207\" height=\"300\" \/><p id=\"caption-attachment-22\" class=\"wp-caption-text\">Kotimainen sarjajulkaisu, ilmestyy nykyisin sek\u00e4 painettuna ett\u00e4 vapaasti verkossa.<\/p><\/div>\n<p>Julkaisusarjat ovat <strong>erityisesti tutkimuslaitosten ja muiden julkisorganisaatioiden<\/strong> tavallinen v\u00e4yl\u00e4 ty\u00f6n tulosten julkistamiseen ja siten <strong>t\u00e4rkeit\u00e4 tiedonl\u00e4hteit\u00e4<\/strong>.<\/p>\n<p>Esimerkiksi v\u00e4it\u00f6skirjat julkaistaan Suomessa yliopistojen sarjoissa l\u00e4hes poikkeuksetta.<\/p>\n<p>Sarja ilmestyy <strong>tietyll\u00e4 nimell\u00e4 ja toistuvina osina<\/strong> kuten lehtikin.<br \/>\nSarjat ja lehdet ovatkin yhteiselt\u00e4 nimelt\u00e4\u00e4n <strong>kausijulkaisut.<\/strong><\/p>\n<p>Sarjan osat eiv\u00e4t kuitenkaan v\u00e4ltt\u00e4m\u00e4tt\u00e4 ilmesty yht\u00e4 s\u00e4\u00e4nn\u00f6llisin v\u00e4lein kuin lehtien numerot. Yleens\u00e4 eri osilla on omat teemansa tai aiheensa kirjan tapaan.<\/p>\n<p>Viime vuosina paljon sarjajulkaisuja on siirtynyt vain <strong>verkossa julkaistaviksi<\/strong>, mik\u00e4 on heikent\u00e4nyt niiden l\u00f6ytyvyytt\u00e4 esim. kirjastotietokannoista. Sarjoja l\u00f6yt\u00e4\u00e4 paremmin eri organisaatioiden omista verkkojulkaisuj\u00e4rjestelmist\u00e4. Hakukoneiden tuloksiin voi my\u00f6s tarttua sarjajulkaisuja.<\/p>\n<hr \/>\n<h2>Kokousjulkaisut<\/h2>\n<div id=\"attachment_23\" style=\"width: 244px\" class=\"wp-caption alignright\"><img loading=\"lazy\" decoding=\"async\" aria-describedby=\"caption-attachment-23\" class=\"size-medium wp-image-23\" src=\"https:\/\/ueflibrarygeo.files.wordpress.com\/2015\/11\/igarss.jpg?w=234\" alt=\"Kaukokartoitusalan konferenssi.\" width=\"234\" height=\"300\" \/><p id=\"caption-attachment-23\" class=\"wp-caption-text\">Kaukokartoitusalan konferenssi.<\/p><\/div>\n<p><strong>Uusia tutkimustuloksia<\/strong> esitell\u00e4\u00e4n aluksi tieteellisiss\u00e4 kokouksissa. Kokouksessa pidetyt esitelm\u00e4t tai niiden lyhennelm\u00e4t kootaan yleens\u00e4 kokousjulkaisun muotoon. T\u00e4m\u00e4 pyrit\u00e4\u00e4n tekem\u00e4\u00e4n mahdollisimman lyhyell\u00e4 viiveell\u00e4, usein jopa ennen kokouksen alkua.<\/p>\n<p>Kansainv\u00e4listen kokousten julkaisut tunnistaa usein siit\u00e4, ett\u00e4 niiden nimess\u00e4 esiintyy sana \u201cproceedings.\u201d<\/p>\n<hr \/>\n<p>Muita aineistotyyppej\u00e4: patentit, standardit, tilastot, kartat, av-aineistot, data.<\/p>\n","protected":false},"excerpt":{"rendered":"<p>Artikkelit Tieteellisen lehden (journal) sis\u00e4lt\u00f6 jakautuu yksitt\u00e4isiin artikkeleihin. Artikkeleita on kahta p\u00e4\u00e4tyyppi\u00e4: alkuper\u00e4isartikkeleita ja katsaus- eli review-artikkeleita. Alkuper\u00e4isartikkeli (original\/research paper\/article) on lyhyehk\u00f6, keskim\u00e4\u00e4rin 7-20 sivun mittainen esitys jostain kyseisen lehden tieteenalaan liittyv\u00e4st\u00e4 selke\u00e4sti rajatusta ongelmasta. Alkuper\u00e4isartikkeli sis\u00e4lt\u00e4\u00e4 joko t\u00e4ysin uusia tutkimustuloksia tai vanhojen tulosten uutta tulkintaa Pelk\u00e4st\u00e4\u00e4n alkuper\u00e4isartikkeleita lukemalla on hankalaa saada yleisk\u00e4sityst\u00e4 laajemmista aiheista [&hellip;]<\/p>\n","protected":false},"author":127,"featured_media":0,"parent":0,"menu_order":0,"comment_status":"closed","ping_status":"closed","template":"","meta":{"_acf_changed":false,"footnotes":""},"class_list":["post-18","page","type-page","status-publish","hentry"],"acf":[],"yoast_head":"<!-- This site is optimized with the Yoast SEO plugin v27.1.1 - https:\/\/yoast.com\/product\/yoast-seo-wordpress\/ -->\n<title>Julkaisutyypit - Maantieteen ja ymp\u00e4rist\u00f6politiikan tiedonhaku<\/title>\n<meta name=\"robots\" content=\"index, follow, max-snippet:-1, max-image-preview:large, max-video-preview:-1\" \/>\n<link rel=\"canonical\" href=\"https:\/\/blogs.uef.fi\/tiedonhaku-maantiede\/julkaisutyypit\/\" \/>\n<meta property=\"og:locale\" content=\"fi_FI\" \/>\n<meta property=\"og:type\" content=\"article\" \/>\n<meta property=\"og:title\" content=\"Julkaisutyypit - Maantieteen ja ymp\u00e4rist\u00f6politiikan tiedonhaku\" \/>\n<meta property=\"og:description\" content=\"Artikkelit Tieteellisen lehden (journal) sis\u00e4lt\u00f6 jakautuu yksitt\u00e4isiin artikkeleihin. Artikkeleita on kahta p\u00e4\u00e4tyyppi\u00e4: alkuper\u00e4isartikkeleita ja katsaus- eli review-artikkeleita. Alkuper\u00e4isartikkeli (original\/research paper\/article) on lyhyehk\u00f6, keskim\u00e4\u00e4rin 7-20 sivun mittainen esitys jostain kyseisen lehden tieteenalaan liittyv\u00e4st\u00e4 selke\u00e4sti rajatusta ongelmasta. Alkuper\u00e4isartikkeli sis\u00e4lt\u00e4\u00e4 joko t\u00e4ysin uusia tutkimustuloksia tai vanhojen tulosten uutta tulkintaa Pelk\u00e4st\u00e4\u00e4n alkuper\u00e4isartikkeleita lukemalla on hankalaa saada yleisk\u00e4sityst\u00e4 laajemmista aiheista [&hellip;]\" \/>\n<meta property=\"og:url\" content=\"https:\/\/blogs.uef.fi\/tiedonhaku-maantiede\/julkaisutyypit\/\" \/>\n<meta property=\"og:site_name\" content=\"Maantieteen ja ymp\u00e4rist\u00f6politiikan tiedonhaku\" \/>\n<meta property=\"article:modified_time\" content=\"2020-11-13T13:48:43+00:00\" \/>\n<meta property=\"og:image\" content=\"https:\/\/blogs.uef.fi\/tiedonhaku-maantiede\/wp-content\/uploads\/sites\/53\/2015\/11\/soccultgeo.jpg\" \/>\n<meta name=\"twitter:card\" content=\"summary_large_image\" \/>\n<meta name=\"twitter:label1\" content=\"Arvioitu lukuaika\" \/>\n\t<meta name=\"twitter:data1\" content=\"3 minuuttia\" \/>\n<script type=\"application\/ld+json\" class=\"yoast-schema-graph\">{\"@context\":\"https:\/\/schema.org\",\"@graph\":[{\"@type\":\"WebPage\",\"@id\":\"https:\/\/blogs.uef.fi\/tiedonhaku-maantiede\/julkaisutyypit\/\",\"url\":\"https:\/\/blogs.uef.fi\/tiedonhaku-maantiede\/julkaisutyypit\/\",\"name\":\"Julkaisutyypit - Maantieteen ja ymp\u00e4rist\u00f6politiikan tiedonhaku\",\"isPartOf\":{\"@id\":\"https:\/\/blogs.uef.fi\/tiedonhaku-maantiede\/#website\"},\"primaryImageOfPage\":{\"@id\":\"https:\/\/blogs.uef.fi\/tiedonhaku-maantiede\/julkaisutyypit\/#primaryimage\"},\"image\":{\"@id\":\"https:\/\/blogs.uef.fi\/tiedonhaku-maantiede\/julkaisutyypit\/#primaryimage\"},\"thumbnailUrl\":\"https:\/\/blogs.uef.fi\/tiedonhaku-maantiede\/wp-content\/uploads\/sites\/53\/2015\/11\/soccultgeo.jpg\",\"datePublished\":\"2015-11-11T06:33:02+00:00\",\"dateModified\":\"2020-11-13T13:48:43+00:00\",\"breadcrumb\":{\"@id\":\"https:\/\/blogs.uef.fi\/tiedonhaku-maantiede\/julkaisutyypit\/#breadcrumb\"},\"inLanguage\":\"fi\",\"potentialAction\":[{\"@type\":\"ReadAction\",\"target\":[\"https:\/\/blogs.uef.fi\/tiedonhaku-maantiede\/julkaisutyypit\/\"]}]},{\"@type\":\"ImageObject\",\"inLanguage\":\"fi\",\"@id\":\"https:\/\/blogs.uef.fi\/tiedonhaku-maantiede\/julkaisutyypit\/#primaryimage\",\"url\":\"https:\/\/blogs.uef.fi\/tiedonhaku-maantiede\/wp-content\/uploads\/sites\/53\/2015\/11\/soccultgeo.jpg\",\"contentUrl\":\"https:\/\/blogs.uef.fi\/tiedonhaku-maantiede\/wp-content\/uploads\/sites\/53\/2015\/11\/soccultgeo.jpg\",\"width\":150,\"height\":197},{\"@type\":\"BreadcrumbList\",\"@id\":\"https:\/\/blogs.uef.fi\/tiedonhaku-maantiede\/julkaisutyypit\/#breadcrumb\",\"itemListElement\":[{\"@type\":\"ListItem\",\"position\":1,\"name\":\"Home\",\"item\":\"https:\/\/blogs.uef.fi\/tiedonhaku-maantiede\/\"},{\"@type\":\"ListItem\",\"position\":2,\"name\":\"Julkaisutyypit\"}]},{\"@type\":\"WebSite\",\"@id\":\"https:\/\/blogs.uef.fi\/tiedonhaku-maantiede\/#website\",\"url\":\"https:\/\/blogs.uef.fi\/tiedonhaku-maantiede\/\",\"name\":\"Maantieteen ja ymp\u00e4rist\u00f6politiikan tiedonhaku\",\"description\":\"\",\"potentialAction\":[{\"@type\":\"SearchAction\",\"target\":{\"@type\":\"EntryPoint\",\"urlTemplate\":\"https:\/\/blogs.uef.fi\/tiedonhaku-maantiede\/?s={search_term_string}\"},\"query-input\":{\"@type\":\"PropertyValueSpecification\",\"valueRequired\":true,\"valueName\":\"search_term_string\"}}],\"inLanguage\":\"fi\"}]}<\/script>\n<!-- \/ Yoast SEO plugin. -->","yoast_head_json":{"title":"Julkaisutyypit - Maantieteen ja ymp\u00e4rist\u00f6politiikan tiedonhaku","robots":{"index":"index","follow":"follow","max-snippet":"max-snippet:-1","max-image-preview":"max-image-preview:large","max-video-preview":"max-video-preview:-1"},"canonical":"https:\/\/blogs.uef.fi\/tiedonhaku-maantiede\/julkaisutyypit\/","og_locale":"fi_FI","og_type":"article","og_title":"Julkaisutyypit - Maantieteen ja ymp\u00e4rist\u00f6politiikan tiedonhaku","og_description":"Artikkelit Tieteellisen lehden (journal) sis\u00e4lt\u00f6 jakautuu yksitt\u00e4isiin artikkeleihin. Artikkeleita on kahta p\u00e4\u00e4tyyppi\u00e4: alkuper\u00e4isartikkeleita ja katsaus- eli review-artikkeleita. Alkuper\u00e4isartikkeli (original\/research paper\/article) on lyhyehk\u00f6, keskim\u00e4\u00e4rin 7-20 sivun mittainen esitys jostain kyseisen lehden tieteenalaan liittyv\u00e4st\u00e4 selke\u00e4sti rajatusta ongelmasta. Alkuper\u00e4isartikkeli sis\u00e4lt\u00e4\u00e4 joko t\u00e4ysin uusia tutkimustuloksia tai vanhojen tulosten uutta tulkintaa Pelk\u00e4st\u00e4\u00e4n alkuper\u00e4isartikkeleita lukemalla on hankalaa saada yleisk\u00e4sityst\u00e4 laajemmista aiheista [&hellip;]","og_url":"https:\/\/blogs.uef.fi\/tiedonhaku-maantiede\/julkaisutyypit\/","og_site_name":"Maantieteen ja ymp\u00e4rist\u00f6politiikan tiedonhaku","article_modified_time":"2020-11-13T13:48:43+00:00","og_image":[{"url":"https:\/\/blogs.uef.fi\/tiedonhaku-maantiede\/wp-content\/uploads\/sites\/53\/2015\/11\/soccultgeo.jpg","type":"","width":"","height":""}],"twitter_card":"summary_large_image","twitter_misc":{"Arvioitu lukuaika":"3 minuuttia"},"schema":{"@context":"https:\/\/schema.org","@graph":[{"@type":"WebPage","@id":"https:\/\/blogs.uef.fi\/tiedonhaku-maantiede\/julkaisutyypit\/","url":"https:\/\/blogs.uef.fi\/tiedonhaku-maantiede\/julkaisutyypit\/","name":"Julkaisutyypit - Maantieteen ja ymp\u00e4rist\u00f6politiikan tiedonhaku","isPartOf":{"@id":"https:\/\/blogs.uef.fi\/tiedonhaku-maantiede\/#website"},"primaryImageOfPage":{"@id":"https:\/\/blogs.uef.fi\/tiedonhaku-maantiede\/julkaisutyypit\/#primaryimage"},"image":{"@id":"https:\/\/blogs.uef.fi\/tiedonhaku-maantiede\/julkaisutyypit\/#primaryimage"},"thumbnailUrl":"https:\/\/blogs.uef.fi\/tiedonhaku-maantiede\/wp-content\/uploads\/sites\/53\/2015\/11\/soccultgeo.jpg","datePublished":"2015-11-11T06:33:02+00:00","dateModified":"2020-11-13T13:48:43+00:00","breadcrumb":{"@id":"https:\/\/blogs.uef.fi\/tiedonhaku-maantiede\/julkaisutyypit\/#breadcrumb"},"inLanguage":"fi","potentialAction":[{"@type":"ReadAction","target":["https:\/\/blogs.uef.fi\/tiedonhaku-maantiede\/julkaisutyypit\/"]}]},{"@type":"ImageObject","inLanguage":"fi","@id":"https:\/\/blogs.uef.fi\/tiedonhaku-maantiede\/julkaisutyypit\/#primaryimage","url":"https:\/\/blogs.uef.fi\/tiedonhaku-maantiede\/wp-content\/uploads\/sites\/53\/2015\/11\/soccultgeo.jpg","contentUrl":"https:\/\/blogs.uef.fi\/tiedonhaku-maantiede\/wp-content\/uploads\/sites\/53\/2015\/11\/soccultgeo.jpg","width":150,"height":197},{"@type":"BreadcrumbList","@id":"https:\/\/blogs.uef.fi\/tiedonhaku-maantiede\/julkaisutyypit\/#breadcrumb","itemListElement":[{"@type":"ListItem","position":1,"name":"Home","item":"https:\/\/blogs.uef.fi\/tiedonhaku-maantiede\/"},{"@type":"ListItem","position":2,"name":"Julkaisutyypit"}]},{"@type":"WebSite","@id":"https:\/\/blogs.uef.fi\/tiedonhaku-maantiede\/#website","url":"https:\/\/blogs.uef.fi\/tiedonhaku-maantiede\/","name":"Maantieteen ja ymp\u00e4rist\u00f6politiikan tiedonhaku","description":"","potentialAction":[{"@type":"SearchAction","target":{"@type":"EntryPoint","urlTemplate":"https:\/\/blogs.uef.fi\/tiedonhaku-maantiede\/?s={search_term_string}"},"query-input":{"@type":"PropertyValueSpecification","valueRequired":true,"valueName":"search_term_string"}}],"inLanguage":"fi"}]}},"_links":{"self":[{"href":"https:\/\/blogs.uef.fi\/tiedonhaku-maantiede\/wp-json\/wp\/v2\/pages\/18","targetHints":{"allow":["GET"]}}],"collection":[{"href":"https:\/\/blogs.uef.fi\/tiedonhaku-maantiede\/wp-json\/wp\/v2\/pages"}],"about":[{"href":"https:\/\/blogs.uef.fi\/tiedonhaku-maantiede\/wp-json\/wp\/v2\/types\/page"}],"author":[{"embeddable":true,"href":"https:\/\/blogs.uef.fi\/tiedonhaku-maantiede\/wp-json\/wp\/v2\/users\/127"}],"replies":[{"embeddable":true,"href":"https:\/\/blogs.uef.fi\/tiedonhaku-maantiede\/wp-json\/wp\/v2\/comments?post=18"}],"version-history":[{"count":2,"href":"https:\/\/blogs.uef.fi\/tiedonhaku-maantiede\/wp-json\/wp\/v2\/pages\/18\/revisions"}],"predecessor-version":[{"id":1528,"href":"https:\/\/blogs.uef.fi\/tiedonhaku-maantiede\/wp-json\/wp\/v2\/pages\/18\/revisions\/1528"}],"wp:attachment":[{"href":"https:\/\/blogs.uef.fi\/tiedonhaku-maantiede\/wp-json\/wp\/v2\/media?parent=18"}],"curies":[{"name":"wp","href":"https:\/\/api.w.org\/{rel}","templated":true}]}}