{"id":150,"date":"2015-11-11T13:41:43","date_gmt":"2015-11-11T13:41:43","guid":{"rendered":"https:\/\/ueflibrarygeo.wordpress.com\/?page_id=150"},"modified":"2023-06-27T12:21:35","modified_gmt":"2023-06-27T09:21:35","slug":"kartta-ja-paikkatietoja","status":"publish","type":"page","link":"https:\/\/blogs.uef.fi\/tiedonhaku-maantiede\/kartta-ja-paikkatietoja\/","title":{"rendered":"Kartta- ja paikkatietoja"},"content":{"rendered":"\n<p>Verkosta l\u00f6ytyy monenlaisia kartta- ja paikkatietopalveluja. Hyv\u00e4 lista aineistoista l\u00f6ytyy CSC:n sivuilta <a href=\"http:\/\/avaa.tdata.fi\/-\/paituli-paikkatietopalvelu\" target=\"_blank\" rel=\"noopener noreferrer\">PaiTulista<\/a> (linkki aukeaa uuteen ikkunaan).<\/p>\n\n\n\n<p>Kotimaiset kartat ovat k\u00e4ytett\u00e4viss\u00e4 <a href=\"http:\/\/www.maanmittauslaitos.fi\/kartat\" target=\"_blank\" rel=\"noopener noreferrer\">Maanmittauslaitoksen sivuilla<\/a> (linkki aukeaa uuteen ikkunaan).<\/p>\n\n\n\n<p>Verkosta l\u00f6ytyy useinmiten ajantasalla olevaa tietoa. Jos tarvitset vaikkapa<strong> vanhoja peruskarttoja<\/strong>, ne pit\u00e4\u00e4 hakea painetuista kokelmista. Joensuun kampuskirjaston vapaakappalekokoelmassa on vanhempia karttoja: peruskartat ym. Voit kysy\u00e4 niit\u00e4 <a href=\"https:\/\/elomake.uef.fi\/lomakkeet\/2396\/lomake.html\" target=\"_blank\" rel=\"noopener noreferrer\">lomakkeella<\/a> (linkki aukeaa uuteen ikkunaan).<\/p>\n\n\n\n<p>Joensuun kampuskirjastossa on oma kartta- ja kartastokokoelmansa. Lainattavia karttoja on hyllyss\u00e4 P 912 sek\u00e4 lukusalikarttoja hyllyss\u00e4 P L 912 (mm. historialliset kartat). Satunnaisesti muissakin hyllyiss\u00e4 on karttoja, mm. Suomen geologisia karttoja (kallioper\u00e4 ja maaper\u00e4) selityksineen hyllyss\u00e4 P 55s.<\/p>\n","protected":false},"excerpt":{"rendered":"<p>Verkosta l\u00f6ytyy monenlaisia kartta- ja paikkatietopalveluja. Hyv\u00e4 lista aineistoista l\u00f6ytyy CSC:n sivuilta PaiTulista (linkki aukeaa uuteen ikkunaan). Kotimaiset kartat ovat k\u00e4ytett\u00e4viss\u00e4 Maanmittauslaitoksen sivuilla (linkki aukeaa uuteen ikkunaan). Verkosta l\u00f6ytyy useinmiten ajantasalla olevaa tietoa. Jos tarvitset vaikkapa vanhoja peruskarttoja, ne pit\u00e4\u00e4 hakea painetuista kokelmista. Joensuun kampuskirjaston vapaakappalekokoelmassa on vanhempia karttoja: peruskartat ym. Voit kysy\u00e4 niit\u00e4 lomakkeella [&hellip;]<\/p>\n","protected":false},"author":127,"featured_media":0,"parent":0,"menu_order":0,"comment_status":"closed","ping_status":"closed","template":"","meta":{"_acf_changed":false,"footnotes":""},"class_list":["post-150","page","type-page","status-publish","hentry"],"acf":[],"yoast_head":"<!-- This site is optimized with the Yoast SEO plugin v27.1.1 - https:\/\/yoast.com\/product\/yoast-seo-wordpress\/ -->\n<title>Kartta- ja paikkatietoja - Maantieteen ja ymp\u00e4rist\u00f6politiikan tiedonhaku<\/title>\n<meta name=\"robots\" content=\"index, follow, max-snippet:-1, max-image-preview:large, max-video-preview:-1\" \/>\n<link rel=\"canonical\" href=\"https:\/\/blogs.uef.fi\/tiedonhaku-maantiede\/kartta-ja-paikkatietoja\/\" \/>\n<meta property=\"og:locale\" content=\"fi_FI\" \/>\n<meta property=\"og:type\" content=\"article\" \/>\n<meta property=\"og:title\" content=\"Kartta- ja paikkatietoja - Maantieteen ja ymp\u00e4rist\u00f6politiikan tiedonhaku\" \/>\n<meta property=\"og:description\" content=\"Verkosta l\u00f6ytyy monenlaisia kartta- ja paikkatietopalveluja. Hyv\u00e4 lista aineistoista l\u00f6ytyy CSC:n sivuilta PaiTulista (linkki aukeaa uuteen ikkunaan). Kotimaiset kartat ovat k\u00e4ytett\u00e4viss\u00e4 Maanmittauslaitoksen sivuilla (linkki aukeaa uuteen ikkunaan). Verkosta l\u00f6ytyy useinmiten ajantasalla olevaa tietoa. Jos tarvitset vaikkapa vanhoja peruskarttoja, ne pit\u00e4\u00e4 hakea painetuista kokelmista. Joensuun kampuskirjaston vapaakappalekokoelmassa on vanhempia karttoja: peruskartat ym. Voit kysy\u00e4 niit\u00e4 lomakkeella [&hellip;]\" \/>\n<meta property=\"og:url\" content=\"https:\/\/blogs.uef.fi\/tiedonhaku-maantiede\/kartta-ja-paikkatietoja\/\" \/>\n<meta property=\"og:site_name\" content=\"Maantieteen ja ymp\u00e4rist\u00f6politiikan tiedonhaku\" \/>\n<meta property=\"article:modified_time\" content=\"2023-06-27T09:21:35+00:00\" \/>\n<meta name=\"twitter:card\" content=\"summary_large_image\" \/>\n<meta name=\"twitter:label1\" content=\"Arvioitu lukuaika\" \/>\n\t<meta name=\"twitter:data1\" content=\"1 minuutti\" \/>\n<script type=\"application\/ld+json\" class=\"yoast-schema-graph\">{\"@context\":\"https:\/\/schema.org\",\"@graph\":[{\"@type\":\"WebPage\",\"@id\":\"https:\/\/blogs.uef.fi\/tiedonhaku-maantiede\/kartta-ja-paikkatietoja\/\",\"url\":\"https:\/\/blogs.uef.fi\/tiedonhaku-maantiede\/kartta-ja-paikkatietoja\/\",\"name\":\"Kartta- ja paikkatietoja - Maantieteen ja ymp\u00e4rist\u00f6politiikan tiedonhaku\",\"isPartOf\":{\"@id\":\"https:\/\/blogs.uef.fi\/tiedonhaku-maantiede\/#website\"},\"datePublished\":\"2015-11-11T13:41:43+00:00\",\"dateModified\":\"2023-06-27T09:21:35+00:00\",\"breadcrumb\":{\"@id\":\"https:\/\/blogs.uef.fi\/tiedonhaku-maantiede\/kartta-ja-paikkatietoja\/#breadcrumb\"},\"inLanguage\":\"fi\",\"potentialAction\":[{\"@type\":\"ReadAction\",\"target\":[\"https:\/\/blogs.uef.fi\/tiedonhaku-maantiede\/kartta-ja-paikkatietoja\/\"]}]},{\"@type\":\"BreadcrumbList\",\"@id\":\"https:\/\/blogs.uef.fi\/tiedonhaku-maantiede\/kartta-ja-paikkatietoja\/#breadcrumb\",\"itemListElement\":[{\"@type\":\"ListItem\",\"position\":1,\"name\":\"Home\",\"item\":\"https:\/\/blogs.uef.fi\/tiedonhaku-maantiede\/\"},{\"@type\":\"ListItem\",\"position\":2,\"name\":\"Kartta- ja paikkatietoja\"}]},{\"@type\":\"WebSite\",\"@id\":\"https:\/\/blogs.uef.fi\/tiedonhaku-maantiede\/#website\",\"url\":\"https:\/\/blogs.uef.fi\/tiedonhaku-maantiede\/\",\"name\":\"Maantieteen ja ymp\u00e4rist\u00f6politiikan tiedonhaku\",\"description\":\"\",\"potentialAction\":[{\"@type\":\"SearchAction\",\"target\":{\"@type\":\"EntryPoint\",\"urlTemplate\":\"https:\/\/blogs.uef.fi\/tiedonhaku-maantiede\/?s={search_term_string}\"},\"query-input\":{\"@type\":\"PropertyValueSpecification\",\"valueRequired\":true,\"valueName\":\"search_term_string\"}}],\"inLanguage\":\"fi\"}]}<\/script>\n<!-- \/ Yoast SEO plugin. -->","yoast_head_json":{"title":"Kartta- ja paikkatietoja - Maantieteen ja ymp\u00e4rist\u00f6politiikan tiedonhaku","robots":{"index":"index","follow":"follow","max-snippet":"max-snippet:-1","max-image-preview":"max-image-preview:large","max-video-preview":"max-video-preview:-1"},"canonical":"https:\/\/blogs.uef.fi\/tiedonhaku-maantiede\/kartta-ja-paikkatietoja\/","og_locale":"fi_FI","og_type":"article","og_title":"Kartta- ja paikkatietoja - Maantieteen ja ymp\u00e4rist\u00f6politiikan tiedonhaku","og_description":"Verkosta l\u00f6ytyy monenlaisia kartta- ja paikkatietopalveluja. Hyv\u00e4 lista aineistoista l\u00f6ytyy CSC:n sivuilta PaiTulista (linkki aukeaa uuteen ikkunaan). Kotimaiset kartat ovat k\u00e4ytett\u00e4viss\u00e4 Maanmittauslaitoksen sivuilla (linkki aukeaa uuteen ikkunaan). Verkosta l\u00f6ytyy useinmiten ajantasalla olevaa tietoa. Jos tarvitset vaikkapa vanhoja peruskarttoja, ne pit\u00e4\u00e4 hakea painetuista kokelmista. Joensuun kampuskirjaston vapaakappalekokoelmassa on vanhempia karttoja: peruskartat ym. Voit kysy\u00e4 niit\u00e4 lomakkeella [&hellip;]","og_url":"https:\/\/blogs.uef.fi\/tiedonhaku-maantiede\/kartta-ja-paikkatietoja\/","og_site_name":"Maantieteen ja ymp\u00e4rist\u00f6politiikan tiedonhaku","article_modified_time":"2023-06-27T09:21:35+00:00","twitter_card":"summary_large_image","twitter_misc":{"Arvioitu lukuaika":"1 minuutti"},"schema":{"@context":"https:\/\/schema.org","@graph":[{"@type":"WebPage","@id":"https:\/\/blogs.uef.fi\/tiedonhaku-maantiede\/kartta-ja-paikkatietoja\/","url":"https:\/\/blogs.uef.fi\/tiedonhaku-maantiede\/kartta-ja-paikkatietoja\/","name":"Kartta- ja paikkatietoja - Maantieteen ja ymp\u00e4rist\u00f6politiikan tiedonhaku","isPartOf":{"@id":"https:\/\/blogs.uef.fi\/tiedonhaku-maantiede\/#website"},"datePublished":"2015-11-11T13:41:43+00:00","dateModified":"2023-06-27T09:21:35+00:00","breadcrumb":{"@id":"https:\/\/blogs.uef.fi\/tiedonhaku-maantiede\/kartta-ja-paikkatietoja\/#breadcrumb"},"inLanguage":"fi","potentialAction":[{"@type":"ReadAction","target":["https:\/\/blogs.uef.fi\/tiedonhaku-maantiede\/kartta-ja-paikkatietoja\/"]}]},{"@type":"BreadcrumbList","@id":"https:\/\/blogs.uef.fi\/tiedonhaku-maantiede\/kartta-ja-paikkatietoja\/#breadcrumb","itemListElement":[{"@type":"ListItem","position":1,"name":"Home","item":"https:\/\/blogs.uef.fi\/tiedonhaku-maantiede\/"},{"@type":"ListItem","position":2,"name":"Kartta- ja paikkatietoja"}]},{"@type":"WebSite","@id":"https:\/\/blogs.uef.fi\/tiedonhaku-maantiede\/#website","url":"https:\/\/blogs.uef.fi\/tiedonhaku-maantiede\/","name":"Maantieteen ja ymp\u00e4rist\u00f6politiikan tiedonhaku","description":"","potentialAction":[{"@type":"SearchAction","target":{"@type":"EntryPoint","urlTemplate":"https:\/\/blogs.uef.fi\/tiedonhaku-maantiede\/?s={search_term_string}"},"query-input":{"@type":"PropertyValueSpecification","valueRequired":true,"valueName":"search_term_string"}}],"inLanguage":"fi"}]}},"_links":{"self":[{"href":"https:\/\/blogs.uef.fi\/tiedonhaku-maantiede\/wp-json\/wp\/v2\/pages\/150","targetHints":{"allow":["GET"]}}],"collection":[{"href":"https:\/\/blogs.uef.fi\/tiedonhaku-maantiede\/wp-json\/wp\/v2\/pages"}],"about":[{"href":"https:\/\/blogs.uef.fi\/tiedonhaku-maantiede\/wp-json\/wp\/v2\/types\/page"}],"author":[{"embeddable":true,"href":"https:\/\/blogs.uef.fi\/tiedonhaku-maantiede\/wp-json\/wp\/v2\/users\/127"}],"replies":[{"embeddable":true,"href":"https:\/\/blogs.uef.fi\/tiedonhaku-maantiede\/wp-json\/wp\/v2\/comments?post=150"}],"version-history":[{"count":2,"href":"https:\/\/blogs.uef.fi\/tiedonhaku-maantiede\/wp-json\/wp\/v2\/pages\/150\/revisions"}],"predecessor-version":[{"id":2056,"href":"https:\/\/blogs.uef.fi\/tiedonhaku-maantiede\/wp-json\/wp\/v2\/pages\/150\/revisions\/2056"}],"wp:attachment":[{"href":"https:\/\/blogs.uef.fi\/tiedonhaku-maantiede\/wp-json\/wp\/v2\/media?parent=150"}],"curies":[{"name":"wp","href":"https:\/\/api.w.org\/{rel}","templated":true}]}}